{"id":1847,"date":"2020-05-29T16:15:16","date_gmt":"2020-05-29T14:15:16","guid":{"rendered":"https:\/\/re-preprod-entreprendre.fr\/92\/?page_id=1847"},"modified":"2024-02-19T14:45:38","modified_gmt":"2024-02-19T13:45:38","slug":"accompagner","status":"publish","type":"page","link":"https:\/\/www.reseau-entreprendre.org\/92\/accompagner\/","title":{"rendered":"Accompagner"},"content":{"rendered":"\n<h2 class=\"wp-block-heading\"><strong>Vous souhaitez rejoindre l\u2019aventure ?<\/strong><\/h2>\n\n\n\n<div style=\"height:26px\" aria-hidden=\"true\" class=\"wp-block-spacer\"><\/div>\n\n\n\n<p><strong>\u00catre Membre b\u00e9n\u00e9vole<\/strong>, c&#8217;est appartenir \u00e0 un collectif de plus de 100 chefs d\u2019entreprises des Hauts-de-Seine et 14 000 dirigeants engag\u00e9s \u00e0 travers le monde. Vous rejoignez une communaut\u00e9 bienveillante, ambitieuse et conviviale anim\u00e9e par la passion d&#8217;entreprendre. En vous impliquant \u00e0 nos c\u00f4t\u00e9s, vous pourrez accompagner des cr\u00e9ateurs d\u2019entreprise, participer \u00e0 la r\u00e9ussite de leurs projets, transmettre votre exp\u00e9rience et votre savoir-faire.<\/p>\n\n\n\n<p><strong>Faire partie de R\u00e9seau Entreprendre 92<\/strong>, c\u2019est adh\u00e9rer \u00e0 cette vision positive du r\u00f4le des chefs d\u2019entreprise et \u00e0 cette volont\u00e9 d\u2019aider concr\u00e8tement son territoire \u00e0 se d\u00e9velopper \u00e9conomiquement. Gr\u00e2ce \u00e0 notre maillage territorial, les Membres de R\u00e9seau Entreprendre peuvent s\u2019impliquer au sein de leur communaut\u00e9 locale et cr\u00e9er des liens de confiance qui permettent cette solidarit\u00e9 remarquable.<\/p>\n\n\n\n<p><strong>Accompagner chez R\u00e9seau Entreprendre 92<\/strong>, c&#8217;est&nbsp;donner les chances de r\u00e9ussir : 9 entreprises sur 10, accompagn\u00e9es par nos b\u00e9n\u00e9voles, sont toujours en activit\u00e9 3 ans apr\u00e8s d\u00e9marrage. Chaque ann\u00e9e, plus de 70.000 heures de conseils sont accord\u00e9es gratuitement par des chefs d&#8217;entreprise, adh\u00e9rents des associations R\u00e9seau Entreprendre.<\/p>\n\n\n\n<div style=\"height:47px\" aria-hidden=\"true\" class=\"wp-block-spacer\"><\/div>\n\n\n\n<div class=\"wp-block-columns is-layout-flex wp-container-core-columns-is-layout-9d6595d7 wp-block-columns-is-layout-flex\">\n<div class=\"wp-block-column is-layout-flow wp-block-column-is-layout-flow\"><div class=\"wp-block-image\">\n<figure class=\"aligncenter size-large\"><img decoding=\"async\" src=\"https:\/\/www.reseau-entreprendre.org\/92\/wp-content\/uploads\/sites\/21\/2020\/04\/fiole.png\" alt=\"\" \/><\/figure>\n<\/div>\n\n\n<p class=\"has-text-align-center\"><strong>Partagez votre exp\u00e9rience&nbsp;<\/strong>avec les nouveaux entrepreneurs<\/p>\n<\/div>\n\n\n\n<div class=\"wp-block-column is-layout-flow wp-block-column-is-layout-flow\"><div class=\"wp-block-image\">\n<figure class=\"aligncenter size-large\"><img decoding=\"async\" src=\"https:\/\/www.reseau-entreprendre.org\/92\/wp-content\/uploads\/sites\/21\/2020\/04\/globe.png\" alt=\"\" \/><\/figure>\n<\/div>\n\n\n<p class=\"has-text-align-center\"><strong>Rejoignez un mouvement solidaire&nbsp;<\/strong>de 14 000 chefs d\u2019entreprise humanistes<\/p>\n<\/div>\n\n\n\n<div class=\"wp-block-column is-layout-flow wp-block-column-is-layout-flow\"><div class=\"wp-block-image\">\n<figure class=\"aligncenter size-large\"><img decoding=\"async\" src=\"https:\/\/www.reseau-entreprendre.org\/92\/wp-content\/uploads\/sites\/21\/2020\/04\/nuage.png\" alt=\"\" \/><\/figure>\n<\/div>\n\n\n<p class=\"has-text-align-center\"><strong>Transmettez votre passion d\u2019entreprendre&nbsp;<\/strong>en \u00e9tant dans l\u2019action et l\u2019\u00e9change<\/p>\n<\/div>\n<\/div>\n\n\n\n<div style=\"height:47px\" aria-hidden=\"true\" class=\"wp-block-spacer\"><\/div>\n\n\n\n<h2 class=\"wp-block-heading\"><strong>Une implication \u00e0 la carte<\/strong><\/h2>\n\n\n\n<div style=\"height:26px\" aria-hidden=\"true\" class=\"wp-block-spacer\"><\/div>\n\n\n\n<p>Les missions d&#8217;accompagnement sont \u00e0 la carte. Vous choisissez en fonction de vos envies et vos disponibilit\u00e9s<\/p>\n\n\n\n<div style=\"height:62px\" aria-hidden=\"true\" class=\"wp-block-spacer\"><\/div>\n\n\n<div data-block_eff75b567606c87d710b7211cad5d8af class=\"re-tabs-list aligncenter\">\n    <nav class=\"tabs__list\">\n        <div class=\"nav nav-tabs flex-column flex-sm-row justify-content-between flex-nowrap\" id=\"nav-tab\" role=\"tablist\">\n                    <button class=\"nav-link text-re-blue active\" id=\"mission1-tab\"   data-toggle=\"tab\" href=\"#mission1\" role=\"tab\" aria-controls=\"mission1\" aria-selected=\"true\">\n                Pr\u00e9parer\n            <\/button>\n                    <button class=\"nav-link text-re-blue \" id=\"mission2-tab\"   data-toggle=\"tab\" href=\"#mission2\" role=\"tab\" aria-controls=\"mission2\" aria-selected=\"false\">\n                Tester\n            <\/button>\n                    <button class=\"nav-link text-re-blue \" id=\"mission3-tab\"   data-toggle=\"tab\" href=\"#mission3\" role=\"tab\" aria-controls=\"mission3\" aria-selected=\"false\">\n                Participer\n            <\/button>\n                    <button class=\"nav-link text-re-blue \" id=\"mission4-tab\"   data-toggle=\"tab\" href=\"#mission4\" role=\"tab\" aria-controls=\"mission4\" aria-selected=\"false\">\n                Accompagner\n            <\/button>\n                <\/div>\n    <\/nav>\n    <div class=\"tab-content\" id=\"nav-tabContent\"><\/div>\n<\/div>\n\n\n\n<div class=\"wp-block-columns is-layout-flex wp-container-core-columns-is-layout-9d6595d7 wp-block-columns-is-layout-flex\">\n<div class=\"wp-block-column is-layout-flow wp-block-column-is-layout-flow\"><div class=\"re-tabs-panel alignfull\">\n  <div class=\"tab-pane fade\" id=\"mission1\" role=\"tabpanel\" aria-labelledby=\"mission1-tab\">\n    \n\n<div class=\"wp-block-group\"><div class=\"wp-block-group__inner-container is-layout-constrained wp-block-group-is-layout-constrained\">\n<h5 class=\"wp-block-heading has-re-blue-color has-text-color has-medium-font-size\" style=\"text-transform:uppercase\"><strong>Accompagner candidat<\/strong><\/h5>\n\n\n\n<div class=\"wp-block-group\"><div class=\"wp-block-group__inner-container is-layout-constrained wp-block-group-is-layout-constrained\">\n<p><strong>\u2192 DUR\u00c9E <\/strong>: 3 \u00e0 5 rdv sur 2 mois<\/p>\n\n\n\n<p><strong>\u2192 OBJECTIF<\/strong> : pr\u00e9parer au pitch et l&#8217;aider \u00e0 finaliser ses documents (Deck et FISY)<\/p>\n\n\n\n<p> <\/p>\n<\/div><\/div>\n<\/div><\/div>\n\n\n  <\/div>\n<\/div>\n<\/div>\n\n\n\n<div class=\"wp-block-column is-layout-flow wp-block-column-is-layout-flow\"><div class=\"re-tabs-panel alignfull\">\n  <div class=\"tab-pane fade\" id=\"mission2\" role=\"tabpanel\" aria-labelledby=\"mission2-tab\">\n    \n\n<div class=\"wp-block-group\"><div class=\"wp-block-group__inner-container is-layout-constrained wp-block-group-is-layout-constrained\">\n<h5 class=\"wp-block-heading has-re-blue-color has-text-color has-medium-font-size\" style=\"text-transform:uppercase\"><strong>Valider projet candidat<\/strong><\/h5>\n\n\n\n<div class=\"wp-block-group\"><div class=\"wp-block-group__inner-container is-layout-constrained wp-block-group-is-layout-constrained\">\n<p><strong>\u2192 DUR\u00c9E  <\/strong>: 1h-1h30 ponctuellement<\/p>\n\n\n\n<p><strong>\u2192 OBJECTIF<\/strong> : mettre le candidat en situation r\u00e9elle de pitch<\/p>\n\n\n\n<p> <\/p>\n<\/div><\/div>\n<\/div><\/div>\n\n\n  <\/div>\n<\/div>\n<\/div>\n\n\n\n<div class=\"wp-block-column is-layout-flow wp-block-column-is-layout-flow\"><div class=\"re-tabs-panel alignfull\">\n  <div class=\"tab-pane fade\" id=\"mission3\" role=\"tabpanel\" aria-labelledby=\"mission3-tab\">\n    \n\n<div class=\"wp-block-group\"><div class=\"wp-block-group__inner-container is-layout-constrained wp-block-group-is-layout-constrained\">\n<h5 class=\"wp-block-heading has-re-blue-color has-text-color has-medium-font-size\" style=\"text-transform:uppercase\"><strong>Comit\u00e9 d&#8217;Engagement<\/strong><\/h5>\n\n\n\n<div class=\"wp-block-group\"><div class=\"wp-block-group__inner-container is-layout-constrained wp-block-group-is-layout-constrained\">\n<p><strong>\u2192 DUR\u00c9E<\/strong> : 2h tous les mois<\/p>\n\n\n\n<p><strong>\u2192 OBJECTIF<\/strong> : Voter sur l&#8217;ad\u00e9quation Homme-projet, d\u00e9cider sur le potentiel \u00e0 devenir Laur\u00e9at<\/p>\n<\/div><\/div>\n<\/div><\/div>\n\n\n  <\/div>\n<\/div>\n<\/div>\n\n\n\n<div class=\"wp-block-column is-layout-flow wp-block-column-is-layout-flow\"><div class=\"re-tabs-panel alignfull\">\n  <div class=\"tab-pane fade\" id=\"mission4\" role=\"tabpanel\" aria-labelledby=\"mission4-tab\">\n    \n\n<div class=\"wp-block-group\"><div class=\"wp-block-group__inner-container is-layout-constrained wp-block-group-is-layout-constrained\">\n<h5 class=\"wp-block-heading has-re-blue-color has-text-color has-medium-font-size\" style=\"text-transform:uppercase\"><strong>Accompagner Laur\u00e9at<\/strong><\/h5>\n\n\n\n<div class=\"wp-block-group\"><div class=\"wp-block-group__inner-container is-layout-constrained wp-block-group-is-layout-constrained\">\n<p><strong>\u2192 DUR\u00c9E <\/strong>: 2h\/mois pendant 2 ans<\/p>\n\n\n\n<p><strong>\u2192 OBJECTIF<\/strong> : accompagner le Laur\u00e9at dans son projet de d\u00e9veloppement<\/p>\n<\/div><\/div>\n<\/div><\/div>\n\n\n  <\/div>\n<\/div>\n<\/div>\n<\/div>\n\n\n\n<div class=\"wp-block-columns is-layout-flex wp-container-core-columns-is-layout-9d6595d7 wp-block-columns-is-layout-flex\">\n<div class=\"wp-block-column is-layout-flow wp-block-column-is-layout-flow\">\n<div class=\"wp-block-buttons is-horizontal is-content-justification-center is-layout-flex wp-container-core-buttons-is-layout-499968f5 wp-block-buttons-is-layout-flex\">\n<div class=\"wp-block-button is-style-outline is-style-outline--1\"><a class=\"wp-block-button__link has-re-blue-color has-text-color wp-element-button\" href=\"https:\/\/www.reseau-entreprendre.org\/92\/wp-content\/uploads\/sites\/21\/2024\/02\/Brochure-prospection-VF.pdf\" style=\"border-radius:6px\" target=\"_blank\" rel=\"noreferrer noopener\">BROCHURE<\/a><\/div>\n<\/div>\n<\/div>\n\n\n\n<div class=\"wp-block-column is-layout-flow wp-block-column-is-layout-flow\">\n<div class=\"wp-block-buttons is-horizontal is-content-justification-center is-layout-flex wp-container-core-buttons-is-layout-499968f5 wp-block-buttons-is-layout-flex\">\n<div class=\"wp-block-button is-style-outline is-style-outline--2\"><a class=\"wp-block-button__link has-re-blue-color has-text-color wp-element-button\" href=\"https:\/\/linktr.ee\/92reseauentreprendre\" style=\"border-radius:6px\">NOUS CONTACTER<\/a><\/div>\n<\/div>\n<\/div>\n<\/div>\n\n\n\n<div style=\"height:100px\" aria-hidden=\"true\" class=\"wp-block-spacer\"><\/div>\n\n\n\n<div class=\"wp-block-columns is-layout-flex wp-container-core-columns-is-layout-9d6595d7 wp-block-columns-is-layout-flex\">\n<div class=\"wp-block-column is-layout-flow wp-block-column-is-layout-flow\">\n<figure class=\"wp-block-image size-large\"><img loading=\"lazy\" decoding=\"async\" width=\"1024\" height=\"696\" src=\"https:\/\/www.reseau-entreprendre.org\/92\/wp-content\/uploads\/sites\/21\/2021\/07\/Frise-parcours-1024x696.jpg\" alt=\"Parcours R\u00e9seau Entreprendre 92\" class=\"wp-image-2477\" srcset=\"https:\/\/www.reseau-entreprendre.org\/92\/wp-content\/uploads\/sites\/21\/2021\/07\/Frise-parcours-1024x696.jpg 1024w, https:\/\/www.reseau-entreprendre.org\/92\/wp-content\/uploads\/sites\/21\/2021\/07\/Frise-parcours-300x204.jpg 300w, https:\/\/www.reseau-entreprendre.org\/92\/wp-content\/uploads\/sites\/21\/2021\/07\/Frise-parcours-768x522.jpg 768w, https:\/\/www.reseau-entreprendre.org\/92\/wp-content\/uploads\/sites\/21\/2021\/07\/Frise-parcours-1536x1043.jpg 1536w, https:\/\/www.reseau-entreprendre.org\/92\/wp-content\/uploads\/sites\/21\/2021\/07\/Frise-parcours-2048x1391.jpg 2048w, https:\/\/www.reseau-entreprendre.org\/92\/wp-content\/uploads\/sites\/21\/2021\/07\/Frise-parcours-370x250.jpg 370w\" sizes=\"auto, (max-width: 1024px) 100vw, 1024px\" \/><\/figure>\n<\/div>\n<\/div>\n","protected":false},"excerpt":{"rendered":"<p>Vous souhaitez rejoindre l\u2019aventure ? \u00catre Membre b\u00e9n\u00e9vole, c&#8217;est appartenir<\/p>\n","protected":false},"author":21,"featured_media":0,"parent":0,"menu_order":0,"comment_status":"closed","ping_status":"closed","template":"","meta":{"_acf_changed":false,"_monsterinsights_skip_tracking":false,"_monsterinsights_sitenote_active":false,"_monsterinsights_sitenote_note":"","_monsterinsights_sitenote_category":0,"footnotes":""},"class_list":["post-1847","page","type-page","status-publish","hentry"],"acf":[],"yoast_head":"<!-- This site is optimized with the Yoast SEO plugin v27.4 - https:\/\/yoast.com\/product\/yoast-seo-wordpress\/ -->\n<title>Accompagner - R\u00e9seau Entreprendre 92<\/title>\n<meta name=\"robots\" content=\"index, follow, max-snippet:-1, max-image-preview:large, max-video-preview:-1\" \/>\n<link rel=\"canonical\" href=\"https:\/\/www.reseau-entreprendre.org\/92\/accompagner\/\" \/>\n<meta property=\"og:locale\" content=\"fr_FR\" \/>\n<meta property=\"og:type\" content=\"article\" \/>\n<meta property=\"og:title\" content=\"Accompagner - R\u00e9seau Entreprendre 92\" \/>\n<meta property=\"og:description\" content=\"Vous souhaitez rejoindre l\u2019aventure ? \u00catre Membre b\u00e9n\u00e9vole, c&#8217;est appartenir\" \/>\n<meta property=\"og:url\" content=\"https:\/\/www.reseau-entreprendre.org\/92\/accompagner\/\" \/>\n<meta property=\"og:site_name\" content=\"R\u00e9seau Entreprendre 92\" \/>\n<meta property=\"article:modified_time\" content=\"2024-02-19T13:45:38+00:00\" \/>\n<meta property=\"og:image\" content=\"https:\/\/www.reseau-entreprendre.org\/92\/wp-content\/uploads\/sites\/21\/2020\/04\/fiole.png\" \/>\n<meta name=\"twitter:card\" content=\"summary_large_image\" \/>\n<meta name=\"twitter:label1\" content=\"Dur\u00e9e de lecture estim\u00e9e\" \/>\n\t<meta name=\"twitter:data1\" content=\"3 minutes\" \/>\n<script type=\"application\/ld+json\" class=\"yoast-schema-graph\">{\"@context\":\"https:\\\/\\\/schema.org\",\"@graph\":[{\"@type\":\"WebPage\",\"@id\":\"https:\\\/\\\/www.reseau-entreprendre.org\\\/92\\\/accompagner\\\/\",\"url\":\"https:\\\/\\\/www.reseau-entreprendre.org\\\/92\\\/accompagner\\\/\",\"name\":\"Accompagner - R\u00e9seau Entreprendre 92\",\"isPartOf\":{\"@id\":\"https:\\\/\\\/www.reseau-entreprendre.org\\\/92\\\/#website\"},\"primaryImageOfPage\":{\"@id\":\"https:\\\/\\\/www.reseau-entreprendre.org\\\/92\\\/accompagner\\\/#primaryimage\"},\"image\":{\"@id\":\"https:\\\/\\\/www.reseau-entreprendre.org\\\/92\\\/accompagner\\\/#primaryimage\"},\"thumbnailUrl\":\"https:\\\/\\\/www.reseau-entreprendre.org\\\/92\\\/wp-content\\\/uploads\\\/sites\\\/21\\\/2020\\\/04\\\/fiole.png\",\"datePublished\":\"2020-05-29T14:15:16+00:00\",\"dateModified\":\"2024-02-19T13:45:38+00:00\",\"breadcrumb\":{\"@id\":\"https:\\\/\\\/www.reseau-entreprendre.org\\\/92\\\/accompagner\\\/#breadcrumb\"},\"inLanguage\":\"fr-FR\",\"potentialAction\":[{\"@type\":\"ReadAction\",\"target\":[\"https:\\\/\\\/www.reseau-entreprendre.org\\\/92\\\/accompagner\\\/\"]}]},{\"@type\":\"ImageObject\",\"inLanguage\":\"fr-FR\",\"@id\":\"https:\\\/\\\/www.reseau-entreprendre.org\\\/92\\\/accompagner\\\/#primaryimage\",\"url\":\"https:\\\/\\\/www.reseau-entreprendre.org\\\/92\\\/wp-content\\\/uploads\\\/sites\\\/21\\\/2020\\\/04\\\/fiole.png\",\"contentUrl\":\"https:\\\/\\\/www.reseau-entreprendre.org\\\/92\\\/wp-content\\\/uploads\\\/sites\\\/21\\\/2020\\\/04\\\/fiole.png\",\"width\":100,\"height\":100},{\"@type\":\"BreadcrumbList\",\"@id\":\"https:\\\/\\\/www.reseau-entreprendre.org\\\/92\\\/accompagner\\\/#breadcrumb\",\"itemListElement\":[{\"@type\":\"ListItem\",\"position\":1,\"name\":\"Accueil\",\"item\":\"https:\\\/\\\/www.reseau-entreprendre.org\\\/92\\\/\"},{\"@type\":\"ListItem\",\"position\":2,\"name\":\"Accompagner\"}]},{\"@type\":\"WebSite\",\"@id\":\"https:\\\/\\\/www.reseau-entreprendre.org\\\/92\\\/#website\",\"url\":\"https:\\\/\\\/www.reseau-entreprendre.org\\\/92\\\/\",\"name\":\"R\u00e9seau Entreprendre 92\",\"description\":\" Les sites de R\u00e9seau Entreprendre\",\"potentialAction\":[{\"@type\":\"SearchAction\",\"target\":{\"@type\":\"EntryPoint\",\"urlTemplate\":\"https:\\\/\\\/www.reseau-entreprendre.org\\\/92\\\/?s={search_term_string}\"},\"query-input\":{\"@type\":\"PropertyValueSpecification\",\"valueRequired\":true,\"valueName\":\"search_term_string\"}}],\"inLanguage\":\"fr-FR\"}]}<\/script>\n<!-- \/ Yoast SEO plugin. -->","yoast_head_json":{"title":"Accompagner - R\u00e9seau Entreprendre 92","robots":{"index":"index","follow":"follow","max-snippet":"max-snippet:-1","max-image-preview":"max-image-preview:large","max-video-preview":"max-video-preview:-1"},"canonical":"https:\/\/www.reseau-entreprendre.org\/92\/accompagner\/","og_locale":"fr_FR","og_type":"article","og_title":"Accompagner - R\u00e9seau Entreprendre 92","og_description":"Vous souhaitez rejoindre l\u2019aventure ? \u00catre Membre b\u00e9n\u00e9vole, c&#8217;est appartenir","og_url":"https:\/\/www.reseau-entreprendre.org\/92\/accompagner\/","og_site_name":"R\u00e9seau Entreprendre 92","article_modified_time":"2024-02-19T13:45:38+00:00","og_image":[{"url":"https:\/\/www.reseau-entreprendre.org\/92\/wp-content\/uploads\/sites\/21\/2020\/04\/fiole.png","type":"","width":"","height":""}],"twitter_card":"summary_large_image","twitter_misc":{"Dur\u00e9e de lecture estim\u00e9e":"3 minutes"},"schema":{"@context":"https:\/\/schema.org","@graph":[{"@type":"WebPage","@id":"https:\/\/www.reseau-entreprendre.org\/92\/accompagner\/","url":"https:\/\/www.reseau-entreprendre.org\/92\/accompagner\/","name":"Accompagner - R\u00e9seau Entreprendre 92","isPartOf":{"@id":"https:\/\/www.reseau-entreprendre.org\/92\/#website"},"primaryImageOfPage":{"@id":"https:\/\/www.reseau-entreprendre.org\/92\/accompagner\/#primaryimage"},"image":{"@id":"https:\/\/www.reseau-entreprendre.org\/92\/accompagner\/#primaryimage"},"thumbnailUrl":"https:\/\/www.reseau-entreprendre.org\/92\/wp-content\/uploads\/sites\/21\/2020\/04\/fiole.png","datePublished":"2020-05-29T14:15:16+00:00","dateModified":"2024-02-19T13:45:38+00:00","breadcrumb":{"@id":"https:\/\/www.reseau-entreprendre.org\/92\/accompagner\/#breadcrumb"},"inLanguage":"fr-FR","potentialAction":[{"@type":"ReadAction","target":["https:\/\/www.reseau-entreprendre.org\/92\/accompagner\/"]}]},{"@type":"ImageObject","inLanguage":"fr-FR","@id":"https:\/\/www.reseau-entreprendre.org\/92\/accompagner\/#primaryimage","url":"https:\/\/www.reseau-entreprendre.org\/92\/wp-content\/uploads\/sites\/21\/2020\/04\/fiole.png","contentUrl":"https:\/\/www.reseau-entreprendre.org\/92\/wp-content\/uploads\/sites\/21\/2020\/04\/fiole.png","width":100,"height":100},{"@type":"BreadcrumbList","@id":"https:\/\/www.reseau-entreprendre.org\/92\/accompagner\/#breadcrumb","itemListElement":[{"@type":"ListItem","position":1,"name":"Accueil","item":"https:\/\/www.reseau-entreprendre.org\/92\/"},{"@type":"ListItem","position":2,"name":"Accompagner"}]},{"@type":"WebSite","@id":"https:\/\/www.reseau-entreprendre.org\/92\/#website","url":"https:\/\/www.reseau-entreprendre.org\/92\/","name":"R\u00e9seau Entreprendre 92","description":" Les sites de R\u00e9seau Entreprendre","potentialAction":[{"@type":"SearchAction","target":{"@type":"EntryPoint","urlTemplate":"https:\/\/www.reseau-entreprendre.org\/92\/?s={search_term_string}"},"query-input":{"@type":"PropertyValueSpecification","valueRequired":true,"valueName":"search_term_string"}}],"inLanguage":"fr-FR"}]}},"_links":{"self":[{"href":"https:\/\/www.reseau-entreprendre.org\/92\/wp-json\/wp\/v2\/pages\/1847","targetHints":{"allow":["GET"]}}],"collection":[{"href":"https:\/\/www.reseau-entreprendre.org\/92\/wp-json\/wp\/v2\/pages"}],"about":[{"href":"https:\/\/www.reseau-entreprendre.org\/92\/wp-json\/wp\/v2\/types\/page"}],"author":[{"embeddable":true,"href":"https:\/\/www.reseau-entreprendre.org\/92\/wp-json\/wp\/v2\/users\/21"}],"replies":[{"embeddable":true,"href":"https:\/\/www.reseau-entreprendre.org\/92\/wp-json\/wp\/v2\/comments?post=1847"}],"version-history":[{"count":0,"href":"https:\/\/www.reseau-entreprendre.org\/92\/wp-json\/wp\/v2\/pages\/1847\/revisions"}],"wp:attachment":[{"href":"https:\/\/www.reseau-entreprendre.org\/92\/wp-json\/wp\/v2\/media?parent=1847"}],"curies":[{"name":"wp","href":"https:\/\/api.w.org\/{rel}","templated":true}]}}