{"id":211,"date":"2017-06-13T17:35:06","date_gmt":"2017-06-13T15:35:06","guid":{"rendered":"http:\/\/re-preprod-entreprendre.fr\/92\/?page_id=211"},"modified":"2023-08-31T17:30:06","modified_gmt":"2023-08-31T15:30:06","slug":"ils-nous-soutiennent","status":"publish","type":"page","link":"https:\/\/www.reseau-entreprendre.org\/92\/ils-nous-soutiennent\/","title":{"rendered":"Nos partenaires"},"content":{"rendered":"\n<p><\/p>\n\n\n\n<h2 class=\"wp-block-heading\"><strong>Devenir partenaire<\/strong><\/h2>\n\n\n\n<div style=\"height:37px\" aria-hidden=\"true\" class=\"wp-block-spacer\"><\/div>\n\n\n\n<p>\u00catre partenaire de R\u00e9seau Entreprendre 92 c\u2019est l\u2019invitation \u00e0 nos \u00e9v\u00e9nements tout au long de l\u2019ann\u00e9e : la F\u00eate des Entrepreneurs, les Conviviales ou encore les Clubs et Comit\u00e9s. C\u2019est aussi la possibilit\u00e9 d\u2019intervenir lors de r\u00e9unions ou d&#8217;\u00e9v\u00e9nements et ainsi de vous sensibiliser \u00e0 la vie associative.<\/p>\n\n\n\n<p>La diffusion des supports de communication est \u00e9largie. Elle touche aussi bien les Membres, les Laur\u00e9ats, les partenaires que l\u2019ensemble des acteurs \u00e9conomiques locaux et r\u00e9gionaux. Et ce par le biais de l\u2019Annuaire, de la Newsletter ou encore des retours de presse.<\/p>\n\n\n\n<p>L\u2019id\u00e9e de m\u00e9c\u00e9nat est de vous donner une visibilit\u00e9 globale de nos actions de communication mais \u00e9galement de vous donner l\u2019opportunit\u00e9 de para\u00eetre dans nos diff\u00e9rents supports (comme votre logo visible sur des Articles de fonds sur le site internet ou encore sur des plaquettes, salons ou autres&#8230;). Soyez visibles sur nos \u00e9v\u00e9nements et sur nos supports et, produisez ainsi des contenus de fonds pour valoriser vos actions.<\/p>\n\n\n\n<div style=\"height:37px\" aria-hidden=\"true\" class=\"wp-block-spacer\"><\/div>\n\n\n\n<div class=\"wp-block-buttons is-content-justification-center is-layout-flex wp-container-core-buttons-is-layout-16018d1d wp-block-buttons-is-layout-flex\">\n<div class=\"wp-block-button is-style-fill\"><a class=\"wp-block-button__link has-re-red-background-color has-background wp-element-button\" href=\"https:\/\/www.reseau-entreprendre.org\/92\/contact\/\">En savoir +<\/a><\/div>\n<\/div>\n\n\n\n<div style=\"height:37px\" aria-hidden=\"true\" class=\"wp-block-spacer\"><\/div>\n\n\n\n<hr class=\"wp-block-separator has-alpha-channel-opacity\" \/>\n\n\n\n<div style=\"height:37px\" aria-hidden=\"true\" class=\"wp-block-spacer\"><\/div>\n\n\n\n<h2 class=\"wp-block-heading\"><strong>Merci \u00e0 nos partenaires pour leur soutien !<\/strong><\/h2>\n\n\n\n<div style=\"height:37px\" aria-hidden=\"true\" class=\"wp-block-spacer\"><\/div>\n\n\n\n<p>R\u00e9seau Entreprendre b\u00e9n\u00e9ficie du soutien fid\u00e8le de partenaires, d\u00e9sireux de promouvoir la cause de l\u2019entrepreneuriat, de faciliter l\u2019acte de cr\u00e9er ou reprendre et de contribuer au d\u00e9veloppement de R\u00e9seau Entreprendre et de ses associations membres dans les r\u00e9gions.<\/p>\n\n\n\n<div style=\"height:37px\" aria-hidden=\"true\" class=\"wp-block-spacer\"><\/div>\n\n\n<div data-block_9f3827e22e983414c583ce91d67ff01c class=\"re-partners align\">\n  <\/div>\n\n\n<div data-block_0ccf5476f15632c5524f335ea3384d8b class=\"re-partners align\">\n  <\/div>\n\n\n\n<div style=\"height:39px\" aria-hidden=\"true\" class=\"wp-block-spacer\"><\/div>\n\n\n\n<hr class=\"wp-block-separator has-alpha-channel-opacity\" \/>\n\n\n\n<div style=\"height:39px\" aria-hidden=\"true\" class=\"wp-block-spacer\"><\/div>\n\n\n\n<h2 class=\"wp-block-heading\"><strong>Nous contacter<\/strong><\/h2>\n\n\n\n<div style=\"height:39px\" aria-hidden=\"true\" class=\"wp-block-spacer\"><\/div>\n\n\n<div class=\"wpforms-container wpforms-container-full wpforms-block wpforms-block-7f9535c9-108e-46cb-89e8-562ed975d247 wpforms-render-modern\" id=\"wpforms-3185\"><form id=\"wpforms-form-3185\" class=\"wpforms-validate wpforms-form wpforms-ajax-form\" data-formid=\"3185\" method=\"post\" enctype=\"multipart\/form-data\" action=\"\/92\/wp-json\/wp\/v2\/pages\/211\" data-token=\"1a85a059f7103ac2d0c0bffcfd12f24a\" data-token-time=\"1778011828\"><noscript class=\"wpforms-error-noscript\">Veuillez activer JavaScript dans votre navigateur pour remplir ce formulaire.<\/noscript><div id=\"wpforms-error-noscript\" style=\"display: none;\">Veuillez activer JavaScript dans votre navigateur pour remplir ce formulaire.<\/div><div class=\"wpforms-field-container\"><div id=\"wpforms-3185-field_6-container\" class=\"wpforms-field wpforms-field-select wpforms-field-select-style-modern\" data-field-id=\"6\"><label class=\"wpforms-field-label\" for=\"wpforms-3185-field_6\">Vous \u00eates&#8230; <span class=\"wpforms-required-label\" aria-hidden=\"true\">*<\/span><\/label><select id=\"wpforms-3185-field_6\" class=\"wpforms-field-large wpforms-field-required choicesjs-select\" data-size-class=\"wpforms-field-row wpforms-field-large\" data-search-enabled=\"\" name=\"wpforms[fields][6]\" required=\"required\"><option value=\"\" class=\"placeholder\" disabled  selected='selected'>S\u00e9lectionnez&#8230;<\/option><option value=\"Entrepreneur\"  class=\"choice-1 depth-1\"  >Entrepreneur<\/option><option value=\"Journaliste\"  class=\"choice-2 depth-1\"  >Journaliste<\/option><option value=\"Partenaire\"  class=\"choice-3 depth-1\"  >Partenaire<\/option><option value=\"Autre\"  class=\"choice-4 depth-1\"  >Autre<\/option><\/select><\/div><div id=\"wpforms-3185-field_0-container\" class=\"wpforms-field wpforms-field-name\" data-field-id=\"0\"><fieldset><legend class=\"wpforms-field-label\">Pr\u00e9nom et Nom <span class=\"wpforms-required-label\" aria-hidden=\"true\">*<\/span><\/legend><div class=\"wpforms-field-row wpforms-field-large\"><div class=\"wpforms-field-row-block wpforms-first wpforms-one-half\"><input type=\"text\" id=\"wpforms-3185-field_0\" class=\"wpforms-field-name-first wpforms-field-required\" name=\"wpforms[fields][0][first]\" aria-errormessage=\"wpforms-3185-field_0-error\" required><label for=\"wpforms-3185-field_0\" class=\"wpforms-field-sublabel after\">Pr\u00e9nom<\/label><\/div><div class=\"wpforms-field-row-block wpforms-one-half\"><input type=\"text\" id=\"wpforms-3185-field_0-last\" class=\"wpforms-field-name-last wpforms-field-required\" name=\"wpforms[fields][0][last]\" aria-errormessage=\"wpforms-3185-field_0-last-error\" required><label for=\"wpforms-3185-field_0-last\" class=\"wpforms-field-sublabel after\">Nom<\/label><\/div><\/div><\/fieldset><\/div><div id=\"wpforms-3185-field_3-container\" class=\"wpforms-field wpforms-field-layout\" data-field-id=\"3\"><div class=\"wpforms-field-layout-columns wpforms-field-layout-preset-50-50\"><div class=\"wpforms-layout-column wpforms-layout-column-50\" ><div id=\"wpforms-3185-field_1-container\" class=\"wpforms-field wpforms-field-email\" data-field-id=\"1\"><label class=\"wpforms-field-label\" for=\"wpforms-3185-field_1\">E-mail <span class=\"wpforms-required-label\" aria-hidden=\"true\">*<\/span><\/label><input type=\"email\" id=\"wpforms-3185-field_1\" class=\"wpforms-field-medium wpforms-field-required\" name=\"wpforms[fields][1]\" spellcheck=\"false\" aria-errormessage=\"wpforms-3185-field_1-error\" required><\/div><\/div><div class=\"wpforms-layout-column wpforms-layout-column-50\" ><div id=\"wpforms-3185-field_4-container\" class=\"wpforms-field wpforms-field-phone\" data-field-id=\"4\"><label class=\"wpforms-field-label\" for=\"wpforms-3185-field_4\">T\u00e9l\u00e9phone<\/label><input type=\"tel\" id=\"wpforms-3185-field_4\" class=\"wpforms-field-medium wpforms-smart-phone-field\" data-rule-smart-phone-field=\"true\" name=\"wpforms[fields][4]\" aria-label=\"T\u00e9l\u00e9phone\" aria-errormessage=\"wpforms-3185-field_4-error\" ><\/div><\/div><\/div><\/div><div id=\"wpforms-3185-field_2-container\" class=\"wpforms-field wpforms-field-textarea\" data-field-id=\"2\"><label class=\"wpforms-field-label\" for=\"wpforms-3185-field_2\">Commentaire ou message <span class=\"wpforms-required-label\" aria-hidden=\"true\">*<\/span><\/label><textarea id=\"wpforms-3185-field_2\" class=\"wpforms-field-medium wpforms-field-required\" name=\"wpforms[fields][2]\" aria-errormessage=\"wpforms-3185-field_2-error\" required><\/textarea><\/div><div id=\"wpforms-3185-field_8-container\" class=\"wpforms-field wpforms-field-gdpr-checkbox\" data-field-id=\"8\"><label class=\"wpforms-field-label wpforms-label-hide\" aria-hidden=\"false\">Accord RGPD <span class=\"wpforms-required-label\" aria-hidden=\"true\">*<\/span><\/label><ul id=\"wpforms-3185-field_8\" class=\"wpforms-field-required\"><li class=\"choice-1\"><input type=\"checkbox\" id=\"wpforms-3185-field_8_1\" name=\"wpforms[fields][8][]\" value=\"En cochant cette case, j\u2019accepte le traitement de mes donn\u00e9es par ce site, et autorise R\u00e9seau Entreprendre \u00e0 me contacter.\" aria-errormessage=\"wpforms-3185-field_8_1-error\" required ><label class=\"wpforms-field-label-inline\" for=\"wpforms-3185-field_8_1\">En cochant cette case, j\u2019accepte le traitement de mes donn\u00e9es par ce site, et autorise R\u00e9seau Entreprendre \u00e0 me contacter. <span class=\"wpforms-required-label\" aria-hidden=\"true\">*<\/span><\/label><\/li><\/ul><\/div><div id=\"wpforms-3185-field_7-container\" class=\"wpforms-field wpforms-field-content\" data-field-id=\"7\"><div id=\"wpforms-3185-field_7\" class=\"wpforms-field-large wpforms-field-row\" aria-errormessage=\"wpforms-3185-field_7-error\"><p style=\"font-size: 11px\">Les informations recueillies sur ce formulaire sont enregistr\u00e9es par R\u00e9seau Entreprendre et peuvent faire l&#8217;objet d&#8217;une simple r\u00e9ponse par mail. Elles sont conserv\u00e9es pendant 3 mois et ne font l&#8217;objet d&#8217;aucun traitement particulier ou d&#8217;envoi autre. Conform\u00e9ment \u00e0 la loi \u00ab Informatique et libert\u00e9s \u00bb puis \u00ab RGPD \u00bb au 25 mai 2018, vous pouvez exercer votre droit d\u2019acc\u00e8s aux donn\u00e9es vous concernant et les faire rectifier ou supprimer en contactant : rgpd@reseau-entreprendre.org.<\/p>\n<div class=\"wpforms-field-content-display-frontend-clear\"><\/div><\/div><\/div><div id=\"wpforms-3185-field_9-container\" class=\"wpforms-field wpforms-field-content\" data-field-id=\"9\"><div id=\"wpforms-3185-field_9\" class=\"wpforms-field-large wpforms-field-row\" aria-errormessage=\"wpforms-3185-field_9-error\"><h1 style=\"font-size: 16px\"><strong>Information de s\u00e9curit\u00e9 et probl\u00e8me d&#8217;envoi :<\/strong><\/h1>\n<p style=\"font-size: 13px\">Si vous rencontrez des difficult\u00e9s pour envoyer le formulaire, vous devez vous rendre dans les Cookies et accepter le Cookie antispam ReCaptcha. Une fois le formulaire envoy\u00e9, vous pouvez le d\u00e9cocher et continuer votre visite. Merci de votre visite. R\u00e9seau Entreprendre.<\/p>\n<div class=\"wpforms-field-content-display-frontend-clear\"><\/div><\/div><\/div><\/div><!-- .wpforms-field-container --><div class=\"wpforms-recaptcha-container wpforms-is-recaptcha wpforms-is-recaptcha-type-v3\" ><input type=\"hidden\" name=\"wpforms[recaptcha]\" value=\"\"><\/div><div class=\"wpforms-submit-container\" ><input type=\"hidden\" name=\"wpforms[id]\" value=\"3185\"><input type=\"hidden\" name=\"page_title\" value=\"\"><input type=\"hidden\" name=\"page_url\" value=\"https:\/\/www.reseau-entreprendre.org\/92\/wp-json\/wp\/v2\/pages\/211\"><input type=\"hidden\" name=\"url_referer\" value=\"\"><button type=\"submit\" name=\"wpforms[submit]\" id=\"wpforms-submit-3185\" class=\"wpforms-submit btn btn-lg btn-primary\" data-alt-text=\"Envoi...\" data-submit-text=\"Envoyer\" aria-live=\"assertive\" value=\"wpforms-submit\">Envoyer<\/button><img loading=\"lazy\" decoding=\"async\" src=\"https:\/\/www.reseau-entreprendre.org\/92\/wp-content\/plugins\/wpforms\/assets\/images\/submit-spin.svg\" class=\"wpforms-submit-spinner\" style=\"display: none;\" width=\"26\" height=\"26\" alt=\"Chargement en cours\"><\/div><\/form><\/div>  <!-- .wpforms-container -->","protected":false},"excerpt":{"rendered":"<p>Devenir partenaire \u00catre partenaire de R\u00e9seau Entreprendre 92 c\u2019est l\u2019invitation<\/p>\n","protected":false},"author":21,"featured_media":0,"parent":0,"menu_order":0,"comment_status":"closed","ping_status":"closed","template":"","meta":{"_acf_changed":false,"_monsterinsights_skip_tracking":false,"_monsterinsights_sitenote_active":false,"_monsterinsights_sitenote_note":"","_monsterinsights_sitenote_category":0,"footnotes":""},"class_list":["post-211","page","type-page","status-publish","hentry"],"acf":[],"yoast_head":"<!-- This site is optimized with the Yoast SEO plugin v27.4 - https:\/\/yoast.com\/product\/yoast-seo-wordpress\/ -->\n<title>Nos partenaires - R\u00e9seau Entreprendre 92<\/title>\n<meta name=\"robots\" content=\"index, follow, max-snippet:-1, max-image-preview:large, max-video-preview:-1\" \/>\n<link rel=\"canonical\" href=\"https:\/\/www.reseau-entreprendre.org\/92\/ils-nous-soutiennent\/\" \/>\n<meta property=\"og:locale\" content=\"fr_FR\" \/>\n<meta property=\"og:type\" content=\"article\" \/>\n<meta property=\"og:title\" content=\"Nos partenaires - R\u00e9seau Entreprendre 92\" \/>\n<meta property=\"og:description\" content=\"Devenir partenaire \u00catre partenaire de R\u00e9seau Entreprendre 92 c\u2019est l\u2019invitation\" \/>\n<meta property=\"og:url\" content=\"https:\/\/www.reseau-entreprendre.org\/92\/ils-nous-soutiennent\/\" \/>\n<meta property=\"og:site_name\" content=\"R\u00e9seau Entreprendre 92\" \/>\n<meta property=\"article:modified_time\" content=\"2023-08-31T15:30:06+00:00\" \/>\n<meta name=\"twitter:card\" content=\"summary_large_image\" \/>\n<meta name=\"twitter:label1\" content=\"Dur\u00e9e de lecture estim\u00e9e\" \/>\n\t<meta name=\"twitter:data1\" content=\"2 minutes\" \/>\n<script type=\"application\/ld+json\" class=\"yoast-schema-graph\">{\"@context\":\"https:\\\/\\\/schema.org\",\"@graph\":[{\"@type\":\"WebPage\",\"@id\":\"https:\\\/\\\/www.reseau-entreprendre.org\\\/92\\\/ils-nous-soutiennent\\\/\",\"url\":\"https:\\\/\\\/www.reseau-entreprendre.org\\\/92\\\/ils-nous-soutiennent\\\/\",\"name\":\"Nos partenaires - R\u00e9seau Entreprendre 92\",\"isPartOf\":{\"@id\":\"https:\\\/\\\/www.reseau-entreprendre.org\\\/92\\\/#website\"},\"datePublished\":\"2017-06-13T15:35:06+00:00\",\"dateModified\":\"2023-08-31T15:30:06+00:00\",\"breadcrumb\":{\"@id\":\"https:\\\/\\\/www.reseau-entreprendre.org\\\/92\\\/ils-nous-soutiennent\\\/#breadcrumb\"},\"inLanguage\":\"fr-FR\",\"potentialAction\":[{\"@type\":\"ReadAction\",\"target\":[\"https:\\\/\\\/www.reseau-entreprendre.org\\\/92\\\/ils-nous-soutiennent\\\/\"]}]},{\"@type\":\"BreadcrumbList\",\"@id\":\"https:\\\/\\\/www.reseau-entreprendre.org\\\/92\\\/ils-nous-soutiennent\\\/#breadcrumb\",\"itemListElement\":[{\"@type\":\"ListItem\",\"position\":1,\"name\":\"Accueil\",\"item\":\"https:\\\/\\\/www.reseau-entreprendre.org\\\/92\\\/\"},{\"@type\":\"ListItem\",\"position\":2,\"name\":\"Nos partenaires\"}]},{\"@type\":\"WebSite\",\"@id\":\"https:\\\/\\\/www.reseau-entreprendre.org\\\/92\\\/#website\",\"url\":\"https:\\\/\\\/www.reseau-entreprendre.org\\\/92\\\/\",\"name\":\"R\u00e9seau Entreprendre 92\",\"description\":\" Les sites de R\u00e9seau Entreprendre\",\"potentialAction\":[{\"@type\":\"SearchAction\",\"target\":{\"@type\":\"EntryPoint\",\"urlTemplate\":\"https:\\\/\\\/www.reseau-entreprendre.org\\\/92\\\/?s={search_term_string}\"},\"query-input\":{\"@type\":\"PropertyValueSpecification\",\"valueRequired\":true,\"valueName\":\"search_term_string\"}}],\"inLanguage\":\"fr-FR\"}]}<\/script>\n<!-- \/ Yoast SEO plugin. -->","yoast_head_json":{"title":"Nos partenaires - R\u00e9seau Entreprendre 92","robots":{"index":"index","follow":"follow","max-snippet":"max-snippet:-1","max-image-preview":"max-image-preview:large","max-video-preview":"max-video-preview:-1"},"canonical":"https:\/\/www.reseau-entreprendre.org\/92\/ils-nous-soutiennent\/","og_locale":"fr_FR","og_type":"article","og_title":"Nos partenaires - R\u00e9seau Entreprendre 92","og_description":"Devenir partenaire \u00catre partenaire de R\u00e9seau Entreprendre 92 c\u2019est l\u2019invitation","og_url":"https:\/\/www.reseau-entreprendre.org\/92\/ils-nous-soutiennent\/","og_site_name":"R\u00e9seau Entreprendre 92","article_modified_time":"2023-08-31T15:30:06+00:00","twitter_card":"summary_large_image","twitter_misc":{"Dur\u00e9e de lecture estim\u00e9e":"2 minutes"},"schema":{"@context":"https:\/\/schema.org","@graph":[{"@type":"WebPage","@id":"https:\/\/www.reseau-entreprendre.org\/92\/ils-nous-soutiennent\/","url":"https:\/\/www.reseau-entreprendre.org\/92\/ils-nous-soutiennent\/","name":"Nos partenaires - R\u00e9seau Entreprendre 92","isPartOf":{"@id":"https:\/\/www.reseau-entreprendre.org\/92\/#website"},"datePublished":"2017-06-13T15:35:06+00:00","dateModified":"2023-08-31T15:30:06+00:00","breadcrumb":{"@id":"https:\/\/www.reseau-entreprendre.org\/92\/ils-nous-soutiennent\/#breadcrumb"},"inLanguage":"fr-FR","potentialAction":[{"@type":"ReadAction","target":["https:\/\/www.reseau-entreprendre.org\/92\/ils-nous-soutiennent\/"]}]},{"@type":"BreadcrumbList","@id":"https:\/\/www.reseau-entreprendre.org\/92\/ils-nous-soutiennent\/#breadcrumb","itemListElement":[{"@type":"ListItem","position":1,"name":"Accueil","item":"https:\/\/www.reseau-entreprendre.org\/92\/"},{"@type":"ListItem","position":2,"name":"Nos partenaires"}]},{"@type":"WebSite","@id":"https:\/\/www.reseau-entreprendre.org\/92\/#website","url":"https:\/\/www.reseau-entreprendre.org\/92\/","name":"R\u00e9seau Entreprendre 92","description":" Les sites de R\u00e9seau Entreprendre","potentialAction":[{"@type":"SearchAction","target":{"@type":"EntryPoint","urlTemplate":"https:\/\/www.reseau-entreprendre.org\/92\/?s={search_term_string}"},"query-input":{"@type":"PropertyValueSpecification","valueRequired":true,"valueName":"search_term_string"}}],"inLanguage":"fr-FR"}]}},"_links":{"self":[{"href":"https:\/\/www.reseau-entreprendre.org\/92\/wp-json\/wp\/v2\/pages\/211","targetHints":{"allow":["GET"]}}],"collection":[{"href":"https:\/\/www.reseau-entreprendre.org\/92\/wp-json\/wp\/v2\/pages"}],"about":[{"href":"https:\/\/www.reseau-entreprendre.org\/92\/wp-json\/wp\/v2\/types\/page"}],"author":[{"embeddable":true,"href":"https:\/\/www.reseau-entreprendre.org\/92\/wp-json\/wp\/v2\/users\/21"}],"replies":[{"embeddable":true,"href":"https:\/\/www.reseau-entreprendre.org\/92\/wp-json\/wp\/v2\/comments?post=211"}],"version-history":[{"count":0,"href":"https:\/\/www.reseau-entreprendre.org\/92\/wp-json\/wp\/v2\/pages\/211\/revisions"}],"wp:attachment":[{"href":"https:\/\/www.reseau-entreprendre.org\/92\/wp-json\/wp\/v2\/media?parent=211"}],"curies":[{"name":"wp","href":"https:\/\/api.w.org\/{rel}","templated":true}]}}