{"id":3188,"date":"2023-04-25T12:45:32","date_gmt":"2023-04-25T10:45:32","guid":{"rendered":"https:\/\/www.reseau-entreprendre.org\/92\/?page_id=3188"},"modified":"2024-06-20T16:42:33","modified_gmt":"2024-06-20T14:42:33","slug":"deposer-une-demande","status":"publish","type":"page","link":"https:\/\/www.reseau-entreprendre.org\/92\/deposer-une-demande\/","title":{"rendered":"D\u00e9poser une demande"},"content":{"rendered":"\n<h2 class=\"wp-block-heading\">Faisons connaissance&#8230;<\/h2>\n\n\n\n<div class=\"wp-block-buttons has-custom-font-size has-medium-font-size is-content-justification-center is-layout-flex wp-container-core-buttons-is-layout-16018d1d wp-block-buttons-is-layout-flex\">\n<div class=\"wp-block-button is-style-fill\"><a class=\"wp-block-button__link has-re-red-background-color has-background wp-element-button\" href=\"https:\/\/airtable.com\/app1y7uzAZbhuOAzS\/pagrTfmJm7RjDQyWW\/form\" target=\"_blank\" rel=\"noreferrer noopener\">Je candidate<\/a><\/div>\n<\/div>\n\n\n<div data-block_0cdf997ccdbb85c91003851271443b9a class=\"re-highlight-type-sticker alignfull\">\n  <div class=\"sticker__wrapper d-flex text-white justify-content-center justify-content-lg-start\">\n      <div class=\"sticker\" style=\"background-color:#f34f63\">\n        <div class=\"sticker__content\">\n          <h4>Conditions d&#039;entr\u00e9e des parcours<\/h4>\n          <hr>\n          <p>\n            \n          <\/p>\n        <\/div>\n        <div class=\"mb-4\">\n          <img decoding=\"async\" src=\"https:\/\/www.reseau-entreprendre.org\/92\/wp-content\/themes\/reseau-entreprendre-v2\/dist\/images\/logo-white_a5d88e1d.png\"\/>\n        <\/div>  \n      <\/div> \n   \n  <\/div>\n\n  <div class=\"highlight-type__wrapper d-flex flex-column\">\n    <ul class=\"highlight-type__list pl-0 mb-0\">\n                        <li class=\"hightlight-item d-flex\">\n            <div class=\"hightlight-item__content\">\n                \n                <h4 style=\"color:#f34f63;\">START<\/h4>\n                            <p>&#8211; Entreprise immatricul\u00e9e dans le 92 sous forme de soci\u00e9t\u00e9<\/p>\n<p>&#8211; Depuis moins de 30 mois <\/p>\n<p>&#8211; Cr\u00e9ation de plus de 5 emplois temps plein \u00e0 3 ans <\/p>\n<p>&#8211; Besoin de financement de plus de 70K\u20ac en 1\u00e8re ann\u00e9e <\/p>\n<p>&#8211; Capital social de 10K\u20ac<\/p>\n<p>&#8211; \u00catre d\u00e9di\u00e9 \u00e0 100% sur le projet <\/p>\n<p>&#8211; Activit\u00e9s non accompagn\u00e9es : Activit\u00e9 CHR &#8211; Boutique Unique &#8211; Franchis\u00e9 &#8211; Interm\u00e9diation financi\u00e8re &#8211; Promotion immobili\u00e8re<\/p>\n<p>&#8211; Envie de s&#8217;engager aupr\u00e8s d&#8217;un r\u00e9seau de chefs d&#8217;entreprise<\/p>\n\n                                        <\/div>\n          <\/li>\n                  <li class=\"hightlight-item d-flex\">\n            <div class=\"hightlight-item__content\">\n                \n                <h4 style=\"color:#f34f63;\">BOOSTER<\/h4>\n                            <p>&#8211; Entreprise immatricul\u00e9e dans le 92 sous forme de soci\u00e9t\u00e9<\/p>\n<p>&#8211; 5 emplois \u00e0 temps plein \u00e0 date<\/p>\n<p>&#8211; Chiffre d&#8217;affaires d&#8217;au moins 500K\u20ac <\/p>\n<p>&#8211; Capital social de 10K\u20ac<\/p>\n<p>&#8211; Activit\u00e9s non accompagn\u00e9es : Activit\u00e9 CHR &#8211; Boutique Unique &#8211; Franchis\u00e9 &#8211; Interm\u00e9diation financi\u00e8re &#8211; Promotion immobili\u00e8re<\/p>\n<p>&#8211; \u00catre d\u00e9di\u00e9 \u00e0 100% sur le projet<\/p>\n<p>&#8211; Envie de s&#8217;engager aupr\u00e8s d&#8217;un r\u00e9seau de chefs d&#8217;entreprise<\/p>\n\n                                        <\/div>\n          <\/li>\n                  <li class=\"hightlight-item d-flex\">\n            <div class=\"hightlight-item__content\">\n                \n                <h4 style=\"color:#f34f63;\">AMBITION<\/h4>\n                            <p>Entreprise immatricul\u00e9e dans le 92 sous forme de soci\u00e9t\u00e9<\/p>\n<p>&#8211; 15 emplois \u00e0 temps plein \u00e0 date<\/p>\n<p>&#8211; Chiffre d&#8217;affaires d&#8217;au moins 1M\u20ac<\/p>\n<p>&#8211; \u00catre d\u00e9di\u00e9 \u00e0 100% sur le projet<\/p>\n<p>&#8211; Activit\u00e9s non accompagn\u00e9es : Activit\u00e9 CHR &#8211; Boutique Unique &#8211; Franchis\u00e9 <\/p>\n<p>&#8211; Envie de s&#8217;engager aupr\u00e8s d&#8217;un r\u00e9seau de chefs d&#8217;entreprise<\/p>\n\n                                        <\/div>\n          <\/li>\n                  <\/ul>\n    \n    <div class=\"highlight-type__nav w-100 d-flex justify-content-end  align-self-end\">\n      <div class=\"highlight-type__pagination align-self-center pr-3\">\n        <div class=\"\">\n            <span class=\"curr\" style=\"color:#f34f63;\"><\/span>\n            \/<span class=\"count\"><\/span>\n        <\/div>\n      <\/div>\n\n      <div class=\"highlight-type__prev slick-arrow text-white p-3\" style=\"background-color:#f34f63;filter: brightness(115%);\">\n        <svg class=\"icon d-block\" width=\"16\" height=\"28\" viewBox=\"0 0 16 28\" fill=\"none\" xmlns=\"http:\/\/www.w3.org\/2000\/svg\">\n<path d=\"M15 1L2 14L15 27\" stroke=\"currentColor\" stroke-width=\"1.8\"\/>\n<\/svg>      <\/div>\n      <div class=\"highlight-type__next slick-arrow text-white p-3\" style=\"background-color:#f34f63\">\n        <svg class=\"icon d-block\" width=\"16\" height=\"28\" viewBox=\"0 0 16 28\" fill=\"none\" xmlns=\"http:\/\/www.w3.org\/2000\/svg\">\n<path d=\"M1 1L14 14L1 27\" stroke=\"currentColor\" stroke-width=\"1.8\"\/>\n<\/svg>      <\/div>\n    <\/div>\n  <\/div>\n<\/div>\n","protected":false},"excerpt":{"rendered":"<p>Faisons connaissance&#8230;<\/p>\n","protected":false},"author":167,"featured_media":0,"parent":0,"menu_order":0,"comment_status":"closed","ping_status":"closed","template":"","meta":{"_acf_changed":false,"_monsterinsights_skip_tracking":false,"_monsterinsights_sitenote_active":false,"_monsterinsights_sitenote_note":"","_monsterinsights_sitenote_category":0,"footnotes":""},"class_list":["post-3188","page","type-page","status-publish","hentry"],"acf":[],"yoast_head":"<!-- This site is optimized with the Yoast SEO plugin v27.4 - https:\/\/yoast.com\/product\/yoast-seo-wordpress\/ -->\n<title>D\u00e9poser une demande - R\u00e9seau Entreprendre 92<\/title>\n<meta name=\"robots\" content=\"index, follow, max-snippet:-1, max-image-preview:large, max-video-preview:-1\" \/>\n<link rel=\"canonical\" href=\"https:\/\/www.reseau-entreprendre.org\/92\/deposer-une-demande\/\" \/>\n<meta property=\"og:locale\" content=\"fr_FR\" \/>\n<meta property=\"og:type\" content=\"article\" \/>\n<meta property=\"og:title\" content=\"D\u00e9poser une demande - R\u00e9seau Entreprendre 92\" \/>\n<meta property=\"og:description\" content=\"Faisons connaissance&#8230;\" \/>\n<meta property=\"og:url\" content=\"https:\/\/www.reseau-entreprendre.org\/92\/deposer-une-demande\/\" \/>\n<meta property=\"og:site_name\" content=\"R\u00e9seau Entreprendre 92\" \/>\n<meta property=\"article:modified_time\" content=\"2024-06-20T14:42:33+00:00\" \/>\n<meta name=\"twitter:card\" content=\"summary_large_image\" \/>\n<meta name=\"twitter:label1\" content=\"Dur\u00e9e de lecture estim\u00e9e\" \/>\n\t<meta name=\"twitter:data1\" content=\"1 minute\" \/>\n<script type=\"application\/ld+json\" class=\"yoast-schema-graph\">{\"@context\":\"https:\\\/\\\/schema.org\",\"@graph\":[{\"@type\":\"WebPage\",\"@id\":\"https:\\\/\\\/www.reseau-entreprendre.org\\\/92\\\/deposer-une-demande\\\/\",\"url\":\"https:\\\/\\\/www.reseau-entreprendre.org\\\/92\\\/deposer-une-demande\\\/\",\"name\":\"D\u00e9poser une demande - R\u00e9seau Entreprendre 92\",\"isPartOf\":{\"@id\":\"https:\\\/\\\/www.reseau-entreprendre.org\\\/92\\\/#website\"},\"datePublished\":\"2023-04-25T10:45:32+00:00\",\"dateModified\":\"2024-06-20T14:42:33+00:00\",\"breadcrumb\":{\"@id\":\"https:\\\/\\\/www.reseau-entreprendre.org\\\/92\\\/deposer-une-demande\\\/#breadcrumb\"},\"inLanguage\":\"fr-FR\",\"potentialAction\":[{\"@type\":\"ReadAction\",\"target\":[\"https:\\\/\\\/www.reseau-entreprendre.org\\\/92\\\/deposer-une-demande\\\/\"]}]},{\"@type\":\"BreadcrumbList\",\"@id\":\"https:\\\/\\\/www.reseau-entreprendre.org\\\/92\\\/deposer-une-demande\\\/#breadcrumb\",\"itemListElement\":[{\"@type\":\"ListItem\",\"position\":1,\"name\":\"Accueil\",\"item\":\"https:\\\/\\\/www.reseau-entreprendre.org\\\/92\\\/\"},{\"@type\":\"ListItem\",\"position\":2,\"name\":\"D\u00e9poser une demande\"}]},{\"@type\":\"WebSite\",\"@id\":\"https:\\\/\\\/www.reseau-entreprendre.org\\\/92\\\/#website\",\"url\":\"https:\\\/\\\/www.reseau-entreprendre.org\\\/92\\\/\",\"name\":\"R\u00e9seau Entreprendre 92\",\"description\":\" Les sites de R\u00e9seau Entreprendre\",\"potentialAction\":[{\"@type\":\"SearchAction\",\"target\":{\"@type\":\"EntryPoint\",\"urlTemplate\":\"https:\\\/\\\/www.reseau-entreprendre.org\\\/92\\\/?s={search_term_string}\"},\"query-input\":{\"@type\":\"PropertyValueSpecification\",\"valueRequired\":true,\"valueName\":\"search_term_string\"}}],\"inLanguage\":\"fr-FR\"}]}<\/script>\n<!-- \/ Yoast SEO plugin. -->","yoast_head_json":{"title":"D\u00e9poser une demande - R\u00e9seau Entreprendre 92","robots":{"index":"index","follow":"follow","max-snippet":"max-snippet:-1","max-image-preview":"max-image-preview:large","max-video-preview":"max-video-preview:-1"},"canonical":"https:\/\/www.reseau-entreprendre.org\/92\/deposer-une-demande\/","og_locale":"fr_FR","og_type":"article","og_title":"D\u00e9poser une demande - R\u00e9seau Entreprendre 92","og_description":"Faisons connaissance&#8230;","og_url":"https:\/\/www.reseau-entreprendre.org\/92\/deposer-une-demande\/","og_site_name":"R\u00e9seau Entreprendre 92","article_modified_time":"2024-06-20T14:42:33+00:00","twitter_card":"summary_large_image","twitter_misc":{"Dur\u00e9e de lecture estim\u00e9e":"1 minute"},"schema":{"@context":"https:\/\/schema.org","@graph":[{"@type":"WebPage","@id":"https:\/\/www.reseau-entreprendre.org\/92\/deposer-une-demande\/","url":"https:\/\/www.reseau-entreprendre.org\/92\/deposer-une-demande\/","name":"D\u00e9poser une demande - R\u00e9seau Entreprendre 92","isPartOf":{"@id":"https:\/\/www.reseau-entreprendre.org\/92\/#website"},"datePublished":"2023-04-25T10:45:32+00:00","dateModified":"2024-06-20T14:42:33+00:00","breadcrumb":{"@id":"https:\/\/www.reseau-entreprendre.org\/92\/deposer-une-demande\/#breadcrumb"},"inLanguage":"fr-FR","potentialAction":[{"@type":"ReadAction","target":["https:\/\/www.reseau-entreprendre.org\/92\/deposer-une-demande\/"]}]},{"@type":"BreadcrumbList","@id":"https:\/\/www.reseau-entreprendre.org\/92\/deposer-une-demande\/#breadcrumb","itemListElement":[{"@type":"ListItem","position":1,"name":"Accueil","item":"https:\/\/www.reseau-entreprendre.org\/92\/"},{"@type":"ListItem","position":2,"name":"D\u00e9poser une demande"}]},{"@type":"WebSite","@id":"https:\/\/www.reseau-entreprendre.org\/92\/#website","url":"https:\/\/www.reseau-entreprendre.org\/92\/","name":"R\u00e9seau Entreprendre 92","description":" Les sites de R\u00e9seau Entreprendre","potentialAction":[{"@type":"SearchAction","target":{"@type":"EntryPoint","urlTemplate":"https:\/\/www.reseau-entreprendre.org\/92\/?s={search_term_string}"},"query-input":{"@type":"PropertyValueSpecification","valueRequired":true,"valueName":"search_term_string"}}],"inLanguage":"fr-FR"}]}},"_links":{"self":[{"href":"https:\/\/www.reseau-entreprendre.org\/92\/wp-json\/wp\/v2\/pages\/3188","targetHints":{"allow":["GET"]}}],"collection":[{"href":"https:\/\/www.reseau-entreprendre.org\/92\/wp-json\/wp\/v2\/pages"}],"about":[{"href":"https:\/\/www.reseau-entreprendre.org\/92\/wp-json\/wp\/v2\/types\/page"}],"author":[{"embeddable":true,"href":"https:\/\/www.reseau-entreprendre.org\/92\/wp-json\/wp\/v2\/users\/167"}],"replies":[{"embeddable":true,"href":"https:\/\/www.reseau-entreprendre.org\/92\/wp-json\/wp\/v2\/comments?post=3188"}],"version-history":[{"count":0,"href":"https:\/\/www.reseau-entreprendre.org\/92\/wp-json\/wp\/v2\/pages\/3188\/revisions"}],"wp:attachment":[{"href":"https:\/\/www.reseau-entreprendre.org\/92\/wp-json\/wp\/v2\/media?parent=3188"}],"curies":[{"name":"wp","href":"https:\/\/api.w.org\/{rel}","templated":true}]}}