{"id":211,"date":"2017-06-13T17:35:06","date_gmt":"2017-06-13T15:35:06","guid":{"rendered":"http:\/\/re-preprod-entreprendre.fr\/93\/?page_id=211"},"modified":"2025-07-24T13:43:13","modified_gmt":"2025-07-24T11:43:13","slug":"ils-nous-soutiennent","status":"publish","type":"page","link":"https:\/\/www.reseau-entreprendre.org\/93\/ils-nous-soutiennent\/","title":{"rendered":"Ils nous soutiennent"},"content":{"rendered":"\n<h2 class=\"wp-block-heading\">Merci \u00e0 tous ceux qui nous soutiennent !<\/h2>\n\n\n\n<p>R\u00e9seau Entreprendre 93 b\u00e9n\u00e9ficie du soutien fid\u00e8le de partenaires, d\u00e9sireux de promouvoir la cause de l\u2019entrepreneuriat, de faciliter l\u2019acte de cr\u00e9er ou reprendre et de contribuer au d\u00e9veloppement de R\u00e9seau Entreprendre et de ses associations membres dans les r\u00e9gions.<\/p>\n\n\n<div data-block_1112e51b10c6df74ddf7d1676aca13b5 class=\"re-partners alignauto\">\n  <\/div>\n\n\n\n<p><\/p>\n","protected":false},"excerpt":{"rendered":"<p>Merci \u00e0 tous ceux qui nous soutiennent ! R\u00e9seau Entreprendre<\/p>\n","protected":false},"author":22,"featured_media":1261,"parent":0,"menu_order":0,"comment_status":"closed","ping_status":"closed","template":"","meta":{"_acf_changed":false,"_monsterinsights_skip_tracking":false,"_monsterinsights_sitenote_active":false,"_monsterinsights_sitenote_note":"","_monsterinsights_sitenote_category":0,"footnotes":""},"class_list":["post-211","page","type-page","status-publish","has-post-thumbnail","hentry"],"acf":[],"yoast_head":"<!-- This site is optimized with the Yoast SEO plugin v27.4 - https:\/\/yoast.com\/product\/yoast-seo-wordpress\/ -->\n<title>Ils nous soutiennent - R\u00e9seau Entreprendre 93<\/title>\n<meta name=\"robots\" content=\"index, follow, max-snippet:-1, max-image-preview:large, max-video-preview:-1\" \/>\n<link rel=\"canonical\" href=\"https:\/\/www.reseau-entreprendre.org\/93\/ils-nous-soutiennent\/\" \/>\n<meta property=\"og:locale\" content=\"fr_FR\" \/>\n<meta property=\"og:type\" content=\"article\" \/>\n<meta property=\"og:title\" content=\"Ils nous soutiennent - R\u00e9seau Entreprendre 93\" \/>\n<meta property=\"og:description\" content=\"Merci \u00e0 tous ceux qui nous soutiennent ! R\u00e9seau Entreprendre\" \/>\n<meta property=\"og:url\" content=\"https:\/\/www.reseau-entreprendre.org\/93\/ils-nous-soutiennent\/\" \/>\n<meta property=\"og:site_name\" content=\"R\u00e9seau Entreprendre 93\" \/>\n<meta property=\"article:modified_time\" content=\"2025-07-24T11:43:13+00:00\" \/>\n<meta property=\"og:image\" content=\"https:\/\/www.reseau-entreprendre.org\/93\/wp-content\/uploads\/sites\/22\/2018\/06\/Nos-partenaires.jpg\" \/>\n\t<meta property=\"og:image:width\" content=\"1140\" \/>\n\t<meta property=\"og:image:height\" content=\"307\" \/>\n\t<meta property=\"og:image:type\" content=\"image\/jpeg\" \/>\n<meta name=\"twitter:card\" content=\"summary_large_image\" \/>\n<meta name=\"twitter:label1\" content=\"Dur\u00e9e de lecture estim\u00e9e\" \/>\n\t<meta name=\"twitter:data1\" content=\"1 minute\" \/>\n<script type=\"application\/ld+json\" class=\"yoast-schema-graph\">{\"@context\":\"https:\\\/\\\/schema.org\",\"@graph\":[{\"@type\":\"WebPage\",\"@id\":\"https:\\\/\\\/www.reseau-entreprendre.org\\\/93\\\/ils-nous-soutiennent\\\/\",\"url\":\"https:\\\/\\\/www.reseau-entreprendre.org\\\/93\\\/ils-nous-soutiennent\\\/\",\"name\":\"Ils nous soutiennent - R\u00e9seau Entreprendre 93\",\"isPartOf\":{\"@id\":\"https:\\\/\\\/www.reseau-entreprendre.org\\\/93\\\/#website\"},\"primaryImageOfPage\":{\"@id\":\"https:\\\/\\\/www.reseau-entreprendre.org\\\/93\\\/ils-nous-soutiennent\\\/#primaryimage\"},\"image\":{\"@id\":\"https:\\\/\\\/www.reseau-entreprendre.org\\\/93\\\/ils-nous-soutiennent\\\/#primaryimage\"},\"thumbnailUrl\":\"https:\\\/\\\/www.reseau-entreprendre.org\\\/93\\\/wp-content\\\/uploads\\\/sites\\\/22\\\/2018\\\/06\\\/Nos-partenaires.jpg\",\"datePublished\":\"2017-06-13T15:35:06+00:00\",\"dateModified\":\"2025-07-24T11:43:13+00:00\",\"breadcrumb\":{\"@id\":\"https:\\\/\\\/www.reseau-entreprendre.org\\\/93\\\/ils-nous-soutiennent\\\/#breadcrumb\"},\"inLanguage\":\"fr-FR\",\"potentialAction\":[{\"@type\":\"ReadAction\",\"target\":[\"https:\\\/\\\/www.reseau-entreprendre.org\\\/93\\\/ils-nous-soutiennent\\\/\"]}]},{\"@type\":\"ImageObject\",\"inLanguage\":\"fr-FR\",\"@id\":\"https:\\\/\\\/www.reseau-entreprendre.org\\\/93\\\/ils-nous-soutiennent\\\/#primaryimage\",\"url\":\"https:\\\/\\\/www.reseau-entreprendre.org\\\/93\\\/wp-content\\\/uploads\\\/sites\\\/22\\\/2018\\\/06\\\/Nos-partenaires.jpg\",\"contentUrl\":\"https:\\\/\\\/www.reseau-entreprendre.org\\\/93\\\/wp-content\\\/uploads\\\/sites\\\/22\\\/2018\\\/06\\\/Nos-partenaires.jpg\",\"width\":1140,\"height\":307},{\"@type\":\"BreadcrumbList\",\"@id\":\"https:\\\/\\\/www.reseau-entreprendre.org\\\/93\\\/ils-nous-soutiennent\\\/#breadcrumb\",\"itemListElement\":[{\"@type\":\"ListItem\",\"position\":1,\"name\":\"Accueil\",\"item\":\"https:\\\/\\\/www.reseau-entreprendre.org\\\/93\\\/\"},{\"@type\":\"ListItem\",\"position\":2,\"name\":\"Ils nous soutiennent\"}]},{\"@type\":\"WebSite\",\"@id\":\"https:\\\/\\\/www.reseau-entreprendre.org\\\/93\\\/#website\",\"url\":\"https:\\\/\\\/www.reseau-entreprendre.org\\\/93\\\/\",\"name\":\"R\u00e9seau Entreprendre 93\",\"description\":\"Un site utilisant Les sites de R\u00e9seau Entreprendre\",\"potentialAction\":[{\"@type\":\"SearchAction\",\"target\":{\"@type\":\"EntryPoint\",\"urlTemplate\":\"https:\\\/\\\/www.reseau-entreprendre.org\\\/93\\\/?s={search_term_string}\"},\"query-input\":{\"@type\":\"PropertyValueSpecification\",\"valueRequired\":true,\"valueName\":\"search_term_string\"}}],\"inLanguage\":\"fr-FR\"}]}<\/script>\n<!-- \/ Yoast SEO plugin. -->","yoast_head_json":{"title":"Ils nous soutiennent - R\u00e9seau Entreprendre 93","robots":{"index":"index","follow":"follow","max-snippet":"max-snippet:-1","max-image-preview":"max-image-preview:large","max-video-preview":"max-video-preview:-1"},"canonical":"https:\/\/www.reseau-entreprendre.org\/93\/ils-nous-soutiennent\/","og_locale":"fr_FR","og_type":"article","og_title":"Ils nous soutiennent - R\u00e9seau Entreprendre 93","og_description":"Merci \u00e0 tous ceux qui nous soutiennent ! R\u00e9seau Entreprendre","og_url":"https:\/\/www.reseau-entreprendre.org\/93\/ils-nous-soutiennent\/","og_site_name":"R\u00e9seau Entreprendre 93","article_modified_time":"2025-07-24T11:43:13+00:00","og_image":[{"width":1140,"height":307,"url":"https:\/\/www.reseau-entreprendre.org\/93\/wp-content\/uploads\/sites\/22\/2018\/06\/Nos-partenaires.jpg","type":"image\/jpeg"}],"twitter_card":"summary_large_image","twitter_misc":{"Dur\u00e9e de lecture estim\u00e9e":"1 minute"},"schema":{"@context":"https:\/\/schema.org","@graph":[{"@type":"WebPage","@id":"https:\/\/www.reseau-entreprendre.org\/93\/ils-nous-soutiennent\/","url":"https:\/\/www.reseau-entreprendre.org\/93\/ils-nous-soutiennent\/","name":"Ils nous soutiennent - R\u00e9seau Entreprendre 93","isPartOf":{"@id":"https:\/\/www.reseau-entreprendre.org\/93\/#website"},"primaryImageOfPage":{"@id":"https:\/\/www.reseau-entreprendre.org\/93\/ils-nous-soutiennent\/#primaryimage"},"image":{"@id":"https:\/\/www.reseau-entreprendre.org\/93\/ils-nous-soutiennent\/#primaryimage"},"thumbnailUrl":"https:\/\/www.reseau-entreprendre.org\/93\/wp-content\/uploads\/sites\/22\/2018\/06\/Nos-partenaires.jpg","datePublished":"2017-06-13T15:35:06+00:00","dateModified":"2025-07-24T11:43:13+00:00","breadcrumb":{"@id":"https:\/\/www.reseau-entreprendre.org\/93\/ils-nous-soutiennent\/#breadcrumb"},"inLanguage":"fr-FR","potentialAction":[{"@type":"ReadAction","target":["https:\/\/www.reseau-entreprendre.org\/93\/ils-nous-soutiennent\/"]}]},{"@type":"ImageObject","inLanguage":"fr-FR","@id":"https:\/\/www.reseau-entreprendre.org\/93\/ils-nous-soutiennent\/#primaryimage","url":"https:\/\/www.reseau-entreprendre.org\/93\/wp-content\/uploads\/sites\/22\/2018\/06\/Nos-partenaires.jpg","contentUrl":"https:\/\/www.reseau-entreprendre.org\/93\/wp-content\/uploads\/sites\/22\/2018\/06\/Nos-partenaires.jpg","width":1140,"height":307},{"@type":"BreadcrumbList","@id":"https:\/\/www.reseau-entreprendre.org\/93\/ils-nous-soutiennent\/#breadcrumb","itemListElement":[{"@type":"ListItem","position":1,"name":"Accueil","item":"https:\/\/www.reseau-entreprendre.org\/93\/"},{"@type":"ListItem","position":2,"name":"Ils nous soutiennent"}]},{"@type":"WebSite","@id":"https:\/\/www.reseau-entreprendre.org\/93\/#website","url":"https:\/\/www.reseau-entreprendre.org\/93\/","name":"R\u00e9seau Entreprendre 93","description":"Un site utilisant Les sites de R\u00e9seau Entreprendre","potentialAction":[{"@type":"SearchAction","target":{"@type":"EntryPoint","urlTemplate":"https:\/\/www.reseau-entreprendre.org\/93\/?s={search_term_string}"},"query-input":{"@type":"PropertyValueSpecification","valueRequired":true,"valueName":"search_term_string"}}],"inLanguage":"fr-FR"}]}},"_links":{"self":[{"href":"https:\/\/www.reseau-entreprendre.org\/93\/wp-json\/wp\/v2\/pages\/211","targetHints":{"allow":["GET"]}}],"collection":[{"href":"https:\/\/www.reseau-entreprendre.org\/93\/wp-json\/wp\/v2\/pages"}],"about":[{"href":"https:\/\/www.reseau-entreprendre.org\/93\/wp-json\/wp\/v2\/types\/page"}],"author":[{"embeddable":true,"href":"https:\/\/www.reseau-entreprendre.org\/93\/wp-json\/wp\/v2\/users\/22"}],"replies":[{"embeddable":true,"href":"https:\/\/www.reseau-entreprendre.org\/93\/wp-json\/wp\/v2\/comments?post=211"}],"version-history":[{"count":0,"href":"https:\/\/www.reseau-entreprendre.org\/93\/wp-json\/wp\/v2\/pages\/211\/revisions"}],"wp:featuredmedia":[{"embeddable":true,"href":"https:\/\/www.reseau-entreprendre.org\/93\/wp-json\/wp\/v2\/media\/1261"}],"wp:attachment":[{"href":"https:\/\/www.reseau-entreprendre.org\/93\/wp-json\/wp\/v2\/media?parent=211"}],"curies":[{"name":"wp","href":"https:\/\/api.w.org\/{rel}","templated":true}]}}