{"id":13,"date":"2017-04-28T12:33:34","date_gmt":"2017-04-28T10:33:34","guid":{"rendered":"http:\/\/re-preprod-entreprendre.fr\/adour\/?page_id=13"},"modified":"2025-02-27T11:50:18","modified_gmt":"2025-02-27T10:50:18","slug":"entreprendre","status":"publish","type":"page","link":"https:\/\/www.reseau-entreprendre.org\/adour\/entreprendre\/","title":{"rendered":"Entreprendre"},"content":{"rendered":"\n<p style=\"font-size:16px\"><\/p>\n\n\n\n<div class=\"wp-block-columns is-layout-flex wp-container-core-columns-is-layout-9d6595d7 wp-block-columns-is-layout-flex\">\n<div class=\"wp-block-column is-layout-flow wp-block-column-is-layout-flow\">\n<p style=\"font-size:12px\">Vous avez un projet \u00e0 potentiel de&nbsp;cr\u00e9ation d\u2019emplois&nbsp;? Rejoignez l\u2019aventure !<\/p>\n\n\n\n<p style=\"font-size:12px\"><strong>R\u00e9seau Entreprendre<\/strong>\u00ae&nbsp;Adour accompagne tout&nbsp;<strong>cr\u00e9ateur, repreneur et chef&nbsp;d\u2019entreprise<\/strong> qui souhaite<strong> contribuer \u00e0 la<\/strong>&nbsp;<strong>cr\u00e9ation d\u2019emplois&nbsp;<\/strong>sur&nbsp;<strong>son territoire, d\u00e9velopper son activit\u00e9<\/strong>&nbsp;ainsi que<strong> participer \u00e0 l\u2019\u00e9closion d\u2019un \u00e9cosyst\u00e8me local fort<\/strong>.<\/p>\n\n\n\n<p style=\"font-size:12px\">Nos crit\u00e8res d&#8217;accompagnement sont :<\/p>\n\n\n\n<ul class=\"wp-block-list\">\n<li style=\"font-size:12px\">La cr\u00e9ation ou le maintien d&#8217;au moins 5 emplois \u00e0 3 ans<\/li>\n<\/ul>\n\n\n\n<ul class=\"wp-block-list\">\n<li style=\"font-size:12px\">L&#8217;expression d&#8217;un besoin d&#8217;accompagnement avant tout humain<\/li>\n<\/ul>\n\n\n\n<ul class=\"wp-block-list\">\n<li style=\"font-size:12px\">Un apport personnel d&#8217;au moins 10 000\u20ac et un besoin en financement global <br>de minimum 70 000\u20ac<\/li>\n<\/ul>\n\n\n\n<ul class=\"wp-block-list\">\n<li style=\"font-size:12px\">La majorit\u00e9 du capital de l&#8217;entreprise d\u00e9tenue par le candidat \u00e0 l&#8217;accompagnement<\/li>\n<\/ul>\n\n\n\n<ul class=\"wp-block-list\">\n<li style=\"font-size:12px\">Le partage des valeurs du R\u00e9seau Entreprendre\u00ae Adour<\/li>\n<\/ul>\n<\/div>\n\n\n\n<div class=\"wp-block-column is-vertically-aligned-center is-layout-flow wp-block-column-is-layout-flow\"><div class=\"wp-block-image\">\n<figure class=\"aligncenter size-full is-resized\"><img loading=\"lazy\" decoding=\"async\" width=\"1024\" height=\"768\" src=\"https:\/\/www.reseau-entreprendre.org\/adour\/wp-content\/uploads\/sites\/67\/2025\/02\/cartoPlan-de-travail-1-3.png\" alt=\"\" class=\"wp-image-3205\" style=\"width:419px;height:auto\" srcset=\"https:\/\/www.reseau-entreprendre.org\/adour\/wp-content\/uploads\/sites\/67\/2025\/02\/cartoPlan-de-travail-1-3.png 1024w, https:\/\/www.reseau-entreprendre.org\/adour\/wp-content\/uploads\/sites\/67\/2025\/02\/cartoPlan-de-travail-1-3-300x225.png 300w, https:\/\/www.reseau-entreprendre.org\/adour\/wp-content\/uploads\/sites\/67\/2025\/02\/cartoPlan-de-travail-1-3-768x576.png 768w, https:\/\/www.reseau-entreprendre.org\/adour\/wp-content\/uploads\/sites\/67\/2025\/02\/cartoPlan-de-travail-1-3-173x130.png 173w, https:\/\/www.reseau-entreprendre.org\/adour\/wp-content\/uploads\/sites\/67\/2025\/02\/cartoPlan-de-travail-1-3-100x75.png 100w\" sizes=\"auto, (max-width: 1024px) 100vw, 1024px\" \/><\/figure>\n<\/div><\/div>\n<\/div>\n\n\n\n<div class=\"wp-block-columns is-layout-flex wp-container-core-columns-is-layout-9d6595d7 wp-block-columns-is-layout-flex\">\n<div class=\"wp-block-column is-layout-flow wp-block-column-is-layout-flow\"><\/div>\n\n\n\n<div class=\"wp-block-column is-layout-flow wp-block-column-is-layout-flow\"><\/div>\n<\/div>\n\n\n\n<div class=\"wp-block-columns are-vertically-aligned-center is-layout-flex wp-container-core-columns-is-layout-9d6595d7 wp-block-columns-is-layout-flex\">\n<div class=\"wp-block-column is-vertically-aligned-center is-layout-flow wp-block-column-is-layout-flow\" style=\"flex-basis:100%\"><\/div>\n<\/div>\n\n\n\n<div style=\"height:34px\" aria-hidden=\"true\" class=\"wp-block-spacer\"><\/div>\n\n\n\n<h3 class=\"wp-block-heading has-text-align-center has-re-red-color has-text-color\" id=\"nos-parcours-d-accompagnement-1\"><strong>5 valeurs fondamentales nous animent ! <\/strong><\/h3>\n\n\n\n<div style=\"height:50px\" aria-hidden=\"true\" class=\"wp-block-spacer\"><\/div>\n\n\n<div class=\"wp-block-image\">\n<figure class=\"aligncenter size-large is-resized\"><img loading=\"lazy\" decoding=\"async\" width=\"1024\" height=\"301\" src=\"https:\/\/www.reseau-entreprendre.org\/adour\/wp-content\/uploads\/sites\/67\/2022\/03\/VALEURS_2Fichier-3-1024x301.png\" alt=\"\" class=\"wp-image-2507\" style=\"width:1125px;height:auto\" srcset=\"https:\/\/www.reseau-entreprendre.org\/adour\/wp-content\/uploads\/sites\/67\/2022\/03\/VALEURS_2Fichier-3-1024x301.png 1024w, https:\/\/www.reseau-entreprendre.org\/adour\/wp-content\/uploads\/sites\/67\/2022\/03\/VALEURS_2Fichier-3-300x88.png 300w, https:\/\/www.reseau-entreprendre.org\/adour\/wp-content\/uploads\/sites\/67\/2022\/03\/VALEURS_2Fichier-3-768x226.png 768w, https:\/\/www.reseau-entreprendre.org\/adour\/wp-content\/uploads\/sites\/67\/2022\/03\/VALEURS_2Fichier-3-1536x452.png 1536w, https:\/\/www.reseau-entreprendre.org\/adour\/wp-content\/uploads\/sites\/67\/2022\/03\/VALEURS_2Fichier-3-2048x603.png 2048w, https:\/\/www.reseau-entreprendre.org\/adour\/wp-content\/uploads\/sites\/67\/2022\/03\/VALEURS_2Fichier-3-210x62.png 210w\" sizes=\"auto, (max-width: 1024px) 100vw, 1024px\" \/><\/figure>\n<\/div>\n\n\n<div style=\"height:50px\" aria-hidden=\"true\" class=\"wp-block-spacer\"><\/div>\n\n\n\n<div class=\"wp-block-buttons is-content-justification-center is-layout-flex wp-container-core-buttons-is-layout-16018d1d wp-block-buttons-is-layout-flex\">\n<div class=\"wp-block-button is-style-outline is-style-outline--1\"><a class=\"wp-block-button__link has-re-red-background-color has-background wp-element-button\" href=\"https:\/\/www.reseau-entreprendre.org\/adour\/wp-content\/uploads\/sites\/67\/2022\/03\/5_valeurs_RE.pdf\" target=\"_blank\" rel=\"noreferrer noopener\">Nos 5 valeurs fondamentales<\/a><\/div>\n<\/div>\n\n\n\n<div style=\"height:70px\" aria-hidden=\"true\" class=\"wp-block-spacer\"><\/div>\n\n\n\n<h3 class=\"wp-block-heading has-text-align-center has-re-red-color has-text-color\" id=\"nos-parcours-d-accompagnement-1\"><strong>Des parcours qui interviennent au bon moment ! <\/strong><\/h3>\n\n\n\n<div style=\"height:30px\" aria-hidden=\"true\" class=\"wp-block-spacer\"><\/div>\n\n\n\n<div class=\"wp-block-columns are-vertically-aligned-center is-layout-flex wp-container-core-columns-is-layout-9d6595d7 wp-block-columns-is-layout-flex\">\n<div class=\"wp-block-column is-vertically-aligned-center is-layout-flow wp-block-column-is-layout-flow\" style=\"flex-basis:66.66%\"><\/div>\n<\/div>\n\n\n\n<div class=\"wp-block-image is-style-default\"><figure class=\"aligncenter size-large\"><img loading=\"lazy\" decoding=\"async\" width=\"1024\" height=\"557\" src=\"https:\/\/www.reseau-entreprendre.org\/adour\/wp-content\/uploads\/sites\/67\/2022\/03\/fleches_parcoursFichier-2-1024x557.png\" alt=\"\" class=\"wp-image-2228\" srcset=\"https:\/\/www.reseau-entreprendre.org\/adour\/wp-content\/uploads\/sites\/67\/2022\/03\/fleches_parcoursFichier-2-1024x557.png 1024w, https:\/\/www.reseau-entreprendre.org\/adour\/wp-content\/uploads\/sites\/67\/2022\/03\/fleches_parcoursFichier-2-300x163.png 300w, https:\/\/www.reseau-entreprendre.org\/adour\/wp-content\/uploads\/sites\/67\/2022\/03\/fleches_parcoursFichier-2-768x418.png 768w, https:\/\/www.reseau-entreprendre.org\/adour\/wp-content\/uploads\/sites\/67\/2022\/03\/fleches_parcoursFichier-2-210x114.png 210w, https:\/\/www.reseau-entreprendre.org\/adour\/wp-content\/uploads\/sites\/67\/2022\/03\/fleches_parcoursFichier-2.png 1194w\" sizes=\"auto, (max-width: 1024px) 100vw, 1024px\" \/><\/figure><\/div>\n\n\n\n<div style=\"height:40px\" aria-hidden=\"true\" class=\"wp-block-spacer\"><\/div>\n\n\n\n<h3 class=\"wp-block-heading has-text-align-center has-re-red-color has-text-color\" id=\"nos-parcours-d-accompagnement-1\"><strong>D\u00e9couvrez nos parcours <\/strong><\/h3>\n\n\n\n<div style=\"height:56px\" aria-hidden=\"true\" class=\"wp-block-spacer\"><\/div>\n\n\n\n<div class=\"wp-block-columns is-layout-flex wp-container-core-columns-is-layout-9d6595d7 wp-block-columns-is-layout-flex\">\n<div class=\"wp-block-column is-layout-flow wp-block-column-is-layout-flow\">\n<div class=\"wp-block-columns is-layout-flex wp-container-core-columns-is-layout-9d6595d7 wp-block-columns-is-layout-flex\">\n<div class=\"wp-block-column is-layout-flow wp-block-column-is-layout-flow\"><div class=\"wp-block-image\">\n<figure class=\"aligncenter size-full\"><img loading=\"lazy\" decoding=\"async\" width=\"353\" height=\"310\" src=\"https:\/\/www.reseau-entreprendre.org\/adour\/wp-content\/uploads\/sites\/67\/2022\/03\/parcours_startFichier-3.png\" alt=\"\" class=\"wp-image-2380\" srcset=\"https:\/\/www.reseau-entreprendre.org\/adour\/wp-content\/uploads\/sites\/67\/2022\/03\/parcours_startFichier-3.png 353w, https:\/\/www.reseau-entreprendre.org\/adour\/wp-content\/uploads\/sites\/67\/2022\/03\/parcours_startFichier-3-300x263.png 300w, https:\/\/www.reseau-entreprendre.org\/adour\/wp-content\/uploads\/sites\/67\/2022\/03\/parcours_startFichier-3-148x130.png 148w\" sizes=\"auto, (max-width: 353px) 100vw, 353px\" \/><\/figure>\n<\/div>\n\n\n<p class=\"has-text-align-center\">Cr\u00e9ation et <\/p>\n\n\n\n<p class=\"has-text-align-center\">reprise d&#8217;entreprise<\/p>\n\n\n\n<p><\/p>\n\n\n\n<div class=\"wp-block-buttons is-content-justification-center is-layout-flex wp-container-core-buttons-is-layout-16018d1d wp-block-buttons-is-layout-flex\">\n<div class=\"wp-block-button is-style-outline is-style-outline--2\"><a class=\"wp-block-button__link has-re-red-background-color has-background wp-element-button\" href=\"https:\/\/www.reseau-entreprendre.org\/adour\/wp-content\/uploads\/sites\/67\/2022\/03\/START-1-1.pdf\" target=\"_blank\" rel=\"noreferrer noopener\">En savoir +<\/a><\/div>\n<\/div>\n<\/div>\n\n\n\n<div class=\"wp-block-column is-layout-flow wp-block-column-is-layout-flow\"><div class=\"wp-block-image\">\n<figure class=\"aligncenter size-full\"><img loading=\"lazy\" decoding=\"async\" width=\"354\" height=\"310\" src=\"https:\/\/www.reseau-entreprendre.org\/adour\/wp-content\/uploads\/sites\/67\/2022\/03\/parcours_boosterFichier-2.png\" alt=\"\" class=\"wp-image-2379\" srcset=\"https:\/\/www.reseau-entreprendre.org\/adour\/wp-content\/uploads\/sites\/67\/2022\/03\/parcours_boosterFichier-2.png 354w, https:\/\/www.reseau-entreprendre.org\/adour\/wp-content\/uploads\/sites\/67\/2022\/03\/parcours_boosterFichier-2-300x263.png 300w, https:\/\/www.reseau-entreprendre.org\/adour\/wp-content\/uploads\/sites\/67\/2022\/03\/parcours_boosterFichier-2-148x130.png 148w\" sizes=\"auto, (max-width: 354px) 100vw, 354px\" \/><\/figure>\n<\/div>\n\n\n<p class=\"has-text-align-center\">Soutenir la croissance et<\/p>\n\n\n\n<p class=\"has-text-align-center\">le d\u00e9veloppement des entreprises<\/p>\n\n\n\n<div class=\"wp-block-buttons is-content-justification-center is-layout-flex wp-container-core-buttons-is-layout-16018d1d wp-block-buttons-is-layout-flex\">\n<div class=\"wp-block-button is-style-outline is-style-outline--3\"><a class=\"wp-block-button__link has-re-red-background-color has-background wp-element-button\" href=\"https:\/\/www.reseau-entreprendre.org\/adour\/wp-content\/uploads\/sites\/67\/2022\/03\/BOOSTER-1.pdf\" target=\"_blank\" rel=\"noreferrer noopener\">En savoir +<\/a><\/div>\n<\/div>\n<\/div>\n<\/div>\n<\/div>\n<\/div>\n\n\n\n<div class=\"wp-block-columns is-layout-flex wp-container-core-columns-is-layout-9d6595d7 wp-block-columns-is-layout-flex\">\n<div class=\"wp-block-column is-layout-flow wp-block-column-is-layout-flow\" style=\"flex-basis:66.66%\">\n<h3 class=\"wp-block-heading\" id=\"vous-voulez-en-savoir-plus-sur-l-accompagnement-propose-par-reseau-entreprendre-adour-1\" style=\"font-size:30px\">Vous voulez en savoir plus sur l&#8217;accompagnement propos\u00e9 par R\u00e9seau Entreprendre\u00ae Adour ? <\/h3>\n<\/div>\n\n\n\n<div class=\"wp-block-column is-layout-flow wp-block-column-is-layout-flow\" style=\"flex-basis:33.33%\">\n<div class=\"wp-block-buttons is-layout-flex wp-block-buttons-is-layout-flex\">\n<div class=\"wp-block-button is-style-outline aligncenter is-style-outline--4\"><a class=\"wp-block-button__link has-re-red-background-color has-background wp-element-button\" href=\"https:\/\/www.reseau-entreprendre.org\/fr\/entreprendre\/formulaire-porteur-projet\/\" target=\"_blank\" rel=\"noreferrer noopener\">Contactez-nous !<\/a><\/div>\n<\/div>\n<\/div>\n<\/div>\n\n\n\n<div style=\"height:40px\" aria-hidden=\"true\" class=\"wp-block-spacer\"><\/div>\n\n\n\n<p><\/p>\n","protected":false},"excerpt":{"rendered":"<p>Vous avez un projet \u00e0 potentiel de&nbsp;cr\u00e9ation d\u2019emplois&nbsp;? Rejoignez l\u2019aventure<\/p>\n","protected":false},"author":73,"featured_media":0,"parent":0,"menu_order":0,"comment_status":"closed","ping_status":"closed","template":"","meta":{"_acf_changed":false,"_monsterinsights_skip_tracking":false,"_monsterinsights_sitenote_active":false,"_monsterinsights_sitenote_note":"","_monsterinsights_sitenote_category":0,"footnotes":""},"class_list":["post-13","page","type-page","status-publish","hentry"],"acf":[],"yoast_head":"<!-- This site is optimized with the Yoast SEO plugin v27.3 - https:\/\/yoast.com\/product\/yoast-seo-wordpress\/ -->\n<title>Entreprendre | Reseau Entreprendre Adour<\/title>\n<meta name=\"description\" content=\"Vous avez un projet de cr\u00e9ation d&#039;entreprise ? R\u00e9seau Entreprendre Adour vous accompagne gratuitement et dans la dur\u00e9e\" \/>\n<meta name=\"robots\" content=\"index, follow, max-snippet:-1, max-image-preview:large, max-video-preview:-1\" \/>\n<link rel=\"canonical\" href=\"https:\/\/www.reseau-entreprendre.org\/adour\/entreprendre\/\" \/>\n<meta property=\"og:locale\" content=\"fr_FR\" \/>\n<meta property=\"og:type\" content=\"article\" \/>\n<meta property=\"og:title\" content=\"Entreprendre | Reseau Entreprendre Adour\" \/>\n<meta property=\"og:description\" content=\"Vous avez un projet de cr\u00e9ation d&#039;entreprise ? R\u00e9seau Entreprendre Adour vous accompagne gratuitement et dans la dur\u00e9e\" \/>\n<meta property=\"og:url\" content=\"https:\/\/www.reseau-entreprendre.org\/adour\/entreprendre\/\" \/>\n<meta property=\"og:site_name\" content=\"R\u00e9seau Entreprendre\u00ae Adour\" \/>\n<meta property=\"article:modified_time\" content=\"2025-02-27T10:50:18+00:00\" \/>\n<meta property=\"og:image\" content=\"https:\/\/www.reseau-entreprendre.org\/adour\/wp-content\/uploads\/sites\/67\/2025\/02\/cartoPlan-de-travail-1-3.png\" \/>\n\t<meta property=\"og:image:width\" content=\"1024\" \/>\n\t<meta property=\"og:image:height\" content=\"768\" \/>\n\t<meta property=\"og:image:type\" content=\"image\/png\" \/>\n<meta name=\"twitter:card\" content=\"summary_large_image\" \/>\n<meta name=\"twitter:label1\" content=\"Dur\u00e9e de lecture estim\u00e9e\" \/>\n\t<meta name=\"twitter:data1\" content=\"2 minutes\" \/>\n<script type=\"application\/ld+json\" class=\"yoast-schema-graph\">{\"@context\":\"https:\\\/\\\/schema.org\",\"@graph\":[{\"@type\":\"WebPage\",\"@id\":\"https:\\\/\\\/www.reseau-entreprendre.org\\\/adour\\\/entreprendre\\\/\",\"url\":\"https:\\\/\\\/www.reseau-entreprendre.org\\\/adour\\\/entreprendre\\\/\",\"name\":\"Entreprendre | Reseau Entreprendre Adour\",\"isPartOf\":{\"@id\":\"https:\\\/\\\/www.reseau-entreprendre.org\\\/adour\\\/#website\"},\"primaryImageOfPage\":{\"@id\":\"https:\\\/\\\/www.reseau-entreprendre.org\\\/adour\\\/entreprendre\\\/#primaryimage\"},\"image\":{\"@id\":\"https:\\\/\\\/www.reseau-entreprendre.org\\\/adour\\\/entreprendre\\\/#primaryimage\"},\"thumbnailUrl\":\"https:\\\/\\\/www.reseau-entreprendre.org\\\/adour\\\/wp-content\\\/uploads\\\/sites\\\/67\\\/2025\\\/02\\\/cartoPlan-de-travail-1-3.png\",\"datePublished\":\"2017-04-28T10:33:34+00:00\",\"dateModified\":\"2025-02-27T10:50:18+00:00\",\"description\":\"Vous avez un projet de cr\u00e9ation d'entreprise ? R\u00e9seau Entreprendre Adour vous accompagne gratuitement et dans la dur\u00e9e\",\"breadcrumb\":{\"@id\":\"https:\\\/\\\/www.reseau-entreprendre.org\\\/adour\\\/entreprendre\\\/#breadcrumb\"},\"inLanguage\":\"fr-FR\",\"potentialAction\":[{\"@type\":\"ReadAction\",\"target\":[\"https:\\\/\\\/www.reseau-entreprendre.org\\\/adour\\\/entreprendre\\\/\"]}]},{\"@type\":\"ImageObject\",\"inLanguage\":\"fr-FR\",\"@id\":\"https:\\\/\\\/www.reseau-entreprendre.org\\\/adour\\\/entreprendre\\\/#primaryimage\",\"url\":\"https:\\\/\\\/www.reseau-entreprendre.org\\\/adour\\\/wp-content\\\/uploads\\\/sites\\\/67\\\/2025\\\/02\\\/cartoPlan-de-travail-1-3.png\",\"contentUrl\":\"https:\\\/\\\/www.reseau-entreprendre.org\\\/adour\\\/wp-content\\\/uploads\\\/sites\\\/67\\\/2025\\\/02\\\/cartoPlan-de-travail-1-3.png\",\"width\":1024,\"height\":768},{\"@type\":\"BreadcrumbList\",\"@id\":\"https:\\\/\\\/www.reseau-entreprendre.org\\\/adour\\\/entreprendre\\\/#breadcrumb\",\"itemListElement\":[{\"@type\":\"ListItem\",\"position\":1,\"name\":\"Accueil\",\"item\":\"https:\\\/\\\/www.reseau-entreprendre.org\\\/adour\\\/\"},{\"@type\":\"ListItem\",\"position\":2,\"name\":\"Entreprendre\"}]},{\"@type\":\"WebSite\",\"@id\":\"https:\\\/\\\/www.reseau-entreprendre.org\\\/adour\\\/#website\",\"url\":\"https:\\\/\\\/www.reseau-entreprendre.org\\\/adour\\\/\",\"name\":\"R\u00e9seau Entreprendre\u00ae Adour\",\"description\":\"Un site utilisant Les sites de R\u00e9seau Entreprendre\u00ae\",\"potentialAction\":[{\"@type\":\"SearchAction\",\"target\":{\"@type\":\"EntryPoint\",\"urlTemplate\":\"https:\\\/\\\/www.reseau-entreprendre.org\\\/adour\\\/?s={search_term_string}\"},\"query-input\":{\"@type\":\"PropertyValueSpecification\",\"valueRequired\":true,\"valueName\":\"search_term_string\"}}],\"inLanguage\":\"fr-FR\"}]}<\/script>\n<!-- \/ Yoast SEO plugin. -->","yoast_head_json":{"title":"Entreprendre | Reseau Entreprendre Adour","description":"Vous avez un projet de cr\u00e9ation d'entreprise ? R\u00e9seau Entreprendre Adour vous accompagne gratuitement et dans la dur\u00e9e","robots":{"index":"index","follow":"follow","max-snippet":"max-snippet:-1","max-image-preview":"max-image-preview:large","max-video-preview":"max-video-preview:-1"},"canonical":"https:\/\/www.reseau-entreprendre.org\/adour\/entreprendre\/","og_locale":"fr_FR","og_type":"article","og_title":"Entreprendre | Reseau Entreprendre Adour","og_description":"Vous avez un projet de cr\u00e9ation d'entreprise ? R\u00e9seau Entreprendre Adour vous accompagne gratuitement et dans la dur\u00e9e","og_url":"https:\/\/www.reseau-entreprendre.org\/adour\/entreprendre\/","og_site_name":"R\u00e9seau Entreprendre\u00ae Adour","article_modified_time":"2025-02-27T10:50:18+00:00","og_image":[{"width":1024,"height":768,"url":"https:\/\/www.reseau-entreprendre.org\/adour\/wp-content\/uploads\/sites\/67\/2025\/02\/cartoPlan-de-travail-1-3.png","type":"image\/png"}],"twitter_card":"summary_large_image","twitter_misc":{"Dur\u00e9e de lecture estim\u00e9e":"2 minutes"},"schema":{"@context":"https:\/\/schema.org","@graph":[{"@type":"WebPage","@id":"https:\/\/www.reseau-entreprendre.org\/adour\/entreprendre\/","url":"https:\/\/www.reseau-entreprendre.org\/adour\/entreprendre\/","name":"Entreprendre | Reseau Entreprendre Adour","isPartOf":{"@id":"https:\/\/www.reseau-entreprendre.org\/adour\/#website"},"primaryImageOfPage":{"@id":"https:\/\/www.reseau-entreprendre.org\/adour\/entreprendre\/#primaryimage"},"image":{"@id":"https:\/\/www.reseau-entreprendre.org\/adour\/entreprendre\/#primaryimage"},"thumbnailUrl":"https:\/\/www.reseau-entreprendre.org\/adour\/wp-content\/uploads\/sites\/67\/2025\/02\/cartoPlan-de-travail-1-3.png","datePublished":"2017-04-28T10:33:34+00:00","dateModified":"2025-02-27T10:50:18+00:00","description":"Vous avez un projet de cr\u00e9ation d'entreprise ? R\u00e9seau Entreprendre Adour vous accompagne gratuitement et dans la dur\u00e9e","breadcrumb":{"@id":"https:\/\/www.reseau-entreprendre.org\/adour\/entreprendre\/#breadcrumb"},"inLanguage":"fr-FR","potentialAction":[{"@type":"ReadAction","target":["https:\/\/www.reseau-entreprendre.org\/adour\/entreprendre\/"]}]},{"@type":"ImageObject","inLanguage":"fr-FR","@id":"https:\/\/www.reseau-entreprendre.org\/adour\/entreprendre\/#primaryimage","url":"https:\/\/www.reseau-entreprendre.org\/adour\/wp-content\/uploads\/sites\/67\/2025\/02\/cartoPlan-de-travail-1-3.png","contentUrl":"https:\/\/www.reseau-entreprendre.org\/adour\/wp-content\/uploads\/sites\/67\/2025\/02\/cartoPlan-de-travail-1-3.png","width":1024,"height":768},{"@type":"BreadcrumbList","@id":"https:\/\/www.reseau-entreprendre.org\/adour\/entreprendre\/#breadcrumb","itemListElement":[{"@type":"ListItem","position":1,"name":"Accueil","item":"https:\/\/www.reseau-entreprendre.org\/adour\/"},{"@type":"ListItem","position":2,"name":"Entreprendre"}]},{"@type":"WebSite","@id":"https:\/\/www.reseau-entreprendre.org\/adour\/#website","url":"https:\/\/www.reseau-entreprendre.org\/adour\/","name":"R\u00e9seau Entreprendre\u00ae Adour","description":"Un site utilisant Les sites de R\u00e9seau Entreprendre\u00ae","potentialAction":[{"@type":"SearchAction","target":{"@type":"EntryPoint","urlTemplate":"https:\/\/www.reseau-entreprendre.org\/adour\/?s={search_term_string}"},"query-input":{"@type":"PropertyValueSpecification","valueRequired":true,"valueName":"search_term_string"}}],"inLanguage":"fr-FR"}]}},"_links":{"self":[{"href":"https:\/\/www.reseau-entreprendre.org\/adour\/wp-json\/wp\/v2\/pages\/13","targetHints":{"allow":["GET"]}}],"collection":[{"href":"https:\/\/www.reseau-entreprendre.org\/adour\/wp-json\/wp\/v2\/pages"}],"about":[{"href":"https:\/\/www.reseau-entreprendre.org\/adour\/wp-json\/wp\/v2\/types\/page"}],"author":[{"embeddable":true,"href":"https:\/\/www.reseau-entreprendre.org\/adour\/wp-json\/wp\/v2\/users\/73"}],"replies":[{"embeddable":true,"href":"https:\/\/www.reseau-entreprendre.org\/adour\/wp-json\/wp\/v2\/comments?post=13"}],"version-history":[{"count":0,"href":"https:\/\/www.reseau-entreprendre.org\/adour\/wp-json\/wp\/v2\/pages\/13\/revisions"}],"wp:attachment":[{"href":"https:\/\/www.reseau-entreprendre.org\/adour\/wp-json\/wp\/v2\/media?parent=13"}],"curies":[{"name":"wp","href":"https:\/\/api.w.org\/{rel}","templated":true}]}}