{"id":15,"date":"2017-04-28T12:33:47","date_gmt":"2017-04-28T10:33:47","guid":{"rendered":"http:\/\/re-preprod-entreprendre.fr\/adour\/?page_id=15"},"modified":"2022-03-31T10:41:02","modified_gmt":"2022-03-31T08:41:02","slug":"sengager","status":"publish","type":"page","link":"https:\/\/www.reseau-entreprendre.org\/adour\/sengager\/","title":{"rendered":"S&#8217;engager"},"content":{"rendered":"\n<div style=\"height:25px\" aria-hidden=\"true\" class=\"wp-block-spacer\"><\/div>\n\n\n\n<h2 class=\"has-text-align-center has-re-yellow-color has-text-color wp-block-heading\" id=\"pourquoi-s-engager\"><strong>Pourquoi s&#8217;engager ?<\/strong><\/h2>\n\n\n\n<div style=\"height:24px\" aria-hidden=\"true\" class=\"wp-block-spacer\"><\/div>\n\n\n\n<div class=\"wp-block-columns is-layout-flex wp-container-core-columns-is-layout-9d6595d7 wp-block-columns-is-layout-flex\">\n<div class=\"wp-block-column is-layout-flow wp-block-column-is-layout-flow\">\n<div class=\"wp-block-image\"><figure class=\"aligncenter size-full is-resized\"><img loading=\"lazy\" decoding=\"async\" src=\"https:\/\/www.reseau-entreprendre.org\/adour\/wp-content\/uploads\/sites\/67\/2022\/03\/picto__chefs-entreprises-1.png\" alt=\"\" class=\"wp-image-2285\" width=\"184\" height=\"138\" srcset=\"https:\/\/www.reseau-entreprendre.org\/adour\/wp-content\/uploads\/sites\/67\/2022\/03\/picto__chefs-entreprises-1.png 181w, https:\/\/www.reseau-entreprendre.org\/adour\/wp-content\/uploads\/sites\/67\/2022\/03\/picto__chefs-entreprises-1-173x130.png 173w\" sizes=\"auto, (max-width: 184px) 100vw, 184px\" \/><\/figure><\/div>\n\n\n\n<h5 class=\"has-text-align-center wp-block-heading\" id=\"rejoignez-un-reseau-de-dirigeants-engages\" style=\"font-size:18px\">Rejoignez un r\u00e9seau de dirigeants engag\u00e9s !<\/h5>\n\n\n\n<p class=\"has-text-align-center\" style=\"font-size:14px\">186 membres b\u00e9n\u00e9voles. <\/p>\n<\/div>\n\n\n\n<div class=\"wp-block-column is-layout-flow wp-block-column-is-layout-flow\">\n<div class=\"wp-block-image\"><figure class=\"aligncenter size-full is-resized\"><img loading=\"lazy\" decoding=\"async\" src=\"https:\/\/www.reseau-entreprendre.org\/adour\/wp-content\/uploads\/sites\/67\/2022\/03\/picto__ensemble-2-1.png\" alt=\"\" class=\"wp-image-2286\" width=\"139\" height=\"139\" srcset=\"https:\/\/www.reseau-entreprendre.org\/adour\/wp-content\/uploads\/sites\/67\/2022\/03\/picto__ensemble-2-1.png 136w, https:\/\/www.reseau-entreprendre.org\/adour\/wp-content\/uploads\/sites\/67\/2022\/03\/picto__ensemble-2-1-130x130.png 130w\" sizes=\"auto, (max-width: 139px) 100vw, 139px\" \/><\/figure><\/div>\n\n\n\n<h5 class=\"has-text-align-center wp-block-heading\" id=\"integrez-un-ecosysteme-entrepreneurial-local-et-bienveillant\" style=\"font-size:18px\">Int\u00e9grez un \u00e9cosyst\u00e8me entrepreneurial local et bienveillant<\/h5>\n\n\n\n<p class=\"has-text-align-center\" style=\"font-size:14px\">Aux c\u00f4t\u00e9s des jeunes entrepreneurs du territoire. <\/p>\n<\/div>\n\n\n\n<div class=\"wp-block-column is-layout-flow wp-block-column-is-layout-flow\">\n<div class=\"wp-block-image\"><figure class=\"aligncenter size-full is-resized\"><img loading=\"lazy\" decoding=\"async\" src=\"https:\/\/www.reseau-entreprendre.org\/adour\/wp-content\/uploads\/sites\/67\/2022\/03\/picto__dialogue-1.png\" alt=\"\" class=\"wp-image-2287\" width=\"140\" height=\"138\" srcset=\"https:\/\/www.reseau-entreprendre.org\/adour\/wp-content\/uploads\/sites\/67\/2022\/03\/picto__dialogue-1.png 136w, https:\/\/www.reseau-entreprendre.org\/adour\/wp-content\/uploads\/sites\/67\/2022\/03\/picto__dialogue-1-131x130.png 131w\" sizes=\"auto, (max-width: 140px) 100vw, 140px\" \/><\/figure><\/div>\n\n\n\n<h5 class=\"has-text-align-center wp-block-heading\" id=\"enrichissez-votre-experience-de-chef-d-entreprise\" style=\"font-size:18px\">Enrichissez votre exp\u00e9rience de chef d&#8217;entreprise<\/h5>\n\n\n\n<p class=\"has-text-align-center\" style=\"font-size:14px\">Gr\u00e2ce aux \u00e9changes, rencontres et \u00e9v\u00e9nements. <\/p>\n<\/div>\n<\/div>\n\n\n\n<div style=\"height:70px\" aria-hidden=\"true\" class=\"wp-block-spacer\"><\/div>\n\n\n\n<h3 class=\"has-text-align-center has-re-yellow-color has-text-color wp-block-heading\" id=\"un-reseau-fonde-sur-5-valeurs\"><strong>Un R\u00e9seau port\u00e9 par 5 valeurs<\/strong><\/h3>\n\n\n\n<div style=\"height:48px\" aria-hidden=\"true\" class=\"wp-block-spacer\"><\/div>\n\n\n\n<figure class=\"wp-block-image size-large\"><img loading=\"lazy\" decoding=\"async\" width=\"1024\" height=\"439\" src=\"https:\/\/www.reseau-entreprendre.org\/adour\/wp-content\/uploads\/sites\/67\/2022\/03\/VALEURS_2Fichier-4-1024x439.png\" alt=\"\" class=\"wp-image-2513\" srcset=\"https:\/\/www.reseau-entreprendre.org\/adour\/wp-content\/uploads\/sites\/67\/2022\/03\/VALEURS_2Fichier-4-1024x439.png 1024w, https:\/\/www.reseau-entreprendre.org\/adour\/wp-content\/uploads\/sites\/67\/2022\/03\/VALEURS_2Fichier-4-300x129.png 300w, https:\/\/www.reseau-entreprendre.org\/adour\/wp-content\/uploads\/sites\/67\/2022\/03\/VALEURS_2Fichier-4-768x329.png 768w, https:\/\/www.reseau-entreprendre.org\/adour\/wp-content\/uploads\/sites\/67\/2022\/03\/VALEURS_2Fichier-4-1536x658.png 1536w, https:\/\/www.reseau-entreprendre.org\/adour\/wp-content\/uploads\/sites\/67\/2022\/03\/VALEURS_2Fichier-4-2048x877.png 2048w, https:\/\/www.reseau-entreprendre.org\/adour\/wp-content\/uploads\/sites\/67\/2022\/03\/VALEURS_2Fichier-4-210x90.png 210w\" sizes=\"auto, (max-width: 1024px) 100vw, 1024px\" \/><\/figure>\n\n\n\n<div style=\"height:14px\" aria-hidden=\"true\" class=\"wp-block-spacer\"><\/div>\n\n\n\n<div style=\"height:39px\" aria-hidden=\"true\" class=\"wp-block-spacer\"><\/div>\n\n\n\n<div class=\"wp-block-buttons is-content-justification-center is-layout-flex wp-container-core-buttons-is-layout-16018d1d wp-block-buttons-is-layout-flex\">\n<div class=\"wp-block-button is-style-fill\"><a class=\"wp-block-button__link has-re-yellow-background-color has-background\" href=\"https:\/\/www.reseau-entreprendre.org\/fr\/sengager\/formulaire-benevole\/\" target=\"_blank\" rel=\"noreferrer noopener\"><strong>Devenir Membre ! <\/strong><\/a><\/div>\n<\/div>\n\n\n\n<p><\/p>\n","protected":false},"excerpt":{"rendered":"<p>Pourquoi s&#8217;engager ? Rejoignez un r\u00e9seau de dirigeants engag\u00e9s !<\/p>\n","protected":false},"author":73,"featured_media":0,"parent":0,"menu_order":0,"comment_status":"closed","ping_status":"closed","template":"","meta":{"_acf_changed":false,"_monsterinsights_skip_tracking":false,"_monsterinsights_sitenote_active":false,"_monsterinsights_sitenote_note":"","_monsterinsights_sitenote_category":0,"footnotes":""},"class_list":["post-15","page","type-page","status-publish","hentry"],"acf":[],"yoast_head":"<!-- This site is optimized with the Yoast SEO plugin v27.4 - https:\/\/yoast.com\/product\/yoast-seo-wordpress\/ -->\n<title>Accompagner| Reseau Entreprendre Adour<\/title>\n<meta name=\"description\" content=\"Vous \u00eates chef d&#039;entreprise et souhaitez accompagner de nouveaux entrepreneurs ? Devenez membre b\u00e9n\u00e9vole de R\u00e9seau Entreprendre Adour !\" \/>\n<meta name=\"robots\" content=\"index, follow, max-snippet:-1, max-image-preview:large, max-video-preview:-1\" \/>\n<link rel=\"canonical\" href=\"https:\/\/www.reseau-entreprendre.org\/adour\/sengager\/\" \/>\n<meta property=\"og:locale\" content=\"fr_FR\" \/>\n<meta property=\"og:type\" content=\"article\" \/>\n<meta property=\"og:title\" content=\"Accompagner| Reseau Entreprendre Adour\" \/>\n<meta property=\"og:description\" content=\"Vous \u00eates chef d&#039;entreprise et souhaitez accompagner de nouveaux entrepreneurs ? Devenez membre b\u00e9n\u00e9vole de R\u00e9seau Entreprendre Adour !\" \/>\n<meta property=\"og:url\" content=\"https:\/\/www.reseau-entreprendre.org\/adour\/sengager\/\" \/>\n<meta property=\"og:site_name\" content=\"R\u00e9seau Entreprendre\u00ae Adour\" \/>\n<meta property=\"article:modified_time\" content=\"2022-03-31T08:41:02+00:00\" \/>\n<meta property=\"og:image\" content=\"https:\/\/www.reseau-entreprendre.org\/adour\/wp-content\/uploads\/sites\/67\/2022\/03\/picto__chefs-entreprises-1.png\" \/>\n<meta name=\"twitter:card\" content=\"summary_large_image\" \/>\n<meta name=\"twitter:label1\" content=\"Dur\u00e9e de lecture estim\u00e9e\" \/>\n\t<meta name=\"twitter:data1\" content=\"2 minutes\" \/>\n<script type=\"application\/ld+json\" class=\"yoast-schema-graph\">{\"@context\":\"https:\\\/\\\/schema.org\",\"@graph\":[{\"@type\":\"WebPage\",\"@id\":\"https:\\\/\\\/www.reseau-entreprendre.org\\\/adour\\\/sengager\\\/\",\"url\":\"https:\\\/\\\/www.reseau-entreprendre.org\\\/adour\\\/sengager\\\/\",\"name\":\"Accompagner| Reseau Entreprendre Adour\",\"isPartOf\":{\"@id\":\"https:\\\/\\\/www.reseau-entreprendre.org\\\/adour\\\/#website\"},\"primaryImageOfPage\":{\"@id\":\"https:\\\/\\\/www.reseau-entreprendre.org\\\/adour\\\/sengager\\\/#primaryimage\"},\"image\":{\"@id\":\"https:\\\/\\\/www.reseau-entreprendre.org\\\/adour\\\/sengager\\\/#primaryimage\"},\"thumbnailUrl\":\"https:\\\/\\\/www.reseau-entreprendre.org\\\/adour\\\/wp-content\\\/uploads\\\/sites\\\/67\\\/2022\\\/03\\\/picto__chefs-entreprises-1.png\",\"datePublished\":\"2017-04-28T10:33:47+00:00\",\"dateModified\":\"2022-03-31T08:41:02+00:00\",\"description\":\"Vous \u00eates chef d'entreprise et souhaitez accompagner de nouveaux entrepreneurs ? Devenez membre b\u00e9n\u00e9vole de R\u00e9seau Entreprendre Adour !\",\"breadcrumb\":{\"@id\":\"https:\\\/\\\/www.reseau-entreprendre.org\\\/adour\\\/sengager\\\/#breadcrumb\"},\"inLanguage\":\"fr-FR\",\"potentialAction\":[{\"@type\":\"ReadAction\",\"target\":[\"https:\\\/\\\/www.reseau-entreprendre.org\\\/adour\\\/sengager\\\/\"]}]},{\"@type\":\"ImageObject\",\"inLanguage\":\"fr-FR\",\"@id\":\"https:\\\/\\\/www.reseau-entreprendre.org\\\/adour\\\/sengager\\\/#primaryimage\",\"url\":\"https:\\\/\\\/www.reseau-entreprendre.org\\\/adour\\\/wp-content\\\/uploads\\\/sites\\\/67\\\/2022\\\/03\\\/picto__chefs-entreprises-1.png\",\"contentUrl\":\"https:\\\/\\\/www.reseau-entreprendre.org\\\/adour\\\/wp-content\\\/uploads\\\/sites\\\/67\\\/2022\\\/03\\\/picto__chefs-entreprises-1.png\",\"width\":181,\"height\":136},{\"@type\":\"BreadcrumbList\",\"@id\":\"https:\\\/\\\/www.reseau-entreprendre.org\\\/adour\\\/sengager\\\/#breadcrumb\",\"itemListElement\":[{\"@type\":\"ListItem\",\"position\":1,\"name\":\"Accueil\",\"item\":\"https:\\\/\\\/www.reseau-entreprendre.org\\\/adour\\\/\"},{\"@type\":\"ListItem\",\"position\":2,\"name\":\"S&rsquo;engager\"}]},{\"@type\":\"WebSite\",\"@id\":\"https:\\\/\\\/www.reseau-entreprendre.org\\\/adour\\\/#website\",\"url\":\"https:\\\/\\\/www.reseau-entreprendre.org\\\/adour\\\/\",\"name\":\"R\u00e9seau Entreprendre\u00ae Adour\",\"description\":\"Un site utilisant Les sites de R\u00e9seau Entreprendre\u00ae\",\"potentialAction\":[{\"@type\":\"SearchAction\",\"target\":{\"@type\":\"EntryPoint\",\"urlTemplate\":\"https:\\\/\\\/www.reseau-entreprendre.org\\\/adour\\\/?s={search_term_string}\"},\"query-input\":{\"@type\":\"PropertyValueSpecification\",\"valueRequired\":true,\"valueName\":\"search_term_string\"}}],\"inLanguage\":\"fr-FR\"}]}<\/script>\n<!-- \/ Yoast SEO plugin. -->","yoast_head_json":{"title":"Accompagner| Reseau Entreprendre Adour","description":"Vous \u00eates chef d'entreprise et souhaitez accompagner de nouveaux entrepreneurs ? Devenez membre b\u00e9n\u00e9vole de R\u00e9seau Entreprendre Adour !","robots":{"index":"index","follow":"follow","max-snippet":"max-snippet:-1","max-image-preview":"max-image-preview:large","max-video-preview":"max-video-preview:-1"},"canonical":"https:\/\/www.reseau-entreprendre.org\/adour\/sengager\/","og_locale":"fr_FR","og_type":"article","og_title":"Accompagner| Reseau Entreprendre Adour","og_description":"Vous \u00eates chef d'entreprise et souhaitez accompagner de nouveaux entrepreneurs ? Devenez membre b\u00e9n\u00e9vole de R\u00e9seau Entreprendre Adour !","og_url":"https:\/\/www.reseau-entreprendre.org\/adour\/sengager\/","og_site_name":"R\u00e9seau Entreprendre\u00ae Adour","article_modified_time":"2022-03-31T08:41:02+00:00","og_image":[{"url":"https:\/\/www.reseau-entreprendre.org\/adour\/wp-content\/uploads\/sites\/67\/2022\/03\/picto__chefs-entreprises-1.png","type":"","width":"","height":""}],"twitter_card":"summary_large_image","twitter_misc":{"Dur\u00e9e de lecture estim\u00e9e":"2 minutes"},"schema":{"@context":"https:\/\/schema.org","@graph":[{"@type":"WebPage","@id":"https:\/\/www.reseau-entreprendre.org\/adour\/sengager\/","url":"https:\/\/www.reseau-entreprendre.org\/adour\/sengager\/","name":"Accompagner| Reseau Entreprendre Adour","isPartOf":{"@id":"https:\/\/www.reseau-entreprendre.org\/adour\/#website"},"primaryImageOfPage":{"@id":"https:\/\/www.reseau-entreprendre.org\/adour\/sengager\/#primaryimage"},"image":{"@id":"https:\/\/www.reseau-entreprendre.org\/adour\/sengager\/#primaryimage"},"thumbnailUrl":"https:\/\/www.reseau-entreprendre.org\/adour\/wp-content\/uploads\/sites\/67\/2022\/03\/picto__chefs-entreprises-1.png","datePublished":"2017-04-28T10:33:47+00:00","dateModified":"2022-03-31T08:41:02+00:00","description":"Vous \u00eates chef d'entreprise et souhaitez accompagner de nouveaux entrepreneurs ? Devenez membre b\u00e9n\u00e9vole de R\u00e9seau Entreprendre Adour !","breadcrumb":{"@id":"https:\/\/www.reseau-entreprendre.org\/adour\/sengager\/#breadcrumb"},"inLanguage":"fr-FR","potentialAction":[{"@type":"ReadAction","target":["https:\/\/www.reseau-entreprendre.org\/adour\/sengager\/"]}]},{"@type":"ImageObject","inLanguage":"fr-FR","@id":"https:\/\/www.reseau-entreprendre.org\/adour\/sengager\/#primaryimage","url":"https:\/\/www.reseau-entreprendre.org\/adour\/wp-content\/uploads\/sites\/67\/2022\/03\/picto__chefs-entreprises-1.png","contentUrl":"https:\/\/www.reseau-entreprendre.org\/adour\/wp-content\/uploads\/sites\/67\/2022\/03\/picto__chefs-entreprises-1.png","width":181,"height":136},{"@type":"BreadcrumbList","@id":"https:\/\/www.reseau-entreprendre.org\/adour\/sengager\/#breadcrumb","itemListElement":[{"@type":"ListItem","position":1,"name":"Accueil","item":"https:\/\/www.reseau-entreprendre.org\/adour\/"},{"@type":"ListItem","position":2,"name":"S&rsquo;engager"}]},{"@type":"WebSite","@id":"https:\/\/www.reseau-entreprendre.org\/adour\/#website","url":"https:\/\/www.reseau-entreprendre.org\/adour\/","name":"R\u00e9seau Entreprendre\u00ae Adour","description":"Un site utilisant Les sites de R\u00e9seau Entreprendre\u00ae","potentialAction":[{"@type":"SearchAction","target":{"@type":"EntryPoint","urlTemplate":"https:\/\/www.reseau-entreprendre.org\/adour\/?s={search_term_string}"},"query-input":{"@type":"PropertyValueSpecification","valueRequired":true,"valueName":"search_term_string"}}],"inLanguage":"fr-FR"}]}},"_links":{"self":[{"href":"https:\/\/www.reseau-entreprendre.org\/adour\/wp-json\/wp\/v2\/pages\/15","targetHints":{"allow":["GET"]}}],"collection":[{"href":"https:\/\/www.reseau-entreprendre.org\/adour\/wp-json\/wp\/v2\/pages"}],"about":[{"href":"https:\/\/www.reseau-entreprendre.org\/adour\/wp-json\/wp\/v2\/types\/page"}],"author":[{"embeddable":true,"href":"https:\/\/www.reseau-entreprendre.org\/adour\/wp-json\/wp\/v2\/users\/73"}],"replies":[{"embeddable":true,"href":"https:\/\/www.reseau-entreprendre.org\/adour\/wp-json\/wp\/v2\/comments?post=15"}],"version-history":[{"count":0,"href":"https:\/\/www.reseau-entreprendre.org\/adour\/wp-json\/wp\/v2\/pages\/15\/revisions"}],"wp:attachment":[{"href":"https:\/\/www.reseau-entreprendre.org\/adour\/wp-json\/wp\/v2\/media?parent=15"}],"curies":[{"name":"wp","href":"https:\/\/api.w.org\/{rel}","templated":true}]}}