{"id":13,"date":"2022-11-21T08:56:57","date_gmt":"2022-11-21T07:56:57","guid":{"rendered":"http:\/\/re-preprod-entreprendre.fr\/ain-val-de-saone\/?page_id=13"},"modified":"2022-11-21T08:56:58","modified_gmt":"2022-11-21T07:56:58","slug":"entreprendre","status":"publish","type":"page","link":"https:\/\/www.reseau-entreprendre.org\/ain-val-de-saone\/entreprendre\/","title":{"rendered":"Entreprendre"},"content":{"rendered":"\n<p>Entreprendre, c\u2019est&nbsp;:<\/p>\n\n\n\n<p>\u00ab&nbsp;PRENDRE LA RESOLUTION DE FAIRE QUELQUE CHOSE\u2026&nbsp;\u00bb.<\/p>\n\n\n\n<p>Au R\u00e9seau Entreprendre Ain &amp; Val de Sa\u00f4ne, nous avons pris la r\u00e9solution d\u2019<strong>accompagner<\/strong>, de <strong>soutenir<\/strong> et de <strong>promouvoir<\/strong> <strong>l\u2019esprit entrepreneurial<\/strong>.<\/p>\n\n\n\n<p>\u00ab&nbsp;ET COMMENCER A LE METTRE EN ACTION.<\/p>\n\n\n\n<figure class=\"wp-block-image\"><a href=\"https:\/\/www.reseau-entreprendre.org\/wp-content\/uploads\/sites\/57\/2017\/04\/reavs_entreprendre1.jpg\"><img loading=\"lazy\" decoding=\"async\" width=\"300\" height=\"225\" src=\"https:\/\/www.reseau-entreprendre.org\/wp-content\/uploads\/sites\/57\/2017\/04\/reavs_entreprendre1-300x225.jpg\" alt=\"\" class=\"wp-image-548\" srcset=\"https:\/\/www.reseau-entreprendre.org\/ain-val-de-saone\/wp-content\/uploads\/sites\/57\/2017\/04\/reavs_entreprendre1-300x225.jpg 300w, https:\/\/www.reseau-entreprendre.org\/ain-val-de-saone\/wp-content\/uploads\/sites\/57\/2017\/04\/reavs_entreprendre1-768x576.jpg 768w, https:\/\/www.reseau-entreprendre.org\/ain-val-de-saone\/wp-content\/uploads\/sites\/57\/2017\/04\/reavs_entreprendre1-1024x768.jpg 1024w\" sizes=\"auto, (max-width: 300px) 100vw, 300px\" \/><\/a><\/figure>\n\n\n\n<p>Au R\u00e9seau Entreprendre Ain &amp; Val de Sa\u00f4ne, nos actions sont&nbsp;:<\/p>\n\n\n\n<ul class=\"wp-block-list\">\n<li>D\u2019<strong>aider le porteur de projet <\/strong>\u00e0 professionnaliser et valider sa demande&nbsp;;<\/li>\n\n\n\n<li>D\u2019octroyer des <strong>pr\u00eats d\u2019honneur<\/strong> \u00e0 taux z\u00e9ro sans caution, ni garantie&nbsp;;<\/li>\n\n\n\n<li>D\u2019assurer un <strong>accompagnement<\/strong> par un chef d\u2019entreprise pendant 3 ans&nbsp;;<\/li>\n\n\n\n<li>D\u2019offrir un <strong>lieu d\u2019\u00e9change<\/strong> et d\u2019<strong>entraide<\/strong> avec d\u2019autres entrepreneurs&nbsp;;<\/li>\n\n\n\n<li>D\u2019assurer une <strong>mise en r\u00e9seau<\/strong> et une aide \u00e0 l\u2019int\u00e9gration dans le tissu \u00e9conomique&nbsp;;<\/li>\n\n\n\n<li>De <strong>financer la croissance<\/strong> par l\u2019octroi de pr\u00eats garantis.<\/li>\n<\/ul>\n\n\n\n<p>Nous avons entrepris ensemble depuis 2001 plus de 250 projets<\/p>\n\n\n\n<p>Si vous voulez entreprendre&nbsp;! Contactez-nous&nbsp;! Nous allons ensemble analyser, d\u00e9cortiquer votre projet pour que vous r\u00e9ussissiez \u00e0 en \u00ab&nbsp;faire quelque chose&nbsp;\u00bb&nbsp;!<\/p>\n\n\n\n<p>Pour cela, quelques crit\u00e8res sont \u00e0 respecter, \u00e0 savoir&nbsp;:<\/p>\n\n\n\n<p>&#8211; avoir un r\u00e9el besoin d&#8217;accompagnement et en manifester le souhait&nbsp;;<\/p>\n\n\n\n<p>&#8211; partager les Valeurs de R\u00e9seau Entreprendre\u00ae et la future activit\u00e9 du projet ne doit pas \u00eatre en contradiction avec celles-ci&nbsp;;<\/p>\n\n\n\n<p>&#8211; disposer du contr\u00f4le de l&#8217;entreprise&nbsp;;<\/p>\n\n\n\n<p>&#8211; cr\u00e9ation significative d&#8217;emplois&nbsp;;<\/p>\n\n\n\n<p>&#8211; \u00eatre implant\u00e9 dans le d\u00e9partement de l&#8217;Ain.<\/p>\n\n\n\n<p><strong>Nous ne savons PAS accompagner les projets de commerces et d\u2019artisanat dont les logiques sont diff\u00e9rentes et qui trouverons dans notre d\u00e9partement d\u2019autres comp\u00e9tences pour \u00eatre soutenus.<\/strong><\/p>\n\n\n\n<p><strong>MAIS surtout, notre crit\u00e8re le plus important&nbsp;: c\u2019est VOUS&nbsp;!<\/strong><\/p>\n\n\n\n<p><strong>Nous allons apprendre \u00e0 vous conna\u00eetre, d\u00e9finir vos points forts mais aussi vos points faibles pour mettre en place une strat\u00e9gie solide et r\u00e9aliste afin que votre projet devienne une r\u00e9alit\u00e9.<\/strong><\/p>\n\n\n\n<p><strong>Ce n\u2019est pas une parole en l\u2019air&nbsp;: NOUS SERONS LA POUR VOUS ACCOMPAGNER&nbsp;!<\/strong><\/p>\n\n\n\n<p>Une fois votre dossier finalis\u00e9, vous aurez \u00e0 le pr\u00e9senter \u00e0 une assembl\u00e9e de chefs d\u2019entreprise bienveillants mais justes. Ils voteront \u00e0 l\u2019unanimit\u00e9 sur la validit\u00e9 de votre projet. Vous deviendrez ainsi un <strong>LAUREAT<\/strong> du <strong>RESEAU ENTREPRENDRE AIN &amp; VAL DE SAONE<\/strong> et rejoindrez notre communaut\u00e9 de plus de 180 LAUREATS depuis 2001.<\/p>\n\n\n\n<p>ET d\u00e9butera ainsi votre aventure accompagn\u00e9e du RESEAU ENTREPRENDRE.<\/p>\n\n\n\n<p>Vous participerez \u00e0 des rencontres en toute simplicit\u00e9 et convivialit\u00e9 telles que les Conviviales mais aussi \u00e0 des Clubs vous permettant d\u2019\u00e9changer, d\u2019\u00e9couter, d\u2019apprendre, de transmettre vos exp\u00e9riences mais aussi vos doutes, vos interrogations. Vous ne serez plus seul&nbsp;! Nous vous accompagnerons&nbsp;!<\/p>\n\n\n\n<p>NOUS ENTREPRENONS ENSEMBLE&nbsp;!<\/p>\n","protected":false},"excerpt":{"rendered":"<p>Entreprendre, c\u2019est&nbsp;: \u00ab&nbsp;PRENDRE LA RESOLUTION DE FAIRE QUELQUE CHOSE\u2026&nbsp;\u00bb. Au<\/p>\n","protected":false},"author":58,"featured_media":0,"parent":0,"menu_order":0,"comment_status":"closed","ping_status":"closed","template":"","meta":{"_acf_changed":false,"_monsterinsights_skip_tracking":false,"_monsterinsights_sitenote_active":false,"_monsterinsights_sitenote_note":"","_monsterinsights_sitenote_category":0,"footnotes":""},"class_list":["post-13","page","type-page","status-publish","hentry"],"acf":[],"yoast_head":"<!-- This site is optimized with the Yoast SEO plugin v27.4 - https:\/\/yoast.com\/product\/yoast-seo-wordpress\/ -->\n<title>Entreprendre | Reseau Entreprendre Ain &amp; Val de Sa\u00f4ne<\/title>\n<meta name=\"description\" content=\"Vous avez un projet de cr\u00e9ation d&#039;entreprise ? R\u00e9seau Entreprendre Ain &amp; Val de Sa\u00f4ne vous accompagne gratuitement et dans la dur\u00e9e\" \/>\n<meta name=\"robots\" content=\"index, follow, max-snippet:-1, max-image-preview:large, max-video-preview:-1\" \/>\n<link rel=\"canonical\" href=\"https:\/\/www.reseau-entreprendre.org\/ain-val-de-saone\/entreprendre\/\" \/>\n<meta property=\"og:locale\" content=\"fr_FR\" \/>\n<meta property=\"og:type\" content=\"article\" \/>\n<meta property=\"og:title\" content=\"Entreprendre | Reseau Entreprendre Ain &amp; Val de Sa\u00f4ne\" \/>\n<meta property=\"og:description\" content=\"Vous avez un projet de cr\u00e9ation d&#039;entreprise ? R\u00e9seau Entreprendre Ain &amp; Val de Sa\u00f4ne vous accompagne gratuitement et dans la dur\u00e9e\" \/>\n<meta property=\"og:url\" content=\"https:\/\/www.reseau-entreprendre.org\/ain-val-de-saone\/entreprendre\/\" \/>\n<meta property=\"og:site_name\" content=\"R\u00e9seau Entreprendre Ain &amp; Val de Sa\u00f4ne\" \/>\n<meta property=\"article:modified_time\" content=\"2022-11-21T07:56:58+00:00\" \/>\n<meta property=\"og:image\" content=\"https:\/\/www.reseau-entreprendre.org\/wp-content\/uploads\/sites\/57\/2017\/04\/reavs_entreprendre1-300x225.jpg\" \/>\n<meta name=\"twitter:card\" content=\"summary_large_image\" \/>\n<meta name=\"twitter:label1\" content=\"Dur\u00e9e de lecture estim\u00e9e\" \/>\n\t<meta name=\"twitter:data1\" content=\"3 minutes\" \/>\n<script type=\"application\/ld+json\" class=\"yoast-schema-graph\">{\"@context\":\"https:\\\/\\\/schema.org\",\"@graph\":[{\"@type\":\"WebPage\",\"@id\":\"https:\\\/\\\/www.reseau-entreprendre.org\\\/ain-val-de-saone\\\/entreprendre\\\/\",\"url\":\"https:\\\/\\\/www.reseau-entreprendre.org\\\/ain-val-de-saone\\\/entreprendre\\\/\",\"name\":\"Entreprendre | Reseau Entreprendre Ain & Val de Sa\u00f4ne\",\"isPartOf\":{\"@id\":\"https:\\\/\\\/www.reseau-entreprendre.org\\\/ain-val-de-saone\\\/#website\"},\"primaryImageOfPage\":{\"@id\":\"https:\\\/\\\/www.reseau-entreprendre.org\\\/ain-val-de-saone\\\/entreprendre\\\/#primaryimage\"},\"image\":{\"@id\":\"https:\\\/\\\/www.reseau-entreprendre.org\\\/ain-val-de-saone\\\/entreprendre\\\/#primaryimage\"},\"thumbnailUrl\":\"https:\\\/\\\/www.reseau-entreprendre.org\\\/wp-content\\\/uploads\\\/sites\\\/57\\\/2017\\\/04\\\/reavs_entreprendre1-300x225.jpg\",\"datePublished\":\"2022-11-21T07:56:57+00:00\",\"dateModified\":\"2022-11-21T07:56:58+00:00\",\"description\":\"Vous avez un projet de cr\u00e9ation d'entreprise ? R\u00e9seau Entreprendre Ain & Val de Sa\u00f4ne vous accompagne gratuitement et dans la dur\u00e9e\",\"breadcrumb\":{\"@id\":\"https:\\\/\\\/www.reseau-entreprendre.org\\\/ain-val-de-saone\\\/entreprendre\\\/#breadcrumb\"},\"inLanguage\":\"fr-FR\",\"potentialAction\":[{\"@type\":\"ReadAction\",\"target\":[\"https:\\\/\\\/www.reseau-entreprendre.org\\\/ain-val-de-saone\\\/entreprendre\\\/\"]}]},{\"@type\":\"ImageObject\",\"inLanguage\":\"fr-FR\",\"@id\":\"https:\\\/\\\/www.reseau-entreprendre.org\\\/ain-val-de-saone\\\/entreprendre\\\/#primaryimage\",\"url\":\"https:\\\/\\\/www.reseau-entreprendre.org\\\/wp-content\\\/uploads\\\/sites\\\/57\\\/2017\\\/04\\\/reavs_entreprendre1-300x225.jpg\",\"contentUrl\":\"https:\\\/\\\/www.reseau-entreprendre.org\\\/wp-content\\\/uploads\\\/sites\\\/57\\\/2017\\\/04\\\/reavs_entreprendre1-300x225.jpg\"},{\"@type\":\"BreadcrumbList\",\"@id\":\"https:\\\/\\\/www.reseau-entreprendre.org\\\/ain-val-de-saone\\\/entreprendre\\\/#breadcrumb\",\"itemListElement\":[{\"@type\":\"ListItem\",\"position\":1,\"name\":\"Accueil\",\"item\":\"https:\\\/\\\/www.reseau-entreprendre.org\\\/ain-val-de-saone\\\/\"},{\"@type\":\"ListItem\",\"position\":2,\"name\":\"Entreprendre\"}]},{\"@type\":\"WebSite\",\"@id\":\"https:\\\/\\\/www.reseau-entreprendre.org\\\/ain-val-de-saone\\\/#website\",\"url\":\"https:\\\/\\\/www.reseau-entreprendre.org\\\/ain-val-de-saone\\\/\",\"name\":\"R\u00e9seau Entreprendre Ain &amp; Val de Sa\u00f4ne\",\"description\":\"Un site utilisant Les sites de R\u00e9seau Entreprendre\",\"potentialAction\":[{\"@type\":\"SearchAction\",\"target\":{\"@type\":\"EntryPoint\",\"urlTemplate\":\"https:\\\/\\\/www.reseau-entreprendre.org\\\/ain-val-de-saone\\\/?s={search_term_string}\"},\"query-input\":{\"@type\":\"PropertyValueSpecification\",\"valueRequired\":true,\"valueName\":\"search_term_string\"}}],\"inLanguage\":\"fr-FR\"}]}<\/script>\n<!-- \/ Yoast SEO plugin. -->","yoast_head_json":{"title":"Entreprendre | Reseau Entreprendre Ain & Val de Sa\u00f4ne","description":"Vous avez un projet de cr\u00e9ation d'entreprise ? R\u00e9seau Entreprendre Ain & Val de Sa\u00f4ne vous accompagne gratuitement et dans la dur\u00e9e","robots":{"index":"index","follow":"follow","max-snippet":"max-snippet:-1","max-image-preview":"max-image-preview:large","max-video-preview":"max-video-preview:-1"},"canonical":"https:\/\/www.reseau-entreprendre.org\/ain-val-de-saone\/entreprendre\/","og_locale":"fr_FR","og_type":"article","og_title":"Entreprendre | Reseau Entreprendre Ain & Val de Sa\u00f4ne","og_description":"Vous avez un projet de cr\u00e9ation d'entreprise ? R\u00e9seau Entreprendre Ain & Val de Sa\u00f4ne vous accompagne gratuitement et dans la dur\u00e9e","og_url":"https:\/\/www.reseau-entreprendre.org\/ain-val-de-saone\/entreprendre\/","og_site_name":"R\u00e9seau Entreprendre Ain &amp; Val de Sa\u00f4ne","article_modified_time":"2022-11-21T07:56:58+00:00","og_image":[{"url":"https:\/\/www.reseau-entreprendre.org\/wp-content\/uploads\/sites\/57\/2017\/04\/reavs_entreprendre1-300x225.jpg","type":"","width":"","height":""}],"twitter_card":"summary_large_image","twitter_misc":{"Dur\u00e9e de lecture estim\u00e9e":"3 minutes"},"schema":{"@context":"https:\/\/schema.org","@graph":[{"@type":"WebPage","@id":"https:\/\/www.reseau-entreprendre.org\/ain-val-de-saone\/entreprendre\/","url":"https:\/\/www.reseau-entreprendre.org\/ain-val-de-saone\/entreprendre\/","name":"Entreprendre | Reseau Entreprendre Ain & Val de Sa\u00f4ne","isPartOf":{"@id":"https:\/\/www.reseau-entreprendre.org\/ain-val-de-saone\/#website"},"primaryImageOfPage":{"@id":"https:\/\/www.reseau-entreprendre.org\/ain-val-de-saone\/entreprendre\/#primaryimage"},"image":{"@id":"https:\/\/www.reseau-entreprendre.org\/ain-val-de-saone\/entreprendre\/#primaryimage"},"thumbnailUrl":"https:\/\/www.reseau-entreprendre.org\/wp-content\/uploads\/sites\/57\/2017\/04\/reavs_entreprendre1-300x225.jpg","datePublished":"2022-11-21T07:56:57+00:00","dateModified":"2022-11-21T07:56:58+00:00","description":"Vous avez un projet de cr\u00e9ation d'entreprise ? R\u00e9seau Entreprendre Ain & Val de Sa\u00f4ne vous accompagne gratuitement et dans la dur\u00e9e","breadcrumb":{"@id":"https:\/\/www.reseau-entreprendre.org\/ain-val-de-saone\/entreprendre\/#breadcrumb"},"inLanguage":"fr-FR","potentialAction":[{"@type":"ReadAction","target":["https:\/\/www.reseau-entreprendre.org\/ain-val-de-saone\/entreprendre\/"]}]},{"@type":"ImageObject","inLanguage":"fr-FR","@id":"https:\/\/www.reseau-entreprendre.org\/ain-val-de-saone\/entreprendre\/#primaryimage","url":"https:\/\/www.reseau-entreprendre.org\/wp-content\/uploads\/sites\/57\/2017\/04\/reavs_entreprendre1-300x225.jpg","contentUrl":"https:\/\/www.reseau-entreprendre.org\/wp-content\/uploads\/sites\/57\/2017\/04\/reavs_entreprendre1-300x225.jpg"},{"@type":"BreadcrumbList","@id":"https:\/\/www.reseau-entreprendre.org\/ain-val-de-saone\/entreprendre\/#breadcrumb","itemListElement":[{"@type":"ListItem","position":1,"name":"Accueil","item":"https:\/\/www.reseau-entreprendre.org\/ain-val-de-saone\/"},{"@type":"ListItem","position":2,"name":"Entreprendre"}]},{"@type":"WebSite","@id":"https:\/\/www.reseau-entreprendre.org\/ain-val-de-saone\/#website","url":"https:\/\/www.reseau-entreprendre.org\/ain-val-de-saone\/","name":"R\u00e9seau Entreprendre Ain &amp; Val de Sa\u00f4ne","description":"Un site utilisant Les sites de R\u00e9seau Entreprendre","potentialAction":[{"@type":"SearchAction","target":{"@type":"EntryPoint","urlTemplate":"https:\/\/www.reseau-entreprendre.org\/ain-val-de-saone\/?s={search_term_string}"},"query-input":{"@type":"PropertyValueSpecification","valueRequired":true,"valueName":"search_term_string"}}],"inLanguage":"fr-FR"}]}},"_links":{"self":[{"href":"https:\/\/www.reseau-entreprendre.org\/ain-val-de-saone\/wp-json\/wp\/v2\/pages\/13","targetHints":{"allow":["GET"]}}],"collection":[{"href":"https:\/\/www.reseau-entreprendre.org\/ain-val-de-saone\/wp-json\/wp\/v2\/pages"}],"about":[{"href":"https:\/\/www.reseau-entreprendre.org\/ain-val-de-saone\/wp-json\/wp\/v2\/types\/page"}],"author":[{"embeddable":true,"href":"https:\/\/www.reseau-entreprendre.org\/ain-val-de-saone\/wp-json\/wp\/v2\/users\/58"}],"replies":[{"embeddable":true,"href":"https:\/\/www.reseau-entreprendre.org\/ain-val-de-saone\/wp-json\/wp\/v2\/comments?post=13"}],"version-history":[{"count":0,"href":"https:\/\/www.reseau-entreprendre.org\/ain-val-de-saone\/wp-json\/wp\/v2\/pages\/13\/revisions"}],"wp:attachment":[{"href":"https:\/\/www.reseau-entreprendre.org\/ain-val-de-saone\/wp-json\/wp\/v2\/media?parent=13"}],"curies":[{"name":"wp","href":"https:\/\/api.w.org\/{rel}","templated":true}]}}