{"id":15,"date":"2022-11-21T08:54:11","date_gmt":"2022-11-21T07:54:11","guid":{"rendered":"http:\/\/re-preprod-entreprendre.fr\/ain-val-de-saone\/?page_id=15"},"modified":"2022-11-21T08:54:12","modified_gmt":"2022-11-21T07:54:12","slug":"accompagner","status":"publish","type":"page","link":"https:\/\/www.reseau-entreprendre.org\/ain-val-de-saone\/accompagner\/","title":{"rendered":"Accompagner"},"content":{"rendered":"\n<ul class=\"wp-block-list\">\n<li>Vous avez l\u2019esprit entrepreneurial&nbsp;;<\/li>\n\n\n\n<li>Vous avez foi en \u00ab&nbsp;l\u2019homme Chef d\u2019entreprise&nbsp;\u00bb&nbsp;;<\/li>\n\n\n\n<li>Vous voulez partager vos exp\u00e9riences&nbsp;;<\/li>\n\n\n\n<li>Vous voulez transmettre vos comp\u00e9tences.<\/li>\n<\/ul>\n\n\n\n<div class=\"wp-block-columns are-vertically-aligned-center is-layout-flex wp-container-core-columns-is-layout-9d6595d7 wp-block-columns-is-layout-flex\">\n<div class=\"wp-block-column is-vertically-aligned-center is-layout-flow wp-block-column-is-layout-flow\" style=\"flex-basis:33.33%\"><div class=\"wp-block-image\">\n<figure class=\"alignleft\"><a href=\"https:\/\/www.reseau-entreprendre.org\/wp-content\/uploads\/sites\/57\/2017\/04\/reavs_accompagner1.jpg\"><img loading=\"lazy\" decoding=\"async\" width=\"300\" height=\"225\" src=\"https:\/\/www.reseau-entreprendre.org\/wp-content\/uploads\/sites\/57\/2017\/04\/reavs_accompagner1-300x225.jpg\" alt=\"\" class=\"wp-image-550\" srcset=\"https:\/\/www.reseau-entreprendre.org\/ain-val-de-saone\/wp-content\/uploads\/sites\/57\/2017\/04\/reavs_accompagner1-300x225.jpg 300w, https:\/\/www.reseau-entreprendre.org\/ain-val-de-saone\/wp-content\/uploads\/sites\/57\/2017\/04\/reavs_accompagner1.jpg 717w\" sizes=\"auto, (max-width: 300px) 100vw, 300px\" \/><\/a><\/figure>\n<\/div><\/div>\n\n\n\n<div class=\"wp-block-column is-vertically-aligned-center is-layout-flow wp-block-column-is-layout-flow\" style=\"flex-basis:66.66%\">\n<p>Il n\u2019y a qu\u2019une chose \u00e0 faire&nbsp;: <strong>REJOIGNEZ-NOUS&nbsp;<\/strong>et devenez <strong>MEMBRE du R\u00e9seau Entreprendre Ain &amp; Val de Sa\u00f4ne !<\/strong><\/p>\n\n\n\n<p>Nous vous offrons la possibilit\u00e9 de vivre une aventure humaine incroyable. O\u00f9 chaque rencontre est unique. Vous allez aussi bien donner que recevoir, nous vous le garantissons&nbsp;!<\/p>\n<\/div>\n<\/div>\n\n\n\n<p>SI le taux de p\u00e9rennit\u00e9 des entreprises que nous avons accompagn\u00e9 depuis 15 ans est \u00e9lev\u00e9 cela n\u2019est pas le fait de notre seul accompagnement financier.<\/p>\n\n\n\n<p>Bien sur celui-ci permet d\u2019amortir les cons\u00e9quences d\u2019un temps d\u2019acc\u00e8s au march\u00e9 souvent bien plus long que ce qu\u2019imagine le nouveau dirigeant.<\/p>\n\n\n\n<p>La pire d\u00e9cision est de ne pas prendre de d\u00e9cision. Un chef d\u2019entreprise sait cela et il poussera son cadet \u00e0 agir, sans d\u00e9cider \u00e0 sa place.<\/p>\n\n\n\n<p>C\u2019est gr\u00e2ce \u00e0 la r\u00e9action d\u2019un pair, dirigeant d\u2019entreprise lui aussi que notre Laur\u00e9at pourra construire une r\u00e9action appropri\u00e9e \u00e0 sa situation.<\/p>\n\n\n\n<div class=\"wp-block-columns are-vertically-aligned-center is-layout-flex wp-container-core-columns-is-layout-9d6595d7 wp-block-columns-is-layout-flex\">\n<div class=\"wp-block-column is-vertically-aligned-center is-layout-flow wp-block-column-is-layout-flow\" style=\"flex-basis:33.33%\"><div class=\"wp-block-image\">\n<figure class=\"alignleft\"><a href=\"https:\/\/www.reseau-entreprendre.org\/wp-content\/uploads\/sites\/57\/2017\/04\/reavs_accompagner2.jpg\"><img loading=\"lazy\" decoding=\"async\" width=\"300\" height=\"224\" src=\"https:\/\/www.reseau-entreprendre.org\/wp-content\/uploads\/sites\/57\/2017\/04\/reavs_accompagner2-300x224.jpg\" alt=\"\" class=\"wp-image-552\" srcset=\"https:\/\/www.reseau-entreprendre.org\/ain-val-de-saone\/wp-content\/uploads\/sites\/57\/2017\/04\/reavs_accompagner2-300x224.jpg 300w, https:\/\/www.reseau-entreprendre.org\/ain-val-de-saone\/wp-content\/uploads\/sites\/57\/2017\/04\/reavs_accompagner2-768x574.jpg 768w, https:\/\/www.reseau-entreprendre.org\/ain-val-de-saone\/wp-content\/uploads\/sites\/57\/2017\/04\/reavs_accompagner2-1024x765.jpg 1024w\" sizes=\"auto, (max-width: 300px) 100vw, 300px\" \/><\/a><\/figure>\n<\/div><\/div>\n\n\n\n<div class=\"wp-block-column is-vertically-aligned-center is-layout-flow wp-block-column-is-layout-flow\" style=\"flex-basis:66.66%\">\n<p>La vision large de l\u2019accompagnateur, sa bienveillance , sa prise en compte du facteur humain, de la personnalit\u00e9 du Laur\u00e9at et de ses comp\u00e9tences qu\u2019il a pu appr\u00e9cier \u00e0 travers des rencontres d\u2019Homme \u00e0 Homme est la cl\u00e9 de la r\u00e9ussite de l\u2019accompagnement chez R\u00e9seau Entreprendre.<\/p>\n<\/div>\n<\/div>\n\n\n\n<p><\/p>\n","protected":false},"excerpt":{"rendered":"<p>Il n\u2019y a qu\u2019une chose \u00e0 faire&nbsp;: REJOIGNEZ-NOUS&nbsp;et devenez MEMBRE<\/p>\n","protected":false},"author":1,"featured_media":0,"parent":0,"menu_order":0,"comment_status":"closed","ping_status":"closed","template":"","meta":{"_acf_changed":false,"_monsterinsights_skip_tracking":false,"_monsterinsights_sitenote_active":false,"_monsterinsights_sitenote_note":"","_monsterinsights_sitenote_category":0,"footnotes":""},"class_list":["post-15","page","type-page","status-publish","hentry"],"acf":[],"yoast_head":"<!-- This site is optimized with the Yoast SEO plugin v27.4 - https:\/\/yoast.com\/product\/yoast-seo-wordpress\/ -->\n<title>Accompagner| Reseau Entreprendre Ain &amp; Val de Sa\u00f4ne<\/title>\n<meta name=\"description\" content=\"Vous \u00eates chef d&#039;entreprise et souhaitez accompagner de nouveaux entrepreneurs ? Devenez membre b\u00e9n\u00e9vole de R\u00e9seau Entreprendre Ain &amp; Val de Sa\u00f4ne !\" \/>\n<meta name=\"robots\" content=\"index, follow, max-snippet:-1, max-image-preview:large, max-video-preview:-1\" \/>\n<link rel=\"canonical\" href=\"https:\/\/www.reseau-entreprendre.org\/ain-val-de-saone\/accompagner\/\" \/>\n<meta property=\"og:locale\" content=\"fr_FR\" \/>\n<meta property=\"og:type\" content=\"article\" \/>\n<meta property=\"og:title\" content=\"Accompagner| Reseau Entreprendre Ain &amp; Val de Sa\u00f4ne\" \/>\n<meta property=\"og:description\" content=\"Vous \u00eates chef d&#039;entreprise et souhaitez accompagner de nouveaux entrepreneurs ? Devenez membre b\u00e9n\u00e9vole de R\u00e9seau Entreprendre Ain &amp; Val de Sa\u00f4ne !\" \/>\n<meta property=\"og:url\" content=\"https:\/\/www.reseau-entreprendre.org\/ain-val-de-saone\/accompagner\/\" \/>\n<meta property=\"og:site_name\" content=\"R\u00e9seau Entreprendre Ain &amp; Val de Sa\u00f4ne\" \/>\n<meta property=\"article:modified_time\" content=\"2022-11-21T07:54:12+00:00\" \/>\n<meta property=\"og:image\" content=\"https:\/\/www.reseau-entreprendre.org\/wp-content\/uploads\/sites\/57\/2017\/04\/reavs_accompagner1-300x225.jpg\" \/>\n<meta name=\"twitter:card\" content=\"summary_large_image\" \/>\n<meta name=\"twitter:label1\" content=\"Dur\u00e9e de lecture estim\u00e9e\" \/>\n\t<meta name=\"twitter:data1\" content=\"2 minutes\" \/>\n<script type=\"application\/ld+json\" class=\"yoast-schema-graph\">{\"@context\":\"https:\\\/\\\/schema.org\",\"@graph\":[{\"@type\":\"WebPage\",\"@id\":\"https:\\\/\\\/www.reseau-entreprendre.org\\\/ain-val-de-saone\\\/accompagner\\\/\",\"url\":\"https:\\\/\\\/www.reseau-entreprendre.org\\\/ain-val-de-saone\\\/accompagner\\\/\",\"name\":\"Accompagner| Reseau Entreprendre Ain & Val de Sa\u00f4ne\",\"isPartOf\":{\"@id\":\"https:\\\/\\\/www.reseau-entreprendre.org\\\/ain-val-de-saone\\\/#website\"},\"primaryImageOfPage\":{\"@id\":\"https:\\\/\\\/www.reseau-entreprendre.org\\\/ain-val-de-saone\\\/accompagner\\\/#primaryimage\"},\"image\":{\"@id\":\"https:\\\/\\\/www.reseau-entreprendre.org\\\/ain-val-de-saone\\\/accompagner\\\/#primaryimage\"},\"thumbnailUrl\":\"https:\\\/\\\/www.reseau-entreprendre.org\\\/wp-content\\\/uploads\\\/sites\\\/57\\\/2017\\\/04\\\/reavs_accompagner1-300x225.jpg\",\"datePublished\":\"2022-11-21T07:54:11+00:00\",\"dateModified\":\"2022-11-21T07:54:12+00:00\",\"description\":\"Vous \u00eates chef d'entreprise et souhaitez accompagner de nouveaux entrepreneurs ? Devenez membre b\u00e9n\u00e9vole de R\u00e9seau Entreprendre Ain & Val de Sa\u00f4ne !\",\"breadcrumb\":{\"@id\":\"https:\\\/\\\/www.reseau-entreprendre.org\\\/ain-val-de-saone\\\/accompagner\\\/#breadcrumb\"},\"inLanguage\":\"fr-FR\",\"potentialAction\":[{\"@type\":\"ReadAction\",\"target\":[\"https:\\\/\\\/www.reseau-entreprendre.org\\\/ain-val-de-saone\\\/accompagner\\\/\"]}]},{\"@type\":\"ImageObject\",\"inLanguage\":\"fr-FR\",\"@id\":\"https:\\\/\\\/www.reseau-entreprendre.org\\\/ain-val-de-saone\\\/accompagner\\\/#primaryimage\",\"url\":\"https:\\\/\\\/www.reseau-entreprendre.org\\\/wp-content\\\/uploads\\\/sites\\\/57\\\/2017\\\/04\\\/reavs_accompagner1-300x225.jpg\",\"contentUrl\":\"https:\\\/\\\/www.reseau-entreprendre.org\\\/wp-content\\\/uploads\\\/sites\\\/57\\\/2017\\\/04\\\/reavs_accompagner1-300x225.jpg\"},{\"@type\":\"BreadcrumbList\",\"@id\":\"https:\\\/\\\/www.reseau-entreprendre.org\\\/ain-val-de-saone\\\/accompagner\\\/#breadcrumb\",\"itemListElement\":[{\"@type\":\"ListItem\",\"position\":1,\"name\":\"Accueil\",\"item\":\"https:\\\/\\\/www.reseau-entreprendre.org\\\/ain-val-de-saone\\\/\"},{\"@type\":\"ListItem\",\"position\":2,\"name\":\"Accompagner\"}]},{\"@type\":\"WebSite\",\"@id\":\"https:\\\/\\\/www.reseau-entreprendre.org\\\/ain-val-de-saone\\\/#website\",\"url\":\"https:\\\/\\\/www.reseau-entreprendre.org\\\/ain-val-de-saone\\\/\",\"name\":\"R\u00e9seau Entreprendre Ain &amp; Val de Sa\u00f4ne\",\"description\":\"Un site utilisant Les sites de R\u00e9seau Entreprendre\",\"potentialAction\":[{\"@type\":\"SearchAction\",\"target\":{\"@type\":\"EntryPoint\",\"urlTemplate\":\"https:\\\/\\\/www.reseau-entreprendre.org\\\/ain-val-de-saone\\\/?s={search_term_string}\"},\"query-input\":{\"@type\":\"PropertyValueSpecification\",\"valueRequired\":true,\"valueName\":\"search_term_string\"}}],\"inLanguage\":\"fr-FR\"}]}<\/script>\n<!-- \/ Yoast SEO plugin. -->","yoast_head_json":{"title":"Accompagner| Reseau Entreprendre Ain & Val de Sa\u00f4ne","description":"Vous \u00eates chef d'entreprise et souhaitez accompagner de nouveaux entrepreneurs ? Devenez membre b\u00e9n\u00e9vole de R\u00e9seau Entreprendre Ain & Val de Sa\u00f4ne !","robots":{"index":"index","follow":"follow","max-snippet":"max-snippet:-1","max-image-preview":"max-image-preview:large","max-video-preview":"max-video-preview:-1"},"canonical":"https:\/\/www.reseau-entreprendre.org\/ain-val-de-saone\/accompagner\/","og_locale":"fr_FR","og_type":"article","og_title":"Accompagner| Reseau Entreprendre Ain & Val de Sa\u00f4ne","og_description":"Vous \u00eates chef d'entreprise et souhaitez accompagner de nouveaux entrepreneurs ? Devenez membre b\u00e9n\u00e9vole de R\u00e9seau Entreprendre Ain & Val de Sa\u00f4ne !","og_url":"https:\/\/www.reseau-entreprendre.org\/ain-val-de-saone\/accompagner\/","og_site_name":"R\u00e9seau Entreprendre Ain &amp; Val de Sa\u00f4ne","article_modified_time":"2022-11-21T07:54:12+00:00","og_image":[{"url":"https:\/\/www.reseau-entreprendre.org\/wp-content\/uploads\/sites\/57\/2017\/04\/reavs_accompagner1-300x225.jpg","type":"","width":"","height":""}],"twitter_card":"summary_large_image","twitter_misc":{"Dur\u00e9e de lecture estim\u00e9e":"2 minutes"},"schema":{"@context":"https:\/\/schema.org","@graph":[{"@type":"WebPage","@id":"https:\/\/www.reseau-entreprendre.org\/ain-val-de-saone\/accompagner\/","url":"https:\/\/www.reseau-entreprendre.org\/ain-val-de-saone\/accompagner\/","name":"Accompagner| Reseau Entreprendre Ain & Val de Sa\u00f4ne","isPartOf":{"@id":"https:\/\/www.reseau-entreprendre.org\/ain-val-de-saone\/#website"},"primaryImageOfPage":{"@id":"https:\/\/www.reseau-entreprendre.org\/ain-val-de-saone\/accompagner\/#primaryimage"},"image":{"@id":"https:\/\/www.reseau-entreprendre.org\/ain-val-de-saone\/accompagner\/#primaryimage"},"thumbnailUrl":"https:\/\/www.reseau-entreprendre.org\/wp-content\/uploads\/sites\/57\/2017\/04\/reavs_accompagner1-300x225.jpg","datePublished":"2022-11-21T07:54:11+00:00","dateModified":"2022-11-21T07:54:12+00:00","description":"Vous \u00eates chef d'entreprise et souhaitez accompagner de nouveaux entrepreneurs ? Devenez membre b\u00e9n\u00e9vole de R\u00e9seau Entreprendre Ain & Val de Sa\u00f4ne !","breadcrumb":{"@id":"https:\/\/www.reseau-entreprendre.org\/ain-val-de-saone\/accompagner\/#breadcrumb"},"inLanguage":"fr-FR","potentialAction":[{"@type":"ReadAction","target":["https:\/\/www.reseau-entreprendre.org\/ain-val-de-saone\/accompagner\/"]}]},{"@type":"ImageObject","inLanguage":"fr-FR","@id":"https:\/\/www.reseau-entreprendre.org\/ain-val-de-saone\/accompagner\/#primaryimage","url":"https:\/\/www.reseau-entreprendre.org\/wp-content\/uploads\/sites\/57\/2017\/04\/reavs_accompagner1-300x225.jpg","contentUrl":"https:\/\/www.reseau-entreprendre.org\/wp-content\/uploads\/sites\/57\/2017\/04\/reavs_accompagner1-300x225.jpg"},{"@type":"BreadcrumbList","@id":"https:\/\/www.reseau-entreprendre.org\/ain-val-de-saone\/accompagner\/#breadcrumb","itemListElement":[{"@type":"ListItem","position":1,"name":"Accueil","item":"https:\/\/www.reseau-entreprendre.org\/ain-val-de-saone\/"},{"@type":"ListItem","position":2,"name":"Accompagner"}]},{"@type":"WebSite","@id":"https:\/\/www.reseau-entreprendre.org\/ain-val-de-saone\/#website","url":"https:\/\/www.reseau-entreprendre.org\/ain-val-de-saone\/","name":"R\u00e9seau Entreprendre Ain &amp; Val de Sa\u00f4ne","description":"Un site utilisant Les sites de R\u00e9seau Entreprendre","potentialAction":[{"@type":"SearchAction","target":{"@type":"EntryPoint","urlTemplate":"https:\/\/www.reseau-entreprendre.org\/ain-val-de-saone\/?s={search_term_string}"},"query-input":{"@type":"PropertyValueSpecification","valueRequired":true,"valueName":"search_term_string"}}],"inLanguage":"fr-FR"}]}},"_links":{"self":[{"href":"https:\/\/www.reseau-entreprendre.org\/ain-val-de-saone\/wp-json\/wp\/v2\/pages\/15","targetHints":{"allow":["GET"]}}],"collection":[{"href":"https:\/\/www.reseau-entreprendre.org\/ain-val-de-saone\/wp-json\/wp\/v2\/pages"}],"about":[{"href":"https:\/\/www.reseau-entreprendre.org\/ain-val-de-saone\/wp-json\/wp\/v2\/types\/page"}],"author":[{"embeddable":true,"href":"https:\/\/www.reseau-entreprendre.org\/ain-val-de-saone\/wp-json\/wp\/v2\/users\/1"}],"replies":[{"embeddable":true,"href":"https:\/\/www.reseau-entreprendre.org\/ain-val-de-saone\/wp-json\/wp\/v2\/comments?post=15"}],"version-history":[{"count":0,"href":"https:\/\/www.reseau-entreprendre.org\/ain-val-de-saone\/wp-json\/wp\/v2\/pages\/15\/revisions"}],"wp:attachment":[{"href":"https:\/\/www.reseau-entreprendre.org\/ain-val-de-saone\/wp-json\/wp\/v2\/media?parent=15"}],"curies":[{"name":"wp","href":"https:\/\/api.w.org\/{rel}","templated":true}]}}