{"id":17,"date":"2022-11-21T09:04:59","date_gmt":"2022-11-21T08:04:59","guid":{"rendered":"http:\/\/re-preprod-entreprendre.fr\/ain-val-de-saone\/?page_id=17"},"modified":"2022-11-21T09:05:00","modified_gmt":"2022-11-21T08:05:00","slug":"soutenir","status":"publish","type":"page","link":"https:\/\/www.reseau-entreprendre.org\/ain-val-de-saone\/soutenir\/","title":{"rendered":"Soutenir"},"content":{"rendered":"\n<div class=\"wp-block-columns are-vertically-aligned-center is-layout-flex wp-container-core-columns-is-layout-9d6595d7 wp-block-columns-is-layout-flex\">\n<div class=\"wp-block-column is-vertically-aligned-center is-layout-flow wp-block-column-is-layout-flow\" style=\"flex-basis:33.33%\"><div class=\"wp-block-image\">\n<figure class=\"alignleft\"><a href=\"https:\/\/www.reseau-entreprendre.org\/wp-content\/uploads\/sites\/57\/2017\/04\/reavs_soutenir1.jpg\"><img loading=\"lazy\" decoding=\"async\" width=\"300\" height=\"224\" src=\"https:\/\/www.reseau-entreprendre.org\/wp-content\/uploads\/sites\/57\/2017\/04\/reavs_soutenir1-300x224.jpg\" alt=\"\" class=\"wp-image-558\" srcset=\"https:\/\/www.reseau-entreprendre.org\/ain-val-de-saone\/wp-content\/uploads\/sites\/57\/2017\/04\/reavs_soutenir1-300x224.jpg 300w, https:\/\/www.reseau-entreprendre.org\/ain-val-de-saone\/wp-content\/uploads\/sites\/57\/2017\/04\/reavs_soutenir1-768x574.jpg 768w, https:\/\/www.reseau-entreprendre.org\/ain-val-de-saone\/wp-content\/uploads\/sites\/57\/2017\/04\/reavs_soutenir1-1024x765.jpg 1024w\" sizes=\"auto, (max-width: 300px) 100vw, 300px\" \/><\/a><\/figure>\n<\/div><\/div>\n\n\n\n<div class=\"wp-block-column is-vertically-aligned-center is-layout-flow wp-block-column-is-layout-flow\" style=\"flex-basis:66.66%\">\n<p>A ce titre dans le 1 er d\u00e9partement employeur de Main d\u2019\u0153uvre industrielle (hors Ile de France) de France&nbsp; nous faisons partie de l\u2019\u00e9cosyst\u00e8me&nbsp; \u00e0 l\u2019\u0153uvre sur le territoire pour accompagner les entreprises et leur d\u00e9veloppement.<\/p>\n\n\n\n<p>Nos partenaires sont des acteurs de l\u2019environnement entrepreneurial de l\u2019Ain et nous avons avec eux des relations de confiance et une communaut\u00e9 de valeurs.<\/p>\n<\/div>\n<\/div>\n\n\n\n<p>Nous les sollicitons afin qu\u2019ils apportent leur expertise m\u00e9tier ou sectorielle sur les projets que nous accompagnons.<\/p>\n\n\n\n<p>Ils nous sollicitent pour que nous \u00e9paulions un futur entrepreneur dans la bonification de son projet grace au regard transversal et g\u00e9n\u00e9raliste qui est le notre.<\/p>\n\n\n\n<p>Ainsi &nbsp;R\u00e9seau Entreprendre et ses partenaires mutualisent la diversit\u00e9 de leurs&nbsp; approches pour \u00eatre r\u00e9ellement efficace ,ensemble ,au service des cr\u00e9ateurs , repreneurs ou d\u00e9veloppeurs des entreprises de l\u2019Ain.<\/p>\n\n\n\n<p>L\u2019engagement de long terme des partenaires \u00e0 nos c\u00f4t\u00e9s nous permet bien au-del\u00e0 la technique de d\u00e9velopper des relations interpersonnelles qui facilitent en toute confiance l\u2019addition des savoir-faire autour des projets entrepreneuriaux qui quoi que l\u2019on dise sont toujours des projets ou le risque n\u2019est pas absent.<\/p>\n\n\n\n<p>S\u00e9curiser , conforter , soutenir les projets pour un maximum de chance de r\u00e9ussite ne peut pas \u00eatre l\u2019\u0153uvre d\u2019un seul.<\/p>\n\n\n\n<p>R\u00e9seau Entreprendre et ses partenaires veulent ensemble y parvenir.<\/p>\n\n\n\n<p>Promouvoir l&#8217;esprit entrepreneurial.<\/p>\n\n\n\n<p>Favoriser l&#8217;\u00e9mergence de projet \u00e0 potentiel, en cr\u00e9ation, en reprise et en d\u00e9veloppement d&#8217;entreprise.<\/p>\n\n\n\n<p>Aider le porteur de projet \u00e0 professionnaliser et valider sa d\u00e9marche.<\/p>\n\n\n\n<p>Offrir un lieu d&#8217;\u00e9change &nbsp;et d&#8217;entraide &nbsp;avec &nbsp;d&#8217;autres entrepreneurs.<\/p>\n\n\n\n<p>Assurer une mise en r\u00e9seau et une aide \u00e0 l&#8217;int\u00e9gration dans le tissu \u00e9conomique.<\/p>\n\n\n\n<p><strong>Avec vous nous pouvons !<\/strong><\/p>\n\n\n\n<p>Faites un don et b\u00e9n\u00e9ficiez d&#8217;avantages fiscaux li\u00e9s \u00e0 la Reconnaissance d&#8217;utilit\u00e9 publique de la Fondation R\u00e9seau Entreprendre.<\/p>\n\n\n\n<p><a href=\"https:\/\/www.reseau-entreprendre.org\/faire-un-don\/\" target=\"_blank\" rel=\"noreferrer noopener\">Le bulletin de don et le don en ligne <\/a>vous permettent de pr\u00e9ciser l\u2019association locale (<strong>Ain &amp; Val de Sa\u00f4ne bien sur<\/strong> !)&nbsp; qui b\u00e9n\u00e9ficiera de votre soutien.<\/p>\n\n\n\n<p>Choisissez Ain &amp; Val de Sa\u00f4ne en bas du formulaire de don,\u00a0 v<a href=\"https:\/\/www.reseau-entreprendre.org\/faire-un-don\/\" target=\"_blank\" rel=\"noreferrer noopener\">ous contribuez ainsi \u00e0 la cr\u00e9ation d\u2019emplois dans notre d\u00e9partement.<\/a>.<\/p>\n","protected":false},"excerpt":{"rendered":"<p>A ce titre dans le 1 er d\u00e9partement employeur de<\/p>\n","protected":false},"author":1,"featured_media":0,"parent":0,"menu_order":0,"comment_status":"closed","ping_status":"closed","template":"","meta":{"_acf_changed":false,"_monsterinsights_skip_tracking":false,"_monsterinsights_sitenote_active":false,"_monsterinsights_sitenote_note":"","_monsterinsights_sitenote_category":0,"footnotes":""},"class_list":["post-17","page","type-page","status-publish","hentry"],"acf":[],"yoast_head":"<!-- This site is optimized with the Yoast SEO plugin v27.4 - https:\/\/yoast.com\/product\/yoast-seo-wordpress\/ -->\n<title>Soutenir | Reseau Entreprendre Ain &amp; Val de Sa\u00f4ne<\/title>\n<meta name=\"description\" content=\"Partenaire, vous souhaitez soutenir un r\u00e9seau 100% chefs d&#039;entreprise ? Rejoignez R\u00e9seau Entreprendre Ain &amp; Val de Sa\u00f4ne\" \/>\n<meta name=\"robots\" content=\"index, follow, max-snippet:-1, max-image-preview:large, max-video-preview:-1\" \/>\n<link rel=\"canonical\" href=\"https:\/\/www.reseau-entreprendre.org\/ain-val-de-saone\/soutenir\/\" \/>\n<meta property=\"og:locale\" content=\"fr_FR\" \/>\n<meta property=\"og:type\" content=\"article\" \/>\n<meta property=\"og:title\" content=\"Soutenir | Reseau Entreprendre Ain &amp; Val de Sa\u00f4ne\" \/>\n<meta property=\"og:description\" content=\"Partenaire, vous souhaitez soutenir un r\u00e9seau 100% chefs d&#039;entreprise ? Rejoignez R\u00e9seau Entreprendre Ain &amp; Val de Sa\u00f4ne\" \/>\n<meta property=\"og:url\" content=\"https:\/\/www.reseau-entreprendre.org\/ain-val-de-saone\/soutenir\/\" \/>\n<meta property=\"og:site_name\" content=\"R\u00e9seau Entreprendre Ain &amp; Val de Sa\u00f4ne\" \/>\n<meta property=\"article:modified_time\" content=\"2022-11-21T08:05:00+00:00\" \/>\n<meta property=\"og:image\" content=\"https:\/\/www.reseau-entreprendre.org\/wp-content\/uploads\/sites\/57\/2017\/04\/reavs_soutenir1-300x224.jpg\" \/>\n<meta name=\"twitter:card\" content=\"summary_large_image\" \/>\n<meta name=\"twitter:label1\" content=\"Dur\u00e9e de lecture estim\u00e9e\" \/>\n\t<meta name=\"twitter:data1\" content=\"2 minutes\" \/>\n<script type=\"application\/ld+json\" class=\"yoast-schema-graph\">{\"@context\":\"https:\\\/\\\/schema.org\",\"@graph\":[{\"@type\":\"WebPage\",\"@id\":\"https:\\\/\\\/www.reseau-entreprendre.org\\\/ain-val-de-saone\\\/soutenir\\\/\",\"url\":\"https:\\\/\\\/www.reseau-entreprendre.org\\\/ain-val-de-saone\\\/soutenir\\\/\",\"name\":\"Soutenir | Reseau Entreprendre Ain & Val de Sa\u00f4ne\",\"isPartOf\":{\"@id\":\"https:\\\/\\\/www.reseau-entreprendre.org\\\/ain-val-de-saone\\\/#website\"},\"primaryImageOfPage\":{\"@id\":\"https:\\\/\\\/www.reseau-entreprendre.org\\\/ain-val-de-saone\\\/soutenir\\\/#primaryimage\"},\"image\":{\"@id\":\"https:\\\/\\\/www.reseau-entreprendre.org\\\/ain-val-de-saone\\\/soutenir\\\/#primaryimage\"},\"thumbnailUrl\":\"https:\\\/\\\/www.reseau-entreprendre.org\\\/wp-content\\\/uploads\\\/sites\\\/57\\\/2017\\\/04\\\/reavs_soutenir1-300x224.jpg\",\"datePublished\":\"2022-11-21T08:04:59+00:00\",\"dateModified\":\"2022-11-21T08:05:00+00:00\",\"description\":\"Partenaire, vous souhaitez soutenir un r\u00e9seau 100% chefs d'entreprise ? Rejoignez R\u00e9seau Entreprendre Ain & Val de Sa\u00f4ne\",\"breadcrumb\":{\"@id\":\"https:\\\/\\\/www.reseau-entreprendre.org\\\/ain-val-de-saone\\\/soutenir\\\/#breadcrumb\"},\"inLanguage\":\"fr-FR\",\"potentialAction\":[{\"@type\":\"ReadAction\",\"target\":[\"https:\\\/\\\/www.reseau-entreprendre.org\\\/ain-val-de-saone\\\/soutenir\\\/\"]}]},{\"@type\":\"ImageObject\",\"inLanguage\":\"fr-FR\",\"@id\":\"https:\\\/\\\/www.reseau-entreprendre.org\\\/ain-val-de-saone\\\/soutenir\\\/#primaryimage\",\"url\":\"https:\\\/\\\/www.reseau-entreprendre.org\\\/wp-content\\\/uploads\\\/sites\\\/57\\\/2017\\\/04\\\/reavs_soutenir1-300x224.jpg\",\"contentUrl\":\"https:\\\/\\\/www.reseau-entreprendre.org\\\/wp-content\\\/uploads\\\/sites\\\/57\\\/2017\\\/04\\\/reavs_soutenir1-300x224.jpg\"},{\"@type\":\"BreadcrumbList\",\"@id\":\"https:\\\/\\\/www.reseau-entreprendre.org\\\/ain-val-de-saone\\\/soutenir\\\/#breadcrumb\",\"itemListElement\":[{\"@type\":\"ListItem\",\"position\":1,\"name\":\"Accueil\",\"item\":\"https:\\\/\\\/www.reseau-entreprendre.org\\\/ain-val-de-saone\\\/\"},{\"@type\":\"ListItem\",\"position\":2,\"name\":\"Soutenir\"}]},{\"@type\":\"WebSite\",\"@id\":\"https:\\\/\\\/www.reseau-entreprendre.org\\\/ain-val-de-saone\\\/#website\",\"url\":\"https:\\\/\\\/www.reseau-entreprendre.org\\\/ain-val-de-saone\\\/\",\"name\":\"R\u00e9seau Entreprendre Ain &amp; Val de Sa\u00f4ne\",\"description\":\"Un site utilisant Les sites de R\u00e9seau Entreprendre\",\"potentialAction\":[{\"@type\":\"SearchAction\",\"target\":{\"@type\":\"EntryPoint\",\"urlTemplate\":\"https:\\\/\\\/www.reseau-entreprendre.org\\\/ain-val-de-saone\\\/?s={search_term_string}\"},\"query-input\":{\"@type\":\"PropertyValueSpecification\",\"valueRequired\":true,\"valueName\":\"search_term_string\"}}],\"inLanguage\":\"fr-FR\"}]}<\/script>\n<!-- \/ Yoast SEO plugin. -->","yoast_head_json":{"title":"Soutenir | Reseau Entreprendre Ain & Val de Sa\u00f4ne","description":"Partenaire, vous souhaitez soutenir un r\u00e9seau 100% chefs d'entreprise ? Rejoignez R\u00e9seau Entreprendre Ain & Val de Sa\u00f4ne","robots":{"index":"index","follow":"follow","max-snippet":"max-snippet:-1","max-image-preview":"max-image-preview:large","max-video-preview":"max-video-preview:-1"},"canonical":"https:\/\/www.reseau-entreprendre.org\/ain-val-de-saone\/soutenir\/","og_locale":"fr_FR","og_type":"article","og_title":"Soutenir | Reseau Entreprendre Ain & Val de Sa\u00f4ne","og_description":"Partenaire, vous souhaitez soutenir un r\u00e9seau 100% chefs d'entreprise ? Rejoignez R\u00e9seau Entreprendre Ain & Val de Sa\u00f4ne","og_url":"https:\/\/www.reseau-entreprendre.org\/ain-val-de-saone\/soutenir\/","og_site_name":"R\u00e9seau Entreprendre Ain &amp; Val de Sa\u00f4ne","article_modified_time":"2022-11-21T08:05:00+00:00","og_image":[{"url":"https:\/\/www.reseau-entreprendre.org\/wp-content\/uploads\/sites\/57\/2017\/04\/reavs_soutenir1-300x224.jpg","type":"","width":"","height":""}],"twitter_card":"summary_large_image","twitter_misc":{"Dur\u00e9e de lecture estim\u00e9e":"2 minutes"},"schema":{"@context":"https:\/\/schema.org","@graph":[{"@type":"WebPage","@id":"https:\/\/www.reseau-entreprendre.org\/ain-val-de-saone\/soutenir\/","url":"https:\/\/www.reseau-entreprendre.org\/ain-val-de-saone\/soutenir\/","name":"Soutenir | Reseau Entreprendre Ain & Val de Sa\u00f4ne","isPartOf":{"@id":"https:\/\/www.reseau-entreprendre.org\/ain-val-de-saone\/#website"},"primaryImageOfPage":{"@id":"https:\/\/www.reseau-entreprendre.org\/ain-val-de-saone\/soutenir\/#primaryimage"},"image":{"@id":"https:\/\/www.reseau-entreprendre.org\/ain-val-de-saone\/soutenir\/#primaryimage"},"thumbnailUrl":"https:\/\/www.reseau-entreprendre.org\/wp-content\/uploads\/sites\/57\/2017\/04\/reavs_soutenir1-300x224.jpg","datePublished":"2022-11-21T08:04:59+00:00","dateModified":"2022-11-21T08:05:00+00:00","description":"Partenaire, vous souhaitez soutenir un r\u00e9seau 100% chefs d'entreprise ? Rejoignez R\u00e9seau Entreprendre Ain & Val de Sa\u00f4ne","breadcrumb":{"@id":"https:\/\/www.reseau-entreprendre.org\/ain-val-de-saone\/soutenir\/#breadcrumb"},"inLanguage":"fr-FR","potentialAction":[{"@type":"ReadAction","target":["https:\/\/www.reseau-entreprendre.org\/ain-val-de-saone\/soutenir\/"]}]},{"@type":"ImageObject","inLanguage":"fr-FR","@id":"https:\/\/www.reseau-entreprendre.org\/ain-val-de-saone\/soutenir\/#primaryimage","url":"https:\/\/www.reseau-entreprendre.org\/wp-content\/uploads\/sites\/57\/2017\/04\/reavs_soutenir1-300x224.jpg","contentUrl":"https:\/\/www.reseau-entreprendre.org\/wp-content\/uploads\/sites\/57\/2017\/04\/reavs_soutenir1-300x224.jpg"},{"@type":"BreadcrumbList","@id":"https:\/\/www.reseau-entreprendre.org\/ain-val-de-saone\/soutenir\/#breadcrumb","itemListElement":[{"@type":"ListItem","position":1,"name":"Accueil","item":"https:\/\/www.reseau-entreprendre.org\/ain-val-de-saone\/"},{"@type":"ListItem","position":2,"name":"Soutenir"}]},{"@type":"WebSite","@id":"https:\/\/www.reseau-entreprendre.org\/ain-val-de-saone\/#website","url":"https:\/\/www.reseau-entreprendre.org\/ain-val-de-saone\/","name":"R\u00e9seau Entreprendre Ain &amp; Val de Sa\u00f4ne","description":"Un site utilisant Les sites de R\u00e9seau Entreprendre","potentialAction":[{"@type":"SearchAction","target":{"@type":"EntryPoint","urlTemplate":"https:\/\/www.reseau-entreprendre.org\/ain-val-de-saone\/?s={search_term_string}"},"query-input":{"@type":"PropertyValueSpecification","valueRequired":true,"valueName":"search_term_string"}}],"inLanguage":"fr-FR"}]}},"_links":{"self":[{"href":"https:\/\/www.reseau-entreprendre.org\/ain-val-de-saone\/wp-json\/wp\/v2\/pages\/17","targetHints":{"allow":["GET"]}}],"collection":[{"href":"https:\/\/www.reseau-entreprendre.org\/ain-val-de-saone\/wp-json\/wp\/v2\/pages"}],"about":[{"href":"https:\/\/www.reseau-entreprendre.org\/ain-val-de-saone\/wp-json\/wp\/v2\/types\/page"}],"author":[{"embeddable":true,"href":"https:\/\/www.reseau-entreprendre.org\/ain-val-de-saone\/wp-json\/wp\/v2\/users\/1"}],"replies":[{"embeddable":true,"href":"https:\/\/www.reseau-entreprendre.org\/ain-val-de-saone\/wp-json\/wp\/v2\/comments?post=17"}],"version-history":[{"count":0,"href":"https:\/\/www.reseau-entreprendre.org\/ain-val-de-saone\/wp-json\/wp\/v2\/pages\/17\/revisions"}],"wp:attachment":[{"href":"https:\/\/www.reseau-entreprendre.org\/ain-val-de-saone\/wp-json\/wp\/v2\/media?parent=17"}],"curies":[{"name":"wp","href":"https:\/\/api.w.org\/{rel}","templated":true}]}}