{"id":13,"date":"2018-01-16T12:00:34","date_gmt":"2018-01-16T11:00:34","guid":{"rendered":"http:\/\/re-preprod-entreprendre.fr\/alpes-du-sud\/?page_id=13"},"modified":"2022-04-26T11:35:55","modified_gmt":"2022-04-26T09:35:55","slug":"entreprendre","status":"publish","type":"page","link":"https:\/\/www.reseau-entreprendre.org\/alpes-du-sud\/entreprendre\/","title":{"rendered":"Entreprendre"},"content":{"rendered":"\n<h2 class=\"has-re-blue-color has-text-color wp-block-heading\">Notre force, c&#8217;est l&#8217;accompagnement des nouveaux entrepreneurs<\/h2>\n\n\n\n<p>Notre mission est de contribuer \u00e0 la r\u00e9ussite des projets de cr\u00e9ations\/reprises et d\u00e9veloppement de PME \u00e0 potentiel et cr\u00e9atrices d&#8217;emplois et de richesses.<\/p>\n\n\n\n<p>Le c\u0153ur de m\u00e9tier du R\u00e9seau Entreprendre, c&#8217;est l\u2019accompagnement par des chefs d&#8217;entreprise. L&#8217;engagement de ces chefs d&#8217;entreprise au sein du R\u00e9seau Entreprendre Alpes du Sud est aliment\u00e9 par leur passion de l&#8217;entrepreneuriat et leur envie de la transmettre \u00e0 de nouveaux entrepreneurs dans un esprit de citoyennet\u00e9 \u00e9conomique. Ainsi, les membres donnent b\u00e9n\u00e9volement de leur temps pour \u00e9tudier les projets, participer aux comit\u00e9s d&#8217;engagement, accompagner des laur\u00e9ats et animer leur association\u2026<\/p>\n\n\n\n<p>Cet accompagnement individuel est compl\u00e9t\u00e9 par un accompagnement collectif (clubs de laur\u00e9ats) et d&#8217;un&nbsp;financement sous forme de pr\u00eats d&#8217;honneur, \u00e0 effet levier sur les financements, notamment bancaires.<\/p>\n\n\n\n<p>L&#8217;accompagnement de R\u00e9seau Entreprendre Alpes du Sud s&#8217;adresse aux cr\u00e9ateurs et repreneurs qui, par l&#8217;ambition qu&#8217;ils portent, leur potentiel entrepreneurial, leur m\u00e9tier et le march\u00e9 auquel ils s&#8217;adressent, sont susceptibles de faire de leur entreprise, une PME apte \u00e0 se d\u00e9velopper.<\/p>\n\n\n\n<div style=\"height:40px\" aria-hidden=\"true\" class=\"wp-block-spacer\"><\/div>\n\n\n\n<h3 class=\"has-re-blue-color has-text-color wp-block-heading\">L\u2019action de R\u00e9seau Entreprendre est fond\u00e9e sur cinq valeurs fondamentales et un principe d\u2019action indissociable.<\/h3>\n\n\n\n<div style=\"height:12px\" aria-hidden=\"true\" class=\"wp-block-spacer\"><\/div>\n\n\n\n<h4 class=\"has-re-red-color has-text-color has-medium-font-size wp-block-heading\" style=\"font-style:normal;font-weight:600\">L\u2019important, c\u2019est la personne<\/h4>\n\n\n\n<p>Avant la qualit\u00e9 du projet qu\u2019elle porte, c\u2019est la personne elle-m\u00eame et son potentiel \u00e0 devenir entrepreneur, qui mobilise le soutien des chefs d\u2019entreprise.<\/p>\n\n\n\n<div style=\"height:25px\" aria-hidden=\"true\" class=\"wp-block-spacer\"><\/div>\n\n\n\n<h4 class=\"has-re-red-color has-text-color has-medium-font-size wp-block-heading\" style=\"font-style:normal;font-weight:600\">Le principe, c\u2019est la gratuit\u00e9<\/h4>\n\n\n\n<p>La gratuit\u00e9 de l\u2019offre aux cr\u00e9ateurs et repreneurs pour que toutes leurs ressources contribuent \u00e0 la r\u00e9ussite de leur projet et esprit de gratuit\u00e9 de ceux qui les accompagnent (citoyennet\u00e9 \u00e9conomique et d\u00e9sint\u00e9ressement).<\/p>\n\n\n\n<div style=\"height:25px\" aria-hidden=\"true\" class=\"wp-block-spacer\"><\/div>\n\n\n\n<h4 class=\"has-re-red-color has-text-color has-medium-font-size wp-block-heading\" style=\"font-style:normal;font-weight:600\">L\u2019esprit, c\u2019est la r\u00e9ciprocit\u00e9<\/h4>\n\n\n\n<p>Les b\u00e9n\u00e9ficiaires sont invit\u00e9s \u00e0 rendre demain \u00e0 d\u2019autres, ce qu\u2019ils re\u00e7oivent aujourd\u2019hui, devenant ainsi le maillon d\u2019une <a href=\"https:\/\/www.reseau-entreprendre.org\/fr\/entreprendre\/reussir-sa-creation\/mise-en-reseau\/\">cha\u00eene d\u2019entraide<\/a>&nbsp;entre chefs d\u2019entreprise.<\/p>\n\n\n\n<div style=\"height:19px\" aria-hidden=\"true\" class=\"wp-block-spacer\"><\/div>\n\n\n\n<p class=\"has-re-red-color has-text-color has-medium-font-size\" style=\"font-style:normal;font-weight:600\">Ce qui nous anime, c&#8217;est la solidarit\u00e9<\/p>\n\n\n\n<p>Notre action se veut inclusive en travaillant sur la diversit\u00e9 et en prenant soin de nos communaut\u00e9s.&nbsp;<\/p>\n\n\n\n<div style=\"height:20px\" aria-hidden=\"true\" class=\"wp-block-spacer\"><\/div>\n\n\n\n<p class=\"has-re-red-color has-text-color has-medium-font-size\" style=\"font-style:normal;font-weight:600\">Le moteur, c&#8217;est la bienveillance<\/p>\n\n\n\n<p>Nous prenons soin de nos membres, de nos collaborateurs, de nos laur\u00e9ats, de nos associations en adaptant notre mod\u00e8le \u00e0 tous les territoires.&nbsp;<\/p>\n\n\n\n<div style=\"height:23px\" aria-hidden=\"true\" class=\"wp-block-spacer\"><\/div>\n\n\n\n<figure class=\"wp-block-image size-large is-resized\"><img loading=\"lazy\" decoding=\"async\" src=\"https:\/\/www.reseau-entreprendre.org\/alpes-du-sud\/wp-content\/uploads\/sites\/80\/2022\/04\/VALEURS-RE-1024x679.png\" alt=\"\" class=\"wp-image-2069\" width=\"542\" height=\"345\" \/><\/figure>\n\n\n\n<p>Les membres b\u00e9n\u00e9voles de R\u00e9seau Entreprendre adh\u00e8rent \u00e0 ces valeurs fortes et forment un r\u00e9seau de solidarit\u00e9 au service de la cr\u00e9ation d\u2019emplois. Ils sont convaincus que la cr\u00e9ation d\u2019emplois est indissociable de la r\u00e9ussite des entrepreneurs et se mobilisent en cons\u00e9quence en apportant du temps, des moyens et des comp\u00e9tences.<\/p>\n\n\n\n<div style=\"height:40px\" aria-hidden=\"true\" class=\"wp-block-spacer\"><\/div>\n\n\n\n<h2 class=\"has-re-blue-color has-text-color wp-block-heading\">L\u2019offre d\u2019accompagnement de R\u00e9seau Entreprendre<\/h2>\n\n\n\n<p>La capacit\u00e9 \u00e0 cr\u00e9er des emplois est une condition indispensable pour b\u00e9n\u00e9ficier du soutien de R\u00e9seau Entreprendre. C\u2019est le crit\u00e8re de s\u00e9lection commun \u00e0 l\u2019ensemble de nos offres d\u2019accompagnement, auquel s\u2019ajoute l\u2019adh\u00e9sion de l\u2019entrepreneur aux valeurs de R\u00e9seau Entreprendre.<\/p>\n\n\n\n<p>Le R\u00e9seau Entreprendre propose un parcours d\u2019accompagnement, \u00e0 chaque \u00e9tape de la vie d\u2019une entreprise (Start-cr\u00e9ation, Start-reprise, Booster, Ambition) et adapt\u00e9 au type de projet (Innovation, Entrepreneuriat social et solidaire). Les entrepreneurs s\u00e9lectionn\u00e9s, les laur\u00e9ats, b\u00e9n\u00e9ficient tous de l\u2019accompagnement b\u00e9n\u00e9vole de nos chefs d\u2019entreprise.<\/p>\n\n\n\n<div class=\"wp-block-image\"><figure class=\"aligncenter\"><img loading=\"lazy\" decoding=\"async\" width=\"760\" height=\"800\" src=\"https:\/\/www.reseau-entreprendre.org\/wp-content\/uploads\/sites\/80\/2018\/01\/offres-2.jpg\" alt=\"\" class=\"wp-image-1100\" srcset=\"https:\/\/www.reseau-entreprendre.org\/alpes-du-sud\/wp-content\/uploads\/sites\/80\/2018\/01\/offres-2.jpg 760w, https:\/\/www.reseau-entreprendre.org\/alpes-du-sud\/wp-content\/uploads\/sites\/80\/2018\/01\/offres-2-285x300.jpg 285w\" sizes=\"auto, (max-width: 760px) 100vw, 760px\" \/><\/figure><\/div>\n","protected":false},"excerpt":{"rendered":"<p>Notre force, c&#8217;est l&#8217;accompagnement des nouveaux entrepreneurs Notre mission est<\/p>\n","protected":false},"author":99,"featured_media":0,"parent":0,"menu_order":0,"comment_status":"closed","ping_status":"closed","template":"","meta":{"_acf_changed":false,"_monsterinsights_skip_tracking":false,"_monsterinsights_sitenote_active":false,"_monsterinsights_sitenote_note":"","_monsterinsights_sitenote_category":0,"footnotes":""},"class_list":["post-13","page","type-page","status-publish","hentry"],"acf":[],"yoast_head":"<!-- This site is optimized with the Yoast SEO plugin v27.3 - https:\/\/yoast.com\/product\/yoast-seo-wordpress\/ -->\n<title>Entreprendre et Reprendre | Reseau Entreprendre Bretagne<\/title>\n<meta name=\"description\" content=\"Vous avez un projet de cr\u00e9ation d&#039;entreprise ? R\u00e9seau Entreprendre Bretagne vous accompagne gratuitement et dans la dur\u00e9e\" \/>\n<meta name=\"robots\" content=\"index, follow, max-snippet:-1, max-image-preview:large, max-video-preview:-1\" \/>\n<link rel=\"canonical\" href=\"https:\/\/www.reseau-entreprendre.org\/alpes-du-sud\/entreprendre\/\" \/>\n<meta property=\"og:locale\" content=\"fr_FR\" \/>\n<meta property=\"og:type\" content=\"article\" \/>\n<meta property=\"og:title\" content=\"D\u00e9couvrez l&#039;impact de R\u00e9seau Entreprendre\" \/>\n<meta property=\"og:description\" content=\"Vous avez un projet de cr\u00e9ation d&#039;entreprise ? R\u00e9seau Entreprendre Bretagne vous accompagne gratuitement et dans la dur\u00e9e\" \/>\n<meta property=\"og:url\" content=\"https:\/\/www.reseau-entreprendre.org\/alpes-du-sud\/entreprendre\/\" \/>\n<meta property=\"og:site_name\" content=\"R\u00e9seau Entreprendre Alpes du Sud\" \/>\n<meta property=\"article:modified_time\" content=\"2022-04-26T09:35:55+00:00\" \/>\n<meta property=\"og:image\" content=\"https:\/\/www.reseau-entreprendre.org\/alpes-du-sud\/wp-content\/uploads\/sites\/80\/2022\/04\/VALEURS-RE-1024x679.png\" \/>\n<meta name=\"twitter:card\" content=\"summary_large_image\" \/>\n<meta name=\"twitter:label1\" content=\"Dur\u00e9e de lecture estim\u00e9e\" \/>\n\t<meta name=\"twitter:data1\" content=\"3 minutes\" \/>\n<script type=\"application\/ld+json\" class=\"yoast-schema-graph\">{\"@context\":\"https:\\\/\\\/schema.org\",\"@graph\":[{\"@type\":\"WebPage\",\"@id\":\"https:\\\/\\\/www.reseau-entreprendre.org\\\/alpes-du-sud\\\/entreprendre\\\/\",\"url\":\"https:\\\/\\\/www.reseau-entreprendre.org\\\/alpes-du-sud\\\/entreprendre\\\/\",\"name\":\"Entreprendre et Reprendre | Reseau Entreprendre Bretagne\",\"isPartOf\":{\"@id\":\"https:\\\/\\\/www.reseau-entreprendre.org\\\/alpes-du-sud\\\/#website\"},\"primaryImageOfPage\":{\"@id\":\"https:\\\/\\\/www.reseau-entreprendre.org\\\/alpes-du-sud\\\/entreprendre\\\/#primaryimage\"},\"image\":{\"@id\":\"https:\\\/\\\/www.reseau-entreprendre.org\\\/alpes-du-sud\\\/entreprendre\\\/#primaryimage\"},\"thumbnailUrl\":\"https:\\\/\\\/www.reseau-entreprendre.org\\\/alpes-du-sud\\\/wp-content\\\/uploads\\\/sites\\\/80\\\/2022\\\/04\\\/VALEURS-RE-1024x679.png\",\"datePublished\":\"2018-01-16T11:00:34+00:00\",\"dateModified\":\"2022-04-26T09:35:55+00:00\",\"description\":\"Vous avez un projet de cr\u00e9ation d'entreprise ? R\u00e9seau Entreprendre Bretagne vous accompagne gratuitement et dans la dur\u00e9e\",\"breadcrumb\":{\"@id\":\"https:\\\/\\\/www.reseau-entreprendre.org\\\/alpes-du-sud\\\/entreprendre\\\/#breadcrumb\"},\"inLanguage\":\"fr-FR\",\"potentialAction\":[{\"@type\":\"ReadAction\",\"target\":[\"https:\\\/\\\/www.reseau-entreprendre.org\\\/alpes-du-sud\\\/entreprendre\\\/\"]}]},{\"@type\":\"ImageObject\",\"inLanguage\":\"fr-FR\",\"@id\":\"https:\\\/\\\/www.reseau-entreprendre.org\\\/alpes-du-sud\\\/entreprendre\\\/#primaryimage\",\"url\":\"https:\\\/\\\/www.reseau-entreprendre.org\\\/alpes-du-sud\\\/wp-content\\\/uploads\\\/sites\\\/80\\\/2022\\\/04\\\/VALEURS-RE.png\",\"contentUrl\":\"https:\\\/\\\/www.reseau-entreprendre.org\\\/alpes-du-sud\\\/wp-content\\\/uploads\\\/sites\\\/80\\\/2022\\\/04\\\/VALEURS-RE.png\",\"width\":1053,\"height\":698},{\"@type\":\"BreadcrumbList\",\"@id\":\"https:\\\/\\\/www.reseau-entreprendre.org\\\/alpes-du-sud\\\/entreprendre\\\/#breadcrumb\",\"itemListElement\":[{\"@type\":\"ListItem\",\"position\":1,\"name\":\"Accueil\",\"item\":\"https:\\\/\\\/www.reseau-entreprendre.org\\\/alpes-du-sud\\\/\"},{\"@type\":\"ListItem\",\"position\":2,\"name\":\"Entreprendre\"}]},{\"@type\":\"WebSite\",\"@id\":\"https:\\\/\\\/www.reseau-entreprendre.org\\\/alpes-du-sud\\\/#website\",\"url\":\"https:\\\/\\\/www.reseau-entreprendre.org\\\/alpes-du-sud\\\/\",\"name\":\"R\u00e9seau Entreprendre Alpes du Sud\",\"description\":\"Un site utilisant Les sites de R\u00e9seau Entreprendre\",\"publisher\":{\"@id\":\"https:\\\/\\\/www.reseau-entreprendre.org\\\/alpes-du-sud\\\/#organization\"},\"potentialAction\":[{\"@type\":\"SearchAction\",\"target\":{\"@type\":\"EntryPoint\",\"urlTemplate\":\"https:\\\/\\\/www.reseau-entreprendre.org\\\/alpes-du-sud\\\/?s={search_term_string}\"},\"query-input\":{\"@type\":\"PropertyValueSpecification\",\"valueRequired\":true,\"valueName\":\"search_term_string\"}}],\"inLanguage\":\"fr-FR\"},{\"@type\":\"Organization\",\"@id\":\"https:\\\/\\\/www.reseau-entreprendre.org\\\/alpes-du-sud\\\/#organization\",\"name\":\"R\u00e9seau Entreprendre Alpes du Sud\",\"url\":\"https:\\\/\\\/www.reseau-entreprendre.org\\\/alpes-du-sud\\\/\",\"logo\":{\"@type\":\"ImageObject\",\"inLanguage\":\"fr-FR\",\"@id\":\"https:\\\/\\\/www.reseau-entreprendre.org\\\/alpes-du-sud\\\/#\\\/schema\\\/logo\\\/image\\\/\",\"url\":\"https:\\\/\\\/www.reseau-entreprendre.org\\\/alpes-du-sud\\\/wp-content\\\/uploads\\\/sites\\\/80\\\/2022\\\/05\\\/logo_200-e1653996972738.png\",\"contentUrl\":\"https:\\\/\\\/www.reseau-entreprendre.org\\\/alpes-du-sud\\\/wp-content\\\/uploads\\\/sites\\\/80\\\/2022\\\/05\\\/logo_200-e1653996972738.png\",\"width\":120,\"height\":84,\"caption\":\"R\u00e9seau Entreprendre Alpes du Sud\"},\"image\":{\"@id\":\"https:\\\/\\\/www.reseau-entreprendre.org\\\/alpes-du-sud\\\/#\\\/schema\\\/logo\\\/image\\\/\"}}]}<\/script>\n<!-- \/ Yoast SEO plugin. -->","yoast_head_json":{"title":"Entreprendre et Reprendre | Reseau Entreprendre Bretagne","description":"Vous avez un projet de cr\u00e9ation d'entreprise ? R\u00e9seau Entreprendre Bretagne vous accompagne gratuitement et dans la dur\u00e9e","robots":{"index":"index","follow":"follow","max-snippet":"max-snippet:-1","max-image-preview":"max-image-preview:large","max-video-preview":"max-video-preview:-1"},"canonical":"https:\/\/www.reseau-entreprendre.org\/alpes-du-sud\/entreprendre\/","og_locale":"fr_FR","og_type":"article","og_title":"D\u00e9couvrez l'impact de R\u00e9seau Entreprendre","og_description":"Vous avez un projet de cr\u00e9ation d'entreprise ? R\u00e9seau Entreprendre Bretagne vous accompagne gratuitement et dans la dur\u00e9e","og_url":"https:\/\/www.reseau-entreprendre.org\/alpes-du-sud\/entreprendre\/","og_site_name":"R\u00e9seau Entreprendre Alpes du Sud","article_modified_time":"2022-04-26T09:35:55+00:00","og_image":[{"url":"https:\/\/www.reseau-entreprendre.org\/alpes-du-sud\/wp-content\/uploads\/sites\/80\/2022\/04\/VALEURS-RE-1024x679.png","type":"","width":"","height":""}],"twitter_card":"summary_large_image","twitter_misc":{"Dur\u00e9e de lecture estim\u00e9e":"3 minutes"},"schema":{"@context":"https:\/\/schema.org","@graph":[{"@type":"WebPage","@id":"https:\/\/www.reseau-entreprendre.org\/alpes-du-sud\/entreprendre\/","url":"https:\/\/www.reseau-entreprendre.org\/alpes-du-sud\/entreprendre\/","name":"Entreprendre et Reprendre | Reseau Entreprendre Bretagne","isPartOf":{"@id":"https:\/\/www.reseau-entreprendre.org\/alpes-du-sud\/#website"},"primaryImageOfPage":{"@id":"https:\/\/www.reseau-entreprendre.org\/alpes-du-sud\/entreprendre\/#primaryimage"},"image":{"@id":"https:\/\/www.reseau-entreprendre.org\/alpes-du-sud\/entreprendre\/#primaryimage"},"thumbnailUrl":"https:\/\/www.reseau-entreprendre.org\/alpes-du-sud\/wp-content\/uploads\/sites\/80\/2022\/04\/VALEURS-RE-1024x679.png","datePublished":"2018-01-16T11:00:34+00:00","dateModified":"2022-04-26T09:35:55+00:00","description":"Vous avez un projet de cr\u00e9ation d'entreprise ? R\u00e9seau Entreprendre Bretagne vous accompagne gratuitement et dans la dur\u00e9e","breadcrumb":{"@id":"https:\/\/www.reseau-entreprendre.org\/alpes-du-sud\/entreprendre\/#breadcrumb"},"inLanguage":"fr-FR","potentialAction":[{"@type":"ReadAction","target":["https:\/\/www.reseau-entreprendre.org\/alpes-du-sud\/entreprendre\/"]}]},{"@type":"ImageObject","inLanguage":"fr-FR","@id":"https:\/\/www.reseau-entreprendre.org\/alpes-du-sud\/entreprendre\/#primaryimage","url":"https:\/\/www.reseau-entreprendre.org\/alpes-du-sud\/wp-content\/uploads\/sites\/80\/2022\/04\/VALEURS-RE.png","contentUrl":"https:\/\/www.reseau-entreprendre.org\/alpes-du-sud\/wp-content\/uploads\/sites\/80\/2022\/04\/VALEURS-RE.png","width":1053,"height":698},{"@type":"BreadcrumbList","@id":"https:\/\/www.reseau-entreprendre.org\/alpes-du-sud\/entreprendre\/#breadcrumb","itemListElement":[{"@type":"ListItem","position":1,"name":"Accueil","item":"https:\/\/www.reseau-entreprendre.org\/alpes-du-sud\/"},{"@type":"ListItem","position":2,"name":"Entreprendre"}]},{"@type":"WebSite","@id":"https:\/\/www.reseau-entreprendre.org\/alpes-du-sud\/#website","url":"https:\/\/www.reseau-entreprendre.org\/alpes-du-sud\/","name":"R\u00e9seau Entreprendre Alpes du Sud","description":"Un site utilisant Les sites de R\u00e9seau Entreprendre","publisher":{"@id":"https:\/\/www.reseau-entreprendre.org\/alpes-du-sud\/#organization"},"potentialAction":[{"@type":"SearchAction","target":{"@type":"EntryPoint","urlTemplate":"https:\/\/www.reseau-entreprendre.org\/alpes-du-sud\/?s={search_term_string}"},"query-input":{"@type":"PropertyValueSpecification","valueRequired":true,"valueName":"search_term_string"}}],"inLanguage":"fr-FR"},{"@type":"Organization","@id":"https:\/\/www.reseau-entreprendre.org\/alpes-du-sud\/#organization","name":"R\u00e9seau Entreprendre Alpes du Sud","url":"https:\/\/www.reseau-entreprendre.org\/alpes-du-sud\/","logo":{"@type":"ImageObject","inLanguage":"fr-FR","@id":"https:\/\/www.reseau-entreprendre.org\/alpes-du-sud\/#\/schema\/logo\/image\/","url":"https:\/\/www.reseau-entreprendre.org\/alpes-du-sud\/wp-content\/uploads\/sites\/80\/2022\/05\/logo_200-e1653996972738.png","contentUrl":"https:\/\/www.reseau-entreprendre.org\/alpes-du-sud\/wp-content\/uploads\/sites\/80\/2022\/05\/logo_200-e1653996972738.png","width":120,"height":84,"caption":"R\u00e9seau Entreprendre Alpes du Sud"},"image":{"@id":"https:\/\/www.reseau-entreprendre.org\/alpes-du-sud\/#\/schema\/logo\/image\/"}}]}},"_links":{"self":[{"href":"https:\/\/www.reseau-entreprendre.org\/alpes-du-sud\/wp-json\/wp\/v2\/pages\/13","targetHints":{"allow":["GET"]}}],"collection":[{"href":"https:\/\/www.reseau-entreprendre.org\/alpes-du-sud\/wp-json\/wp\/v2\/pages"}],"about":[{"href":"https:\/\/www.reseau-entreprendre.org\/alpes-du-sud\/wp-json\/wp\/v2\/types\/page"}],"author":[{"embeddable":true,"href":"https:\/\/www.reseau-entreprendre.org\/alpes-du-sud\/wp-json\/wp\/v2\/users\/99"}],"replies":[{"embeddable":true,"href":"https:\/\/www.reseau-entreprendre.org\/alpes-du-sud\/wp-json\/wp\/v2\/comments?post=13"}],"version-history":[{"count":0,"href":"https:\/\/www.reseau-entreprendre.org\/alpes-du-sud\/wp-json\/wp\/v2\/pages\/13\/revisions"}],"wp:attachment":[{"href":"https:\/\/www.reseau-entreprendre.org\/alpes-du-sud\/wp-json\/wp\/v2\/media?parent=13"}],"curies":[{"name":"wp","href":"https:\/\/api.w.org\/{rel}","templated":true}]}}