{"id":13,"date":"2017-04-28T12:33:34","date_gmt":"2017-04-28T10:33:34","guid":{"rendered":"https:\/\/www.reseau-entreprendre.org\/alsace\/?page_id=13"},"modified":"2022-09-05T16:44:52","modified_gmt":"2022-09-05T14:44:52","slug":"entreprendre","status":"publish","type":"page","link":"https:\/\/www.reseau-entreprendre.org\/alsace\/entreprendre\/","title":{"rendered":"Nous rejoindre"},"content":{"rendered":"\n<p>L\u2019association R\u00e9seau Entreprendre Alsace a \u00e9t\u00e9 cr\u00e9\u00e9e en 2003 \u00e0 Strasbourg. Elle f\u00e9d\u00e8re les porteurs de projets et dirigeants d&#8217;entreprise en provenance de toute l&#8217;Alsace. &nbsp;<strong>Notre association compte \u00e0 ce jour plus de 200 membres, tous entrepreneurs alsaciens.<\/strong><\/p>\n\n\n\n<p><\/p>\n\n\n\n<div style=\"height:26px\" aria-hidden=\"true\" class=\"wp-block-spacer\"><\/div>\n\n\n\n<h2 class=\"wp-block-heading\">Vous souhaitez nous rejoindre ? <\/h2>\n\n\n\n<p><\/p>\n\n\n\n<div style=\"height:29px\" aria-hidden=\"true\" class=\"wp-block-spacer\"><\/div>\n\n\n\n<p>La&nbsp;mission premi\u00e8re de R\u00e9seau Entreprendre Alsace est&nbsp;<strong>l\u2019aide \u00e0 la&nbsp;cr\u00e9ation d\u2019emplois<\/strong>. Pour cela, l\u2019\u00e9quipe met tout en \u0153uvre pour fid\u00e9liser des chefs d\u2019entreprise pr\u00eats \u00e0 s\u2019engager dans une d\u00e9marche soci\u00e9tale. Notre volont\u00e9 est de&nbsp;<strong>soutenir des cr\u00e9ateurs, repreneurs et d\u00e9veloppeurs d\u2019entreprise avec un accompagnement humain et financier.&nbsp;<\/strong>Tous les membres de l&#8217;association b\u00e9n\u00e9ficient \u00e9galement d\u2019une mise en r\u00e9seau dans la vie locale, r\u00e9gionale et nationale.<\/p>\n\n\n\n<p>Depuis sa cr\u00e9ation, R\u00e9seau Entreprendre Alsace a accompagn\u00e9 environ<strong>&nbsp;250 <\/strong>entrepreneurs,&nbsp;soit pr\u00e8s de<strong>&nbsp;200 projets . En septembre 2021, l\u2019association comptait 46 personnes en cours d\u2019accompagnement<\/strong>, en programmes<a href=\"https:\/\/www.reseau-entreprendre.org\/alsace\/entreprendre\/\">&nbsp;START, BOOSTER et AMBITION<\/a>. L\u2019impact de notre accompagnement humain et financier est fort, car le<strong>&nbsp;taux de p\u00e9rennit\u00e9 des entreprises soutenues est d\u2019environ 90% \u00e0 5 ans<\/strong>.<\/p>\n\n\n\n<p><\/p>\n\n\n\n<div style=\"height:46px\" aria-hidden=\"true\" class=\"wp-block-spacer\"><\/div>\n\n\n\n<div class=\"wp-block-columns is-layout-flex wp-container-core-columns-is-layout-9d6595d7 wp-block-columns-is-layout-flex\">\n<div class=\"wp-block-column is-layout-flow wp-block-column-is-layout-flow\">\n<h3 class=\"has-text-align-center wp-block-heading\">Adh\u00e9rer, \u0153uvrer pour l&#8217;association<\/h3>\n<\/div>\n\n\n\n<div class=\"wp-block-column is-layout-flow wp-block-column-is-layout-flow\">\n<h3 class=\"has-text-align-center wp-block-heading\">\u00catre accompagn\u00e9 par le R\u00e9seau<\/h3>\n<\/div>\n<\/div>\n\n\n\n<div class=\"wp-block-columns is-layout-flex wp-container-core-columns-is-layout-9d6595d7 wp-block-columns-is-layout-flex\">\n<div class=\"wp-block-column is-layout-flow wp-block-column-is-layout-flow\">\n<p>Vous \u00eates dirigeant  implant\u00e9 en Alsace : vous souhaitez participer au d\u00e9veloppement \u00e9conomique de notre r\u00e9gion, aider \u00e0 la cr\u00e9ation d&#8217;emplois, accompagner de nouveaux entrepreneurs et\/ou b\u00e9n\u00e9ficier d&#8217;une mise en r\u00e9seau  ? <\/p>\n\n\n\n<p class=\"has-text-align-center\"><strong>Rejoignez-nous en devenant<\/strong> <strong>membre R\u00e9seau Entreprendre Alsace<\/strong><\/p>\n\n\n\n<div class=\"wp-block-buttons is-layout-flex wp-block-buttons-is-layout-flex\">\n<div class=\"wp-block-button aligncenter\"><a class=\"wp-block-button__link\" href=\"https:\/\/www.reseau-entreprendre.org\/alsace\/soutenir-2\/\" target=\"_blank\" rel=\"noreferrer noopener\">En savoir plus<\/a><\/div>\n<\/div>\n<\/div>\n\n\n\n<div class=\"wp-block-column is-layout-flow wp-block-column-is-layout-flow\">\n<p>Vous \u00eates bas\u00e9 en Alsace et porteur d&#8217;un projet de cr\u00e9ation ou de reprise, nouveau dirigeant ou dirigeant d&#8217;une entreprise en d\u00e9veloppement ? Vous souhaitez \u00eatre accompagn\u00e9 par un chef d&#8217;entreprise exp\u00e9riment\u00e9 ? <\/p>\n\n\n\n<p class=\"has-text-align-center\"><strong>Rejoignez-nous en devenant Laur\u00e9at R\u00e9seau Entreprendre Alsace<\/strong><\/p>\n\n\n\n<div class=\"wp-block-buttons is-layout-flex wp-block-buttons-is-layout-flex\">\n<div class=\"wp-block-button aligncenter\"><a class=\"wp-block-button__link\" href=\"https:\/\/www.reseau-entreprendre.org\/alsace\/entreprendre-2\/\" target=\"_blank\" rel=\"noreferrer noopener\">En savoir plus <\/a><\/div>\n<\/div>\n<\/div>\n<\/div>\n","protected":false},"excerpt":{"rendered":"<p>L\u2019association R\u00e9seau Entreprendre Alsace a \u00e9t\u00e9 cr\u00e9\u00e9e en 2003 \u00e0<\/p>\n","protected":false},"author":57,"featured_media":0,"parent":0,"menu_order":0,"comment_status":"closed","ping_status":"closed","template":"","meta":{"_acf_changed":false,"_monsterinsights_skip_tracking":false,"_monsterinsights_sitenote_active":false,"_monsterinsights_sitenote_note":"","_monsterinsights_sitenote_category":0,"footnotes":""},"class_list":["post-13","page","type-page","status-publish","hentry"],"acf":[],"yoast_head":"<!-- This site is optimized with the Yoast SEO plugin v27.4 - https:\/\/yoast.com\/product\/yoast-seo-wordpress\/ -->\n<title>Entreprendre | Aide \u00e0 la cr\u00e9ation d&#039;entreprise | Reseau Entreprendre Alsace<\/title>\n<meta name=\"description\" content=\"Vous avez un projet de cr\u00e9ation d&#039;entreprise ? R\u00e9seau Entreprendre Alsace, une aide \u00e0 la cr\u00e9ation d&#039;entreprise, accompagne gratuitement et dans la dur\u00e9e.\" \/>\n<meta name=\"robots\" content=\"index, follow, max-snippet:-1, max-image-preview:large, max-video-preview:-1\" \/>\n<link rel=\"canonical\" href=\"https:\/\/www.reseau-entreprendre.org\/alsace\/entreprendre\/\" \/>\n<meta property=\"og:locale\" content=\"fr_FR\" \/>\n<meta property=\"og:type\" content=\"article\" \/>\n<meta property=\"og:title\" content=\"Entreprendre | Aide \u00e0 la cr\u00e9ation d&#039;entreprise | Reseau Entreprendre Alsace\" \/>\n<meta property=\"og:description\" content=\"Vous avez un projet de cr\u00e9ation d&#039;entreprise ? R\u00e9seau Entreprendre Alsace, une aide \u00e0 la cr\u00e9ation d&#039;entreprise, accompagne gratuitement et dans la dur\u00e9e.\" \/>\n<meta property=\"og:url\" content=\"https:\/\/www.reseau-entreprendre.org\/alsace\/entreprendre\/\" \/>\n<meta property=\"og:site_name\" content=\"R\u00e9seau Entreprendre Alsace\" \/>\n<meta property=\"article:modified_time\" content=\"2022-09-05T14:44:52+00:00\" \/>\n<meta name=\"twitter:card\" content=\"summary_large_image\" \/>\n<meta name=\"twitter:label1\" content=\"Dur\u00e9e de lecture estim\u00e9e\" \/>\n\t<meta name=\"twitter:data1\" content=\"2 minutes\" \/>\n<script type=\"application\/ld+json\" class=\"yoast-schema-graph\">{\"@context\":\"https:\\\/\\\/schema.org\",\"@graph\":[{\"@type\":\"WebPage\",\"@id\":\"https:\\\/\\\/www.reseau-entreprendre.org\\\/alsace\\\/entreprendre\\\/\",\"url\":\"https:\\\/\\\/www.reseau-entreprendre.org\\\/alsace\\\/entreprendre\\\/\",\"name\":\"Entreprendre | Aide \u00e0 la cr\u00e9ation d'entreprise | Reseau Entreprendre Alsace\",\"isPartOf\":{\"@id\":\"https:\\\/\\\/www.reseau-entreprendre.org\\\/alsace\\\/#website\"},\"datePublished\":\"2017-04-28T10:33:34+00:00\",\"dateModified\":\"2022-09-05T14:44:52+00:00\",\"description\":\"Vous avez un projet de cr\u00e9ation d'entreprise ? R\u00e9seau Entreprendre Alsace, une aide \u00e0 la cr\u00e9ation d'entreprise, accompagne gratuitement et dans la dur\u00e9e.\",\"breadcrumb\":{\"@id\":\"https:\\\/\\\/www.reseau-entreprendre.org\\\/alsace\\\/entreprendre\\\/#breadcrumb\"},\"inLanguage\":\"fr-FR\",\"potentialAction\":[{\"@type\":\"ReadAction\",\"target\":[\"https:\\\/\\\/www.reseau-entreprendre.org\\\/alsace\\\/entreprendre\\\/\"]}]},{\"@type\":\"BreadcrumbList\",\"@id\":\"https:\\\/\\\/www.reseau-entreprendre.org\\\/alsace\\\/entreprendre\\\/#breadcrumb\",\"itemListElement\":[{\"@type\":\"ListItem\",\"position\":1,\"name\":\"Accueil\",\"item\":\"https:\\\/\\\/www.reseau-entreprendre.org\\\/alsace\\\/\"},{\"@type\":\"ListItem\",\"position\":2,\"name\":\"Nous rejoindre\"}]},{\"@type\":\"WebSite\",\"@id\":\"https:\\\/\\\/www.reseau-entreprendre.org\\\/alsace\\\/#website\",\"url\":\"https:\\\/\\\/www.reseau-entreprendre.org\\\/alsace\\\/\",\"name\":\"R\u00e9seau Entreprendre Alsace\",\"description\":\"Un site utilisant Les sites de R\u00e9seau Entreprendre\",\"potentialAction\":[{\"@type\":\"SearchAction\",\"target\":{\"@type\":\"EntryPoint\",\"urlTemplate\":\"https:\\\/\\\/www.reseau-entreprendre.org\\\/alsace\\\/?s={search_term_string}\"},\"query-input\":{\"@type\":\"PropertyValueSpecification\",\"valueRequired\":true,\"valueName\":\"search_term_string\"}}],\"inLanguage\":\"fr-FR\"}]}<\/script>\n<!-- \/ Yoast SEO plugin. -->","yoast_head_json":{"title":"Entreprendre | Aide \u00e0 la cr\u00e9ation d'entreprise | Reseau Entreprendre Alsace","description":"Vous avez un projet de cr\u00e9ation d'entreprise ? R\u00e9seau Entreprendre Alsace, une aide \u00e0 la cr\u00e9ation d'entreprise, accompagne gratuitement et dans la dur\u00e9e.","robots":{"index":"index","follow":"follow","max-snippet":"max-snippet:-1","max-image-preview":"max-image-preview:large","max-video-preview":"max-video-preview:-1"},"canonical":"https:\/\/www.reseau-entreprendre.org\/alsace\/entreprendre\/","og_locale":"fr_FR","og_type":"article","og_title":"Entreprendre | Aide \u00e0 la cr\u00e9ation d'entreprise | Reseau Entreprendre Alsace","og_description":"Vous avez un projet de cr\u00e9ation d'entreprise ? R\u00e9seau Entreprendre Alsace, une aide \u00e0 la cr\u00e9ation d'entreprise, accompagne gratuitement et dans la dur\u00e9e.","og_url":"https:\/\/www.reseau-entreprendre.org\/alsace\/entreprendre\/","og_site_name":"R\u00e9seau Entreprendre Alsace","article_modified_time":"2022-09-05T14:44:52+00:00","twitter_card":"summary_large_image","twitter_misc":{"Dur\u00e9e de lecture estim\u00e9e":"2 minutes"},"schema":{"@context":"https:\/\/schema.org","@graph":[{"@type":"WebPage","@id":"https:\/\/www.reseau-entreprendre.org\/alsace\/entreprendre\/","url":"https:\/\/www.reseau-entreprendre.org\/alsace\/entreprendre\/","name":"Entreprendre | Aide \u00e0 la cr\u00e9ation d'entreprise | Reseau Entreprendre Alsace","isPartOf":{"@id":"https:\/\/www.reseau-entreprendre.org\/alsace\/#website"},"datePublished":"2017-04-28T10:33:34+00:00","dateModified":"2022-09-05T14:44:52+00:00","description":"Vous avez un projet de cr\u00e9ation d'entreprise ? R\u00e9seau Entreprendre Alsace, une aide \u00e0 la cr\u00e9ation d'entreprise, accompagne gratuitement et dans la dur\u00e9e.","breadcrumb":{"@id":"https:\/\/www.reseau-entreprendre.org\/alsace\/entreprendre\/#breadcrumb"},"inLanguage":"fr-FR","potentialAction":[{"@type":"ReadAction","target":["https:\/\/www.reseau-entreprendre.org\/alsace\/entreprendre\/"]}]},{"@type":"BreadcrumbList","@id":"https:\/\/www.reseau-entreprendre.org\/alsace\/entreprendre\/#breadcrumb","itemListElement":[{"@type":"ListItem","position":1,"name":"Accueil","item":"https:\/\/www.reseau-entreprendre.org\/alsace\/"},{"@type":"ListItem","position":2,"name":"Nous rejoindre"}]},{"@type":"WebSite","@id":"https:\/\/www.reseau-entreprendre.org\/alsace\/#website","url":"https:\/\/www.reseau-entreprendre.org\/alsace\/","name":"R\u00e9seau Entreprendre Alsace","description":"Un site utilisant Les sites de R\u00e9seau Entreprendre","potentialAction":[{"@type":"SearchAction","target":{"@type":"EntryPoint","urlTemplate":"https:\/\/www.reseau-entreprendre.org\/alsace\/?s={search_term_string}"},"query-input":{"@type":"PropertyValueSpecification","valueRequired":true,"valueName":"search_term_string"}}],"inLanguage":"fr-FR"}]}},"_links":{"self":[{"href":"https:\/\/www.reseau-entreprendre.org\/alsace\/wp-json\/wp\/v2\/pages\/13","targetHints":{"allow":["GET"]}}],"collection":[{"href":"https:\/\/www.reseau-entreprendre.org\/alsace\/wp-json\/wp\/v2\/pages"}],"about":[{"href":"https:\/\/www.reseau-entreprendre.org\/alsace\/wp-json\/wp\/v2\/types\/page"}],"author":[{"embeddable":true,"href":"https:\/\/www.reseau-entreprendre.org\/alsace\/wp-json\/wp\/v2\/users\/57"}],"replies":[{"embeddable":true,"href":"https:\/\/www.reseau-entreprendre.org\/alsace\/wp-json\/wp\/v2\/comments?post=13"}],"version-history":[{"count":0,"href":"https:\/\/www.reseau-entreprendre.org\/alsace\/wp-json\/wp\/v2\/pages\/13\/revisions"}],"wp:attachment":[{"href":"https:\/\/www.reseau-entreprendre.org\/alsace\/wp-json\/wp\/v2\/media?parent=13"}],"curies":[{"name":"wp","href":"https:\/\/api.w.org\/{rel}","templated":true}]}}