{"id":17,"date":"2017-04-28T12:34:01","date_gmt":"2017-04-28T10:34:01","guid":{"rendered":"https:\/\/www.reseau-entreprendre.org\/alsace\/?page_id=17"},"modified":"2022-09-05T17:41:02","modified_gmt":"2022-09-05T15:41:02","slug":"soutenir-3","status":"publish","type":"page","link":"https:\/\/www.reseau-entreprendre.org\/alsace\/soutenir-3\/","title":{"rendered":"Soutenir"},"content":{"rendered":"\n<p>Nos partenaires ont une place tr\u00e8s importante, car ils repr\u00e9sentent un soutien financier et humain. Ils interviennent, chacun \u00e0 leur niveau, dans la vie de l&#8217;association.<\/p>\n\n\n\n<p>Par exemple, les partenaires financiers abondent \u00e0 notre fonds de pr\u00eat car nous ne b\u00e9n\u00e9ficions pas de fonds publics. Une majorit\u00e9 souscrit \u00e0 des packs communication et contribuent ainsi \u00e0 l\u2019organisation de manifestations telles que la F\u00eate des Laur\u00e9ats, l\u2019Assembl\u00e9e G\u00e9n\u00e9rale, etc. <\/p>\n\n\n\n<p>En tant que partenaire de R\u00e9seau Entreprendre Alsace, vous pouvez aussi mettre \u00e0 disposition des locaux pour des r\u00e9unions et des \u00e9v\u00e9nements. Vous pouvez m\u00eame nous solliciter pour organiser vos propres \u00e9v\u00e9nements \u00e0 destination des membres du r\u00e9seau (visite d&#8217;entreprise, petit d\u00e9jeuner th\u00e9matique &#8230;). <\/p>\n\n\n\n<p>Enfin, en tant que partenaire de R\u00e9seau Entreprendre Alsace, vous pouvez &#8211; si vous le souhaitez &#8211;  devenir mentor. Le mentoring consiste \u00e0 accompagner personnellement un porteur de projet ou un entrepreneur en croissance, \u00e0 raison de quelques rendez-vous par trimestre. <\/p>\n\n\n\n<p><strong>Quel que soit votre mode d&#8217;intervention, vous contribuez \u00e0 la dynamisation du r\u00e9seau et au d\u00e9veloppement \u00e9conomique de notre r\u00e9gion<\/strong><\/p>\n\n\n\n<div style=\"height:36px\" aria-hidden=\"true\" class=\"wp-block-spacer\"><\/div>\n\n\n\n<h2 class=\"wp-block-heading\">Vous \u00eates une entreprise ou une institution : devenez partenaire de R\u00e9seau Entreprendre Alsace !<\/h2>\n\n\n\n<div style=\"height:36px\" aria-hidden=\"true\" class=\"wp-block-spacer\"><\/div>\n\n\n\n<p>R\u00e9seau Entreprendre, un r\u00e9seau national d&#8217;entraide entrepreneuriale.<\/p>\n\n\n\n<p>Etre partenaire et soutenir R\u00e9seau Entreprendre Alsace, c&#8217;est&nbsp;:<\/p>\n\n\n\n<ul class=\"wp-block-list\"><li>Participer \u00e0 un r\u00e9seau dynamique de plus de 200 chefs d&#8217;entreprises engag\u00e9s citoyens.<\/li><li>Soutenir la cr\u00e9ation d&#8217;emplois durables en Alsace.<\/li><li>Faire vivre les valeurs entrepreneuriales \u00e0 vos \u00e9quipes.<\/li><li>Valoriser vos actions en faveur du d\u00e9veloppement \u00e9conomique local.<\/li><li>C&#8217;est aussi une multitude d&#8217;actions que nous pouvons d\u00e9finir avec vous en fonction de vos attentes.<\/li><\/ul>\n\n\n\n<div class=\"wp-block-buttons is-content-justification-center is-layout-flex wp-container-core-buttons-is-layout-16018d1d wp-block-buttons-is-layout-flex\">\n<div class=\"wp-block-button\"><a class=\"wp-block-button__link\" href=\"https:\/\/www.reseau-entreprendre.org\/alsace\/contact\/\" target=\"_blank\" rel=\"noreferrer noopener\">Contactez-nous <\/a><\/div>\n<\/div>\n\n\n\n<h3 class=\"wp-block-heading\">Nos partenaires<\/h3>\n\n\n\n<p><\/p>\n\n\n<div data-block_6255a1c80dd80 class=\"re-partners-home align\">\n  \n  <\/div>\n","protected":false},"excerpt":{"rendered":"<p>Nos partenaires ont une place tr\u00e8s importante, car ils repr\u00e9sentent<\/p>\n","protected":false},"author":1,"featured_media":0,"parent":0,"menu_order":0,"comment_status":"closed","ping_status":"closed","template":"","meta":{"_acf_changed":false,"_monsterinsights_skip_tracking":false,"_monsterinsights_sitenote_active":false,"_monsterinsights_sitenote_note":"","_monsterinsights_sitenote_category":0,"footnotes":""},"class_list":["post-17","page","type-page","status-publish","hentry"],"acf":[],"yoast_head":"<!-- This site is optimized with the Yoast SEO plugin v27.3 - https:\/\/yoast.com\/product\/yoast-seo-wordpress\/ -->\n<title>Soutenir | Partenaires Reseau Entreprendre Alsace<\/title>\n<meta name=\"description\" content=\"Vous souhaitez soutenir un r\u00e9seau 100% chefs d&#039;entreprise ? Rejoignez R\u00e9seau Entreprendre Alsace et int\u00e9grez une communaut\u00e9 de plus de 150 membres.\" \/>\n<meta name=\"robots\" content=\"index, follow, max-snippet:-1, max-image-preview:large, max-video-preview:-1\" \/>\n<link rel=\"canonical\" href=\"https:\/\/www.reseau-entreprendre.org\/alsace\/soutenir-3\/\" \/>\n<meta property=\"og:locale\" content=\"fr_FR\" \/>\n<meta property=\"og:type\" content=\"article\" \/>\n<meta property=\"og:title\" content=\"Soutenir | Partenaires Reseau Entreprendre Alsace\" \/>\n<meta property=\"og:description\" content=\"Vous souhaitez soutenir un r\u00e9seau 100% chefs d&#039;entreprise ? Rejoignez R\u00e9seau Entreprendre Alsace et int\u00e9grez une communaut\u00e9 de plus de 150 membres.\" \/>\n<meta property=\"og:url\" content=\"https:\/\/www.reseau-entreprendre.org\/alsace\/soutenir-3\/\" \/>\n<meta property=\"og:site_name\" content=\"R\u00e9seau Entreprendre Alsace\" \/>\n<meta property=\"article:modified_time\" content=\"2022-09-05T15:41:02+00:00\" \/>\n<meta name=\"twitter:card\" content=\"summary_large_image\" \/>\n<meta name=\"twitter:label1\" content=\"Dur\u00e9e de lecture estim\u00e9e\" \/>\n\t<meta name=\"twitter:data1\" content=\"2 minutes\" \/>\n<script type=\"application\/ld+json\" class=\"yoast-schema-graph\">{\"@context\":\"https:\\\/\\\/schema.org\",\"@graph\":[{\"@type\":\"WebPage\",\"@id\":\"https:\\\/\\\/www.reseau-entreprendre.org\\\/alsace\\\/soutenir-3\\\/\",\"url\":\"https:\\\/\\\/www.reseau-entreprendre.org\\\/alsace\\\/soutenir-3\\\/\",\"name\":\"Soutenir | Partenaires Reseau Entreprendre Alsace\",\"isPartOf\":{\"@id\":\"https:\\\/\\\/www.reseau-entreprendre.org\\\/alsace\\\/#website\"},\"datePublished\":\"2017-04-28T10:34:01+00:00\",\"dateModified\":\"2022-09-05T15:41:02+00:00\",\"description\":\"Vous souhaitez soutenir un r\u00e9seau 100% chefs d'entreprise ? Rejoignez R\u00e9seau Entreprendre Alsace et int\u00e9grez une communaut\u00e9 de plus de 150 membres.\",\"breadcrumb\":{\"@id\":\"https:\\\/\\\/www.reseau-entreprendre.org\\\/alsace\\\/soutenir-3\\\/#breadcrumb\"},\"inLanguage\":\"fr-FR\",\"potentialAction\":[{\"@type\":\"ReadAction\",\"target\":[\"https:\\\/\\\/www.reseau-entreprendre.org\\\/alsace\\\/soutenir-3\\\/\"]}]},{\"@type\":\"BreadcrumbList\",\"@id\":\"https:\\\/\\\/www.reseau-entreprendre.org\\\/alsace\\\/soutenir-3\\\/#breadcrumb\",\"itemListElement\":[{\"@type\":\"ListItem\",\"position\":1,\"name\":\"Accueil\",\"item\":\"https:\\\/\\\/www.reseau-entreprendre.org\\\/alsace\\\/\"},{\"@type\":\"ListItem\",\"position\":2,\"name\":\"Soutenir\"}]},{\"@type\":\"WebSite\",\"@id\":\"https:\\\/\\\/www.reseau-entreprendre.org\\\/alsace\\\/#website\",\"url\":\"https:\\\/\\\/www.reseau-entreprendre.org\\\/alsace\\\/\",\"name\":\"R\u00e9seau Entreprendre Alsace\",\"description\":\"Un site utilisant Les sites de R\u00e9seau Entreprendre\",\"potentialAction\":[{\"@type\":\"SearchAction\",\"target\":{\"@type\":\"EntryPoint\",\"urlTemplate\":\"https:\\\/\\\/www.reseau-entreprendre.org\\\/alsace\\\/?s={search_term_string}\"},\"query-input\":{\"@type\":\"PropertyValueSpecification\",\"valueRequired\":true,\"valueName\":\"search_term_string\"}}],\"inLanguage\":\"fr-FR\"}]}<\/script>\n<!-- \/ Yoast SEO plugin. -->","yoast_head_json":{"title":"Soutenir | Partenaires Reseau Entreprendre Alsace","description":"Vous souhaitez soutenir un r\u00e9seau 100% chefs d'entreprise ? Rejoignez R\u00e9seau Entreprendre Alsace et int\u00e9grez une communaut\u00e9 de plus de 150 membres.","robots":{"index":"index","follow":"follow","max-snippet":"max-snippet:-1","max-image-preview":"max-image-preview:large","max-video-preview":"max-video-preview:-1"},"canonical":"https:\/\/www.reseau-entreprendre.org\/alsace\/soutenir-3\/","og_locale":"fr_FR","og_type":"article","og_title":"Soutenir | Partenaires Reseau Entreprendre Alsace","og_description":"Vous souhaitez soutenir un r\u00e9seau 100% chefs d'entreprise ? Rejoignez R\u00e9seau Entreprendre Alsace et int\u00e9grez une communaut\u00e9 de plus de 150 membres.","og_url":"https:\/\/www.reseau-entreprendre.org\/alsace\/soutenir-3\/","og_site_name":"R\u00e9seau Entreprendre Alsace","article_modified_time":"2022-09-05T15:41:02+00:00","twitter_card":"summary_large_image","twitter_misc":{"Dur\u00e9e de lecture estim\u00e9e":"2 minutes"},"schema":{"@context":"https:\/\/schema.org","@graph":[{"@type":"WebPage","@id":"https:\/\/www.reseau-entreprendre.org\/alsace\/soutenir-3\/","url":"https:\/\/www.reseau-entreprendre.org\/alsace\/soutenir-3\/","name":"Soutenir | Partenaires Reseau Entreprendre Alsace","isPartOf":{"@id":"https:\/\/www.reseau-entreprendre.org\/alsace\/#website"},"datePublished":"2017-04-28T10:34:01+00:00","dateModified":"2022-09-05T15:41:02+00:00","description":"Vous souhaitez soutenir un r\u00e9seau 100% chefs d'entreprise ? Rejoignez R\u00e9seau Entreprendre Alsace et int\u00e9grez une communaut\u00e9 de plus de 150 membres.","breadcrumb":{"@id":"https:\/\/www.reseau-entreprendre.org\/alsace\/soutenir-3\/#breadcrumb"},"inLanguage":"fr-FR","potentialAction":[{"@type":"ReadAction","target":["https:\/\/www.reseau-entreprendre.org\/alsace\/soutenir-3\/"]}]},{"@type":"BreadcrumbList","@id":"https:\/\/www.reseau-entreprendre.org\/alsace\/soutenir-3\/#breadcrumb","itemListElement":[{"@type":"ListItem","position":1,"name":"Accueil","item":"https:\/\/www.reseau-entreprendre.org\/alsace\/"},{"@type":"ListItem","position":2,"name":"Soutenir"}]},{"@type":"WebSite","@id":"https:\/\/www.reseau-entreprendre.org\/alsace\/#website","url":"https:\/\/www.reseau-entreprendre.org\/alsace\/","name":"R\u00e9seau Entreprendre Alsace","description":"Un site utilisant Les sites de R\u00e9seau Entreprendre","potentialAction":[{"@type":"SearchAction","target":{"@type":"EntryPoint","urlTemplate":"https:\/\/www.reseau-entreprendre.org\/alsace\/?s={search_term_string}"},"query-input":{"@type":"PropertyValueSpecification","valueRequired":true,"valueName":"search_term_string"}}],"inLanguage":"fr-FR"}]}},"_links":{"self":[{"href":"https:\/\/www.reseau-entreprendre.org\/alsace\/wp-json\/wp\/v2\/pages\/17","targetHints":{"allow":["GET"]}}],"collection":[{"href":"https:\/\/www.reseau-entreprendre.org\/alsace\/wp-json\/wp\/v2\/pages"}],"about":[{"href":"https:\/\/www.reseau-entreprendre.org\/alsace\/wp-json\/wp\/v2\/types\/page"}],"author":[{"embeddable":true,"href":"https:\/\/www.reseau-entreprendre.org\/alsace\/wp-json\/wp\/v2\/users\/1"}],"replies":[{"embeddable":true,"href":"https:\/\/www.reseau-entreprendre.org\/alsace\/wp-json\/wp\/v2\/comments?post=17"}],"version-history":[{"count":0,"href":"https:\/\/www.reseau-entreprendre.org\/alsace\/wp-json\/wp\/v2\/pages\/17\/revisions"}],"wp:attachment":[{"href":"https:\/\/www.reseau-entreprendre.org\/alsace\/wp-json\/wp\/v2\/media?parent=17"}],"curies":[{"name":"wp","href":"https:\/\/api.w.org\/{rel}","templated":true}]}}