{"id":2945,"date":"2017-12-08T16:48:00","date_gmt":"2017-12-08T15:48:00","guid":{"rendered":"https:\/\/www.reseau-entreprendre.org\/alsace\/?page_id=2945"},"modified":"2022-03-11T15:56:31","modified_gmt":"2022-03-11T14:56:31","slug":"accompagnement-ambition-by-reseau-entreprendre","status":"publish","type":"page","link":"https:\/\/www.reseau-entreprendre.org\/alsace\/accompagnement\/accompagnement-ambition-by-reseau-entreprendre\/","title":{"rendered":"Accompagnement Ambition by R\u00e9seau Entreprendre"},"content":{"rendered":"\n<p>Changez d\u2019\u00e9chelle et doublez l\u2019activit\u00e9 de votre entreprise: R\u00e9seau Entreprendre Alsace accompagne dans la croissance de votre entreprise.<\/p>\n\n\n\n<h2 class=\"wp-block-heading\">Parcours du programme d\u2019accompagnement Ambition<\/h2>\n\n\n\n<p>Les <strong>dirigeants d\u2019entreprises<\/strong> qui int\u00e8grent le programme Ambition peuvent b\u00e9n\u00e9ficier :<\/p>\n\n\n\n<h3 class=\"wp-block-heading\">D&#8217;un accompagnement coll\u00e9gial&nbsp;par des chefs d\u2019entreprise exp\u00e9riment\u00e9s<\/h3>\n\n\n\n<ul class=\"wp-block-list\"><li>Trimestriel pendant <strong>3 ans<\/strong><\/li><li>2 \u00e0 4 dirigeants dont l&#8217;entreprise a connu une forte croissance guident ensemble un dirigeant d\u2019entreprise qui a de forts objectifs de croissance<\/li><li>Les rencontres entre le dirigeant d\u2019entreprise et les chefs d\u2019entreprise accompagnateurs ont lieu tous les trois mois durant une p\u00e9riode de 3 ans<\/li><\/ul>\n\n\n\n<h3 class=\"wp-block-heading\">D&#8217;un Pr\u00eat Bpifrance \u00e0 l&#8217;entreprise<\/h3>\n\n\n\n<p>Par la Banque publique d\u2019investissement, <strong>de 100 \u00e0 300 K\u20ac<\/strong>, au taux en vigueur et sans garantie<\/p>\n\n\n\n<h3 class=\"wp-block-heading\">D&#8217;une mise en r\u00e9seau<\/h3>\n\n\n\n<ul class=\"wp-block-list\"><li>locale, nationale et internationale (R\u00e9seau Entreprendre f\u00e9d\u00e8re <strong>14 000 chefs d\u2019entreprise<\/strong>)<\/li><\/ul>\n\n\n\n<h2 class=\"wp-block-heading\">Pourquoi le programme Ambition ?<\/h2>\n\n\n\n<ul class=\"wp-block-list\"><li>Renforcer votre posture de chef d\u2019entreprise de croissance<\/li><li>Garder align\u00e9es strat\u00e9gie de croissance et ex\u00e9cution op\u00e9rationnelle<\/li><li>Mettre en place une gouvernance d\u2019entreprise choisie et responsable<\/li><\/ul>\n\n\n\n<h3 class=\"wp-block-heading\">Objectif<\/h3>\n\n\n\n<ul class=\"wp-block-list\"><li>Devenir une PME d\u2019envergure<\/li><li>Doubler la taille de l\u2019entreprise en 3 \u00e0 4 ans<\/li><\/ul>\n\n\n\n<h3 class=\"wp-block-heading\">Conditions d\u2019entr\u00e9e<\/h3>\n\n\n\n<ul class=\"wp-block-list\"><li>Chiffre d\u2019affaires &gt; 1 M\u20ac ; pour pouvoir int\u00e9grer le programme Ambition, votre entreprise doit r\u00e9aliser un chiffre d\u2019affaires sup\u00e9rieur \u00e0 1 million d\u2019euros\u2026<\/li><li>Au moins 15 salari\u00e9s<\/li><\/ul>\n\n\n\n<h2 class=\"wp-block-heading\">Comment rejoindre le programme Ambition ?<\/h2>\n\n\n\n<p>Chef d\u2019entreprise, vous souhaitez faire changer d\u2019\u00e9chelle \u00e0 votre PME (petite et moyenne entreprise) en Alsace et \u00eatre guid\u00e9s dans la croissance de votre PME :<\/p>\n\n\n\n<div class=\"wp-block-buttons is-content-justification-center is-layout-flex wp-container-core-buttons-is-layout-16018d1d wp-block-buttons-is-layout-flex\">\n<div class=\"wp-block-button\"><a class=\"wp-block-button__link\" href=\"https:\/\/www.reseau-entreprendre.org\/alsace\/contact\/\" target=\"_blank\" rel=\"noreferrer noopener\">Remplir une demande <\/a><\/div>\n<\/div>\n","protected":false},"excerpt":{"rendered":"<p>Changez d\u2019\u00e9chelle et doublez l\u2019activit\u00e9 de votre entreprise: R\u00e9seau Entreprendre<\/p>\n","protected":false},"author":124,"featured_media":0,"parent":2974,"menu_order":0,"comment_status":"closed","ping_status":"closed","template":"","meta":{"_acf_changed":false,"_monsterinsights_skip_tracking":false,"_monsterinsights_sitenote_active":false,"_monsterinsights_sitenote_note":"","_monsterinsights_sitenote_category":0,"footnotes":""},"class_list":["post-2945","page","type-page","status-publish","hentry"],"acf":[],"yoast_head":"<!-- This site is optimized with the Yoast SEO plugin v27.4 - https:\/\/yoast.com\/product\/yoast-seo-wordpress\/ -->\n<title>Accompagnement Ambition by R\u00e9seau Entreprendre - R\u00e9seau Entreprendre Alsace<\/title>\n<meta name=\"robots\" content=\"index, follow, max-snippet:-1, max-image-preview:large, max-video-preview:-1\" \/>\n<link rel=\"canonical\" href=\"https:\/\/www.reseau-entreprendre.org\/alsace\/accompagnement\/accompagnement-ambition-by-reseau-entreprendre\/\" \/>\n<meta property=\"og:locale\" content=\"fr_FR\" \/>\n<meta property=\"og:type\" content=\"article\" \/>\n<meta property=\"og:title\" content=\"Accompagnement Ambition by R\u00e9seau Entreprendre - R\u00e9seau Entreprendre Alsace\" \/>\n<meta property=\"og:description\" content=\"Changez d\u2019\u00e9chelle et doublez l\u2019activit\u00e9 de votre entreprise: R\u00e9seau Entreprendre\" \/>\n<meta property=\"og:url\" content=\"https:\/\/www.reseau-entreprendre.org\/alsace\/accompagnement\/accompagnement-ambition-by-reseau-entreprendre\/\" \/>\n<meta property=\"og:site_name\" content=\"R\u00e9seau Entreprendre Alsace\" \/>\n<meta property=\"article:modified_time\" content=\"2022-03-11T14:56:31+00:00\" \/>\n<meta name=\"twitter:card\" content=\"summary_large_image\" \/>\n<meta name=\"twitter:label1\" content=\"Dur\u00e9e de lecture estim\u00e9e\" \/>\n\t<meta name=\"twitter:data1\" content=\"2 minutes\" \/>\n<script type=\"application\/ld+json\" class=\"yoast-schema-graph\">{\"@context\":\"https:\\\/\\\/schema.org\",\"@graph\":[{\"@type\":\"WebPage\",\"@id\":\"https:\\\/\\\/www.reseau-entreprendre.org\\\/alsace\\\/accompagnement\\\/accompagnement-ambition-by-reseau-entreprendre\\\/\",\"url\":\"https:\\\/\\\/www.reseau-entreprendre.org\\\/alsace\\\/accompagnement\\\/accompagnement-ambition-by-reseau-entreprendre\\\/\",\"name\":\"Accompagnement Ambition by R\u00e9seau Entreprendre - R\u00e9seau Entreprendre Alsace\",\"isPartOf\":{\"@id\":\"https:\\\/\\\/www.reseau-entreprendre.org\\\/alsace\\\/#website\"},\"datePublished\":\"2017-12-08T15:48:00+00:00\",\"dateModified\":\"2022-03-11T14:56:31+00:00\",\"breadcrumb\":{\"@id\":\"https:\\\/\\\/www.reseau-entreprendre.org\\\/alsace\\\/accompagnement\\\/accompagnement-ambition-by-reseau-entreprendre\\\/#breadcrumb\"},\"inLanguage\":\"fr-FR\",\"potentialAction\":[{\"@type\":\"ReadAction\",\"target\":[\"https:\\\/\\\/www.reseau-entreprendre.org\\\/alsace\\\/accompagnement\\\/accompagnement-ambition-by-reseau-entreprendre\\\/\"]}]},{\"@type\":\"BreadcrumbList\",\"@id\":\"https:\\\/\\\/www.reseau-entreprendre.org\\\/alsace\\\/accompagnement\\\/accompagnement-ambition-by-reseau-entreprendre\\\/#breadcrumb\",\"itemListElement\":[{\"@type\":\"ListItem\",\"position\":1,\"name\":\"Accueil\",\"item\":\"https:\\\/\\\/www.reseau-entreprendre.org\\\/alsace\\\/\"},{\"@type\":\"ListItem\",\"position\":2,\"name\":\"Nos accompagnements\",\"item\":\"https:\\\/\\\/www.reseau-entreprendre.org\\\/alsace\\\/accompagnement\\\/\"},{\"@type\":\"ListItem\",\"position\":3,\"name\":\"Accompagnement Ambition by R\u00e9seau Entreprendre\"}]},{\"@type\":\"WebSite\",\"@id\":\"https:\\\/\\\/www.reseau-entreprendre.org\\\/alsace\\\/#website\",\"url\":\"https:\\\/\\\/www.reseau-entreprendre.org\\\/alsace\\\/\",\"name\":\"R\u00e9seau Entreprendre Alsace\",\"description\":\"Un site utilisant Les sites de R\u00e9seau Entreprendre\",\"potentialAction\":[{\"@type\":\"SearchAction\",\"target\":{\"@type\":\"EntryPoint\",\"urlTemplate\":\"https:\\\/\\\/www.reseau-entreprendre.org\\\/alsace\\\/?s={search_term_string}\"},\"query-input\":{\"@type\":\"PropertyValueSpecification\",\"valueRequired\":true,\"valueName\":\"search_term_string\"}}],\"inLanguage\":\"fr-FR\"}]}<\/script>\n<!-- \/ Yoast SEO plugin. -->","yoast_head_json":{"title":"Accompagnement Ambition by R\u00e9seau Entreprendre - R\u00e9seau Entreprendre Alsace","robots":{"index":"index","follow":"follow","max-snippet":"max-snippet:-1","max-image-preview":"max-image-preview:large","max-video-preview":"max-video-preview:-1"},"canonical":"https:\/\/www.reseau-entreprendre.org\/alsace\/accompagnement\/accompagnement-ambition-by-reseau-entreprendre\/","og_locale":"fr_FR","og_type":"article","og_title":"Accompagnement Ambition by R\u00e9seau Entreprendre - R\u00e9seau Entreprendre Alsace","og_description":"Changez d\u2019\u00e9chelle et doublez l\u2019activit\u00e9 de votre entreprise: R\u00e9seau Entreprendre","og_url":"https:\/\/www.reseau-entreprendre.org\/alsace\/accompagnement\/accompagnement-ambition-by-reseau-entreprendre\/","og_site_name":"R\u00e9seau Entreprendre Alsace","article_modified_time":"2022-03-11T14:56:31+00:00","twitter_card":"summary_large_image","twitter_misc":{"Dur\u00e9e de lecture estim\u00e9e":"2 minutes"},"schema":{"@context":"https:\/\/schema.org","@graph":[{"@type":"WebPage","@id":"https:\/\/www.reseau-entreprendre.org\/alsace\/accompagnement\/accompagnement-ambition-by-reseau-entreprendre\/","url":"https:\/\/www.reseau-entreprendre.org\/alsace\/accompagnement\/accompagnement-ambition-by-reseau-entreprendre\/","name":"Accompagnement Ambition by R\u00e9seau Entreprendre - R\u00e9seau Entreprendre Alsace","isPartOf":{"@id":"https:\/\/www.reseau-entreprendre.org\/alsace\/#website"},"datePublished":"2017-12-08T15:48:00+00:00","dateModified":"2022-03-11T14:56:31+00:00","breadcrumb":{"@id":"https:\/\/www.reseau-entreprendre.org\/alsace\/accompagnement\/accompagnement-ambition-by-reseau-entreprendre\/#breadcrumb"},"inLanguage":"fr-FR","potentialAction":[{"@type":"ReadAction","target":["https:\/\/www.reseau-entreprendre.org\/alsace\/accompagnement\/accompagnement-ambition-by-reseau-entreprendre\/"]}]},{"@type":"BreadcrumbList","@id":"https:\/\/www.reseau-entreprendre.org\/alsace\/accompagnement\/accompagnement-ambition-by-reseau-entreprendre\/#breadcrumb","itemListElement":[{"@type":"ListItem","position":1,"name":"Accueil","item":"https:\/\/www.reseau-entreprendre.org\/alsace\/"},{"@type":"ListItem","position":2,"name":"Nos accompagnements","item":"https:\/\/www.reseau-entreprendre.org\/alsace\/accompagnement\/"},{"@type":"ListItem","position":3,"name":"Accompagnement Ambition by R\u00e9seau Entreprendre"}]},{"@type":"WebSite","@id":"https:\/\/www.reseau-entreprendre.org\/alsace\/#website","url":"https:\/\/www.reseau-entreprendre.org\/alsace\/","name":"R\u00e9seau Entreprendre Alsace","description":"Un site utilisant Les sites de R\u00e9seau Entreprendre","potentialAction":[{"@type":"SearchAction","target":{"@type":"EntryPoint","urlTemplate":"https:\/\/www.reseau-entreprendre.org\/alsace\/?s={search_term_string}"},"query-input":{"@type":"PropertyValueSpecification","valueRequired":true,"valueName":"search_term_string"}}],"inLanguage":"fr-FR"}]}},"_links":{"self":[{"href":"https:\/\/www.reseau-entreprendre.org\/alsace\/wp-json\/wp\/v2\/pages\/2945","targetHints":{"allow":["GET"]}}],"collection":[{"href":"https:\/\/www.reseau-entreprendre.org\/alsace\/wp-json\/wp\/v2\/pages"}],"about":[{"href":"https:\/\/www.reseau-entreprendre.org\/alsace\/wp-json\/wp\/v2\/types\/page"}],"author":[{"embeddable":true,"href":"https:\/\/www.reseau-entreprendre.org\/alsace\/wp-json\/wp\/v2\/users\/124"}],"replies":[{"embeddable":true,"href":"https:\/\/www.reseau-entreprendre.org\/alsace\/wp-json\/wp\/v2\/comments?post=2945"}],"version-history":[{"count":0,"href":"https:\/\/www.reseau-entreprendre.org\/alsace\/wp-json\/wp\/v2\/pages\/2945\/revisions"}],"up":[{"embeddable":true,"href":"https:\/\/www.reseau-entreprendre.org\/alsace\/wp-json\/wp\/v2\/pages\/2974"}],"wp:attachment":[{"href":"https:\/\/www.reseau-entreprendre.org\/alsace\/wp-json\/wp\/v2\/media?parent=2945"}],"curies":[{"name":"wp","href":"https:\/\/api.w.org\/{rel}","templated":true}]}}