{"id":2974,"date":"2017-12-11T11:35:53","date_gmt":"2017-12-11T10:35:53","guid":{"rendered":"https:\/\/www.reseau-entreprendre.org\/alsace\/?page_id=2974"},"modified":"2022-08-17T13:39:58","modified_gmt":"2022-08-17T11:39:58","slug":"accompagnement","status":"publish","type":"page","link":"https:\/\/www.reseau-entreprendre.org\/alsace\/accompagnement\/","title":{"rendered":"Nos accompagnements"},"content":{"rendered":"\n<div class=\"container\">\n<div class=\"row row-icon-box row-eq-height \">\n<div class=\"col-sm-4\">\n<div class=\"col-sm-12 picto-box \">\n<figure><a href=\"https:\/\/www.reseau-entreprendre.org\/alsace\/accompagnement-start-by-reseau-entreprendre\/\"><img decoding=\"async\" class=\"wp-image-1416 aligncenter\" style=\"width: 100%;min-height: 145px;max-height: 100%\" src=\"https:\/\/www.reseau-entreprendre.org\/alsace\/wp-content\/uploads\/sites\/56\/2018\/02\/start.jpg\" alt=\"Start\" \/><\/a><\/figure>\n<p>\u00a0<\/p>\n<h5 style=\"text-align: left\"><strong>Accompagnement START<\/strong><\/h5>\n<h6 style=\"text-align: left\">R\u00e9v\u00e9lez et renforcez vos talents de chef d\u2019entreprise.<\/h6>\n<p style=\"text-align: left\"><span style=\"font-size: 14px\">R\u00e9seau Entreprendre Alsace vous accompagne pour renforcer votre projet et la r\u00e9ussite de votre cr\u00e9ation ou reprise d\u2019entreprise.<\/span><\/p>\n<p style=\"text-align: right\"><span style=\"font-size: 14px\"><a href=\"https:\/\/www.reseau-entreprendre.org\/alsace\/accompagnement-start-by-reseau-entreprendre\/\">En savoir plus<\/a><\/span><\/p>\n<\/div>\n<\/div>\n<div class=\"col-sm-4\">\n<div class=\"col-sm-12 picto-box \">\n<figure><a href=\"https:\/\/www.reseau-entreprendre.org\/alsace\/accompagnement-booster-by-reseau-entreprendre\/\"><img decoding=\"async\" class=\"wp-image-1416 aligncenter\" style=\"width: 100%;min-height: 145px;max-height: 100%\" src=\"https:\/\/www.reseau-entreprendre.org\/alsace\/wp-content\/uploads\/sites\/56\/2018\/02\/booster.jpg\" alt=\"Booster\" \/><\/a><\/figure>\n<p>\u00a0<\/p>\n<h5 style=\"text-align: left\"><strong>Accompagnement BOOSTER<\/strong><\/h5>\n<h6 style=\"text-align: left\">Passez un cap de d\u00e9veloppement significatif.<\/h6>\n<p style=\"text-align: left\"><span style=\"font-size: 14px\">R\u00e9seau Entreprendre Alsace vous accompagne pour concr\u00e9tiser et r\u00e9ussir un projet de d\u00e9veloppement structurant.<\/span><\/p>\n<p style=\"text-align: right\"><span style=\"font-size: 14px\"><a href=\"https:\/\/www.reseau-entreprendre.org\/alsace\/accompagnement-booster-by-reseau-entreprendre\/\">En savoir plus<\/a><\/span><\/p>\n<\/div>\n<\/div>\n<div class=\"col-sm-4\">\n<div class=\"col-sm-12 picto-box \">\n<figure><a href=\"https:\/\/www.reseau-entreprendre.org\/alsace\/accompagnement-ambition-by-reseau-entreprendre\/\"><img decoding=\"async\" class=\"wp-image-1416 aligncenter\" style=\"width: 100%;min-height: 145px;max-height: 100%\" src=\"https:\/\/www.reseau-entreprendre.org\/alsace\/wp-content\/uploads\/sites\/56\/2018\/02\/ambition.jpg\" alt=\"Ambition\" \/><\/a><\/figure>\n<p>\u00a0<\/p>\n<h5 style=\"text-align: left\"><strong>Accompagnement AMBITION<\/strong><\/h5>\n<h6 style=\"text-align: left\">Changez d\u2019\u00e9chelle et doublez l\u2019activit\u00e9 de votre entreprise.<\/h6>\n<p style=\"text-align: left\"><span style=\"font-size: 14px\">R\u00e9seau Entreprendre Alsace accompagne dans la croissance de votre entreprise.<\/span><\/p>\n<p style=\"text-align: right\"><span style=\"font-size: 14px\"><a href=\"https:\/\/www.reseau-entreprendre.org\/alsace\/accompagnement-ambition-by-reseau-entreprendre\/\">En savoir plus<\/a><\/span><\/p>\n<\/div>\n<\/div>\n<\/div>\n<\/div>\n","protected":false},"excerpt":{"rendered":"","protected":false},"author":124,"featured_media":0,"parent":0,"menu_order":0,"comment_status":"closed","ping_status":"closed","template":"","meta":{"_acf_changed":false,"_monsterinsights_skip_tracking":false,"_monsterinsights_sitenote_active":false,"_monsterinsights_sitenote_note":"","_monsterinsights_sitenote_category":0,"footnotes":""},"class_list":["post-2974","page","type-page","status-publish","hentry"],"acf":[],"yoast_head":"<!-- This site is optimized with the Yoast SEO plugin v27.4 - https:\/\/yoast.com\/product\/yoast-seo-wordpress\/ -->\n<title>Nos accompagnements - R\u00e9seau Entreprendre Alsace<\/title>\n<meta name=\"description\" content=\"Accompagnement Start, Booster ou Ambition by R\u00e9seau Entreprendre. R\u00e9v\u00e9lez et renforcez vos talents de chef d\u2019entreprise de R\u00e9seau.\" \/>\n<meta name=\"robots\" content=\"index, follow, max-snippet:-1, max-image-preview:large, max-video-preview:-1\" \/>\n<link rel=\"canonical\" href=\"https:\/\/www.reseau-entreprendre.org\/alsace\/accompagnement\/\" \/>\n<meta property=\"og:locale\" content=\"fr_FR\" \/>\n<meta property=\"og:type\" content=\"article\" \/>\n<meta property=\"og:title\" content=\"Nos accompagnements - R\u00e9seau Entreprendre Alsace\" \/>\n<meta property=\"og:description\" content=\"Accompagnement Start, Booster ou Ambition by R\u00e9seau Entreprendre. R\u00e9v\u00e9lez et renforcez vos talents de chef d\u2019entreprise de R\u00e9seau.\" \/>\n<meta property=\"og:url\" content=\"https:\/\/www.reseau-entreprendre.org\/alsace\/accompagnement\/\" \/>\n<meta property=\"og:site_name\" content=\"R\u00e9seau Entreprendre Alsace\" \/>\n<meta property=\"article:modified_time\" content=\"2022-08-17T11:39:58+00:00\" \/>\n<meta property=\"og:image\" content=\"https:\/\/www.reseau-entreprendre.org\/alsace\/wp-content\/uploads\/sites\/56\/2018\/02\/start.jpg\" \/>\n<meta name=\"twitter:card\" content=\"summary_large_image\" \/>\n<meta name=\"twitter:label1\" content=\"Dur\u00e9e de lecture estim\u00e9e\" \/>\n\t<meta name=\"twitter:data1\" content=\"2 minutes\" \/>\n<script type=\"application\/ld+json\" class=\"yoast-schema-graph\">{\"@context\":\"https:\\\/\\\/schema.org\",\"@graph\":[{\"@type\":\"WebPage\",\"@id\":\"https:\\\/\\\/www.reseau-entreprendre.org\\\/alsace\\\/accompagnement\\\/\",\"url\":\"https:\\\/\\\/www.reseau-entreprendre.org\\\/alsace\\\/accompagnement\\\/\",\"name\":\"Nos accompagnements - R\u00e9seau Entreprendre Alsace\",\"isPartOf\":{\"@id\":\"https:\\\/\\\/www.reseau-entreprendre.org\\\/alsace\\\/#website\"},\"primaryImageOfPage\":{\"@id\":\"https:\\\/\\\/www.reseau-entreprendre.org\\\/alsace\\\/accompagnement\\\/#primaryimage\"},\"image\":{\"@id\":\"https:\\\/\\\/www.reseau-entreprendre.org\\\/alsace\\\/accompagnement\\\/#primaryimage\"},\"thumbnailUrl\":\"https:\\\/\\\/www.reseau-entreprendre.org\\\/alsace\\\/wp-content\\\/uploads\\\/sites\\\/56\\\/2018\\\/02\\\/start.jpg\",\"datePublished\":\"2017-12-11T10:35:53+00:00\",\"dateModified\":\"2022-08-17T11:39:58+00:00\",\"description\":\"Accompagnement Start, Booster ou Ambition by R\u00e9seau Entreprendre. R\u00e9v\u00e9lez et renforcez vos talents de chef d\u2019entreprise de R\u00e9seau.\",\"breadcrumb\":{\"@id\":\"https:\\\/\\\/www.reseau-entreprendre.org\\\/alsace\\\/accompagnement\\\/#breadcrumb\"},\"inLanguage\":\"fr-FR\",\"potentialAction\":[{\"@type\":\"ReadAction\",\"target\":[\"https:\\\/\\\/www.reseau-entreprendre.org\\\/alsace\\\/accompagnement\\\/\"]}]},{\"@type\":\"ImageObject\",\"inLanguage\":\"fr-FR\",\"@id\":\"https:\\\/\\\/www.reseau-entreprendre.org\\\/alsace\\\/accompagnement\\\/#primaryimage\",\"url\":\"https:\\\/\\\/www.reseau-entreprendre.org\\\/alsace\\\/wp-content\\\/uploads\\\/sites\\\/56\\\/2018\\\/02\\\/start.jpg\",\"contentUrl\":\"https:\\\/\\\/www.reseau-entreprendre.org\\\/alsace\\\/wp-content\\\/uploads\\\/sites\\\/56\\\/2018\\\/02\\\/start.jpg\",\"width\":220,\"height\":145},{\"@type\":\"BreadcrumbList\",\"@id\":\"https:\\\/\\\/www.reseau-entreprendre.org\\\/alsace\\\/accompagnement\\\/#breadcrumb\",\"itemListElement\":[{\"@type\":\"ListItem\",\"position\":1,\"name\":\"Accueil\",\"item\":\"https:\\\/\\\/www.reseau-entreprendre.org\\\/alsace\\\/\"},{\"@type\":\"ListItem\",\"position\":2,\"name\":\"Nos accompagnements\"}]},{\"@type\":\"WebSite\",\"@id\":\"https:\\\/\\\/www.reseau-entreprendre.org\\\/alsace\\\/#website\",\"url\":\"https:\\\/\\\/www.reseau-entreprendre.org\\\/alsace\\\/\",\"name\":\"R\u00e9seau Entreprendre Alsace\",\"description\":\"Un site utilisant Les sites de R\u00e9seau Entreprendre\",\"potentialAction\":[{\"@type\":\"SearchAction\",\"target\":{\"@type\":\"EntryPoint\",\"urlTemplate\":\"https:\\\/\\\/www.reseau-entreprendre.org\\\/alsace\\\/?s={search_term_string}\"},\"query-input\":{\"@type\":\"PropertyValueSpecification\",\"valueRequired\":true,\"valueName\":\"search_term_string\"}}],\"inLanguage\":\"fr-FR\"}]}<\/script>\n<!-- \/ Yoast SEO plugin. -->","yoast_head_json":{"title":"Nos accompagnements - R\u00e9seau Entreprendre Alsace","description":"Accompagnement Start, Booster ou Ambition by R\u00e9seau Entreprendre. R\u00e9v\u00e9lez et renforcez vos talents de chef d\u2019entreprise de R\u00e9seau.","robots":{"index":"index","follow":"follow","max-snippet":"max-snippet:-1","max-image-preview":"max-image-preview:large","max-video-preview":"max-video-preview:-1"},"canonical":"https:\/\/www.reseau-entreprendre.org\/alsace\/accompagnement\/","og_locale":"fr_FR","og_type":"article","og_title":"Nos accompagnements - R\u00e9seau Entreprendre Alsace","og_description":"Accompagnement Start, Booster ou Ambition by R\u00e9seau Entreprendre. R\u00e9v\u00e9lez et renforcez vos talents de chef d\u2019entreprise de R\u00e9seau.","og_url":"https:\/\/www.reseau-entreprendre.org\/alsace\/accompagnement\/","og_site_name":"R\u00e9seau Entreprendre Alsace","article_modified_time":"2022-08-17T11:39:58+00:00","og_image":[{"url":"https:\/\/www.reseau-entreprendre.org\/alsace\/wp-content\/uploads\/sites\/56\/2018\/02\/start.jpg","type":"","width":"","height":""}],"twitter_card":"summary_large_image","twitter_misc":{"Dur\u00e9e de lecture estim\u00e9e":"2 minutes"},"schema":{"@context":"https:\/\/schema.org","@graph":[{"@type":"WebPage","@id":"https:\/\/www.reseau-entreprendre.org\/alsace\/accompagnement\/","url":"https:\/\/www.reseau-entreprendre.org\/alsace\/accompagnement\/","name":"Nos accompagnements - R\u00e9seau Entreprendre Alsace","isPartOf":{"@id":"https:\/\/www.reseau-entreprendre.org\/alsace\/#website"},"primaryImageOfPage":{"@id":"https:\/\/www.reseau-entreprendre.org\/alsace\/accompagnement\/#primaryimage"},"image":{"@id":"https:\/\/www.reseau-entreprendre.org\/alsace\/accompagnement\/#primaryimage"},"thumbnailUrl":"https:\/\/www.reseau-entreprendre.org\/alsace\/wp-content\/uploads\/sites\/56\/2018\/02\/start.jpg","datePublished":"2017-12-11T10:35:53+00:00","dateModified":"2022-08-17T11:39:58+00:00","description":"Accompagnement Start, Booster ou Ambition by R\u00e9seau Entreprendre. R\u00e9v\u00e9lez et renforcez vos talents de chef d\u2019entreprise de R\u00e9seau.","breadcrumb":{"@id":"https:\/\/www.reseau-entreprendre.org\/alsace\/accompagnement\/#breadcrumb"},"inLanguage":"fr-FR","potentialAction":[{"@type":"ReadAction","target":["https:\/\/www.reseau-entreprendre.org\/alsace\/accompagnement\/"]}]},{"@type":"ImageObject","inLanguage":"fr-FR","@id":"https:\/\/www.reseau-entreprendre.org\/alsace\/accompagnement\/#primaryimage","url":"https:\/\/www.reseau-entreprendre.org\/alsace\/wp-content\/uploads\/sites\/56\/2018\/02\/start.jpg","contentUrl":"https:\/\/www.reseau-entreprendre.org\/alsace\/wp-content\/uploads\/sites\/56\/2018\/02\/start.jpg","width":220,"height":145},{"@type":"BreadcrumbList","@id":"https:\/\/www.reseau-entreprendre.org\/alsace\/accompagnement\/#breadcrumb","itemListElement":[{"@type":"ListItem","position":1,"name":"Accueil","item":"https:\/\/www.reseau-entreprendre.org\/alsace\/"},{"@type":"ListItem","position":2,"name":"Nos accompagnements"}]},{"@type":"WebSite","@id":"https:\/\/www.reseau-entreprendre.org\/alsace\/#website","url":"https:\/\/www.reseau-entreprendre.org\/alsace\/","name":"R\u00e9seau Entreprendre Alsace","description":"Un site utilisant Les sites de R\u00e9seau Entreprendre","potentialAction":[{"@type":"SearchAction","target":{"@type":"EntryPoint","urlTemplate":"https:\/\/www.reseau-entreprendre.org\/alsace\/?s={search_term_string}"},"query-input":{"@type":"PropertyValueSpecification","valueRequired":true,"valueName":"search_term_string"}}],"inLanguage":"fr-FR"}]}},"_links":{"self":[{"href":"https:\/\/www.reseau-entreprendre.org\/alsace\/wp-json\/wp\/v2\/pages\/2974","targetHints":{"allow":["GET"]}}],"collection":[{"href":"https:\/\/www.reseau-entreprendre.org\/alsace\/wp-json\/wp\/v2\/pages"}],"about":[{"href":"https:\/\/www.reseau-entreprendre.org\/alsace\/wp-json\/wp\/v2\/types\/page"}],"author":[{"embeddable":true,"href":"https:\/\/www.reseau-entreprendre.org\/alsace\/wp-json\/wp\/v2\/users\/124"}],"replies":[{"embeddable":true,"href":"https:\/\/www.reseau-entreprendre.org\/alsace\/wp-json\/wp\/v2\/comments?post=2974"}],"version-history":[{"count":0,"href":"https:\/\/www.reseau-entreprendre.org\/alsace\/wp-json\/wp\/v2\/pages\/2974\/revisions"}],"wp:attachment":[{"href":"https:\/\/www.reseau-entreprendre.org\/alsace\/wp-json\/wp\/v2\/media?parent=2974"}],"curies":[{"name":"wp","href":"https:\/\/api.w.org\/{rel}","templated":true}]}}