{"id":5895,"date":"2021-09-17T13:34:32","date_gmt":"2021-09-17T11:34:32","guid":{"rendered":"https:\/\/www.reseau-entreprendre.org\/alsace\/?page_id=5895"},"modified":"2024-01-23T12:17:32","modified_gmt":"2024-01-23T11:17:32","slug":"a-la-decouverte-des-dirigeants-alsaciens","status":"publish","type":"page","link":"https:\/\/www.reseau-entreprendre.org\/alsace\/ils-temoignent\/a-la-decouverte-des-dirigeants-alsaciens\/","title":{"rendered":"A la d\u00e9couverte des dirigeants alsaciens"},"content":{"rendered":"\n<h2 class=\"wp-block-heading\">R\u00e9seau Entreprendre : la fabrique \u00e0 success stories !<\/h2>\n\n\n\n<p><\/p>\n","protected":false},"excerpt":{"rendered":"<p>R\u00e9seau Entreprendre : la fabrique \u00e0 success stories !<\/p>\n","protected":false},"author":125,"featured_media":7348,"parent":92,"menu_order":0,"comment_status":"closed","ping_status":"closed","template":"views\/testimonials.blade.php","meta":{"_acf_changed":false,"_monsterinsights_skip_tracking":false,"_monsterinsights_sitenote_active":false,"_monsterinsights_sitenote_note":"","_monsterinsights_sitenote_category":0,"footnotes":""},"class_list":["post-5895","page","type-page","status-publish","has-post-thumbnail","hentry"],"acf":[],"yoast_head":"<!-- This site is optimized with the Yoast SEO plugin v27.4 - https:\/\/yoast.com\/product\/yoast-seo-wordpress\/ -->\n<title>A la d\u00e9couverte des dirigeants alsaciens - R\u00e9seau Entreprendre Alsace<\/title>\n<meta name=\"description\" content=\"D\u00e9couvrez les entrepreneurs accompagn\u00e9s et accompagnants du R\u00e9seau Entreprendre Alsace : une v\u00e9ritable fabrique \u00e0 success storie !\" \/>\n<meta name=\"robots\" content=\"index, follow, max-snippet:-1, max-image-preview:large, max-video-preview:-1\" \/>\n<link rel=\"canonical\" href=\"https:\/\/www.reseau-entreprendre.org\/alsace\/ils-temoignent\/a-la-decouverte-des-dirigeants-alsaciens\/\" \/>\n<meta property=\"og:locale\" content=\"fr_FR\" \/>\n<meta property=\"og:type\" content=\"article\" \/>\n<meta property=\"og:title\" content=\"A la d\u00e9couverte des dirigeants alsaciens - R\u00e9seau Entreprendre Alsace\" \/>\n<meta property=\"og:description\" content=\"D\u00e9couvrez les entrepreneurs accompagn\u00e9s et accompagnants du R\u00e9seau Entreprendre Alsace : une v\u00e9ritable fabrique \u00e0 success storie !\" \/>\n<meta property=\"og:url\" content=\"https:\/\/www.reseau-entreprendre.org\/alsace\/ils-temoignent\/a-la-decouverte-des-dirigeants-alsaciens\/\" \/>\n<meta property=\"og:site_name\" content=\"R\u00e9seau Entreprendre Alsace\" \/>\n<meta property=\"article:modified_time\" content=\"2024-01-23T11:17:32+00:00\" \/>\n<meta property=\"og:image\" content=\"https:\/\/www.reseau-entreprendre.org\/alsace\/wp-content\/uploads\/sites\/56\/2022\/11\/fete-des-laureats-1.jpg\" \/>\n\t<meta property=\"og:image:width\" content=\"1024\" \/>\n\t<meta property=\"og:image:height\" content=\"683\" \/>\n\t<meta property=\"og:image:type\" content=\"image\/jpeg\" \/>\n<meta name=\"twitter:card\" content=\"summary_large_image\" \/>\n<meta name=\"twitter:label1\" content=\"Dur\u00e9e de lecture estim\u00e9e\" \/>\n\t<meta name=\"twitter:data1\" content=\"1 minute\" \/>\n<script type=\"application\/ld+json\" class=\"yoast-schema-graph\">{\"@context\":\"https:\\\/\\\/schema.org\",\"@graph\":[{\"@type\":\"WebPage\",\"@id\":\"https:\\\/\\\/www.reseau-entreprendre.org\\\/alsace\\\/ils-temoignent\\\/a-la-decouverte-des-dirigeants-alsaciens\\\/\",\"url\":\"https:\\\/\\\/www.reseau-entreprendre.org\\\/alsace\\\/ils-temoignent\\\/a-la-decouverte-des-dirigeants-alsaciens\\\/\",\"name\":\"A la d\u00e9couverte des dirigeants alsaciens - R\u00e9seau Entreprendre Alsace\",\"isPartOf\":{\"@id\":\"https:\\\/\\\/www.reseau-entreprendre.org\\\/alsace\\\/#website\"},\"primaryImageOfPage\":{\"@id\":\"https:\\\/\\\/www.reseau-entreprendre.org\\\/alsace\\\/ils-temoignent\\\/a-la-decouverte-des-dirigeants-alsaciens\\\/#primaryimage\"},\"image\":{\"@id\":\"https:\\\/\\\/www.reseau-entreprendre.org\\\/alsace\\\/ils-temoignent\\\/a-la-decouverte-des-dirigeants-alsaciens\\\/#primaryimage\"},\"thumbnailUrl\":\"https:\\\/\\\/www.reseau-entreprendre.org\\\/alsace\\\/wp-content\\\/uploads\\\/sites\\\/56\\\/2022\\\/11\\\/fete-des-laureats-1.jpg\",\"datePublished\":\"2021-09-17T11:34:32+00:00\",\"dateModified\":\"2024-01-23T11:17:32+00:00\",\"description\":\"D\u00e9couvrez les entrepreneurs accompagn\u00e9s et accompagnants du R\u00e9seau Entreprendre Alsace : une v\u00e9ritable fabrique \u00e0 success storie !\",\"breadcrumb\":{\"@id\":\"https:\\\/\\\/www.reseau-entreprendre.org\\\/alsace\\\/ils-temoignent\\\/a-la-decouverte-des-dirigeants-alsaciens\\\/#breadcrumb\"},\"inLanguage\":\"fr-FR\",\"potentialAction\":[{\"@type\":\"ReadAction\",\"target\":[\"https:\\\/\\\/www.reseau-entreprendre.org\\\/alsace\\\/ils-temoignent\\\/a-la-decouverte-des-dirigeants-alsaciens\\\/\"]}]},{\"@type\":\"ImageObject\",\"inLanguage\":\"fr-FR\",\"@id\":\"https:\\\/\\\/www.reseau-entreprendre.org\\\/alsace\\\/ils-temoignent\\\/a-la-decouverte-des-dirigeants-alsaciens\\\/#primaryimage\",\"url\":\"https:\\\/\\\/www.reseau-entreprendre.org\\\/alsace\\\/wp-content\\\/uploads\\\/sites\\\/56\\\/2022\\\/11\\\/fete-des-laureats-1.jpg\",\"contentUrl\":\"https:\\\/\\\/www.reseau-entreprendre.org\\\/alsace\\\/wp-content\\\/uploads\\\/sites\\\/56\\\/2022\\\/11\\\/fete-des-laureats-1.jpg\",\"width\":1024,\"height\":683},{\"@type\":\"BreadcrumbList\",\"@id\":\"https:\\\/\\\/www.reseau-entreprendre.org\\\/alsace\\\/ils-temoignent\\\/a-la-decouverte-des-dirigeants-alsaciens\\\/#breadcrumb\",\"itemListElement\":[{\"@type\":\"ListItem\",\"position\":1,\"name\":\"Accueil\",\"item\":\"https:\\\/\\\/www.reseau-entreprendre.org\\\/alsace\\\/\"},{\"@type\":\"ListItem\",\"position\":2,\"name\":\"Communaut\u00e9\",\"item\":\"https:\\\/\\\/www.reseau-entreprendre.org\\\/alsace\\\/ils-temoignent\\\/\"},{\"@type\":\"ListItem\",\"position\":3,\"name\":\"A la d\u00e9couverte des dirigeants alsaciens\"}]},{\"@type\":\"WebSite\",\"@id\":\"https:\\\/\\\/www.reseau-entreprendre.org\\\/alsace\\\/#website\",\"url\":\"https:\\\/\\\/www.reseau-entreprendre.org\\\/alsace\\\/\",\"name\":\"R\u00e9seau Entreprendre Alsace\",\"description\":\"Un site utilisant Les sites de R\u00e9seau Entreprendre\",\"potentialAction\":[{\"@type\":\"SearchAction\",\"target\":{\"@type\":\"EntryPoint\",\"urlTemplate\":\"https:\\\/\\\/www.reseau-entreprendre.org\\\/alsace\\\/?s={search_term_string}\"},\"query-input\":{\"@type\":\"PropertyValueSpecification\",\"valueRequired\":true,\"valueName\":\"search_term_string\"}}],\"inLanguage\":\"fr-FR\"}]}<\/script>\n<!-- \/ Yoast SEO plugin. -->","yoast_head_json":{"title":"A la d\u00e9couverte des dirigeants alsaciens - R\u00e9seau Entreprendre Alsace","description":"D\u00e9couvrez les entrepreneurs accompagn\u00e9s et accompagnants du R\u00e9seau Entreprendre Alsace : une v\u00e9ritable fabrique \u00e0 success storie !","robots":{"index":"index","follow":"follow","max-snippet":"max-snippet:-1","max-image-preview":"max-image-preview:large","max-video-preview":"max-video-preview:-1"},"canonical":"https:\/\/www.reseau-entreprendre.org\/alsace\/ils-temoignent\/a-la-decouverte-des-dirigeants-alsaciens\/","og_locale":"fr_FR","og_type":"article","og_title":"A la d\u00e9couverte des dirigeants alsaciens - R\u00e9seau Entreprendre Alsace","og_description":"D\u00e9couvrez les entrepreneurs accompagn\u00e9s et accompagnants du R\u00e9seau Entreprendre Alsace : une v\u00e9ritable fabrique \u00e0 success storie !","og_url":"https:\/\/www.reseau-entreprendre.org\/alsace\/ils-temoignent\/a-la-decouverte-des-dirigeants-alsaciens\/","og_site_name":"R\u00e9seau Entreprendre Alsace","article_modified_time":"2024-01-23T11:17:32+00:00","og_image":[{"width":1024,"height":683,"url":"https:\/\/www.reseau-entreprendre.org\/alsace\/wp-content\/uploads\/sites\/56\/2022\/11\/fete-des-laureats-1.jpg","type":"image\/jpeg"}],"twitter_card":"summary_large_image","twitter_misc":{"Dur\u00e9e de lecture estim\u00e9e":"1 minute"},"schema":{"@context":"https:\/\/schema.org","@graph":[{"@type":"WebPage","@id":"https:\/\/www.reseau-entreprendre.org\/alsace\/ils-temoignent\/a-la-decouverte-des-dirigeants-alsaciens\/","url":"https:\/\/www.reseau-entreprendre.org\/alsace\/ils-temoignent\/a-la-decouverte-des-dirigeants-alsaciens\/","name":"A la d\u00e9couverte des dirigeants alsaciens - R\u00e9seau Entreprendre Alsace","isPartOf":{"@id":"https:\/\/www.reseau-entreprendre.org\/alsace\/#website"},"primaryImageOfPage":{"@id":"https:\/\/www.reseau-entreprendre.org\/alsace\/ils-temoignent\/a-la-decouverte-des-dirigeants-alsaciens\/#primaryimage"},"image":{"@id":"https:\/\/www.reseau-entreprendre.org\/alsace\/ils-temoignent\/a-la-decouverte-des-dirigeants-alsaciens\/#primaryimage"},"thumbnailUrl":"https:\/\/www.reseau-entreprendre.org\/alsace\/wp-content\/uploads\/sites\/56\/2022\/11\/fete-des-laureats-1.jpg","datePublished":"2021-09-17T11:34:32+00:00","dateModified":"2024-01-23T11:17:32+00:00","description":"D\u00e9couvrez les entrepreneurs accompagn\u00e9s et accompagnants du R\u00e9seau Entreprendre Alsace : une v\u00e9ritable fabrique \u00e0 success storie !","breadcrumb":{"@id":"https:\/\/www.reseau-entreprendre.org\/alsace\/ils-temoignent\/a-la-decouverte-des-dirigeants-alsaciens\/#breadcrumb"},"inLanguage":"fr-FR","potentialAction":[{"@type":"ReadAction","target":["https:\/\/www.reseau-entreprendre.org\/alsace\/ils-temoignent\/a-la-decouverte-des-dirigeants-alsaciens\/"]}]},{"@type":"ImageObject","inLanguage":"fr-FR","@id":"https:\/\/www.reseau-entreprendre.org\/alsace\/ils-temoignent\/a-la-decouverte-des-dirigeants-alsaciens\/#primaryimage","url":"https:\/\/www.reseau-entreprendre.org\/alsace\/wp-content\/uploads\/sites\/56\/2022\/11\/fete-des-laureats-1.jpg","contentUrl":"https:\/\/www.reseau-entreprendre.org\/alsace\/wp-content\/uploads\/sites\/56\/2022\/11\/fete-des-laureats-1.jpg","width":1024,"height":683},{"@type":"BreadcrumbList","@id":"https:\/\/www.reseau-entreprendre.org\/alsace\/ils-temoignent\/a-la-decouverte-des-dirigeants-alsaciens\/#breadcrumb","itemListElement":[{"@type":"ListItem","position":1,"name":"Accueil","item":"https:\/\/www.reseau-entreprendre.org\/alsace\/"},{"@type":"ListItem","position":2,"name":"Communaut\u00e9","item":"https:\/\/www.reseau-entreprendre.org\/alsace\/ils-temoignent\/"},{"@type":"ListItem","position":3,"name":"A la d\u00e9couverte des dirigeants alsaciens"}]},{"@type":"WebSite","@id":"https:\/\/www.reseau-entreprendre.org\/alsace\/#website","url":"https:\/\/www.reseau-entreprendre.org\/alsace\/","name":"R\u00e9seau Entreprendre Alsace","description":"Un site utilisant Les sites de R\u00e9seau Entreprendre","potentialAction":[{"@type":"SearchAction","target":{"@type":"EntryPoint","urlTemplate":"https:\/\/www.reseau-entreprendre.org\/alsace\/?s={search_term_string}"},"query-input":{"@type":"PropertyValueSpecification","valueRequired":true,"valueName":"search_term_string"}}],"inLanguage":"fr-FR"}]}},"_links":{"self":[{"href":"https:\/\/www.reseau-entreprendre.org\/alsace\/wp-json\/wp\/v2\/pages\/5895","targetHints":{"allow":["GET"]}}],"collection":[{"href":"https:\/\/www.reseau-entreprendre.org\/alsace\/wp-json\/wp\/v2\/pages"}],"about":[{"href":"https:\/\/www.reseau-entreprendre.org\/alsace\/wp-json\/wp\/v2\/types\/page"}],"author":[{"embeddable":true,"href":"https:\/\/www.reseau-entreprendre.org\/alsace\/wp-json\/wp\/v2\/users\/125"}],"replies":[{"embeddable":true,"href":"https:\/\/www.reseau-entreprendre.org\/alsace\/wp-json\/wp\/v2\/comments?post=5895"}],"version-history":[{"count":0,"href":"https:\/\/www.reseau-entreprendre.org\/alsace\/wp-json\/wp\/v2\/pages\/5895\/revisions"}],"up":[{"embeddable":true,"href":"https:\/\/www.reseau-entreprendre.org\/alsace\/wp-json\/wp\/v2\/pages\/92"}],"wp:featuredmedia":[{"embeddable":true,"href":"https:\/\/www.reseau-entreprendre.org\/alsace\/wp-json\/wp\/v2\/media\/7348"}],"wp:attachment":[{"href":"https:\/\/www.reseau-entreprendre.org\/alsace\/wp-json\/wp\/v2\/media?parent=5895"}],"curies":[{"name":"wp","href":"https:\/\/api.w.org\/{rel}","templated":true}]}}