{"id":6710,"date":"2022-09-05T16:38:40","date_gmt":"2022-09-05T14:38:40","guid":{"rendered":"https:\/\/www.reseau-entreprendre.org\/alsace\/?page_id=6710"},"modified":"2022-09-05T17:28:37","modified_gmt":"2022-09-05T15:28:37","slug":"accompagner","status":"publish","type":"page","link":"https:\/\/www.reseau-entreprendre.org\/alsace\/accompagner\/","title":{"rendered":"Accompagner"},"content":{"rendered":"\n<h4 class=\"wp-block-heading\">Vous \u00eates chef d\u2019entreprise et souhaitez partager votre passion entrepreneuriale ?<\/h4>\n\n\n\n<div style=\"height:34px\" aria-hidden=\"true\" class=\"wp-block-spacer\"><\/div>\n\n\n\n<h2 class=\"wp-block-heading\">Cr\u00e9er, reprendre ou d\u00e9velopper votre soci\u00e9t\u00e9<\/h2>\n\n\n\n<p>R\u00e9seau Entreprendre Alsace compte environ<a href=\"https:\/\/www.reseau-entreprendre.org\/alsace\/ils-temoignent\/\"> 150 membres<\/a> qui \u00e9voluent dans tous types de secteurs d\u2019activit\u00e9s.<\/p>\n\n\n\n<p><\/p>\n\n\n\n<h2 class=\"wp-block-heading\">Le r\u00f4le des membres<\/h2>\n\n\n\n<p>L&#8217;engagement de ces chefs d&#8217;entreprise est aliment\u00e9 par la passion de l&#8217;entrepreneuriat et l&#8217;envie de transmettre \u00e0 de nouveaux entrepreneurs dans un esprit de citoyennet\u00e9 \u00e9conomique. Ainsi, chaque membre donne de son temps pour animer l\u2019association en tant que b\u00e9n\u00e9vole. Cet engagement est une r\u00e9elle valeur ajout\u00e9e pour les laur\u00e9ats car ils interviennent \u00e0 tous les niveaux de la vie de l&#8217;association : accueil d&#8217;un porteur de projet, validation des projets, participation \u00e0 un Comit\u00e9 d&#8217;Engagement, accompagnement des laur\u00e9ats pendant 2 ans, animations diverses, t\u00e9moignages, cooptation de nouveaux adh\u00e9rents, responsabilit\u00e9 d\u2019un club de <a href=\"https:\/\/www.reseau-entreprendre.org\/alsace\/ils-temoignent\/\">Laur\u00e9ats<\/a> etc.<\/p>\n\n\n\n<h5 class=\"wp-block-heading\"><strong>La commission pr\u00e9-validation<\/strong><\/h5>\n\n\n\n<p>5 chefs d\u2019entreprises sont sollicit\u00e9s pour assurer un rendez-vous individuel de 2 heures avec le porteur de projet.<\/p>\n\n\n\n<p>Ces 5 Rendez-vous individuels permettent :<\/p>\n\n\n\n<ul class=\"wp-block-list\"><li>De conduire l\u2019entretien par des \u00e9changes, des questions, des commentaires (guide page 2).<\/li><li>D&#8217;aider le candidat \u00e0 renforcer son projet, \u00e0 consolider par lui-m\u00eame ses choix et orientations strat\u00e9giques avec des conseils et recommandations pratiques.<\/li><li>D&#8217;appr\u00e9cier les \u00e9l\u00e9ments cl\u00e9s du projet avec le candidat : vision, strat\u00e9gie, moyens, financement, RH, innovation, commerce.<\/li><li>De s&#8217;assurer de sa volont\u00e9 de b\u00e9n\u00e9ficier d\u2019un accompagnement R\u00e9seau Entreprendre\u00ae.<\/li><\/ul>\n\n\n\n<p>La synth\u00e8se de ces entretiens va \u00eatre compil\u00e9e au dossier du candidat pour \u00eatre remise aux participants qui si\u00e8geront au<strong> Comit\u00e9 d\u2019engagement<\/strong>.<\/p>\n\n\n\n<h5 class=\"wp-block-heading\"><strong>Le Comit\u00e9 d&#8217;Engagement<\/strong><\/h5>\n\n\n\n<p>Ce Comit\u00e9 valide infin\u00e9 d&#8217;accepter ou non le dossier du porteur de projet.<\/p>\n\n\n\n<p>Une fois le dossier valid\u00e9, le candidat en tant que laur\u00e9at d\u00e9cide du montant du pr\u00eat \u00e0 lui accorder (dans la limite des crit\u00e8res de l\u2019association) et d\u00e9finit le profil de l\u2019accompagnateur.<\/p>\n\n\n\n<h5 class=\"wp-block-heading\"><strong>L\u2019animation d\u2019un Club de Laur\u00e9ats<\/strong><\/h5>\n\n\n\n<p>Le choix des th\u00e8mes est donn\u00e9 aux laur\u00e9ats sauf pour les incontournables, li\u00e9s par exemple \u00e0 la cr\u00e9ation d\u2019un tableau de bord.<\/p>\n\n\n\n<p>Exemples de th\u00e8mes propos\u00e9s :<\/p>\n\n\n\n<ul class=\"wp-block-list\"><li>Pitcher et pr\u00e9senter son projet avec impact.<\/li><li>Quand l&#8217;\u00e9conomie rencontre le bien-\u00eatre\/Responsabilisation de ses salari\u00e9s.<\/li><li>Comment utiliser les r\u00e9seaux pour d\u00e9velopper son activit\u00e9 ?<\/li><li>Tout savoir sur le LEAN Management.<\/li><li>Quels sont les dispositifs pour \u00e9viter un redressement judiciaire ?<\/li><li>Banque de France : expos\u00e9 sur la notation des entreprises.<\/li><\/ul>\n\n\n\n<p><\/p>\n\n\n\n<div style=\"height:40px\" aria-hidden=\"true\" class=\"wp-block-spacer\"><\/div>\n\n\n\n<h2 class=\"wp-block-heading\">En adh\u00e9rant \u00e0 R\u00e9seau Entreprendre\u00ae, chaque dirigeant :<\/h2>\n\n\n\n<ul class=\"wp-block-list\"><li>Rejoint un r\u00e9seau unique d&#8217;entraide entrepreneuriale de 14000 chefs d&#8217;entreprise pr\u00e9sent en France et \u00e0 l&#8217;international.<\/li><li>B\u00e9n\u00e9ficie du r\u00e9seau social interne s\u00e9curis\u00e9 WORKPLACE by FACEBOOK de R\u00e9seau Entreprendre\u00ae.<\/li><li>Contribue au d\u00e9veloppement \u00e9conomique local : validation des projets et accompagnement de nouveaux entrepreneurs qui g\u00e9n\u00e8rent des emplois en Alsace.<\/li><li>Anime, t\u00e9moigne et transmet sa passion d&#8217;entreprendre, ses valeurs, son exp\u00e9rience.<\/li><li>Grandit au contact de cr\u00e9ateurs et repreneurs d&#8217;entreprise.<\/li><\/ul>\n\n\n\n<p>Les membres impliqu\u00e9s mettent en avant les valeurs de R\u00e9seau Entreprendre. Ils les appr\u00e9cient tout au long des engagements qu\u2019ils peuvent prendre, comme la bienveillance dans toutes les phases de l\u2019accompagnement en amont, individuel et de groupe. Plusieurs laur\u00e9ats sont devenus membres dans le cadre de la r\u00e9ciprocit\u00e9 et cr\u00e9ent ainsi ce cercle vertueux : laur\u00e9at accompagn\u00e9 par un membre qui devient membre lui-m\u00eame et accompagne un laur\u00e9at quelque temps apr\u00e8s.<\/p>\n\n\n\n<p><a href=\"https:\/\/www.reseau-entreprendre.org\/alsace\/contact\/\">Vous \u00eates chef d&#8217;entreprise et vous souhaitez adh\u00e9rer \u00e0 R\u00e9seau Entreprendre Alsace ?<\/a><\/p>\n\n\n\n<p><\/p>\n\n\n\n<div style=\"height:74px\" aria-hidden=\"true\" class=\"wp-block-spacer\"><\/div>\n\n\n\n<div class=\"wp-block-buttons is-layout-flex wp-block-buttons-is-layout-flex\">\n<div class=\"wp-block-button aligncenter\"><a class=\"wp-block-button__link\" href=\"https:\/\/www.reseau-entreprendre.org\/alsace\/contact\/\" target=\"_blank\" rel=\"noreferrer noopener\">Contactez-nous <\/a><\/div>\n<\/div>\n\n\n\n<div style=\"height:74px\" aria-hidden=\"true\" class=\"wp-block-spacer\"><\/div>\n\n\n\n<h2 class=\"has-text-align-center wp-block-heading\">D\u00e9couvrir nos accompagnements<\/h2>\n\n\n\n<div style=\"height:61px\" aria-hidden=\"true\" class=\"wp-block-spacer\"><\/div>\n\n\n\n<div class=\"wp-block-columns is-layout-flex wp-container-core-columns-is-layout-9d6595d7 wp-block-columns-is-layout-flex\">\n<div class=\"wp-block-column is-layout-flow wp-block-column-is-layout-flow\">\n<figure class=\"wp-block-image size-full\"><img loading=\"lazy\" decoding=\"async\" width=\"350\" height=\"350\" src=\"https:\/\/www.reseau-entreprendre.org\/alsace\/wp-content\/uploads\/sites\/56\/2022\/09\/1-1.png\" alt=\"\" class=\"wp-image-6669\" srcset=\"https:\/\/www.reseau-entreprendre.org\/alsace\/wp-content\/uploads\/sites\/56\/2022\/09\/1-1.png 350w, https:\/\/www.reseau-entreprendre.org\/alsace\/wp-content\/uploads\/sites\/56\/2022\/09\/1-1-300x300.png 300w, https:\/\/www.reseau-entreprendre.org\/alsace\/wp-content\/uploads\/sites\/56\/2022\/09\/1-1-150x150.png 150w, https:\/\/www.reseau-entreprendre.org\/alsace\/wp-content\/uploads\/sites\/56\/2022\/09\/1-1-130x130.png 130w\" sizes=\"auto, (max-width: 350px) 100vw, 350px\" \/><\/figure>\n\n\n\n<div class=\"wp-block-buttons is-content-justification-center is-layout-flex wp-container-core-buttons-is-layout-16018d1d wp-block-buttons-is-layout-flex\">\n<div class=\"wp-block-button\"><a class=\"wp-block-button__link\" href=\"https:\/\/www.reseau-entreprendre.org\/alsace\/accompagnement\/accompagnement-start-by-reseau-entreprendre\/\" target=\"_blank\" rel=\"noreferrer noopener\">Accompagnement START<\/a><\/div>\n<\/div>\n<\/div>\n\n\n\n<div class=\"wp-block-column is-layout-flow wp-block-column-is-layout-flow\">\n<figure class=\"wp-block-image size-full\"><img loading=\"lazy\" decoding=\"async\" width=\"350\" height=\"350\" src=\"https:\/\/www.reseau-entreprendre.org\/alsace\/wp-content\/uploads\/sites\/56\/2022\/09\/2-1.png\" alt=\"\" class=\"wp-image-6670\" srcset=\"https:\/\/www.reseau-entreprendre.org\/alsace\/wp-content\/uploads\/sites\/56\/2022\/09\/2-1.png 350w, https:\/\/www.reseau-entreprendre.org\/alsace\/wp-content\/uploads\/sites\/56\/2022\/09\/2-1-300x300.png 300w, https:\/\/www.reseau-entreprendre.org\/alsace\/wp-content\/uploads\/sites\/56\/2022\/09\/2-1-150x150.png 150w, https:\/\/www.reseau-entreprendre.org\/alsace\/wp-content\/uploads\/sites\/56\/2022\/09\/2-1-130x130.png 130w\" sizes=\"auto, (max-width: 350px) 100vw, 350px\" \/><\/figure>\n\n\n\n<div class=\"wp-block-buttons is-layout-flex wp-block-buttons-is-layout-flex\">\n<div class=\"wp-block-button aligncenter\"><a class=\"wp-block-button__link\" href=\"https:\/\/www.reseau-entreprendre.org\/alsace\/accompagnement\/accompagnement-booster-by-reseau-entreprendre\/\" target=\"_blank\" rel=\"noreferrer noopener\">Accompagnement BOOSTER<\/a><\/div>\n<\/div>\n<\/div>\n\n\n\n<div class=\"wp-block-column is-layout-flow wp-block-column-is-layout-flow\">\n<figure class=\"wp-block-image size-full\"><img loading=\"lazy\" decoding=\"async\" width=\"350\" height=\"350\" src=\"https:\/\/www.reseau-entreprendre.org\/alsace\/wp-content\/uploads\/sites\/56\/2022\/09\/3-1.png\" alt=\"\" class=\"wp-image-6671\" srcset=\"https:\/\/www.reseau-entreprendre.org\/alsace\/wp-content\/uploads\/sites\/56\/2022\/09\/3-1.png 350w, https:\/\/www.reseau-entreprendre.org\/alsace\/wp-content\/uploads\/sites\/56\/2022\/09\/3-1-300x300.png 300w, https:\/\/www.reseau-entreprendre.org\/alsace\/wp-content\/uploads\/sites\/56\/2022\/09\/3-1-150x150.png 150w, https:\/\/www.reseau-entreprendre.org\/alsace\/wp-content\/uploads\/sites\/56\/2022\/09\/3-1-130x130.png 130w\" sizes=\"auto, (max-width: 350px) 100vw, 350px\" \/><\/figure>\n\n\n\n<div class=\"wp-block-buttons is-layout-flex wp-block-buttons-is-layout-flex\">\n<div class=\"wp-block-button aligncenter\"><a class=\"wp-block-button__link\" href=\"https:\/\/www.reseau-entreprendre.org\/alsace\/accompagnement\/accompagnement-ambition-by-reseau-entreprendre\/\" target=\"_blank\" rel=\"noreferrer noopener\">Accompagnement AMBITION<\/a><\/div>\n<\/div>\n<\/div>\n<\/div>\n\n\n\n<div style=\"height:136px\" aria-hidden=\"true\" class=\"wp-block-spacer\"><\/div>\n","protected":false},"excerpt":{"rendered":"<p>Vous \u00eates chef d\u2019entreprise et souhaitez partager votre passion entrepreneuriale<\/p>\n","protected":false},"author":57,"featured_media":0,"parent":0,"menu_order":0,"comment_status":"closed","ping_status":"closed","template":"","meta":{"_acf_changed":false,"_monsterinsights_skip_tracking":false,"_monsterinsights_sitenote_active":false,"_monsterinsights_sitenote_note":"","_monsterinsights_sitenote_category":0,"footnotes":""},"class_list":["post-6710","page","type-page","status-publish","hentry"],"acf":[],"yoast_head":"<!-- This site is optimized with the Yoast SEO plugin v27.4 - https:\/\/yoast.com\/product\/yoast-seo-wordpress\/ -->\n<title>Accompagner| Reseau Entreprendre Alsace<\/title>\n<meta name=\"description\" content=\"Vous \u00eates chef d&#039;entreprise et souhaitez accompagner de nouveaux entrepreneurs ? Devenez membre b\u00e9n\u00e9vole de R\u00e9seau Entreprendre Alsace !\" \/>\n<meta name=\"robots\" content=\"index, follow, max-snippet:-1, max-image-preview:large, max-video-preview:-1\" \/>\n<link rel=\"canonical\" href=\"https:\/\/www.reseau-entreprendre.org\/alsace\/accompagner\/\" \/>\n<meta property=\"og:locale\" content=\"fr_FR\" \/>\n<meta property=\"og:type\" content=\"article\" \/>\n<meta property=\"og:title\" content=\"Accompagner| Reseau Entreprendre Alsace\" \/>\n<meta property=\"og:description\" content=\"Vous \u00eates chef d&#039;entreprise et souhaitez accompagner de nouveaux entrepreneurs ? Devenez membre b\u00e9n\u00e9vole de R\u00e9seau Entreprendre Alsace !\" \/>\n<meta property=\"og:url\" content=\"https:\/\/www.reseau-entreprendre.org\/alsace\/accompagner\/\" \/>\n<meta property=\"og:site_name\" content=\"R\u00e9seau Entreprendre Alsace\" \/>\n<meta property=\"article:modified_time\" content=\"2022-09-05T15:28:37+00:00\" \/>\n<meta property=\"og:image\" content=\"https:\/\/www.reseau-entreprendre.org\/alsace\/wp-content\/uploads\/sites\/56\/2022\/09\/1-1.png\" \/>\n<meta name=\"twitter:card\" content=\"summary_large_image\" \/>\n<meta name=\"twitter:label1\" content=\"Dur\u00e9e de lecture estim\u00e9e\" \/>\n\t<meta name=\"twitter:data1\" content=\"4 minutes\" \/>\n<script type=\"application\/ld+json\" class=\"yoast-schema-graph\">{\"@context\":\"https:\\\/\\\/schema.org\",\"@graph\":[{\"@type\":\"WebPage\",\"@id\":\"https:\\\/\\\/www.reseau-entreprendre.org\\\/alsace\\\/accompagner\\\/\",\"url\":\"https:\\\/\\\/www.reseau-entreprendre.org\\\/alsace\\\/accompagner\\\/\",\"name\":\"Accompagner| Reseau Entreprendre Alsace\",\"isPartOf\":{\"@id\":\"https:\\\/\\\/www.reseau-entreprendre.org\\\/alsace\\\/#website\"},\"primaryImageOfPage\":{\"@id\":\"https:\\\/\\\/www.reseau-entreprendre.org\\\/alsace\\\/accompagner\\\/#primaryimage\"},\"image\":{\"@id\":\"https:\\\/\\\/www.reseau-entreprendre.org\\\/alsace\\\/accompagner\\\/#primaryimage\"},\"thumbnailUrl\":\"https:\\\/\\\/www.reseau-entreprendre.org\\\/alsace\\\/wp-content\\\/uploads\\\/sites\\\/56\\\/2022\\\/09\\\/1-1.png\",\"datePublished\":\"2022-09-05T14:38:40+00:00\",\"dateModified\":\"2022-09-05T15:28:37+00:00\",\"description\":\"Vous \u00eates chef d'entreprise et souhaitez accompagner de nouveaux entrepreneurs ? Devenez membre b\u00e9n\u00e9vole de R\u00e9seau Entreprendre Alsace !\",\"breadcrumb\":{\"@id\":\"https:\\\/\\\/www.reseau-entreprendre.org\\\/alsace\\\/accompagner\\\/#breadcrumb\"},\"inLanguage\":\"fr-FR\",\"potentialAction\":[{\"@type\":\"ReadAction\",\"target\":[\"https:\\\/\\\/www.reseau-entreprendre.org\\\/alsace\\\/accompagner\\\/\"]}]},{\"@type\":\"ImageObject\",\"inLanguage\":\"fr-FR\",\"@id\":\"https:\\\/\\\/www.reseau-entreprendre.org\\\/alsace\\\/accompagner\\\/#primaryimage\",\"url\":\"https:\\\/\\\/www.reseau-entreprendre.org\\\/alsace\\\/wp-content\\\/uploads\\\/sites\\\/56\\\/2022\\\/09\\\/1-1.png\",\"contentUrl\":\"https:\\\/\\\/www.reseau-entreprendre.org\\\/alsace\\\/wp-content\\\/uploads\\\/sites\\\/56\\\/2022\\\/09\\\/1-1.png\",\"width\":350,\"height\":350},{\"@type\":\"BreadcrumbList\",\"@id\":\"https:\\\/\\\/www.reseau-entreprendre.org\\\/alsace\\\/accompagner\\\/#breadcrumb\",\"itemListElement\":[{\"@type\":\"ListItem\",\"position\":1,\"name\":\"Accueil\",\"item\":\"https:\\\/\\\/www.reseau-entreprendre.org\\\/alsace\\\/\"},{\"@type\":\"ListItem\",\"position\":2,\"name\":\"Accompagner\"}]},{\"@type\":\"WebSite\",\"@id\":\"https:\\\/\\\/www.reseau-entreprendre.org\\\/alsace\\\/#website\",\"url\":\"https:\\\/\\\/www.reseau-entreprendre.org\\\/alsace\\\/\",\"name\":\"R\u00e9seau Entreprendre Alsace\",\"description\":\"Un site utilisant Les sites de R\u00e9seau Entreprendre\",\"potentialAction\":[{\"@type\":\"SearchAction\",\"target\":{\"@type\":\"EntryPoint\",\"urlTemplate\":\"https:\\\/\\\/www.reseau-entreprendre.org\\\/alsace\\\/?s={search_term_string}\"},\"query-input\":{\"@type\":\"PropertyValueSpecification\",\"valueRequired\":true,\"valueName\":\"search_term_string\"}}],\"inLanguage\":\"fr-FR\"}]}<\/script>\n<!-- \/ Yoast SEO plugin. -->","yoast_head_json":{"title":"Accompagner| Reseau Entreprendre Alsace","description":"Vous \u00eates chef d'entreprise et souhaitez accompagner de nouveaux entrepreneurs ? Devenez membre b\u00e9n\u00e9vole de R\u00e9seau Entreprendre Alsace !","robots":{"index":"index","follow":"follow","max-snippet":"max-snippet:-1","max-image-preview":"max-image-preview:large","max-video-preview":"max-video-preview:-1"},"canonical":"https:\/\/www.reseau-entreprendre.org\/alsace\/accompagner\/","og_locale":"fr_FR","og_type":"article","og_title":"Accompagner| Reseau Entreprendre Alsace","og_description":"Vous \u00eates chef d'entreprise et souhaitez accompagner de nouveaux entrepreneurs ? Devenez membre b\u00e9n\u00e9vole de R\u00e9seau Entreprendre Alsace !","og_url":"https:\/\/www.reseau-entreprendre.org\/alsace\/accompagner\/","og_site_name":"R\u00e9seau Entreprendre Alsace","article_modified_time":"2022-09-05T15:28:37+00:00","og_image":[{"url":"https:\/\/www.reseau-entreprendre.org\/alsace\/wp-content\/uploads\/sites\/56\/2022\/09\/1-1.png","type":"","width":"","height":""}],"twitter_card":"summary_large_image","twitter_misc":{"Dur\u00e9e de lecture estim\u00e9e":"4 minutes"},"schema":{"@context":"https:\/\/schema.org","@graph":[{"@type":"WebPage","@id":"https:\/\/www.reseau-entreprendre.org\/alsace\/accompagner\/","url":"https:\/\/www.reseau-entreprendre.org\/alsace\/accompagner\/","name":"Accompagner| Reseau Entreprendre Alsace","isPartOf":{"@id":"https:\/\/www.reseau-entreprendre.org\/alsace\/#website"},"primaryImageOfPage":{"@id":"https:\/\/www.reseau-entreprendre.org\/alsace\/accompagner\/#primaryimage"},"image":{"@id":"https:\/\/www.reseau-entreprendre.org\/alsace\/accompagner\/#primaryimage"},"thumbnailUrl":"https:\/\/www.reseau-entreprendre.org\/alsace\/wp-content\/uploads\/sites\/56\/2022\/09\/1-1.png","datePublished":"2022-09-05T14:38:40+00:00","dateModified":"2022-09-05T15:28:37+00:00","description":"Vous \u00eates chef d'entreprise et souhaitez accompagner de nouveaux entrepreneurs ? Devenez membre b\u00e9n\u00e9vole de R\u00e9seau Entreprendre Alsace !","breadcrumb":{"@id":"https:\/\/www.reseau-entreprendre.org\/alsace\/accompagner\/#breadcrumb"},"inLanguage":"fr-FR","potentialAction":[{"@type":"ReadAction","target":["https:\/\/www.reseau-entreprendre.org\/alsace\/accompagner\/"]}]},{"@type":"ImageObject","inLanguage":"fr-FR","@id":"https:\/\/www.reseau-entreprendre.org\/alsace\/accompagner\/#primaryimage","url":"https:\/\/www.reseau-entreprendre.org\/alsace\/wp-content\/uploads\/sites\/56\/2022\/09\/1-1.png","contentUrl":"https:\/\/www.reseau-entreprendre.org\/alsace\/wp-content\/uploads\/sites\/56\/2022\/09\/1-1.png","width":350,"height":350},{"@type":"BreadcrumbList","@id":"https:\/\/www.reseau-entreprendre.org\/alsace\/accompagner\/#breadcrumb","itemListElement":[{"@type":"ListItem","position":1,"name":"Accueil","item":"https:\/\/www.reseau-entreprendre.org\/alsace\/"},{"@type":"ListItem","position":2,"name":"Accompagner"}]},{"@type":"WebSite","@id":"https:\/\/www.reseau-entreprendre.org\/alsace\/#website","url":"https:\/\/www.reseau-entreprendre.org\/alsace\/","name":"R\u00e9seau Entreprendre Alsace","description":"Un site utilisant Les sites de R\u00e9seau Entreprendre","potentialAction":[{"@type":"SearchAction","target":{"@type":"EntryPoint","urlTemplate":"https:\/\/www.reseau-entreprendre.org\/alsace\/?s={search_term_string}"},"query-input":{"@type":"PropertyValueSpecification","valueRequired":true,"valueName":"search_term_string"}}],"inLanguage":"fr-FR"}]}},"_links":{"self":[{"href":"https:\/\/www.reseau-entreprendre.org\/alsace\/wp-json\/wp\/v2\/pages\/6710","targetHints":{"allow":["GET"]}}],"collection":[{"href":"https:\/\/www.reseau-entreprendre.org\/alsace\/wp-json\/wp\/v2\/pages"}],"about":[{"href":"https:\/\/www.reseau-entreprendre.org\/alsace\/wp-json\/wp\/v2\/types\/page"}],"author":[{"embeddable":true,"href":"https:\/\/www.reseau-entreprendre.org\/alsace\/wp-json\/wp\/v2\/users\/57"}],"replies":[{"embeddable":true,"href":"https:\/\/www.reseau-entreprendre.org\/alsace\/wp-json\/wp\/v2\/comments?post=6710"}],"version-history":[{"count":0,"href":"https:\/\/www.reseau-entreprendre.org\/alsace\/wp-json\/wp\/v2\/pages\/6710\/revisions"}],"wp:attachment":[{"href":"https:\/\/www.reseau-entreprendre.org\/alsace\/wp-json\/wp\/v2\/media?parent=6710"}],"curies":[{"name":"wp","href":"https:\/\/api.w.org\/{rel}","templated":true}]}}