{"id":6740,"date":"2022-09-05T17:10:52","date_gmt":"2022-09-05T15:10:52","guid":{"rendered":"https:\/\/www.reseau-entreprendre.org\/alsace\/?page_id=6740"},"modified":"2023-05-01T12:04:29","modified_gmt":"2023-05-01T10:04:29","slug":"parole-de-membre","status":"publish","type":"page","link":"https:\/\/www.reseau-entreprendre.org\/alsace\/parole-de-membre\/","title":{"rendered":"Parole de membre"},"content":{"rendered":"\n<h2 class=\"wp-block-heading\">Les meilleurs conseils by R\u00e9seau<\/h2>\n\n\n\n<h2 class=\"wp-block-heading\"> <\/h2>\n\n\n\n<div style=\"height:37px\" aria-hidden=\"true\" class=\"wp-block-spacer\"><\/div>\n\n\n\n<p><\/p>\n\n\n\n<div class=\"wp-block-columns is-layout-flex wp-container-core-columns-is-layout-9d6595d7 wp-block-columns-is-layout-flex\">\n<div class=\"wp-block-column is-layout-flow wp-block-column-is-layout-flow\">\n<div class=\"wp-block-buttons is-content-justification-center is-layout-flex wp-container-core-buttons-is-layout-16018d1d wp-block-buttons-is-layout-flex\">\n<div class=\"wp-block-button\"><a class=\"wp-block-button__link wp-element-button\" href=\"https:\/\/www.reseau-entreprendre.org\/alsace\/exporter-sans-se-planter\/\" target=\"_blank\" rel=\"noreferrer noopener\"><span style=\"color:#ffffff\" class=\"tadv-color\">Exporter sans se planter<\/span><\/a><\/div>\n<\/div>\n\n\n\n<div style=\"height:18px\" aria-hidden=\"true\" class=\"wp-block-spacer\"><\/div>\n\n\n<div class=\"wp-block-image\">\n<figure class=\"aligncenter size-full\"><img loading=\"lazy\" decoding=\"async\" width=\"350\" height=\"350\" src=\"https:\/\/www.reseau-entreprendre.org\/alsace\/wp-content\/uploads\/sites\/56\/2022\/10\/RE-IMAGES-DE-BLOG-1.png\" alt=\"\" class=\"wp-image-7231\" srcset=\"https:\/\/www.reseau-entreprendre.org\/alsace\/wp-content\/uploads\/sites\/56\/2022\/10\/RE-IMAGES-DE-BLOG-1.png 350w, https:\/\/www.reseau-entreprendre.org\/alsace\/wp-content\/uploads\/sites\/56\/2022\/10\/RE-IMAGES-DE-BLOG-1-300x300.png 300w, https:\/\/www.reseau-entreprendre.org\/alsace\/wp-content\/uploads\/sites\/56\/2022\/10\/RE-IMAGES-DE-BLOG-1-150x150.png 150w, https:\/\/www.reseau-entreprendre.org\/alsace\/wp-content\/uploads\/sites\/56\/2022\/10\/RE-IMAGES-DE-BLOG-1-130x130.png 130w\" sizes=\"auto, (max-width: 350px) 100vw, 350px\" \/><\/figure>\n<\/div>\n\n\n<div class=\"wp-block-buttons is-layout-flex wp-block-buttons-is-layout-flex\"><\/div>\n<\/div>\n\n\n\n<div class=\"wp-block-column is-layout-flow wp-block-column-is-layout-flow\">\n<div class=\"wp-block-buttons is-content-justification-center is-layout-flex wp-container-core-buttons-is-layout-16018d1d wp-block-buttons-is-layout-flex\">\n<div class=\"wp-block-button\"><a class=\"wp-block-button__link wp-element-button\" href=\"https:\/\/www.reseau-entreprendre.org\/alsace\/vive-la-reprise-by-lucas-fattori\/\" target=\"_blank\" rel=\"noreferrer noopener\">Vive la reprise !<\/a><\/div>\n<\/div>\n\n\n\n<div style=\"height:19px\" aria-hidden=\"true\" class=\"wp-block-spacer\"><\/div>\n\n\n<div class=\"wp-block-image\">\n<figure class=\"aligncenter size-full\"><img loading=\"lazy\" decoding=\"async\" width=\"350\" height=\"350\" src=\"https:\/\/www.reseau-entreprendre.org\/alsace\/wp-content\/uploads\/sites\/56\/2023\/05\/RE-IMAGES-SITE.png\" alt=\"\" class=\"wp-image-7808\" srcset=\"https:\/\/www.reseau-entreprendre.org\/alsace\/wp-content\/uploads\/sites\/56\/2023\/05\/RE-IMAGES-SITE.png 350w, https:\/\/www.reseau-entreprendre.org\/alsace\/wp-content\/uploads\/sites\/56\/2023\/05\/RE-IMAGES-SITE-300x300.png 300w, https:\/\/www.reseau-entreprendre.org\/alsace\/wp-content\/uploads\/sites\/56\/2023\/05\/RE-IMAGES-SITE-150x150.png 150w, https:\/\/www.reseau-entreprendre.org\/alsace\/wp-content\/uploads\/sites\/56\/2023\/05\/RE-IMAGES-SITE-130x130.png 130w\" sizes=\"auto, (max-width: 350px) 100vw, 350px\" \/><\/figure>\n<\/div><\/div>\n<\/div>\n\n\n\n<p>Les rubriques \u00e0 venir : <\/p>\n\n\n\n<ul class=\"wp-block-list\">\n<li>Financer son entreprise<\/li>\n\n\n\n<li>D\u00e9velopper son chiffre d&#8217;affaires <\/li>\n\n\n\n<li>Recruter \/ Manager <\/li>\n<\/ul>\n","protected":false},"excerpt":{"rendered":"<p>Les meilleurs conseils by R\u00e9seau Les rubriques \u00e0 venir :<\/p>\n","protected":false},"author":57,"featured_media":0,"parent":0,"menu_order":0,"comment_status":"closed","ping_status":"closed","template":"","meta":{"_acf_changed":false,"_monsterinsights_skip_tracking":false,"_monsterinsights_sitenote_active":false,"_monsterinsights_sitenote_note":"","_monsterinsights_sitenote_category":0,"footnotes":""},"class_list":["post-6740","page","type-page","status-publish","hentry"],"acf":[],"yoast_head":"<!-- This site is optimized with the Yoast SEO plugin v27.4 - https:\/\/yoast.com\/product\/yoast-seo-wordpress\/ -->\n<title>Parole de membre - R\u00e9seau Entreprendre Alsace<\/title>\n<meta name=\"robots\" content=\"index, follow, max-snippet:-1, max-image-preview:large, max-video-preview:-1\" \/>\n<link rel=\"canonical\" href=\"https:\/\/www.reseau-entreprendre.org\/alsace\/parole-de-membre\/\" \/>\n<meta property=\"og:locale\" content=\"fr_FR\" \/>\n<meta property=\"og:type\" content=\"article\" \/>\n<meta property=\"og:title\" content=\"Parole de membre - R\u00e9seau Entreprendre Alsace\" \/>\n<meta property=\"og:description\" content=\"Les meilleurs conseils by R\u00e9seau Les rubriques \u00e0 venir :\" \/>\n<meta property=\"og:url\" content=\"https:\/\/www.reseau-entreprendre.org\/alsace\/parole-de-membre\/\" \/>\n<meta property=\"og:site_name\" content=\"R\u00e9seau Entreprendre Alsace\" \/>\n<meta property=\"article:modified_time\" content=\"2023-05-01T10:04:29+00:00\" \/>\n<meta property=\"og:image\" content=\"https:\/\/www.reseau-entreprendre.org\/alsace\/wp-content\/uploads\/sites\/56\/2022\/10\/RE-IMAGES-DE-BLOG-1.png\" \/>\n<meta name=\"twitter:card\" content=\"summary_large_image\" \/>\n<meta name=\"twitter:label1\" content=\"Dur\u00e9e de lecture estim\u00e9e\" \/>\n\t<meta name=\"twitter:data1\" content=\"1 minute\" \/>\n<script type=\"application\/ld+json\" class=\"yoast-schema-graph\">{\"@context\":\"https:\\\/\\\/schema.org\",\"@graph\":[{\"@type\":\"WebPage\",\"@id\":\"https:\\\/\\\/www.reseau-entreprendre.org\\\/alsace\\\/parole-de-membre\\\/\",\"url\":\"https:\\\/\\\/www.reseau-entreprendre.org\\\/alsace\\\/parole-de-membre\\\/\",\"name\":\"Parole de membre - R\u00e9seau Entreprendre Alsace\",\"isPartOf\":{\"@id\":\"https:\\\/\\\/www.reseau-entreprendre.org\\\/alsace\\\/#website\"},\"primaryImageOfPage\":{\"@id\":\"https:\\\/\\\/www.reseau-entreprendre.org\\\/alsace\\\/parole-de-membre\\\/#primaryimage\"},\"image\":{\"@id\":\"https:\\\/\\\/www.reseau-entreprendre.org\\\/alsace\\\/parole-de-membre\\\/#primaryimage\"},\"thumbnailUrl\":\"https:\\\/\\\/www.reseau-entreprendre.org\\\/alsace\\\/wp-content\\\/uploads\\\/sites\\\/56\\\/2022\\\/10\\\/RE-IMAGES-DE-BLOG-1.png\",\"datePublished\":\"2022-09-05T15:10:52+00:00\",\"dateModified\":\"2023-05-01T10:04:29+00:00\",\"breadcrumb\":{\"@id\":\"https:\\\/\\\/www.reseau-entreprendre.org\\\/alsace\\\/parole-de-membre\\\/#breadcrumb\"},\"inLanguage\":\"fr-FR\",\"potentialAction\":[{\"@type\":\"ReadAction\",\"target\":[\"https:\\\/\\\/www.reseau-entreprendre.org\\\/alsace\\\/parole-de-membre\\\/\"]}]},{\"@type\":\"ImageObject\",\"inLanguage\":\"fr-FR\",\"@id\":\"https:\\\/\\\/www.reseau-entreprendre.org\\\/alsace\\\/parole-de-membre\\\/#primaryimage\",\"url\":\"https:\\\/\\\/www.reseau-entreprendre.org\\\/alsace\\\/wp-content\\\/uploads\\\/sites\\\/56\\\/2022\\\/10\\\/RE-IMAGES-DE-BLOG-1.png\",\"contentUrl\":\"https:\\\/\\\/www.reseau-entreprendre.org\\\/alsace\\\/wp-content\\\/uploads\\\/sites\\\/56\\\/2022\\\/10\\\/RE-IMAGES-DE-BLOG-1.png\",\"width\":350,\"height\":350},{\"@type\":\"BreadcrumbList\",\"@id\":\"https:\\\/\\\/www.reseau-entreprendre.org\\\/alsace\\\/parole-de-membre\\\/#breadcrumb\",\"itemListElement\":[{\"@type\":\"ListItem\",\"position\":1,\"name\":\"Accueil\",\"item\":\"https:\\\/\\\/www.reseau-entreprendre.org\\\/alsace\\\/\"},{\"@type\":\"ListItem\",\"position\":2,\"name\":\"Parole de membre\"}]},{\"@type\":\"WebSite\",\"@id\":\"https:\\\/\\\/www.reseau-entreprendre.org\\\/alsace\\\/#website\",\"url\":\"https:\\\/\\\/www.reseau-entreprendre.org\\\/alsace\\\/\",\"name\":\"R\u00e9seau Entreprendre Alsace\",\"description\":\"Un site utilisant Les sites de R\u00e9seau Entreprendre\",\"potentialAction\":[{\"@type\":\"SearchAction\",\"target\":{\"@type\":\"EntryPoint\",\"urlTemplate\":\"https:\\\/\\\/www.reseau-entreprendre.org\\\/alsace\\\/?s={search_term_string}\"},\"query-input\":{\"@type\":\"PropertyValueSpecification\",\"valueRequired\":true,\"valueName\":\"search_term_string\"}}],\"inLanguage\":\"fr-FR\"}]}<\/script>\n<!-- \/ Yoast SEO plugin. -->","yoast_head_json":{"title":"Parole de membre - R\u00e9seau Entreprendre Alsace","robots":{"index":"index","follow":"follow","max-snippet":"max-snippet:-1","max-image-preview":"max-image-preview:large","max-video-preview":"max-video-preview:-1"},"canonical":"https:\/\/www.reseau-entreprendre.org\/alsace\/parole-de-membre\/","og_locale":"fr_FR","og_type":"article","og_title":"Parole de membre - R\u00e9seau Entreprendre Alsace","og_description":"Les meilleurs conseils by R\u00e9seau Les rubriques \u00e0 venir :","og_url":"https:\/\/www.reseau-entreprendre.org\/alsace\/parole-de-membre\/","og_site_name":"R\u00e9seau Entreprendre Alsace","article_modified_time":"2023-05-01T10:04:29+00:00","og_image":[{"url":"https:\/\/www.reseau-entreprendre.org\/alsace\/wp-content\/uploads\/sites\/56\/2022\/10\/RE-IMAGES-DE-BLOG-1.png","type":"","width":"","height":""}],"twitter_card":"summary_large_image","twitter_misc":{"Dur\u00e9e de lecture estim\u00e9e":"1 minute"},"schema":{"@context":"https:\/\/schema.org","@graph":[{"@type":"WebPage","@id":"https:\/\/www.reseau-entreprendre.org\/alsace\/parole-de-membre\/","url":"https:\/\/www.reseau-entreprendre.org\/alsace\/parole-de-membre\/","name":"Parole de membre - R\u00e9seau Entreprendre Alsace","isPartOf":{"@id":"https:\/\/www.reseau-entreprendre.org\/alsace\/#website"},"primaryImageOfPage":{"@id":"https:\/\/www.reseau-entreprendre.org\/alsace\/parole-de-membre\/#primaryimage"},"image":{"@id":"https:\/\/www.reseau-entreprendre.org\/alsace\/parole-de-membre\/#primaryimage"},"thumbnailUrl":"https:\/\/www.reseau-entreprendre.org\/alsace\/wp-content\/uploads\/sites\/56\/2022\/10\/RE-IMAGES-DE-BLOG-1.png","datePublished":"2022-09-05T15:10:52+00:00","dateModified":"2023-05-01T10:04:29+00:00","breadcrumb":{"@id":"https:\/\/www.reseau-entreprendre.org\/alsace\/parole-de-membre\/#breadcrumb"},"inLanguage":"fr-FR","potentialAction":[{"@type":"ReadAction","target":["https:\/\/www.reseau-entreprendre.org\/alsace\/parole-de-membre\/"]}]},{"@type":"ImageObject","inLanguage":"fr-FR","@id":"https:\/\/www.reseau-entreprendre.org\/alsace\/parole-de-membre\/#primaryimage","url":"https:\/\/www.reseau-entreprendre.org\/alsace\/wp-content\/uploads\/sites\/56\/2022\/10\/RE-IMAGES-DE-BLOG-1.png","contentUrl":"https:\/\/www.reseau-entreprendre.org\/alsace\/wp-content\/uploads\/sites\/56\/2022\/10\/RE-IMAGES-DE-BLOG-1.png","width":350,"height":350},{"@type":"BreadcrumbList","@id":"https:\/\/www.reseau-entreprendre.org\/alsace\/parole-de-membre\/#breadcrumb","itemListElement":[{"@type":"ListItem","position":1,"name":"Accueil","item":"https:\/\/www.reseau-entreprendre.org\/alsace\/"},{"@type":"ListItem","position":2,"name":"Parole de membre"}]},{"@type":"WebSite","@id":"https:\/\/www.reseau-entreprendre.org\/alsace\/#website","url":"https:\/\/www.reseau-entreprendre.org\/alsace\/","name":"R\u00e9seau Entreprendre Alsace","description":"Un site utilisant Les sites de R\u00e9seau Entreprendre","potentialAction":[{"@type":"SearchAction","target":{"@type":"EntryPoint","urlTemplate":"https:\/\/www.reseau-entreprendre.org\/alsace\/?s={search_term_string}"},"query-input":{"@type":"PropertyValueSpecification","valueRequired":true,"valueName":"search_term_string"}}],"inLanguage":"fr-FR"}]}},"_links":{"self":[{"href":"https:\/\/www.reseau-entreprendre.org\/alsace\/wp-json\/wp\/v2\/pages\/6740","targetHints":{"allow":["GET"]}}],"collection":[{"href":"https:\/\/www.reseau-entreprendre.org\/alsace\/wp-json\/wp\/v2\/pages"}],"about":[{"href":"https:\/\/www.reseau-entreprendre.org\/alsace\/wp-json\/wp\/v2\/types\/page"}],"author":[{"embeddable":true,"href":"https:\/\/www.reseau-entreprendre.org\/alsace\/wp-json\/wp\/v2\/users\/57"}],"replies":[{"embeddable":true,"href":"https:\/\/www.reseau-entreprendre.org\/alsace\/wp-json\/wp\/v2\/comments?post=6740"}],"version-history":[{"count":0,"href":"https:\/\/www.reseau-entreprendre.org\/alsace\/wp-json\/wp\/v2\/pages\/6740\/revisions"}],"wp:attachment":[{"href":"https:\/\/www.reseau-entreprendre.org\/alsace\/wp-json\/wp\/v2\/media?parent=6740"}],"curies":[{"name":"wp","href":"https:\/\/api.w.org\/{rel}","templated":true}]}}