{"id":7185,"date":"2022-10-25T10:44:02","date_gmt":"2022-10-25T08:44:02","guid":{"rendered":"https:\/\/www.reseau-entreprendre.org\/alsace\/?page_id=7185"},"modified":"2024-02-07T08:13:07","modified_gmt":"2024-02-07T07:13:07","slug":"entrepreneur-starter-pack","status":"publish","type":"page","link":"https:\/\/www.reseau-entreprendre.org\/alsace\/entrepreneur-starter-pack\/","title":{"rendered":"Entrepreneur Starter Pack"},"content":{"rendered":"\n<h2 class=\"wp-block-heading\"><strong>Bo\u00eete \u00e0 outil pour les nouveaux entrepreneurs<\/strong><\/h2>\n\n\n\n<figure class=\"wp-block-image size-large\"><img loading=\"lazy\" decoding=\"async\" width=\"1024\" height=\"150\" src=\"https:\/\/www.reseau-entreprendre.org\/alsace\/wp-content\/uploads\/sites\/56\/2022\/11\/Capture-1024x150.png\" alt=\"\" class=\"wp-image-7337\" srcset=\"https:\/\/www.reseau-entreprendre.org\/alsace\/wp-content\/uploads\/sites\/56\/2022\/11\/Capture-1024x150.png 1024w, https:\/\/www.reseau-entreprendre.org\/alsace\/wp-content\/uploads\/sites\/56\/2022\/11\/Capture-300x44.png 300w, https:\/\/www.reseau-entreprendre.org\/alsace\/wp-content\/uploads\/sites\/56\/2022\/11\/Capture-768x113.png 768w, https:\/\/www.reseau-entreprendre.org\/alsace\/wp-content\/uploads\/sites\/56\/2022\/11\/Capture-210x31.png 210w, https:\/\/www.reseau-entreprendre.org\/alsace\/wp-content\/uploads\/sites\/56\/2022\/11\/Capture.png 1140w\" sizes=\"auto, (max-width: 1024px) 100vw, 1024px\" \/><\/figure>\n\n\n\n<p>Vous cherchez des structures de financements\u202f? Vous avez besoin de conseils pour lancer une campagne crowdfunding\u202f? Vous voulez mieux conna\u00eetre les labels RSE\u202f? L\u2019Entrepreneur Starter Pack r\u00e9sume tout ce dont vous avez besoin pour r\u00e9ussir votre aventure entrepreneuriale alsacienne\u202f!&nbsp;&nbsp;<\/p>\n\n\n\n<p>Vous trouverez ici des conseils, un annuaire de structures d&#8217;accompagnements, des listes de financeurs, et de nombreux autres outils et r\u00e9f\u00e9rences.&nbsp;<\/p>\n\n\n\n<div class=\"wp-block-buttons is-layout-flex wp-block-buttons-is-layout-flex\">\n<div class=\"wp-block-button\"><a class=\"wp-block-button__link\" href=\"https:\/\/believed-hallway-a3a.notion.site\/L-Entreprendre-Starter-Pack-ac582acf41ce45aebdba2275cc1130fc\"><strong>D\u00e9couvrir l&#8217;outil<\/strong><\/a><\/div>\n<\/div>\n","protected":false},"excerpt":{"rendered":"<p>Bo\u00eete \u00e0 outil pour les nouveaux entrepreneurs Vous cherchez des<\/p>\n","protected":false},"author":57,"featured_media":0,"parent":0,"menu_order":0,"comment_status":"closed","ping_status":"closed","template":"","meta":{"_acf_changed":false,"_monsterinsights_skip_tracking":false,"_monsterinsights_sitenote_active":false,"_monsterinsights_sitenote_note":"","_monsterinsights_sitenote_category":0,"footnotes":""},"class_list":["post-7185","page","type-page","status-publish","hentry"],"acf":[],"yoast_head":"<!-- This site is optimized with the Yoast SEO plugin v27.4 - https:\/\/yoast.com\/product\/yoast-seo-wordpress\/ -->\n<title>Entrepreneur Starter Pack | R\u00e9seau Entreprendre Alsace<\/title>\n<meta name=\"robots\" content=\"index, follow, max-snippet:-1, max-image-preview:large, max-video-preview:-1\" \/>\n<link rel=\"canonical\" href=\"https:\/\/www.reseau-entreprendre.org\/alsace\/entrepreneur-starter-pack\/\" \/>\n<meta property=\"og:locale\" content=\"fr_FR\" \/>\n<meta property=\"og:type\" content=\"article\" \/>\n<meta property=\"og:title\" content=\"Entrepreneur Starter Pack | R\u00e9seau Entreprendre Alsace\" \/>\n<meta property=\"og:description\" content=\"Bo\u00eete \u00e0 outil pour les nouveaux entrepreneurs Vous cherchez des\" \/>\n<meta property=\"og:url\" content=\"https:\/\/www.reseau-entreprendre.org\/alsace\/entrepreneur-starter-pack\/\" \/>\n<meta property=\"og:site_name\" content=\"R\u00e9seau Entreprendre Alsace\" \/>\n<meta property=\"article:modified_time\" content=\"2024-02-07T07:13:07+00:00\" \/>\n<meta property=\"og:image\" content=\"https:\/\/www.reseau-entreprendre.org\/alsace\/wp-content\/uploads\/sites\/56\/2022\/11\/Capture-1024x150.png\" \/>\n<meta name=\"twitter:card\" content=\"summary_large_image\" \/>\n<meta name=\"twitter:label1\" content=\"Dur\u00e9e de lecture estim\u00e9e\" \/>\n\t<meta name=\"twitter:data1\" content=\"1 minute\" \/>\n<script type=\"application\/ld+json\" class=\"yoast-schema-graph\">{\"@context\":\"https:\\\/\\\/schema.org\",\"@graph\":[{\"@type\":\"WebPage\",\"@id\":\"https:\\\/\\\/www.reseau-entreprendre.org\\\/alsace\\\/entrepreneur-starter-pack\\\/\",\"url\":\"https:\\\/\\\/www.reseau-entreprendre.org\\\/alsace\\\/entrepreneur-starter-pack\\\/\",\"name\":\"Entrepreneur Starter Pack | R\u00e9seau Entreprendre Alsace\",\"isPartOf\":{\"@id\":\"https:\\\/\\\/www.reseau-entreprendre.org\\\/alsace\\\/#website\"},\"primaryImageOfPage\":{\"@id\":\"https:\\\/\\\/www.reseau-entreprendre.org\\\/alsace\\\/entrepreneur-starter-pack\\\/#primaryimage\"},\"image\":{\"@id\":\"https:\\\/\\\/www.reseau-entreprendre.org\\\/alsace\\\/entrepreneur-starter-pack\\\/#primaryimage\"},\"thumbnailUrl\":\"https:\\\/\\\/www.reseau-entreprendre.org\\\/alsace\\\/wp-content\\\/uploads\\\/sites\\\/56\\\/2022\\\/11\\\/Capture-1024x150.png\",\"datePublished\":\"2022-10-25T08:44:02+00:00\",\"dateModified\":\"2024-02-07T07:13:07+00:00\",\"breadcrumb\":{\"@id\":\"https:\\\/\\\/www.reseau-entreprendre.org\\\/alsace\\\/entrepreneur-starter-pack\\\/#breadcrumb\"},\"inLanguage\":\"fr-FR\",\"potentialAction\":[{\"@type\":\"ReadAction\",\"target\":[\"https:\\\/\\\/www.reseau-entreprendre.org\\\/alsace\\\/entrepreneur-starter-pack\\\/\"]}]},{\"@type\":\"ImageObject\",\"inLanguage\":\"fr-FR\",\"@id\":\"https:\\\/\\\/www.reseau-entreprendre.org\\\/alsace\\\/entrepreneur-starter-pack\\\/#primaryimage\",\"url\":\"https:\\\/\\\/www.reseau-entreprendre.org\\\/alsace\\\/wp-content\\\/uploads\\\/sites\\\/56\\\/2022\\\/11\\\/Capture.png\",\"contentUrl\":\"https:\\\/\\\/www.reseau-entreprendre.org\\\/alsace\\\/wp-content\\\/uploads\\\/sites\\\/56\\\/2022\\\/11\\\/Capture.png\",\"width\":1140,\"height\":167},{\"@type\":\"BreadcrumbList\",\"@id\":\"https:\\\/\\\/www.reseau-entreprendre.org\\\/alsace\\\/entrepreneur-starter-pack\\\/#breadcrumb\",\"itemListElement\":[{\"@type\":\"ListItem\",\"position\":1,\"name\":\"Accueil\",\"item\":\"https:\\\/\\\/www.reseau-entreprendre.org\\\/alsace\\\/\"},{\"@type\":\"ListItem\",\"position\":2,\"name\":\"Entrepreneur Starter Pack\"}]},{\"@type\":\"WebSite\",\"@id\":\"https:\\\/\\\/www.reseau-entreprendre.org\\\/alsace\\\/#website\",\"url\":\"https:\\\/\\\/www.reseau-entreprendre.org\\\/alsace\\\/\",\"name\":\"R\u00e9seau Entreprendre Alsace\",\"description\":\"Un site utilisant Les sites de R\u00e9seau Entreprendre\",\"potentialAction\":[{\"@type\":\"SearchAction\",\"target\":{\"@type\":\"EntryPoint\",\"urlTemplate\":\"https:\\\/\\\/www.reseau-entreprendre.org\\\/alsace\\\/?s={search_term_string}\"},\"query-input\":{\"@type\":\"PropertyValueSpecification\",\"valueRequired\":true,\"valueName\":\"search_term_string\"}}],\"inLanguage\":\"fr-FR\"}]}<\/script>\n<!-- \/ Yoast SEO plugin. -->","yoast_head_json":{"title":"Entrepreneur Starter Pack | R\u00e9seau Entreprendre Alsace","robots":{"index":"index","follow":"follow","max-snippet":"max-snippet:-1","max-image-preview":"max-image-preview:large","max-video-preview":"max-video-preview:-1"},"canonical":"https:\/\/www.reseau-entreprendre.org\/alsace\/entrepreneur-starter-pack\/","og_locale":"fr_FR","og_type":"article","og_title":"Entrepreneur Starter Pack | R\u00e9seau Entreprendre Alsace","og_description":"Bo\u00eete \u00e0 outil pour les nouveaux entrepreneurs Vous cherchez des","og_url":"https:\/\/www.reseau-entreprendre.org\/alsace\/entrepreneur-starter-pack\/","og_site_name":"R\u00e9seau Entreprendre Alsace","article_modified_time":"2024-02-07T07:13:07+00:00","og_image":[{"url":"https:\/\/www.reseau-entreprendre.org\/alsace\/wp-content\/uploads\/sites\/56\/2022\/11\/Capture-1024x150.png","type":"","width":"","height":""}],"twitter_card":"summary_large_image","twitter_misc":{"Dur\u00e9e de lecture estim\u00e9e":"1 minute"},"schema":{"@context":"https:\/\/schema.org","@graph":[{"@type":"WebPage","@id":"https:\/\/www.reseau-entreprendre.org\/alsace\/entrepreneur-starter-pack\/","url":"https:\/\/www.reseau-entreprendre.org\/alsace\/entrepreneur-starter-pack\/","name":"Entrepreneur Starter Pack | R\u00e9seau Entreprendre Alsace","isPartOf":{"@id":"https:\/\/www.reseau-entreprendre.org\/alsace\/#website"},"primaryImageOfPage":{"@id":"https:\/\/www.reseau-entreprendre.org\/alsace\/entrepreneur-starter-pack\/#primaryimage"},"image":{"@id":"https:\/\/www.reseau-entreprendre.org\/alsace\/entrepreneur-starter-pack\/#primaryimage"},"thumbnailUrl":"https:\/\/www.reseau-entreprendre.org\/alsace\/wp-content\/uploads\/sites\/56\/2022\/11\/Capture-1024x150.png","datePublished":"2022-10-25T08:44:02+00:00","dateModified":"2024-02-07T07:13:07+00:00","breadcrumb":{"@id":"https:\/\/www.reseau-entreprendre.org\/alsace\/entrepreneur-starter-pack\/#breadcrumb"},"inLanguage":"fr-FR","potentialAction":[{"@type":"ReadAction","target":["https:\/\/www.reseau-entreprendre.org\/alsace\/entrepreneur-starter-pack\/"]}]},{"@type":"ImageObject","inLanguage":"fr-FR","@id":"https:\/\/www.reseau-entreprendre.org\/alsace\/entrepreneur-starter-pack\/#primaryimage","url":"https:\/\/www.reseau-entreprendre.org\/alsace\/wp-content\/uploads\/sites\/56\/2022\/11\/Capture.png","contentUrl":"https:\/\/www.reseau-entreprendre.org\/alsace\/wp-content\/uploads\/sites\/56\/2022\/11\/Capture.png","width":1140,"height":167},{"@type":"BreadcrumbList","@id":"https:\/\/www.reseau-entreprendre.org\/alsace\/entrepreneur-starter-pack\/#breadcrumb","itemListElement":[{"@type":"ListItem","position":1,"name":"Accueil","item":"https:\/\/www.reseau-entreprendre.org\/alsace\/"},{"@type":"ListItem","position":2,"name":"Entrepreneur Starter Pack"}]},{"@type":"WebSite","@id":"https:\/\/www.reseau-entreprendre.org\/alsace\/#website","url":"https:\/\/www.reseau-entreprendre.org\/alsace\/","name":"R\u00e9seau Entreprendre Alsace","description":"Un site utilisant Les sites de R\u00e9seau Entreprendre","potentialAction":[{"@type":"SearchAction","target":{"@type":"EntryPoint","urlTemplate":"https:\/\/www.reseau-entreprendre.org\/alsace\/?s={search_term_string}"},"query-input":{"@type":"PropertyValueSpecification","valueRequired":true,"valueName":"search_term_string"}}],"inLanguage":"fr-FR"}]}},"_links":{"self":[{"href":"https:\/\/www.reseau-entreprendre.org\/alsace\/wp-json\/wp\/v2\/pages\/7185","targetHints":{"allow":["GET"]}}],"collection":[{"href":"https:\/\/www.reseau-entreprendre.org\/alsace\/wp-json\/wp\/v2\/pages"}],"about":[{"href":"https:\/\/www.reseau-entreprendre.org\/alsace\/wp-json\/wp\/v2\/types\/page"}],"author":[{"embeddable":true,"href":"https:\/\/www.reseau-entreprendre.org\/alsace\/wp-json\/wp\/v2\/users\/57"}],"replies":[{"embeddable":true,"href":"https:\/\/www.reseau-entreprendre.org\/alsace\/wp-json\/wp\/v2\/comments?post=7185"}],"version-history":[{"count":0,"href":"https:\/\/www.reseau-entreprendre.org\/alsace\/wp-json\/wp\/v2\/pages\/7185\/revisions"}],"wp:attachment":[{"href":"https:\/\/www.reseau-entreprendre.org\/alsace\/wp-json\/wp\/v2\/media?parent=7185"}],"curies":[{"name":"wp","href":"https:\/\/api.w.org\/{rel}","templated":true}]}}