{"id":7803,"date":"2023-05-01T11:08:44","date_gmt":"2023-05-01T09:08:44","guid":{"rendered":"https:\/\/www.reseau-entreprendre.org\/alsace\/?page_id=7803"},"modified":"2023-07-26T14:50:46","modified_gmt":"2023-07-26T12:50:46","slug":"vive-la-reprise-by-lucas-fattori","status":"publish","type":"page","link":"https:\/\/www.reseau-entreprendre.org\/alsace\/vive-la-reprise-by-lucas-fattori\/","title":{"rendered":"Vive la reprise ! By Lucas Fattori"},"content":{"rendered":"\n<div style=\"height:91px\" aria-hidden=\"true\" class=\"wp-block-spacer\"><\/div>\n\n\n\n<div class=\"wp-block-columns is-layout-flex wp-container-core-columns-is-layout-9d6595d7 wp-block-columns-is-layout-flex\">\n<div class=\"wp-block-column is-layout-flow wp-block-column-is-layout-flow\">\n<p>Lucas Fattori est membre de R\u00e9seau Entreprendre Alsace, associ\u00e9 et dirigeant du cabinet <a href=\"https:\/\/www.msimond.fr\/\" target=\"_blank\" rel=\"noreferrer noopener\">Michel Simond<\/a>. <\/p>\n\n\n\n<p>Bas\u00e9 \u00e0 Entzheim (67), Michel Simond est sp\u00e9cialis\u00e9 dans l&#8217;accompagnement \u00e0 la cession \/ reprise d&#8217;entreprise \u00e0 travers toute l&#8217;Alsace.  <\/p>\n<\/div>\n<\/div>\n\n\n\n<p><\/p>\n\n\n\n<div style=\"height:24px\" aria-hidden=\"true\" class=\"wp-block-spacer\"><\/div>\n\n\n\n<p><\/p>\n\n\n\n<div class=\"wp-block-columns is-layout-flex wp-container-core-columns-is-layout-9d6595d7 wp-block-columns-is-layout-flex\">\n<div class=\"wp-block-column is-layout-flow wp-block-column-is-layout-flow\">\n<figure class=\"wp-block-image size-large\"><img loading=\"lazy\" decoding=\"async\" width=\"1024\" height=\"526\" src=\"https:\/\/www.reseau-entreprendre.org\/alsace\/wp-content\/uploads\/sites\/56\/2023\/05\/vive-la-reprise-reseau-entreprendre-alsace-1024x526.png\" alt=\"\" class=\"wp-image-7810\" srcset=\"https:\/\/www.reseau-entreprendre.org\/alsace\/wp-content\/uploads\/sites\/56\/2023\/05\/vive-la-reprise-reseau-entreprendre-alsace-1024x526.png 1024w, https:\/\/www.reseau-entreprendre.org\/alsace\/wp-content\/uploads\/sites\/56\/2023\/05\/vive-la-reprise-reseau-entreprendre-alsace-300x154.png 300w, https:\/\/www.reseau-entreprendre.org\/alsace\/wp-content\/uploads\/sites\/56\/2023\/05\/vive-la-reprise-reseau-entreprendre-alsace-768x395.png 768w, https:\/\/www.reseau-entreprendre.org\/alsace\/wp-content\/uploads\/sites\/56\/2023\/05\/vive-la-reprise-reseau-entreprendre-alsace-1536x789.png 1536w, https:\/\/www.reseau-entreprendre.org\/alsace\/wp-content\/uploads\/sites\/56\/2023\/05\/vive-la-reprise-reseau-entreprendre-alsace-210x108.png 210w, https:\/\/www.reseau-entreprendre.org\/alsace\/wp-content\/uploads\/sites\/56\/2023\/05\/vive-la-reprise-reseau-entreprendre-alsace.png 1140w\" sizes=\"auto, (max-width: 1024px) 100vw, 1024px\" \/><\/figure>\n<\/div>\n\n\n\n<div class=\"wp-block-column is-layout-flow wp-block-column-is-layout-flow\">\n<h3 class=\"wp-block-heading\">Cr\u00e9ation vs Reprise<\/h3>\n\n\n\n<div style=\"height:6px\" aria-hidden=\"true\" class=\"wp-block-spacer\"><\/div>\n\n\n\n<p>En cr\u00e9ation d&#8217;entreprise, le taux de survie \u00e0 3 ans est de l&#8217;ordre de 50 %. <\/p>\n\n\n\n<p>En reprise d&#8217;entreprise, le taux de survie \u00e0 3 ans d\u00e9passe 90 %. <\/p>\n\n\n\n<p><\/p>\n\n\n\n<div class=\"wp-block-buttons is-content-justification-center is-layout-flex wp-container-core-buttons-is-layout-16018d1d wp-block-buttons-is-layout-flex\">\n<div class=\"wp-block-button\"><a class=\"wp-block-button__link wp-element-button\" href=\"https:\/\/www.reseau-entreprendre.org\/alsace\/2023\/05\/01\/creation-vs-reprise-entreprise\/\" target=\"_blank\" rel=\"noreferrer noopener\">Voir la vid\u00e9o<\/a><\/div>\n<\/div>\n<\/div>\n<\/div>\n\n\n\n<div style=\"height:24px\" aria-hidden=\"true\" class=\"wp-block-spacer\"><\/div>\n\n\n\n<div class=\"wp-block-columns is-layout-flex wp-container-core-columns-is-layout-9d6595d7 wp-block-columns-is-layout-flex\">\n<div class=\"wp-block-column is-layout-flow wp-block-column-is-layout-flow\">\n<figure class=\"wp-block-image size-large\"><img loading=\"lazy\" decoding=\"async\" width=\"1024\" height=\"576\" src=\"https:\/\/www.reseau-entreprendre.org\/alsace\/wp-content\/uploads\/sites\/56\/2023\/05\/reprise-entreprise-acteurs-cles-1024x576.jpg\" alt=\"Les acteurs cl\u00e9s de la reprise d'entreprise avec Michel Simond sur R\u00e9seau Entreprendre Alsace \" class=\"wp-image-7871\" srcset=\"https:\/\/www.reseau-entreprendre.org\/alsace\/wp-content\/uploads\/sites\/56\/2023\/05\/reprise-entreprise-acteurs-cles-1024x576.jpg 1024w, https:\/\/www.reseau-entreprendre.org\/alsace\/wp-content\/uploads\/sites\/56\/2023\/05\/reprise-entreprise-acteurs-cles-300x169.jpg 300w, https:\/\/www.reseau-entreprendre.org\/alsace\/wp-content\/uploads\/sites\/56\/2023\/05\/reprise-entreprise-acteurs-cles-768x432.jpg 768w, https:\/\/www.reseau-entreprendre.org\/alsace\/wp-content\/uploads\/sites\/56\/2023\/05\/reprise-entreprise-acteurs-cles-210x118.jpg 210w, https:\/\/www.reseau-entreprendre.org\/alsace\/wp-content\/uploads\/sites\/56\/2023\/05\/reprise-entreprise-acteurs-cles-scaled.jpg 1140w\" sizes=\"auto, (max-width: 1024px) 100vw, 1024px\" \/><\/figure>\n<\/div>\n\n\n\n<div class=\"wp-block-column is-layout-flow wp-block-column-is-layout-flow\">\n<h3 class=\"wp-block-heading\">Les acteurs cl\u00e9s de la reprise <\/h3>\n\n\n\n<div style=\"height:6px\" aria-hidden=\"true\" class=\"wp-block-spacer\"><\/div>\n\n\n\n<p>L&#8217;expert-comptable, l&#8217;avocat et la banque sont les interlocuteurs cl\u00e9s, charg\u00e9s de prot\u00e9ger le repreneur d&#8217;entreprise dans sa d\u00e9marche.<\/p>\n\n\n\n<p><\/p>\n\n\n\n<div class=\"wp-block-buttons is-content-justification-center is-layout-flex wp-container-core-buttons-is-layout-16018d1d wp-block-buttons-is-layout-flex\">\n<div class=\"wp-block-button\"><a class=\"wp-block-button__link wp-element-button\" href=\"https:\/\/www.reseau-entreprendre.org\/alsace\/2023\/05\/16\/reprise-entreprise-acteurs-cles\/\" target=\"_blank\" rel=\"noreferrer noopener\">Voir la vid\u00e9o<\/a><\/div>\n<\/div>\n<\/div>\n<\/div>\n\n\n\n<div style=\"height:24px\" aria-hidden=\"true\" class=\"wp-block-spacer\"><\/div>\n\n\n\n<div class=\"wp-block-columns is-layout-flex wp-container-core-columns-is-layout-9d6595d7 wp-block-columns-is-layout-flex\">\n<div class=\"wp-block-column is-layout-flow wp-block-column-is-layout-flow\">\n<figure class=\"wp-block-image size-large\"><img loading=\"lazy\" decoding=\"async\" width=\"1024\" height=\"574\" src=\"https:\/\/www.reseau-entreprendre.org\/alsace\/wp-content\/uploads\/sites\/56\/2023\/05\/la-reprise_marche-intermedie_reseau-entreprendre-alsace-1024x574.png\" alt=\"Le march\u00e9 de l'interm\u00e9diation en reprise d'entreprise sur R\u00e9seau Entreprendre Alsace \" class=\"wp-image-7890\" srcset=\"https:\/\/www.reseau-entreprendre.org\/alsace\/wp-content\/uploads\/sites\/56\/2023\/05\/la-reprise_marche-intermedie_reseau-entreprendre-alsace-1024x574.png 1024w, https:\/\/www.reseau-entreprendre.org\/alsace\/wp-content\/uploads\/sites\/56\/2023\/05\/la-reprise_marche-intermedie_reseau-entreprendre-alsace-300x168.png 300w, https:\/\/www.reseau-entreprendre.org\/alsace\/wp-content\/uploads\/sites\/56\/2023\/05\/la-reprise_marche-intermedie_reseau-entreprendre-alsace-768x430.png 768w, https:\/\/www.reseau-entreprendre.org\/alsace\/wp-content\/uploads\/sites\/56\/2023\/05\/la-reprise_marche-intermedie_reseau-entreprendre-alsace-210x118.png 210w, https:\/\/www.reseau-entreprendre.org\/alsace\/wp-content\/uploads\/sites\/56\/2023\/05\/la-reprise_marche-intermedie_reseau-entreprendre-alsace.png 1108w\" sizes=\"auto, (max-width: 1024px) 100vw, 1024px\" \/><\/figure>\n<\/div>\n\n\n\n<div class=\"wp-block-column is-layout-flow wp-block-column-is-layout-flow\">\n<h3 class=\"wp-block-heading\">Le march\u00e9 de l&#8217;interm\u00e9diation<\/h3>\n\n\n\n<div style=\"height:6px\" aria-hidden=\"true\" class=\"wp-block-spacer\"><\/div>\n\n\n\n<p>Les professionnels de l&#8217;interm\u00e9diation ne r\u00e9alisent que 20% des transactions environ. Le r\u00e9seau priv\u00e9 reste le principal vecteur de mises en relation entre vendeurs et repreneurs.<\/p>\n\n\n\n<p><\/p>\n\n\n\n<div class=\"wp-block-buttons is-content-justification-center is-layout-flex wp-container-core-buttons-is-layout-16018d1d wp-block-buttons-is-layout-flex\">\n<div class=\"wp-block-button\"><a class=\"wp-block-button__link wp-element-button\" href=\"https:\/\/www.reseau-entreprendre.org\/alsace\/2023\/05\/30\/reprise-entreprise-marche-intermedie\/\" target=\"_blank\" rel=\"noreferrer noopener\">Voir la vid\u00e9o<\/a><\/div>\n<\/div>\n<\/div>\n<\/div>\n\n\n\n<div style=\"height:24px\" aria-hidden=\"true\" class=\"wp-block-spacer\"><\/div>\n\n\n\n<div class=\"wp-block-columns is-layout-flex wp-container-core-columns-is-layout-9d6595d7 wp-block-columns-is-layout-flex\">\n<div class=\"wp-block-column is-layout-flow wp-block-column-is-layout-flow\">\n<figure class=\"wp-block-image size-large\"><img loading=\"lazy\" decoding=\"async\" width=\"1024\" height=\"577\" src=\"https:\/\/www.reseau-entreprendre.org\/alsace\/wp-content\/uploads\/sites\/56\/2023\/06\/etape-reprise-entreprise_reseau-entreprendre-alsace-1024x577.png\" alt=\"\" class=\"wp-image-7925\" srcset=\"https:\/\/www.reseau-entreprendre.org\/alsace\/wp-content\/uploads\/sites\/56\/2023\/06\/etape-reprise-entreprise_reseau-entreprendre-alsace-1024x577.png 1024w, https:\/\/www.reseau-entreprendre.org\/alsace\/wp-content\/uploads\/sites\/56\/2023\/06\/etape-reprise-entreprise_reseau-entreprendre-alsace-300x169.png 300w, https:\/\/www.reseau-entreprendre.org\/alsace\/wp-content\/uploads\/sites\/56\/2023\/06\/etape-reprise-entreprise_reseau-entreprendre-alsace-768x433.png 768w, https:\/\/www.reseau-entreprendre.org\/alsace\/wp-content\/uploads\/sites\/56\/2023\/06\/etape-reprise-entreprise_reseau-entreprendre-alsace-210x118.png 210w, https:\/\/www.reseau-entreprendre.org\/alsace\/wp-content\/uploads\/sites\/56\/2023\/06\/etape-reprise-entreprise_reseau-entreprendre-alsace.png 1107w\" sizes=\"auto, (max-width: 1024px) 100vw, 1024px\" \/><\/figure>\n<\/div>\n\n\n\n<div class=\"wp-block-column is-layout-flow wp-block-column-is-layout-flow\">\n<h3 class=\"wp-block-heading\">\u00c9tapes et pr\u00e9requis<\/h3>\n\n\n\n<div style=\"height:6px\" aria-hidden=\"true\" class=\"wp-block-spacer\"><\/div>\n\n\n\n<p>Les vendeur doit anticiper son d\u00e9part \u00e0 5 ans : le temps de ne plus se rendre indispensable \u00e0 sa structure <em>(d\u00e9marche oh combien difficile pour tout dirigeant !)<\/em><\/p>\n\n\n\n<p><\/p>\n\n\n\n<div class=\"wp-block-buttons is-content-justification-center is-layout-flex wp-container-core-buttons-is-layout-16018d1d wp-block-buttons-is-layout-flex\">\n<div class=\"wp-block-button\"><a class=\"wp-block-button__link wp-element-button\" href=\"https:\/\/www.reseau-entreprendre.org\/alsace\/2023\/06\/19\/reprise-entreprise-etapes\/\" target=\"_blank\" rel=\"noreferrer noopener\">Voir la vid\u00e9o<\/a><\/div>\n<\/div>\n<\/div>\n<\/div>\n\n\n\n<div style=\"height:24px\" aria-hidden=\"true\" class=\"wp-block-spacer\"><\/div>\n\n\n\n<div class=\"wp-block-columns is-layout-flex wp-container-core-columns-is-layout-9d6595d7 wp-block-columns-is-layout-flex\">\n<div class=\"wp-block-column is-layout-flow wp-block-column-is-layout-flow\">\n<figure class=\"wp-block-image size-large\"><img loading=\"lazy\" decoding=\"async\" width=\"1024\" height=\"576\" src=\"https:\/\/www.reseau-entreprendre.org\/alsace\/wp-content\/uploads\/sites\/56\/2023\/07\/vive-la-reprise-evaluer-son-entreprise-realsace-1024x576.jpg\" alt=\"Comment \u00e9valuer son entreprise dans le cadre d'une cession sur R\u00e9seau Entreprendre Alsace \" class=\"wp-image-7983\" srcset=\"https:\/\/www.reseau-entreprendre.org\/alsace\/wp-content\/uploads\/sites\/56\/2023\/07\/vive-la-reprise-evaluer-son-entreprise-realsace-1024x576.jpg 1024w, https:\/\/www.reseau-entreprendre.org\/alsace\/wp-content\/uploads\/sites\/56\/2023\/07\/vive-la-reprise-evaluer-son-entreprise-realsace-300x169.jpg 300w, https:\/\/www.reseau-entreprendre.org\/alsace\/wp-content\/uploads\/sites\/56\/2023\/07\/vive-la-reprise-evaluer-son-entreprise-realsace-768x432.jpg 768w, https:\/\/www.reseau-entreprendre.org\/alsace\/wp-content\/uploads\/sites\/56\/2023\/07\/vive-la-reprise-evaluer-son-entreprise-realsace-210x118.jpg 210w, https:\/\/www.reseau-entreprendre.org\/alsace\/wp-content\/uploads\/sites\/56\/2023\/07\/vive-la-reprise-evaluer-son-entreprise-realsace-scaled.jpg 1140w\" sizes=\"auto, (max-width: 1024px) 100vw, 1024px\" \/><\/figure>\n<\/div>\n\n\n\n<div class=\"wp-block-column is-layout-flow wp-block-column-is-layout-flow\">\n<h3 class=\"wp-block-heading\">Evaluer son entreprise <\/h3>\n\n\n\n<div style=\"height:6px\" aria-hidden=\"true\" class=\"wp-block-spacer\"><\/div>\n\n\n\n<p>La valeur d&#8217;une entreprise d\u00e9pend de son passif et non de son potentiel. <\/p>\n\n\n\n<p><\/p>\n\n\n\n<div class=\"wp-block-buttons is-content-justification-center is-layout-flex wp-container-core-buttons-is-layout-16018d1d wp-block-buttons-is-layout-flex\">\n<div class=\"wp-block-button\"><a class=\"wp-block-button__link wp-element-button\" href=\"https:\/\/www.reseau-entreprendre.org\/alsace\/2023\/07\/13\/reprise-entreprise-evaluation-valorisation\/\" target=\"_blank\" rel=\"noreferrer noopener\">Voir la vid\u00e9o<\/a><\/div>\n<\/div>\n<\/div>\n<\/div>\n\n\n\n<div style=\"height:24px\" aria-hidden=\"true\" class=\"wp-block-spacer\"><\/div>\n\n\n\n<div class=\"wp-block-columns is-layout-flex wp-container-core-columns-is-layout-9d6595d7 wp-block-columns-is-layout-flex\">\n<div class=\"wp-block-column is-layout-flow wp-block-column-is-layout-flow\">\n<figure class=\"wp-block-image size-large\"><img loading=\"lazy\" decoding=\"async\" width=\"1024\" height=\"526\" src=\"https:\/\/www.reseau-entreprendre.org\/alsace\/wp-content\/uploads\/sites\/56\/2023\/05\/vive-la-reprise-reseau-entreprendre-alsace-1-1024x526.png\" alt=\"Cr\u00e9ation vs reprise d'entreprise by Lucas Fattori sur R\u00e9seau Entreprendre Alsace\" class=\"wp-image-7821\" srcset=\"https:\/\/www.reseau-entreprendre.org\/alsace\/wp-content\/uploads\/sites\/56\/2023\/05\/vive-la-reprise-reseau-entreprendre-alsace-1-1024x526.png 1024w, https:\/\/www.reseau-entreprendre.org\/alsace\/wp-content\/uploads\/sites\/56\/2023\/05\/vive-la-reprise-reseau-entreprendre-alsace-1-300x154.png 300w, https:\/\/www.reseau-entreprendre.org\/alsace\/wp-content\/uploads\/sites\/56\/2023\/05\/vive-la-reprise-reseau-entreprendre-alsace-1-768x395.png 768w, https:\/\/www.reseau-entreprendre.org\/alsace\/wp-content\/uploads\/sites\/56\/2023\/05\/vive-la-reprise-reseau-entreprendre-alsace-1-1536x789.png 1536w, https:\/\/www.reseau-entreprendre.org\/alsace\/wp-content\/uploads\/sites\/56\/2023\/05\/vive-la-reprise-reseau-entreprendre-alsace-1-210x108.png 210w, https:\/\/www.reseau-entreprendre.org\/alsace\/wp-content\/uploads\/sites\/56\/2023\/05\/vive-la-reprise-reseau-entreprendre-alsace-1.png 1140w\" sizes=\"auto, (max-width: 1024px) 100vw, 1024px\" \/><\/figure>\n<\/div>\n\n\n\n<div class=\"wp-block-column is-layout-flow wp-block-column-is-layout-flow\">\n<h3 class=\"wp-block-heading\">Le relationnel repreneur &#8211; dirigeant<\/h3>\n\n\n\n<div style=\"height:6px\" aria-hidden=\"true\" class=\"wp-block-spacer\"><\/div>\n\n\n\n<p>La p\u00e9riode de transition entre le dirigeant sortant et le repreneur doit \u00eatre courte (3 \u00e0 6 mois) : ceci pour affirmer l&#8217;autorit\u00e9 du nouveau dirigeant.<\/p>\n\n\n\n<p><\/p>\n\n\n\n<div class=\"wp-block-buttons is-content-justification-center is-layout-flex wp-container-core-buttons-is-layout-16018d1d wp-block-buttons-is-layout-flex\">\n<div class=\"wp-block-button\"><a class=\"wp-block-button__link wp-element-button\" href=\"https:\/\/www.reseau-entreprendre.org\/alsace\/2023\/07\/26\/reprise-entreprise-relation-repreneur-dirigeant\/\" target=\"_blank\" rel=\"noreferrer noopener\">Voir la vid\u00e9o<\/a><\/div>\n<\/div>\n<\/div>\n<\/div>\n","protected":false},"excerpt":{"rendered":"<p>Lucas Fattori est membre de R\u00e9seau Entreprendre Alsace, associ\u00e9 et<\/p>\n","protected":false},"author":57,"featured_media":0,"parent":0,"menu_order":0,"comment_status":"closed","ping_status":"closed","template":"","meta":{"_acf_changed":false,"_monsterinsights_skip_tracking":false,"_monsterinsights_sitenote_active":false,"_monsterinsights_sitenote_note":"","_monsterinsights_sitenote_category":0,"footnotes":""},"class_list":["post-7803","page","type-page","status-publish","hentry"],"acf":[],"yoast_head":"<!-- This site is optimized with the Yoast SEO plugin v27.4 - https:\/\/yoast.com\/product\/yoast-seo-wordpress\/ -->\n<title>Vive la reprise ! By Lucas Fattori - R\u00e9seau Entreprendre Alsace<\/title>\n<meta name=\"robots\" content=\"index, follow, max-snippet:-1, max-image-preview:large, max-video-preview:-1\" \/>\n<link rel=\"canonical\" href=\"https:\/\/www.reseau-entreprendre.org\/alsace\/vive-la-reprise-by-lucas-fattori\/\" \/>\n<meta property=\"og:locale\" content=\"fr_FR\" \/>\n<meta property=\"og:type\" content=\"article\" \/>\n<meta property=\"og:title\" content=\"Vive la reprise ! By Lucas Fattori - R\u00e9seau Entreprendre Alsace\" \/>\n<meta property=\"og:description\" content=\"Lucas Fattori est membre de R\u00e9seau Entreprendre Alsace, associ\u00e9 et\" \/>\n<meta property=\"og:url\" content=\"https:\/\/www.reseau-entreprendre.org\/alsace\/vive-la-reprise-by-lucas-fattori\/\" \/>\n<meta property=\"og:site_name\" content=\"R\u00e9seau Entreprendre Alsace\" \/>\n<meta property=\"article:modified_time\" content=\"2023-07-26T12:50:46+00:00\" \/>\n<meta property=\"og:image\" content=\"https:\/\/www.reseau-entreprendre.org\/alsace\/wp-content\/uploads\/sites\/56\/2023\/05\/vive-la-reprise-reseau-entreprendre-alsace-1024x526.png\" \/>\n<meta name=\"twitter:card\" content=\"summary_large_image\" \/>\n<meta name=\"twitter:label1\" content=\"Dur\u00e9e de lecture estim\u00e9e\" \/>\n\t<meta name=\"twitter:data1\" content=\"3 minutes\" \/>\n<script type=\"application\/ld+json\" class=\"yoast-schema-graph\">{\"@context\":\"https:\\\/\\\/schema.org\",\"@graph\":[{\"@type\":\"WebPage\",\"@id\":\"https:\\\/\\\/www.reseau-entreprendre.org\\\/alsace\\\/vive-la-reprise-by-lucas-fattori\\\/\",\"url\":\"https:\\\/\\\/www.reseau-entreprendre.org\\\/alsace\\\/vive-la-reprise-by-lucas-fattori\\\/\",\"name\":\"Vive la reprise ! By Lucas Fattori - R\u00e9seau Entreprendre Alsace\",\"isPartOf\":{\"@id\":\"https:\\\/\\\/www.reseau-entreprendre.org\\\/alsace\\\/#website\"},\"primaryImageOfPage\":{\"@id\":\"https:\\\/\\\/www.reseau-entreprendre.org\\\/alsace\\\/vive-la-reprise-by-lucas-fattori\\\/#primaryimage\"},\"image\":{\"@id\":\"https:\\\/\\\/www.reseau-entreprendre.org\\\/alsace\\\/vive-la-reprise-by-lucas-fattori\\\/#primaryimage\"},\"thumbnailUrl\":\"https:\\\/\\\/www.reseau-entreprendre.org\\\/alsace\\\/wp-content\\\/uploads\\\/sites\\\/56\\\/2023\\\/05\\\/vive-la-reprise-reseau-entreprendre-alsace-1024x526.png\",\"datePublished\":\"2023-05-01T09:08:44+00:00\",\"dateModified\":\"2023-07-26T12:50:46+00:00\",\"breadcrumb\":{\"@id\":\"https:\\\/\\\/www.reseau-entreprendre.org\\\/alsace\\\/vive-la-reprise-by-lucas-fattori\\\/#breadcrumb\"},\"inLanguage\":\"fr-FR\",\"potentialAction\":[{\"@type\":\"ReadAction\",\"target\":[\"https:\\\/\\\/www.reseau-entreprendre.org\\\/alsace\\\/vive-la-reprise-by-lucas-fattori\\\/\"]}]},{\"@type\":\"ImageObject\",\"inLanguage\":\"fr-FR\",\"@id\":\"https:\\\/\\\/www.reseau-entreprendre.org\\\/alsace\\\/vive-la-reprise-by-lucas-fattori\\\/#primaryimage\",\"url\":\"https:\\\/\\\/www.reseau-entreprendre.org\\\/alsace\\\/wp-content\\\/uploads\\\/sites\\\/56\\\/2023\\\/05\\\/vive-la-reprise-reseau-entreprendre-alsace.png\",\"contentUrl\":\"https:\\\/\\\/www.reseau-entreprendre.org\\\/alsace\\\/wp-content\\\/uploads\\\/sites\\\/56\\\/2023\\\/05\\\/vive-la-reprise-reseau-entreprendre-alsace.png\",\"width\":1140,\"height\":586},{\"@type\":\"BreadcrumbList\",\"@id\":\"https:\\\/\\\/www.reseau-entreprendre.org\\\/alsace\\\/vive-la-reprise-by-lucas-fattori\\\/#breadcrumb\",\"itemListElement\":[{\"@type\":\"ListItem\",\"position\":1,\"name\":\"Accueil\",\"item\":\"https:\\\/\\\/www.reseau-entreprendre.org\\\/alsace\\\/\"},{\"@type\":\"ListItem\",\"position\":2,\"name\":\"Vive la reprise ! By Lucas Fattori\"}]},{\"@type\":\"WebSite\",\"@id\":\"https:\\\/\\\/www.reseau-entreprendre.org\\\/alsace\\\/#website\",\"url\":\"https:\\\/\\\/www.reseau-entreprendre.org\\\/alsace\\\/\",\"name\":\"R\u00e9seau Entreprendre Alsace\",\"description\":\"Un site utilisant Les sites de R\u00e9seau Entreprendre\",\"potentialAction\":[{\"@type\":\"SearchAction\",\"target\":{\"@type\":\"EntryPoint\",\"urlTemplate\":\"https:\\\/\\\/www.reseau-entreprendre.org\\\/alsace\\\/?s={search_term_string}\"},\"query-input\":{\"@type\":\"PropertyValueSpecification\",\"valueRequired\":true,\"valueName\":\"search_term_string\"}}],\"inLanguage\":\"fr-FR\"}]}<\/script>\n<!-- \/ Yoast SEO plugin. -->","yoast_head_json":{"title":"Vive la reprise ! By Lucas Fattori - R\u00e9seau Entreprendre Alsace","robots":{"index":"index","follow":"follow","max-snippet":"max-snippet:-1","max-image-preview":"max-image-preview:large","max-video-preview":"max-video-preview:-1"},"canonical":"https:\/\/www.reseau-entreprendre.org\/alsace\/vive-la-reprise-by-lucas-fattori\/","og_locale":"fr_FR","og_type":"article","og_title":"Vive la reprise ! By Lucas Fattori - R\u00e9seau Entreprendre Alsace","og_description":"Lucas Fattori est membre de R\u00e9seau Entreprendre Alsace, associ\u00e9 et","og_url":"https:\/\/www.reseau-entreprendre.org\/alsace\/vive-la-reprise-by-lucas-fattori\/","og_site_name":"R\u00e9seau Entreprendre Alsace","article_modified_time":"2023-07-26T12:50:46+00:00","og_image":[{"url":"https:\/\/www.reseau-entreprendre.org\/alsace\/wp-content\/uploads\/sites\/56\/2023\/05\/vive-la-reprise-reseau-entreprendre-alsace-1024x526.png","type":"","width":"","height":""}],"twitter_card":"summary_large_image","twitter_misc":{"Dur\u00e9e de lecture estim\u00e9e":"3 minutes"},"schema":{"@context":"https:\/\/schema.org","@graph":[{"@type":"WebPage","@id":"https:\/\/www.reseau-entreprendre.org\/alsace\/vive-la-reprise-by-lucas-fattori\/","url":"https:\/\/www.reseau-entreprendre.org\/alsace\/vive-la-reprise-by-lucas-fattori\/","name":"Vive la reprise ! By Lucas Fattori - R\u00e9seau Entreprendre Alsace","isPartOf":{"@id":"https:\/\/www.reseau-entreprendre.org\/alsace\/#website"},"primaryImageOfPage":{"@id":"https:\/\/www.reseau-entreprendre.org\/alsace\/vive-la-reprise-by-lucas-fattori\/#primaryimage"},"image":{"@id":"https:\/\/www.reseau-entreprendre.org\/alsace\/vive-la-reprise-by-lucas-fattori\/#primaryimage"},"thumbnailUrl":"https:\/\/www.reseau-entreprendre.org\/alsace\/wp-content\/uploads\/sites\/56\/2023\/05\/vive-la-reprise-reseau-entreprendre-alsace-1024x526.png","datePublished":"2023-05-01T09:08:44+00:00","dateModified":"2023-07-26T12:50:46+00:00","breadcrumb":{"@id":"https:\/\/www.reseau-entreprendre.org\/alsace\/vive-la-reprise-by-lucas-fattori\/#breadcrumb"},"inLanguage":"fr-FR","potentialAction":[{"@type":"ReadAction","target":["https:\/\/www.reseau-entreprendre.org\/alsace\/vive-la-reprise-by-lucas-fattori\/"]}]},{"@type":"ImageObject","inLanguage":"fr-FR","@id":"https:\/\/www.reseau-entreprendre.org\/alsace\/vive-la-reprise-by-lucas-fattori\/#primaryimage","url":"https:\/\/www.reseau-entreprendre.org\/alsace\/wp-content\/uploads\/sites\/56\/2023\/05\/vive-la-reprise-reseau-entreprendre-alsace.png","contentUrl":"https:\/\/www.reseau-entreprendre.org\/alsace\/wp-content\/uploads\/sites\/56\/2023\/05\/vive-la-reprise-reseau-entreprendre-alsace.png","width":1140,"height":586},{"@type":"BreadcrumbList","@id":"https:\/\/www.reseau-entreprendre.org\/alsace\/vive-la-reprise-by-lucas-fattori\/#breadcrumb","itemListElement":[{"@type":"ListItem","position":1,"name":"Accueil","item":"https:\/\/www.reseau-entreprendre.org\/alsace\/"},{"@type":"ListItem","position":2,"name":"Vive la reprise ! By Lucas Fattori"}]},{"@type":"WebSite","@id":"https:\/\/www.reseau-entreprendre.org\/alsace\/#website","url":"https:\/\/www.reseau-entreprendre.org\/alsace\/","name":"R\u00e9seau Entreprendre Alsace","description":"Un site utilisant Les sites de R\u00e9seau Entreprendre","potentialAction":[{"@type":"SearchAction","target":{"@type":"EntryPoint","urlTemplate":"https:\/\/www.reseau-entreprendre.org\/alsace\/?s={search_term_string}"},"query-input":{"@type":"PropertyValueSpecification","valueRequired":true,"valueName":"search_term_string"}}],"inLanguage":"fr-FR"}]}},"_links":{"self":[{"href":"https:\/\/www.reseau-entreprendre.org\/alsace\/wp-json\/wp\/v2\/pages\/7803","targetHints":{"allow":["GET"]}}],"collection":[{"href":"https:\/\/www.reseau-entreprendre.org\/alsace\/wp-json\/wp\/v2\/pages"}],"about":[{"href":"https:\/\/www.reseau-entreprendre.org\/alsace\/wp-json\/wp\/v2\/types\/page"}],"author":[{"embeddable":true,"href":"https:\/\/www.reseau-entreprendre.org\/alsace\/wp-json\/wp\/v2\/users\/57"}],"replies":[{"embeddable":true,"href":"https:\/\/www.reseau-entreprendre.org\/alsace\/wp-json\/wp\/v2\/comments?post=7803"}],"version-history":[{"count":0,"href":"https:\/\/www.reseau-entreprendre.org\/alsace\/wp-json\/wp\/v2\/pages\/7803\/revisions"}],"wp:attachment":[{"href":"https:\/\/www.reseau-entreprendre.org\/alsace\/wp-json\/wp\/v2\/media?parent=7803"}],"curies":[{"name":"wp","href":"https:\/\/api.w.org\/{rel}","templated":true}]}}