{"id":15,"date":"2017-04-28T12:33:47","date_gmt":"2017-04-28T10:33:47","guid":{"rendered":"https:\/\/www.reseau-entreprendre.org\/aquitaine\/?page_id=15"},"modified":"2023-06-21T12:06:29","modified_gmt":"2023-06-21T10:06:29","slug":"accompagner","status":"publish","type":"page","link":"https:\/\/www.reseau-entreprendre.org\/aquitaine\/accompagner\/","title":{"rendered":"Accompagner"},"content":{"rendered":"\n<h2 class=\"wp-block-heading\"><mark class=\"has-inline-color has-re-red-color\">Pourquoi devenir membre\u00a0?<\/mark><\/h2>\n\n\n\n<p>Les membres de R\u00e9seau Entreprendre\u00ae Aquitaine participent au d\u00e9veloppement \u00e9conomique local par leur implication aupr\u00e8s des entrepreneurs qu\u2019ils accompagnent, cr\u00e9ateurs de futures PME. Sur nos territoires, 125 membres am\u00e8nent une vraie richesse par la diversit\u00e9 de leurs secteurs d\u2019activit\u00e9\u00a0: de l\u2019\u00e9conomie traditionnelle (GT Solutions, Aquinov, Pouey International, Pl\u00e9bac, TGS France\u2026) \u00e0 celle de l&#8217;innovation avec d\u2019entreprises embl\u00e9matiques sur la r\u00e9gion (Primobox, Eenov, Ellyx, Inflexsys, Ilee\u2026). Ils apportent un regard ext\u00e9rieur et compl\u00e9mentaire lors de l\u2019\u00e9tude ou de l\u2019accompagnement des porteurs de projets.<\/p>\n\n\n\n<p>Adh\u00e9rer \u00e0 notre association, c\u2019est participer financi\u00e8rement au budget de fonctionnement et donner de son temps aux cr\u00e9ateurs et aux repreneurs d\u2019entreprise.<\/p>\n\n\n\n<p>Adh\u00e9rer \u00e0 R\u00e9seau Entreprendre\u00ae Aquitaine, c\u2019est aussi porter haut nos valeurs. H\u00e9rit\u00e9es de notre fondateur Andr\u00e9 Mulliez, elles sont fondamentales et indissociables&nbsp;:<\/p>\n\n\n\n<div style=\"height:20px\" aria-hidden=\"true\" class=\"wp-block-spacer\"><\/div>\n\n\n\n<h3 class=\"wp-block-heading has-re-blue-color has-text-color\"><strong>La gratuit\u00e9<\/strong><\/h3>\n\n\n\n<p>Pour faciliter la r\u00e9ussite des projets des laur\u00e9ats, l\u2019ensemble de l\u2019accompagnement est gratuit. Les membres doivent \u00eatre d\u00e9sint\u00e9ress\u00e9s et la participation financi\u00e8re dans les entreprises laur\u00e9ates est proscrite.<\/p>\n\n\n\n<div style=\"height:20px\" aria-hidden=\"true\" class=\"wp-block-spacer\"><\/div>\n\n\n\n<h3 class=\"wp-block-heading has-re-blue-color has-text-color\"><strong>La r\u00e9ciprocit\u00e9<\/strong><\/h3>\n\n\n\n<p>Les b\u00e9n\u00e9ficiaires sont invit\u00e9s \u00e0 rendre demain \u00e0 d\u2019autres ce qu\u2019ils re\u00e7oivent aujourd\u2019hui, et deviennent alors le maillon d\u2019une cha\u00eene d\u2019entraide entre chefs d\u2019entreprise.<\/p>\n\n\n\n<div style=\"height:20px\" aria-hidden=\"true\" class=\"wp-block-spacer\"><\/div>\n\n\n\n<h3 class=\"wp-block-heading has-re-blue-color has-text-color\"><strong>La personne<\/strong><\/h3>\n\n\n\n<p>Avant la qualit\u00e9 du projet qu\u2019elle porte, c\u2019est la personne m\u00eame et son potentiel \u00e0 devenir entrepreneur qui mobilise le soutien des chefs d\u2019entreprise. Ils accompagnent de mani\u00e8re confidentielle dans le seul objectif de r\u00e9ussite du projet.<\/p>\n\n\n\n<div style=\"height:40px\" aria-hidden=\"true\" class=\"wp-block-spacer\"><\/div>\n\n\n\n<h2 class=\"wp-block-heading\"><mark class=\"has-inline-color has-re-red-color\">Comment s\u2019impliquer dans la vie de l\u2019association\u00a0?<\/mark><\/h2>\n\n\n\n<p>Les membres peuvent s\u2019impliquer dans la vie de R\u00e9seau Entreprendre\u00ae Aquitaine de diff\u00e9rentes mani\u00e8res en fonction de leurs envies et de leurs disponibilit\u00e9s.<\/p>\n\n\n\n<p>De fa\u00e7on ponctuelle, deux ou trois heures permettent de participer aux rendez-vous de validation, aux comit\u00e9s d\u2019engagement, \u00e0 une cellule de soutien (Groupe d&#8217;Accompagnement Renforc\u00e9), \u00e0 l\u2019animation d\u2019un club de laur\u00e9ats ou tout simplement de repr\u00e9senter R\u00e9seau Entreprendre\u00ae Aquitaine aupr\u00e8s des partenaires et lors d&#8217;\u00e9v\u00e9nements externes.<\/p>\n\n\n\n<p>De mani\u00e8re suivie, il est possible de devenir charg\u00e9 d\u2019\u00e9tude pour pr\u00e9parer un candidat au comit\u00e9 d\u2019engagement ou d\u2019accompagner les laur\u00e9ats pendant deux ans.<\/p>\n\n\n\n<p>L\u2019implication dans la gestion de la vie de l\u2019association peut se faire en devenant membre du Conseil d\u2019Administration ou du Bureau.<\/p>\n\n\n\n<div style=\"height:40px\" aria-hidden=\"true\" class=\"wp-block-spacer\"><\/div>\n\n\n\n<h2 class=\"wp-block-heading has-re-red-color has-text-color\">Pourquoi nos membres se plaisent ici&nbsp;?<\/h2>\n\n\n\n<p>La vie de R\u00e9seau Entreprendre\u00ae Aquitaine est riche d\u2019activit\u00e9s et de convivialit\u00e9&nbsp;! Nos membres ont de multiples occasions de se rencontrer et de partager ensemble. Les animations r\u00e9guli\u00e8res permettent de transmettre la <strong>passion d\u2019entreprendre<\/strong> et de t\u00e9moigner des <strong>valeurs<\/strong> et de l\u2019<strong>esprit de citoyennet\u00e9 \u00e9conomique<\/strong> que tous partagent. Ces \u00e9changes am\u00e8nent de la richesse dans le d\u00e9veloppement personnel de chacun.<\/p>\n\n\n\n<p>Les membres de R\u00e9seau Entreprendre\u00ae Aquitaine valorisent leurs comp\u00e9tences et leur exp\u00e9rience au contact des cr\u00e9ateurs et repreneurs d\u2019entreprise. Ils grandissent avec eux, notamment quand les \u00e9changes sont r\u00e9guliers et sur la dur\u00e9e (mise en \u00e9tude, accompagnement\u2026).<\/p>\n\n\n\n<p>Le r\u00e9seau que compose notre association est une r\u00e9ponse \u00e0 l\u2019isolement souvent rencontr\u00e9 par de nombreux chefs d\u2019entreprise. Il est aussi une fen\u00eatre ouverte sur l\u2019actualit\u00e9 de l\u2019\u00e9conomie locale. Pour faciliter cette mise en r\u00e9seau et le sentiment d\u2019appartenance \u00e0 R\u00e9seau Entreprendre\u00ae Aquitaine, des outils de communication internes sont \u00e0 la disposition de tous&nbsp;: la newsletter mensuelle et Workplace (Intranet)&#8230;<\/p>\n","protected":false},"excerpt":{"rendered":"<p>Pourquoi devenir membre\u00a0? Les membres de R\u00e9seau Entreprendre\u00ae Aquitaine participent<\/p>\n","protected":false},"author":59,"featured_media":1051,"parent":0,"menu_order":0,"comment_status":"closed","ping_status":"closed","template":"","meta":{"_acf_changed":false,"_monsterinsights_skip_tracking":false,"_monsterinsights_sitenote_active":false,"_monsterinsights_sitenote_note":"","_monsterinsights_sitenote_category":0,"footnotes":""},"class_list":["post-15","page","type-page","status-publish","has-post-thumbnail","hentry"],"acf":[],"yoast_head":"<!-- This site is optimized with the Yoast SEO plugin v27.4 - https:\/\/yoast.com\/product\/yoast-seo-wordpress\/ -->\n<title>Accompagner| Reseau Entreprendre Aquitaine<\/title>\n<meta name=\"description\" content=\"Vous \u00eates chef d&#039;entreprise et souhaitez accompagner de nouveaux entrepreneurs ? Devenez membre b\u00e9n\u00e9vole de R\u00e9seau Entreprendre Aquitaine !\" \/>\n<meta name=\"robots\" content=\"index, follow, max-snippet:-1, max-image-preview:large, max-video-preview:-1\" \/>\n<link rel=\"canonical\" href=\"https:\/\/www.reseau-entreprendre.org\/aquitaine\/accompagner\/\" \/>\n<meta property=\"og:locale\" content=\"fr_FR\" \/>\n<meta property=\"og:type\" content=\"article\" \/>\n<meta property=\"og:title\" content=\"Accompagner| Reseau Entreprendre Aquitaine\" \/>\n<meta property=\"og:description\" content=\"Vous \u00eates chef d&#039;entreprise et souhaitez accompagner de nouveaux entrepreneurs ? Devenez membre b\u00e9n\u00e9vole de R\u00e9seau Entreprendre Aquitaine !\" \/>\n<meta property=\"og:url\" content=\"https:\/\/www.reseau-entreprendre.org\/aquitaine\/accompagner\/\" \/>\n<meta property=\"og:site_name\" content=\"R\u00e9seau Entreprendre Aquitaine\" \/>\n<meta property=\"article:modified_time\" content=\"2023-06-21T10:06:29+00:00\" \/>\n<meta property=\"og:image\" content=\"https:\/\/www.reseau-entreprendre.org\/aquitaine\/wp-content\/uploads\/sites\/58\/2018\/07\/225.jpg\" \/>\n\t<meta property=\"og:image:width\" content=\"5730\" \/>\n\t<meta property=\"og:image:height\" content=\"3820\" \/>\n\t<meta property=\"og:image:type\" content=\"image\/jpeg\" \/>\n<meta name=\"twitter:card\" content=\"summary_large_image\" \/>\n<meta name=\"twitter:label1\" content=\"Dur\u00e9e de lecture estim\u00e9e\" \/>\n\t<meta name=\"twitter:data1\" content=\"3 minutes\" \/>\n<script type=\"application\/ld+json\" class=\"yoast-schema-graph\">{\"@context\":\"https:\\\/\\\/schema.org\",\"@graph\":[{\"@type\":\"WebPage\",\"@id\":\"https:\\\/\\\/www.reseau-entreprendre.org\\\/aquitaine\\\/accompagner\\\/\",\"url\":\"https:\\\/\\\/www.reseau-entreprendre.org\\\/aquitaine\\\/accompagner\\\/\",\"name\":\"Accompagner| Reseau Entreprendre Aquitaine\",\"isPartOf\":{\"@id\":\"https:\\\/\\\/www.reseau-entreprendre.org\\\/aquitaine\\\/#website\"},\"primaryImageOfPage\":{\"@id\":\"https:\\\/\\\/www.reseau-entreprendre.org\\\/aquitaine\\\/accompagner\\\/#primaryimage\"},\"image\":{\"@id\":\"https:\\\/\\\/www.reseau-entreprendre.org\\\/aquitaine\\\/accompagner\\\/#primaryimage\"},\"thumbnailUrl\":\"https:\\\/\\\/www.reseau-entreprendre.org\\\/aquitaine\\\/wp-content\\\/uploads\\\/sites\\\/58\\\/2018\\\/07\\\/225.jpg\",\"datePublished\":\"2017-04-28T10:33:47+00:00\",\"dateModified\":\"2023-06-21T10:06:29+00:00\",\"description\":\"Vous \u00eates chef d'entreprise et souhaitez accompagner de nouveaux entrepreneurs ? Devenez membre b\u00e9n\u00e9vole de R\u00e9seau Entreprendre Aquitaine !\",\"breadcrumb\":{\"@id\":\"https:\\\/\\\/www.reseau-entreprendre.org\\\/aquitaine\\\/accompagner\\\/#breadcrumb\"},\"inLanguage\":\"fr-FR\",\"potentialAction\":[{\"@type\":\"ReadAction\",\"target\":[\"https:\\\/\\\/www.reseau-entreprendre.org\\\/aquitaine\\\/accompagner\\\/\"]}]},{\"@type\":\"ImageObject\",\"inLanguage\":\"fr-FR\",\"@id\":\"https:\\\/\\\/www.reseau-entreprendre.org\\\/aquitaine\\\/accompagner\\\/#primaryimage\",\"url\":\"https:\\\/\\\/www.reseau-entreprendre.org\\\/aquitaine\\\/wp-content\\\/uploads\\\/sites\\\/58\\\/2018\\\/07\\\/225.jpg\",\"contentUrl\":\"https:\\\/\\\/www.reseau-entreprendre.org\\\/aquitaine\\\/wp-content\\\/uploads\\\/sites\\\/58\\\/2018\\\/07\\\/225.jpg\",\"width\":5730,\"height\":3820},{\"@type\":\"BreadcrumbList\",\"@id\":\"https:\\\/\\\/www.reseau-entreprendre.org\\\/aquitaine\\\/accompagner\\\/#breadcrumb\",\"itemListElement\":[{\"@type\":\"ListItem\",\"position\":1,\"name\":\"Accueil\",\"item\":\"https:\\\/\\\/www.reseau-entreprendre.org\\\/aquitaine\\\/\"},{\"@type\":\"ListItem\",\"position\":2,\"name\":\"Accompagner\"}]},{\"@type\":\"WebSite\",\"@id\":\"https:\\\/\\\/www.reseau-entreprendre.org\\\/aquitaine\\\/#website\",\"url\":\"https:\\\/\\\/www.reseau-entreprendre.org\\\/aquitaine\\\/\",\"name\":\"R\u00e9seau Entreprendre Aquitaine\",\"description\":\"Un site utilisant Les sites de R\u00e9seau Entreprendre\",\"potentialAction\":[{\"@type\":\"SearchAction\",\"target\":{\"@type\":\"EntryPoint\",\"urlTemplate\":\"https:\\\/\\\/www.reseau-entreprendre.org\\\/aquitaine\\\/?s={search_term_string}\"},\"query-input\":{\"@type\":\"PropertyValueSpecification\",\"valueRequired\":true,\"valueName\":\"search_term_string\"}}],\"inLanguage\":\"fr-FR\"}]}<\/script>\n<!-- \/ Yoast SEO plugin. -->","yoast_head_json":{"title":"Accompagner| Reseau Entreprendre Aquitaine","description":"Vous \u00eates chef d'entreprise et souhaitez accompagner de nouveaux entrepreneurs ? Devenez membre b\u00e9n\u00e9vole de R\u00e9seau Entreprendre Aquitaine !","robots":{"index":"index","follow":"follow","max-snippet":"max-snippet:-1","max-image-preview":"max-image-preview:large","max-video-preview":"max-video-preview:-1"},"canonical":"https:\/\/www.reseau-entreprendre.org\/aquitaine\/accompagner\/","og_locale":"fr_FR","og_type":"article","og_title":"Accompagner| Reseau Entreprendre Aquitaine","og_description":"Vous \u00eates chef d'entreprise et souhaitez accompagner de nouveaux entrepreneurs ? Devenez membre b\u00e9n\u00e9vole de R\u00e9seau Entreprendre Aquitaine !","og_url":"https:\/\/www.reseau-entreprendre.org\/aquitaine\/accompagner\/","og_site_name":"R\u00e9seau Entreprendre Aquitaine","article_modified_time":"2023-06-21T10:06:29+00:00","og_image":[{"width":5730,"height":3820,"url":"https:\/\/www.reseau-entreprendre.org\/aquitaine\/wp-content\/uploads\/sites\/58\/2018\/07\/225.jpg","type":"image\/jpeg"}],"twitter_card":"summary_large_image","twitter_misc":{"Dur\u00e9e de lecture estim\u00e9e":"3 minutes"},"schema":{"@context":"https:\/\/schema.org","@graph":[{"@type":"WebPage","@id":"https:\/\/www.reseau-entreprendre.org\/aquitaine\/accompagner\/","url":"https:\/\/www.reseau-entreprendre.org\/aquitaine\/accompagner\/","name":"Accompagner| Reseau Entreprendre Aquitaine","isPartOf":{"@id":"https:\/\/www.reseau-entreprendre.org\/aquitaine\/#website"},"primaryImageOfPage":{"@id":"https:\/\/www.reseau-entreprendre.org\/aquitaine\/accompagner\/#primaryimage"},"image":{"@id":"https:\/\/www.reseau-entreprendre.org\/aquitaine\/accompagner\/#primaryimage"},"thumbnailUrl":"https:\/\/www.reseau-entreprendre.org\/aquitaine\/wp-content\/uploads\/sites\/58\/2018\/07\/225.jpg","datePublished":"2017-04-28T10:33:47+00:00","dateModified":"2023-06-21T10:06:29+00:00","description":"Vous \u00eates chef d'entreprise et souhaitez accompagner de nouveaux entrepreneurs ? Devenez membre b\u00e9n\u00e9vole de R\u00e9seau Entreprendre Aquitaine !","breadcrumb":{"@id":"https:\/\/www.reseau-entreprendre.org\/aquitaine\/accompagner\/#breadcrumb"},"inLanguage":"fr-FR","potentialAction":[{"@type":"ReadAction","target":["https:\/\/www.reseau-entreprendre.org\/aquitaine\/accompagner\/"]}]},{"@type":"ImageObject","inLanguage":"fr-FR","@id":"https:\/\/www.reseau-entreprendre.org\/aquitaine\/accompagner\/#primaryimage","url":"https:\/\/www.reseau-entreprendre.org\/aquitaine\/wp-content\/uploads\/sites\/58\/2018\/07\/225.jpg","contentUrl":"https:\/\/www.reseau-entreprendre.org\/aquitaine\/wp-content\/uploads\/sites\/58\/2018\/07\/225.jpg","width":5730,"height":3820},{"@type":"BreadcrumbList","@id":"https:\/\/www.reseau-entreprendre.org\/aquitaine\/accompagner\/#breadcrumb","itemListElement":[{"@type":"ListItem","position":1,"name":"Accueil","item":"https:\/\/www.reseau-entreprendre.org\/aquitaine\/"},{"@type":"ListItem","position":2,"name":"Accompagner"}]},{"@type":"WebSite","@id":"https:\/\/www.reseau-entreprendre.org\/aquitaine\/#website","url":"https:\/\/www.reseau-entreprendre.org\/aquitaine\/","name":"R\u00e9seau Entreprendre Aquitaine","description":"Un site utilisant Les sites de R\u00e9seau Entreprendre","potentialAction":[{"@type":"SearchAction","target":{"@type":"EntryPoint","urlTemplate":"https:\/\/www.reseau-entreprendre.org\/aquitaine\/?s={search_term_string}"},"query-input":{"@type":"PropertyValueSpecification","valueRequired":true,"valueName":"search_term_string"}}],"inLanguage":"fr-FR"}]}},"_links":{"self":[{"href":"https:\/\/www.reseau-entreprendre.org\/aquitaine\/wp-json\/wp\/v2\/pages\/15","targetHints":{"allow":["GET"]}}],"collection":[{"href":"https:\/\/www.reseau-entreprendre.org\/aquitaine\/wp-json\/wp\/v2\/pages"}],"about":[{"href":"https:\/\/www.reseau-entreprendre.org\/aquitaine\/wp-json\/wp\/v2\/types\/page"}],"author":[{"embeddable":true,"href":"https:\/\/www.reseau-entreprendre.org\/aquitaine\/wp-json\/wp\/v2\/users\/59"}],"replies":[{"embeddable":true,"href":"https:\/\/www.reseau-entreprendre.org\/aquitaine\/wp-json\/wp\/v2\/comments?post=15"}],"version-history":[{"count":0,"href":"https:\/\/www.reseau-entreprendre.org\/aquitaine\/wp-json\/wp\/v2\/pages\/15\/revisions"}],"wp:featuredmedia":[{"embeddable":true,"href":"https:\/\/www.reseau-entreprendre.org\/aquitaine\/wp-json\/wp\/v2\/media\/1051"}],"wp:attachment":[{"href":"https:\/\/www.reseau-entreprendre.org\/aquitaine\/wp-json\/wp\/v2\/media?parent=15"}],"curies":[{"name":"wp","href":"https:\/\/api.w.org\/{rel}","templated":true}]}}