{"id":2712,"date":"2026-04-07T12:18:02","date_gmt":"2026-04-07T10:18:02","guid":{"rendered":"https:\/\/www.reseau-entreprendre.org\/aquitaine\/?page_id=2712"},"modified":"2026-04-07T12:18:12","modified_gmt":"2026-04-07T10:18:12","slug":"rapport-dactivite-2025-reseau-entreprendre-aquitaine","status":"publish","type":"page","link":"https:\/\/www.reseau-entreprendre.org\/aquitaine\/rapport-dactivite-2025-reseau-entreprendre-aquitaine\/","title":{"rendered":"Rapport d&#8217;activit\u00e9 2025 &#8211; R\u00e9seau Entreprendre\u00ae Aquitaine"},"content":{"rendered":"\n<p><\/p>\n\n\n\n<p>Chaque ann\u00e9e, R\u00e9seau Entreprendre\u00ae Aquitaine publie son rapport d\u2019activit\u00e9 pour partager les r\u00e9sultats, les temps forts et l\u2019impact g\u00e9n\u00e9r\u00e9 aux c\u00f4t\u00e9s des entrepreneurs-laur\u00e9ats que nous accompagnons.<\/p>\n\n\n\n<p>L\u2019ann\u00e9e 2025 a \u00e9t\u00e9 marqu\u00e9e par une dynamique forte : des projets ambitieux, des entrepreneurs-laur\u00e9ats engag\u00e9s, des membres mobilis\u00e9s et des actions renforc\u00e9es sur l\u2019ensemble du territoire. Ce rapport refl\u00e8te notre vocation : <strong>faire grandir les entreprises, faire grandir les dirigeants et contribuer durablement au d\u00e9veloppement \u00e9conomique local.<\/strong><\/p>\n\n\n\n<p>Nous vous invitons \u00e0 le d\u00e9couvrir ci-dessous.<\/p>\n\n\n\n<p><\/p>\n\n\n\n<div data-wp-interactive=\"core\/file\" class=\"wp-block-file alignwide\"><object data-wp-bind--hidden=\"!state.hasPdfPreview\" hidden class=\"wp-block-file__embed\" data=\"https:\/\/www.reseau-entreprendre.org\/aquitaine\/wp-content\/uploads\/sites\/58\/2026\/04\/Rapport-dactivite-2025_RE\u00ae-Aquitaine.pdf\" type=\"application\/pdf\" style=\"width:100%;height:600px\" aria-label=\"Contenu embarqu\u00e9 Rapport d&apos;activit\u00e9 2025_RE\u00ae Aquitaine.\"><\/object><a id=\"wp-block-file--media-708e42be-1d08-44f1-a215-864d0096c916\" href=\"https:\/\/www.reseau-entreprendre.org\/aquitaine\/wp-content\/uploads\/sites\/58\/2026\/04\/Rapport-dactivite-2025_RE\u00ae-Aquitaine.pdf\">Rapport d&#8217;activit\u00e9 2025_RE\u00ae Aquitaine<\/a><a href=\"https:\/\/www.reseau-entreprendre.org\/aquitaine\/wp-content\/uploads\/sites\/58\/2026\/04\/Rapport-dactivite-2025_RE\u00ae-Aquitaine.pdf\" class=\"wp-block-file__button wp-element-button\" download aria-describedby=\"wp-block-file--media-708e42be-1d08-44f1-a215-864d0096c916\">T\u00e9l\u00e9charger<\/a><\/div>\n\n\n\n<p><strong>R\u00e9seau Entreprendre\u00ae Aquitaine accompagne les entrepreneurs qui cr\u00e9ent, reprennent et d\u00e9veloppent des entreprises \u00e0 fort potentiel.<\/strong><br>Notre accompagnement s\u2019appuie sur la solidarit\u00e9, le mentorat entre pairs et une communaut\u00e9 engag\u00e9e de dirigeants.<br>Envie d\u2019en savoir plus ? D\u00e9couvrez notre mission et nos offres d\u2019accompagnement.<\/p>\n\n\n\n<p><\/p>\n\n\n\n<div class=\"wp-block-buttons is-layout-flex wp-block-buttons-is-layout-flex\">\n<div class=\"wp-block-button\"><a class=\"wp-block-button__link wp-element-button\" href=\"https:\/\/www.reseau-entreprendre.org\/aquitaine\/qui-sommes-nous\/\">D\u00e9couvrir R\u00e9seau Entreprendre\u00ae Aquitaine<\/a><\/div>\n<\/div>\n\n\n\n<p><\/p>\n","protected":false},"excerpt":{"rendered":"<p>Chaque ann\u00e9e, R\u00e9seau Entreprendre\u00ae Aquitaine publie son rapport d\u2019activit\u00e9 pour<\/p>\n","protected":false},"author":59,"featured_media":0,"parent":0,"menu_order":0,"comment_status":"closed","ping_status":"closed","template":"","meta":{"_acf_changed":false,"_monsterinsights_skip_tracking":false,"_monsterinsights_sitenote_active":false,"_monsterinsights_sitenote_note":"","_monsterinsights_sitenote_category":0,"footnotes":""},"class_list":["post-2712","page","type-page","status-publish","hentry"],"acf":[],"yoast_head":"<!-- This site is optimized with the Yoast SEO plugin v27.3 - https:\/\/yoast.com\/product\/yoast-seo-wordpress\/ -->\n<title>Rapport d&#039;activit\u00e9 2025 - R\u00e9seau Entreprendre\u00ae Aquitaine - R\u00e9seau Entreprendre Aquitaine<\/title>\n<meta name=\"description\" content=\"L\u2019ann\u00e9e 2025 a \u00e9t\u00e9 marqu\u00e9e par une dynamique forte : des projets ambitieux, des entrepreneurs-laur\u00e9ats engag\u00e9s, des membres mobilis\u00e9s et des actions renforc\u00e9es sur l\u2019ensemble du territoire.\" \/>\n<meta name=\"robots\" content=\"index, follow, max-snippet:-1, max-image-preview:large, max-video-preview:-1\" \/>\n<link rel=\"canonical\" href=\"https:\/\/www.reseau-entreprendre.org\/aquitaine\/rapport-dactivite-2025-reseau-entreprendre-aquitaine\/\" \/>\n<meta property=\"og:locale\" content=\"fr_FR\" \/>\n<meta property=\"og:type\" content=\"article\" \/>\n<meta property=\"og:title\" content=\"Rapport d&#039;activit\u00e9 2025 - R\u00e9seau Entreprendre\u00ae Aquitaine - R\u00e9seau Entreprendre Aquitaine\" \/>\n<meta property=\"og:description\" content=\"L\u2019ann\u00e9e 2025 a \u00e9t\u00e9 marqu\u00e9e par une dynamique forte : des projets ambitieux, des entrepreneurs-laur\u00e9ats engag\u00e9s, des membres mobilis\u00e9s et des actions renforc\u00e9es sur l\u2019ensemble du territoire.\" \/>\n<meta property=\"og:url\" content=\"https:\/\/www.reseau-entreprendre.org\/aquitaine\/rapport-dactivite-2025-reseau-entreprendre-aquitaine\/\" \/>\n<meta property=\"og:site_name\" content=\"R\u00e9seau Entreprendre Aquitaine\" \/>\n<meta property=\"article:modified_time\" content=\"2026-04-07T10:18:12+00:00\" \/>\n<meta name=\"twitter:card\" content=\"summary_large_image\" \/>\n<meta name=\"twitter:label1\" content=\"Dur\u00e9e de lecture estim\u00e9e\" \/>\n\t<meta name=\"twitter:data1\" content=\"1 minute\" \/>\n<script type=\"application\/ld+json\" class=\"yoast-schema-graph\">{\"@context\":\"https:\\\/\\\/schema.org\",\"@graph\":[{\"@type\":\"WebPage\",\"@id\":\"https:\\\/\\\/www.reseau-entreprendre.org\\\/aquitaine\\\/rapport-dactivite-2025-reseau-entreprendre-aquitaine\\\/\",\"url\":\"https:\\\/\\\/www.reseau-entreprendre.org\\\/aquitaine\\\/rapport-dactivite-2025-reseau-entreprendre-aquitaine\\\/\",\"name\":\"Rapport d'activit\u00e9 2025 - R\u00e9seau Entreprendre\u00ae Aquitaine - R\u00e9seau Entreprendre Aquitaine\",\"isPartOf\":{\"@id\":\"https:\\\/\\\/www.reseau-entreprendre.org\\\/aquitaine\\\/#website\"},\"datePublished\":\"2026-04-07T10:18:02+00:00\",\"dateModified\":\"2026-04-07T10:18:12+00:00\",\"description\":\"L\u2019ann\u00e9e 2025 a \u00e9t\u00e9 marqu\u00e9e par une dynamique forte : des projets ambitieux, des entrepreneurs-laur\u00e9ats engag\u00e9s, des membres mobilis\u00e9s et des actions renforc\u00e9es sur l\u2019ensemble du territoire.\",\"breadcrumb\":{\"@id\":\"https:\\\/\\\/www.reseau-entreprendre.org\\\/aquitaine\\\/rapport-dactivite-2025-reseau-entreprendre-aquitaine\\\/#breadcrumb\"},\"inLanguage\":\"fr-FR\",\"potentialAction\":[{\"@type\":\"ReadAction\",\"target\":[\"https:\\\/\\\/www.reseau-entreprendre.org\\\/aquitaine\\\/rapport-dactivite-2025-reseau-entreprendre-aquitaine\\\/\"]}]},{\"@type\":\"BreadcrumbList\",\"@id\":\"https:\\\/\\\/www.reseau-entreprendre.org\\\/aquitaine\\\/rapport-dactivite-2025-reseau-entreprendre-aquitaine\\\/#breadcrumb\",\"itemListElement\":[{\"@type\":\"ListItem\",\"position\":1,\"name\":\"Accueil\",\"item\":\"https:\\\/\\\/www.reseau-entreprendre.org\\\/aquitaine\\\/\"},{\"@type\":\"ListItem\",\"position\":2,\"name\":\"Rapport d&#8217;activit\u00e9 2025 &#8211; R\u00e9seau Entreprendre\u00ae Aquitaine\"}]},{\"@type\":\"WebSite\",\"@id\":\"https:\\\/\\\/www.reseau-entreprendre.org\\\/aquitaine\\\/#website\",\"url\":\"https:\\\/\\\/www.reseau-entreprendre.org\\\/aquitaine\\\/\",\"name\":\"R\u00e9seau Entreprendre Aquitaine\",\"description\":\"Un site utilisant Les sites de R\u00e9seau Entreprendre\",\"potentialAction\":[{\"@type\":\"SearchAction\",\"target\":{\"@type\":\"EntryPoint\",\"urlTemplate\":\"https:\\\/\\\/www.reseau-entreprendre.org\\\/aquitaine\\\/?s={search_term_string}\"},\"query-input\":{\"@type\":\"PropertyValueSpecification\",\"valueRequired\":true,\"valueName\":\"search_term_string\"}}],\"inLanguage\":\"fr-FR\"}]}<\/script>\n<!-- \/ Yoast SEO plugin. -->","yoast_head_json":{"title":"Rapport d'activit\u00e9 2025 - R\u00e9seau Entreprendre\u00ae Aquitaine - R\u00e9seau Entreprendre Aquitaine","description":"L\u2019ann\u00e9e 2025 a \u00e9t\u00e9 marqu\u00e9e par une dynamique forte : des projets ambitieux, des entrepreneurs-laur\u00e9ats engag\u00e9s, des membres mobilis\u00e9s et des actions renforc\u00e9es sur l\u2019ensemble du territoire.","robots":{"index":"index","follow":"follow","max-snippet":"max-snippet:-1","max-image-preview":"max-image-preview:large","max-video-preview":"max-video-preview:-1"},"canonical":"https:\/\/www.reseau-entreprendre.org\/aquitaine\/rapport-dactivite-2025-reseau-entreprendre-aquitaine\/","og_locale":"fr_FR","og_type":"article","og_title":"Rapport d'activit\u00e9 2025 - R\u00e9seau Entreprendre\u00ae Aquitaine - R\u00e9seau Entreprendre Aquitaine","og_description":"L\u2019ann\u00e9e 2025 a \u00e9t\u00e9 marqu\u00e9e par une dynamique forte : des projets ambitieux, des entrepreneurs-laur\u00e9ats engag\u00e9s, des membres mobilis\u00e9s et des actions renforc\u00e9es sur l\u2019ensemble du territoire.","og_url":"https:\/\/www.reseau-entreprendre.org\/aquitaine\/rapport-dactivite-2025-reseau-entreprendre-aquitaine\/","og_site_name":"R\u00e9seau Entreprendre Aquitaine","article_modified_time":"2026-04-07T10:18:12+00:00","twitter_card":"summary_large_image","twitter_misc":{"Dur\u00e9e de lecture estim\u00e9e":"1 minute"},"schema":{"@context":"https:\/\/schema.org","@graph":[{"@type":"WebPage","@id":"https:\/\/www.reseau-entreprendre.org\/aquitaine\/rapport-dactivite-2025-reseau-entreprendre-aquitaine\/","url":"https:\/\/www.reseau-entreprendre.org\/aquitaine\/rapport-dactivite-2025-reseau-entreprendre-aquitaine\/","name":"Rapport d'activit\u00e9 2025 - R\u00e9seau Entreprendre\u00ae Aquitaine - R\u00e9seau Entreprendre Aquitaine","isPartOf":{"@id":"https:\/\/www.reseau-entreprendre.org\/aquitaine\/#website"},"datePublished":"2026-04-07T10:18:02+00:00","dateModified":"2026-04-07T10:18:12+00:00","description":"L\u2019ann\u00e9e 2025 a \u00e9t\u00e9 marqu\u00e9e par une dynamique forte : des projets ambitieux, des entrepreneurs-laur\u00e9ats engag\u00e9s, des membres mobilis\u00e9s et des actions renforc\u00e9es sur l\u2019ensemble du territoire.","breadcrumb":{"@id":"https:\/\/www.reseau-entreprendre.org\/aquitaine\/rapport-dactivite-2025-reseau-entreprendre-aquitaine\/#breadcrumb"},"inLanguage":"fr-FR","potentialAction":[{"@type":"ReadAction","target":["https:\/\/www.reseau-entreprendre.org\/aquitaine\/rapport-dactivite-2025-reseau-entreprendre-aquitaine\/"]}]},{"@type":"BreadcrumbList","@id":"https:\/\/www.reseau-entreprendre.org\/aquitaine\/rapport-dactivite-2025-reseau-entreprendre-aquitaine\/#breadcrumb","itemListElement":[{"@type":"ListItem","position":1,"name":"Accueil","item":"https:\/\/www.reseau-entreprendre.org\/aquitaine\/"},{"@type":"ListItem","position":2,"name":"Rapport d&#8217;activit\u00e9 2025 &#8211; R\u00e9seau Entreprendre\u00ae Aquitaine"}]},{"@type":"WebSite","@id":"https:\/\/www.reseau-entreprendre.org\/aquitaine\/#website","url":"https:\/\/www.reseau-entreprendre.org\/aquitaine\/","name":"R\u00e9seau Entreprendre Aquitaine","description":"Un site utilisant Les sites de R\u00e9seau Entreprendre","potentialAction":[{"@type":"SearchAction","target":{"@type":"EntryPoint","urlTemplate":"https:\/\/www.reseau-entreprendre.org\/aquitaine\/?s={search_term_string}"},"query-input":{"@type":"PropertyValueSpecification","valueRequired":true,"valueName":"search_term_string"}}],"inLanguage":"fr-FR"}]}},"_links":{"self":[{"href":"https:\/\/www.reseau-entreprendre.org\/aquitaine\/wp-json\/wp\/v2\/pages\/2712","targetHints":{"allow":["GET"]}}],"collection":[{"href":"https:\/\/www.reseau-entreprendre.org\/aquitaine\/wp-json\/wp\/v2\/pages"}],"about":[{"href":"https:\/\/www.reseau-entreprendre.org\/aquitaine\/wp-json\/wp\/v2\/types\/page"}],"author":[{"embeddable":true,"href":"https:\/\/www.reseau-entreprendre.org\/aquitaine\/wp-json\/wp\/v2\/users\/59"}],"replies":[{"embeddable":true,"href":"https:\/\/www.reseau-entreprendre.org\/aquitaine\/wp-json\/wp\/v2\/comments?post=2712"}],"version-history":[{"count":0,"href":"https:\/\/www.reseau-entreprendre.org\/aquitaine\/wp-json\/wp\/v2\/pages\/2712\/revisions"}],"wp:attachment":[{"href":"https:\/\/www.reseau-entreprendre.org\/aquitaine\/wp-json\/wp\/v2\/media?parent=2712"}],"curies":[{"name":"wp","href":"https:\/\/api.w.org\/{rel}","templated":true}]}}