{"id":13,"date":"2017-04-28T12:33:34","date_gmt":"2017-04-28T10:33:34","guid":{"rendered":"http:\/\/re-preprod-entreprendre.fr\/artois\/?page_id=13"},"modified":"2024-06-26T16:16:46","modified_gmt":"2024-06-26T14:16:46","slug":"entreprendre","status":"publish","type":"page","link":"https:\/\/www.reseau-entreprendre.org\/artois\/entreprendre\/","title":{"rendered":"Entreprendre"},"content":{"rendered":"<div class=\"wp-block-image\">\n<figure class=\"aligncenter\"><img loading=\"lazy\" decoding=\"async\" width=\"742\" height=\"1024\" src=\"https:\/\/www.reseau-entreprendre.org\/wp-content\/uploads\/sites\/43\/2017\/04\/REA_ENTREPRENDRE_1-742x1024.jpg\" alt=\"\" class=\"wp-image-483\" srcset=\"https:\/\/www.reseau-entreprendre.org\/artois\/wp-content\/uploads\/sites\/43\/2017\/04\/REA_ENTREPRENDRE_1-742x1024.jpg 742w, https:\/\/www.reseau-entreprendre.org\/artois\/wp-content\/uploads\/sites\/43\/2017\/04\/REA_ENTREPRENDRE_1-217x300.jpg 217w, https:\/\/www.reseau-entreprendre.org\/artois\/wp-content\/uploads\/sites\/43\/2017\/04\/REA_ENTREPRENDRE_1-768x1060.jpg 768w, https:\/\/www.reseau-entreprendre.org\/artois\/wp-content\/uploads\/sites\/43\/2017\/04\/REA_ENTREPRENDRE_1.jpg 1500w\" sizes=\"auto, (max-width: 742px) 100vw, 742px\" \/><\/figure>\n<\/div>\n\n\n<p>Au service de l\u2019emploi, les chefs d\u2019entreprise de R\u00e9seau Entreprendre Artois s\u2019engagent pour augmenter les chances de r\u00e9ussite des nouveaux projets entrepreneuriaux sur le territoire art\u00e9sien.<\/p>\n\n\n\n<p><em>Un accompagnement gratuit, personnalis\u00e9 et durable et un financement sous forme de pr\u00eat d&#8217;honneur pour des futurs chefs d\u2019entreprise porteurs de projets significativement porteurs d\u2019emplois et de valeur ajout\u00e9e.<\/em><\/p>\n\n\n\n<p><span style=\"text-decoration: underline\">Les crit\u00e8res d\u2019\u00e9ligibilit\u00e9<\/span><\/p>\n\n\n\n<p>Le candidat \u00e0 l\u2019association doit \u00eatre :<\/p>\n\n\n\n<p>&#8211; Bas\u00e9 sur l\u2019Artois<br>&#8211; Primo-entrepreneur (pour le programme Start, soient 90% des projets)<br>&#8211; Associ\u00e9 majoritaire (seul ou associ\u00e9s actifs)<br>&#8211; Porteur d\u2019un projet comportant au moins 6 emplois en ann\u00e9e N+2 pour une cr\u00e9ation<br>et d\u2019un projet de d\u00e9veloppement en ce qui concerne les reprises.<br>&#8211; Demandeur d\u2019accompagnement.<\/p>\n\n\n\n<p><span style=\"text-decoration: underline\">Le parcours du candidat<\/span><\/p>\n\n\n\n<p>Des premiers contacts avec l\u2019association aux rencontres avec des experts et chefs d&#8217;entreprise, le projet et son porteur sont challeng\u00e9s et valid\u00e9s avant la pr\u00e9sentation en comit\u00e9. C\u2019est un premier accompagnement.<\/p>\n\n\n\n<p><span style=\"text-decoration: underline\">Le laur\u00e9at<\/span> b\u00e9n\u00e9ficie d\u2019un :<\/p>\n\n\n\n<p>A) Pr\u00eat d\u2019honneur \u00e0 la personne<\/p>\n\n\n\n<p>Accord\u00e9 \u00e0 l\u2019unanimit\u00e9 par le Comit\u00e9 d\u2019engagement. Entre 15 et 50.000\u20ac. Sans garantie ni int\u00e9r\u00eat. Remboursable sur 5 ans avec un diff\u00e9r\u00e9 de remboursement (18 mois pour les cr\u00e9ations, 6 mois pour les reprises).<\/p>\n\n\n\n<p>Ce pr\u00eat est destin\u00e9 \u00e0 renforcer les fonds propres du laur\u00e9at et de faciliter les autres financements. En moyenne, l\u2019effet levier est de 13.<\/p>\n\n\n\n<p>B) Accompagnement par un chef d\u2019entreprise exp\u00e9riment\u00e9 pendant 2 ans au minimum<\/p>\n\n\n\n<p>Des rencontres mensuelles avec un entrepreneur du territoire : une exp\u00e9rience pour guider les premiers pas de chef d&#8217;entreprise, un accompagnement op\u00e9rationnel (\u00e9laboration des tableaux de bord, fixation d\u2019objectifs, plan d\u2019actions, aide \u00e0 la prise de d\u00e9cision) et un appui r\u00e9seau relationnel.<\/p>\n\n\n\n<p>C) Accompagnement collectif en clubs de laur\u00e9ats :<\/p>\n\n\n\n<p>Des r\u00e9unions mensuelles alliant \u00e9changes, convivialit\u00e9, \u00e9coute entre laur\u00e9ats avec des interventions anim\u00e9es par des professionnels b\u00e9n\u00e9voles, sur les incontournables tels \u00ab Lecture du bilan pour les novices \u00bb, \u00ab la communication avec votre banquier \u00bb.<\/p>\n\n\n\n<p>D) Mise en r\u00e9seau via les chefs d\u2019entreprise de l\u2019association et les partenaires institutionnels et financiers.<\/p>\n\n\n\n<p>Cette mise en r\u00e9seau se fait en particulier lors des rencontres trimestrielles de l\u2019association, les journ\u00e9es d\u2019int\u00e9gration, f\u00eates des laur\u00e9ats mais aussi lors d\u2019\u00e9v\u00e9nements organis\u00e9s de fa\u00e7on commune avec d\u2019autres organismes comme le Chambre de Commerce, le Medef ou ceux de partenaires de l\u2019association.<\/p>\n\n\n<div class=\"wp-block-image\">\n<figure class=\"aligncenter size-large\"><img loading=\"lazy\" decoding=\"async\" width=\"1024\" height=\"683\" src=\"https:\/\/www.reseau-entreprendre.org\/artois\/wp-content\/uploads\/sites\/43\/2024\/06\/Laureat-1024x683.jpg\" alt=\"\" class=\"wp-image-2121\" srcset=\"https:\/\/www.reseau-entreprendre.org\/artois\/wp-content\/uploads\/sites\/43\/2024\/06\/Laureat-1024x683.jpg 1024w, https:\/\/www.reseau-entreprendre.org\/artois\/wp-content\/uploads\/sites\/43\/2024\/06\/Laureat-300x200.jpg 300w, https:\/\/www.reseau-entreprendre.org\/artois\/wp-content\/uploads\/sites\/43\/2024\/06\/Laureat-768x512.jpg 768w, https:\/\/www.reseau-entreprendre.org\/artois\/wp-content\/uploads\/sites\/43\/2024\/06\/Laureat-391x260.jpg 391w, https:\/\/www.reseau-entreprendre.org\/artois\/wp-content\/uploads\/sites\/43\/2024\/06\/Laureat-1536x1024.jpg 1536w, https:\/\/www.reseau-entreprendre.org\/artois\/wp-content\/uploads\/sites\/43\/2024\/06\/Laureat-195x130.jpg 195w, https:\/\/www.reseau-entreprendre.org\/artois\/wp-content\/uploads\/sites\/43\/2024\/06\/Laureat-100x67.jpg 100w, https:\/\/www.reseau-entreprendre.org\/artois\/wp-content\/uploads\/sites\/43\/2024\/06\/Laureat.jpg 2048w\" sizes=\"auto, (max-width: 1024px) 100vw, 1024px\" \/><\/figure>\n<\/div>","protected":false},"excerpt":{"rendered":"<p>Au service de l\u2019emploi, les chefs d\u2019entreprise de R\u00e9seau Entreprendre<\/p>\n","protected":false},"author":45,"featured_media":0,"parent":0,"menu_order":0,"comment_status":"closed","ping_status":"closed","template":"","meta":{"_acf_changed":false,"_monsterinsights_skip_tracking":false,"_monsterinsights_sitenote_active":false,"_monsterinsights_sitenote_note":"","_monsterinsights_sitenote_category":0,"footnotes":""},"class_list":["post-13","page","type-page","status-publish","hentry"],"acf":[],"yoast_head":"<!-- This site is optimized with the Yoast SEO plugin v27.4 - https:\/\/yoast.com\/product\/yoast-seo-wordpress\/ -->\n<title>Entreprendre | Reseau Entreprendre Artois<\/title>\n<meta name=\"description\" content=\"Vous avez un projet de cr\u00e9ation d&#039;entreprise ? R\u00e9seau Entreprendre Artois vous accompagne gratuitement et dans la dur\u00e9e\" \/>\n<meta name=\"robots\" content=\"index, follow, max-snippet:-1, max-image-preview:large, max-video-preview:-1\" \/>\n<link rel=\"canonical\" href=\"https:\/\/www.reseau-entreprendre.org\/artois\/entreprendre\/\" \/>\n<meta property=\"og:locale\" content=\"fr_FR\" \/>\n<meta property=\"og:type\" content=\"article\" \/>\n<meta property=\"og:title\" content=\"Entreprendre | Reseau Entreprendre Artois\" \/>\n<meta property=\"og:description\" content=\"Vous avez un projet de cr\u00e9ation d&#039;entreprise ? R\u00e9seau Entreprendre Artois vous accompagne gratuitement et dans la dur\u00e9e\" \/>\n<meta property=\"og:url\" content=\"https:\/\/www.reseau-entreprendre.org\/artois\/entreprendre\/\" \/>\n<meta property=\"og:site_name\" content=\"R\u00e9seau Entreprendre Artois\" \/>\n<meta property=\"article:modified_time\" content=\"2024-06-26T14:16:46+00:00\" \/>\n<meta property=\"og:image\" content=\"https:\/\/www.reseau-entreprendre.org\/wp-content\/uploads\/sites\/43\/2017\/04\/REA_ENTREPRENDRE_1-742x1024.jpg\" \/>\n<meta name=\"twitter:card\" content=\"summary_large_image\" \/>\n<meta name=\"twitter:label1\" content=\"Dur\u00e9e de lecture estim\u00e9e\" \/>\n\t<meta name=\"twitter:data1\" content=\"3 minutes\" \/>\n<script type=\"application\/ld+json\" class=\"yoast-schema-graph\">{\"@context\":\"https:\\\/\\\/schema.org\",\"@graph\":[{\"@type\":\"WebPage\",\"@id\":\"https:\\\/\\\/www.reseau-entreprendre.org\\\/artois\\\/entreprendre\\\/\",\"url\":\"https:\\\/\\\/www.reseau-entreprendre.org\\\/artois\\\/entreprendre\\\/\",\"name\":\"Entreprendre | Reseau Entreprendre Artois\",\"isPartOf\":{\"@id\":\"https:\\\/\\\/www.reseau-entreprendre.org\\\/artois\\\/#website\"},\"primaryImageOfPage\":{\"@id\":\"https:\\\/\\\/www.reseau-entreprendre.org\\\/artois\\\/entreprendre\\\/#primaryimage\"},\"image\":{\"@id\":\"https:\\\/\\\/www.reseau-entreprendre.org\\\/artois\\\/entreprendre\\\/#primaryimage\"},\"thumbnailUrl\":\"https:\\\/\\\/www.reseau-entreprendre.org\\\/wp-content\\\/uploads\\\/sites\\\/43\\\/2017\\\/04\\\/REA_ENTREPRENDRE_1-742x1024.jpg\",\"datePublished\":\"2017-04-28T10:33:34+00:00\",\"dateModified\":\"2024-06-26T14:16:46+00:00\",\"description\":\"Vous avez un projet de cr\u00e9ation d'entreprise ? R\u00e9seau Entreprendre Artois vous accompagne gratuitement et dans la dur\u00e9e\",\"breadcrumb\":{\"@id\":\"https:\\\/\\\/www.reseau-entreprendre.org\\\/artois\\\/entreprendre\\\/#breadcrumb\"},\"inLanguage\":\"fr-FR\",\"potentialAction\":[{\"@type\":\"ReadAction\",\"target\":[\"https:\\\/\\\/www.reseau-entreprendre.org\\\/artois\\\/entreprendre\\\/\"]}]},{\"@type\":\"ImageObject\",\"inLanguage\":\"fr-FR\",\"@id\":\"https:\\\/\\\/www.reseau-entreprendre.org\\\/artois\\\/entreprendre\\\/#primaryimage\",\"url\":\"https:\\\/\\\/www.reseau-entreprendre.org\\\/wp-content\\\/uploads\\\/sites\\\/43\\\/2017\\\/04\\\/REA_ENTREPRENDRE_1-742x1024.jpg\",\"contentUrl\":\"https:\\\/\\\/www.reseau-entreprendre.org\\\/wp-content\\\/uploads\\\/sites\\\/43\\\/2017\\\/04\\\/REA_ENTREPRENDRE_1-742x1024.jpg\"},{\"@type\":\"BreadcrumbList\",\"@id\":\"https:\\\/\\\/www.reseau-entreprendre.org\\\/artois\\\/entreprendre\\\/#breadcrumb\",\"itemListElement\":[{\"@type\":\"ListItem\",\"position\":1,\"name\":\"Accueil\",\"item\":\"https:\\\/\\\/www.reseau-entreprendre.org\\\/artois\\\/\"},{\"@type\":\"ListItem\",\"position\":2,\"name\":\"Entreprendre\"}]},{\"@type\":\"WebSite\",\"@id\":\"https:\\\/\\\/www.reseau-entreprendre.org\\\/artois\\\/#website\",\"url\":\"https:\\\/\\\/www.reseau-entreprendre.org\\\/artois\\\/\",\"name\":\"R\u00e9seau Entreprendre Artois\",\"description\":\"Un site utilisant Les sites de R\u00e9seau Entreprendre\",\"potentialAction\":[{\"@type\":\"SearchAction\",\"target\":{\"@type\":\"EntryPoint\",\"urlTemplate\":\"https:\\\/\\\/www.reseau-entreprendre.org\\\/artois\\\/?s={search_term_string}\"},\"query-input\":{\"@type\":\"PropertyValueSpecification\",\"valueRequired\":true,\"valueName\":\"search_term_string\"}}],\"inLanguage\":\"fr-FR\"}]}<\/script>\n<!-- \/ Yoast SEO plugin. -->","yoast_head_json":{"title":"Entreprendre | Reseau Entreprendre Artois","description":"Vous avez un projet de cr\u00e9ation d'entreprise ? R\u00e9seau Entreprendre Artois vous accompagne gratuitement et dans la dur\u00e9e","robots":{"index":"index","follow":"follow","max-snippet":"max-snippet:-1","max-image-preview":"max-image-preview:large","max-video-preview":"max-video-preview:-1"},"canonical":"https:\/\/www.reseau-entreprendre.org\/artois\/entreprendre\/","og_locale":"fr_FR","og_type":"article","og_title":"Entreprendre | Reseau Entreprendre Artois","og_description":"Vous avez un projet de cr\u00e9ation d'entreprise ? R\u00e9seau Entreprendre Artois vous accompagne gratuitement et dans la dur\u00e9e","og_url":"https:\/\/www.reseau-entreprendre.org\/artois\/entreprendre\/","og_site_name":"R\u00e9seau Entreprendre Artois","article_modified_time":"2024-06-26T14:16:46+00:00","og_image":[{"url":"https:\/\/www.reseau-entreprendre.org\/wp-content\/uploads\/sites\/43\/2017\/04\/REA_ENTREPRENDRE_1-742x1024.jpg","type":"","width":"","height":""}],"twitter_card":"summary_large_image","twitter_misc":{"Dur\u00e9e de lecture estim\u00e9e":"3 minutes"},"schema":{"@context":"https:\/\/schema.org","@graph":[{"@type":"WebPage","@id":"https:\/\/www.reseau-entreprendre.org\/artois\/entreprendre\/","url":"https:\/\/www.reseau-entreprendre.org\/artois\/entreprendre\/","name":"Entreprendre | Reseau Entreprendre Artois","isPartOf":{"@id":"https:\/\/www.reseau-entreprendre.org\/artois\/#website"},"primaryImageOfPage":{"@id":"https:\/\/www.reseau-entreprendre.org\/artois\/entreprendre\/#primaryimage"},"image":{"@id":"https:\/\/www.reseau-entreprendre.org\/artois\/entreprendre\/#primaryimage"},"thumbnailUrl":"https:\/\/www.reseau-entreprendre.org\/wp-content\/uploads\/sites\/43\/2017\/04\/REA_ENTREPRENDRE_1-742x1024.jpg","datePublished":"2017-04-28T10:33:34+00:00","dateModified":"2024-06-26T14:16:46+00:00","description":"Vous avez un projet de cr\u00e9ation d'entreprise ? R\u00e9seau Entreprendre Artois vous accompagne gratuitement et dans la dur\u00e9e","breadcrumb":{"@id":"https:\/\/www.reseau-entreprendre.org\/artois\/entreprendre\/#breadcrumb"},"inLanguage":"fr-FR","potentialAction":[{"@type":"ReadAction","target":["https:\/\/www.reseau-entreprendre.org\/artois\/entreprendre\/"]}]},{"@type":"ImageObject","inLanguage":"fr-FR","@id":"https:\/\/www.reseau-entreprendre.org\/artois\/entreprendre\/#primaryimage","url":"https:\/\/www.reseau-entreprendre.org\/wp-content\/uploads\/sites\/43\/2017\/04\/REA_ENTREPRENDRE_1-742x1024.jpg","contentUrl":"https:\/\/www.reseau-entreprendre.org\/wp-content\/uploads\/sites\/43\/2017\/04\/REA_ENTREPRENDRE_1-742x1024.jpg"},{"@type":"BreadcrumbList","@id":"https:\/\/www.reseau-entreprendre.org\/artois\/entreprendre\/#breadcrumb","itemListElement":[{"@type":"ListItem","position":1,"name":"Accueil","item":"https:\/\/www.reseau-entreprendre.org\/artois\/"},{"@type":"ListItem","position":2,"name":"Entreprendre"}]},{"@type":"WebSite","@id":"https:\/\/www.reseau-entreprendre.org\/artois\/#website","url":"https:\/\/www.reseau-entreprendre.org\/artois\/","name":"R\u00e9seau Entreprendre Artois","description":"Un site utilisant Les sites de R\u00e9seau Entreprendre","potentialAction":[{"@type":"SearchAction","target":{"@type":"EntryPoint","urlTemplate":"https:\/\/www.reseau-entreprendre.org\/artois\/?s={search_term_string}"},"query-input":{"@type":"PropertyValueSpecification","valueRequired":true,"valueName":"search_term_string"}}],"inLanguage":"fr-FR"}]}},"_links":{"self":[{"href":"https:\/\/www.reseau-entreprendre.org\/artois\/wp-json\/wp\/v2\/pages\/13","targetHints":{"allow":["GET"]}}],"collection":[{"href":"https:\/\/www.reseau-entreprendre.org\/artois\/wp-json\/wp\/v2\/pages"}],"about":[{"href":"https:\/\/www.reseau-entreprendre.org\/artois\/wp-json\/wp\/v2\/types\/page"}],"author":[{"embeddable":true,"href":"https:\/\/www.reseau-entreprendre.org\/artois\/wp-json\/wp\/v2\/users\/45"}],"replies":[{"embeddable":true,"href":"https:\/\/www.reseau-entreprendre.org\/artois\/wp-json\/wp\/v2\/comments?post=13"}],"version-history":[{"count":0,"href":"https:\/\/www.reseau-entreprendre.org\/artois\/wp-json\/wp\/v2\/pages\/13\/revisions"}],"wp:attachment":[{"href":"https:\/\/www.reseau-entreprendre.org\/artois\/wp-json\/wp\/v2\/media?parent=13"}],"curies":[{"name":"wp","href":"https:\/\/api.w.org\/{rel}","templated":true}]}}