{"id":15,"date":"2017-04-28T12:33:47","date_gmt":"2017-04-28T10:33:47","guid":{"rendered":"http:\/\/re-preprod-entreprendre.fr\/artois\/?page_id=15"},"modified":"2025-12-03T14:57:40","modified_gmt":"2025-12-03T13:57:40","slug":"accompagner","status":"publish","type":"page","link":"https:\/\/www.reseau-entreprendre.org\/artois\/accompagner\/","title":{"rendered":"Accompagner"},"content":{"rendered":"\n<div class=\"wp-block-columns is-layout-flex wp-container-core-columns-is-layout-9d6595d7 wp-block-columns-is-layout-flex\">\n<div class=\"wp-block-column is-layout-flow wp-block-column-is-layout-flow\" style=\"flex-basis:300px\"><div class=\"wp-block-image\">\n<figure class=\"aligncenter\"><img loading=\"lazy\" decoding=\"async\" width=\"300\" height=\"200\" src=\"https:\/\/www.reseau-entreprendre.org\/wp-content\/uploads\/sites\/43\/2017\/04\/REA_ACCOMPAGNER_1-300x200.jpg\" alt=\"\" class=\"wp-image-490\" srcset=\"https:\/\/www.reseau-entreprendre.org\/artois\/wp-content\/uploads\/sites\/43\/2017\/04\/REA_ACCOMPAGNER_1-300x200.jpg 300w, https:\/\/www.reseau-entreprendre.org\/artois\/wp-content\/uploads\/sites\/43\/2017\/04\/REA_ACCOMPAGNER_1-768x511.jpg 768w, https:\/\/www.reseau-entreprendre.org\/artois\/wp-content\/uploads\/sites\/43\/2017\/04\/REA_ACCOMPAGNER_1-1024x681.jpg 1024w, https:\/\/www.reseau-entreprendre.org\/artois\/wp-content\/uploads\/sites\/43\/2017\/04\/REA_ACCOMPAGNER_1.jpg 1623w\" sizes=\"auto, (max-width: 300px) 100vw, 300px\" \/><\/figure>\n<\/div><\/div>\n\n\n\n<div class=\"wp-block-column is-vertically-aligned-center is-layout-flow wp-block-column-is-layout-flow\">\n<p>R\u00e9seau Entreprendre Artois peut accompagner les nouveaux chefs d\u2019entreprise gr\u00e2ce \u00e0 ses membres, aujourd\u2019hui 93. De fa\u00e7on plus large, l\u2019association s\u2019appuie sur le b\u00e9n\u00e9volat d\u2019environ 180 chefs d\u2019entreprises.<\/p>\n<\/div>\n<\/div>\n\n\n\n<p>Ces chefs d\u2019entreprise, ind\u00e9pendants et pour certains d\u2019entre eux, cadres dirigeants de grosses entreprises, couvrent l\u2019ensemble des secteurs \u00e9conomiques, avec les sp\u00e9cificit\u00e9s du territoire. L\u2019Artois reste industriel et les membres de l\u2019association sont donc aussi bien des industriels que des dirigeants d\u2019entreprises de b\u00e2timent ou de services, sans parler du secteur financier. A ce niveau leur typologie ressemble \u00e0 celle des laur\u00e9ats, avec des entreprises majoritairement dirig\u00e9es par une seule personne. Une autre sp\u00e9cificit\u00e9 art\u00e9sienne est la faible proportion d\u2019entreprises dans les nouveaux secteurs technologiques, en dehors d\u2019un p\u00f4le plasturgique innovant ; la proximit\u00e9 de la m\u00e9tropole lilloise jouant un r\u00f4le important dans cette r\u00e9partition.<\/p>\n\n\n\n<p>L\u2019association a \u00e9t\u00e9 cr\u00e9\u00e9 en 2000 par des chefs d\u2019entreprise tr\u00e8s moteurs ; ils ont donn\u00e9 l\u2019impulsion et surtout la \u00ab note humaine \u00bb qui perdure aujourd\u2019hui. Ils ont en commun l\u2019engagement au profit des nouveaux chefs d\u2019entreprise, par volont\u00e9 de transmettre leur exp\u00e9rience et savoir-faire de dirigeant et besoin de d\u00e9velopper leur territoire.<\/p>\n\n\n\n<p>Surtout, ils adh\u00e8rent individuellement et collectivement aux valeurs fondatrices de R\u00e9seau Entreprendre. Leur accompagnement est totalement gratuit, le pr\u00eat d\u2019honneur distribu\u00e9 est \u00e0 la personne et exclut les prises de participation dans les entreprises laur\u00e9ates. Cette gratuit\u00e9 permet la posture adapt\u00e9e, non int\u00e9ress\u00e9e.<\/p>\n\n\n\n<p>Appartenir \u00e0 l\u2019association permet de participer de fa\u00e7on active \u00e0 toutes les \u00e9tapes de la candidature \u00e0 l\u2019accompagnement individuel, en passant par le comit\u00e9 d\u2019engagement ou le conseil d\u2019administration.<\/p>\n\n\n\n<p>De fa\u00e7on plus large, c\u2019est avant tout un r\u00e9seau de chefs d\u2019entreprise avec la convivialit\u00e9 de rencontres r\u00e9guli\u00e8res marqu\u00e9es par le respect et la bienveillance. Les rencontres trimestrielles rythment les ann\u00e9es, avec souvent des interventions d\u2019experts, sur des th\u00e8mes aussi vari\u00e9s que la vie de la PME.<\/p>\n\n\n\n<p>Ce r\u00e9seau s\u2019\u00e9tend bien au-del\u00e0 de R\u00e9seau Entreprendre puisque l\u2019Artois dispose d\u2019un maillage important de clubs de chefs d\u2019entreprise qui collaborent et se voient lors de manifestations organis\u00e9es par des partenaires mais aussi les autres structures d\u2019accompagnement avec lesquelles les relations sont cordiales (par exemple les plateformes France Initiative, la CCI).<\/p>\n\n\n\n<p><\/p>\n","protected":false},"excerpt":{"rendered":"<p>R\u00e9seau Entreprendre Artois peut accompagner les nouveaux chefs d\u2019entreprise gr\u00e2ce<\/p>\n","protected":false},"author":45,"featured_media":0,"parent":0,"menu_order":0,"comment_status":"closed","ping_status":"closed","template":"","meta":{"_acf_changed":false,"_monsterinsights_skip_tracking":false,"_monsterinsights_sitenote_active":false,"_monsterinsights_sitenote_note":"","_monsterinsights_sitenote_category":0,"footnotes":""},"class_list":["post-15","page","type-page","status-publish","hentry"],"acf":[],"yoast_head":"<!-- This site is optimized with the Yoast SEO plugin v27.4 - https:\/\/yoast.com\/product\/yoast-seo-wordpress\/ -->\n<title>Accompagner | Reseau Entreprendre Artois<\/title>\n<meta name=\"description\" content=\"Vous \u00eates chef d&#039;entreprise et souhaitez accompagner de nouveaux entrepreneurs ? Devenez membre b\u00e9n\u00e9vole de R\u00e9seau Entreprendre Artois !\" \/>\n<meta name=\"robots\" content=\"index, follow, max-snippet:-1, max-image-preview:large, max-video-preview:-1\" \/>\n<link rel=\"canonical\" href=\"https:\/\/www.reseau-entreprendre.org\/artois\/accompagner\/\" \/>\n<meta property=\"og:locale\" content=\"fr_FR\" \/>\n<meta property=\"og:type\" content=\"article\" \/>\n<meta property=\"og:title\" content=\"Accompagner | Reseau Entreprendre Artois\" \/>\n<meta property=\"og:description\" content=\"Vous \u00eates chef d&#039;entreprise et souhaitez accompagner de nouveaux entrepreneurs ? Devenez membre b\u00e9n\u00e9vole de R\u00e9seau Entreprendre Artois !\" \/>\n<meta property=\"og:url\" content=\"https:\/\/www.reseau-entreprendre.org\/artois\/accompagner\/\" \/>\n<meta property=\"og:site_name\" content=\"R\u00e9seau Entreprendre Artois\" \/>\n<meta property=\"article:modified_time\" content=\"2025-12-03T13:57:40+00:00\" \/>\n<meta name=\"twitter:card\" content=\"summary_large_image\" \/>\n<meta name=\"twitter:label1\" content=\"Dur\u00e9e de lecture estim\u00e9e\" \/>\n\t<meta name=\"twitter:data1\" content=\"3 minutes\" \/>\n<script type=\"application\/ld+json\" class=\"yoast-schema-graph\">{\"@context\":\"https:\\\/\\\/schema.org\",\"@graph\":[{\"@type\":\"WebPage\",\"@id\":\"https:\\\/\\\/www.reseau-entreprendre.org\\\/artois\\\/accompagner\\\/\",\"url\":\"https:\\\/\\\/www.reseau-entreprendre.org\\\/artois\\\/accompagner\\\/\",\"name\":\"Accompagner | Reseau Entreprendre Artois\",\"isPartOf\":{\"@id\":\"https:\\\/\\\/www.reseau-entreprendre.org\\\/artois\\\/#website\"},\"primaryImageOfPage\":{\"@id\":\"https:\\\/\\\/www.reseau-entreprendre.org\\\/artois\\\/accompagner\\\/#primaryimage\"},\"image\":{\"@id\":\"https:\\\/\\\/www.reseau-entreprendre.org\\\/artois\\\/accompagner\\\/#primaryimage\"},\"thumbnailUrl\":\"https:\\\/\\\/www.reseau-entreprendre.org\\\/wp-content\\\/uploads\\\/sites\\\/43\\\/2017\\\/04\\\/REA_ACCOMPAGNER_1-300x200.jpg\",\"datePublished\":\"2017-04-28T10:33:47+00:00\",\"dateModified\":\"2025-12-03T13:57:40+00:00\",\"description\":\"Vous \u00eates chef d'entreprise et souhaitez accompagner de nouveaux entrepreneurs ? Devenez membre b\u00e9n\u00e9vole de R\u00e9seau Entreprendre Artois !\",\"breadcrumb\":{\"@id\":\"https:\\\/\\\/www.reseau-entreprendre.org\\\/artois\\\/accompagner\\\/#breadcrumb\"},\"inLanguage\":\"fr-FR\",\"potentialAction\":[{\"@type\":\"ReadAction\",\"target\":[\"https:\\\/\\\/www.reseau-entreprendre.org\\\/artois\\\/accompagner\\\/\"]}]},{\"@type\":\"ImageObject\",\"inLanguage\":\"fr-FR\",\"@id\":\"https:\\\/\\\/www.reseau-entreprendre.org\\\/artois\\\/accompagner\\\/#primaryimage\",\"url\":\"https:\\\/\\\/www.reseau-entreprendre.org\\\/wp-content\\\/uploads\\\/sites\\\/43\\\/2017\\\/04\\\/REA_ACCOMPAGNER_1-300x200.jpg\",\"contentUrl\":\"https:\\\/\\\/www.reseau-entreprendre.org\\\/wp-content\\\/uploads\\\/sites\\\/43\\\/2017\\\/04\\\/REA_ACCOMPAGNER_1-300x200.jpg\"},{\"@type\":\"BreadcrumbList\",\"@id\":\"https:\\\/\\\/www.reseau-entreprendre.org\\\/artois\\\/accompagner\\\/#breadcrumb\",\"itemListElement\":[{\"@type\":\"ListItem\",\"position\":1,\"name\":\"Accueil\",\"item\":\"https:\\\/\\\/www.reseau-entreprendre.org\\\/artois\\\/\"},{\"@type\":\"ListItem\",\"position\":2,\"name\":\"Accompagner\"}]},{\"@type\":\"WebSite\",\"@id\":\"https:\\\/\\\/www.reseau-entreprendre.org\\\/artois\\\/#website\",\"url\":\"https:\\\/\\\/www.reseau-entreprendre.org\\\/artois\\\/\",\"name\":\"R\u00e9seau Entreprendre Artois\",\"description\":\"Un site utilisant Les sites de R\u00e9seau Entreprendre\",\"potentialAction\":[{\"@type\":\"SearchAction\",\"target\":{\"@type\":\"EntryPoint\",\"urlTemplate\":\"https:\\\/\\\/www.reseau-entreprendre.org\\\/artois\\\/?s={search_term_string}\"},\"query-input\":{\"@type\":\"PropertyValueSpecification\",\"valueRequired\":true,\"valueName\":\"search_term_string\"}}],\"inLanguage\":\"fr-FR\"}]}<\/script>\n<!-- \/ Yoast SEO plugin. -->","yoast_head_json":{"title":"Accompagner | Reseau Entreprendre Artois","description":"Vous \u00eates chef d'entreprise et souhaitez accompagner de nouveaux entrepreneurs ? Devenez membre b\u00e9n\u00e9vole de R\u00e9seau Entreprendre Artois !","robots":{"index":"index","follow":"follow","max-snippet":"max-snippet:-1","max-image-preview":"max-image-preview:large","max-video-preview":"max-video-preview:-1"},"canonical":"https:\/\/www.reseau-entreprendre.org\/artois\/accompagner\/","og_locale":"fr_FR","og_type":"article","og_title":"Accompagner | Reseau Entreprendre Artois","og_description":"Vous \u00eates chef d'entreprise et souhaitez accompagner de nouveaux entrepreneurs ? Devenez membre b\u00e9n\u00e9vole de R\u00e9seau Entreprendre Artois !","og_url":"https:\/\/www.reseau-entreprendre.org\/artois\/accompagner\/","og_site_name":"R\u00e9seau Entreprendre Artois","article_modified_time":"2025-12-03T13:57:40+00:00","twitter_card":"summary_large_image","twitter_misc":{"Dur\u00e9e de lecture estim\u00e9e":"3 minutes"},"schema":{"@context":"https:\/\/schema.org","@graph":[{"@type":"WebPage","@id":"https:\/\/www.reseau-entreprendre.org\/artois\/accompagner\/","url":"https:\/\/www.reseau-entreprendre.org\/artois\/accompagner\/","name":"Accompagner | Reseau Entreprendre Artois","isPartOf":{"@id":"https:\/\/www.reseau-entreprendre.org\/artois\/#website"},"primaryImageOfPage":{"@id":"https:\/\/www.reseau-entreprendre.org\/artois\/accompagner\/#primaryimage"},"image":{"@id":"https:\/\/www.reseau-entreprendre.org\/artois\/accompagner\/#primaryimage"},"thumbnailUrl":"https:\/\/www.reseau-entreprendre.org\/wp-content\/uploads\/sites\/43\/2017\/04\/REA_ACCOMPAGNER_1-300x200.jpg","datePublished":"2017-04-28T10:33:47+00:00","dateModified":"2025-12-03T13:57:40+00:00","description":"Vous \u00eates chef d'entreprise et souhaitez accompagner de nouveaux entrepreneurs ? Devenez membre b\u00e9n\u00e9vole de R\u00e9seau Entreprendre Artois !","breadcrumb":{"@id":"https:\/\/www.reseau-entreprendre.org\/artois\/accompagner\/#breadcrumb"},"inLanguage":"fr-FR","potentialAction":[{"@type":"ReadAction","target":["https:\/\/www.reseau-entreprendre.org\/artois\/accompagner\/"]}]},{"@type":"ImageObject","inLanguage":"fr-FR","@id":"https:\/\/www.reseau-entreprendre.org\/artois\/accompagner\/#primaryimage","url":"https:\/\/www.reseau-entreprendre.org\/wp-content\/uploads\/sites\/43\/2017\/04\/REA_ACCOMPAGNER_1-300x200.jpg","contentUrl":"https:\/\/www.reseau-entreprendre.org\/wp-content\/uploads\/sites\/43\/2017\/04\/REA_ACCOMPAGNER_1-300x200.jpg"},{"@type":"BreadcrumbList","@id":"https:\/\/www.reseau-entreprendre.org\/artois\/accompagner\/#breadcrumb","itemListElement":[{"@type":"ListItem","position":1,"name":"Accueil","item":"https:\/\/www.reseau-entreprendre.org\/artois\/"},{"@type":"ListItem","position":2,"name":"Accompagner"}]},{"@type":"WebSite","@id":"https:\/\/www.reseau-entreprendre.org\/artois\/#website","url":"https:\/\/www.reseau-entreprendre.org\/artois\/","name":"R\u00e9seau Entreprendre Artois","description":"Un site utilisant Les sites de R\u00e9seau Entreprendre","potentialAction":[{"@type":"SearchAction","target":{"@type":"EntryPoint","urlTemplate":"https:\/\/www.reseau-entreprendre.org\/artois\/?s={search_term_string}"},"query-input":{"@type":"PropertyValueSpecification","valueRequired":true,"valueName":"search_term_string"}}],"inLanguage":"fr-FR"}]}},"_links":{"self":[{"href":"https:\/\/www.reseau-entreprendre.org\/artois\/wp-json\/wp\/v2\/pages\/15","targetHints":{"allow":["GET"]}}],"collection":[{"href":"https:\/\/www.reseau-entreprendre.org\/artois\/wp-json\/wp\/v2\/pages"}],"about":[{"href":"https:\/\/www.reseau-entreprendre.org\/artois\/wp-json\/wp\/v2\/types\/page"}],"author":[{"embeddable":true,"href":"https:\/\/www.reseau-entreprendre.org\/artois\/wp-json\/wp\/v2\/users\/45"}],"replies":[{"embeddable":true,"href":"https:\/\/www.reseau-entreprendre.org\/artois\/wp-json\/wp\/v2\/comments?post=15"}],"version-history":[{"count":0,"href":"https:\/\/www.reseau-entreprendre.org\/artois\/wp-json\/wp\/v2\/pages\/15\/revisions"}],"wp:attachment":[{"href":"https:\/\/www.reseau-entreprendre.org\/artois\/wp-json\/wp\/v2\/media?parent=15"}],"curies":[{"name":"wp","href":"https:\/\/api.w.org\/{rel}","templated":true}]}}