{"id":17,"date":"2017-04-28T12:34:01","date_gmt":"2017-04-28T10:34:01","guid":{"rendered":"http:\/\/re-preprod-entreprendre.fr\/artois\/?page_id=17"},"modified":"2025-12-03T15:28:43","modified_gmt":"2025-12-03T14:28:43","slug":"soutenir","status":"publish","type":"page","link":"https:\/\/www.reseau-entreprendre.org\/artois\/soutenir\/","title":{"rendered":"Soutenir"},"content":{"rendered":"\n<div class=\"wp-block-columns is-layout-flex wp-container-core-columns-is-layout-9d6595d7 wp-block-columns-is-layout-flex\">\n<div class=\"wp-block-column is-vertically-aligned-center is-layout-flow wp-block-column-is-layout-flow\" style=\"flex-basis:300px\"><div class=\"wp-block-image\">\n<figure class=\"aligncenter\"><img loading=\"lazy\" decoding=\"async\" width=\"300\" height=\"200\" src=\"https:\/\/www.reseau-entreprendre.org\/wp-content\/uploads\/sites\/43\/2017\/04\/REA_SOUTENIR_1-300x200.jpg\" alt=\"\" class=\"wp-image-492\" srcset=\"https:\/\/www.reseau-entreprendre.org\/artois\/wp-content\/uploads\/sites\/43\/2017\/04\/REA_SOUTENIR_1-300x200.jpg 300w, https:\/\/www.reseau-entreprendre.org\/artois\/wp-content\/uploads\/sites\/43\/2017\/04\/REA_SOUTENIR_1-768x511.jpg 768w, https:\/\/www.reseau-entreprendre.org\/artois\/wp-content\/uploads\/sites\/43\/2017\/04\/REA_SOUTENIR_1-1024x681.jpg 1024w, https:\/\/www.reseau-entreprendre.org\/artois\/wp-content\/uploads\/sites\/43\/2017\/04\/REA_SOUTENIR_1.jpg 1623w\" sizes=\"auto, (max-width: 300px) 100vw, 300px\" \/><\/figure>\n<\/div><\/div>\n\n\n\n<div class=\"wp-block-column is-layout-flow wp-block-column-is-layout-flow\">\n<p>R\u00e9seau Entreprendre Artois b\u00e9n\u00e9ficie depuis le d\u00e9marrage de l\u2019association du soutien de partenaires tr\u00e8s impliqu\u00e9s. Ils constituent un appui non n\u00e9gligeable tant au niveau financier qu\u2019au niveau de l\u2019expertise apport\u00e9e.<\/p>\n\n\n\n<p>Par exemple, l\u2019association est log\u00e9e par le Syndicat Intercommunal de la Zone Industrielle Artois Flandres \u00e0 des conditions plus que privil\u00e9gi\u00e9es, \u00e9coute et bienveillance en plus. Elle b\u00e9n\u00e9ficie de m\u00eame d\u2019un apport en nature important concernant sa comptabilit\u00e9 r\u00e9alis\u00e9e par In Extenso B\u00e9thune.<\/p>\n<\/div>\n<\/div>\n\n\n\n<p>Quatre collectivit\u00e9s locales sont des partenaires de R\u00e9seau Entreprendre Artois : Communaut\u00e9 Urbaine d&#8217;Arras, Communaut\u00e9 d\u2019Agglom\u00e9ration B\u00e9thune-Bruay Artois Lys Romane, Communaut\u00e9 d\u2019Agglom\u00e9ration Lens-Li\u00e9vin et Communaut\u00e9 d&#8217;Agglom\u00e9ration de H\u00e9nin-Carvin. Les liens avec les services \u00e9conomiques de ces grands acteurs sont fr\u00e9quents ; les \u00e9changes sur les dossiers, naturels.<\/p>\n\n\n\n<p>R\u00e9seau Entreprendre Artois \u00e9volue historiquement dans un environnement o\u00f9 les appels et renvois entre les diff\u00e9rents acteurs autour de la cr\u00e9ation et de la reprise sont courants. Cela se fait en particulier avec les plateformes Initiative, la Chambre de commerce et la Chambre des M\u00e9tiers. L\u2019association participe \u00e0 des comit\u00e9s et r\u00e9unions de ces acteurs.<\/p>\n\n\n\n<p>Les conventions sign\u00e9es par R\u00e9seau Entreprendre Artois avec les partenaires bancaires et financiers permettent de s\u00e9curiser l\u2019association mais surtout les projets, tout en apportant des dossiers \u00e0 ces partenaires. Les rencontres semestrielles avec chaque partenaire pour faire le point des relations ainsi que les \u00e9changes d\u2019informations au fil de l\u2019\u00e9volution des \u00e9tudes et de la vie des laur\u00e9ats servent \u00e0 tous. Surtout, ces relations permettent de mieux appr\u00e9hender le fonctionnement de chacun et donc d\u2019am\u00e9liorer leur compl\u00e9mentarit\u00e9. La participation aux \u00e9v\u00e8nements de l\u2019association est une occasion de mise en avant des partenariats et de rencontres des membres et laur\u00e9ats.<\/p>\n\n\n\n<p>Enfin, Total D\u00e9veloppement R\u00e9gional est un partenaire qui intervient \u00e0 la suite de l\u2019association, en s\u2019appuyant sur les \u00e9tudes de R\u00e9seau Entreprendre Artois, sous forme de pr\u00eat d\u2019honneur, quand l\u2019entreprise laur\u00e9ate est \u00e9ligible.<\/p>\n","protected":false},"excerpt":{"rendered":"<p>R\u00e9seau Entreprendre Artois b\u00e9n\u00e9ficie depuis le d\u00e9marrage de l\u2019association du<\/p>\n","protected":false},"author":45,"featured_media":0,"parent":0,"menu_order":0,"comment_status":"closed","ping_status":"closed","template":"","meta":{"_acf_changed":false,"_monsterinsights_skip_tracking":false,"_monsterinsights_sitenote_active":false,"_monsterinsights_sitenote_note":"","_monsterinsights_sitenote_category":0,"footnotes":""},"class_list":["post-17","page","type-page","status-publish","hentry"],"acf":[],"yoast_head":"<!-- This site is optimized with the Yoast SEO plugin v27.4 - https:\/\/yoast.com\/product\/yoast-seo-wordpress\/ -->\n<title>Soutenir | Reseau Entreprendre Artois<\/title>\n<meta name=\"description\" content=\"Partenaire, vous souhaitez soutenir un r\u00e9seau 100% chefs d&#039;entreprise ? Rejoignez R\u00e9seau Entreprendre Artois\" \/>\n<meta name=\"robots\" content=\"index, follow, max-snippet:-1, max-image-preview:large, max-video-preview:-1\" \/>\n<link rel=\"canonical\" href=\"https:\/\/www.reseau-entreprendre.org\/artois\/soutenir\/\" \/>\n<meta property=\"og:locale\" content=\"fr_FR\" \/>\n<meta property=\"og:type\" content=\"article\" \/>\n<meta property=\"og:title\" content=\"Soutenir | Reseau Entreprendre Artois\" \/>\n<meta property=\"og:description\" content=\"Partenaire, vous souhaitez soutenir un r\u00e9seau 100% chefs d&#039;entreprise ? Rejoignez R\u00e9seau Entreprendre Artois\" \/>\n<meta property=\"og:url\" content=\"https:\/\/www.reseau-entreprendre.org\/artois\/soutenir\/\" \/>\n<meta property=\"og:site_name\" content=\"R\u00e9seau Entreprendre Artois\" \/>\n<meta property=\"article:modified_time\" content=\"2025-12-03T14:28:43+00:00\" \/>\n<meta property=\"og:image\" content=\"https:\/\/www.reseau-entreprendre.org\/artois\/wp-content\/uploads\/sites\/43\/2017\/04\/REA_SOUTENIR_1.jpg\" \/>\n\t<meta property=\"og:image:width\" content=\"1623\" \/>\n\t<meta property=\"og:image:height\" content=\"1080\" \/>\n\t<meta property=\"og:image:type\" content=\"image\/jpeg\" \/>\n<meta name=\"twitter:card\" content=\"summary_large_image\" \/>\n<meta name=\"twitter:label1\" content=\"Dur\u00e9e de lecture estim\u00e9e\" \/>\n\t<meta name=\"twitter:data1\" content=\"2 minutes\" \/>\n<script type=\"application\/ld+json\" class=\"yoast-schema-graph\">{\"@context\":\"https:\\\/\\\/schema.org\",\"@graph\":[{\"@type\":\"WebPage\",\"@id\":\"https:\\\/\\\/www.reseau-entreprendre.org\\\/artois\\\/soutenir\\\/\",\"url\":\"https:\\\/\\\/www.reseau-entreprendre.org\\\/artois\\\/soutenir\\\/\",\"name\":\"Soutenir | Reseau Entreprendre Artois\",\"isPartOf\":{\"@id\":\"https:\\\/\\\/www.reseau-entreprendre.org\\\/artois\\\/#website\"},\"primaryImageOfPage\":{\"@id\":\"https:\\\/\\\/www.reseau-entreprendre.org\\\/artois\\\/soutenir\\\/#primaryimage\"},\"image\":{\"@id\":\"https:\\\/\\\/www.reseau-entreprendre.org\\\/artois\\\/soutenir\\\/#primaryimage\"},\"thumbnailUrl\":\"https:\\\/\\\/www.reseau-entreprendre.org\\\/wp-content\\\/uploads\\\/sites\\\/43\\\/2017\\\/04\\\/REA_SOUTENIR_1-300x200.jpg\",\"datePublished\":\"2017-04-28T10:34:01+00:00\",\"dateModified\":\"2025-12-03T14:28:43+00:00\",\"description\":\"Partenaire, vous souhaitez soutenir un r\u00e9seau 100% chefs d'entreprise ? Rejoignez R\u00e9seau Entreprendre Artois\",\"breadcrumb\":{\"@id\":\"https:\\\/\\\/www.reseau-entreprendre.org\\\/artois\\\/soutenir\\\/#breadcrumb\"},\"inLanguage\":\"fr-FR\",\"potentialAction\":[{\"@type\":\"ReadAction\",\"target\":[\"https:\\\/\\\/www.reseau-entreprendre.org\\\/artois\\\/soutenir\\\/\"]}]},{\"@type\":\"ImageObject\",\"inLanguage\":\"fr-FR\",\"@id\":\"https:\\\/\\\/www.reseau-entreprendre.org\\\/artois\\\/soutenir\\\/#primaryimage\",\"url\":\"https:\\\/\\\/www.reseau-entreprendre.org\\\/wp-content\\\/uploads\\\/sites\\\/43\\\/2017\\\/04\\\/REA_SOUTENIR_1-300x200.jpg\",\"contentUrl\":\"https:\\\/\\\/www.reseau-entreprendre.org\\\/wp-content\\\/uploads\\\/sites\\\/43\\\/2017\\\/04\\\/REA_SOUTENIR_1-300x200.jpg\"},{\"@type\":\"BreadcrumbList\",\"@id\":\"https:\\\/\\\/www.reseau-entreprendre.org\\\/artois\\\/soutenir\\\/#breadcrumb\",\"itemListElement\":[{\"@type\":\"ListItem\",\"position\":1,\"name\":\"Accueil\",\"item\":\"https:\\\/\\\/www.reseau-entreprendre.org\\\/artois\\\/\"},{\"@type\":\"ListItem\",\"position\":2,\"name\":\"Soutenir\"}]},{\"@type\":\"WebSite\",\"@id\":\"https:\\\/\\\/www.reseau-entreprendre.org\\\/artois\\\/#website\",\"url\":\"https:\\\/\\\/www.reseau-entreprendre.org\\\/artois\\\/\",\"name\":\"R\u00e9seau Entreprendre Artois\",\"description\":\"Un site utilisant Les sites de R\u00e9seau Entreprendre\",\"potentialAction\":[{\"@type\":\"SearchAction\",\"target\":{\"@type\":\"EntryPoint\",\"urlTemplate\":\"https:\\\/\\\/www.reseau-entreprendre.org\\\/artois\\\/?s={search_term_string}\"},\"query-input\":{\"@type\":\"PropertyValueSpecification\",\"valueRequired\":true,\"valueName\":\"search_term_string\"}}],\"inLanguage\":\"fr-FR\"}]}<\/script>\n<!-- \/ Yoast SEO plugin. -->","yoast_head_json":{"title":"Soutenir | Reseau Entreprendre Artois","description":"Partenaire, vous souhaitez soutenir un r\u00e9seau 100% chefs d'entreprise ? Rejoignez R\u00e9seau Entreprendre Artois","robots":{"index":"index","follow":"follow","max-snippet":"max-snippet:-1","max-image-preview":"max-image-preview:large","max-video-preview":"max-video-preview:-1"},"canonical":"https:\/\/www.reseau-entreprendre.org\/artois\/soutenir\/","og_locale":"fr_FR","og_type":"article","og_title":"Soutenir | Reseau Entreprendre Artois","og_description":"Partenaire, vous souhaitez soutenir un r\u00e9seau 100% chefs d'entreprise ? Rejoignez R\u00e9seau Entreprendre Artois","og_url":"https:\/\/www.reseau-entreprendre.org\/artois\/soutenir\/","og_site_name":"R\u00e9seau Entreprendre Artois","article_modified_time":"2025-12-03T14:28:43+00:00","og_image":[{"width":1623,"height":1080,"url":"https:\/\/www.reseau-entreprendre.org\/artois\/wp-content\/uploads\/sites\/43\/2017\/04\/REA_SOUTENIR_1.jpg","type":"image\/jpeg"}],"twitter_card":"summary_large_image","twitter_misc":{"Dur\u00e9e de lecture estim\u00e9e":"2 minutes"},"schema":{"@context":"https:\/\/schema.org","@graph":[{"@type":"WebPage","@id":"https:\/\/www.reseau-entreprendre.org\/artois\/soutenir\/","url":"https:\/\/www.reseau-entreprendre.org\/artois\/soutenir\/","name":"Soutenir | Reseau Entreprendre Artois","isPartOf":{"@id":"https:\/\/www.reseau-entreprendre.org\/artois\/#website"},"primaryImageOfPage":{"@id":"https:\/\/www.reseau-entreprendre.org\/artois\/soutenir\/#primaryimage"},"image":{"@id":"https:\/\/www.reseau-entreprendre.org\/artois\/soutenir\/#primaryimage"},"thumbnailUrl":"https:\/\/www.reseau-entreprendre.org\/wp-content\/uploads\/sites\/43\/2017\/04\/REA_SOUTENIR_1-300x200.jpg","datePublished":"2017-04-28T10:34:01+00:00","dateModified":"2025-12-03T14:28:43+00:00","description":"Partenaire, vous souhaitez soutenir un r\u00e9seau 100% chefs d'entreprise ? Rejoignez R\u00e9seau Entreprendre Artois","breadcrumb":{"@id":"https:\/\/www.reseau-entreprendre.org\/artois\/soutenir\/#breadcrumb"},"inLanguage":"fr-FR","potentialAction":[{"@type":"ReadAction","target":["https:\/\/www.reseau-entreprendre.org\/artois\/soutenir\/"]}]},{"@type":"ImageObject","inLanguage":"fr-FR","@id":"https:\/\/www.reseau-entreprendre.org\/artois\/soutenir\/#primaryimage","url":"https:\/\/www.reseau-entreprendre.org\/wp-content\/uploads\/sites\/43\/2017\/04\/REA_SOUTENIR_1-300x200.jpg","contentUrl":"https:\/\/www.reseau-entreprendre.org\/wp-content\/uploads\/sites\/43\/2017\/04\/REA_SOUTENIR_1-300x200.jpg"},{"@type":"BreadcrumbList","@id":"https:\/\/www.reseau-entreprendre.org\/artois\/soutenir\/#breadcrumb","itemListElement":[{"@type":"ListItem","position":1,"name":"Accueil","item":"https:\/\/www.reseau-entreprendre.org\/artois\/"},{"@type":"ListItem","position":2,"name":"Soutenir"}]},{"@type":"WebSite","@id":"https:\/\/www.reseau-entreprendre.org\/artois\/#website","url":"https:\/\/www.reseau-entreprendre.org\/artois\/","name":"R\u00e9seau Entreprendre Artois","description":"Un site utilisant Les sites de R\u00e9seau Entreprendre","potentialAction":[{"@type":"SearchAction","target":{"@type":"EntryPoint","urlTemplate":"https:\/\/www.reseau-entreprendre.org\/artois\/?s={search_term_string}"},"query-input":{"@type":"PropertyValueSpecification","valueRequired":true,"valueName":"search_term_string"}}],"inLanguage":"fr-FR"}]}},"_links":{"self":[{"href":"https:\/\/www.reseau-entreprendre.org\/artois\/wp-json\/wp\/v2\/pages\/17","targetHints":{"allow":["GET"]}}],"collection":[{"href":"https:\/\/www.reseau-entreprendre.org\/artois\/wp-json\/wp\/v2\/pages"}],"about":[{"href":"https:\/\/www.reseau-entreprendre.org\/artois\/wp-json\/wp\/v2\/types\/page"}],"author":[{"embeddable":true,"href":"https:\/\/www.reseau-entreprendre.org\/artois\/wp-json\/wp\/v2\/users\/45"}],"replies":[{"embeddable":true,"href":"https:\/\/www.reseau-entreprendre.org\/artois\/wp-json\/wp\/v2\/comments?post=17"}],"version-history":[{"count":0,"href":"https:\/\/www.reseau-entreprendre.org\/artois\/wp-json\/wp\/v2\/pages\/17\/revisions"}],"wp:attachment":[{"href":"https:\/\/www.reseau-entreprendre.org\/artois\/wp-json\/wp\/v2\/media?parent=17"}],"curies":[{"name":"wp","href":"https:\/\/api.w.org\/{rel}","templated":true}]}}