{"id":92,"date":"2022-01-06T12:00:00","date_gmt":"2022-01-06T11:00:00","guid":{"rendered":"http:\/\/re-preprod-entreprendre.fr\/artois\/?page_id=92"},"modified":"2026-02-02T10:34:38","modified_gmt":"2026-02-02T09:34:38","slug":"reseau-entreprendre-artois-notre-reseau","status":"publish","type":"page","link":"https:\/\/www.reseau-entreprendre.org\/artois\/reseau-entreprendre-artois-notre-reseau\/","title":{"rendered":"Notre RESEAU"},"content":{"rendered":"\n<h2 class=\"wp-block-heading\">Qui sont-ils ?<\/h2>\n\n\n\n<p>R\u00e9seau Entreprendre est une v\u00e9ritable fabrique \u00e0 succ\u00e8s (Michel &amp; Augustin, Envie de Fraise, My Little Paris, 727Sailbags, Guest to Guest, Sushi Daily, G\u00e9olid, Good Go\u00fbt, Mano Mano&#8230;). <\/p>\n\n\n\n<p>Derri\u00e8re ces belles histoires, des chefs d&#8217;entreprise b\u00e9n\u00e9voles, membres, et engag\u00e9s pour accompagner nos laur\u00e9ats, porteurs de projets, sur le chemin de l&#8217;entrepreneuriat. <\/p>\n","protected":false},"excerpt":{"rendered":"<p>Qui sont-ils ? R\u00e9seau Entreprendre est une v\u00e9ritable fabrique \u00e0<\/p>\n","protected":false},"author":45,"featured_media":0,"parent":0,"menu_order":0,"comment_status":"closed","ping_status":"closed","template":"views\/testimonials.blade.php","meta":{"_acf_changed":false,"_monsterinsights_skip_tracking":false,"_monsterinsights_sitenote_active":false,"_monsterinsights_sitenote_note":"","_monsterinsights_sitenote_category":0,"footnotes":""},"class_list":["post-92","page","type-page","status-publish","hentry"],"acf":[],"yoast_head":"<!-- This site is optimized with the Yoast SEO plugin v27.4 - https:\/\/yoast.com\/product\/yoast-seo-wordpress\/ -->\n<title>Notre communaut\u00e9 | Reseau Entreprendre Artois\u00ae<\/title>\n<meta name=\"description\" content=\"D\u00e9couvrez les chefs d&#039;entreprises, laur\u00e9ats, membres b\u00e9n\u00e9voles et partenaires qui composent la communaut\u00e9 R\u00e9seau Entreprendre Artois\u00ae\" \/>\n<meta name=\"robots\" content=\"index, follow, max-snippet:-1, max-image-preview:large, max-video-preview:-1\" \/>\n<link rel=\"canonical\" href=\"https:\/\/www.reseau-entreprendre.org\/artois\/reseau-entreprendre-artois-notre-reseau\/\" \/>\n<meta property=\"og:locale\" content=\"fr_FR\" \/>\n<meta property=\"og:type\" content=\"article\" \/>\n<meta property=\"og:title\" content=\"Notre communaut\u00e9 | Reseau Entreprendre Artois\u00ae\" \/>\n<meta property=\"og:description\" content=\"D\u00e9couvrez les chefs d&#039;entreprises, laur\u00e9ats, membres b\u00e9n\u00e9voles et partenaires qui composent la communaut\u00e9 R\u00e9seau Entreprendre Artois\u00ae\" \/>\n<meta property=\"og:url\" content=\"https:\/\/www.reseau-entreprendre.org\/artois\/reseau-entreprendre-artois-notre-reseau\/\" \/>\n<meta property=\"og:site_name\" content=\"R\u00e9seau Entreprendre Artois\" \/>\n<meta property=\"article:modified_time\" content=\"2026-02-02T09:34:38+00:00\" \/>\n<meta name=\"twitter:card\" content=\"summary_large_image\" \/>\n<meta name=\"twitter:label1\" content=\"Dur\u00e9e de lecture estim\u00e9e\" \/>\n\t<meta name=\"twitter:data1\" content=\"1 minute\" \/>\n<script type=\"application\/ld+json\" class=\"yoast-schema-graph\">{\"@context\":\"https:\\\/\\\/schema.org\",\"@graph\":[{\"@type\":\"WebPage\",\"@id\":\"https:\\\/\\\/www.reseau-entreprendre.org\\\/artois\\\/reseau-entreprendre-artois-notre-reseau\\\/\",\"url\":\"https:\\\/\\\/www.reseau-entreprendre.org\\\/artois\\\/reseau-entreprendre-artois-notre-reseau\\\/\",\"name\":\"Notre communaut\u00e9 | Reseau Entreprendre Artois\u00ae\",\"isPartOf\":{\"@id\":\"https:\\\/\\\/www.reseau-entreprendre.org\\\/artois\\\/#website\"},\"datePublished\":\"2022-01-06T11:00:00+00:00\",\"dateModified\":\"2026-02-02T09:34:38+00:00\",\"description\":\"D\u00e9couvrez les chefs d'entreprises, laur\u00e9ats, membres b\u00e9n\u00e9voles et partenaires qui composent la communaut\u00e9 R\u00e9seau Entreprendre Artois\u00ae\",\"breadcrumb\":{\"@id\":\"https:\\\/\\\/www.reseau-entreprendre.org\\\/artois\\\/reseau-entreprendre-artois-notre-reseau\\\/#breadcrumb\"},\"inLanguage\":\"fr-FR\",\"potentialAction\":[{\"@type\":\"ReadAction\",\"target\":[\"https:\\\/\\\/www.reseau-entreprendre.org\\\/artois\\\/reseau-entreprendre-artois-notre-reseau\\\/\"]}]},{\"@type\":\"BreadcrumbList\",\"@id\":\"https:\\\/\\\/www.reseau-entreprendre.org\\\/artois\\\/reseau-entreprendre-artois-notre-reseau\\\/#breadcrumb\",\"itemListElement\":[{\"@type\":\"ListItem\",\"position\":1,\"name\":\"Accueil\",\"item\":\"https:\\\/\\\/www.reseau-entreprendre.org\\\/artois\\\/\"},{\"@type\":\"ListItem\",\"position\":2,\"name\":\"Notre RESEAU\"}]},{\"@type\":\"WebSite\",\"@id\":\"https:\\\/\\\/www.reseau-entreprendre.org\\\/artois\\\/#website\",\"url\":\"https:\\\/\\\/www.reseau-entreprendre.org\\\/artois\\\/\",\"name\":\"R\u00e9seau Entreprendre Artois\",\"description\":\"Un site utilisant Les sites de R\u00e9seau Entreprendre\",\"potentialAction\":[{\"@type\":\"SearchAction\",\"target\":{\"@type\":\"EntryPoint\",\"urlTemplate\":\"https:\\\/\\\/www.reseau-entreprendre.org\\\/artois\\\/?s={search_term_string}\"},\"query-input\":{\"@type\":\"PropertyValueSpecification\",\"valueRequired\":true,\"valueName\":\"search_term_string\"}}],\"inLanguage\":\"fr-FR\"}]}<\/script>\n<!-- \/ Yoast SEO plugin. -->","yoast_head_json":{"title":"Notre communaut\u00e9 | Reseau Entreprendre Artois\u00ae","description":"D\u00e9couvrez les chefs d'entreprises, laur\u00e9ats, membres b\u00e9n\u00e9voles et partenaires qui composent la communaut\u00e9 R\u00e9seau Entreprendre Artois\u00ae","robots":{"index":"index","follow":"follow","max-snippet":"max-snippet:-1","max-image-preview":"max-image-preview:large","max-video-preview":"max-video-preview:-1"},"canonical":"https:\/\/www.reseau-entreprendre.org\/artois\/reseau-entreprendre-artois-notre-reseau\/","og_locale":"fr_FR","og_type":"article","og_title":"Notre communaut\u00e9 | Reseau Entreprendre Artois\u00ae","og_description":"D\u00e9couvrez les chefs d'entreprises, laur\u00e9ats, membres b\u00e9n\u00e9voles et partenaires qui composent la communaut\u00e9 R\u00e9seau Entreprendre Artois\u00ae","og_url":"https:\/\/www.reseau-entreprendre.org\/artois\/reseau-entreprendre-artois-notre-reseau\/","og_site_name":"R\u00e9seau Entreprendre Artois","article_modified_time":"2026-02-02T09:34:38+00:00","twitter_card":"summary_large_image","twitter_misc":{"Dur\u00e9e de lecture estim\u00e9e":"1 minute"},"schema":{"@context":"https:\/\/schema.org","@graph":[{"@type":"WebPage","@id":"https:\/\/www.reseau-entreprendre.org\/artois\/reseau-entreprendre-artois-notre-reseau\/","url":"https:\/\/www.reseau-entreprendre.org\/artois\/reseau-entreprendre-artois-notre-reseau\/","name":"Notre communaut\u00e9 | Reseau Entreprendre Artois\u00ae","isPartOf":{"@id":"https:\/\/www.reseau-entreprendre.org\/artois\/#website"},"datePublished":"2022-01-06T11:00:00+00:00","dateModified":"2026-02-02T09:34:38+00:00","description":"D\u00e9couvrez les chefs d'entreprises, laur\u00e9ats, membres b\u00e9n\u00e9voles et partenaires qui composent la communaut\u00e9 R\u00e9seau Entreprendre Artois\u00ae","breadcrumb":{"@id":"https:\/\/www.reseau-entreprendre.org\/artois\/reseau-entreprendre-artois-notre-reseau\/#breadcrumb"},"inLanguage":"fr-FR","potentialAction":[{"@type":"ReadAction","target":["https:\/\/www.reseau-entreprendre.org\/artois\/reseau-entreprendre-artois-notre-reseau\/"]}]},{"@type":"BreadcrumbList","@id":"https:\/\/www.reseau-entreprendre.org\/artois\/reseau-entreprendre-artois-notre-reseau\/#breadcrumb","itemListElement":[{"@type":"ListItem","position":1,"name":"Accueil","item":"https:\/\/www.reseau-entreprendre.org\/artois\/"},{"@type":"ListItem","position":2,"name":"Notre RESEAU"}]},{"@type":"WebSite","@id":"https:\/\/www.reseau-entreprendre.org\/artois\/#website","url":"https:\/\/www.reseau-entreprendre.org\/artois\/","name":"R\u00e9seau Entreprendre Artois","description":"Un site utilisant Les sites de R\u00e9seau Entreprendre","potentialAction":[{"@type":"SearchAction","target":{"@type":"EntryPoint","urlTemplate":"https:\/\/www.reseau-entreprendre.org\/artois\/?s={search_term_string}"},"query-input":{"@type":"PropertyValueSpecification","valueRequired":true,"valueName":"search_term_string"}}],"inLanguage":"fr-FR"}]}},"_links":{"self":[{"href":"https:\/\/www.reseau-entreprendre.org\/artois\/wp-json\/wp\/v2\/pages\/92","targetHints":{"allow":["GET"]}}],"collection":[{"href":"https:\/\/www.reseau-entreprendre.org\/artois\/wp-json\/wp\/v2\/pages"}],"about":[{"href":"https:\/\/www.reseau-entreprendre.org\/artois\/wp-json\/wp\/v2\/types\/page"}],"author":[{"embeddable":true,"href":"https:\/\/www.reseau-entreprendre.org\/artois\/wp-json\/wp\/v2\/users\/45"}],"replies":[{"embeddable":true,"href":"https:\/\/www.reseau-entreprendre.org\/artois\/wp-json\/wp\/v2\/comments?post=92"}],"version-history":[{"count":0,"href":"https:\/\/www.reseau-entreprendre.org\/artois\/wp-json\/wp\/v2\/pages\/92\/revisions"}],"wp:attachment":[{"href":"https:\/\/www.reseau-entreprendre.org\/artois\/wp-json\/wp\/v2\/media?parent=92"}],"curies":[{"name":"wp","href":"https:\/\/api.w.org\/{rel}","templated":true}]}}