{"id":11,"date":"2017-04-28T12:33:20","date_gmt":"2017-04-28T10:33:20","guid":{"rendered":"https:\/\/www.reseau-entreprendre.org\/atlantique\/?page_id=11"},"modified":"2025-05-09T12:28:45","modified_gmt":"2025-05-09T10:28:45","slug":"qui-sommes-nous","status":"publish","type":"page","link":"https:\/\/www.reseau-entreprendre.org\/atlantique\/qui-sommes-nous\/","title":{"rendered":"Qui sommes-nous ?"},"content":{"rendered":"\n<h2 class=\"wp-block-heading has-re-red-color has-text-color has-medium-font-size\"><strong>L&#8217;expert de l&#8217;accompagnement entrepreneurial <\/strong><\/h2>\n\n\n\n<p>R\u00e9seau Entreprendre Atlantique est une association priv\u00e9e de plus de 350 chefs d\u2019entreprise qui accompagne gratuitement les cr\u00e9ateurs, repreneurs et d\u00e9veloppeurs de PME, \u00e0 fort potentiel de cr\u00e9ation d\u2019emplois, de tous secteurs d&#8217;activit\u00e9.  <\/p>\n\n\n\n<p>Depuis 1999, notre r\u00e9seau d&#8217;entrepreneurs b\u00e9n\u00e9voles reconnu d&#8217;utilit\u00e9 publique a accompagn\u00e9 plus de 600 projets (Conserto, Akeneo, Delta Meca, Speach.me, Be App, N&#8217;Go Shoes, etc.). Il a aussi particip\u00e9 \u00e0 la cr\u00e9ation ou au maintien de plus de 10 000 emplois. <\/p>\n\n\n\n<p>Aujourd\u2019hui, l\u2019Association occupe une place de r\u00e9f\u00e9rence dans l\u2019\u00e9cosyst\u00e8me \u00e9conomique du territoire de Loire-Atlantique.<\/p>\n\n\n\n<div style=\"height:40px\" aria-hidden=\"true\" class=\"wp-block-spacer\"><\/div>\n\n\n\n<h2 class=\"wp-block-heading has-re-red-color has-text-color has-medium-font-size\"><strong>Notre ADN et philosophie <\/strong><\/h2>\n\n\n\n<p>Un ADN fonci\u00e8rement humaniste et qui se traduit par une convivialit\u00e9 et un partage, une proximit\u00e9 et une solidarit\u00e9 reconnue par l\u2019ensemble des membres et entrepreneurs accompagn\u00e9s.<\/p>\n\n\n\n<p>\u00ab&nbsp;Parce qu\u2019aucun entrepreneur ne doit rester seul&nbsp;\u00bb !<\/p>\n\n\n\n<div style=\"height:26px\" aria-hidden=\"true\" class=\"wp-block-spacer\"><\/div>\n\n\n\n<div class=\"wp-block-group p-5 has-background\" style=\"background-color:#f8f8fc\"><div class=\"wp-block-group__inner-container\">\n<h3 class=\"has-text-align-center\"><strong>Nos valeurs<\/strong><\/h3>\n\n\n\n<div style=\"height:19px\" aria-hidden=\"true\" class=\"wp-block-spacer\"><\/div>\n\n\n\n<div class=\"wp-block-columns mb-0\">\n<div class=\"wp-block-column\">\n<div class=\"wp-block-image mb-0\"><figure class=\"aligncenter size-full\"><img decoding=\"async\" loading=\"lazy\" src=\"https:\/\/www.reseau-entreprendre.org\/nord\/wp-content\/uploads\/sites\/40\/2020\/02\/1b-1.png\" alt=\"\" class=\"wp-image-3859\" width=\"120\" height=\"100\"><\/figure><\/div>\n\n\n\n<p class=\"has-text-align-center has-re-blue-color has-text-color\"><strong>LA PERSONNE<\/strong><\/p>\n\n\n\n<p class=\"has-text-align-center has-normal-font-size\">L\u2019important, c\u2019est la personne.<br>Avant la qualit\u00e9 du projet qu\u2019elle porte, c\u2019est la personne qui mobilise le soutien des chefs d\u2019entreprise.<\/p>\n<\/div>\n\n\n\n<div class=\"wp-block-column\">\n<div class=\"wp-block-image mb-0\"><figure class=\"aligncenter size-full\"><img decoding=\"async\" loading=\"lazy\" src=\"https:\/\/www.reseau-entreprendre.org\/nord\/wp-content\/uploads\/sites\/40\/2020\/02\/2b-1.png\" alt=\"\" class=\"wp-image-3860\" width=\"120\" height=\"100\"><\/figure><\/div>\n\n\n\n<p class=\"has-text-align-center has-re-red-color has-text-color\"><strong>LA GRATUIT\u00c9<\/strong><\/p>\n\n\n\n<p class=\"has-text-align-center has-normal-font-size\">Le principe, c\u2019est la gratuit\u00e9.<br>L\u2019accompagnement humain et financier est offert aux cr\u00e9ateurs et repreneurs.<\/p>\n<\/div>\n\n\n\n<div class=\"wp-block-column\">\n<div class=\"wp-block-image mb-0\"><figure class=\"aligncenter size-full\"><img decoding=\"async\" loading=\"lazy\" src=\"https:\/\/www.reseau-entreprendre.org\/nord\/wp-content\/uploads\/sites\/40\/2020\/02\/3b-1.png\" alt=\"\" class=\"wp-image-3861\" width=\"120\" height=\"100\"><\/figure><\/div>\n\n\n\n<p class=\"has-text-align-center has-re-yellow-color has-text-color\"><strong>LA R\u00c9CIPROCIT\u00c9<\/strong><\/p>\n\n\n\n<p class=\"has-text-align-center has-normal-font-size\">L\u2019esprit, c\u2019est la r\u00e9ciprocit\u00e9.<br>Les Laur\u00e9ats sont invit\u00e9s \u00e0 rendre demain \u00e0 d\u2019autres ce qu\u2019ils re\u00e7oivent aujourd\u2019hui.<\/p>\n<\/div>\n<\/div>\n<\/div><\/div>\n\n\n\n<div style=\"height:52px\" aria-hidden=\"true\" class=\"wp-block-spacer\"><\/div>\n\n\n\n<h2 class=\"wp-block-heading has-re-red-color has-text-color has-medium-font-size\"><strong>Notre m\u00e9thode <\/strong><\/h2>\n\n\n\n<p>Un accompagnement 100% chefs d\u2019entreprise, avec des m\u00e9thodes d\u2019entreprise. Au c\u0153ur de notre action&nbsp;: professionnalisme, exigence et responsabilit\u00e9, bienveillance.<\/p>\n\n\n\n<p>Le but&nbsp;? Faire grandir les personnes accompagn\u00e9es (appel\u00e9es \u00ab&nbsp;laur\u00e9ats&nbsp;\u00bb) dans leur m\u00e9tier de chef d\u2019entreprise. <\/p>\n\n\n\n<div style=\"height:19px\" aria-hidden=\"true\" class=\"wp-block-spacer\"><\/div>\n\n\n\n<p>3 axes d&#8217;accompagnement&nbsp;:<\/p>\n\n\n\n<ul class=\"wp-block-list\">\n<li><strong>Accompagnement financier<\/strong>&nbsp;: Pr\u00eat d\u2019honneur \u00e0 taux 0% \u00e0 la personne<\/li>\n<\/ul>\n\n\n\n<ul class=\"wp-block-list\">\n<li><strong>Accompagnement individuel<\/strong>&nbsp;: A tous les stades de la vie du projet entrepreneurial, finalisation du montage du projet d\u2019entreprise, d\u00e9marrage, d\u00e9veloppement, croissance<\/li>\n<\/ul>\n\n\n\n<ul class=\"wp-block-list\">\n<li><strong>Accompagnement collectif<\/strong>&nbsp;: Pour une mise en r\u00e9seau, un \u00e9change entre pairs et un partage mutualis\u00e9 des exp\u00e9riences et expertises<\/li>\n<\/ul>\n\n\n\n<div style=\"height:40px\" aria-hidden=\"true\" class=\"wp-block-spacer\"><\/div>\n\n\n\n<h2 class=\"wp-block-heading has-re-red-color has-text-color has-medium-font-size\"><strong>Le Conseil d&#8217;administration<\/strong><\/h2>\n\n\n\n<div style=\"height:23px\" aria-hidden=\"true\" class=\"wp-block-spacer\"><\/div>\n\n\n<div class=\"wp-block-image\">\n<figure class=\"aligncenter size-large\"><img loading=\"lazy\" decoding=\"async\" width=\"1024\" height=\"576\" src=\"https:\/\/www.reseau-entreprendre.org\/atlantique\/wp-content\/uploads\/sites\/44\/2025\/05\/2025_CA-1024x576.png\" alt=\"\" class=\"wp-image-3924\" srcset=\"https:\/\/www.reseau-entreprendre.org\/atlantique\/wp-content\/uploads\/sites\/44\/2025\/05\/2025_CA-1024x576.png 1024w, https:\/\/www.reseau-entreprendre.org\/atlantique\/wp-content\/uploads\/sites\/44\/2025\/05\/2025_CA-300x169.png 300w, https:\/\/www.reseau-entreprendre.org\/atlantique\/wp-content\/uploads\/sites\/44\/2025\/05\/2025_CA-768x432.png 768w, https:\/\/www.reseau-entreprendre.org\/atlantique\/wp-content\/uploads\/sites\/44\/2025\/05\/2025_CA-1536x864.png 1536w, https:\/\/www.reseau-entreprendre.org\/atlantique\/wp-content\/uploads\/sites\/44\/2025\/05\/2025_CA-210x118.png 210w, https:\/\/www.reseau-entreprendre.org\/atlantique\/wp-content\/uploads\/sites\/44\/2025\/05\/2025_CA-100x56.png 100w, https:\/\/www.reseau-entreprendre.org\/atlantique\/wp-content\/uploads\/sites\/44\/2025\/05\/2025_CA.png 1920w\" sizes=\"auto, (max-width: 1024px) 100vw, 1024px\" \/><\/figure>\n<\/div>\n\n\n<figure class=\"wp-block-gallery has-nested-images columns-default is-cropped wp-block-gallery-1 is-layout-flex wp-block-gallery-is-layout-flex\"><\/figure>\n","protected":false},"excerpt":{"rendered":"<p>L&#8217;expert de l&#8217;accompagnement entrepreneurial R\u00e9seau Entreprendre Atlantique est une association<\/p>\n","protected":false},"author":46,"featured_media":0,"parent":0,"menu_order":0,"comment_status":"closed","ping_status":"closed","template":"","meta":{"_acf_changed":false,"_monsterinsights_skip_tracking":false,"_monsterinsights_sitenote_active":false,"_monsterinsights_sitenote_note":"","_monsterinsights_sitenote_category":0,"footnotes":""},"class_list":["post-11","page","type-page","status-publish","hentry"],"acf":[],"yoast_head":"<!-- This site is optimized with the Yoast SEO plugin v27.4 - https:\/\/yoast.com\/product\/yoast-seo-wordpress\/ -->\n<title>Qui sommes-nous ? | Reseau Entreprendre Atlantique<\/title>\n<meta name=\"description\" content=\"R\u00e9seau Entreprendre Atlantique est l&#039;association 100% chefs d&#039;entreprise, expert de l&#039;accompagnement entrepreneurial des cr\u00e9ateurs d&#039;emplois.\" \/>\n<meta name=\"robots\" content=\"index, follow, max-snippet:-1, max-image-preview:large, max-video-preview:-1\" \/>\n<link rel=\"canonical\" href=\"https:\/\/www.reseau-entreprendre.org\/atlantique\/qui-sommes-nous\/\" \/>\n<meta property=\"og:locale\" content=\"fr_FR\" \/>\n<meta property=\"og:type\" content=\"article\" \/>\n<meta property=\"og:title\" content=\"Qui sommes-nous ? | Reseau Entreprendre Atlantique\" \/>\n<meta property=\"og:description\" content=\"R\u00e9seau Entreprendre Atlantique est l&#039;association 100% chefs d&#039;entreprise, expert de l&#039;accompagnement entrepreneurial des cr\u00e9ateurs d&#039;emplois.\" \/>\n<meta property=\"og:url\" content=\"https:\/\/www.reseau-entreprendre.org\/atlantique\/qui-sommes-nous\/\" \/>\n<meta property=\"og:site_name\" content=\"R\u00e9seau Entreprendre Atlantique\" \/>\n<meta property=\"article:modified_time\" content=\"2025-05-09T10:28:45+00:00\" \/>\n<meta name=\"twitter:card\" content=\"summary_large_image\" \/>\n<meta name=\"twitter:label1\" content=\"Dur\u00e9e de lecture estim\u00e9e\" \/>\n\t<meta name=\"twitter:data1\" content=\"3 minutes\" \/>\n<script type=\"application\/ld+json\" class=\"yoast-schema-graph\">{\"@context\":\"https:\\\/\\\/schema.org\",\"@graph\":[{\"@type\":\"WebPage\",\"@id\":\"https:\\\/\\\/www.reseau-entreprendre.org\\\/atlantique\\\/qui-sommes-nous\\\/\",\"url\":\"https:\\\/\\\/www.reseau-entreprendre.org\\\/atlantique\\\/qui-sommes-nous\\\/\",\"name\":\"Qui sommes-nous ? | Reseau Entreprendre Atlantique\",\"isPartOf\":{\"@id\":\"https:\\\/\\\/www.reseau-entreprendre.org\\\/atlantique\\\/#website\"},\"primaryImageOfPage\":{\"@id\":\"https:\\\/\\\/www.reseau-entreprendre.org\\\/atlantique\\\/qui-sommes-nous\\\/#primaryimage\"},\"image\":{\"@id\":\"https:\\\/\\\/www.reseau-entreprendre.org\\\/atlantique\\\/qui-sommes-nous\\\/#primaryimage\"},\"thumbnailUrl\":\"https:\\\/\\\/www.reseau-entreprendre.org\\\/nord\\\/wp-content\\\/uploads\\\/sites\\\/40\\\/2020\\\/02\\\/1b-1.png\",\"datePublished\":\"2017-04-28T10:33:20+00:00\",\"dateModified\":\"2025-05-09T10:28:45+00:00\",\"description\":\"R\u00e9seau Entreprendre Atlantique est l'association 100% chefs d'entreprise, expert de l'accompagnement entrepreneurial des cr\u00e9ateurs d'emplois.\",\"breadcrumb\":{\"@id\":\"https:\\\/\\\/www.reseau-entreprendre.org\\\/atlantique\\\/qui-sommes-nous\\\/#breadcrumb\"},\"inLanguage\":\"fr-FR\",\"potentialAction\":[{\"@type\":\"ReadAction\",\"target\":[\"https:\\\/\\\/www.reseau-entreprendre.org\\\/atlantique\\\/qui-sommes-nous\\\/\"]}]},{\"@type\":\"ImageObject\",\"inLanguage\":\"fr-FR\",\"@id\":\"https:\\\/\\\/www.reseau-entreprendre.org\\\/atlantique\\\/qui-sommes-nous\\\/#primaryimage\",\"url\":\"https:\\\/\\\/www.reseau-entreprendre.org\\\/nord\\\/wp-content\\\/uploads\\\/sites\\\/40\\\/2020\\\/02\\\/1b-1.png\",\"contentUrl\":\"https:\\\/\\\/www.reseau-entreprendre.org\\\/nord\\\/wp-content\\\/uploads\\\/sites\\\/40\\\/2020\\\/02\\\/1b-1.png\"},{\"@type\":\"BreadcrumbList\",\"@id\":\"https:\\\/\\\/www.reseau-entreprendre.org\\\/atlantique\\\/qui-sommes-nous\\\/#breadcrumb\",\"itemListElement\":[{\"@type\":\"ListItem\",\"position\":1,\"name\":\"Accueil\",\"item\":\"https:\\\/\\\/www.reseau-entreprendre.org\\\/atlantique\\\/\"},{\"@type\":\"ListItem\",\"position\":2,\"name\":\"Qui sommes-nous ?\"}]},{\"@type\":\"WebSite\",\"@id\":\"https:\\\/\\\/www.reseau-entreprendre.org\\\/atlantique\\\/#website\",\"url\":\"https:\\\/\\\/www.reseau-entreprendre.org\\\/atlantique\\\/\",\"name\":\"R\u00e9seau Entreprendre Atlantique\",\"description\":\"Un site utilisant Les sites de R\u00e9seau Entreprendre\",\"potentialAction\":[{\"@type\":\"SearchAction\",\"target\":{\"@type\":\"EntryPoint\",\"urlTemplate\":\"https:\\\/\\\/www.reseau-entreprendre.org\\\/atlantique\\\/?s={search_term_string}\"},\"query-input\":{\"@type\":\"PropertyValueSpecification\",\"valueRequired\":true,\"valueName\":\"search_term_string\"}}],\"inLanguage\":\"fr-FR\"}]}<\/script>\n<!-- \/ Yoast SEO plugin. -->","yoast_head_json":{"title":"Qui sommes-nous ? | Reseau Entreprendre Atlantique","description":"R\u00e9seau Entreprendre Atlantique est l'association 100% chefs d'entreprise, expert de l'accompagnement entrepreneurial des cr\u00e9ateurs d'emplois.","robots":{"index":"index","follow":"follow","max-snippet":"max-snippet:-1","max-image-preview":"max-image-preview:large","max-video-preview":"max-video-preview:-1"},"canonical":"https:\/\/www.reseau-entreprendre.org\/atlantique\/qui-sommes-nous\/","og_locale":"fr_FR","og_type":"article","og_title":"Qui sommes-nous ? | Reseau Entreprendre Atlantique","og_description":"R\u00e9seau Entreprendre Atlantique est l'association 100% chefs d'entreprise, expert de l'accompagnement entrepreneurial des cr\u00e9ateurs d'emplois.","og_url":"https:\/\/www.reseau-entreprendre.org\/atlantique\/qui-sommes-nous\/","og_site_name":"R\u00e9seau Entreprendre Atlantique","article_modified_time":"2025-05-09T10:28:45+00:00","twitter_card":"summary_large_image","twitter_misc":{"Dur\u00e9e de lecture estim\u00e9e":"3 minutes"},"schema":{"@context":"https:\/\/schema.org","@graph":[{"@type":"WebPage","@id":"https:\/\/www.reseau-entreprendre.org\/atlantique\/qui-sommes-nous\/","url":"https:\/\/www.reseau-entreprendre.org\/atlantique\/qui-sommes-nous\/","name":"Qui sommes-nous ? | Reseau Entreprendre Atlantique","isPartOf":{"@id":"https:\/\/www.reseau-entreprendre.org\/atlantique\/#website"},"primaryImageOfPage":{"@id":"https:\/\/www.reseau-entreprendre.org\/atlantique\/qui-sommes-nous\/#primaryimage"},"image":{"@id":"https:\/\/www.reseau-entreprendre.org\/atlantique\/qui-sommes-nous\/#primaryimage"},"thumbnailUrl":"https:\/\/www.reseau-entreprendre.org\/nord\/wp-content\/uploads\/sites\/40\/2020\/02\/1b-1.png","datePublished":"2017-04-28T10:33:20+00:00","dateModified":"2025-05-09T10:28:45+00:00","description":"R\u00e9seau Entreprendre Atlantique est l'association 100% chefs d'entreprise, expert de l'accompagnement entrepreneurial des cr\u00e9ateurs d'emplois.","breadcrumb":{"@id":"https:\/\/www.reseau-entreprendre.org\/atlantique\/qui-sommes-nous\/#breadcrumb"},"inLanguage":"fr-FR","potentialAction":[{"@type":"ReadAction","target":["https:\/\/www.reseau-entreprendre.org\/atlantique\/qui-sommes-nous\/"]}]},{"@type":"ImageObject","inLanguage":"fr-FR","@id":"https:\/\/www.reseau-entreprendre.org\/atlantique\/qui-sommes-nous\/#primaryimage","url":"https:\/\/www.reseau-entreprendre.org\/nord\/wp-content\/uploads\/sites\/40\/2020\/02\/1b-1.png","contentUrl":"https:\/\/www.reseau-entreprendre.org\/nord\/wp-content\/uploads\/sites\/40\/2020\/02\/1b-1.png"},{"@type":"BreadcrumbList","@id":"https:\/\/www.reseau-entreprendre.org\/atlantique\/qui-sommes-nous\/#breadcrumb","itemListElement":[{"@type":"ListItem","position":1,"name":"Accueil","item":"https:\/\/www.reseau-entreprendre.org\/atlantique\/"},{"@type":"ListItem","position":2,"name":"Qui sommes-nous ?"}]},{"@type":"WebSite","@id":"https:\/\/www.reseau-entreprendre.org\/atlantique\/#website","url":"https:\/\/www.reseau-entreprendre.org\/atlantique\/","name":"R\u00e9seau Entreprendre Atlantique","description":"Un site utilisant Les sites de R\u00e9seau Entreprendre","potentialAction":[{"@type":"SearchAction","target":{"@type":"EntryPoint","urlTemplate":"https:\/\/www.reseau-entreprendre.org\/atlantique\/?s={search_term_string}"},"query-input":{"@type":"PropertyValueSpecification","valueRequired":true,"valueName":"search_term_string"}}],"inLanguage":"fr-FR"}]}},"_links":{"self":[{"href":"https:\/\/www.reseau-entreprendre.org\/atlantique\/wp-json\/wp\/v2\/pages\/11","targetHints":{"allow":["GET"]}}],"collection":[{"href":"https:\/\/www.reseau-entreprendre.org\/atlantique\/wp-json\/wp\/v2\/pages"}],"about":[{"href":"https:\/\/www.reseau-entreprendre.org\/atlantique\/wp-json\/wp\/v2\/types\/page"}],"author":[{"embeddable":true,"href":"https:\/\/www.reseau-entreprendre.org\/atlantique\/wp-json\/wp\/v2\/users\/46"}],"replies":[{"embeddable":true,"href":"https:\/\/www.reseau-entreprendre.org\/atlantique\/wp-json\/wp\/v2\/comments?post=11"}],"version-history":[{"count":0,"href":"https:\/\/www.reseau-entreprendre.org\/atlantique\/wp-json\/wp\/v2\/pages\/11\/revisions"}],"wp:attachment":[{"href":"https:\/\/www.reseau-entreprendre.org\/atlantique\/wp-json\/wp\/v2\/media?parent=11"}],"curies":[{"name":"wp","href":"https:\/\/api.w.org\/{rel}","templated":true}]}}