{"id":13,"date":"2017-04-28T12:33:34","date_gmt":"2017-04-28T10:33:34","guid":{"rendered":"https:\/\/www.reseau-entreprendre.org\/atlantique\/?page_id=13"},"modified":"2021-10-14T14:19:43","modified_gmt":"2021-10-14T12:19:43","slug":"entreprendre","status":"publish","type":"page","link":"https:\/\/www.reseau-entreprendre.org\/atlantique\/entreprendre\/","title":{"rendered":"Candidater"},"content":{"rendered":"\n<h2 class=\"wp-block-heading\">Faites-vous accompagner !<\/h2>\n\n\n\n<p>Les entrepreneurs l\u2019affirment : il faut se faire aider \u00e0 la cr\u00e9ation ou \u00e0 la reprise d\u2019une entreprise. L\u2019accompagnement permet de rompre l\u2019isolement, d\u2019\u00e9changer sur son projet, d\u2019identifier des opportunit\u00e9s business et de s\u2019entourer.<\/p>\n\n\n\n<p>L&#8217;accompagnement de R\u00e9seau Entreprendre Atlantique a, quant \u00e0 lui, une singularit\u00e9 : il est gratuit et r\u00e9alis\u00e9 par les chefs d\u2019entreprise membres b\u00e9n\u00e9voles de l\u2019association dans un esprit de bienveillance et d\u00e9sint\u00e9ress\u00e9. Notre savoir-faire, qui fait la diff\u00e9rence avec tous les autres dispositifs existants, nous permet donc d\u2019afficher des r\u00e9sultats de p\u00e9rennisation des projets de 86% \u00e0 5 ans.<br><br><\/p>\n\n\n\n<h5 class=\"wp-block-heading\"><span style=\"color: #d70635\"><strong>Crit\u00e8res de s\u00e9lection<\/strong><\/span><\/h5>\n\n\n\n<ul class=\"wp-block-list\"><li>Primo-entrepreneur&nbsp;: cr\u00e9ateur ou repreneur<\/li><li>Majoritaire<\/li><li>Business plan structur\u00e9 ou promesse de vente accept\u00e9e<\/li><li>Apport personnel de minimum 15.000 \u20ac<\/li><li>Potentiel de d\u00e9veloppement suffisant pour envisager la cr\u00e9ation d\u2019emplois&nbsp;: 5 emplois en 3 ans au minimum.<br><br><\/li><\/ul>\n\n\n\n<h5 class=\"wp-block-heading\"><span style=\"color: #d70635\"><strong>Offre d&#8217;accompagnement humain et financier<br><\/strong><\/span><\/h5>\n\n\n\n<div id=\"start\">\n<ul>\n<li>Accompagnement individuel : par un chef d&#8217;entreprise en activit\u00e9 pendant 2 ans avec des rendez-vous mensuels<\/li>\n<li>Accompagnement collectif : \u00e9changes mensuels, pendant 2 ans \u00e0 7h15, autour de th\u00e9matiques vari\u00e9es essentielles pour les primo-entrepreneurs<\/li>\n<li>Pr\u00eat d\u2019honneur de 15 \u00e0 50 000 \u20ac \u00e0 taux z\u00e9ro \u00e0 la personne<\/li>\n<\/ul>\n<\/div>\n\n\n\n<div>&nbsp;<\/div>\n\n\n\n<div>&nbsp;<\/div>\n\n\n\n<p class=\"has-text-align-center\"><strong><span style=\"color: #268597\">Vous souhaitez \u00eatre accompagn\u00e9(e)<\/span><\/strong><\/p>\n\n\n\n<p class=\"has-text-align-center\"><strong><span style=\"color: #268597\">par R\u00e9seau Entreprendre Atlantique ?<\/span><\/strong><\/p>\n\n\n\n<div class=\"wp-block-buttons is-content-justification-center is-layout-flex wp-block-buttons-is-layout-flex\">\n<div class=\"wp-block-button\"><a class=\"wp-block-button__link\" href=\"https:\/\/www.reseau-entreprendre.org\/fr\/entreprendre\/formulaire-porteur-projet\/\" target=\"_blank\" rel=\"noreferrer noopener\"><span style=\"color:#fdfdfd\" class=\"has-inline-color\">JE POSTULE<\/span><\/a><\/div>\n<\/div>\n\n\n\n<div>&nbsp;<\/div>\n\n\n\n<p><\/p>\n","protected":false},"excerpt":{"rendered":"<p>Faites-vous accompagner ! Les entrepreneurs l\u2019affirment : il faut se<\/p>\n","protected":false},"author":46,"featured_media":0,"parent":0,"menu_order":0,"comment_status":"closed","ping_status":"closed","template":"","meta":{"_acf_changed":false,"_monsterinsights_skip_tracking":false,"_monsterinsights_sitenote_active":false,"_monsterinsights_sitenote_note":"","_monsterinsights_sitenote_category":0,"footnotes":""},"class_list":["post-13","page","type-page","status-publish","hentry"],"acf":[],"yoast_head":"<!-- This site is optimized with the Yoast SEO plugin v27.4 - https:\/\/yoast.com\/product\/yoast-seo-wordpress\/ -->\n<title>Entreprendre | Reseau Entreprendre Atlantique<\/title>\n<meta name=\"description\" content=\"Vous avez un projet de cr\u00e9ation d&#039;entreprise ? R\u00e9seau Entreprendre Atlantique vous accompagne gratuitement et dans la dur\u00e9e\" \/>\n<meta name=\"robots\" content=\"index, follow, max-snippet:-1, max-image-preview:large, max-video-preview:-1\" \/>\n<link rel=\"canonical\" href=\"https:\/\/www.reseau-entreprendre.org\/atlantique\/entreprendre\/\" \/>\n<meta property=\"og:locale\" content=\"fr_FR\" \/>\n<meta property=\"og:type\" content=\"article\" \/>\n<meta property=\"og:title\" content=\"Entreprendre | Reseau Entreprendre Atlantique\" \/>\n<meta property=\"og:description\" content=\"Vous avez un projet de cr\u00e9ation d&#039;entreprise ? R\u00e9seau Entreprendre Atlantique vous accompagne gratuitement et dans la dur\u00e9e\" \/>\n<meta property=\"og:url\" content=\"https:\/\/www.reseau-entreprendre.org\/atlantique\/entreprendre\/\" \/>\n<meta property=\"og:site_name\" content=\"R\u00e9seau Entreprendre Atlantique\" \/>\n<meta property=\"article:modified_time\" content=\"2021-10-14T12:19:43+00:00\" \/>\n<meta name=\"twitter:card\" content=\"summary_large_image\" \/>\n<meta name=\"twitter:label1\" content=\"Dur\u00e9e de lecture estim\u00e9e\" \/>\n\t<meta name=\"twitter:data1\" content=\"1 minute\" \/>\n<script type=\"application\/ld+json\" class=\"yoast-schema-graph\">{\"@context\":\"https:\\\/\\\/schema.org\",\"@graph\":[{\"@type\":\"WebPage\",\"@id\":\"https:\\\/\\\/www.reseau-entreprendre.org\\\/atlantique\\\/entreprendre\\\/\",\"url\":\"https:\\\/\\\/www.reseau-entreprendre.org\\\/atlantique\\\/entreprendre\\\/\",\"name\":\"Entreprendre | Reseau Entreprendre Atlantique\",\"isPartOf\":{\"@id\":\"https:\\\/\\\/www.reseau-entreprendre.org\\\/atlantique\\\/#website\"},\"datePublished\":\"2017-04-28T10:33:34+00:00\",\"dateModified\":\"2021-10-14T12:19:43+00:00\",\"description\":\"Vous avez un projet de cr\u00e9ation d'entreprise ? R\u00e9seau Entreprendre Atlantique vous accompagne gratuitement et dans la dur\u00e9e\",\"breadcrumb\":{\"@id\":\"https:\\\/\\\/www.reseau-entreprendre.org\\\/atlantique\\\/entreprendre\\\/#breadcrumb\"},\"inLanguage\":\"fr-FR\",\"potentialAction\":[{\"@type\":\"ReadAction\",\"target\":[\"https:\\\/\\\/www.reseau-entreprendre.org\\\/atlantique\\\/entreprendre\\\/\"]}]},{\"@type\":\"BreadcrumbList\",\"@id\":\"https:\\\/\\\/www.reseau-entreprendre.org\\\/atlantique\\\/entreprendre\\\/#breadcrumb\",\"itemListElement\":[{\"@type\":\"ListItem\",\"position\":1,\"name\":\"Accueil\",\"item\":\"https:\\\/\\\/www.reseau-entreprendre.org\\\/atlantique\\\/\"},{\"@type\":\"ListItem\",\"position\":2,\"name\":\"Candidater\"}]},{\"@type\":\"WebSite\",\"@id\":\"https:\\\/\\\/www.reseau-entreprendre.org\\\/atlantique\\\/#website\",\"url\":\"https:\\\/\\\/www.reseau-entreprendre.org\\\/atlantique\\\/\",\"name\":\"R\u00e9seau Entreprendre Atlantique\",\"description\":\"Un site utilisant Les sites de R\u00e9seau Entreprendre\",\"potentialAction\":[{\"@type\":\"SearchAction\",\"target\":{\"@type\":\"EntryPoint\",\"urlTemplate\":\"https:\\\/\\\/www.reseau-entreprendre.org\\\/atlantique\\\/?s={search_term_string}\"},\"query-input\":{\"@type\":\"PropertyValueSpecification\",\"valueRequired\":true,\"valueName\":\"search_term_string\"}}],\"inLanguage\":\"fr-FR\"}]}<\/script>\n<!-- \/ Yoast SEO plugin. -->","yoast_head_json":{"title":"Entreprendre | Reseau Entreprendre Atlantique","description":"Vous avez un projet de cr\u00e9ation d'entreprise ? R\u00e9seau Entreprendre Atlantique vous accompagne gratuitement et dans la dur\u00e9e","robots":{"index":"index","follow":"follow","max-snippet":"max-snippet:-1","max-image-preview":"max-image-preview:large","max-video-preview":"max-video-preview:-1"},"canonical":"https:\/\/www.reseau-entreprendre.org\/atlantique\/entreprendre\/","og_locale":"fr_FR","og_type":"article","og_title":"Entreprendre | Reseau Entreprendre Atlantique","og_description":"Vous avez un projet de cr\u00e9ation d'entreprise ? R\u00e9seau Entreprendre Atlantique vous accompagne gratuitement et dans la dur\u00e9e","og_url":"https:\/\/www.reseau-entreprendre.org\/atlantique\/entreprendre\/","og_site_name":"R\u00e9seau Entreprendre Atlantique","article_modified_time":"2021-10-14T12:19:43+00:00","twitter_card":"summary_large_image","twitter_misc":{"Dur\u00e9e de lecture estim\u00e9e":"1 minute"},"schema":{"@context":"https:\/\/schema.org","@graph":[{"@type":"WebPage","@id":"https:\/\/www.reseau-entreprendre.org\/atlantique\/entreprendre\/","url":"https:\/\/www.reseau-entreprendre.org\/atlantique\/entreprendre\/","name":"Entreprendre | Reseau Entreprendre Atlantique","isPartOf":{"@id":"https:\/\/www.reseau-entreprendre.org\/atlantique\/#website"},"datePublished":"2017-04-28T10:33:34+00:00","dateModified":"2021-10-14T12:19:43+00:00","description":"Vous avez un projet de cr\u00e9ation d'entreprise ? R\u00e9seau Entreprendre Atlantique vous accompagne gratuitement et dans la dur\u00e9e","breadcrumb":{"@id":"https:\/\/www.reseau-entreprendre.org\/atlantique\/entreprendre\/#breadcrumb"},"inLanguage":"fr-FR","potentialAction":[{"@type":"ReadAction","target":["https:\/\/www.reseau-entreprendre.org\/atlantique\/entreprendre\/"]}]},{"@type":"BreadcrumbList","@id":"https:\/\/www.reseau-entreprendre.org\/atlantique\/entreprendre\/#breadcrumb","itemListElement":[{"@type":"ListItem","position":1,"name":"Accueil","item":"https:\/\/www.reseau-entreprendre.org\/atlantique\/"},{"@type":"ListItem","position":2,"name":"Candidater"}]},{"@type":"WebSite","@id":"https:\/\/www.reseau-entreprendre.org\/atlantique\/#website","url":"https:\/\/www.reseau-entreprendre.org\/atlantique\/","name":"R\u00e9seau Entreprendre Atlantique","description":"Un site utilisant Les sites de R\u00e9seau Entreprendre","potentialAction":[{"@type":"SearchAction","target":{"@type":"EntryPoint","urlTemplate":"https:\/\/www.reseau-entreprendre.org\/atlantique\/?s={search_term_string}"},"query-input":{"@type":"PropertyValueSpecification","valueRequired":true,"valueName":"search_term_string"}}],"inLanguage":"fr-FR"}]}},"_links":{"self":[{"href":"https:\/\/www.reseau-entreprendre.org\/atlantique\/wp-json\/wp\/v2\/pages\/13","targetHints":{"allow":["GET"]}}],"collection":[{"href":"https:\/\/www.reseau-entreprendre.org\/atlantique\/wp-json\/wp\/v2\/pages"}],"about":[{"href":"https:\/\/www.reseau-entreprendre.org\/atlantique\/wp-json\/wp\/v2\/types\/page"}],"author":[{"embeddable":true,"href":"https:\/\/www.reseau-entreprendre.org\/atlantique\/wp-json\/wp\/v2\/users\/46"}],"replies":[{"embeddable":true,"href":"https:\/\/www.reseau-entreprendre.org\/atlantique\/wp-json\/wp\/v2\/comments?post=13"}],"version-history":[{"count":0,"href":"https:\/\/www.reseau-entreprendre.org\/atlantique\/wp-json\/wp\/v2\/pages\/13\/revisions"}],"wp:attachment":[{"href":"https:\/\/www.reseau-entreprendre.org\/atlantique\/wp-json\/wp\/v2\/media?parent=13"}],"curies":[{"name":"wp","href":"https:\/\/api.w.org\/{rel}","templated":true}]}}