{"id":15,"date":"2017-04-28T12:33:47","date_gmt":"2017-04-28T10:33:47","guid":{"rendered":"https:\/\/www.reseau-entreprendre.org\/atlantique\/?page_id=15"},"modified":"2021-09-28T17:19:17","modified_gmt":"2021-09-28T15:19:17","slug":"accompagner","status":"publish","type":"page","link":"https:\/\/www.reseau-entreprendre.org\/atlantique\/accompagner\/","title":{"rendered":"Accompagner"},"content":{"rendered":"\n<h2 class=\"wp-block-heading\">Accompagner<\/h2>\n\n\n\n<p><strong>Une communaut\u00e9 de solidarit\u00e9 et d\u2019entraide&nbsp;<\/strong><\/p>\n\n\n\n<p>A l\u2019initiative de ce projet en 1999, 7 entrepreneurs nantais&nbsp;:<\/p>\n\n\n\n<ul class=\"wp-block-list\"><li>Joseph BONNET<\/li><li>G\u00e9rard ESTIVAL<\/li><li>Michel HUMEAU<\/li><li>Denis MAURE<\/li><li>Bernard NAUX<\/li><li>Herv\u00e9 ROUSSEL<\/li><li>Christophe TRAINEAU<\/li><\/ul>\n\n\n\n<p>Leur souhait&nbsp;? Cr\u00e9er un syst\u00e8me bienveillant reposant sur trois valeurs principales&nbsp;:<\/p>\n\n\n\n<ul class=\"wp-block-list\"><li>L\u2019important c\u2019est la personne<\/li><li>Le principe c\u2019est la gratuit\u00e9<\/li><li>L\u2019esprit c\u2019est la r\u00e9ciprocit\u00e9.<\/li><\/ul>\n\n\n\n<p>Port\u00e9e par cette dynamique, l\u2019association a depuis multipli\u00e9 le nombre de porteur de projets aid\u00e9s, d\u2019emplois cr\u00e9\u00e9s ou pr\u00e9serv\u00e9s, les heures incalculables de b\u00e9n\u00e9volat de dirigeants passionn\u00e9s. Au point d\u2019occuper aujourd\u2019hui une place originale dans l\u2019\u00e9cosyst\u00e8me de notre territoire. La v\u00e9ritable r\u00e9ussite de R\u00e9seau Entreprendre\u00ae Atlantique est d\u2019avoir beaucoup grandi, avec 290 membres b\u00e9n\u00e9voles, tout en restant fid\u00e8le \u00e0 sa mission de promotion de l\u2019entrepreneuriat au service de l\u2019emploi. Elle a r\u00e9ussi aussi \u00e0 cultiver et conserver ses valeurs d\u2019entraide et de convivialit\u00e9.<br><br><\/p>\n\n\n\n<p><strong>Notre moteur&nbsp;: l\u2019implication des membres b\u00e9n\u00e9voles<\/strong><\/p>\n\n\n\n<p>D\u00e9passant l\u2019image du cr\u00e9ateur qui sacrifie tout \u00e0 sa r\u00e9ussite, R\u00e9seau Entreprendre Atlantique d\u00e9montre la force de l\u2019investissement collectif et d\u00e9sint\u00e9ress\u00e9&nbsp;: l\u2019effort partag\u00e9 donne un sens \u00e0 la volont\u00e9 de chacun.<br><br><\/p>\n\n\n\n<p><strong>A chacun sa fa\u00e7on de s\u2019investir pour cr\u00e9er de l\u2019emploi<\/strong><\/p>\n\n\n\n<p>Les membres de R\u00e9seau Entreprendre\u00ae Atlantique ont plus d\u2019une possibilit\u00e9 d\u2019implication pour se sentir utile et prendre du plaisir dans leur engagement b\u00e9n\u00e9vole. En fonction de leurs comp\u00e9tences, de leurs envies ou de leurs disponibilit\u00e9s, les membres peuvent s\u2019investir en amont du comit\u00e9, lors du comit\u00e9 ou tout au long de l\u2019accompagnement du laur\u00e9at.<\/p>\n\n\n\n<p>Adh\u00e9rer \u00e0 l\u2019association, via le paiement d\u2019une cotisation, permet d\u00e9j\u00e0 de contribuer financi\u00e8rement au fonctionnement de l\u2019association, qui ne re\u00e7oit aucune subvention publique.<\/p>\n","protected":false},"excerpt":{"rendered":"<p>Accompagner Une communaut\u00e9 de solidarit\u00e9 et d\u2019entraide&nbsp; A l\u2019initiative de<\/p>\n","protected":false},"author":46,"featured_media":0,"parent":0,"menu_order":0,"comment_status":"closed","ping_status":"closed","template":"","meta":{"_acf_changed":false,"_monsterinsights_skip_tracking":false,"_monsterinsights_sitenote_active":false,"_monsterinsights_sitenote_note":"","_monsterinsights_sitenote_category":0,"footnotes":""},"class_list":["post-15","page","type-page","status-publish","hentry"],"acf":[],"yoast_head":"<!-- This site is optimized with the Yoast SEO plugin v27.4 - https:\/\/yoast.com\/product\/yoast-seo-wordpress\/ -->\n<title>Accompagner| Reseau Entreprendre Atlantique<\/title>\n<meta name=\"description\" content=\"Vous \u00eates chef d&#039;entreprise et souhaitez accompagner de nouveaux entrepreneurs ? Devenez membre b\u00e9n\u00e9vole de R\u00e9seau Entreprendre Atlantique !\" \/>\n<meta name=\"robots\" content=\"index, follow, max-snippet:-1, max-image-preview:large, max-video-preview:-1\" \/>\n<link rel=\"canonical\" href=\"https:\/\/www.reseau-entreprendre.org\/atlantique\/accompagner\/\" \/>\n<meta property=\"og:locale\" content=\"fr_FR\" \/>\n<meta property=\"og:type\" content=\"article\" \/>\n<meta property=\"og:title\" content=\"Accompagner| Reseau Entreprendre Atlantique\" \/>\n<meta property=\"og:description\" content=\"Vous \u00eates chef d&#039;entreprise et souhaitez accompagner de nouveaux entrepreneurs ? Devenez membre b\u00e9n\u00e9vole de R\u00e9seau Entreprendre Atlantique !\" \/>\n<meta property=\"og:url\" content=\"https:\/\/www.reseau-entreprendre.org\/atlantique\/accompagner\/\" \/>\n<meta property=\"og:site_name\" content=\"R\u00e9seau Entreprendre Atlantique\" \/>\n<meta property=\"article:modified_time\" content=\"2021-09-28T15:19:17+00:00\" \/>\n<meta name=\"twitter:card\" content=\"summary_large_image\" \/>\n<meta name=\"twitter:label1\" content=\"Dur\u00e9e de lecture estim\u00e9e\" \/>\n\t<meta name=\"twitter:data1\" content=\"2 minutes\" \/>\n<script type=\"application\/ld+json\" class=\"yoast-schema-graph\">{\"@context\":\"https:\\\/\\\/schema.org\",\"@graph\":[{\"@type\":\"WebPage\",\"@id\":\"https:\\\/\\\/www.reseau-entreprendre.org\\\/atlantique\\\/accompagner\\\/\",\"url\":\"https:\\\/\\\/www.reseau-entreprendre.org\\\/atlantique\\\/accompagner\\\/\",\"name\":\"Accompagner| Reseau Entreprendre Atlantique\",\"isPartOf\":{\"@id\":\"https:\\\/\\\/www.reseau-entreprendre.org\\\/atlantique\\\/#website\"},\"datePublished\":\"2017-04-28T10:33:47+00:00\",\"dateModified\":\"2021-09-28T15:19:17+00:00\",\"description\":\"Vous \u00eates chef d'entreprise et souhaitez accompagner de nouveaux entrepreneurs ? Devenez membre b\u00e9n\u00e9vole de R\u00e9seau Entreprendre Atlantique !\",\"breadcrumb\":{\"@id\":\"https:\\\/\\\/www.reseau-entreprendre.org\\\/atlantique\\\/accompagner\\\/#breadcrumb\"},\"inLanguage\":\"fr-FR\",\"potentialAction\":[{\"@type\":\"ReadAction\",\"target\":[\"https:\\\/\\\/www.reseau-entreprendre.org\\\/atlantique\\\/accompagner\\\/\"]}]},{\"@type\":\"BreadcrumbList\",\"@id\":\"https:\\\/\\\/www.reseau-entreprendre.org\\\/atlantique\\\/accompagner\\\/#breadcrumb\",\"itemListElement\":[{\"@type\":\"ListItem\",\"position\":1,\"name\":\"Accueil\",\"item\":\"https:\\\/\\\/www.reseau-entreprendre.org\\\/atlantique\\\/\"},{\"@type\":\"ListItem\",\"position\":2,\"name\":\"Accompagner\"}]},{\"@type\":\"WebSite\",\"@id\":\"https:\\\/\\\/www.reseau-entreprendre.org\\\/atlantique\\\/#website\",\"url\":\"https:\\\/\\\/www.reseau-entreprendre.org\\\/atlantique\\\/\",\"name\":\"R\u00e9seau Entreprendre Atlantique\",\"description\":\"Un site utilisant Les sites de R\u00e9seau Entreprendre\",\"potentialAction\":[{\"@type\":\"SearchAction\",\"target\":{\"@type\":\"EntryPoint\",\"urlTemplate\":\"https:\\\/\\\/www.reseau-entreprendre.org\\\/atlantique\\\/?s={search_term_string}\"},\"query-input\":{\"@type\":\"PropertyValueSpecification\",\"valueRequired\":true,\"valueName\":\"search_term_string\"}}],\"inLanguage\":\"fr-FR\"}]}<\/script>\n<!-- \/ Yoast SEO plugin. -->","yoast_head_json":{"title":"Accompagner| Reseau Entreprendre Atlantique","description":"Vous \u00eates chef d'entreprise et souhaitez accompagner de nouveaux entrepreneurs ? Devenez membre b\u00e9n\u00e9vole de R\u00e9seau Entreprendre Atlantique !","robots":{"index":"index","follow":"follow","max-snippet":"max-snippet:-1","max-image-preview":"max-image-preview:large","max-video-preview":"max-video-preview:-1"},"canonical":"https:\/\/www.reseau-entreprendre.org\/atlantique\/accompagner\/","og_locale":"fr_FR","og_type":"article","og_title":"Accompagner| Reseau Entreprendre Atlantique","og_description":"Vous \u00eates chef d'entreprise et souhaitez accompagner de nouveaux entrepreneurs ? Devenez membre b\u00e9n\u00e9vole de R\u00e9seau Entreprendre Atlantique !","og_url":"https:\/\/www.reseau-entreprendre.org\/atlantique\/accompagner\/","og_site_name":"R\u00e9seau Entreprendre Atlantique","article_modified_time":"2021-09-28T15:19:17+00:00","twitter_card":"summary_large_image","twitter_misc":{"Dur\u00e9e de lecture estim\u00e9e":"2 minutes"},"schema":{"@context":"https:\/\/schema.org","@graph":[{"@type":"WebPage","@id":"https:\/\/www.reseau-entreprendre.org\/atlantique\/accompagner\/","url":"https:\/\/www.reseau-entreprendre.org\/atlantique\/accompagner\/","name":"Accompagner| Reseau Entreprendre Atlantique","isPartOf":{"@id":"https:\/\/www.reseau-entreprendre.org\/atlantique\/#website"},"datePublished":"2017-04-28T10:33:47+00:00","dateModified":"2021-09-28T15:19:17+00:00","description":"Vous \u00eates chef d'entreprise et souhaitez accompagner de nouveaux entrepreneurs ? Devenez membre b\u00e9n\u00e9vole de R\u00e9seau Entreprendre Atlantique !","breadcrumb":{"@id":"https:\/\/www.reseau-entreprendre.org\/atlantique\/accompagner\/#breadcrumb"},"inLanguage":"fr-FR","potentialAction":[{"@type":"ReadAction","target":["https:\/\/www.reseau-entreprendre.org\/atlantique\/accompagner\/"]}]},{"@type":"BreadcrumbList","@id":"https:\/\/www.reseau-entreprendre.org\/atlantique\/accompagner\/#breadcrumb","itemListElement":[{"@type":"ListItem","position":1,"name":"Accueil","item":"https:\/\/www.reseau-entreprendre.org\/atlantique\/"},{"@type":"ListItem","position":2,"name":"Accompagner"}]},{"@type":"WebSite","@id":"https:\/\/www.reseau-entreprendre.org\/atlantique\/#website","url":"https:\/\/www.reseau-entreprendre.org\/atlantique\/","name":"R\u00e9seau Entreprendre Atlantique","description":"Un site utilisant Les sites de R\u00e9seau Entreprendre","potentialAction":[{"@type":"SearchAction","target":{"@type":"EntryPoint","urlTemplate":"https:\/\/www.reseau-entreprendre.org\/atlantique\/?s={search_term_string}"},"query-input":{"@type":"PropertyValueSpecification","valueRequired":true,"valueName":"search_term_string"}}],"inLanguage":"fr-FR"}]}},"_links":{"self":[{"href":"https:\/\/www.reseau-entreprendre.org\/atlantique\/wp-json\/wp\/v2\/pages\/15","targetHints":{"allow":["GET"]}}],"collection":[{"href":"https:\/\/www.reseau-entreprendre.org\/atlantique\/wp-json\/wp\/v2\/pages"}],"about":[{"href":"https:\/\/www.reseau-entreprendre.org\/atlantique\/wp-json\/wp\/v2\/types\/page"}],"author":[{"embeddable":true,"href":"https:\/\/www.reseau-entreprendre.org\/atlantique\/wp-json\/wp\/v2\/users\/46"}],"replies":[{"embeddable":true,"href":"https:\/\/www.reseau-entreprendre.org\/atlantique\/wp-json\/wp\/v2\/comments?post=15"}],"version-history":[{"count":0,"href":"https:\/\/www.reseau-entreprendre.org\/atlantique\/wp-json\/wp\/v2\/pages\/15\/revisions"}],"wp:attachment":[{"href":"https:\/\/www.reseau-entreprendre.org\/atlantique\/wp-json\/wp\/v2\/media?parent=15"}],"curies":[{"name":"wp","href":"https:\/\/api.w.org\/{rel}","templated":true}]}}