{"id":17,"date":"2017-04-28T12:34:01","date_gmt":"2017-04-28T10:34:01","guid":{"rendered":"https:\/\/www.reseau-entreprendre.org\/atlantique\/?page_id=17"},"modified":"2021-09-17T15:06:42","modified_gmt":"2021-09-17T13:06:42","slug":"soutenir","status":"publish","type":"page","link":"https:\/\/www.reseau-entreprendre.org\/atlantique\/soutenir\/","title":{"rendered":"Soutenir"},"content":{"rendered":"\n<h2 class=\"wp-block-heading\">Soutenir<\/h2>\n\n\n\n<p>Parce qu\u2019il y a de plus en plus de nouveaux entrepreneurs a\u0300 accompagner ; parce que l\u2019e\u0301cosyste\u0300me entrepreneurial local s\u2019agrandit et que les acteurs sont de plus en plus nombreux, les partenaires communication r\u00e9pondent chaque ann\u00e9e pr\u00e9sents pour<\/p>\n\n\n\n<ul class=\"wp-block-list\"><li>Soutenir le financement des \u00e9v\u00e8nements<\/li><li>Faire rayonner R\u00e9seau Entreprendre\u00ae Atlantique sur son territoire !<\/li><\/ul>\n\n\n\n<p>Le pr\u00e9sident, le conseil d\u2019administration, les membres de la commission communication ainsi que l\u2019\u00e9quipe de R\u00e9seau Entreprendre\u00ae Atlantique les remercient chaleureusement d\u2019\u00eatre \u00e0 nos c\u00f4t\u00e9s. Leur soutien financier permet de faire vivre l\u2019association de mani\u00e8re plus forte, d\u2019animer activement le r\u00e9seau et de renforcer sa position sur le territoire.<\/p>\n\n\n\n<p><strong>Un partenariat gagnant\/gagnant&nbsp;!<\/strong><\/p>\n\n\n\n<p>Devenir partenaire de R\u00e9seau Entreprendre\u00ae Atlantique permet aux entreprises de participer \u00e0 une action citoyenne en soutenant la cr\u00e9ation d\u2019emploi sur notre territoire.<\/p>\n\n\n\n<p>Les entreprises b\u00e9n\u00e9ficient aussi d\u2019une visibilit\u00e9 annuelle aupr\u00e8s d\u2019une cible captive et de qualit\u00e9 sur de nombreux supports de communication&nbsp;:<\/p>\n\n\n\n<ul class=\"wp-block-list\"><li>Newsletter envoy\u00e9e \u00e0 1 200 contacts<\/li><li>Communaut\u00e9 sur les r\u00e9seaux sociaux de 4 000 professionnels<\/li><li>700 participants \u00e0 notre plus grand \u00e9v\u00e9nement annuel<\/li><li>22 000 visiteurs uniques sur le site Internet etc.<\/li><\/ul>\n","protected":false},"excerpt":{"rendered":"<p>Soutenir Parce qu\u2019il y a de plus en plus de<\/p>\n","protected":false},"author":46,"featured_media":0,"parent":0,"menu_order":0,"comment_status":"closed","ping_status":"closed","template":"","meta":{"_acf_changed":false,"_monsterinsights_skip_tracking":false,"_monsterinsights_sitenote_active":false,"_monsterinsights_sitenote_note":"","_monsterinsights_sitenote_category":0,"footnotes":""},"class_list":["post-17","page","type-page","status-publish","hentry"],"acf":[],"yoast_head":"<!-- This site is optimized with the Yoast SEO plugin v27.4 - https:\/\/yoast.com\/product\/yoast-seo-wordpress\/ -->\n<title>Soutenir | Reseau Entreprendre Atlantique<\/title>\n<meta name=\"description\" content=\"Partenaire, vous souhaitez soutenir un r\u00e9seau 100% chefs d&#039;entreprise ? Rejoignez R\u00e9seau Entreprendre Atlantique\" \/>\n<meta name=\"robots\" content=\"index, follow, max-snippet:-1, max-image-preview:large, max-video-preview:-1\" \/>\n<link rel=\"canonical\" href=\"https:\/\/www.reseau-entreprendre.org\/atlantique\/soutenir\/\" \/>\n<meta property=\"og:locale\" content=\"fr_FR\" \/>\n<meta property=\"og:type\" content=\"article\" \/>\n<meta property=\"og:title\" content=\"Soutenir | Reseau Entreprendre Atlantique\" \/>\n<meta property=\"og:description\" content=\"Partenaire, vous souhaitez soutenir un r\u00e9seau 100% chefs d&#039;entreprise ? Rejoignez R\u00e9seau Entreprendre Atlantique\" \/>\n<meta property=\"og:url\" content=\"https:\/\/www.reseau-entreprendre.org\/atlantique\/soutenir\/\" \/>\n<meta property=\"og:site_name\" content=\"R\u00e9seau Entreprendre Atlantique\" \/>\n<meta property=\"article:modified_time\" content=\"2021-09-17T13:06:42+00:00\" \/>\n<meta name=\"twitter:card\" content=\"summary_large_image\" \/>\n<meta name=\"twitter:label1\" content=\"Dur\u00e9e de lecture estim\u00e9e\" \/>\n\t<meta name=\"twitter:data1\" content=\"1 minute\" \/>\n<script type=\"application\/ld+json\" class=\"yoast-schema-graph\">{\"@context\":\"https:\\\/\\\/schema.org\",\"@graph\":[{\"@type\":\"WebPage\",\"@id\":\"https:\\\/\\\/www.reseau-entreprendre.org\\\/atlantique\\\/soutenir\\\/\",\"url\":\"https:\\\/\\\/www.reseau-entreprendre.org\\\/atlantique\\\/soutenir\\\/\",\"name\":\"Soutenir | Reseau Entreprendre Atlantique\",\"isPartOf\":{\"@id\":\"https:\\\/\\\/www.reseau-entreprendre.org\\\/atlantique\\\/#website\"},\"datePublished\":\"2017-04-28T10:34:01+00:00\",\"dateModified\":\"2021-09-17T13:06:42+00:00\",\"description\":\"Partenaire, vous souhaitez soutenir un r\u00e9seau 100% chefs d'entreprise ? Rejoignez R\u00e9seau Entreprendre Atlantique\",\"breadcrumb\":{\"@id\":\"https:\\\/\\\/www.reseau-entreprendre.org\\\/atlantique\\\/soutenir\\\/#breadcrumb\"},\"inLanguage\":\"fr-FR\",\"potentialAction\":[{\"@type\":\"ReadAction\",\"target\":[\"https:\\\/\\\/www.reseau-entreprendre.org\\\/atlantique\\\/soutenir\\\/\"]}]},{\"@type\":\"BreadcrumbList\",\"@id\":\"https:\\\/\\\/www.reseau-entreprendre.org\\\/atlantique\\\/soutenir\\\/#breadcrumb\",\"itemListElement\":[{\"@type\":\"ListItem\",\"position\":1,\"name\":\"Accueil\",\"item\":\"https:\\\/\\\/www.reseau-entreprendre.org\\\/atlantique\\\/\"},{\"@type\":\"ListItem\",\"position\":2,\"name\":\"Soutenir\"}]},{\"@type\":\"WebSite\",\"@id\":\"https:\\\/\\\/www.reseau-entreprendre.org\\\/atlantique\\\/#website\",\"url\":\"https:\\\/\\\/www.reseau-entreprendre.org\\\/atlantique\\\/\",\"name\":\"R\u00e9seau Entreprendre Atlantique\",\"description\":\"Un site utilisant Les sites de R\u00e9seau Entreprendre\",\"potentialAction\":[{\"@type\":\"SearchAction\",\"target\":{\"@type\":\"EntryPoint\",\"urlTemplate\":\"https:\\\/\\\/www.reseau-entreprendre.org\\\/atlantique\\\/?s={search_term_string}\"},\"query-input\":{\"@type\":\"PropertyValueSpecification\",\"valueRequired\":true,\"valueName\":\"search_term_string\"}}],\"inLanguage\":\"fr-FR\"}]}<\/script>\n<!-- \/ Yoast SEO plugin. -->","yoast_head_json":{"title":"Soutenir | Reseau Entreprendre Atlantique","description":"Partenaire, vous souhaitez soutenir un r\u00e9seau 100% chefs d'entreprise ? Rejoignez R\u00e9seau Entreprendre Atlantique","robots":{"index":"index","follow":"follow","max-snippet":"max-snippet:-1","max-image-preview":"max-image-preview:large","max-video-preview":"max-video-preview:-1"},"canonical":"https:\/\/www.reseau-entreprendre.org\/atlantique\/soutenir\/","og_locale":"fr_FR","og_type":"article","og_title":"Soutenir | Reseau Entreprendre Atlantique","og_description":"Partenaire, vous souhaitez soutenir un r\u00e9seau 100% chefs d'entreprise ? Rejoignez R\u00e9seau Entreprendre Atlantique","og_url":"https:\/\/www.reseau-entreprendre.org\/atlantique\/soutenir\/","og_site_name":"R\u00e9seau Entreprendre Atlantique","article_modified_time":"2021-09-17T13:06:42+00:00","twitter_card":"summary_large_image","twitter_misc":{"Dur\u00e9e de lecture estim\u00e9e":"1 minute"},"schema":{"@context":"https:\/\/schema.org","@graph":[{"@type":"WebPage","@id":"https:\/\/www.reseau-entreprendre.org\/atlantique\/soutenir\/","url":"https:\/\/www.reseau-entreprendre.org\/atlantique\/soutenir\/","name":"Soutenir | Reseau Entreprendre Atlantique","isPartOf":{"@id":"https:\/\/www.reseau-entreprendre.org\/atlantique\/#website"},"datePublished":"2017-04-28T10:34:01+00:00","dateModified":"2021-09-17T13:06:42+00:00","description":"Partenaire, vous souhaitez soutenir un r\u00e9seau 100% chefs d'entreprise ? Rejoignez R\u00e9seau Entreprendre Atlantique","breadcrumb":{"@id":"https:\/\/www.reseau-entreprendre.org\/atlantique\/soutenir\/#breadcrumb"},"inLanguage":"fr-FR","potentialAction":[{"@type":"ReadAction","target":["https:\/\/www.reseau-entreprendre.org\/atlantique\/soutenir\/"]}]},{"@type":"BreadcrumbList","@id":"https:\/\/www.reseau-entreprendre.org\/atlantique\/soutenir\/#breadcrumb","itemListElement":[{"@type":"ListItem","position":1,"name":"Accueil","item":"https:\/\/www.reseau-entreprendre.org\/atlantique\/"},{"@type":"ListItem","position":2,"name":"Soutenir"}]},{"@type":"WebSite","@id":"https:\/\/www.reseau-entreprendre.org\/atlantique\/#website","url":"https:\/\/www.reseau-entreprendre.org\/atlantique\/","name":"R\u00e9seau Entreprendre Atlantique","description":"Un site utilisant Les sites de R\u00e9seau Entreprendre","potentialAction":[{"@type":"SearchAction","target":{"@type":"EntryPoint","urlTemplate":"https:\/\/www.reseau-entreprendre.org\/atlantique\/?s={search_term_string}"},"query-input":{"@type":"PropertyValueSpecification","valueRequired":true,"valueName":"search_term_string"}}],"inLanguage":"fr-FR"}]}},"_links":{"self":[{"href":"https:\/\/www.reseau-entreprendre.org\/atlantique\/wp-json\/wp\/v2\/pages\/17","targetHints":{"allow":["GET"]}}],"collection":[{"href":"https:\/\/www.reseau-entreprendre.org\/atlantique\/wp-json\/wp\/v2\/pages"}],"about":[{"href":"https:\/\/www.reseau-entreprendre.org\/atlantique\/wp-json\/wp\/v2\/types\/page"}],"author":[{"embeddable":true,"href":"https:\/\/www.reseau-entreprendre.org\/atlantique\/wp-json\/wp\/v2\/users\/46"}],"replies":[{"embeddable":true,"href":"https:\/\/www.reseau-entreprendre.org\/atlantique\/wp-json\/wp\/v2\/comments?post=17"}],"version-history":[{"count":0,"href":"https:\/\/www.reseau-entreprendre.org\/atlantique\/wp-json\/wp\/v2\/pages\/17\/revisions"}],"wp:attachment":[{"href":"https:\/\/www.reseau-entreprendre.org\/atlantique\/wp-json\/wp\/v2\/media?parent=17"}],"curies":[{"name":"wp","href":"https:\/\/api.w.org\/{rel}","templated":true}]}}