{"id":3769,"date":"2023-05-02T17:19:55","date_gmt":"2023-05-02T15:19:55","guid":{"rendered":"https:\/\/www.reseau-entreprendre.org\/atlantique\/?page_id=3769"},"modified":"2023-05-02T17:55:42","modified_gmt":"2023-05-02T15:55:42","slug":"nos-membres","status":"publish","type":"page","link":"https:\/\/www.reseau-entreprendre.org\/atlantique\/nos-membres\/","title":{"rendered":"Nos membres"},"content":{"rendered":"\n<p>350 chefs d&#8217;entreprise aguerris et employeurs s&#8217;engagent au travers de notre association pour accompagner les cr\u00e9ateurs, repreneurs, d\u00e9veloppeurs d&#8217;entreprise. <\/p>\n\n\n\n<p>Leur mission ? Optimiser les chances de succ\u00e8s des projets entrepreneuriaux accompagn\u00e9s, favoriser la cr\u00e9ation ou la sauvegarde d&#8217;emplois en Loire-Atlantique, accompagner l&#8217;apprentissage du m\u00e9tier de chefs d&#8217;entreprise. <\/p>\n\n\n\n<p>Merci \u00e0 eux, qui se mobilisent pour soutenir et accompagner l&#8217;entrepreneuriat ! <\/p>\n\n\n\n<figure class=\"wp-block-image size-large\"><img loading=\"lazy\" decoding=\"async\" width=\"1024\" height=\"878\" src=\"https:\/\/www.reseau-entreprendre.org\/atlantique\/wp-content\/uploads\/sites\/44\/2023\/05\/membres-REA-1024x878.png\" alt=\"\" class=\"wp-image-3779\" srcset=\"https:\/\/www.reseau-entreprendre.org\/atlantique\/wp-content\/uploads\/sites\/44\/2023\/05\/membres-REA-1024x878.png 1024w, https:\/\/www.reseau-entreprendre.org\/atlantique\/wp-content\/uploads\/sites\/44\/2023\/05\/membres-REA-300x257.png 300w, https:\/\/www.reseau-entreprendre.org\/atlantique\/wp-content\/uploads\/sites\/44\/2023\/05\/membres-REA-768x658.png 768w, https:\/\/www.reseau-entreprendre.org\/atlantique\/wp-content\/uploads\/sites\/44\/2023\/05\/membres-REA-1536x1316.png 1536w, https:\/\/www.reseau-entreprendre.org\/atlantique\/wp-content\/uploads\/sites\/44\/2023\/05\/membres-REA-152x130.png 152w, https:\/\/www.reseau-entreprendre.org\/atlantique\/wp-content\/uploads\/sites\/44\/2023\/05\/membres-REA.png 2000w\" sizes=\"auto, (max-width: 1024px) 100vw, 1024px\" \/><\/figure>\n","protected":false},"excerpt":{"rendered":"<p>350 chefs d&#8217;entreprise aguerris et employeurs s&#8217;engagent au travers de<\/p>\n","protected":false},"author":46,"featured_media":0,"parent":0,"menu_order":0,"comment_status":"closed","ping_status":"closed","template":"","meta":{"_acf_changed":false,"_monsterinsights_skip_tracking":false,"_monsterinsights_sitenote_active":false,"_monsterinsights_sitenote_note":"","_monsterinsights_sitenote_category":0,"footnotes":""},"class_list":["post-3769","page","type-page","status-publish","hentry"],"acf":[],"yoast_head":"<!-- This site is optimized with the Yoast SEO plugin v27.4 - https:\/\/yoast.com\/product\/yoast-seo-wordpress\/ -->\n<title>Nos membres - R\u00e9seau Entreprendre Atlantique<\/title>\n<meta name=\"description\" content=\"350 membres chefs d&#039;entreprise qui s&#039;engagent b\u00e9n\u00e9volement pour accompagner les nouveaux cr\u00e9ateurs d&#039;emplois dans leur projet entrepreneurial.\" \/>\n<meta name=\"robots\" content=\"index, follow, max-snippet:-1, max-image-preview:large, max-video-preview:-1\" \/>\n<link rel=\"canonical\" href=\"https:\/\/www.reseau-entreprendre.org\/atlantique\/nos-membres\/\" \/>\n<meta property=\"og:locale\" content=\"fr_FR\" \/>\n<meta property=\"og:type\" content=\"article\" \/>\n<meta property=\"og:title\" content=\"Nos membres - R\u00e9seau Entreprendre Atlantique\" \/>\n<meta property=\"og:description\" content=\"350 membres chefs d&#039;entreprise qui s&#039;engagent b\u00e9n\u00e9volement pour accompagner les nouveaux cr\u00e9ateurs d&#039;emplois dans leur projet entrepreneurial.\" \/>\n<meta property=\"og:url\" content=\"https:\/\/www.reseau-entreprendre.org\/atlantique\/nos-membres\/\" \/>\n<meta property=\"og:site_name\" content=\"R\u00e9seau Entreprendre Atlantique\" \/>\n<meta property=\"article:modified_time\" content=\"2023-05-02T15:55:42+00:00\" \/>\n<meta property=\"og:image\" content=\"https:\/\/www.reseau-entreprendre.org\/atlantique\/wp-content\/uploads\/sites\/44\/2023\/05\/membres-REA-1024x878.png\" \/>\n<meta name=\"twitter:card\" content=\"summary_large_image\" \/>\n<meta name=\"twitter:label1\" content=\"Dur\u00e9e de lecture estim\u00e9e\" \/>\n\t<meta name=\"twitter:data1\" content=\"1 minute\" \/>\n<script type=\"application\/ld+json\" class=\"yoast-schema-graph\">{\"@context\":\"https:\\\/\\\/schema.org\",\"@graph\":[{\"@type\":\"WebPage\",\"@id\":\"https:\\\/\\\/www.reseau-entreprendre.org\\\/atlantique\\\/nos-membres\\\/\",\"url\":\"https:\\\/\\\/www.reseau-entreprendre.org\\\/atlantique\\\/nos-membres\\\/\",\"name\":\"Nos membres - R\u00e9seau Entreprendre Atlantique\",\"isPartOf\":{\"@id\":\"https:\\\/\\\/www.reseau-entreprendre.org\\\/atlantique\\\/#website\"},\"primaryImageOfPage\":{\"@id\":\"https:\\\/\\\/www.reseau-entreprendre.org\\\/atlantique\\\/nos-membres\\\/#primaryimage\"},\"image\":{\"@id\":\"https:\\\/\\\/www.reseau-entreprendre.org\\\/atlantique\\\/nos-membres\\\/#primaryimage\"},\"thumbnailUrl\":\"https:\\\/\\\/www.reseau-entreprendre.org\\\/atlantique\\\/wp-content\\\/uploads\\\/sites\\\/44\\\/2023\\\/05\\\/membres-REA-1024x878.png\",\"datePublished\":\"2023-05-02T15:19:55+00:00\",\"dateModified\":\"2023-05-02T15:55:42+00:00\",\"description\":\"350 membres chefs d'entreprise qui s'engagent b\u00e9n\u00e9volement pour accompagner les nouveaux cr\u00e9ateurs d'emplois dans leur projet entrepreneurial.\",\"breadcrumb\":{\"@id\":\"https:\\\/\\\/www.reseau-entreprendre.org\\\/atlantique\\\/nos-membres\\\/#breadcrumb\"},\"inLanguage\":\"fr-FR\",\"potentialAction\":[{\"@type\":\"ReadAction\",\"target\":[\"https:\\\/\\\/www.reseau-entreprendre.org\\\/atlantique\\\/nos-membres\\\/\"]}]},{\"@type\":\"ImageObject\",\"inLanguage\":\"fr-FR\",\"@id\":\"https:\\\/\\\/www.reseau-entreprendre.org\\\/atlantique\\\/nos-membres\\\/#primaryimage\",\"url\":\"https:\\\/\\\/www.reseau-entreprendre.org\\\/atlantique\\\/wp-content\\\/uploads\\\/sites\\\/44\\\/2023\\\/05\\\/membres-REA.png\",\"contentUrl\":\"https:\\\/\\\/www.reseau-entreprendre.org\\\/atlantique\\\/wp-content\\\/uploads\\\/sites\\\/44\\\/2023\\\/05\\\/membres-REA.png\",\"width\":2000,\"height\":1714},{\"@type\":\"BreadcrumbList\",\"@id\":\"https:\\\/\\\/www.reseau-entreprendre.org\\\/atlantique\\\/nos-membres\\\/#breadcrumb\",\"itemListElement\":[{\"@type\":\"ListItem\",\"position\":1,\"name\":\"Accueil\",\"item\":\"https:\\\/\\\/www.reseau-entreprendre.org\\\/atlantique\\\/\"},{\"@type\":\"ListItem\",\"position\":2,\"name\":\"Nos membres\"}]},{\"@type\":\"WebSite\",\"@id\":\"https:\\\/\\\/www.reseau-entreprendre.org\\\/atlantique\\\/#website\",\"url\":\"https:\\\/\\\/www.reseau-entreprendre.org\\\/atlantique\\\/\",\"name\":\"R\u00e9seau Entreprendre Atlantique\",\"description\":\"Un site utilisant Les sites de R\u00e9seau Entreprendre\",\"potentialAction\":[{\"@type\":\"SearchAction\",\"target\":{\"@type\":\"EntryPoint\",\"urlTemplate\":\"https:\\\/\\\/www.reseau-entreprendre.org\\\/atlantique\\\/?s={search_term_string}\"},\"query-input\":{\"@type\":\"PropertyValueSpecification\",\"valueRequired\":true,\"valueName\":\"search_term_string\"}}],\"inLanguage\":\"fr-FR\"}]}<\/script>\n<!-- \/ Yoast SEO plugin. -->","yoast_head_json":{"title":"Nos membres - R\u00e9seau Entreprendre Atlantique","description":"350 membres chefs d'entreprise qui s'engagent b\u00e9n\u00e9volement pour accompagner les nouveaux cr\u00e9ateurs d'emplois dans leur projet entrepreneurial.","robots":{"index":"index","follow":"follow","max-snippet":"max-snippet:-1","max-image-preview":"max-image-preview:large","max-video-preview":"max-video-preview:-1"},"canonical":"https:\/\/www.reseau-entreprendre.org\/atlantique\/nos-membres\/","og_locale":"fr_FR","og_type":"article","og_title":"Nos membres - R\u00e9seau Entreprendre Atlantique","og_description":"350 membres chefs d'entreprise qui s'engagent b\u00e9n\u00e9volement pour accompagner les nouveaux cr\u00e9ateurs d'emplois dans leur projet entrepreneurial.","og_url":"https:\/\/www.reseau-entreprendre.org\/atlantique\/nos-membres\/","og_site_name":"R\u00e9seau Entreprendre Atlantique","article_modified_time":"2023-05-02T15:55:42+00:00","og_image":[{"url":"https:\/\/www.reseau-entreprendre.org\/atlantique\/wp-content\/uploads\/sites\/44\/2023\/05\/membres-REA-1024x878.png","type":"","width":"","height":""}],"twitter_card":"summary_large_image","twitter_misc":{"Dur\u00e9e de lecture estim\u00e9e":"1 minute"},"schema":{"@context":"https:\/\/schema.org","@graph":[{"@type":"WebPage","@id":"https:\/\/www.reseau-entreprendre.org\/atlantique\/nos-membres\/","url":"https:\/\/www.reseau-entreprendre.org\/atlantique\/nos-membres\/","name":"Nos membres - R\u00e9seau Entreprendre Atlantique","isPartOf":{"@id":"https:\/\/www.reseau-entreprendre.org\/atlantique\/#website"},"primaryImageOfPage":{"@id":"https:\/\/www.reseau-entreprendre.org\/atlantique\/nos-membres\/#primaryimage"},"image":{"@id":"https:\/\/www.reseau-entreprendre.org\/atlantique\/nos-membres\/#primaryimage"},"thumbnailUrl":"https:\/\/www.reseau-entreprendre.org\/atlantique\/wp-content\/uploads\/sites\/44\/2023\/05\/membres-REA-1024x878.png","datePublished":"2023-05-02T15:19:55+00:00","dateModified":"2023-05-02T15:55:42+00:00","description":"350 membres chefs d'entreprise qui s'engagent b\u00e9n\u00e9volement pour accompagner les nouveaux cr\u00e9ateurs d'emplois dans leur projet entrepreneurial.","breadcrumb":{"@id":"https:\/\/www.reseau-entreprendre.org\/atlantique\/nos-membres\/#breadcrumb"},"inLanguage":"fr-FR","potentialAction":[{"@type":"ReadAction","target":["https:\/\/www.reseau-entreprendre.org\/atlantique\/nos-membres\/"]}]},{"@type":"ImageObject","inLanguage":"fr-FR","@id":"https:\/\/www.reseau-entreprendre.org\/atlantique\/nos-membres\/#primaryimage","url":"https:\/\/www.reseau-entreprendre.org\/atlantique\/wp-content\/uploads\/sites\/44\/2023\/05\/membres-REA.png","contentUrl":"https:\/\/www.reseau-entreprendre.org\/atlantique\/wp-content\/uploads\/sites\/44\/2023\/05\/membres-REA.png","width":2000,"height":1714},{"@type":"BreadcrumbList","@id":"https:\/\/www.reseau-entreprendre.org\/atlantique\/nos-membres\/#breadcrumb","itemListElement":[{"@type":"ListItem","position":1,"name":"Accueil","item":"https:\/\/www.reseau-entreprendre.org\/atlantique\/"},{"@type":"ListItem","position":2,"name":"Nos membres"}]},{"@type":"WebSite","@id":"https:\/\/www.reseau-entreprendre.org\/atlantique\/#website","url":"https:\/\/www.reseau-entreprendre.org\/atlantique\/","name":"R\u00e9seau Entreprendre Atlantique","description":"Un site utilisant Les sites de R\u00e9seau Entreprendre","potentialAction":[{"@type":"SearchAction","target":{"@type":"EntryPoint","urlTemplate":"https:\/\/www.reseau-entreprendre.org\/atlantique\/?s={search_term_string}"},"query-input":{"@type":"PropertyValueSpecification","valueRequired":true,"valueName":"search_term_string"}}],"inLanguage":"fr-FR"}]}},"_links":{"self":[{"href":"https:\/\/www.reseau-entreprendre.org\/atlantique\/wp-json\/wp\/v2\/pages\/3769","targetHints":{"allow":["GET"]}}],"collection":[{"href":"https:\/\/www.reseau-entreprendre.org\/atlantique\/wp-json\/wp\/v2\/pages"}],"about":[{"href":"https:\/\/www.reseau-entreprendre.org\/atlantique\/wp-json\/wp\/v2\/types\/page"}],"author":[{"embeddable":true,"href":"https:\/\/www.reseau-entreprendre.org\/atlantique\/wp-json\/wp\/v2\/users\/46"}],"replies":[{"embeddable":true,"href":"https:\/\/www.reseau-entreprendre.org\/atlantique\/wp-json\/wp\/v2\/comments?post=3769"}],"version-history":[{"count":0,"href":"https:\/\/www.reseau-entreprendre.org\/atlantique\/wp-json\/wp\/v2\/pages\/3769\/revisions"}],"wp:attachment":[{"href":"https:\/\/www.reseau-entreprendre.org\/atlantique\/wp-json\/wp\/v2\/media?parent=3769"}],"curies":[{"name":"wp","href":"https:\/\/api.w.org\/{rel}","templated":true}]}}