{"id":13,"date":"2017-04-28T12:33:34","date_gmt":"2017-04-28T10:33:34","guid":{"rendered":"http:\/\/re-preprod-entreprendre.fr\/rhone-alpes\/?page_id=13"},"modified":"2021-10-15T11:01:03","modified_gmt":"2021-10-15T09:01:03","slug":"entreprendre","status":"publish","type":"page","link":"https:\/\/www.reseau-entreprendre.org\/auvergne-rhone-alpes\/entreprendre\/","title":{"rendered":"Entreprendre"},"content":{"rendered":"\n<p>L\u2019accompagnement par les associations R\u00e9seau Entreprendre Auvergne Rh\u00f4ne-Alpes s\u2019adresse aux cr\u00e9ateurs, repreneurs et d\u00e9veloppeurs qui, par l\u2019ambition qu\u2019ils portent, leur potentiel entrepreneurial, leur m\u00e9tier et le march\u00e9 auquel ils s\u2019adressent, sont susceptibles de faire de leur entreprise, une PME apte \u00e0 se d\u00e9velopper.<\/p>\n\n\n\n<p><strong>Nos crit\u00e8res d\u2019\u00e9ligibilit\u00e9&nbsp;: <\/strong><\/p>\n\n\n\n<p>&#8211; Il faut que la soci\u00e9t\u00e9 cr\u00e9\u00e9e\/reprise soit implant\u00e9e en Auvergne Rh\u00f4ne-Alpes, que le plan de financement de d\u00e9marrage soit de plus de 70 000 \u20ac, que la soci\u00e9t\u00e9 cr\u00e9\u00e9e\/reprise soit cr\u00e9atrice d\u2019emplois (au moins 5 emplois cr\u00e9\u00e9s ou maintenus \u00e0 3 ans), qu\u2019elle b\u00e9n\u00e9ficie d\u2019un pr\u00eat bancaire.<\/p>\n\n\n\n<p>Nous intervenons jusqu\u2019\u00e0 un an apr\u00e8s d\u00e9marrage de l\u2019activit\u00e9, ou jusqu\u2019\u00e0 6 mois apr\u00e8s la reprise.<\/p>\n\n\n\n<p>Le porteur de projet doit d\u00e9tenir la majorit\u00e9 dans le capital de la soci\u00e9t\u00e9 et avoir un r\u00e9el besoin d\u2019accompagnement.<\/p>\n\n\n\n<div style=\"height:36px\" aria-hidden=\"true\" class=\"wp-block-spacer\"><\/div>\n\n\n\n<figure class=\"wp-block-image\"><img loading=\"lazy\" decoding=\"async\" width=\"819\" height=\"581\" src=\"https:\/\/www.reseau-entreprendre.org\/wp-content\/uploads\/sites\/76\/2017\/04\/Process.png\" alt=\"\" class=\"wp-image-755\" srcset=\"https:\/\/www.reseau-entreprendre.org\/auvergne-rhone-alpes\/wp-content\/uploads\/sites\/76\/2017\/04\/Process.png 819w, https:\/\/www.reseau-entreprendre.org\/auvergne-rhone-alpes\/wp-content\/uploads\/sites\/76\/2017\/04\/Process-300x213.png 300w, https:\/\/www.reseau-entreprendre.org\/auvergne-rhone-alpes\/wp-content\/uploads\/sites\/76\/2017\/04\/Process-768x545.png 768w\" sizes=\"auto, (max-width: 819px) 100vw, 819px\" \/><\/figure>\n\n\n\n<div style=\"height:36px\" aria-hidden=\"true\" class=\"wp-block-spacer\"><\/div>\n\n\n\n<p>Au vu de notre maillage territorial gr\u00e2ce \u00e0 nos 19 implantations, nous pouvons couvrir l\u2019ensemble du territoire Auvergne Rh\u00f4ne-Alpes et appliquer un accompagnement de proximit\u00e9 \u00e0 nos laur\u00e9ats. Par ailleurs, notre ant\u00e9riorit\u00e9 et notre volont\u00e9 de nous appuyer sur les forces vive de l\u2019\u00e9co syst\u00e8me de l\u2019entrepreneuriat, nous encourage \u00e0 d\u00e9velopper continuellement nos partenariats et participer activement au r\u00e9seau.<\/p>\n\n\n\n<p>Concernant plus particuli\u00e8rement notre c\u0153ur de m\u00e9tier&nbsp;: Avant m\u00eame de devenir Laur\u00e9at du r\u00e9seau, le processus de s\u00e9lection est en lui-m\u00eame un accompagnement. En effet, \u00e0 cette \u00e9tape, nous orientons et aidons le candidat \u00e0&nbsp;professionnaliser son projet&nbsp;: rep\u00e9rage des \u00e9tapes de la cr\u00e9ation, analyse et d\u00e9finition des besoins, conseils personnalis\u00e9s, \u00e9valuation du potentiel. L\u2019objectif est de consolider son projet sur les points cl\u00e9s&nbsp;par exemple&nbsp;: accompagner au montage financier, pr\u00e9ciser le plan d\u2019actions commerciales, d\u00e9finir les relations fournisseurs \u2026<\/p>\n\n\n\n<p>Lorsque que le candidat devient laur\u00e9at, il b\u00e9n\u00e9ficie d\u2019un accompagnement triple sur 3 ans\u00a0:<\/p>\n\n\n\n<div style=\"height:20px\" aria-hidden=\"true\" class=\"wp-block-spacer\"><\/div>\n\n\n\n<h5 class=\"wp-block-heading\">\u00b7&nbsp;&nbsp;&nbsp;&nbsp;&nbsp;&nbsp;&nbsp;&nbsp; Un accompagnement personnalis\u00e9 et dans la dur\u00e9e par un entrepreneur exp\u00e9riment\u00e9<\/h5>\n\n\n\n<div style=\"height:8px\" aria-hidden=\"true\" class=\"wp-block-spacer\"><\/div>\n\n\n\n<p>Un&nbsp;chef d&#8217;entreprise adh\u00e9rent&nbsp;de R\u00e9seau Entreprendre Auvergne Rh\u00f4ne-Alpes&nbsp;s&#8217;engage personnellement et b\u00e9n\u00e9volement&nbsp;aupr\u00e8s du nouvel entrepreneur pendant 3 ans. Il le rencontre mensuellement afin de l&#8217;aider \u00e0 exercer son m\u00e9tier de chef d&#8217;entreprise&nbsp;et lui offre son exp\u00e9rience, un&nbsp;accompagnement op\u00e9rationnel&nbsp;ainsi que l&#8217;appui de son propre r\u00e9seau relationnel. Chaque mois, le rendez-vous avec l&#8217;accompagnateur est l&#8217;occasion d&#8217;aider le jeune cr\u00e9ateur \u00e0&nbsp;prendre du recul, de faire le point, de mettre \u00e0 jour son tableau de bord et d&#8217;affiner les pr\u00e9visions. L&#8217;accompagnement favorise et s\u00e9curise la prise de d\u00e9cision. Chaque ann\u00e9e, ce sont plus de&nbsp;27.500 heures de conseils&nbsp;qui sont accord\u00e9es gratuitement dans tout notre r\u00e9seau.<br>8 entreprises sur 10, accompagn\u00e9s par R\u00e9seau Entreprendre, sont toujours en activit\u00e9 apr\u00e8s 5 ann\u00e9es d&#8217;existence.<\/p>\n\n\n\n<div style=\"height:20px\" aria-hidden=\"true\" class=\"wp-block-spacer\"><\/div>\n\n\n\n<h5 class=\"wp-block-heading\">\u00b7&nbsp;&nbsp;&nbsp;&nbsp;&nbsp;&nbsp;&nbsp;&nbsp; Nos clubs de laur\u00e9ats : un lieu d&#8217;\u00e9changes entre entrepreneurs et une formation collective et conviviale<\/h5>\n\n\n\n<div style=\"height:8px\" aria-hidden=\"true\" class=\"wp-block-spacer\"><\/div>\n\n\n\n<p>Rendez-vous mensuel, le club permet au jeune cr\u00e9ateur\/repreneur d&#8217;\u00e9changer r\u00e9guli\u00e8rement et en toute convivialit\u00e9&nbsp;avec d&#8217;autres entrepreneurs dans la m\u00eame situation. C&#8217;est un&nbsp;lieu de contacts et d&#8217;\u00e9coute, un moyen de&nbsp;trouver des conseils&nbsp;et d&#8217;\u00e9viter l&#8217;isolement&nbsp;du nouvel entrepreneur. Il est presque toujours suivi d&#8217;interventions pragmatiques&nbsp;anim\u00e9es par des chefs d&#8217;entreprise.<\/p>\n\n\n\n<div style=\"height:20px\" aria-hidden=\"true\" class=\"wp-block-spacer\"><\/div>\n\n\n\n<h5 class=\"wp-block-heading\">\u00b7&nbsp;&nbsp;&nbsp;&nbsp;&nbsp;&nbsp;&nbsp;&nbsp; Un financement sous forme de pr\u00eat d&#8217;honneur pour abonder les fonds propres de l\u2019entreprise<\/h5>\n\n\n\n<div style=\"height:8px\" aria-hidden=\"true\" class=\"wp-block-spacer\"><\/div>\n\n\n\n<p>Pr\u00eat d\u2019honneur attribu\u00e9 \u00e0 titre personnel remboursable sur 5 ans (dont un diff\u00e9r\u00e9 de 18 mois pour les cr\u00e9ations et de 6 mois pour les reprises. Ce pr\u00eat \u00e0 taux 0 et sans caution ni garantie est donc vers\u00e9 sur le compte personnel. Ces fonds sont ensuite transf\u00e9r\u00e9s dans la soci\u00e9t\u00e9 en capital ou compte courant (bloqu\u00e9 et non r\u00e9mun\u00e9r\u00e9). Le versement s\u2019effectue en deux fois, \u00e0 6 mois minimum d\u2019intervalle sous conditions inscrites dans la convention.<\/p>\n\n\n\n<p>Au-del\u00e0 de notre offre d\u2019accompagnement, en devenant laur\u00e9at du R\u00e9seau Entreprendre Auvergne Rh\u00f4ne Alpes, l\u2019entrepreneur acc\u00e8de \u00e0 des r\u00e9seaux pour gagner du temps au d\u00e9marrage de l&#8217;entreprise. Cette mise en r\u00e9seau unique permettra au jeune entrepreneur de s&#8217;int\u00e9grer et se d\u00e9velopper plus rapidement&nbsp;dans les r\u00e9seaux \u00e9conomiques locaux, nationaux et internationaux via les&nbsp;chefs d&#8217;entreprise adh\u00e9rents&nbsp;de R\u00e9seau Entreprendre.<\/p>\n","protected":false},"excerpt":{"rendered":"<p>L\u2019accompagnement par les associations R\u00e9seau Entreprendre Auvergne Rh\u00f4ne-Alpes s\u2019adresse aux<\/p>\n","protected":false},"author":1,"featured_media":0,"parent":0,"menu_order":0,"comment_status":"closed","ping_status":"closed","template":"","meta":{"_acf_changed":false,"_monsterinsights_skip_tracking":false,"_monsterinsights_sitenote_active":false,"_monsterinsights_sitenote_note":"","_monsterinsights_sitenote_category":0,"footnotes":""},"class_list":["post-13","page","type-page","status-publish","hentry"],"acf":[],"yoast_head":"<!-- This site is optimized with the Yoast SEO plugin v27.4 - https:\/\/yoast.com\/product\/yoast-seo-wordpress\/ -->\n<title>Entreprendre et Reprendre | Reseau Entreprendre Bretagne<\/title>\n<meta name=\"description\" content=\"Vous avez un projet de cr\u00e9ation d&#039;entreprise ? R\u00e9seau Entreprendre Bretagne vous accompagne gratuitement et dans la dur\u00e9e\" \/>\n<meta name=\"robots\" content=\"index, follow, max-snippet:-1, max-image-preview:large, max-video-preview:-1\" \/>\n<link rel=\"canonical\" href=\"https:\/\/www.reseau-entreprendre.org\/auvergne-rhone-alpes\/entreprendre\/\" \/>\n<meta property=\"og:locale\" content=\"fr_FR\" \/>\n<meta property=\"og:type\" content=\"article\" \/>\n<meta property=\"og:title\" content=\"D\u00e9couvrez l&#039;impact de R\u00e9seau Entreprendre\" \/>\n<meta property=\"og:description\" content=\"Vous avez un projet de cr\u00e9ation d&#039;entreprise ? R\u00e9seau Entreprendre Bretagne vous accompagne gratuitement et dans la dur\u00e9e\" \/>\n<meta property=\"og:url\" content=\"https:\/\/www.reseau-entreprendre.org\/auvergne-rhone-alpes\/entreprendre\/\" \/>\n<meta property=\"og:site_name\" content=\"R\u00e9seau Entreprendre Auvergne Rh\u00f4ne-Alpes\" \/>\n<meta property=\"article:modified_time\" content=\"2021-10-15T09:01:03+00:00\" \/>\n<meta property=\"og:image\" content=\"https:\/\/www.reseau-entreprendre.org\/wp-content\/uploads\/sites\/76\/2017\/04\/Process.png\" \/>\n<meta name=\"twitter:card\" content=\"summary_large_image\" \/>\n<meta name=\"twitter:label1\" content=\"Dur\u00e9e de lecture estim\u00e9e\" \/>\n\t<meta name=\"twitter:data1\" content=\"3 minutes\" \/>\n<script type=\"application\/ld+json\" class=\"yoast-schema-graph\">{\"@context\":\"https:\\\/\\\/schema.org\",\"@graph\":[{\"@type\":\"WebPage\",\"@id\":\"https:\\\/\\\/www.reseau-entreprendre.org\\\/auvergne-rhone-alpes\\\/entreprendre\\\/\",\"url\":\"https:\\\/\\\/www.reseau-entreprendre.org\\\/auvergne-rhone-alpes\\\/entreprendre\\\/\",\"name\":\"Entreprendre et Reprendre | Reseau Entreprendre Bretagne\",\"isPartOf\":{\"@id\":\"https:\\\/\\\/www.reseau-entreprendre.org\\\/auvergne-rhone-alpes\\\/#website\"},\"primaryImageOfPage\":{\"@id\":\"https:\\\/\\\/www.reseau-entreprendre.org\\\/auvergne-rhone-alpes\\\/entreprendre\\\/#primaryimage\"},\"image\":{\"@id\":\"https:\\\/\\\/www.reseau-entreprendre.org\\\/auvergne-rhone-alpes\\\/entreprendre\\\/#primaryimage\"},\"thumbnailUrl\":\"https:\\\/\\\/www.reseau-entreprendre.org\\\/wp-content\\\/uploads\\\/sites\\\/76\\\/2017\\\/04\\\/Process.png\",\"datePublished\":\"2017-04-28T10:33:34+00:00\",\"dateModified\":\"2021-10-15T09:01:03+00:00\",\"description\":\"Vous avez un projet de cr\u00e9ation d'entreprise ? R\u00e9seau Entreprendre Bretagne vous accompagne gratuitement et dans la dur\u00e9e\",\"breadcrumb\":{\"@id\":\"https:\\\/\\\/www.reseau-entreprendre.org\\\/auvergne-rhone-alpes\\\/entreprendre\\\/#breadcrumb\"},\"inLanguage\":\"fr-FR\",\"potentialAction\":[{\"@type\":\"ReadAction\",\"target\":[\"https:\\\/\\\/www.reseau-entreprendre.org\\\/auvergne-rhone-alpes\\\/entreprendre\\\/\"]}]},{\"@type\":\"ImageObject\",\"inLanguage\":\"fr-FR\",\"@id\":\"https:\\\/\\\/www.reseau-entreprendre.org\\\/auvergne-rhone-alpes\\\/entreprendre\\\/#primaryimage\",\"url\":\"https:\\\/\\\/www.reseau-entreprendre.org\\\/wp-content\\\/uploads\\\/sites\\\/76\\\/2017\\\/04\\\/Process.png\",\"contentUrl\":\"https:\\\/\\\/www.reseau-entreprendre.org\\\/wp-content\\\/uploads\\\/sites\\\/76\\\/2017\\\/04\\\/Process.png\"},{\"@type\":\"BreadcrumbList\",\"@id\":\"https:\\\/\\\/www.reseau-entreprendre.org\\\/auvergne-rhone-alpes\\\/entreprendre\\\/#breadcrumb\",\"itemListElement\":[{\"@type\":\"ListItem\",\"position\":1,\"name\":\"Accueil\",\"item\":\"https:\\\/\\\/www.reseau-entreprendre.org\\\/auvergne-rhone-alpes\\\/\"},{\"@type\":\"ListItem\",\"position\":2,\"name\":\"Entreprendre\"}]},{\"@type\":\"WebSite\",\"@id\":\"https:\\\/\\\/www.reseau-entreprendre.org\\\/auvergne-rhone-alpes\\\/#website\",\"url\":\"https:\\\/\\\/www.reseau-entreprendre.org\\\/auvergne-rhone-alpes\\\/\",\"name\":\"R\u00e9seau Entreprendre Auvergne Rh\u00f4ne-Alpes\",\"description\":\"Un site utilisant Les sites de R\u00e9seau Entreprendre\",\"potentialAction\":[{\"@type\":\"SearchAction\",\"target\":{\"@type\":\"EntryPoint\",\"urlTemplate\":\"https:\\\/\\\/www.reseau-entreprendre.org\\\/auvergne-rhone-alpes\\\/?s={search_term_string}\"},\"query-input\":{\"@type\":\"PropertyValueSpecification\",\"valueRequired\":true,\"valueName\":\"search_term_string\"}}],\"inLanguage\":\"fr-FR\"}]}<\/script>\n<!-- \/ Yoast SEO plugin. -->","yoast_head_json":{"title":"Entreprendre et Reprendre | Reseau Entreprendre Bretagne","description":"Vous avez un projet de cr\u00e9ation d'entreprise ? R\u00e9seau Entreprendre Bretagne vous accompagne gratuitement et dans la dur\u00e9e","robots":{"index":"index","follow":"follow","max-snippet":"max-snippet:-1","max-image-preview":"max-image-preview:large","max-video-preview":"max-video-preview:-1"},"canonical":"https:\/\/www.reseau-entreprendre.org\/auvergne-rhone-alpes\/entreprendre\/","og_locale":"fr_FR","og_type":"article","og_title":"D\u00e9couvrez l'impact de R\u00e9seau Entreprendre","og_description":"Vous avez un projet de cr\u00e9ation d'entreprise ? R\u00e9seau Entreprendre Bretagne vous accompagne gratuitement et dans la dur\u00e9e","og_url":"https:\/\/www.reseau-entreprendre.org\/auvergne-rhone-alpes\/entreprendre\/","og_site_name":"R\u00e9seau Entreprendre Auvergne Rh\u00f4ne-Alpes","article_modified_time":"2021-10-15T09:01:03+00:00","og_image":[{"url":"https:\/\/www.reseau-entreprendre.org\/wp-content\/uploads\/sites\/76\/2017\/04\/Process.png","type":"","width":"","height":""}],"twitter_card":"summary_large_image","twitter_misc":{"Dur\u00e9e de lecture estim\u00e9e":"3 minutes"},"schema":{"@context":"https:\/\/schema.org","@graph":[{"@type":"WebPage","@id":"https:\/\/www.reseau-entreprendre.org\/auvergne-rhone-alpes\/entreprendre\/","url":"https:\/\/www.reseau-entreprendre.org\/auvergne-rhone-alpes\/entreprendre\/","name":"Entreprendre et Reprendre | Reseau Entreprendre Bretagne","isPartOf":{"@id":"https:\/\/www.reseau-entreprendre.org\/auvergne-rhone-alpes\/#website"},"primaryImageOfPage":{"@id":"https:\/\/www.reseau-entreprendre.org\/auvergne-rhone-alpes\/entreprendre\/#primaryimage"},"image":{"@id":"https:\/\/www.reseau-entreprendre.org\/auvergne-rhone-alpes\/entreprendre\/#primaryimage"},"thumbnailUrl":"https:\/\/www.reseau-entreprendre.org\/wp-content\/uploads\/sites\/76\/2017\/04\/Process.png","datePublished":"2017-04-28T10:33:34+00:00","dateModified":"2021-10-15T09:01:03+00:00","description":"Vous avez un projet de cr\u00e9ation d'entreprise ? R\u00e9seau Entreprendre Bretagne vous accompagne gratuitement et dans la dur\u00e9e","breadcrumb":{"@id":"https:\/\/www.reseau-entreprendre.org\/auvergne-rhone-alpes\/entreprendre\/#breadcrumb"},"inLanguage":"fr-FR","potentialAction":[{"@type":"ReadAction","target":["https:\/\/www.reseau-entreprendre.org\/auvergne-rhone-alpes\/entreprendre\/"]}]},{"@type":"ImageObject","inLanguage":"fr-FR","@id":"https:\/\/www.reseau-entreprendre.org\/auvergne-rhone-alpes\/entreprendre\/#primaryimage","url":"https:\/\/www.reseau-entreprendre.org\/wp-content\/uploads\/sites\/76\/2017\/04\/Process.png","contentUrl":"https:\/\/www.reseau-entreprendre.org\/wp-content\/uploads\/sites\/76\/2017\/04\/Process.png"},{"@type":"BreadcrumbList","@id":"https:\/\/www.reseau-entreprendre.org\/auvergne-rhone-alpes\/entreprendre\/#breadcrumb","itemListElement":[{"@type":"ListItem","position":1,"name":"Accueil","item":"https:\/\/www.reseau-entreprendre.org\/auvergne-rhone-alpes\/"},{"@type":"ListItem","position":2,"name":"Entreprendre"}]},{"@type":"WebSite","@id":"https:\/\/www.reseau-entreprendre.org\/auvergne-rhone-alpes\/#website","url":"https:\/\/www.reseau-entreprendre.org\/auvergne-rhone-alpes\/","name":"R\u00e9seau Entreprendre Auvergne Rh\u00f4ne-Alpes","description":"Un site utilisant Les sites de R\u00e9seau Entreprendre","potentialAction":[{"@type":"SearchAction","target":{"@type":"EntryPoint","urlTemplate":"https:\/\/www.reseau-entreprendre.org\/auvergne-rhone-alpes\/?s={search_term_string}"},"query-input":{"@type":"PropertyValueSpecification","valueRequired":true,"valueName":"search_term_string"}}],"inLanguage":"fr-FR"}]}},"_links":{"self":[{"href":"https:\/\/www.reseau-entreprendre.org\/auvergne-rhone-alpes\/wp-json\/wp\/v2\/pages\/13","targetHints":{"allow":["GET"]}}],"collection":[{"href":"https:\/\/www.reseau-entreprendre.org\/auvergne-rhone-alpes\/wp-json\/wp\/v2\/pages"}],"about":[{"href":"https:\/\/www.reseau-entreprendre.org\/auvergne-rhone-alpes\/wp-json\/wp\/v2\/types\/page"}],"author":[{"embeddable":true,"href":"https:\/\/www.reseau-entreprendre.org\/auvergne-rhone-alpes\/wp-json\/wp\/v2\/users\/1"}],"replies":[{"embeddable":true,"href":"https:\/\/www.reseau-entreprendre.org\/auvergne-rhone-alpes\/wp-json\/wp\/v2\/comments?post=13"}],"version-history":[{"count":0,"href":"https:\/\/www.reseau-entreprendre.org\/auvergne-rhone-alpes\/wp-json\/wp\/v2\/pages\/13\/revisions"}],"wp:attachment":[{"href":"https:\/\/www.reseau-entreprendre.org\/auvergne-rhone-alpes\/wp-json\/wp\/v2\/media?parent=13"}],"curies":[{"name":"wp","href":"https:\/\/api.w.org\/{rel}","templated":true}]}}