{"id":15,"date":"2017-04-28T12:33:47","date_gmt":"2017-04-28T10:33:47","guid":{"rendered":"http:\/\/re-preprod-entreprendre.fr\/rhone-alpes\/?page_id=15"},"modified":"2021-10-14T17:10:27","modified_gmt":"2021-10-14T15:10:27","slug":"accompagner","status":"publish","type":"page","link":"https:\/\/www.reseau-entreprendre.org\/auvergne-rhone-alpes\/accompagner\/","title":{"rendered":"Accompagner"},"content":{"rendered":"\n<p>R\u00e9seau Entreprendre Auvergne Rh\u00f4ne-Alpes compte actuellement plus de 1700 membres. Ils sont d\u2019anciens cr\u00e9ateurs, patrons de PME ou dirigeants d\u2019entreprises qui lib\u00e8rent du temps pour intervenir directement aupr\u00e8s des cr\u00e9ateurs.<\/p>\n\n\n\n<p>Les membres nous rejoignent pour :<\/p>\n\n\n\n<ul class=\"wp-block-list\"><li>Contribuer au d\u00e9veloppement \u00e9conomique rhodanien<\/li><li>Animer, t\u00e9moigner et transmettre leur passion d\u2019entreprendre<\/li><li>S\u2019enrichir en \u00e9tant r\u00e9guli\u00e8rement en contact avec le dynamisme et l\u2019esprit novateur de cr\u00e9ateurs d\u2019entreprise<\/li><li>Apporter leur savoir-faire, leur expertise et leurs propres exp\u00e9riences<\/li><li>Participer \u00e0 la vie de R\u00e9seau (visites d\u2019entreprise, clubs festif \u2026) et notamment \u00e0 nos 4 grands \u00e9v\u00e9nements annuels : L\u2019Assembl\u00e9e G\u00e9n\u00e9rale, La Conviviale, La Soir\u00e9e Nouveaux membres et notre F\u00eate des laur\u00e9ats, toujours dans un esprit de convivialit\u00e9,<\/li><li>Soutenir financi\u00e8rement l\u2019Association afin de lui garantir un bon fonctionnement, l\u2019ind\u00e9pendance et la stabilit\u00e9.<\/li><\/ul>\n\n\n\n<p>Leur engagement est vecteur de <strong>valeur ajout\u00e9e pour les porteurs de projet et pour les laur\u00e9ats<\/strong>.<\/p>\n","protected":false},"excerpt":{"rendered":"<p>R\u00e9seau Entreprendre Auvergne Rh\u00f4ne-Alpes compte actuellement plus de 1700 membres.<\/p>\n","protected":false},"author":1,"featured_media":0,"parent":0,"menu_order":0,"comment_status":"closed","ping_status":"closed","template":"","meta":{"_acf_changed":false,"_monsterinsights_skip_tracking":false,"_monsterinsights_sitenote_active":false,"_monsterinsights_sitenote_note":"","_monsterinsights_sitenote_category":0,"footnotes":""},"class_list":["post-15","page","type-page","status-publish","hentry"],"acf":[],"yoast_head":"<!-- This site is optimized with the Yoast SEO plugin v27.4 - https:\/\/yoast.com\/product\/yoast-seo-wordpress\/ -->\n<title>Accompagner| Reseau Entreprendre Bretagne<\/title>\n<meta name=\"description\" content=\"Vous \u00eates chef d&#039;entreprise et souhaitez accompagner de nouveaux entrepreneurs ? Devenez membre b\u00e9n\u00e9vole de R\u00e9seau Entreprendre Bretagne !\" \/>\n<meta name=\"robots\" content=\"index, follow, max-snippet:-1, max-image-preview:large, max-video-preview:-1\" \/>\n<link rel=\"canonical\" href=\"https:\/\/www.reseau-entreprendre.org\/auvergne-rhone-alpes\/accompagner\/\" \/>\n<meta property=\"og:locale\" content=\"fr_FR\" \/>\n<meta property=\"og:type\" content=\"article\" \/>\n<meta property=\"og:title\" content=\"Accompagner| Reseau Entreprendre Bretagne\" \/>\n<meta property=\"og:description\" content=\"Vous \u00eates chef d&#039;entreprise et souhaitez accompagner de nouveaux entrepreneurs ? Devenez membre b\u00e9n\u00e9vole de R\u00e9seau Entreprendre Bretagne !\" \/>\n<meta property=\"og:url\" content=\"https:\/\/www.reseau-entreprendre.org\/auvergne-rhone-alpes\/accompagner\/\" \/>\n<meta property=\"og:site_name\" content=\"R\u00e9seau Entreprendre Auvergne Rh\u00f4ne-Alpes\" \/>\n<meta property=\"article:modified_time\" content=\"2021-10-14T15:10:27+00:00\" \/>\n<meta name=\"twitter:card\" content=\"summary_large_image\" \/>\n<meta name=\"twitter:label1\" content=\"Dur\u00e9e de lecture estim\u00e9e\" \/>\n\t<meta name=\"twitter:data1\" content=\"1 minute\" \/>\n<script type=\"application\/ld+json\" class=\"yoast-schema-graph\">{\"@context\":\"https:\\\/\\\/schema.org\",\"@graph\":[{\"@type\":\"WebPage\",\"@id\":\"https:\\\/\\\/www.reseau-entreprendre.org\\\/auvergne-rhone-alpes\\\/accompagner\\\/\",\"url\":\"https:\\\/\\\/www.reseau-entreprendre.org\\\/auvergne-rhone-alpes\\\/accompagner\\\/\",\"name\":\"Accompagner| Reseau Entreprendre Bretagne\",\"isPartOf\":{\"@id\":\"https:\\\/\\\/www.reseau-entreprendre.org\\\/auvergne-rhone-alpes\\\/#website\"},\"datePublished\":\"2017-04-28T10:33:47+00:00\",\"dateModified\":\"2021-10-14T15:10:27+00:00\",\"description\":\"Vous \u00eates chef d'entreprise et souhaitez accompagner de nouveaux entrepreneurs ? Devenez membre b\u00e9n\u00e9vole de R\u00e9seau Entreprendre Bretagne !\",\"breadcrumb\":{\"@id\":\"https:\\\/\\\/www.reseau-entreprendre.org\\\/auvergne-rhone-alpes\\\/accompagner\\\/#breadcrumb\"},\"inLanguage\":\"fr-FR\",\"potentialAction\":[{\"@type\":\"ReadAction\",\"target\":[\"https:\\\/\\\/www.reseau-entreprendre.org\\\/auvergne-rhone-alpes\\\/accompagner\\\/\"]}]},{\"@type\":\"BreadcrumbList\",\"@id\":\"https:\\\/\\\/www.reseau-entreprendre.org\\\/auvergne-rhone-alpes\\\/accompagner\\\/#breadcrumb\",\"itemListElement\":[{\"@type\":\"ListItem\",\"position\":1,\"name\":\"Accueil\",\"item\":\"https:\\\/\\\/www.reseau-entreprendre.org\\\/auvergne-rhone-alpes\\\/\"},{\"@type\":\"ListItem\",\"position\":2,\"name\":\"Accompagner\"}]},{\"@type\":\"WebSite\",\"@id\":\"https:\\\/\\\/www.reseau-entreprendre.org\\\/auvergne-rhone-alpes\\\/#website\",\"url\":\"https:\\\/\\\/www.reseau-entreprendre.org\\\/auvergne-rhone-alpes\\\/\",\"name\":\"R\u00e9seau Entreprendre Auvergne Rh\u00f4ne-Alpes\",\"description\":\"Un site utilisant Les sites de R\u00e9seau Entreprendre\",\"potentialAction\":[{\"@type\":\"SearchAction\",\"target\":{\"@type\":\"EntryPoint\",\"urlTemplate\":\"https:\\\/\\\/www.reseau-entreprendre.org\\\/auvergne-rhone-alpes\\\/?s={search_term_string}\"},\"query-input\":{\"@type\":\"PropertyValueSpecification\",\"valueRequired\":true,\"valueName\":\"search_term_string\"}}],\"inLanguage\":\"fr-FR\"}]}<\/script>\n<!-- \/ Yoast SEO plugin. -->","yoast_head_json":{"title":"Accompagner| Reseau Entreprendre Bretagne","description":"Vous \u00eates chef d'entreprise et souhaitez accompagner de nouveaux entrepreneurs ? Devenez membre b\u00e9n\u00e9vole de R\u00e9seau Entreprendre Bretagne !","robots":{"index":"index","follow":"follow","max-snippet":"max-snippet:-1","max-image-preview":"max-image-preview:large","max-video-preview":"max-video-preview:-1"},"canonical":"https:\/\/www.reseau-entreprendre.org\/auvergne-rhone-alpes\/accompagner\/","og_locale":"fr_FR","og_type":"article","og_title":"Accompagner| Reseau Entreprendre Bretagne","og_description":"Vous \u00eates chef d'entreprise et souhaitez accompagner de nouveaux entrepreneurs ? Devenez membre b\u00e9n\u00e9vole de R\u00e9seau Entreprendre Bretagne !","og_url":"https:\/\/www.reseau-entreprendre.org\/auvergne-rhone-alpes\/accompagner\/","og_site_name":"R\u00e9seau Entreprendre Auvergne Rh\u00f4ne-Alpes","article_modified_time":"2021-10-14T15:10:27+00:00","twitter_card":"summary_large_image","twitter_misc":{"Dur\u00e9e de lecture estim\u00e9e":"1 minute"},"schema":{"@context":"https:\/\/schema.org","@graph":[{"@type":"WebPage","@id":"https:\/\/www.reseau-entreprendre.org\/auvergne-rhone-alpes\/accompagner\/","url":"https:\/\/www.reseau-entreprendre.org\/auvergne-rhone-alpes\/accompagner\/","name":"Accompagner| Reseau Entreprendre Bretagne","isPartOf":{"@id":"https:\/\/www.reseau-entreprendre.org\/auvergne-rhone-alpes\/#website"},"datePublished":"2017-04-28T10:33:47+00:00","dateModified":"2021-10-14T15:10:27+00:00","description":"Vous \u00eates chef d'entreprise et souhaitez accompagner de nouveaux entrepreneurs ? Devenez membre b\u00e9n\u00e9vole de R\u00e9seau Entreprendre Bretagne !","breadcrumb":{"@id":"https:\/\/www.reseau-entreprendre.org\/auvergne-rhone-alpes\/accompagner\/#breadcrumb"},"inLanguage":"fr-FR","potentialAction":[{"@type":"ReadAction","target":["https:\/\/www.reseau-entreprendre.org\/auvergne-rhone-alpes\/accompagner\/"]}]},{"@type":"BreadcrumbList","@id":"https:\/\/www.reseau-entreprendre.org\/auvergne-rhone-alpes\/accompagner\/#breadcrumb","itemListElement":[{"@type":"ListItem","position":1,"name":"Accueil","item":"https:\/\/www.reseau-entreprendre.org\/auvergne-rhone-alpes\/"},{"@type":"ListItem","position":2,"name":"Accompagner"}]},{"@type":"WebSite","@id":"https:\/\/www.reseau-entreprendre.org\/auvergne-rhone-alpes\/#website","url":"https:\/\/www.reseau-entreprendre.org\/auvergne-rhone-alpes\/","name":"R\u00e9seau Entreprendre Auvergne Rh\u00f4ne-Alpes","description":"Un site utilisant Les sites de R\u00e9seau Entreprendre","potentialAction":[{"@type":"SearchAction","target":{"@type":"EntryPoint","urlTemplate":"https:\/\/www.reseau-entreprendre.org\/auvergne-rhone-alpes\/?s={search_term_string}"},"query-input":{"@type":"PropertyValueSpecification","valueRequired":true,"valueName":"search_term_string"}}],"inLanguage":"fr-FR"}]}},"_links":{"self":[{"href":"https:\/\/www.reseau-entreprendre.org\/auvergne-rhone-alpes\/wp-json\/wp\/v2\/pages\/15","targetHints":{"allow":["GET"]}}],"collection":[{"href":"https:\/\/www.reseau-entreprendre.org\/auvergne-rhone-alpes\/wp-json\/wp\/v2\/pages"}],"about":[{"href":"https:\/\/www.reseau-entreprendre.org\/auvergne-rhone-alpes\/wp-json\/wp\/v2\/types\/page"}],"author":[{"embeddable":true,"href":"https:\/\/www.reseau-entreprendre.org\/auvergne-rhone-alpes\/wp-json\/wp\/v2\/users\/1"}],"replies":[{"embeddable":true,"href":"https:\/\/www.reseau-entreprendre.org\/auvergne-rhone-alpes\/wp-json\/wp\/v2\/comments?post=15"}],"version-history":[{"count":0,"href":"https:\/\/www.reseau-entreprendre.org\/auvergne-rhone-alpes\/wp-json\/wp\/v2\/pages\/15\/revisions"}],"wp:attachment":[{"href":"https:\/\/www.reseau-entreprendre.org\/auvergne-rhone-alpes\/wp-json\/wp\/v2\/media?parent=15"}],"curies":[{"name":"wp","href":"https:\/\/api.w.org\/{rel}","templated":true}]}}