{"id":761,"date":"2017-10-11T09:42:45","date_gmt":"2017-10-11T07:42:45","guid":{"rendered":"http:\/\/re-preprod-entreprendre.fr\/auvergne-rhone-alpes\/?page_id=761"},"modified":"2021-10-15T11:28:17","modified_gmt":"2021-10-15T09:28:17","slug":"contactez-association-locale","status":"publish","type":"page","link":"https:\/\/www.reseau-entreprendre.org\/auvergne-rhone-alpes\/contactez-association-locale\/","title":{"rendered":"Contactez votre association locale"},"content":{"rendered":"\n<h3 class=\"has-re-red-color has-text-color wp-block-heading\">R\u00e9seau Entreprendre Auvergne<\/h3>\n\n\n\n<p class=\"has-text-align-left\">42, 44 rue Georges Besse<br>Le Brezet<br>63100 CLERMONT-FERRAND<br>T\u00e9l : 04 73 92 85 11<\/p>\n\n\n\n<p class=\"has-text-align-left\"><a href=\"https:\/\/www.reseau-entreprendre.org\/auvergne\/\">https:\/\/www.reseau-entreprendre.org\/auvergne\/<\/a><\/p>\n\n\n\n<p class=\"has-text-align-left\">&nbsp;<\/p>\n\n\n\n<h3 class=\"has-re-red-color has-text-color wp-block-heading\">R\u00e9seau Entreprendre Ain Val de Sa\u00f4ne<\/h3>\n\n\n\n<p class=\"has-text-align-left\">5 Boulevard Paul Val\u00e9ry,<br>01000 Bourg-en-Bresse<br>04 74 21 88 07<\/p>\n\n\n\n<p class=\"has-text-align-left\"><a href=\"https:\/\/www.reseau-entreprendre.org\/ain-val-de-saone\/\">https:\/\/www.reseau-entreprendre.org\/ain-val-de-saone\/<\/a><\/p>\n\n\n\n<p class=\"has-text-align-left\">&nbsp;<\/p>\n\n\n\n<h3 class=\"has-re-red-color has-text-color wp-block-heading\">R\u00e9seau Entreprendre Dr\u00f4me-Ard\u00e8che<\/h3>\n\n\n\n<p class=\"has-text-align-left\">150 Avenue de Lyon,<br>26500 Bourg-l\u00e8s-Valence<br>T\u00e9l : 04 75 82 21 92<\/p>\n\n\n\n<p class=\"has-text-align-left\"><a href=\"https:\/\/www.reseau-entreprendre.org\/drome-ardeche\/\">https:\/\/www.reseau-entreprendre.org\/drome-ardeche\/<\/a><\/p>\n\n\n\n<p class=\"has-text-align-left\">&nbsp;<\/p>\n\n\n\n<h3 class=\"has-re-red-color has-text-color wp-block-heading\">R\u00e9seau Entreprendre Haute-Savoie<\/h3>\n\n\n\n<p><meta http-equiv=\"content-type\" content=\"text\/html; charset=utf-8\">La Ravoire<br>74370 Metz-Tessy<br>T\u00e9l : 04 50 51 58 97<\/p>\n\n\n\n<p class=\"has-text-align-left\"><a href=\"https:\/\/www.reseau-entreprendre.org\/haute-savoie\/\">https:\/\/www.reseau-entreprendre.org\/haute-savoie\/<\/a><\/p>\n\n\n\n<p class=\"has-text-align-left\">&nbsp;<\/p>\n\n\n\n<h3 class=\"has-re-red-color has-text-color wp-block-heading\">R\u00e9seau Entreprendre Is\u00e8re<\/h3>\n\n\n\n<p class=\"has-text-align-left\">H\u00f4tel d\u2019Entreprises Petite Halle<br>ZAC Bouchayet Viallet<br>31 rue Gustave Eiffel<br>38000&nbsp;GRENOBLE<br>T\u00e9l :&nbsp;<a class=\"fl r-i6BpG_mGYYaE\" title=\"Appeler avec Hangouts\">04 76 69 63 77<\/a><\/p>\n\n\n\n<p class=\"has-text-align-left\"><a href=\"https:\/\/www.reseau-entreprendre.org\/isere\/\">https:\/\/www.reseau-entreprendre.org\/isere\/<\/a><\/p>\n\n\n\n<p class=\"has-text-align-left\">&nbsp;<\/p>\n\n\n\n<h3 class=\"has-re-red-color has-text-color wp-block-heading\">R\u00e9seau Entreprendre Loire<\/h3>\n\n\n\n<p class=\"has-text-align-left\">B\u00e2timent des Hautes Technologies<br>20 rue du Professeur Beno\u00eet Lauras<br>42000&nbsp;SAINT ETIENNE<br>T\u00e9l : 04 77 93 51 13<\/p>\n\n\n\n<p class=\"has-text-align-left\"><a href=\"https:\/\/www.reseau-entreprendre.org\/loire\/\">https:\/\/www.reseau-entreprendre.org\/loire\/<\/a><\/p>\n\n\n\n<h3 class=\"wp-block-heading\">&nbsp;<\/h3>\n\n\n\n<h3 class=\"has-re-red-color has-text-color wp-block-heading\">R\u00e9seau Entreprendre Rh\u00f4ne<\/h3>\n\n\n\n<p class=\"has-text-align-left\">39 rue de la cit\u00e9<br>69003&nbsp;LYON<br><a class=\"fl r-imGw8ZU__xYc\" title=\"Appeler avec Hangouts\">T\u00e9l : 04 37 28 50 21<\/a><\/p>\n\n\n\n<p class=\"has-text-align-left\"><a href=\"https:\/\/www.reseau-entreprendre.org\/rhone\/\">https:\/\/www.reseau-entreprendre.org\/rhone\/<\/a><\/p>\n\n\n\n<h3 class=\"wp-block-heading\">&nbsp;<\/h3>\n\n\n\n<h3 class=\"has-re-red-color has-text-color wp-block-heading\">R\u00e9seau Entreprendre Savoie<\/h3>\n\n\n\n<p class=\"has-text-align-left\">SCDC Groupe GDF-Suez<br>ZI de Bissy<br>193 rue du Pr\u00e9 Demaison,<br>73 000 Chamb\u00e9ry<br>T\u00e9l : 04 79 25 91 61<\/p>\n\n\n\n<p class=\"has-text-align-left\"><a href=\"https:\/\/www.reseau-entreprendre.org\/savoie\/\">https:\/\/www.reseau-entreprendre.org\/savoie\/<\/a><\/p>\n","protected":false},"excerpt":{"rendered":"<p>R\u00e9seau Entreprendre Auvergne 42, 44 rue Georges BesseLe Brezet63100 CLERMONT-FERRANDT\u00e9l<\/p>\n","protected":false},"author":91,"featured_media":0,"parent":0,"menu_order":0,"comment_status":"closed","ping_status":"closed","template":"","meta":{"_acf_changed":false,"_monsterinsights_skip_tracking":false,"_monsterinsights_sitenote_active":false,"_monsterinsights_sitenote_note":"","_monsterinsights_sitenote_category":0,"footnotes":""},"class_list":["post-761","page","type-page","status-publish","hentry"],"acf":[],"yoast_head":"<!-- This site is optimized with the Yoast SEO plugin v27.4 - https:\/\/yoast.com\/product\/yoast-seo-wordpress\/ -->\n<title>Contactez votre association locale - R\u00e9seau Entreprendre Auvergne Rh\u00f4ne-Alpes<\/title>\n<meta name=\"robots\" content=\"index, follow, max-snippet:-1, max-image-preview:large, max-video-preview:-1\" \/>\n<link rel=\"canonical\" href=\"https:\/\/www.reseau-entreprendre.org\/auvergne-rhone-alpes\/contactez-association-locale\/\" \/>\n<meta property=\"og:locale\" content=\"fr_FR\" \/>\n<meta property=\"og:type\" content=\"article\" \/>\n<meta property=\"og:title\" content=\"Contactez votre association locale - R\u00e9seau Entreprendre Auvergne Rh\u00f4ne-Alpes\" \/>\n<meta property=\"og:description\" content=\"R\u00e9seau Entreprendre Auvergne 42, 44 rue Georges BesseLe Brezet63100 CLERMONT-FERRANDT\u00e9l\" \/>\n<meta property=\"og:url\" content=\"https:\/\/www.reseau-entreprendre.org\/auvergne-rhone-alpes\/contactez-association-locale\/\" \/>\n<meta property=\"og:site_name\" content=\"R\u00e9seau Entreprendre Auvergne Rh\u00f4ne-Alpes\" \/>\n<meta property=\"article:modified_time\" content=\"2021-10-15T09:28:17+00:00\" \/>\n<meta name=\"twitter:card\" content=\"summary_large_image\" \/>\n<meta name=\"twitter:label1\" content=\"Dur\u00e9e de lecture estim\u00e9e\" \/>\n\t<meta name=\"twitter:data1\" content=\"1 minute\" \/>\n<script type=\"application\/ld+json\" class=\"yoast-schema-graph\">{\"@context\":\"https:\\\/\\\/schema.org\",\"@graph\":[{\"@type\":\"WebPage\",\"@id\":\"https:\\\/\\\/www.reseau-entreprendre.org\\\/auvergne-rhone-alpes\\\/contactez-association-locale\\\/\",\"url\":\"https:\\\/\\\/www.reseau-entreprendre.org\\\/auvergne-rhone-alpes\\\/contactez-association-locale\\\/\",\"name\":\"Contactez votre association locale - R\u00e9seau Entreprendre Auvergne Rh\u00f4ne-Alpes\",\"isPartOf\":{\"@id\":\"https:\\\/\\\/www.reseau-entreprendre.org\\\/auvergne-rhone-alpes\\\/#website\"},\"datePublished\":\"2017-10-11T07:42:45+00:00\",\"dateModified\":\"2021-10-15T09:28:17+00:00\",\"breadcrumb\":{\"@id\":\"https:\\\/\\\/www.reseau-entreprendre.org\\\/auvergne-rhone-alpes\\\/contactez-association-locale\\\/#breadcrumb\"},\"inLanguage\":\"fr-FR\",\"potentialAction\":[{\"@type\":\"ReadAction\",\"target\":[\"https:\\\/\\\/www.reseau-entreprendre.org\\\/auvergne-rhone-alpes\\\/contactez-association-locale\\\/\"]}]},{\"@type\":\"BreadcrumbList\",\"@id\":\"https:\\\/\\\/www.reseau-entreprendre.org\\\/auvergne-rhone-alpes\\\/contactez-association-locale\\\/#breadcrumb\",\"itemListElement\":[{\"@type\":\"ListItem\",\"position\":1,\"name\":\"Accueil\",\"item\":\"https:\\\/\\\/www.reseau-entreprendre.org\\\/auvergne-rhone-alpes\\\/\"},{\"@type\":\"ListItem\",\"position\":2,\"name\":\"Contactez votre association locale\"}]},{\"@type\":\"WebSite\",\"@id\":\"https:\\\/\\\/www.reseau-entreprendre.org\\\/auvergne-rhone-alpes\\\/#website\",\"url\":\"https:\\\/\\\/www.reseau-entreprendre.org\\\/auvergne-rhone-alpes\\\/\",\"name\":\"R\u00e9seau Entreprendre Auvergne Rh\u00f4ne-Alpes\",\"description\":\"Un site utilisant Les sites de R\u00e9seau Entreprendre\",\"potentialAction\":[{\"@type\":\"SearchAction\",\"target\":{\"@type\":\"EntryPoint\",\"urlTemplate\":\"https:\\\/\\\/www.reseau-entreprendre.org\\\/auvergne-rhone-alpes\\\/?s={search_term_string}\"},\"query-input\":{\"@type\":\"PropertyValueSpecification\",\"valueRequired\":true,\"valueName\":\"search_term_string\"}}],\"inLanguage\":\"fr-FR\"}]}<\/script>\n<!-- \/ Yoast SEO plugin. -->","yoast_head_json":{"title":"Contactez votre association locale - R\u00e9seau Entreprendre Auvergne Rh\u00f4ne-Alpes","robots":{"index":"index","follow":"follow","max-snippet":"max-snippet:-1","max-image-preview":"max-image-preview:large","max-video-preview":"max-video-preview:-1"},"canonical":"https:\/\/www.reseau-entreprendre.org\/auvergne-rhone-alpes\/contactez-association-locale\/","og_locale":"fr_FR","og_type":"article","og_title":"Contactez votre association locale - R\u00e9seau Entreprendre Auvergne Rh\u00f4ne-Alpes","og_description":"R\u00e9seau Entreprendre Auvergne 42, 44 rue Georges BesseLe Brezet63100 CLERMONT-FERRANDT\u00e9l","og_url":"https:\/\/www.reseau-entreprendre.org\/auvergne-rhone-alpes\/contactez-association-locale\/","og_site_name":"R\u00e9seau Entreprendre Auvergne Rh\u00f4ne-Alpes","article_modified_time":"2021-10-15T09:28:17+00:00","twitter_card":"summary_large_image","twitter_misc":{"Dur\u00e9e de lecture estim\u00e9e":"1 minute"},"schema":{"@context":"https:\/\/schema.org","@graph":[{"@type":"WebPage","@id":"https:\/\/www.reseau-entreprendre.org\/auvergne-rhone-alpes\/contactez-association-locale\/","url":"https:\/\/www.reseau-entreprendre.org\/auvergne-rhone-alpes\/contactez-association-locale\/","name":"Contactez votre association locale - R\u00e9seau Entreprendre Auvergne Rh\u00f4ne-Alpes","isPartOf":{"@id":"https:\/\/www.reseau-entreprendre.org\/auvergne-rhone-alpes\/#website"},"datePublished":"2017-10-11T07:42:45+00:00","dateModified":"2021-10-15T09:28:17+00:00","breadcrumb":{"@id":"https:\/\/www.reseau-entreprendre.org\/auvergne-rhone-alpes\/contactez-association-locale\/#breadcrumb"},"inLanguage":"fr-FR","potentialAction":[{"@type":"ReadAction","target":["https:\/\/www.reseau-entreprendre.org\/auvergne-rhone-alpes\/contactez-association-locale\/"]}]},{"@type":"BreadcrumbList","@id":"https:\/\/www.reseau-entreprendre.org\/auvergne-rhone-alpes\/contactez-association-locale\/#breadcrumb","itemListElement":[{"@type":"ListItem","position":1,"name":"Accueil","item":"https:\/\/www.reseau-entreprendre.org\/auvergne-rhone-alpes\/"},{"@type":"ListItem","position":2,"name":"Contactez votre association locale"}]},{"@type":"WebSite","@id":"https:\/\/www.reseau-entreprendre.org\/auvergne-rhone-alpes\/#website","url":"https:\/\/www.reseau-entreprendre.org\/auvergne-rhone-alpes\/","name":"R\u00e9seau Entreprendre Auvergne Rh\u00f4ne-Alpes","description":"Un site utilisant Les sites de R\u00e9seau Entreprendre","potentialAction":[{"@type":"SearchAction","target":{"@type":"EntryPoint","urlTemplate":"https:\/\/www.reseau-entreprendre.org\/auvergne-rhone-alpes\/?s={search_term_string}"},"query-input":{"@type":"PropertyValueSpecification","valueRequired":true,"valueName":"search_term_string"}}],"inLanguage":"fr-FR"}]}},"_links":{"self":[{"href":"https:\/\/www.reseau-entreprendre.org\/auvergne-rhone-alpes\/wp-json\/wp\/v2\/pages\/761","targetHints":{"allow":["GET"]}}],"collection":[{"href":"https:\/\/www.reseau-entreprendre.org\/auvergne-rhone-alpes\/wp-json\/wp\/v2\/pages"}],"about":[{"href":"https:\/\/www.reseau-entreprendre.org\/auvergne-rhone-alpes\/wp-json\/wp\/v2\/types\/page"}],"author":[{"embeddable":true,"href":"https:\/\/www.reseau-entreprendre.org\/auvergne-rhone-alpes\/wp-json\/wp\/v2\/users\/91"}],"replies":[{"embeddable":true,"href":"https:\/\/www.reseau-entreprendre.org\/auvergne-rhone-alpes\/wp-json\/wp\/v2\/comments?post=761"}],"version-history":[{"count":0,"href":"https:\/\/www.reseau-entreprendre.org\/auvergne-rhone-alpes\/wp-json\/wp\/v2\/pages\/761\/revisions"}],"wp:attachment":[{"href":"https:\/\/www.reseau-entreprendre.org\/auvergne-rhone-alpes\/wp-json\/wp\/v2\/media?parent=761"}],"curies":[{"name":"wp","href":"https:\/\/api.w.org\/{rel}","templated":true}]}}