{"id":790,"date":"2017-12-01T16:04:30","date_gmt":"2017-12-01T15:04:30","guid":{"rendered":"http:\/\/re-preprod-entreprendre.fr\/auvergne\/?page_id=790"},"modified":"2026-01-20T11:55:14","modified_gmt":"2026-01-20T10:55:14","slug":"actualites","status":"publish","type":"page","link":"https:\/\/www.reseau-entreprendre.org\/auvergne\/actualites\/","title":{"rendered":"Actualit\u00e9s du moment"},"content":{"rendered":"\n<p class=\"has-large-font-size\"><strong>Vincent Rab\u00e9rin : nouveau pr\u00e9sident<\/strong> <\/p>\n\n\n\n<p class=\"has-large-font-size\"><strong>de R\u00e9seau Entreprendre Auvergne<\/strong><\/p>\n\n\n\n<figure class=\"wp-block-image size-full is-resized\"><img loading=\"lazy\" decoding=\"async\" width=\"920\" height=\"756\" src=\"https:\/\/www.reseau-entreprendre.org\/auvergne\/wp-content\/uploads\/sites\/59\/2026\/01\/Capture-decran-2026-01-20-a-11.20.08.png\" alt=\"\" class=\"wp-image-2862\" style=\"width:1009px;height:auto\" srcset=\"https:\/\/www.reseau-entreprendre.org\/auvergne\/wp-content\/uploads\/sites\/59\/2026\/01\/Capture-decran-2026-01-20-a-11.20.08.png 920w, https:\/\/www.reseau-entreprendre.org\/auvergne\/wp-content\/uploads\/sites\/59\/2026\/01\/Capture-decran-2026-01-20-a-11.20.08-300x247.png 300w, https:\/\/www.reseau-entreprendre.org\/auvergne\/wp-content\/uploads\/sites\/59\/2026\/01\/Capture-decran-2026-01-20-a-11.20.08-768x631.png 768w, https:\/\/www.reseau-entreprendre.org\/auvergne\/wp-content\/uploads\/sites\/59\/2026\/01\/Capture-decran-2026-01-20-a-11.20.08-158x130.png 158w, https:\/\/www.reseau-entreprendre.org\/auvergne\/wp-content\/uploads\/sites\/59\/2026\/01\/Capture-decran-2026-01-20-a-11.20.08-100x82.png 100w\" sizes=\"auto, (max-width: 920px) 100vw, 920px\" \/><\/figure>\n\n\n\n<div style=\"height:35px\" aria-hidden=\"true\" class=\"wp-block-spacer\"><\/div>\n\n\n\n<p style=\"font-size:18px\">Le Conseil d\u2019administration de R\u00e9seau Entreprendre Auvergne a le plaisir d\u2019annoncer la nomination de Vincent Rab\u00e9rin, dirigeant de l\u2019entreprise SOFAMA, \u00e0 la pr\u00e9sidence de l\u2019association \u00e0 compter du 1er janvier 2026.<\/p>\n\n\n\n<p style=\"font-size:18px\">Membre engag\u00e9 de R\u00e9seau Entreprendre Auvergne depuis 2012, Vincent Rab\u00e9rin succ\u00e8de \u00e0 D\u00e9borah Jost, dont le mandat a pris fin le 31 d\u00e9cembre 2025. Il entend poursuivre la dynamique initi\u00e9e par ses pr\u00e9d\u00e9cesseurs en renfor\u00e7ant l\u2019impact du r\u00e9seau sur le d\u00e9veloppement \u00e9conomique et entrepreneurial du territoire.<\/p>\n\n\n\n<p class=\"has-medium-font-size\"><strong>Un entrepreneur au service du collectif<\/strong><\/p>\n\n\n\n<p style=\"font-size:18px\">\u00c0 la t\u00eate de SOFAMA, soci\u00e9t\u00e9 de fabrication de maroquinerie bas\u00e9e en Auvergne, Vincent Rab\u00e9rin incarne l\u2019excellence artisanale et industrielle fran\u00e7aise. Fond\u00e9e en 1989, SOFAMA est aujourd\u2019hui reconnue pour son savoir-faire d\u2019exception. Gr\u00e2ce \u00e0 la qualit\u00e9 irr\u00e9prochable de ses productions, l\u2019entreprise a su gagner la confiance des maisons les plus prestigieuses du secteur du luxe.<\/p>\n\n\n\n<p style=\"font-size:18px\">SOFAMA associe comp\u00e9tences artisanales et organisation industrielle pour relever les d\u00e9fis de production \u00e0 grande \u00e9chelle, tout en maintenant un haut niveau d\u2019exigence. Elle dispose aujourd\u2019hui de six sites industriels, de son propre bureau d\u2019\u00e9tudes et de design, ainsi que de sa propre \u00e9cole de formation. Plus de 1 000 collaborateurs contribuent \u00e0 cette aventure entrepreneuriale tourn\u00e9e vers l\u2019innovation, la qualit\u00e9 et la fiert\u00e9 du Made in France.<\/p>\n\n\n\n<p style=\"font-size:18px\">Engag\u00e9e \u00e9galement sur le plan social, SOFAMA affiche un Index \u00c9galit\u00e9 Femmes\u2013Hommes de 99\/100, t\u00e9moignant de ses valeurs de respect, d\u2019\u00e9quit\u00e9 et de coh\u00e9sion.<\/p>\n\n\n\n<p style=\"font-size:18px\">Membre du Conseil d\u2019administration de R\u00e9seau Entreprendre Auvergne, Vincent Rab\u00e9rin a toujours attach\u00e9 une importance particuli\u00e8re \u00e0 l\u2019accompagnement des porteurs de projets et au partage d\u2019exp\u00e9rience entre pairs.<\/p>\n\n\n\n<p style=\"font-size:18px\">\u00ab Je suis honor\u00e9 de la confiance qui m\u2019est accord\u00e9e. R\u00e9seau Entreprendre Auvergne est un formidable levier pour faire \u00e9merger les talents entrepreneuriaux de notre r\u00e9gion. Je m\u2019engagerai pleinement pour continuer \u00e0 faire rayonner cette belle communaut\u00e9 d\u2019entrepreneurs engag\u00e9s \u00bb, d\u00e9clare Vincent Rab\u00e9rin.<\/p>\n\n\n\n<hr class=\"wp-block-separator has-alpha-channel-opacity\" \/>\n\n\n\n<div style=\"height:27px\" aria-hidden=\"true\" class=\"wp-block-spacer\"><\/div>\n\n\n\n<p class=\"has-large-font-size\"><strong>R\u00e9seau Entreprendre f\u00eate ses quarante ans<\/strong><\/p>\n\n\n\n<p class=\"has-medium-font-size\"><strong>Au service des entrepreneurs et des territoires<\/strong><\/p>\n\n\n\n<p style=\"font-size:18px\">En 2026, R\u00e9seau Entreprendre c\u00e9l\u00e8bre ses 40 ans. Depuis 1986, sous l&#8217;impulsion de son fondateur, Andr\u00e9 Mulliez, port\u00e9 par ses valeurs, ce sont des dizaines de milliers d&#8217;entrepreneurs que R\u00e9seau Entreprendre a aid\u00e9 \u00e0 accomplir leur r\u00eave<\/p>\n\n\n\n<p style=\"font-size:18px\">R\u00e9seau Entreprendre\u00ae est unique en Europe, le <strong>premier r\u00e9seau priv\u00e9 d\u2019accompagnement europ\u00e9en<\/strong> et l\u2019une des plus grandes communaut\u00e9s d\u2019entrepreneurs en France. C\u2019est notre sp\u00e9cificit\u00e9 et nos valeurs qui nous ont permis, 40 ans apr\u00e8s notre cr\u00e9ation, de r\u00e9unir des chefs d\u2019entreprise b\u00e9n\u00e9voles, \u00e0 travers le monde, pour accompagner chaque ann\u00e9e plus de <strong>2 000 entrepreneurs<\/strong> en devenir.<\/p>\n\n\n\n<h2 class=\"wp-block-heading has-medium-font-size\"><strong>F\u00e9d\u00e9rer les entrepreneurs pour cr\u00e9er des emplois<\/strong><\/h2>\n\n\n\n<p style=\"font-size:18px\">Avec quelques pionniers \u00e0 ses c\u00f4t\u00e9s, Andr\u00e9 Mulliez consid\u00e9rait que le devoir de l\u2019entrepreneur \u00e9tait de partager sa r\u00e9ussite avec d\u2019autres (futurs) entrepreneurs. Il voyait dans l\u2019entreprise un levier puissant pour cr\u00e9er des emplois et transformer les territoires. Aujourd\u2019hui, ce sont <strong>15 000 entrepreneurs<\/strong> qui adh\u00e8rent \u00e0 ce mod\u00e8le d\u2019entrepreneurs engag\u00e9s.<\/p>\n\n\n\n<p style=\"font-size:18px\">Depuis sa cr\u00e9ation, R\u00e9seau Entreprendre\u00ae a soutenu plus de <strong>16 000 entrepreneurs<\/strong>, cr\u00e9ateurs ou repreneurs de PME\/TPE, et a contribu\u00e9 \u00e0 la cr\u00e9ation de plus de <strong>200 000 emplois<\/strong>. R\u00e9seau Entreprendre\u00ae s\u2019est affirm\u00e9 comme un acteur de r\u00e9f\u00e9rence sur des enjeux nationaux, dans tous les pays o\u00f9 il est pr\u00e9sent :<\/p>\n\n\n\n<ul class=\"wp-block-list\">\n<li style=\"font-size:18px\">la <strong>reprise d\u2019entreprise<\/strong> (38 % des entrepreneurs laur\u00e9ats) ;<\/li>\n\n\n\n<li style=\"font-size:18px\">l\u2019<strong>industrialisation<\/strong> (30 % des projets accompagn\u00e9s) ;<\/li>\n\n\n\n<li style=\"font-size:18px\">l\u2019<strong>accompagnement de start-up innovantes<\/strong> ayant r\u00e9alis\u00e9 d\u2019importantes lev\u00e9es de fonds.<\/li>\n<\/ul>\n\n\n\n<h2 class=\"wp-block-heading has-medium-font-size\"><strong>Acteur des territoires pour un entrepreneuriat durable et des entrepreneurs \u00e0 potentiel de croissance<\/strong><\/h2>\n\n\n\n<p style=\"font-size:18px\">Pilier de l\u2019entrepreneuriat, R\u00e9seau Entreprendre\u00ae accompagne, depuis 40 ans, des porteurs de projets \u00e0 potentiel, pr\u00eats \u00e0 prendre des risques et anim\u00e9s par l\u2019audace de sortir des sentiers battus. Ces femmes et ces hommes ont en commun la volont\u00e9 de changer la donne, de rendre le monde meilleur gr\u00e2ce \u00e0 des solutions durables et respectueuses de l\u2019Homme et de l\u2019environnement.<\/p>\n\n\n\n<h2 class=\"wp-block-heading has-medium-font-size\"><strong>Le parcours Tremplin, plus rapide, plus accessible<\/strong><\/h2>\n\n\n\n<p style=\"font-size:18px\">En 2026, pour ses 40 ans, R\u00e9seau Entreprendre\u00ae ouvre son accompagnement \u00e0 plus d&#8217;entrepreneurs avec un nouveau parcours d&#8217;accompagnement nomm\u00e9 Tremplin. D&#8217;une dur\u00e9e de 2 \u00e0 6 mois, il sera imm\u00e9diatement accessible aux porteurs de projet \u00e0 potentiel d&#8217;emplois qui poussent la porte du r\u00e9seau. Tremplin vise \u00e0 renforcer la strat\u00e9gie du projet entrepreneurial et la posture de l&#8217;entrepreneur gr\u00e2ce \u00e0 la rencontre de plusieurs chefs d&#8217;entreprise aguerris.<\/p>\n\n\n\n<figure class=\"wp-block-image size-large\"><img loading=\"lazy\" decoding=\"async\" width=\"1024\" height=\"397\" src=\"https:\/\/www.reseau-entreprendre.org\/auvergne\/wp-content\/uploads\/sites\/59\/2026\/01\/Capture-decran-2026-01-07-a-11.56.28-1024x397.png\" alt=\"\" class=\"wp-image-2854\" srcset=\"https:\/\/www.reseau-entreprendre.org\/auvergne\/wp-content\/uploads\/sites\/59\/2026\/01\/Capture-decran-2026-01-07-a-11.56.28-1024x397.png 1024w, https:\/\/www.reseau-entreprendre.org\/auvergne\/wp-content\/uploads\/sites\/59\/2026\/01\/Capture-decran-2026-01-07-a-11.56.28-300x116.png 300w, https:\/\/www.reseau-entreprendre.org\/auvergne\/wp-content\/uploads\/sites\/59\/2026\/01\/Capture-decran-2026-01-07-a-11.56.28-768x298.png 768w, https:\/\/www.reseau-entreprendre.org\/auvergne\/wp-content\/uploads\/sites\/59\/2026\/01\/Capture-decran-2026-01-07-a-11.56.28-1536x596.png 1536w, https:\/\/www.reseau-entreprendre.org\/auvergne\/wp-content\/uploads\/sites\/59\/2026\/01\/Capture-decran-2026-01-07-a-11.56.28-210x81.png 210w, https:\/\/www.reseau-entreprendre.org\/auvergne\/wp-content\/uploads\/sites\/59\/2026\/01\/Capture-decran-2026-01-07-a-11.56.28-100x39.png 100w, https:\/\/www.reseau-entreprendre.org\/auvergne\/wp-content\/uploads\/sites\/59\/2026\/01\/Capture-decran-2026-01-07-a-11.56.28-scaled.png 1140w\" sizes=\"auto, (max-width: 1024px) 100vw, 1024px\" \/><\/figure>\n\n\n\n<hr class=\"wp-block-separator has-text-color has-re-blue-color has-alpha-channel-opacity has-re-blue-background-color has-background is-style-wide\" \/>\n\n\n\n<div style=\"height:22px\" aria-hidden=\"true\" class=\"wp-block-spacer\"><\/div>\n\n\n\n<h2 class=\"wp-block-heading\" style=\"font-size:35px\"><strong>Biennale de R\u00e9seau Entreprendre Auvergne<\/strong><\/h2>\n\n\n\n<div style=\"height:41px\" aria-hidden=\"true\" class=\"wp-block-spacer\"><\/div>\n\n\n\n<figure class=\"wp-block-image size-large is-resized\"><img loading=\"lazy\" decoding=\"async\" width=\"1024\" height=\"628\" src=\"https:\/\/www.reseau-entreprendre.org\/auvergne\/wp-content\/uploads\/sites\/59\/2024\/12\/Capture-decran-2024-11-29-a-10.29.01-1024x628.png\" alt=\"\" class=\"wp-image-2652\" style=\"width:1037px;height:auto\" srcset=\"https:\/\/www.reseau-entreprendre.org\/auvergne\/wp-content\/uploads\/sites\/59\/2024\/12\/Capture-decran-2024-11-29-a-10.29.01-1024x628.png 1024w, https:\/\/www.reseau-entreprendre.org\/auvergne\/wp-content\/uploads\/sites\/59\/2024\/12\/Capture-decran-2024-11-29-a-10.29.01-300x184.png 300w, https:\/\/www.reseau-entreprendre.org\/auvergne\/wp-content\/uploads\/sites\/59\/2024\/12\/Capture-decran-2024-11-29-a-10.29.01-768x471.png 768w, https:\/\/www.reseau-entreprendre.org\/auvergne\/wp-content\/uploads\/sites\/59\/2024\/12\/Capture-decran-2024-11-29-a-10.29.01-1536x941.png 1536w, https:\/\/www.reseau-entreprendre.org\/auvergne\/wp-content\/uploads\/sites\/59\/2024\/12\/Capture-decran-2024-11-29-a-10.29.01-210x130.png 210w, https:\/\/www.reseau-entreprendre.org\/auvergne\/wp-content\/uploads\/sites\/59\/2024\/12\/Capture-decran-2024-11-29-a-10.29.01-100x61.png 100w, https:\/\/www.reseau-entreprendre.org\/auvergne\/wp-content\/uploads\/sites\/59\/2024\/12\/Capture-decran-2024-11-29-a-10.29.01.png 1140w\" sizes=\"auto, (max-width: 1024px) 100vw, 1024px\" \/><\/figure>\n\n\n\n<div style=\"height:60px\" aria-hidden=\"true\" class=\"wp-block-spacer\"><\/div>\n\n\n\n<p class=\"has-text-align-left\" style=\"font-size:18px\">R\u00e9seau Entreprendre Auvergne organisait jeudi 28 novembre sa biennale, \u00e0 L&#8217;Avan C, \u00e0 Royat.<br>L&#8217;association cr\u00e9\u00e9e en 2004 par Michel Bouyssy, dirigeant de SODIP f\u00eatait \u00e9galement ses 20 ans.&nbsp;L&#8217;occasion de souligner&nbsp;la place de R\u00e9seau Entreprendre Auvergne dans le d\u00e9veloppement \u00e9conomique du territoire, en rappelant les grands chiffres : 330 laur\u00e9ats pour 282 projets accompagn\u00e9s, plus de 2000 heures de b\u00e9n\u00e9volat par an valoris\u00e9es \u00e0 plus de 300 000 euros, &nbsp;12 millions d\u2019euros de pr\u00eats d\u2019honneur associ\u00e9s \u00e0 125 millions de pr\u00eats bancaires soit un effet de levier de 11, 3 245 emplois pr\u00e9serv\u00e9s ou cr\u00e9\u00e9s.&nbsp;<br>L&#8217;association avait invit\u00e9 Jean-Michel Frixon, ancien ouvrier Michelin et Jean-Christophe Gu\u00e9rin, ancien directeur du groupe industriel Michelin et ex-membre du Comex pendant seize ans.&nbsp;<\/p>\n\n\n\n<p style=\"font-size:18px\">En 2021, Jean-Michel Frixon apr\u00e8s 43 ans de carri\u00e8re d\u2019ouvrier dans les usines Michelin, \u00e9crit un livre relatant les difficult\u00e9s de management qu\u2019il a parfois subies. Loin de s\u2019offusquer, Jean-Christophe Gu\u00e9rin, alors patron des usines du groupe et membre du COMEX, le rencontre et se sert de ce t\u00e9moignage pour am\u00e9liorer le management dans les usines du groupe.<br><br>&#8220;<em>Ce n&#8217;est pas le dipl\u00f4me qui fait le bon manager, c&#8217;est le coeur ! Moi, j&#8217;ai eu des bons managers et des managers toxiques. Quand vous avez obtenu la consid\u00e9ration et le respect des gens, vous avez une arm\u00e9e derri\u00e8re vous. C&#8217;est aussi simple que cela. Les gens vous suivent, ils se sentent respect\u00e9s. C&#8217;est la cl\u00e9 et la base du management !<\/em>&#8221; livrait Jean-Michel Frixon, aux nombreux chefs d&#8217;entreprise.<br><br>Jean-Christophe Gu\u00e9rin a t\u00e9moign\u00e9 des outils utilis\u00e9s dans les usines du groupe et des \u00e9volutions apport\u00e9es \u00e0 la suite de ce t\u00e9moignage.<\/p>\n\n\n\n<p style=\"font-size:18px\"><br>Sur une conf\u00e9rence organis\u00e9e par la fondation MMA, c\u2019est ensuite Olivier Torres, enseignant chercheur et fondateur de l&#8217;observatoire Amarok sur la sant\u00e9 du dirigeant, qui est intervenu &nbsp;avec beaucoup d&#8217;humour sur la sant\u00e9 du dirigeant.&nbsp;<br>&nbsp;<\/p>\n\n\n\n<p style=\"font-size:18px\">Fatigue, maladie, stress, Olivier Torres a d\u00e9crit le comportement des chefs d\u2019entreprise face \u00e0 ces \u00e9tats.<br>&nbsp;<\/p>\n\n\n\n<p style=\"font-size:18px\">&#8220;<em>J&#8217;entends toujours ce m\u00eame constat. Je n&#8217;ai pas le temps d&#8217;\u00eatre malade&#8221;<\/em>soulignait-il en exhortant les chefs d&#8217;entreprise \u00e0 \u00e9couter leurs signes de fatigue et leur champ lexical. &#8220;<em>Quand un chef d&#8217;entreprise dit je suis \u00e9puis\u00e9 ce n&#8217;est pas la m\u00eame chose que je suis fatigu\u00e9. Il faut faire attention au burn-out<\/em>&#8220;.&nbsp;<br>&nbsp;<\/p>\n\n\n\n<p style=\"font-size:18px\">Olivier Torres restait toutefois positif : &#8220;<em>si entreprendre est \u00e9puisant, c&#8217;est aussi bon pour la sant\u00e9. Les chefs d&#8217;entreprise ont l&#8217;instinct de rebond et ont cette croyance de ma\u00eetriser leurs destins<\/em>&#8220;.<br>&nbsp;<\/p>\n\n\n\n<div class=\"wp-block-group is-nowrap is-layout-flex wp-container-core-group-is-layout-ad2f72ca wp-block-group-is-layout-flex\">\n<p style=\"font-size:18px\">Un \u00e9norme g\u00e2teau d\u2019anniversaire et un super ap\u00e9ritif ont conclu cette 3<sup>\u00e8me<\/sup>Biennale. On n&#8217;a pas tous les jours 20 ans !<\/p>\n<\/div>\n\n\n\n<p style=\"font-size:1px\">17 \u00e8me F\u00eate des Laur\u00e9ats<\/p>\n\n\n\n<hr class=\"wp-block-separator has-text-color has-re-blue-color has-alpha-channel-opacity has-re-blue-background-color has-background is-style-wide\" \/>\n\n\n\n<p><\/p>\n","protected":false},"excerpt":{"rendered":"<p>Vincent Rab\u00e9rin : nouveau pr\u00e9sident de R\u00e9seau Entreprendre Auvergne Le<\/p>\n","protected":false},"author":60,"featured_media":0,"parent":0,"menu_order":0,"comment_status":"closed","ping_status":"closed","template":"","meta":{"_acf_changed":false,"_monsterinsights_skip_tracking":false,"_monsterinsights_sitenote_active":false,"_monsterinsights_sitenote_note":"","_monsterinsights_sitenote_category":0,"footnotes":""},"class_list":["post-790","page","type-page","status-publish","hentry"],"acf":[],"yoast_head":"<!-- This site is optimized with the Yoast SEO plugin v27.4 - https:\/\/yoast.com\/product\/yoast-seo-wordpress\/ -->\n<title>Actualit\u00e9s du moment - R\u00e9seau Entreprendre Auvergne<\/title>\n<meta name=\"robots\" content=\"index, follow, max-snippet:-1, max-image-preview:large, max-video-preview:-1\" \/>\n<link rel=\"canonical\" href=\"https:\/\/www.reseau-entreprendre.org\/auvergne\/actualites\/\" \/>\n<meta property=\"og:locale\" content=\"fr_FR\" \/>\n<meta property=\"og:type\" content=\"article\" \/>\n<meta property=\"og:title\" content=\"Actualit\u00e9s du moment - R\u00e9seau Entreprendre Auvergne\" \/>\n<meta property=\"og:description\" content=\"Vincent Rab\u00e9rin : nouveau pr\u00e9sident de R\u00e9seau Entreprendre Auvergne Le\" \/>\n<meta property=\"og:url\" content=\"https:\/\/www.reseau-entreprendre.org\/auvergne\/actualites\/\" \/>\n<meta property=\"og:site_name\" content=\"R\u00e9seau Entreprendre Auvergne\" \/>\n<meta property=\"article:modified_time\" content=\"2026-01-20T10:55:14+00:00\" \/>\n<meta property=\"og:image\" content=\"https:\/\/www.reseau-entreprendre.org\/auvergne\/wp-content\/uploads\/sites\/59\/2026\/01\/Capture-decran-2026-01-20-a-11.20.08.png\" \/>\n\t<meta property=\"og:image:width\" content=\"920\" \/>\n\t<meta property=\"og:image:height\" content=\"756\" \/>\n\t<meta property=\"og:image:type\" content=\"image\/png\" \/>\n<meta name=\"twitter:card\" content=\"summary_large_image\" \/>\n<meta name=\"twitter:label1\" content=\"Dur\u00e9e de lecture estim\u00e9e\" \/>\n\t<meta name=\"twitter:data1\" content=\"7 minutes\" \/>\n<script type=\"application\/ld+json\" class=\"yoast-schema-graph\">{\"@context\":\"https:\\\/\\\/schema.org\",\"@graph\":[{\"@type\":\"WebPage\",\"@id\":\"https:\\\/\\\/www.reseau-entreprendre.org\\\/auvergne\\\/actualites\\\/\",\"url\":\"https:\\\/\\\/www.reseau-entreprendre.org\\\/auvergne\\\/actualites\\\/\",\"name\":\"Actualit\u00e9s du moment - R\u00e9seau Entreprendre Auvergne\",\"isPartOf\":{\"@id\":\"https:\\\/\\\/www.reseau-entreprendre.org\\\/auvergne\\\/#website\"},\"primaryImageOfPage\":{\"@id\":\"https:\\\/\\\/www.reseau-entreprendre.org\\\/auvergne\\\/actualites\\\/#primaryimage\"},\"image\":{\"@id\":\"https:\\\/\\\/www.reseau-entreprendre.org\\\/auvergne\\\/actualites\\\/#primaryimage\"},\"thumbnailUrl\":\"https:\\\/\\\/www.reseau-entreprendre.org\\\/auvergne\\\/wp-content\\\/uploads\\\/sites\\\/59\\\/2026\\\/01\\\/Capture-decran-2026-01-20-a-11.20.08.png\",\"datePublished\":\"2017-12-01T15:04:30+00:00\",\"dateModified\":\"2026-01-20T10:55:14+00:00\",\"breadcrumb\":{\"@id\":\"https:\\\/\\\/www.reseau-entreprendre.org\\\/auvergne\\\/actualites\\\/#breadcrumb\"},\"inLanguage\":\"fr-FR\",\"potentialAction\":[{\"@type\":\"ReadAction\",\"target\":[\"https:\\\/\\\/www.reseau-entreprendre.org\\\/auvergne\\\/actualites\\\/\"]}]},{\"@type\":\"ImageObject\",\"inLanguage\":\"fr-FR\",\"@id\":\"https:\\\/\\\/www.reseau-entreprendre.org\\\/auvergne\\\/actualites\\\/#primaryimage\",\"url\":\"https:\\\/\\\/www.reseau-entreprendre.org\\\/auvergne\\\/wp-content\\\/uploads\\\/sites\\\/59\\\/2026\\\/01\\\/Capture-decran-2026-01-20-a-11.20.08.png\",\"contentUrl\":\"https:\\\/\\\/www.reseau-entreprendre.org\\\/auvergne\\\/wp-content\\\/uploads\\\/sites\\\/59\\\/2026\\\/01\\\/Capture-decran-2026-01-20-a-11.20.08.png\",\"width\":920,\"height\":756},{\"@type\":\"BreadcrumbList\",\"@id\":\"https:\\\/\\\/www.reseau-entreprendre.org\\\/auvergne\\\/actualites\\\/#breadcrumb\",\"itemListElement\":[{\"@type\":\"ListItem\",\"position\":1,\"name\":\"Accueil\",\"item\":\"https:\\\/\\\/www.reseau-entreprendre.org\\\/auvergne\\\/\"},{\"@type\":\"ListItem\",\"position\":2,\"name\":\"Actualit\u00e9s du moment\"}]},{\"@type\":\"WebSite\",\"@id\":\"https:\\\/\\\/www.reseau-entreprendre.org\\\/auvergne\\\/#website\",\"url\":\"https:\\\/\\\/www.reseau-entreprendre.org\\\/auvergne\\\/\",\"name\":\"R\u00e9seau Entreprendre Auvergne\",\"description\":\"Un site utilisant Les sites de R\u00e9seau Entreprendre\",\"potentialAction\":[{\"@type\":\"SearchAction\",\"target\":{\"@type\":\"EntryPoint\",\"urlTemplate\":\"https:\\\/\\\/www.reseau-entreprendre.org\\\/auvergne\\\/?s={search_term_string}\"},\"query-input\":{\"@type\":\"PropertyValueSpecification\",\"valueRequired\":true,\"valueName\":\"search_term_string\"}}],\"inLanguage\":\"fr-FR\"}]}<\/script>\n<!-- \/ Yoast SEO plugin. -->","yoast_head_json":{"title":"Actualit\u00e9s du moment - R\u00e9seau Entreprendre Auvergne","robots":{"index":"index","follow":"follow","max-snippet":"max-snippet:-1","max-image-preview":"max-image-preview:large","max-video-preview":"max-video-preview:-1"},"canonical":"https:\/\/www.reseau-entreprendre.org\/auvergne\/actualites\/","og_locale":"fr_FR","og_type":"article","og_title":"Actualit\u00e9s du moment - R\u00e9seau Entreprendre Auvergne","og_description":"Vincent Rab\u00e9rin : nouveau pr\u00e9sident de R\u00e9seau Entreprendre Auvergne Le","og_url":"https:\/\/www.reseau-entreprendre.org\/auvergne\/actualites\/","og_site_name":"R\u00e9seau Entreprendre Auvergne","article_modified_time":"2026-01-20T10:55:14+00:00","og_image":[{"width":920,"height":756,"url":"https:\/\/www.reseau-entreprendre.org\/auvergne\/wp-content\/uploads\/sites\/59\/2026\/01\/Capture-decran-2026-01-20-a-11.20.08.png","type":"image\/png"}],"twitter_card":"summary_large_image","twitter_misc":{"Dur\u00e9e de lecture estim\u00e9e":"7 minutes"},"schema":{"@context":"https:\/\/schema.org","@graph":[{"@type":"WebPage","@id":"https:\/\/www.reseau-entreprendre.org\/auvergne\/actualites\/","url":"https:\/\/www.reseau-entreprendre.org\/auvergne\/actualites\/","name":"Actualit\u00e9s du moment - R\u00e9seau Entreprendre Auvergne","isPartOf":{"@id":"https:\/\/www.reseau-entreprendre.org\/auvergne\/#website"},"primaryImageOfPage":{"@id":"https:\/\/www.reseau-entreprendre.org\/auvergne\/actualites\/#primaryimage"},"image":{"@id":"https:\/\/www.reseau-entreprendre.org\/auvergne\/actualites\/#primaryimage"},"thumbnailUrl":"https:\/\/www.reseau-entreprendre.org\/auvergne\/wp-content\/uploads\/sites\/59\/2026\/01\/Capture-decran-2026-01-20-a-11.20.08.png","datePublished":"2017-12-01T15:04:30+00:00","dateModified":"2026-01-20T10:55:14+00:00","breadcrumb":{"@id":"https:\/\/www.reseau-entreprendre.org\/auvergne\/actualites\/#breadcrumb"},"inLanguage":"fr-FR","potentialAction":[{"@type":"ReadAction","target":["https:\/\/www.reseau-entreprendre.org\/auvergne\/actualites\/"]}]},{"@type":"ImageObject","inLanguage":"fr-FR","@id":"https:\/\/www.reseau-entreprendre.org\/auvergne\/actualites\/#primaryimage","url":"https:\/\/www.reseau-entreprendre.org\/auvergne\/wp-content\/uploads\/sites\/59\/2026\/01\/Capture-decran-2026-01-20-a-11.20.08.png","contentUrl":"https:\/\/www.reseau-entreprendre.org\/auvergne\/wp-content\/uploads\/sites\/59\/2026\/01\/Capture-decran-2026-01-20-a-11.20.08.png","width":920,"height":756},{"@type":"BreadcrumbList","@id":"https:\/\/www.reseau-entreprendre.org\/auvergne\/actualites\/#breadcrumb","itemListElement":[{"@type":"ListItem","position":1,"name":"Accueil","item":"https:\/\/www.reseau-entreprendre.org\/auvergne\/"},{"@type":"ListItem","position":2,"name":"Actualit\u00e9s du moment"}]},{"@type":"WebSite","@id":"https:\/\/www.reseau-entreprendre.org\/auvergne\/#website","url":"https:\/\/www.reseau-entreprendre.org\/auvergne\/","name":"R\u00e9seau Entreprendre Auvergne","description":"Un site utilisant Les sites de R\u00e9seau Entreprendre","potentialAction":[{"@type":"SearchAction","target":{"@type":"EntryPoint","urlTemplate":"https:\/\/www.reseau-entreprendre.org\/auvergne\/?s={search_term_string}"},"query-input":{"@type":"PropertyValueSpecification","valueRequired":true,"valueName":"search_term_string"}}],"inLanguage":"fr-FR"}]}},"_links":{"self":[{"href":"https:\/\/www.reseau-entreprendre.org\/auvergne\/wp-json\/wp\/v2\/pages\/790","targetHints":{"allow":["GET"]}}],"collection":[{"href":"https:\/\/www.reseau-entreprendre.org\/auvergne\/wp-json\/wp\/v2\/pages"}],"about":[{"href":"https:\/\/www.reseau-entreprendre.org\/auvergne\/wp-json\/wp\/v2\/types\/page"}],"author":[{"embeddable":true,"href":"https:\/\/www.reseau-entreprendre.org\/auvergne\/wp-json\/wp\/v2\/users\/60"}],"replies":[{"embeddable":true,"href":"https:\/\/www.reseau-entreprendre.org\/auvergne\/wp-json\/wp\/v2\/comments?post=790"}],"version-history":[{"count":0,"href":"https:\/\/www.reseau-entreprendre.org\/auvergne\/wp-json\/wp\/v2\/pages\/790\/revisions"}],"wp:attachment":[{"href":"https:\/\/www.reseau-entreprendre.org\/auvergne\/wp-json\/wp\/v2\/media?parent=790"}],"curies":[{"name":"wp","href":"https:\/\/api.w.org\/{rel}","templated":true}]}}