{"id":13,"date":"2017-04-28T12:33:34","date_gmt":"2017-04-28T10:33:34","guid":{"rendered":"https:\/\/www.reseau-entreprendre.org\/bourgogne\/?page_id=13"},"modified":"2024-04-30T16:54:09","modified_gmt":"2024-04-30T14:54:09","slug":"entreprendre","status":"publish","type":"page","link":"https:\/\/www.reseau-entreprendre.org\/bourgogne\/entreprendre\/","title":{"rendered":"Entreprendre"},"content":{"rendered":"\n<div class=\"wp-block-columns is-layout-flex wp-container-core-columns-is-layout-9d6595d7 wp-block-columns-is-layout-flex\">\n<div class=\"wp-block-column is-layout-flow wp-block-column-is-layout-flow\" style=\"flex-basis:33.33%\">\n<figure class=\"wp-block-image size-large\"><img loading=\"lazy\" decoding=\"async\" width=\"722\" height=\"1024\" src=\"https:\/\/www.reseau-entreprendre.org\/bourgogne\/wp-content\/uploads\/sites\/23\/2019\/03\/Plaquette-2019-page5_programmes-722x1024.jpg\" alt=\"\" class=\"wp-image-818\" srcset=\"https:\/\/www.reseau-entreprendre.org\/bourgogne\/wp-content\/uploads\/sites\/23\/2019\/03\/Plaquette-2019-page5_programmes-722x1024.jpg 722w, https:\/\/www.reseau-entreprendre.org\/bourgogne\/wp-content\/uploads\/sites\/23\/2019\/03\/Plaquette-2019-page5_programmes-211x300.jpg 211w, https:\/\/www.reseau-entreprendre.org\/bourgogne\/wp-content\/uploads\/sites\/23\/2019\/03\/Plaquette-2019-page5_programmes-768x1090.jpg 768w, https:\/\/www.reseau-entreprendre.org\/bourgogne\/wp-content\/uploads\/sites\/23\/2019\/03\/Plaquette-2019-page5_programmes.jpg 874w\" sizes=\"auto, (max-width: 722px) 100vw, 722px\" \/><\/figure>\n<\/div>\n\n\n\n<div class=\"wp-block-column is-layout-flow wp-block-column-is-layout-flow\" style=\"flex-basis:66.66%\">\n<p>Notre force, c&#8217;est l&#8217;accompagnement des nouveaux entrepreneurs<\/p>\n\n\n\n<p>Notre mission est de contribuer \u00e0 la r\u00e9ussite de nouveaux entrepreneurs significativement cr\u00e9ateurs d&#8217;emplois et de richesses.<\/p>\n\n\n\n<p><strong>Le c\u0153ur de m\u00e9tier de R\u00e9seau Entreprendre Bourgogne, c&#8217;est :<\/strong><\/p>\n\n\n\n<ul class=\"wp-block-list\">\n<li>L\u2019accompagnement par des chefs d&#8217;entreprise. L&#8217;engagement de ces chefs d&#8217;entreprise au sein de R\u00e9seau Entreprendre Bourgogne est aliment\u00e9 par leur passion de l&#8217;entrepreneuriat et leur envie de la transmettre \u00e0 de nouveaux entrepreneurs dans un esprit de citoyennet\u00e9 \u00e9conomique. Ainsi, les membres donnent b\u00e9n\u00e9volement de leur temps pour \u00e9tudier les projets, participer aux comit\u00e9s d&#8217;engagement, accompagner des laur\u00e9ats et animer leur association\u2026 Ce qui repr\u00e9sente plus de <mark style=\"background-color:#ffffff\" class=\"has-inline-color has-re-blue-color\">3 800 heures de b\u00e9n\u00e9volat par an.<\/mark><\/li>\n\n\n\n<li>Un accompagnement collectif par l\u2019organisation de clubs de laur\u00e9ats<\/li>\n\n\n\n<li>Un <mark style=\"background-color:#ffffff\" class=\"has-inline-color has-re-red-color\">financement sous forme de pr\u00eats d&#8217;honneur<\/mark>, compris entre 15 000 et 50 000 euros, particuli\u00e8rement int\u00e9ressants pour leur effet de levier sur les autres financements, notamment bancaires.<\/li>\n<\/ul>\n\n\n\n<p><em><br><\/em><\/p>\n<\/div>\n<\/div>\n\n\n\n<p>Les chefs d&#8217;entreprise de R\u00e9seau Entreprendre Bourgogne accompagnent les cr\u00e9ateurs et repreneurs d&#8217;entreprises \u00e0 potentiel.<\/p>\n\n\n\n<p>L&#8217;accompagnement de R\u00e9seau Entreprendre Bourgogne s&#8217;adresse aux cr\u00e9ateurs et repreneurs qui, par l&#8217;ambition qu&#8217;ils portent, leur potentiel entrepreneurial, leur m\u00e9tier et le march\u00e9 auquel ils s&#8217;adressent, sont susceptibles de faire de leur entreprise, une PME apte \u00e0 se d\u00e9velopper.<\/p>\n\n\n\n<p>Pour b\u00e9n\u00e9ficier de l&#8217;accompagnement par un chef d&#8217;entreprise de R\u00e9seau Entreprendre Bourgogne, le nouvel entrepreneur doit r\u00e9pondre \u00e0 un certain nombre de crit\u00e8res pour devenir Laur\u00e9at, notamment d&#8217;avoir un projet qui a un potentiel de cr\u00e9ation de 10 \u00e0 15 emplois \u00e0 5 ans, ou de maintien de l&#8217;emploi pour une reprise.<\/p>\n\n\n\n<div style=\"height:39px\" aria-hidden=\"true\" class=\"wp-block-spacer\"><\/div>\n\n\n\n<div class=\"wp-block-buttons is-horizontal is-content-justification-center is-layout-flex wp-container-core-buttons-is-layout-499968f5 wp-block-buttons-is-layout-flex\">\n<div class=\"wp-block-button is-style-fill\"><a class=\"wp-block-button__link has-re-blue-background-color has-background wp-element-button\" href=\"https:\/\/www.reseau-entreprendre.org\/bourgogne\/wp-content\/uploads\/sites\/23\/2019\/03\/Plaquette-2019-page5_programmes.jpg\">EN SAVOIR + SUR NOS PROGRAMMES<\/a><\/div>\n<\/div>\n","protected":false},"excerpt":{"rendered":"<p>Notre force, c&#8217;est l&#8217;accompagnement des nouveaux entrepreneurs Notre mission est<\/p>\n","protected":false},"author":24,"featured_media":626,"parent":0,"menu_order":0,"comment_status":"closed","ping_status":"closed","template":"views\/page-widescreen.blade.php","meta":{"_acf_changed":false,"_monsterinsights_skip_tracking":false,"_monsterinsights_sitenote_active":false,"_monsterinsights_sitenote_note":"","_monsterinsights_sitenote_category":0,"footnotes":""},"class_list":["post-13","page","type-page","status-publish","has-post-thumbnail","hentry"],"acf":[],"yoast_head":"<!-- This site is optimized with the Yoast SEO plugin v27.4 - https:\/\/yoast.com\/product\/yoast-seo-wordpress\/ -->\n<title>Entreprendre | Reseau Entreprendre Bourgogne<\/title>\n<meta name=\"description\" content=\"Vous avez un projet de cr\u00e9ation d&#039;entreprise ? R\u00e9seau Entreprendre Bourgogne vous accompagne gratuitement et dans la dur\u00e9e\" \/>\n<meta name=\"robots\" content=\"index, follow, max-snippet:-1, max-image-preview:large, max-video-preview:-1\" \/>\n<link rel=\"canonical\" href=\"https:\/\/www.reseau-entreprendre.org\/bourgogne\/entreprendre\/\" \/>\n<meta property=\"og:locale\" content=\"fr_FR\" \/>\n<meta property=\"og:type\" content=\"article\" \/>\n<meta property=\"og:title\" content=\"Entreprendre | Reseau Entreprendre Bourgogne\" \/>\n<meta property=\"og:description\" content=\"Vous avez un projet de cr\u00e9ation d&#039;entreprise ? R\u00e9seau Entreprendre Bourgogne vous accompagne gratuitement et dans la dur\u00e9e\" \/>\n<meta property=\"og:url\" content=\"https:\/\/www.reseau-entreprendre.org\/bourgogne\/entreprendre\/\" \/>\n<meta property=\"og:site_name\" content=\"R\u00e9seau Entreprendre Bourgogne\" \/>\n<meta property=\"article:modified_time\" content=\"2024-04-30T14:54:09+00:00\" \/>\n<meta property=\"og:image\" content=\"https:\/\/www.reseau-entreprendre.org\/bourgogne\/wp-content\/uploads\/sites\/23\/2018\/01\/30-ans-REB-ACCUEIL-20.jpg\" \/>\n\t<meta property=\"og:image:width\" content=\"1200\" \/>\n\t<meta property=\"og:image:height\" content=\"800\" \/>\n\t<meta property=\"og:image:type\" content=\"image\/jpeg\" \/>\n<meta name=\"twitter:card\" content=\"summary_large_image\" \/>\n<meta name=\"twitter:label1\" content=\"Dur\u00e9e de lecture estim\u00e9e\" \/>\n\t<meta name=\"twitter:data1\" content=\"2 minutes\" \/>\n<script type=\"application\/ld+json\" class=\"yoast-schema-graph\">{\"@context\":\"https:\\\/\\\/schema.org\",\"@graph\":[{\"@type\":\"WebPage\",\"@id\":\"https:\\\/\\\/www.reseau-entreprendre.org\\\/bourgogne\\\/entreprendre\\\/\",\"url\":\"https:\\\/\\\/www.reseau-entreprendre.org\\\/bourgogne\\\/entreprendre\\\/\",\"name\":\"Entreprendre | Reseau Entreprendre Bourgogne\",\"isPartOf\":{\"@id\":\"https:\\\/\\\/www.reseau-entreprendre.org\\\/bourgogne\\\/#website\"},\"primaryImageOfPage\":{\"@id\":\"https:\\\/\\\/www.reseau-entreprendre.org\\\/bourgogne\\\/entreprendre\\\/#primaryimage\"},\"image\":{\"@id\":\"https:\\\/\\\/www.reseau-entreprendre.org\\\/bourgogne\\\/entreprendre\\\/#primaryimage\"},\"thumbnailUrl\":\"https:\\\/\\\/www.reseau-entreprendre.org\\\/bourgogne\\\/wp-content\\\/uploads\\\/sites\\\/23\\\/2018\\\/01\\\/30-ans-REB-ACCUEIL-20.jpg\",\"datePublished\":\"2017-04-28T10:33:34+00:00\",\"dateModified\":\"2024-04-30T14:54:09+00:00\",\"description\":\"Vous avez un projet de cr\u00e9ation d'entreprise ? R\u00e9seau Entreprendre Bourgogne vous accompagne gratuitement et dans la dur\u00e9e\",\"breadcrumb\":{\"@id\":\"https:\\\/\\\/www.reseau-entreprendre.org\\\/bourgogne\\\/entreprendre\\\/#breadcrumb\"},\"inLanguage\":\"fr-FR\",\"potentialAction\":[{\"@type\":\"ReadAction\",\"target\":[\"https:\\\/\\\/www.reseau-entreprendre.org\\\/bourgogne\\\/entreprendre\\\/\"]}]},{\"@type\":\"ImageObject\",\"inLanguage\":\"fr-FR\",\"@id\":\"https:\\\/\\\/www.reseau-entreprendre.org\\\/bourgogne\\\/entreprendre\\\/#primaryimage\",\"url\":\"https:\\\/\\\/www.reseau-entreprendre.org\\\/bourgogne\\\/wp-content\\\/uploads\\\/sites\\\/23\\\/2018\\\/01\\\/30-ans-REB-ACCUEIL-20.jpg\",\"contentUrl\":\"https:\\\/\\\/www.reseau-entreprendre.org\\\/bourgogne\\\/wp-content\\\/uploads\\\/sites\\\/23\\\/2018\\\/01\\\/30-ans-REB-ACCUEIL-20.jpg\",\"width\":1200,\"height\":800},{\"@type\":\"BreadcrumbList\",\"@id\":\"https:\\\/\\\/www.reseau-entreprendre.org\\\/bourgogne\\\/entreprendre\\\/#breadcrumb\",\"itemListElement\":[{\"@type\":\"ListItem\",\"position\":1,\"name\":\"Accueil\",\"item\":\"https:\\\/\\\/www.reseau-entreprendre.org\\\/bourgogne\\\/\"},{\"@type\":\"ListItem\",\"position\":2,\"name\":\"Entreprendre\"}]},{\"@type\":\"WebSite\",\"@id\":\"https:\\\/\\\/www.reseau-entreprendre.org\\\/bourgogne\\\/#website\",\"url\":\"https:\\\/\\\/www.reseau-entreprendre.org\\\/bourgogne\\\/\",\"name\":\"R\u00e9seau Entreprendre Bourgogne\",\"description\":\"Un site utilisant Les sites de R\u00e9seau Entreprendre\",\"potentialAction\":[{\"@type\":\"SearchAction\",\"target\":{\"@type\":\"EntryPoint\",\"urlTemplate\":\"https:\\\/\\\/www.reseau-entreprendre.org\\\/bourgogne\\\/?s={search_term_string}\"},\"query-input\":{\"@type\":\"PropertyValueSpecification\",\"valueRequired\":true,\"valueName\":\"search_term_string\"}}],\"inLanguage\":\"fr-FR\"}]}<\/script>\n<!-- \/ Yoast SEO plugin. -->","yoast_head_json":{"title":"Entreprendre | Reseau Entreprendre Bourgogne","description":"Vous avez un projet de cr\u00e9ation d'entreprise ? R\u00e9seau Entreprendre Bourgogne vous accompagne gratuitement et dans la dur\u00e9e","robots":{"index":"index","follow":"follow","max-snippet":"max-snippet:-1","max-image-preview":"max-image-preview:large","max-video-preview":"max-video-preview:-1"},"canonical":"https:\/\/www.reseau-entreprendre.org\/bourgogne\/entreprendre\/","og_locale":"fr_FR","og_type":"article","og_title":"Entreprendre | Reseau Entreprendre Bourgogne","og_description":"Vous avez un projet de cr\u00e9ation d'entreprise ? R\u00e9seau Entreprendre Bourgogne vous accompagne gratuitement et dans la dur\u00e9e","og_url":"https:\/\/www.reseau-entreprendre.org\/bourgogne\/entreprendre\/","og_site_name":"R\u00e9seau Entreprendre Bourgogne","article_modified_time":"2024-04-30T14:54:09+00:00","og_image":[{"width":1200,"height":800,"url":"https:\/\/www.reseau-entreprendre.org\/bourgogne\/wp-content\/uploads\/sites\/23\/2018\/01\/30-ans-REB-ACCUEIL-20.jpg","type":"image\/jpeg"}],"twitter_card":"summary_large_image","twitter_misc":{"Dur\u00e9e de lecture estim\u00e9e":"2 minutes"},"schema":{"@context":"https:\/\/schema.org","@graph":[{"@type":"WebPage","@id":"https:\/\/www.reseau-entreprendre.org\/bourgogne\/entreprendre\/","url":"https:\/\/www.reseau-entreprendre.org\/bourgogne\/entreprendre\/","name":"Entreprendre | Reseau Entreprendre Bourgogne","isPartOf":{"@id":"https:\/\/www.reseau-entreprendre.org\/bourgogne\/#website"},"primaryImageOfPage":{"@id":"https:\/\/www.reseau-entreprendre.org\/bourgogne\/entreprendre\/#primaryimage"},"image":{"@id":"https:\/\/www.reseau-entreprendre.org\/bourgogne\/entreprendre\/#primaryimage"},"thumbnailUrl":"https:\/\/www.reseau-entreprendre.org\/bourgogne\/wp-content\/uploads\/sites\/23\/2018\/01\/30-ans-REB-ACCUEIL-20.jpg","datePublished":"2017-04-28T10:33:34+00:00","dateModified":"2024-04-30T14:54:09+00:00","description":"Vous avez un projet de cr\u00e9ation d'entreprise ? R\u00e9seau Entreprendre Bourgogne vous accompagne gratuitement et dans la dur\u00e9e","breadcrumb":{"@id":"https:\/\/www.reseau-entreprendre.org\/bourgogne\/entreprendre\/#breadcrumb"},"inLanguage":"fr-FR","potentialAction":[{"@type":"ReadAction","target":["https:\/\/www.reseau-entreprendre.org\/bourgogne\/entreprendre\/"]}]},{"@type":"ImageObject","inLanguage":"fr-FR","@id":"https:\/\/www.reseau-entreprendre.org\/bourgogne\/entreprendre\/#primaryimage","url":"https:\/\/www.reseau-entreprendre.org\/bourgogne\/wp-content\/uploads\/sites\/23\/2018\/01\/30-ans-REB-ACCUEIL-20.jpg","contentUrl":"https:\/\/www.reseau-entreprendre.org\/bourgogne\/wp-content\/uploads\/sites\/23\/2018\/01\/30-ans-REB-ACCUEIL-20.jpg","width":1200,"height":800},{"@type":"BreadcrumbList","@id":"https:\/\/www.reseau-entreprendre.org\/bourgogne\/entreprendre\/#breadcrumb","itemListElement":[{"@type":"ListItem","position":1,"name":"Accueil","item":"https:\/\/www.reseau-entreprendre.org\/bourgogne\/"},{"@type":"ListItem","position":2,"name":"Entreprendre"}]},{"@type":"WebSite","@id":"https:\/\/www.reseau-entreprendre.org\/bourgogne\/#website","url":"https:\/\/www.reseau-entreprendre.org\/bourgogne\/","name":"R\u00e9seau Entreprendre Bourgogne","description":"Un site utilisant Les sites de R\u00e9seau Entreprendre","potentialAction":[{"@type":"SearchAction","target":{"@type":"EntryPoint","urlTemplate":"https:\/\/www.reseau-entreprendre.org\/bourgogne\/?s={search_term_string}"},"query-input":{"@type":"PropertyValueSpecification","valueRequired":true,"valueName":"search_term_string"}}],"inLanguage":"fr-FR"}]}},"_links":{"self":[{"href":"https:\/\/www.reseau-entreprendre.org\/bourgogne\/wp-json\/wp\/v2\/pages\/13","targetHints":{"allow":["GET"]}}],"collection":[{"href":"https:\/\/www.reseau-entreprendre.org\/bourgogne\/wp-json\/wp\/v2\/pages"}],"about":[{"href":"https:\/\/www.reseau-entreprendre.org\/bourgogne\/wp-json\/wp\/v2\/types\/page"}],"author":[{"embeddable":true,"href":"https:\/\/www.reseau-entreprendre.org\/bourgogne\/wp-json\/wp\/v2\/users\/24"}],"replies":[{"embeddable":true,"href":"https:\/\/www.reseau-entreprendre.org\/bourgogne\/wp-json\/wp\/v2\/comments?post=13"}],"version-history":[{"count":0,"href":"https:\/\/www.reseau-entreprendre.org\/bourgogne\/wp-json\/wp\/v2\/pages\/13\/revisions"}],"wp:featuredmedia":[{"embeddable":true,"href":"https:\/\/www.reseau-entreprendre.org\/bourgogne\/wp-json\/wp\/v2\/media\/626"}],"wp:attachment":[{"href":"https:\/\/www.reseau-entreprendre.org\/bourgogne\/wp-json\/wp\/v2\/media?parent=13"}],"curies":[{"name":"wp","href":"https:\/\/api.w.org\/{rel}","templated":true}]}}