{"id":15,"date":"2020-09-08T12:33:47","date_gmt":"2020-09-08T10:33:47","guid":{"rendered":"https:\/\/www.reseau-entreprendre.org\/bourgogne\/?page_id=15"},"modified":"2024-04-30T15:26:22","modified_gmt":"2024-04-30T13:26:22","slug":"accompagner","status":"publish","type":"page","link":"https:\/\/www.reseau-entreprendre.org\/bourgogne\/accompagner\/","title":{"rendered":"Accompagner"},"content":{"rendered":"\n<p>L&#8217;accompagnement de R\u00e9seau Entreprendre Bourgogne est fond\u00e9 sur 5 <strong>valeurs indissociables<\/strong> bas\u00e9es sur des m\u00e9thodes d&#8217;entreprise :<\/p>\n\n\n\n<p><strong><span style=\"color: #268597\"><mark style=\"background-color:#ffffff\" class=\"has-inline-color has-re-yellow-color\">L&#8217;important, c&#8217;est la personne<\/mark><\/span><\/strong><br>Avant la qualit\u00e9 du projet qu&#8217;elle porte, c&#8217;est la personne m\u00eame, son potentiel \u00e0 devenir entrepreneur, qui mobilise le soutien des chefs d&#8217;entreprise<\/p>\n\n\n\n<p><strong><span style=\"color: #268597\">Le principe c&#8217;est la gratuit\u00e9<\/span><\/strong><br>La gratuit\u00e9 de l&#8217;offre aux cr\u00e9ateurs et repreneurs pour que toutes leurs ressources contribuent \u00e0 la r\u00e9ussite de leur projet ; esprit de gratuit\u00e9 de ceux qui les accompagnent (citoyennet\u00e9 \u00e9conomique et d\u00e9sint\u00e9ressement)<\/p>\n\n\n\n<p><strong><span style=\"color: #268597\"><mark style=\"background-color:#ffffff\" class=\"has-inline-color has-re-red-color\">L&#8217;esprit, c&#8217;est la r\u00e9ciprocit\u00e9<\/mark><\/span><\/strong><br>Les b\u00e9n\u00e9ficiaires sont invit\u00e9s \u00e0 rendre demain \u00e0 d&#8217;autres, ce qu&#8217;ils re\u00e7oivent aujourd&#8217;hui, devenant ainsi le maillon d&#8217;une cha\u00eene d&#8217;entraide entre chefs d&#8217;entreprise.<\/p>\n\n\n\n<p><strong><span style=\"color: #268597\"><mark style=\"background-color:#ffffff\" class=\"has-inline-color has-re-yellow-color\">Le moteur c&#8217;est la bienveillance<\/mark><\/span><\/strong><br>Nous prenons soin de nos membres, de nos collaborateurs, de nos laur\u00e9ats, de nos associations en adaptant notre mod\u00e8le \u00e0 tous les territoires<\/p>\n\n\n\n<p><strong><span style=\"color: #268597\">Ce qui nous anime c&#8217;est la solidarit\u00e9<\/span><\/strong><br>Notre action se veut inclusive en travaillant sur la diversit\u00e9 et en prenant soin de nos communaut\u00e9s.<\/p>\n\n\n\n<p><\/p>\n\n\n\n<div style=\"height:41px\" aria-hidden=\"true\" class=\"wp-block-spacer\"><\/div>\n\n\n\n<h2 class=\"wp-block-heading\"><mark style=\"background-color:#ffffff\" class=\"has-inline-color has-re-red-color\">R\u00e9seau Entreprendre Bourgogne c\u2019est d\u2019abord :<\/mark><\/h2>\n\n\n\n<p>230 chefs d\u2019entreprises b\u00e9n\u00e9voles qui partagent des valeurs communes destin\u00e9es \u00e0 favoriser l\u2019\u00e9mergence, la croissance et la mutation des PME porteuses de richesses et d\u2019emplois p\u00e9rennes et \u00e0 dynamiser le tissu \u00e9conomique de la Bourgogne.<\/p>\n\n\n\n<figure class=\"wp-block-pullquote\"><blockquote><p><span style=\"color: #268597\"><span style=\"color:#050505\" class=\"has-inline-color\">&#8220;Pour cr\u00e9er des emplois, cr\u00e9ons des employeurs&#8221;<\/span><\/span><em><strong><span style=\"color: #268597\">  <\/span><\/strong><\/em><\/p><cite><strong><span class=\"has-inline-color has-re-red-color\">Andr\u00e9 Mulliez<\/span><\/strong><em><strong>&nbsp;<\/strong><\/em><\/cite><\/blockquote><\/figure>\n\n\n\n<p>Nos principes :<\/p>\n\n\n\n<ul class=\"wp-block-list\">\n<li>L\u2019accompagnement individuel sur une dur\u00e9e de 2 \u00e0 3 ans r\u00e9alis\u00e9 par un chef d\u2019entreprise membre de l\u2019association<\/li>\n\n\n\n<li> L\u2019accompagnement collectif par la mise en r\u00e9seau des laur\u00e9ats une fois par mois<\/li>\n\n\n\n<li> Un pr\u00eat d\u2019honneur consenti de 15 000 \u00e0 50 000\u20ac \u00e0 taux 0, sans garantie ni caution. Il est octroy\u00e9 sur une dur\u00e9e de 4,5 ans avec un diff\u00e9r\u00e9 de 12 mois pour les cr\u00e9ations et les reprises.<\/li>\n<\/ul>\n\n\n\n<p>Le pr\u00eat et l\u2019accompagnement restent indissociables.<\/p>\n\n\n\n<div style=\"height:41px\" aria-hidden=\"true\" class=\"wp-block-spacer\"><\/div>\n\n\n\n<h2 class=\"wp-block-heading\"><mark style=\"background-color:#ffffff\" class=\"has-inline-color has-re-red-color\">Les chiffres cl\u00e9s de R\u00e9seau Entreprendre Bourgogne<\/mark><\/h2>\n\n\n\n<h4 class=\"wp-block-heading\">Nos r\u00e9sultats de 2002 \u00e0 2023<\/h4>\n\n\n\n<ul class=\"is-style-list-arrows arrow-red wp-block-list\">\n<li>305 entreprises laur\u00e9ates<\/li>\n\n\n\n<li>Taux de p\u00e9rennit\u00e9 : 95 % \u00e0 3 ans et 94 % \u00e0 5 ans.<\/li>\n\n\n\n<li>Plus de 6 500 emplois cr\u00e9\u00e9s ou sauvegard\u00e9s<\/li>\n\n\n\n<li>10 197 K\u20ac de pr\u00eats accord\u00e9s<\/li>\n<\/ul>\n\n\n\n<ul class=\"is-style-list-arrows arrow-red wp-block-list\">\n<li>230 chefs d&#8217;entreprises b\u00e9n\u00e9voles et membres<\/li>\n<\/ul>\n\n\n\n<p><\/p>\n","protected":false},"excerpt":{"rendered":"<p>L&#8217;accompagnement de R\u00e9seau Entreprendre Bourgogne est fond\u00e9 sur 5 valeurs<\/p>\n","protected":false},"author":24,"featured_media":0,"parent":0,"menu_order":0,"comment_status":"closed","ping_status":"closed","template":"","meta":{"_acf_changed":false,"_monsterinsights_skip_tracking":false,"_monsterinsights_sitenote_active":false,"_monsterinsights_sitenote_note":"","_monsterinsights_sitenote_category":0,"footnotes":""},"class_list":["post-15","page","type-page","status-publish","hentry"],"acf":[],"yoast_head":"<!-- This site is optimized with the Yoast SEO plugin v27.4 - https:\/\/yoast.com\/product\/yoast-seo-wordpress\/ -->\n<title>Accompagner| Reseau Entreprendre Bourgogne<\/title>\n<meta name=\"description\" content=\"Vous \u00eates chef d&#039;entreprise et souhaitez accompagner de nouveaux entrepreneurs ? Devenez membre b\u00e9n\u00e9vole de R\u00e9seau Entreprendre Bourgogne !\" \/>\n<meta name=\"robots\" content=\"index, follow, max-snippet:-1, max-image-preview:large, max-video-preview:-1\" \/>\n<link rel=\"canonical\" href=\"https:\/\/www.reseau-entreprendre.org\/bourgogne\/accompagner\/\" \/>\n<meta property=\"og:locale\" content=\"fr_FR\" \/>\n<meta property=\"og:type\" content=\"article\" \/>\n<meta property=\"og:title\" content=\"Accompagner| Reseau Entreprendre Bourgogne\" \/>\n<meta property=\"og:description\" content=\"Vous \u00eates chef d&#039;entreprise et souhaitez accompagner de nouveaux entrepreneurs ? Devenez membre b\u00e9n\u00e9vole de R\u00e9seau Entreprendre Bourgogne !\" \/>\n<meta property=\"og:url\" content=\"https:\/\/www.reseau-entreprendre.org\/bourgogne\/accompagner\/\" \/>\n<meta property=\"og:site_name\" content=\"R\u00e9seau Entreprendre Bourgogne\" \/>\n<meta property=\"article:modified_time\" content=\"2024-04-30T13:26:22+00:00\" \/>\n<meta name=\"twitter:card\" content=\"summary_large_image\" \/>\n<meta name=\"twitter:label1\" content=\"Dur\u00e9e de lecture estim\u00e9e\" \/>\n\t<meta name=\"twitter:data1\" content=\"2 minutes\" \/>\n<script type=\"application\/ld+json\" class=\"yoast-schema-graph\">{\"@context\":\"https:\\\/\\\/schema.org\",\"@graph\":[{\"@type\":\"WebPage\",\"@id\":\"https:\\\/\\\/www.reseau-entreprendre.org\\\/bourgogne\\\/accompagner\\\/\",\"url\":\"https:\\\/\\\/www.reseau-entreprendre.org\\\/bourgogne\\\/accompagner\\\/\",\"name\":\"Accompagner| Reseau Entreprendre Bourgogne\",\"isPartOf\":{\"@id\":\"https:\\\/\\\/www.reseau-entreprendre.org\\\/bourgogne\\\/#website\"},\"datePublished\":\"2020-09-08T10:33:47+00:00\",\"dateModified\":\"2024-04-30T13:26:22+00:00\",\"description\":\"Vous \u00eates chef d'entreprise et souhaitez accompagner de nouveaux entrepreneurs ? Devenez membre b\u00e9n\u00e9vole de R\u00e9seau Entreprendre Bourgogne !\",\"breadcrumb\":{\"@id\":\"https:\\\/\\\/www.reseau-entreprendre.org\\\/bourgogne\\\/accompagner\\\/#breadcrumb\"},\"inLanguage\":\"fr-FR\",\"potentialAction\":[{\"@type\":\"ReadAction\",\"target\":[\"https:\\\/\\\/www.reseau-entreprendre.org\\\/bourgogne\\\/accompagner\\\/\"]}]},{\"@type\":\"BreadcrumbList\",\"@id\":\"https:\\\/\\\/www.reseau-entreprendre.org\\\/bourgogne\\\/accompagner\\\/#breadcrumb\",\"itemListElement\":[{\"@type\":\"ListItem\",\"position\":1,\"name\":\"Accueil\",\"item\":\"https:\\\/\\\/www.reseau-entreprendre.org\\\/bourgogne\\\/\"},{\"@type\":\"ListItem\",\"position\":2,\"name\":\"Accompagner\"}]},{\"@type\":\"WebSite\",\"@id\":\"https:\\\/\\\/www.reseau-entreprendre.org\\\/bourgogne\\\/#website\",\"url\":\"https:\\\/\\\/www.reseau-entreprendre.org\\\/bourgogne\\\/\",\"name\":\"R\u00e9seau Entreprendre Bourgogne\",\"description\":\"Un site utilisant Les sites de R\u00e9seau Entreprendre\",\"potentialAction\":[{\"@type\":\"SearchAction\",\"target\":{\"@type\":\"EntryPoint\",\"urlTemplate\":\"https:\\\/\\\/www.reseau-entreprendre.org\\\/bourgogne\\\/?s={search_term_string}\"},\"query-input\":{\"@type\":\"PropertyValueSpecification\",\"valueRequired\":true,\"valueName\":\"search_term_string\"}}],\"inLanguage\":\"fr-FR\"}]}<\/script>\n<!-- \/ Yoast SEO plugin. -->","yoast_head_json":{"title":"Accompagner| Reseau Entreprendre Bourgogne","description":"Vous \u00eates chef d'entreprise et souhaitez accompagner de nouveaux entrepreneurs ? Devenez membre b\u00e9n\u00e9vole de R\u00e9seau Entreprendre Bourgogne !","robots":{"index":"index","follow":"follow","max-snippet":"max-snippet:-1","max-image-preview":"max-image-preview:large","max-video-preview":"max-video-preview:-1"},"canonical":"https:\/\/www.reseau-entreprendre.org\/bourgogne\/accompagner\/","og_locale":"fr_FR","og_type":"article","og_title":"Accompagner| Reseau Entreprendre Bourgogne","og_description":"Vous \u00eates chef d'entreprise et souhaitez accompagner de nouveaux entrepreneurs ? Devenez membre b\u00e9n\u00e9vole de R\u00e9seau Entreprendre Bourgogne !","og_url":"https:\/\/www.reseau-entreprendre.org\/bourgogne\/accompagner\/","og_site_name":"R\u00e9seau Entreprendre Bourgogne","article_modified_time":"2024-04-30T13:26:22+00:00","twitter_card":"summary_large_image","twitter_misc":{"Dur\u00e9e de lecture estim\u00e9e":"2 minutes"},"schema":{"@context":"https:\/\/schema.org","@graph":[{"@type":"WebPage","@id":"https:\/\/www.reseau-entreprendre.org\/bourgogne\/accompagner\/","url":"https:\/\/www.reseau-entreprendre.org\/bourgogne\/accompagner\/","name":"Accompagner| Reseau Entreprendre Bourgogne","isPartOf":{"@id":"https:\/\/www.reseau-entreprendre.org\/bourgogne\/#website"},"datePublished":"2020-09-08T10:33:47+00:00","dateModified":"2024-04-30T13:26:22+00:00","description":"Vous \u00eates chef d'entreprise et souhaitez accompagner de nouveaux entrepreneurs ? Devenez membre b\u00e9n\u00e9vole de R\u00e9seau Entreprendre Bourgogne !","breadcrumb":{"@id":"https:\/\/www.reseau-entreprendre.org\/bourgogne\/accompagner\/#breadcrumb"},"inLanguage":"fr-FR","potentialAction":[{"@type":"ReadAction","target":["https:\/\/www.reseau-entreprendre.org\/bourgogne\/accompagner\/"]}]},{"@type":"BreadcrumbList","@id":"https:\/\/www.reseau-entreprendre.org\/bourgogne\/accompagner\/#breadcrumb","itemListElement":[{"@type":"ListItem","position":1,"name":"Accueil","item":"https:\/\/www.reseau-entreprendre.org\/bourgogne\/"},{"@type":"ListItem","position":2,"name":"Accompagner"}]},{"@type":"WebSite","@id":"https:\/\/www.reseau-entreprendre.org\/bourgogne\/#website","url":"https:\/\/www.reseau-entreprendre.org\/bourgogne\/","name":"R\u00e9seau Entreprendre Bourgogne","description":"Un site utilisant Les sites de R\u00e9seau Entreprendre","potentialAction":[{"@type":"SearchAction","target":{"@type":"EntryPoint","urlTemplate":"https:\/\/www.reseau-entreprendre.org\/bourgogne\/?s={search_term_string}"},"query-input":{"@type":"PropertyValueSpecification","valueRequired":true,"valueName":"search_term_string"}}],"inLanguage":"fr-FR"}]}},"_links":{"self":[{"href":"https:\/\/www.reseau-entreprendre.org\/bourgogne\/wp-json\/wp\/v2\/pages\/15","targetHints":{"allow":["GET"]}}],"collection":[{"href":"https:\/\/www.reseau-entreprendre.org\/bourgogne\/wp-json\/wp\/v2\/pages"}],"about":[{"href":"https:\/\/www.reseau-entreprendre.org\/bourgogne\/wp-json\/wp\/v2\/types\/page"}],"author":[{"embeddable":true,"href":"https:\/\/www.reseau-entreprendre.org\/bourgogne\/wp-json\/wp\/v2\/users\/24"}],"replies":[{"embeddable":true,"href":"https:\/\/www.reseau-entreprendre.org\/bourgogne\/wp-json\/wp\/v2\/comments?post=15"}],"version-history":[{"count":0,"href":"https:\/\/www.reseau-entreprendre.org\/bourgogne\/wp-json\/wp\/v2\/pages\/15\/revisions"}],"wp:attachment":[{"href":"https:\/\/www.reseau-entreprendre.org\/bourgogne\/wp-json\/wp\/v2\/media?parent=15"}],"curies":[{"name":"wp","href":"https:\/\/api.w.org\/{rel}","templated":true}]}}