{"id":212,"date":"2017-06-13T17:35:06","date_gmt":"2017-06-13T15:35:06","guid":{"rendered":"https:\/\/www.reseau-entreprendre.org\/bourgogne\/?page_id=212"},"modified":"2021-09-20T16:19:00","modified_gmt":"2021-09-20T14:19:00","slug":"newsletter","status":"publish","type":"page","link":"https:\/\/www.reseau-entreprendre.org\/bourgogne\/newsletter\/","title":{"rendered":"Newsletter"},"content":{"rendered":"\n<h4 class=\"wp-block-heading\">Inscrivez-vous \u00e0 la Newsletter<br>R\u00e9seau Entreprendre pour suivre nos actualit\u00e9s<\/h4>\n\n\n\n[re-row]<br>[re-column lg_off=&#8221;3&#8243; md_off=&#8221;3&#8243;]<br>[contact-form-7 id=&#8221;213&#8243; title=&#8221;Newsletter&#8221;]<br>[\/re-column]<br>[\/re-row]\n","protected":false},"excerpt":{"rendered":"<p>Inscrivez-vous \u00e0 la NewsletterR\u00e9seau Entreprendre pour suivre nos actualit\u00e9s [re-row][re-column<\/p>\n","protected":false},"author":24,"featured_media":0,"parent":0,"menu_order":0,"comment_status":"closed","ping_status":"closed","template":"","meta":{"_acf_changed":false,"_monsterinsights_skip_tracking":false,"_monsterinsights_sitenote_active":false,"_monsterinsights_sitenote_note":"","_monsterinsights_sitenote_category":0,"footnotes":""},"class_list":["post-212","page","type-page","status-publish","hentry"],"acf":[],"yoast_head":"<!-- This site is optimized with the Yoast SEO plugin v27.3 - https:\/\/yoast.com\/product\/yoast-seo-wordpress\/ -->\n<title>Newsletter - R\u00e9seau Entreprendre Bourgogne<\/title>\n<meta name=\"robots\" content=\"index, follow, max-snippet:-1, max-image-preview:large, max-video-preview:-1\" \/>\n<link rel=\"canonical\" href=\"https:\/\/www.reseau-entreprendre.org\/bourgogne\/newsletter\/\" \/>\n<meta property=\"og:locale\" content=\"fr_FR\" \/>\n<meta property=\"og:type\" content=\"article\" \/>\n<meta property=\"og:title\" content=\"Newsletter - R\u00e9seau Entreprendre Bourgogne\" \/>\n<meta property=\"og:description\" content=\"Inscrivez-vous \u00e0 la NewsletterR\u00e9seau Entreprendre pour suivre nos actualit\u00e9s [re-row][re-column\" \/>\n<meta property=\"og:url\" content=\"https:\/\/www.reseau-entreprendre.org\/bourgogne\/newsletter\/\" \/>\n<meta property=\"og:site_name\" content=\"R\u00e9seau Entreprendre Bourgogne\" \/>\n<meta property=\"article:modified_time\" content=\"2021-09-20T14:19:00+00:00\" \/>\n<meta name=\"twitter:card\" content=\"summary_large_image\" \/>\n<meta name=\"twitter:label1\" content=\"Dur\u00e9e de lecture estim\u00e9e\" \/>\n\t<meta name=\"twitter:data1\" content=\"1 minute\" \/>\n<script type=\"application\/ld+json\" class=\"yoast-schema-graph\">{\"@context\":\"https:\\\/\\\/schema.org\",\"@graph\":[{\"@type\":\"WebPage\",\"@id\":\"https:\\\/\\\/www.reseau-entreprendre.org\\\/bourgogne\\\/newsletter\\\/\",\"url\":\"https:\\\/\\\/www.reseau-entreprendre.org\\\/bourgogne\\\/newsletter\\\/\",\"name\":\"Newsletter - R\u00e9seau Entreprendre Bourgogne\",\"isPartOf\":{\"@id\":\"https:\\\/\\\/www.reseau-entreprendre.org\\\/bourgogne\\\/#website\"},\"datePublished\":\"2017-06-13T15:35:06+00:00\",\"dateModified\":\"2021-09-20T14:19:00+00:00\",\"breadcrumb\":{\"@id\":\"https:\\\/\\\/www.reseau-entreprendre.org\\\/bourgogne\\\/newsletter\\\/#breadcrumb\"},\"inLanguage\":\"fr-FR\",\"potentialAction\":[{\"@type\":\"ReadAction\",\"target\":[\"https:\\\/\\\/www.reseau-entreprendre.org\\\/bourgogne\\\/newsletter\\\/\"]}]},{\"@type\":\"BreadcrumbList\",\"@id\":\"https:\\\/\\\/www.reseau-entreprendre.org\\\/bourgogne\\\/newsletter\\\/#breadcrumb\",\"itemListElement\":[{\"@type\":\"ListItem\",\"position\":1,\"name\":\"Accueil\",\"item\":\"https:\\\/\\\/www.reseau-entreprendre.org\\\/bourgogne\\\/\"},{\"@type\":\"ListItem\",\"position\":2,\"name\":\"Newsletter\"}]},{\"@type\":\"WebSite\",\"@id\":\"https:\\\/\\\/www.reseau-entreprendre.org\\\/bourgogne\\\/#website\",\"url\":\"https:\\\/\\\/www.reseau-entreprendre.org\\\/bourgogne\\\/\",\"name\":\"R\u00e9seau Entreprendre Bourgogne\",\"description\":\"Un site utilisant Les sites de R\u00e9seau Entreprendre\",\"potentialAction\":[{\"@type\":\"SearchAction\",\"target\":{\"@type\":\"EntryPoint\",\"urlTemplate\":\"https:\\\/\\\/www.reseau-entreprendre.org\\\/bourgogne\\\/?s={search_term_string}\"},\"query-input\":{\"@type\":\"PropertyValueSpecification\",\"valueRequired\":true,\"valueName\":\"search_term_string\"}}],\"inLanguage\":\"fr-FR\"}]}<\/script>\n<!-- \/ Yoast SEO plugin. -->","yoast_head_json":{"title":"Newsletter - R\u00e9seau Entreprendre Bourgogne","robots":{"index":"index","follow":"follow","max-snippet":"max-snippet:-1","max-image-preview":"max-image-preview:large","max-video-preview":"max-video-preview:-1"},"canonical":"https:\/\/www.reseau-entreprendre.org\/bourgogne\/newsletter\/","og_locale":"fr_FR","og_type":"article","og_title":"Newsletter - R\u00e9seau Entreprendre Bourgogne","og_description":"Inscrivez-vous \u00e0 la NewsletterR\u00e9seau Entreprendre pour suivre nos actualit\u00e9s [re-row][re-column","og_url":"https:\/\/www.reseau-entreprendre.org\/bourgogne\/newsletter\/","og_site_name":"R\u00e9seau Entreprendre Bourgogne","article_modified_time":"2021-09-20T14:19:00+00:00","twitter_card":"summary_large_image","twitter_misc":{"Dur\u00e9e de lecture estim\u00e9e":"1 minute"},"schema":{"@context":"https:\/\/schema.org","@graph":[{"@type":"WebPage","@id":"https:\/\/www.reseau-entreprendre.org\/bourgogne\/newsletter\/","url":"https:\/\/www.reseau-entreprendre.org\/bourgogne\/newsletter\/","name":"Newsletter - R\u00e9seau Entreprendre Bourgogne","isPartOf":{"@id":"https:\/\/www.reseau-entreprendre.org\/bourgogne\/#website"},"datePublished":"2017-06-13T15:35:06+00:00","dateModified":"2021-09-20T14:19:00+00:00","breadcrumb":{"@id":"https:\/\/www.reseau-entreprendre.org\/bourgogne\/newsletter\/#breadcrumb"},"inLanguage":"fr-FR","potentialAction":[{"@type":"ReadAction","target":["https:\/\/www.reseau-entreprendre.org\/bourgogne\/newsletter\/"]}]},{"@type":"BreadcrumbList","@id":"https:\/\/www.reseau-entreprendre.org\/bourgogne\/newsletter\/#breadcrumb","itemListElement":[{"@type":"ListItem","position":1,"name":"Accueil","item":"https:\/\/www.reseau-entreprendre.org\/bourgogne\/"},{"@type":"ListItem","position":2,"name":"Newsletter"}]},{"@type":"WebSite","@id":"https:\/\/www.reseau-entreprendre.org\/bourgogne\/#website","url":"https:\/\/www.reseau-entreprendre.org\/bourgogne\/","name":"R\u00e9seau Entreprendre Bourgogne","description":"Un site utilisant Les sites de R\u00e9seau Entreprendre","potentialAction":[{"@type":"SearchAction","target":{"@type":"EntryPoint","urlTemplate":"https:\/\/www.reseau-entreprendre.org\/bourgogne\/?s={search_term_string}"},"query-input":{"@type":"PropertyValueSpecification","valueRequired":true,"valueName":"search_term_string"}}],"inLanguage":"fr-FR"}]}},"_links":{"self":[{"href":"https:\/\/www.reseau-entreprendre.org\/bourgogne\/wp-json\/wp\/v2\/pages\/212","targetHints":{"allow":["GET"]}}],"collection":[{"href":"https:\/\/www.reseau-entreprendre.org\/bourgogne\/wp-json\/wp\/v2\/pages"}],"about":[{"href":"https:\/\/www.reseau-entreprendre.org\/bourgogne\/wp-json\/wp\/v2\/types\/page"}],"author":[{"embeddable":true,"href":"https:\/\/www.reseau-entreprendre.org\/bourgogne\/wp-json\/wp\/v2\/users\/24"}],"replies":[{"embeddable":true,"href":"https:\/\/www.reseau-entreprendre.org\/bourgogne\/wp-json\/wp\/v2\/comments?post=212"}],"version-history":[{"count":0,"href":"https:\/\/www.reseau-entreprendre.org\/bourgogne\/wp-json\/wp\/v2\/pages\/212\/revisions"}],"wp:attachment":[{"href":"https:\/\/www.reseau-entreprendre.org\/bourgogne\/wp-json\/wp\/v2\/media?parent=212"}],"curies":[{"name":"wp","href":"https:\/\/api.w.org\/{rel}","templated":true}]}}