{"id":15,"date":"2017-04-28T12:33:47","date_gmt":"2017-04-28T10:33:47","guid":{"rendered":"https:\/\/www.reseau-entreprendre.org\/bretagne\/?page_id=15"},"modified":"2022-04-11T17:36:41","modified_gmt":"2022-04-11T15:36:41","slug":"accompagner","status":"publish","type":"page","link":"https:\/\/www.reseau-entreprendre.org\/bretagne\/accompagner\/","title":{"rendered":"Accompagner"},"content":{"rendered":"\n<h2 class=\"wp-block-heading\">Accompagner<\/h2>\n\n\n\n<h1 class=\"wp-block-heading\">L&#8217;accompagnement de R\u00e9seau Entreprendre Bretagne est fond\u00e9 sur la gratuit\u00e9 et l&#8217;entraide entre chefs d&#8217;entreprise<\/h1>\n\n\n\n<p>L&#8217;accompagnement de R\u00e9seau Entreprendre Bretagne est fond\u00e9 sur 3 principes d&#8217;actions fondamentaux et indissociables. Au-del\u00e0 d&#8217;une marque, d&#8217;une cible et d&#8217;une offre communes, les associations R\u00e9seau Entreprendre partagent ces principes d&#8217;action qui, en plus de 30 ans, ont fait la preuve de leur efficacit\u00e9 :<\/p>\n\n\n\n<p><strong>L&#8217;important, c&#8217;est la personne<\/strong><br>Avant la qualit\u00e9 du projet qu&#8217;elle porte, c&#8217;est la personne m\u00eame, son potentiel \u00e0 devenir entrepreneur, qui mobilise le soutien des chefs d&#8217;entreprise<\/p>\n\n\n\n<p><strong>Le principe c&#8217;est la gratuit\u00e9<\/strong><br>La gratuit\u00e9 de l&#8217;offre aux cr\u00e9ateurs et repreneurs pour que toutes leurs ressources contribuent \u00e0 la r\u00e9ussite de leur projet ; esprit de gratuit\u00e9 de ceux qui les accompagnent (citoyennet\u00e9 \u00e9conomique)<\/p>\n\n\n\n<p><strong>L&#8217;esprit, c&#8217;est la r\u00e9ciprocit\u00e9<\/strong><br>Les b\u00e9n\u00e9ficiaires sont invit\u00e9s \u00e0 rendre demain \u00e0 d&#8217;autres, ce qu&#8217;ils re\u00e7oivent aujourd&#8217;hui, devenant ainsi le maillon d&#8217;une cha\u00eene d&#8217;entraide entre chefs d&#8217;entreprise.<\/p>\n\n\n\n<h3 class=\"wp-block-heading\">R\u00e9seau Entreprendre Bretagne c\u2019est d\u2019abord :<\/h3>\n\n\n\n<p>Des chefs d\u2019entreprises b\u00e9n\u00e9voles qui partagent des valeurs communes destin\u00e9es \u00e0 favoriser l\u2019\u00e9mergence de futures PME porteuses de richesses et d\u2019emplois et \u00e0 dynamiser le tissu \u00e9conomique de la Bretagne.<\/p>\n\n\n\n<p><strong>\u00ab Faire \u00e9merger et r\u00e9ussir de nouveaux entrepreneurs \u00bb<\/strong><\/p>\n\n\n\n<p>Nos principes :<\/p>\n\n\n\n<p>\u2022 L\u2019accompagnement individuel sur une dur\u00e9e de 2 \u00e0 3 ans r\u00e9alis\u00e9 par un chef d\u2019entreprise membre de l\u2019association<br>\u2022 L\u2019accompagnement collectif par la mise en r\u00e9seau des laur\u00e9ats une fois par mois<br>\u2022 Un pr\u00eat d\u2019honneur consenti de 15.000 \u00e0 45.000\u20ac et ce \u00e0 taux 0. Il est octroy\u00e9 sur une dur\u00e9e de 5 ans avec un diff\u00e9r\u00e9 de 12 mois pour les cr\u00e9ations et sur une dur\u00e9e de 3 ans avec un diff\u00e9r\u00e9 de 2 mois pour les reprises.<\/p>\n\n\n\n<p>Le pr\u00eat et l\u2019accompagnement restent indissociables.<\/p>\n\n\n\n<h3 class=\"wp-block-heading\">Les chiffres cl\u00e9s de R\u00e9seau Entreprendre Bretagne<\/h3>\n\n\n\n<p>R\u00e9seau Entreprendre Bretagne aujourd&#8217;hui :<\/p>\n\n\n\n<p>4 implantations sur tout le territoire Breton : consultez la liste de nos implantations (lien vers contacts).<br>Un r\u00e9seau de pr\u00e8s de 400 chefs d\u2019entreprise engag\u00e9s et 600 entreprises laur\u00e9ates.<br>Plus de 100 cr\u00e9ateurs ou repreneurs en cours d&#8217;accompagnement.<\/p>\n\n\n\n<h3 class=\"wp-block-heading\">La performance de l&#8217;accompagnement<\/h3>\n\n\n\n<p>\u2022 97% des entreprises accompagn\u00e9es toujours en activit\u00e9 \u00e0 3 ans (moyenne r\u00e9gionale : 73%).<br>\u2022 13 emplois cr\u00e9\u00e9s en moyenne \u00e0 5 ans par chaque entreprise accompagn\u00e9e.<\/p>\n\n\n\n<h3 class=\"wp-block-heading\">Impact \u00e9conomique de l&#8217;accompagnement<\/h3>\n\n\n\n<ul class=\"wp-block-list\"><li>600 laur\u00e9ats accompagn\u00e9s vers la r\u00e9ussite de leurs projets depuis la cr\u00e9ation de R\u00e9seau Entreprendre Bretagne.<\/li><li>8500 emplois cr\u00e9\u00e9s ou sauvegard\u00e9s<\/li><li>20K\u20ac de pr\u00eat d\u2019honneur par laur\u00e9at en moyenne soit un peu plus de 12 M d\u2019euros octroy\u00e9s depuis 2003.<\/li><\/ul>\n","protected":false},"excerpt":{"rendered":"<p>Accompagner L&#8217;accompagnement de R\u00e9seau Entreprendre Bretagne est fond\u00e9 sur la<\/p>\n","protected":false},"author":3,"featured_media":0,"parent":0,"menu_order":0,"comment_status":"closed","ping_status":"closed","template":"","meta":{"_acf_changed":false,"_monsterinsights_skip_tracking":false,"_monsterinsights_sitenote_active":false,"_monsterinsights_sitenote_note":"","_monsterinsights_sitenote_category":0,"footnotes":""},"class_list":["post-15","page","type-page","status-publish","hentry"],"acf":[],"yoast_head":"<!-- This site is optimized with the Yoast SEO plugin v27.5 - https:\/\/yoast.com\/product\/yoast-seo-wordpress\/ -->\n<title>Accompagner| Reseau Entreprendre Bretagne<\/title>\n<meta name=\"description\" content=\"Vous \u00eates chef d&#039;entreprise et souhaitez accompagner de nouveaux entrepreneurs ? Devenez membre b\u00e9n\u00e9vole de R\u00e9seau Entreprendre Bretagne !\" \/>\n<meta name=\"robots\" content=\"index, follow, max-snippet:-1, max-image-preview:large, max-video-preview:-1\" \/>\n<link rel=\"canonical\" href=\"https:\/\/www.reseau-entreprendre.org\/bretagne\/accompagner\/\" \/>\n<meta property=\"og:locale\" content=\"fr_FR\" \/>\n<meta property=\"og:type\" content=\"article\" \/>\n<meta property=\"og:title\" content=\"Accompagner| Reseau Entreprendre Bretagne\" \/>\n<meta property=\"og:description\" content=\"Vous \u00eates chef d&#039;entreprise et souhaitez accompagner de nouveaux entrepreneurs ? Devenez membre b\u00e9n\u00e9vole de R\u00e9seau Entreprendre Bretagne !\" \/>\n<meta property=\"og:url\" content=\"https:\/\/www.reseau-entreprendre.org\/bretagne\/accompagner\/\" \/>\n<meta property=\"og:site_name\" content=\"R\u00e9seau Entreprendre Bretagne\" \/>\n<meta property=\"article:publisher\" content=\"https:\/\/www.facebook.com\/reseauentreprendrebretagne\/\" \/>\n<meta property=\"article:modified_time\" content=\"2022-04-11T15:36:41+00:00\" \/>\n<meta name=\"twitter:card\" content=\"summary_large_image\" \/>\n<meta name=\"twitter:site\" content=\"@RE_Bretagne\" \/>\n<meta name=\"twitter:label1\" content=\"Dur\u00e9e de lecture estim\u00e9e\" \/>\n\t<meta name=\"twitter:data1\" content=\"3 minutes\" \/>\n<script type=\"application\/ld+json\" class=\"yoast-schema-graph\">{\"@context\":\"https:\\\/\\\/schema.org\",\"@graph\":[{\"@type\":\"WebPage\",\"@id\":\"https:\\\/\\\/www.reseau-entreprendre.org\\\/bretagne\\\/accompagner\\\/\",\"url\":\"https:\\\/\\\/www.reseau-entreprendre.org\\\/bretagne\\\/accompagner\\\/\",\"name\":\"Accompagner| Reseau Entreprendre Bretagne\",\"isPartOf\":{\"@id\":\"https:\\\/\\\/www.reseau-entreprendre.org\\\/bretagne\\\/#website\"},\"datePublished\":\"2017-04-28T10:33:47+00:00\",\"dateModified\":\"2022-04-11T15:36:41+00:00\",\"description\":\"Vous \u00eates chef d'entreprise et souhaitez accompagner de nouveaux entrepreneurs ? Devenez membre b\u00e9n\u00e9vole de R\u00e9seau Entreprendre Bretagne !\",\"breadcrumb\":{\"@id\":\"https:\\\/\\\/www.reseau-entreprendre.org\\\/bretagne\\\/accompagner\\\/#breadcrumb\"},\"inLanguage\":\"fr-FR\",\"potentialAction\":[{\"@type\":\"ReadAction\",\"target\":[\"https:\\\/\\\/www.reseau-entreprendre.org\\\/bretagne\\\/accompagner\\\/\"]}]},{\"@type\":\"BreadcrumbList\",\"@id\":\"https:\\\/\\\/www.reseau-entreprendre.org\\\/bretagne\\\/accompagner\\\/#breadcrumb\",\"itemListElement\":[{\"@type\":\"ListItem\",\"position\":1,\"name\":\"Accueil\",\"item\":\"https:\\\/\\\/www.reseau-entreprendre.org\\\/bretagne\\\/\"},{\"@type\":\"ListItem\",\"position\":2,\"name\":\"Accompagner\"}]},{\"@type\":\"WebSite\",\"@id\":\"https:\\\/\\\/www.reseau-entreprendre.org\\\/bretagne\\\/#website\",\"url\":\"https:\\\/\\\/www.reseau-entreprendre.org\\\/bretagne\\\/\",\"name\":\"R\u00e9seau Entreprendre Bretagne\",\"description\":\"Pour cr\u00e9er des emplois, cr\u00e9ons des employeurs\",\"potentialAction\":[{\"@type\":\"SearchAction\",\"target\":{\"@type\":\"EntryPoint\",\"urlTemplate\":\"https:\\\/\\\/www.reseau-entreprendre.org\\\/bretagne\\\/?s={search_term_string}\"},\"query-input\":{\"@type\":\"PropertyValueSpecification\",\"valueRequired\":true,\"valueName\":\"search_term_string\"}}],\"inLanguage\":\"fr-FR\"}]}<\/script>\n<!-- \/ Yoast SEO plugin. -->","yoast_head_json":{"title":"Accompagner| Reseau Entreprendre Bretagne","description":"Vous \u00eates chef d'entreprise et souhaitez accompagner de nouveaux entrepreneurs ? Devenez membre b\u00e9n\u00e9vole de R\u00e9seau Entreprendre Bretagne !","robots":{"index":"index","follow":"follow","max-snippet":"max-snippet:-1","max-image-preview":"max-image-preview:large","max-video-preview":"max-video-preview:-1"},"canonical":"https:\/\/www.reseau-entreprendre.org\/bretagne\/accompagner\/","og_locale":"fr_FR","og_type":"article","og_title":"Accompagner| Reseau Entreprendre Bretagne","og_description":"Vous \u00eates chef d'entreprise et souhaitez accompagner de nouveaux entrepreneurs ? Devenez membre b\u00e9n\u00e9vole de R\u00e9seau Entreprendre Bretagne !","og_url":"https:\/\/www.reseau-entreprendre.org\/bretagne\/accompagner\/","og_site_name":"R\u00e9seau Entreprendre Bretagne","article_publisher":"https:\/\/www.facebook.com\/reseauentreprendrebretagne\/","article_modified_time":"2022-04-11T15:36:41+00:00","twitter_card":"summary_large_image","twitter_site":"@RE_Bretagne","twitter_misc":{"Dur\u00e9e de lecture estim\u00e9e":"3 minutes"},"schema":{"@context":"https:\/\/schema.org","@graph":[{"@type":"WebPage","@id":"https:\/\/www.reseau-entreprendre.org\/bretagne\/accompagner\/","url":"https:\/\/www.reseau-entreprendre.org\/bretagne\/accompagner\/","name":"Accompagner| Reseau Entreprendre Bretagne","isPartOf":{"@id":"https:\/\/www.reseau-entreprendre.org\/bretagne\/#website"},"datePublished":"2017-04-28T10:33:47+00:00","dateModified":"2022-04-11T15:36:41+00:00","description":"Vous \u00eates chef d'entreprise et souhaitez accompagner de nouveaux entrepreneurs ? Devenez membre b\u00e9n\u00e9vole de R\u00e9seau Entreprendre Bretagne !","breadcrumb":{"@id":"https:\/\/www.reseau-entreprendre.org\/bretagne\/accompagner\/#breadcrumb"},"inLanguage":"fr-FR","potentialAction":[{"@type":"ReadAction","target":["https:\/\/www.reseau-entreprendre.org\/bretagne\/accompagner\/"]}]},{"@type":"BreadcrumbList","@id":"https:\/\/www.reseau-entreprendre.org\/bretagne\/accompagner\/#breadcrumb","itemListElement":[{"@type":"ListItem","position":1,"name":"Accueil","item":"https:\/\/www.reseau-entreprendre.org\/bretagne\/"},{"@type":"ListItem","position":2,"name":"Accompagner"}]},{"@type":"WebSite","@id":"https:\/\/www.reseau-entreprendre.org\/bretagne\/#website","url":"https:\/\/www.reseau-entreprendre.org\/bretagne\/","name":"R\u00e9seau Entreprendre Bretagne","description":"Pour cr\u00e9er des emplois, cr\u00e9ons des employeurs","potentialAction":[{"@type":"SearchAction","target":{"@type":"EntryPoint","urlTemplate":"https:\/\/www.reseau-entreprendre.org\/bretagne\/?s={search_term_string}"},"query-input":{"@type":"PropertyValueSpecification","valueRequired":true,"valueName":"search_term_string"}}],"inLanguage":"fr-FR"}]}},"_links":{"self":[{"href":"https:\/\/www.reseau-entreprendre.org\/bretagne\/wp-json\/wp\/v2\/pages\/15","targetHints":{"allow":["GET"]}}],"collection":[{"href":"https:\/\/www.reseau-entreprendre.org\/bretagne\/wp-json\/wp\/v2\/pages"}],"about":[{"href":"https:\/\/www.reseau-entreprendre.org\/bretagne\/wp-json\/wp\/v2\/types\/page"}],"author":[{"embeddable":true,"href":"https:\/\/www.reseau-entreprendre.org\/bretagne\/wp-json\/wp\/v2\/users\/3"}],"replies":[{"embeddable":true,"href":"https:\/\/www.reseau-entreprendre.org\/bretagne\/wp-json\/wp\/v2\/comments?post=15"}],"version-history":[{"count":0,"href":"https:\/\/www.reseau-entreprendre.org\/bretagne\/wp-json\/wp\/v2\/pages\/15\/revisions"}],"wp:attachment":[{"href":"https:\/\/www.reseau-entreprendre.org\/bretagne\/wp-json\/wp\/v2\/media?parent=15"}],"curies":[{"name":"wp","href":"https:\/\/api.w.org\/{rel}","templated":true}]}}