{"id":3965,"date":"2023-08-30T08:28:04","date_gmt":"2023-08-30T06:28:04","guid":{"rendered":"https:\/\/www.reseau-entreprendre.org\/bretagne\/?page_id=3965"},"modified":"2025-12-01T09:37:14","modified_gmt":"2025-12-01T08:37:14","slug":"entreprendre-2","status":"publish","type":"page","link":"https:\/\/www.reseau-entreprendre.org\/bretagne\/entreprendre-2\/","title":{"rendered":"Entreprendre"},"content":{"rendered":"\n<h2 class=\"wp-block-heading has-re-red-color has-text-color\"><strong>Pr\u00eat \u00e0 passer \u00e0 L\u2019ACTION ?<\/strong><\/h2>\n\n\n\n<h2 class=\"wp-block-heading has-black-color has-text-color\"><br><strong>FAITES-VOUS ACCOMPAGNER<br>VERS LE SUCC\u00c8S !<\/strong><\/h2>\n\n\n\n<p>L\u2019accompagnement by R\u00e9seau Entreprendre Bretagne\u00ae\u202f: POUR et PAR des chefs d\u2019entreprise&nbsp;<\/p>\n\n\n\n<ul class=\"wp-block-list\">\n<li>Un accompagnement bas\u00e9 \u00e0 100% sur des m\u00e9thodes d&#8217;entreprise \u00e0 tous les stades de d\u00e9veloppement et de croissance de l&#8217;entreprise.&nbsp;<\/li>\n\n\n\n<li>Des outils int\u00e9grant les enjeux des nouveaux mod\u00e8les \u00e9conomiques et sociaux, dans un monde qui change.&nbsp;<\/li>\n<\/ul>\n\n\n\n<p class=\"has-re-red-color has-text-color\">D\u00e9couvrez <strong>notre offre d&#8217;accompagnement <\/strong>:<\/p>\n\n\n\n<figure class=\"wp-block-image size-large\"><img loading=\"lazy\" decoding=\"async\" width=\"1024\" height=\"576\" src=\"https:\/\/www.reseau-entreprendre.org\/bretagne\/wp-content\/uploads\/sites\/3\/2023\/08\/Design-sans-titre-10-1024x576.png\" alt=\"\" class=\"wp-image-4876\" srcset=\"https:\/\/www.reseau-entreprendre.org\/bretagne\/wp-content\/uploads\/sites\/3\/2023\/08\/Design-sans-titre-10-1024x576.png 1024w, https:\/\/www.reseau-entreprendre.org\/bretagne\/wp-content\/uploads\/sites\/3\/2023\/08\/Design-sans-titre-10-300x169.png 300w, https:\/\/www.reseau-entreprendre.org\/bretagne\/wp-content\/uploads\/sites\/3\/2023\/08\/Design-sans-titre-10-768x432.png 768w, https:\/\/www.reseau-entreprendre.org\/bretagne\/wp-content\/uploads\/sites\/3\/2023\/08\/Design-sans-titre-10-1536x864.png 1536w, https:\/\/www.reseau-entreprendre.org\/bretagne\/wp-content\/uploads\/sites\/3\/2023\/08\/Design-sans-titre-10-210x118.png 210w, https:\/\/www.reseau-entreprendre.org\/bretagne\/wp-content\/uploads\/sites\/3\/2023\/08\/Design-sans-titre-10.png 1140w\" sizes=\"auto, (max-width: 1024px) 100vw, 1024px\" \/><\/figure>\n\n\n\n<div class=\"wp-block-columns is-layout-flex wp-container-core-columns-is-layout-9d6595d7 wp-block-columns-is-layout-flex\">\n<div class=\"wp-block-column is-layout-flow wp-block-column-is-layout-flow\">\n<p class=\"has-re-red-color has-text-color\"><strong>PROGRAMME START<\/strong><\/p>\n\n\n\n<p class=\"has-black-color has-text-color\">R\u00e9v\u00e9lez et renforcez votre talent de chef d&#8217;entreprise<\/p>\n\n\n\n<p><strong>Objectifs <\/strong><\/p>\n\n\n\n<ul class=\"wp-block-list\">\n<li>Cr\u00e9er 5 \u00e0 10 emplois en 5 ans<\/li>\n<\/ul>\n\n\n\n<p><em>Ou<\/em><\/p>\n\n\n\n<ul class=\"wp-block-list\">\n<li>Pr\u00e9server les emplois existant lors de la reprise avec une volont\u00e9 de donner une nouvelle impulsion \u00e0 votre entreprise<\/li>\n<\/ul>\n\n\n\n<p><strong>B\u00e9n\u00e9fices de l&#8217;accompagnement <\/strong><\/p>\n\n\n\n<ul class=\"wp-block-list\">\n<li>R\u00e9ussir votre cr\u00e9ation ou reprise<\/li>\n\n\n\n<li>P\u00e9renniser votre projet<\/li>\n\n\n\n<li>Atteindre rapidement la profitabilit\u00e9 pour pouvoir se d\u00e9velopper<\/li>\n<\/ul>\n<\/div>\n\n\n\n<div class=\"wp-block-column is-layout-flow wp-block-column-is-layout-flow\">\n<p class=\"has-re-red-color has-text-color\"><strong>PROGRAMME BOOSTER<\/strong><\/p>\n\n\n\n<p class=\"has-black-color has-text-color\">Concr\u00e9tisez et r\u00e9ussissez votre d\u00e9veloppement<\/p>\n\n\n\n<p><strong>Objectifs <\/strong><\/p>\n\n\n\n<ul class=\"wp-block-list\">\n<li>Franchir un cap de croissance<\/li>\n\n\n\n<li>D\u00e9velopper significativement le nombre d\u2019emplois<\/li>\n<\/ul>\n\n\n\n<p><strong>B\u00e9n\u00e9fices de l&#8217;accompagnement <\/strong><\/p>\n\n\n\n<ul class=\"wp-block-list\">\n<li>Conforter votre d\u00e9veloppement sur des sujets vari\u00e9s (nouveaux produits\/services, nouveaux march\u00e9s, process et organisation)<\/li>\n\n\n\n<li>Donner de la lisibilit\u00e9 sur la conduite de votre projet<\/li>\n\n\n\n<li>Appr\u00e9hender les risques inh\u00e9rents au projet<\/li>\n<\/ul>\n<\/div>\n\n\n\n<div class=\"wp-block-column is-layout-flow wp-block-column-is-layout-flow\">\n<p class=\"has-re-red-color has-text-color\"><strong>PROGRAMME AMBITION<\/strong><\/p>\n\n\n\n<p class=\"has-black-color has-text-color\">Acc\u00e9l\u00e9rez la croissance de votre entreprise<\/p>\n\n\n\n<p><strong>Objectifs <\/strong><\/p>\n\n\n\n<ul class=\"wp-block-list\">\n<li>Devenir une PME d\u2019envergure<\/li>\n\n\n\n<li>Doubler la taille de votre entreprise en 3-4 ans<\/li>\n\n\n\n<li>R\u00e9ussir votre projet de croissance (organique et\/ou externe)<\/li>\n<\/ul>\n\n\n\n<p><strong>B\u00e9n\u00e9fices de l&#8217;accompagnement <\/strong><\/p>\n\n\n\n<ul class=\"wp-block-list\">\n<li>Renforcer votre posture de chef d\u2019entreprise de croissance<\/li>\n\n\n\n<li>Garder align\u00e9es strat\u00e9gie de croissance et ex\u00e9cution op\u00e9rationnelle<\/li>\n\n\n\n<li>Mettre en place une gouvernance d\u2019entreprise choisie et responsable<\/li>\n<\/ul>\n<\/div>\n<\/div>\n\n\n\n<div class=\"wp-block-columns is-layout-flex wp-container-core-columns-is-layout-9d6595d7 wp-block-columns-is-layout-flex\">\n<div class=\"wp-block-column is-layout-flow wp-block-column-is-layout-flow\">\n<div class=\"wp-block-buttons is-content-justification-center is-layout-flex wp-container-core-buttons-is-layout-16018d1d wp-block-buttons-is-layout-flex\">\n<div class=\"wp-block-button\"><a class=\"wp-block-button__link has-re-red-background-color has-background wp-element-button\" href=\"https:\/\/www.calameo.com\/read\/008104067715b10537fe2\" style=\"border-radius:14px\" target=\"_blank\" rel=\"noreferrer noopener\"><strong>En savoir plus<\/strong><\/a><\/div>\n<\/div>\n<\/div>\n\n\n\n<div class=\"wp-block-column is-layout-flow wp-block-column-is-layout-flow\">\n<div class=\"wp-block-buttons is-content-justification-center is-layout-flex wp-container-core-buttons-is-layout-16018d1d wp-block-buttons-is-layout-flex\">\n<div class=\"wp-block-button\"><a class=\"wp-block-button__link has-re-red-background-color has-background wp-element-button\" href=\"https:\/\/www.calameo.com\/read\/008104067f86afa412746\" style=\"border-radius:14px\" target=\"_blank\" rel=\"noreferrer noopener\"><strong>En savoir plus<\/strong><\/a><\/div>\n<\/div>\n<\/div>\n\n\n\n<div class=\"wp-block-column is-layout-flow wp-block-column-is-layout-flow\">\n<div class=\"wp-block-buttons is-content-justification-center is-layout-flex wp-container-core-buttons-is-layout-16018d1d wp-block-buttons-is-layout-flex\">\n<div class=\"wp-block-button\"><a class=\"wp-block-button__link has-re-red-background-color has-background wp-element-button\" href=\"https:\/\/www.calameo.com\/read\/0081040675a25d7162931\" style=\"border-radius:14px\" target=\"_blank\" rel=\"noreferrer noopener\"><strong>En savoir plus<\/strong><\/a><\/div>\n<\/div>\n<\/div>\n<\/div>\n\n\n\n<hr class=\"wp-block-separator has-alpha-channel-opacity\" \/>\n\n\n\n<div class=\"wp-block-columns is-layout-flex wp-container-core-columns-is-layout-9d6595d7 wp-block-columns-is-layout-flex\">\n<div class=\"wp-block-column is-layout-flow wp-block-column-is-layout-flow\">\n<p class=\"has-re-yellow-color has-text-color\"><strong><strong>PROGRAMME PHAR<\/strong><\/strong><\/p>\n\n\n\n<p class=\"has-black-color has-text-color\">Pr\u00eat d&#8217;honneur pour l&#8217;amor\u00e7age r\u00e9gional soutenu par la R\u00e9gion Bretagne et Bpifrance<\/p>\n<\/div>\n\n\n\n<div class=\"wp-block-column is-layout-flow wp-block-column-is-layout-flow\">\n<p><strong>Objectifs <\/strong><\/p>\n\n\n\n<ul class=\"wp-block-list\">\n<li>Disposer d&#8217;un premier financement pour votre entreprise<\/li>\n<\/ul>\n\n\n\n<ul class=\"wp-block-list\">\n<li>\u00catre accompagn\u00e9 par un pair, chef d&#8217;entreprise, sur un temps risqu\u00e9 de la vie<br>de l&#8217;entreprise<\/li>\n<\/ul>\n<\/div>\n\n\n\n<div class=\"wp-block-column is-layout-flow wp-block-column-is-layout-flow\">\n<p><strong>B\u00e9n\u00e9fices de l&#8217;accompagnement <\/strong><\/p>\n\n\n\n<ul class=\"wp-block-list\">\n<li>S\u00e9curiser votre cr\u00e9ation d&#8217;entreprise innovante<\/li>\n\n\n\n<li>P\u00e9renniser votre projet<\/li>\n\n\n\n<li>Renforcer les fonds propres de votre entreprise<\/li>\n<\/ul>\n\n\n\n<div class=\"wp-block-buttons is-content-justification-center is-layout-flex wp-container-core-buttons-is-layout-16018d1d wp-block-buttons-is-layout-flex\">\n<div class=\"wp-block-button\"><a class=\"wp-block-button__link has-re-yellow-background-color has-background has-custom-font-size wp-element-button\" href=\"https:\/\/www.bretagne.bzh\/aides\/fiches\/pret-honneur-amorcage-regional-phar-bretagne\/\" style=\"border-radius:14px;font-size:18px\" target=\"_blank\" rel=\"noreferrer noopener\"><strong>En savoir plus<\/strong><\/a><\/div>\n<\/div>\n<\/div>\n<\/div>\n\n\n\n<figure class=\"wp-block-pullquote\"><blockquote><p>\u00ab\u202fLe meilleur moyen de pr\u00e9voir le futur, c\u2019est de le cr\u00e9er<strong>\u202f<\/strong>\u00bb.<\/p><cite><em>Peter DRUCKER&nbsp;<\/em><\/cite><\/blockquote><\/figure>\n\n\n\n<div class=\"wp-block-columns is-layout-flex wp-container-core-columns-is-layout-9d6595d7 wp-block-columns-is-layout-flex\">\n<div class=\"wp-block-column is-layout-flow wp-block-column-is-layout-flow\">\n<div class=\"wp-block-columns is-layout-flex wp-container-core-columns-is-layout-9d6595d7 wp-block-columns-is-layout-flex\">\n<div class=\"wp-block-column is-layout-flow wp-block-column-is-layout-flow\" style=\"flex-basis:33.33%\"><div>\n        <span class=\"d-block w-100 text-center\" style=\"color:#f34f63\">\n            <svg class=\"icon\" width=\"90\" height=\"75\" viewBox=\"0 0 90 75\" fill=\"none\" xmlns=\"http:\/\/www.w3.org\/2000\/svg\">\n<g id=\"\">\n<path id=\"Stroke 1\" d=\"M1.17627 56.7392V43.8384H12.3219V63.1962H1.17627\" stroke=\"currentColor\" stroke-width=\"1.701\"\/>\n<path id=\"Stroke 3\" d=\"M12.3218 46.302H18.5399C18.5399 46.302 24.7576 45.3632 30.0369 50.4082C35.3166 55.4525 39.5399 59.4417 39.5399 59.4417C39.5399 59.4417 42.3556 62.7269 40.0092 65.073C37.663 67.4195 34.2836 64.1258 33.3218 63.1962C31.7039 61.6301 26.6324 56.8609 26.6324 56.8609\" stroke=\"currentColor\" stroke-width=\"1.701\"\/>\n<path id=\"Stroke 5\" d=\"M12.3218 60.3804C16.8972 60.3804 20.6514 62.1401 22.8807 65.1908C25.1097 68.2408 27.9254 73.8721 35.9029 73.8721H52.2108C55.7303 73.8721 57.2554 72.4645 57.2554 70.0009C57.2554 67.5369 54.6451 66.3053 52.4161 66.3053H46.3155\" stroke=\"currentColor\" stroke-width=\"1.701\"\/>\n<path id=\"Stroke 7\" d=\"M88.4093 18.3094V31.2106H77.2637V11.8528H88.4093\" stroke=\"currentColor\" stroke-width=\"1.701\"\/>\n<path id=\"Stroke 9\" d=\"M77.2637 28.7468H71.046C71.046 28.7468 64.8279 29.6852 59.5486 24.6405C54.2689 19.5958 50.0455 15.6067 50.0455 15.6067C50.0455 15.6067 47.2298 12.3218 49.5763 9.97532C51.9228 7.6292 55.3023 10.9226 56.2636 11.8526C57.8816 13.4183 62.9531 18.1878 62.9531 18.1878\" stroke=\"currentColor\" stroke-width=\"1.701\"\/>\n<path id=\"Stroke 11\" d=\"M77.2637 14.6685C72.6883 14.6685 68.9341 12.9088 66.7048 9.85846C64.4758 6.80815 61.6601 1.17676 53.6822 1.17676H37.3751C33.8552 1.17676 32.3301 2.58443 32.3301 5.04803C32.3301 7.51199 34.9404 8.74397 37.1694 8.74397H43.2701\" stroke=\"currentColor\" stroke-width=\"1.701\"\/>\n<path id=\"Stroke 13\" fill-rule=\"evenodd\" clip-rule=\"evenodd\" d=\"M55.3529 30.3247C54.1047 28.9082 52.3732 28.1282 50.4772 28.1282C47.8108 28.1282 46.1223 29.7211 45.1757 31.0571C44.9302 31.4036 44.7213 31.7511 44.546 32.0785C44.3703 31.7511 44.1614 31.4036 43.9159 31.0571C42.969 29.7211 41.2808 28.1282 38.6143 28.1282C36.7184 28.1282 34.9865 28.9082 33.7383 30.3247C32.5479 31.6759 31.8921 33.4851 31.8921 35.4198C31.8921 37.5257 32.7141 39.4841 34.4792 41.5836C36.0569 43.4598 38.3268 45.3939 40.9548 47.6338C41.9342 48.4682 42.9467 49.3311 44.0252 50.2745L44.0573 50.3027C44.197 50.4251 44.3717 50.4862 44.546 50.4862C44.7199 50.4862 44.8942 50.4251 45.0342 50.3027L45.0667 50.2745C46.1445 49.3311 47.1577 48.4682 48.1371 47.6334C50.7648 45.3939 53.0347 43.4598 54.6121 41.5836C56.3771 39.4841 57.1995 37.5257 57.1995 35.4198C57.1995 33.4851 56.5436 31.6759 55.3529 30.3247Z\" stroke=\"currentColor\" stroke-width=\"1.701\"\/>\n<\/g>\n<\/svg>        <\/span>\n    <\/div>\n<\/div>\n\n\n\n<div class=\"wp-block-column is-layout-flow wp-block-column-is-layout-flow\" style=\"flex-basis:66.66%\">\n<h4 class=\"wp-block-heading has-text-align-center\">Aucun entrepreneur ne doit <strong>rester seul <\/strong><\/h4>\n\n\n\n<div class=\"wp-block-buttons is-content-justification-center is-layout-flex wp-container-core-buttons-is-layout-16018d1d wp-block-buttons-is-layout-flex\">\n<div class=\"wp-block-button\"><a class=\"wp-block-button__link has-re-red-background-color has-background has-text-align-center wp-element-button\" href=\"https:\/\/www.reseau-entreprendre.org\/bretagne\/contact\/\" style=\"border-radius:16px\" target=\"_blank\" rel=\"noreferrer noopener\"><strong>Contactez-nous<\/strong><\/a><\/div>\n<\/div>\n<\/div>\n<\/div>\n<\/div>\n\n\n\n<div class=\"wp-block-column is-layout-flow wp-block-column-is-layout-flow\">\n<div class=\"wp-block-columns is-layout-flex wp-container-core-columns-is-layout-9d6595d7 wp-block-columns-is-layout-flex\">\n<div class=\"wp-block-column is-layout-flow wp-block-column-is-layout-flow\" style=\"flex-basis:33.33%\"><div>\n        <span class=\"d-block w-100 text-center\" style=\"color:#1595bf\">\n            <svg class=\"icon\" width=\"77\" height=\"77\" viewBox=\"0 0 77 77\" fill=\"none\" xmlns=\"http:\/\/www.w3.org\/2000\/svg\">\n<g id=\"\">\n<path id=\"Stroke 1\" d=\"M24.8795 50.2515C28.1764 50.2515 30.8494 47.5785 30.8494 44.2817V25.2228C30.8494 22.9662 29.3927 20.9618 27.254 20.241C26.2854 19.9141 23.3871 18.9097 23.3871 18.9097L15.9247 26.372L8.46235 18.9097C8.46235 18.9097 5.56397 19.9141 4.59536 20.241C2.45665 20.9618 1 22.9662 1 25.2228V44.2817C1 47.5785 3.67301 50.2515 6.96988 50.2515\" stroke=\"currentColor\" stroke-width=\"2\" stroke-linejoin=\"round\"\/>\n<path id=\"Stroke 3\" fill-rule=\"evenodd\" clip-rule=\"evenodd\" d=\"M23.3871 8.46235C23.3871 12.586 20.044 15.9247 15.9248 15.9247C11.8055 15.9247 8.4624 12.586 8.4624 8.46235C8.4624 4.33866 11.8055 1 15.9248 1C20.044 1 23.3871 4.33866 23.3871 8.46235Z\" stroke=\"currentColor\" stroke-width=\"2\" stroke-linejoin=\"round\"\/>\n<path id=\"Stroke 5\" d=\"M24.8794 30.8494V74.131C24.8794 74.9563 24.2107 75.6235 23.3869 75.6235H8.4622C7.63835 75.6235 6.96973 74.9563 6.96973 74.131V30.8494\" stroke=\"currentColor\" stroke-width=\"2\" stroke-linecap=\"round\" stroke-linejoin=\"round\"\/>\n<path id=\"Stroke 7\" d=\"M15.9245 48.759V75.6235\" stroke=\"currentColor\" stroke-width=\"2\" stroke-linecap=\"round\" stroke-linejoin=\"round\"\/>\n<path id=\"Stroke 9\" d=\"M24.8794 64.6283C30.0672 71.3086 38.1549 75.6233 47.2664 75.6233C62.9284 75.6233 75.6234 62.9268 75.6234 47.2664C75.6234 31.6059 62.9284 18.9094 47.2664 18.9094C41.0936 18.9094 35.3983 20.8974 30.7493 24.2495\" stroke=\"currentColor\" stroke-width=\"2\" stroke-linejoin=\"round\"\/>\n<path id=\"Stroke 11\" d=\"M57.7138 42.7891L51.7455 48.7589L45.7726 54.7288L39.8042 48.7589\" stroke=\"currentColor\" stroke-width=\"2\" stroke-linecap=\"round\" stroke-linejoin=\"round\"\/>\n<\/g>\n<\/svg>        <\/span>\n    <\/div>\n<\/div>\n\n\n\n<div class=\"wp-block-column is-layout-flow wp-block-column-is-layout-flow\" style=\"flex-basis:66.66%\">\n<h4 class=\"wp-block-heading has-text-align-center\">D\u00e9couvrez les <strong>laur\u00e9ats accompagn\u00e9s<\/strong> par l&#8217;association <\/h4>\n\n\n\n<div class=\"wp-block-buttons is-content-justification-center is-layout-flex wp-container-core-buttons-is-layout-16018d1d wp-block-buttons-is-layout-flex\">\n<div class=\"wp-block-button\"><a class=\"wp-block-button__link has-re-blue-background-color has-background wp-element-button\" href=\"https:\/\/www.reseau-entreprendre.org\/bretagne\/nous-les-avons-accompagnees\/\" style=\"border-radius:14px\" target=\"_blank\" rel=\"noreferrer noopener\"><strong>Je d\u00e9couvre<\/strong><\/a><\/div>\n<\/div>\n<\/div>\n<\/div>\n<\/div>\n<\/div>\n","protected":false},"excerpt":{"rendered":"<p>Pr\u00eat \u00e0 passer \u00e0 L\u2019ACTION ? FAITES-VOUS ACCOMPAGNERVERS LE SUCC\u00c8S<\/p>\n","protected":false},"author":3,"featured_media":0,"parent":0,"menu_order":0,"comment_status":"closed","ping_status":"closed","template":"","meta":{"_acf_changed":false,"_monsterinsights_skip_tracking":false,"_monsterinsights_sitenote_active":false,"_monsterinsights_sitenote_note":"","_monsterinsights_sitenote_category":0,"footnotes":""},"class_list":["post-3965","page","type-page","status-publish","hentry"],"acf":[],"yoast_head":"<!-- This site is optimized with the Yoast SEO plugin v27.4 - https:\/\/yoast.com\/product\/yoast-seo-wordpress\/ -->\n<title>Entreprendre - R\u00e9seau Entreprendre Bretagne<\/title>\n<meta name=\"robots\" content=\"index, follow, max-snippet:-1, max-image-preview:large, max-video-preview:-1\" \/>\n<link rel=\"canonical\" href=\"https:\/\/www.reseau-entreprendre.org\/bretagne\/entreprendre-2\/\" \/>\n<meta property=\"og:locale\" content=\"fr_FR\" \/>\n<meta property=\"og:type\" content=\"article\" \/>\n<meta property=\"og:title\" content=\"Entreprendre - R\u00e9seau Entreprendre Bretagne\" \/>\n<meta property=\"og:description\" content=\"Pr\u00eat \u00e0 passer \u00e0 L\u2019ACTION ? FAITES-VOUS ACCOMPAGNERVERS LE SUCC\u00c8S\" \/>\n<meta property=\"og:url\" content=\"https:\/\/www.reseau-entreprendre.org\/bretagne\/entreprendre-2\/\" \/>\n<meta property=\"og:site_name\" content=\"R\u00e9seau Entreprendre Bretagne\" \/>\n<meta property=\"article:publisher\" content=\"https:\/\/www.facebook.com\/reseauentreprendrebretagne\/\" \/>\n<meta property=\"article:modified_time\" content=\"2025-12-01T08:37:14+00:00\" \/>\n<meta property=\"og:image\" content=\"https:\/\/www.reseau-entreprendre.org\/bretagne\/wp-content\/uploads\/sites\/3\/2023\/08\/Design-sans-titre-10.png\" \/>\n\t<meta property=\"og:image:width\" content=\"1140\" \/>\n\t<meta property=\"og:image:height\" content=\"641\" \/>\n\t<meta property=\"og:image:type\" content=\"image\/png\" \/>\n<meta name=\"twitter:card\" content=\"summary_large_image\" \/>\n<meta name=\"twitter:site\" content=\"@RE_Bretagne\" \/>\n<meta name=\"twitter:label1\" content=\"Dur\u00e9e de lecture estim\u00e9e\" \/>\n\t<meta name=\"twitter:data1\" content=\"2 minutes\" \/>\n<script type=\"application\/ld+json\" class=\"yoast-schema-graph\">{\"@context\":\"https:\\\/\\\/schema.org\",\"@graph\":[{\"@type\":\"WebPage\",\"@id\":\"https:\\\/\\\/www.reseau-entreprendre.org\\\/bretagne\\\/entreprendre-2\\\/\",\"url\":\"https:\\\/\\\/www.reseau-entreprendre.org\\\/bretagne\\\/entreprendre-2\\\/\",\"name\":\"Entreprendre - R\u00e9seau Entreprendre Bretagne\",\"isPartOf\":{\"@id\":\"https:\\\/\\\/www.reseau-entreprendre.org\\\/bretagne\\\/#website\"},\"primaryImageOfPage\":{\"@id\":\"https:\\\/\\\/www.reseau-entreprendre.org\\\/bretagne\\\/entreprendre-2\\\/#primaryimage\"},\"image\":{\"@id\":\"https:\\\/\\\/www.reseau-entreprendre.org\\\/bretagne\\\/entreprendre-2\\\/#primaryimage\"},\"thumbnailUrl\":\"https:\\\/\\\/www.reseau-entreprendre.org\\\/bretagne\\\/wp-content\\\/uploads\\\/sites\\\/3\\\/2023\\\/08\\\/Design-sans-titre-10-1024x576.png\",\"datePublished\":\"2023-08-30T06:28:04+00:00\",\"dateModified\":\"2025-12-01T08:37:14+00:00\",\"breadcrumb\":{\"@id\":\"https:\\\/\\\/www.reseau-entreprendre.org\\\/bretagne\\\/entreprendre-2\\\/#breadcrumb\"},\"inLanguage\":\"fr-FR\",\"potentialAction\":[{\"@type\":\"ReadAction\",\"target\":[\"https:\\\/\\\/www.reseau-entreprendre.org\\\/bretagne\\\/entreprendre-2\\\/\"]}]},{\"@type\":\"ImageObject\",\"inLanguage\":\"fr-FR\",\"@id\":\"https:\\\/\\\/www.reseau-entreprendre.org\\\/bretagne\\\/entreprendre-2\\\/#primaryimage\",\"url\":\"https:\\\/\\\/www.reseau-entreprendre.org\\\/bretagne\\\/wp-content\\\/uploads\\\/sites\\\/3\\\/2023\\\/08\\\/Design-sans-titre-10.png\",\"contentUrl\":\"https:\\\/\\\/www.reseau-entreprendre.org\\\/bretagne\\\/wp-content\\\/uploads\\\/sites\\\/3\\\/2023\\\/08\\\/Design-sans-titre-10.png\",\"width\":1140,\"height\":641},{\"@type\":\"BreadcrumbList\",\"@id\":\"https:\\\/\\\/www.reseau-entreprendre.org\\\/bretagne\\\/entreprendre-2\\\/#breadcrumb\",\"itemListElement\":[{\"@type\":\"ListItem\",\"position\":1,\"name\":\"Accueil\",\"item\":\"https:\\\/\\\/www.reseau-entreprendre.org\\\/bretagne\\\/\"},{\"@type\":\"ListItem\",\"position\":2,\"name\":\"Entreprendre\"}]},{\"@type\":\"WebSite\",\"@id\":\"https:\\\/\\\/www.reseau-entreprendre.org\\\/bretagne\\\/#website\",\"url\":\"https:\\\/\\\/www.reseau-entreprendre.org\\\/bretagne\\\/\",\"name\":\"R\u00e9seau Entreprendre Bretagne\",\"description\":\"Pour cr\u00e9er des emplois, cr\u00e9ons des employeurs\",\"potentialAction\":[{\"@type\":\"SearchAction\",\"target\":{\"@type\":\"EntryPoint\",\"urlTemplate\":\"https:\\\/\\\/www.reseau-entreprendre.org\\\/bretagne\\\/?s={search_term_string}\"},\"query-input\":{\"@type\":\"PropertyValueSpecification\",\"valueRequired\":true,\"valueName\":\"search_term_string\"}}],\"inLanguage\":\"fr-FR\"}]}<\/script>\n<!-- \/ Yoast SEO plugin. -->","yoast_head_json":{"title":"Entreprendre - R\u00e9seau Entreprendre Bretagne","robots":{"index":"index","follow":"follow","max-snippet":"max-snippet:-1","max-image-preview":"max-image-preview:large","max-video-preview":"max-video-preview:-1"},"canonical":"https:\/\/www.reseau-entreprendre.org\/bretagne\/entreprendre-2\/","og_locale":"fr_FR","og_type":"article","og_title":"Entreprendre - R\u00e9seau Entreprendre Bretagne","og_description":"Pr\u00eat \u00e0 passer \u00e0 L\u2019ACTION ? FAITES-VOUS ACCOMPAGNERVERS LE SUCC\u00c8S","og_url":"https:\/\/www.reseau-entreprendre.org\/bretagne\/entreprendre-2\/","og_site_name":"R\u00e9seau Entreprendre Bretagne","article_publisher":"https:\/\/www.facebook.com\/reseauentreprendrebretagne\/","article_modified_time":"2025-12-01T08:37:14+00:00","og_image":[{"width":1140,"height":641,"url":"https:\/\/www.reseau-entreprendre.org\/bretagne\/wp-content\/uploads\/sites\/3\/2023\/08\/Design-sans-titre-10.png","type":"image\/png"}],"twitter_card":"summary_large_image","twitter_site":"@RE_Bretagne","twitter_misc":{"Dur\u00e9e de lecture estim\u00e9e":"2 minutes"},"schema":{"@context":"https:\/\/schema.org","@graph":[{"@type":"WebPage","@id":"https:\/\/www.reseau-entreprendre.org\/bretagne\/entreprendre-2\/","url":"https:\/\/www.reseau-entreprendre.org\/bretagne\/entreprendre-2\/","name":"Entreprendre - R\u00e9seau Entreprendre Bretagne","isPartOf":{"@id":"https:\/\/www.reseau-entreprendre.org\/bretagne\/#website"},"primaryImageOfPage":{"@id":"https:\/\/www.reseau-entreprendre.org\/bretagne\/entreprendre-2\/#primaryimage"},"image":{"@id":"https:\/\/www.reseau-entreprendre.org\/bretagne\/entreprendre-2\/#primaryimage"},"thumbnailUrl":"https:\/\/www.reseau-entreprendre.org\/bretagne\/wp-content\/uploads\/sites\/3\/2023\/08\/Design-sans-titre-10-1024x576.png","datePublished":"2023-08-30T06:28:04+00:00","dateModified":"2025-12-01T08:37:14+00:00","breadcrumb":{"@id":"https:\/\/www.reseau-entreprendre.org\/bretagne\/entreprendre-2\/#breadcrumb"},"inLanguage":"fr-FR","potentialAction":[{"@type":"ReadAction","target":["https:\/\/www.reseau-entreprendre.org\/bretagne\/entreprendre-2\/"]}]},{"@type":"ImageObject","inLanguage":"fr-FR","@id":"https:\/\/www.reseau-entreprendre.org\/bretagne\/entreprendre-2\/#primaryimage","url":"https:\/\/www.reseau-entreprendre.org\/bretagne\/wp-content\/uploads\/sites\/3\/2023\/08\/Design-sans-titre-10.png","contentUrl":"https:\/\/www.reseau-entreprendre.org\/bretagne\/wp-content\/uploads\/sites\/3\/2023\/08\/Design-sans-titre-10.png","width":1140,"height":641},{"@type":"BreadcrumbList","@id":"https:\/\/www.reseau-entreprendre.org\/bretagne\/entreprendre-2\/#breadcrumb","itemListElement":[{"@type":"ListItem","position":1,"name":"Accueil","item":"https:\/\/www.reseau-entreprendre.org\/bretagne\/"},{"@type":"ListItem","position":2,"name":"Entreprendre"}]},{"@type":"WebSite","@id":"https:\/\/www.reseau-entreprendre.org\/bretagne\/#website","url":"https:\/\/www.reseau-entreprendre.org\/bretagne\/","name":"R\u00e9seau Entreprendre Bretagne","description":"Pour cr\u00e9er des emplois, cr\u00e9ons des employeurs","potentialAction":[{"@type":"SearchAction","target":{"@type":"EntryPoint","urlTemplate":"https:\/\/www.reseau-entreprendre.org\/bretagne\/?s={search_term_string}"},"query-input":{"@type":"PropertyValueSpecification","valueRequired":true,"valueName":"search_term_string"}}],"inLanguage":"fr-FR"}]}},"_links":{"self":[{"href":"https:\/\/www.reseau-entreprendre.org\/bretagne\/wp-json\/wp\/v2\/pages\/3965","targetHints":{"allow":["GET"]}}],"collection":[{"href":"https:\/\/www.reseau-entreprendre.org\/bretagne\/wp-json\/wp\/v2\/pages"}],"about":[{"href":"https:\/\/www.reseau-entreprendre.org\/bretagne\/wp-json\/wp\/v2\/types\/page"}],"author":[{"embeddable":true,"href":"https:\/\/www.reseau-entreprendre.org\/bretagne\/wp-json\/wp\/v2\/users\/3"}],"replies":[{"embeddable":true,"href":"https:\/\/www.reseau-entreprendre.org\/bretagne\/wp-json\/wp\/v2\/comments?post=3965"}],"version-history":[{"count":0,"href":"https:\/\/www.reseau-entreprendre.org\/bretagne\/wp-json\/wp\/v2\/pages\/3965\/revisions"}],"wp:attachment":[{"href":"https:\/\/www.reseau-entreprendre.org\/bretagne\/wp-json\/wp\/v2\/media?parent=3965"}],"curies":[{"name":"wp","href":"https:\/\/api.w.org\/{rel}","templated":true}]}}