{"id":1149,"date":"2021-10-07T10:58:06","date_gmt":"2021-10-07T08:58:06","guid":{"rendered":"https:\/\/re-preprod-entreprendre.fr\/champagne-ardenne\/?page_id=1149"},"modified":"2023-01-10T12:02:12","modified_gmt":"2023-01-10T11:02:12","slug":"ils-temoignent","status":"publish","type":"page","link":"https:\/\/www.reseau-entreprendre.org\/champagne-ardenne\/ils-temoignent\/","title":{"rendered":"Ils t\u00e9moignent"},"content":{"rendered":"\n<div class=\"wp-block-group\"><div class=\"wp-block-group__inner-container is-layout-constrained wp-block-group-is-layout-constrained\">\n<h2 class=\"has-re-red-color has-text-color wp-block-heading\"><strong>Success stories et t\u00e9moignages<\/strong><\/h2>\n\n\n\n<p>R\u00e9seau Entreprendre est une v\u00e9ritable fabrique \u00e0 success stories. Derri\u00e8re ces belles histoires, des chefs d&#8217;entreprise b\u00e9n\u00e9voles, engag\u00e9s pour les accompagner \u00e0 r\u00e9ussir. D\u00e9couvrez les t\u00e9moignages de nos laur\u00e9ats et des chefs d&#8217;entreprise qui les accompagnent.<\/p>\n\n\n\n<div class=\"wp-block-columns is-layout-flex wp-container-core-columns-is-layout-9d6595d7 wp-block-columns-is-layout-flex\">\n<div class=\"wp-block-column is-layout-flow wp-block-column-is-layout-flow\"><div class=\"wp-block-image\">\n<figure class=\"aligncenter size-full\"><img loading=\"lazy\" decoding=\"async\" width=\"500\" height=\"280\" src=\"https:\/\/www.reseau-entreprendre.org\/champagne-ardenne\/wp-content\/uploads\/sites\/50\/2023\/01\/Cheerz.jpg\" alt=\"\" class=\"wp-image-2655\" srcset=\"https:\/\/www.reseau-entreprendre.org\/champagne-ardenne\/wp-content\/uploads\/sites\/50\/2023\/01\/Cheerz.jpg 500w, https:\/\/www.reseau-entreprendre.org\/champagne-ardenne\/wp-content\/uploads\/sites\/50\/2023\/01\/Cheerz-300x168.jpg 300w, https:\/\/www.reseau-entreprendre.org\/champagne-ardenne\/wp-content\/uploads\/sites\/50\/2023\/01\/Cheerz-210x118.jpg 210w\" sizes=\"auto, (max-width: 500px) 100vw, 500px\" \/><\/figure>\n<\/div><\/div>\n\n\n\n<div class=\"wp-block-column is-layout-flow wp-block-column-is-layout-flow\"><div class=\"wp-block-image\">\n<figure class=\"aligncenter size-large\"><img loading=\"lazy\" decoding=\"async\" width=\"1140\" height=\"759\" src=\"https:\/\/www.reseau-entreprendre.org\/champagne-ardenne\/wp-content\/uploads\/sites\/50\/2023\/01\/mano-mano-edited-scaled.jpg\" alt=\"\" class=\"wp-image-2659\" srcset=\"https:\/\/www.reseau-entreprendre.org\/champagne-ardenne\/wp-content\/uploads\/sites\/50\/2023\/01\/mano-mano-edited-scaled.jpg 1140w, https:\/\/www.reseau-entreprendre.org\/champagne-ardenne\/wp-content\/uploads\/sites\/50\/2023\/01\/mano-mano-edited-300x200.jpg 300w, https:\/\/www.reseau-entreprendre.org\/champagne-ardenne\/wp-content\/uploads\/sites\/50\/2023\/01\/mano-mano-edited-1024x681.jpg 1024w, https:\/\/www.reseau-entreprendre.org\/champagne-ardenne\/wp-content\/uploads\/sites\/50\/2023\/01\/mano-mano-edited-768x511.jpg 768w, https:\/\/www.reseau-entreprendre.org\/champagne-ardenne\/wp-content\/uploads\/sites\/50\/2023\/01\/mano-mano-edited-391x260.jpg 391w, https:\/\/www.reseau-entreprendre.org\/champagne-ardenne\/wp-content\/uploads\/sites\/50\/2023\/01\/mano-mano-edited-195x130.jpg 195w\" sizes=\"auto, (max-width: 1140px) 100vw, 1140px\" \/><\/figure>\n<\/div><\/div>\n\n\n\n<div class=\"wp-block-column is-layout-flow wp-block-column-is-layout-flow\"><div class=\"wp-block-image\">\n<figure class=\"aligncenter size-full is-resized\"><img loading=\"lazy\" decoding=\"async\" src=\"https:\/\/www.reseau-entreprendre.org\/champagne-ardenne\/wp-content\/uploads\/sites\/50\/2023\/01\/Micher-et-Augustin.jpg\" alt=\"\" class=\"wp-image-2657\" width=\"168\" height=\"75\" srcset=\"https:\/\/www.reseau-entreprendre.org\/champagne-ardenne\/wp-content\/uploads\/sites\/50\/2023\/01\/Micher-et-Augustin.jpg 336w, https:\/\/www.reseau-entreprendre.org\/champagne-ardenne\/wp-content\/uploads\/sites\/50\/2023\/01\/Micher-et-Augustin-300x134.jpg 300w, https:\/\/www.reseau-entreprendre.org\/champagne-ardenne\/wp-content\/uploads\/sites\/50\/2023\/01\/Micher-et-Augustin-210x94.jpg 210w\" sizes=\"auto, (max-width: 168px) 100vw, 168px\" \/><\/figure>\n<\/div><\/div>\n\n\n\n<div class=\"wp-block-column is-layout-flow wp-block-column-is-layout-flow\"><div class=\"wp-block-image\">\n<figure class=\"aligncenter size-full is-resized\"><img loading=\"lazy\" decoding=\"async\" src=\"https:\/\/www.reseau-entreprendre.org\/champagne-ardenne\/wp-content\/uploads\/sites\/50\/2023\/01\/my-little-paris.png\" alt=\"\" class=\"wp-image-2658\" width=\"125\" height=\"88\" srcset=\"https:\/\/www.reseau-entreprendre.org\/champagne-ardenne\/wp-content\/uploads\/sites\/50\/2023\/01\/my-little-paris.png 500w, https:\/\/www.reseau-entreprendre.org\/champagne-ardenne\/wp-content\/uploads\/sites\/50\/2023\/01\/my-little-paris-300x210.png 300w, https:\/\/www.reseau-entreprendre.org\/champagne-ardenne\/wp-content\/uploads\/sites\/50\/2023\/01\/my-little-paris-186x130.png 186w\" sizes=\"auto, (max-width: 125px) 100vw, 125px\" \/><\/figure>\n<\/div><\/div>\n\n\n\n<div class=\"wp-block-column is-layout-flow wp-block-column-is-layout-flow\"><div class=\"wp-block-image\">\n<figure class=\"alignleft size-full\"><img loading=\"lazy\" decoding=\"async\" width=\"382\" height=\"132\" src=\"https:\/\/www.reseau-entreprendre.org\/champagne-ardenne\/wp-content\/uploads\/sites\/50\/2023\/01\/geolid.png\" alt=\"\" class=\"wp-image-2660\" srcset=\"https:\/\/www.reseau-entreprendre.org\/champagne-ardenne\/wp-content\/uploads\/sites\/50\/2023\/01\/geolid.png 382w, https:\/\/www.reseau-entreprendre.org\/champagne-ardenne\/wp-content\/uploads\/sites\/50\/2023\/01\/geolid-300x104.png 300w, https:\/\/www.reseau-entreprendre.org\/champagne-ardenne\/wp-content\/uploads\/sites\/50\/2023\/01\/geolid-210x73.png 210w\" sizes=\"auto, (max-width: 382px) 100vw, 382px\" \/><\/figure>\n<\/div><\/div>\n<\/div>\n<\/div><\/div>\n\n\n\n<div style=\"height:35px\" aria-hidden=\"true\" class=\"wp-block-spacer\"><\/div>\n\n\n\n<h3 class=\"has-text-align-center has-re-red-color has-text-color wp-block-heading\">Nos laur\u00e9ats, adh\u00e9rents et partenaires t\u00e9moignent !<\/h3>\n","protected":false},"excerpt":{"rendered":"<p>Success stories et t\u00e9moignages R\u00e9seau Entreprendre est une v\u00e9ritable fabrique<\/p>\n","protected":false},"author":125,"featured_media":0,"parent":0,"menu_order":0,"comment_status":"closed","ping_status":"closed","template":"views\/testimonials.blade.php","meta":{"_acf_changed":false,"_monsterinsights_skip_tracking":false,"_monsterinsights_sitenote_active":false,"_monsterinsights_sitenote_note":"","_monsterinsights_sitenote_category":0,"footnotes":""},"class_list":["post-1149","page","type-page","status-publish","hentry"],"acf":[],"yoast_head":"<!-- This site is optimized with the Yoast SEO plugin v27.4 - https:\/\/yoast.com\/product\/yoast-seo-wordpress\/ -->\n<title>Ils t\u00e9moignent - R\u00e9seau Entreprendre Champagne Ardenne<\/title>\n<meta name=\"robots\" content=\"index, follow, max-snippet:-1, max-image-preview:large, max-video-preview:-1\" \/>\n<link rel=\"canonical\" href=\"https:\/\/www.reseau-entreprendre.org\/champagne-ardenne\/ils-temoignent\/\" \/>\n<meta property=\"og:locale\" content=\"fr_FR\" \/>\n<meta property=\"og:type\" content=\"article\" \/>\n<meta property=\"og:title\" content=\"Ils t\u00e9moignent - R\u00e9seau Entreprendre Champagne Ardenne\" \/>\n<meta property=\"og:description\" content=\"Success stories et t\u00e9moignages R\u00e9seau Entreprendre est une v\u00e9ritable fabrique\" \/>\n<meta property=\"og:url\" content=\"https:\/\/www.reseau-entreprendre.org\/champagne-ardenne\/ils-temoignent\/\" \/>\n<meta property=\"og:site_name\" content=\"R\u00e9seau Entreprendre Champagne Ardenne\" \/>\n<meta property=\"article:modified_time\" content=\"2023-01-10T11:02:12+00:00\" \/>\n<meta property=\"og:image\" content=\"https:\/\/www.reseau-entreprendre.org\/champagne-ardenne\/wp-content\/uploads\/sites\/50\/2023\/01\/Cheerz.jpg\" \/>\n<meta name=\"twitter:card\" content=\"summary_large_image\" \/>\n<meta name=\"twitter:label1\" content=\"Dur\u00e9e de lecture estim\u00e9e\" \/>\n\t<meta name=\"twitter:data1\" content=\"2 minutes\" \/>\n<script type=\"application\/ld+json\" class=\"yoast-schema-graph\">{\"@context\":\"https:\\\/\\\/schema.org\",\"@graph\":[{\"@type\":\"WebPage\",\"@id\":\"https:\\\/\\\/www.reseau-entreprendre.org\\\/champagne-ardenne\\\/ils-temoignent\\\/\",\"url\":\"https:\\\/\\\/www.reseau-entreprendre.org\\\/champagne-ardenne\\\/ils-temoignent\\\/\",\"name\":\"Ils t\u00e9moignent - R\u00e9seau Entreprendre Champagne Ardenne\",\"isPartOf\":{\"@id\":\"https:\\\/\\\/www.reseau-entreprendre.org\\\/champagne-ardenne\\\/#website\"},\"primaryImageOfPage\":{\"@id\":\"https:\\\/\\\/www.reseau-entreprendre.org\\\/champagne-ardenne\\\/ils-temoignent\\\/#primaryimage\"},\"image\":{\"@id\":\"https:\\\/\\\/www.reseau-entreprendre.org\\\/champagne-ardenne\\\/ils-temoignent\\\/#primaryimage\"},\"thumbnailUrl\":\"https:\\\/\\\/www.reseau-entreprendre.org\\\/champagne-ardenne\\\/wp-content\\\/uploads\\\/sites\\\/50\\\/2023\\\/01\\\/Cheerz.jpg\",\"datePublished\":\"2021-10-07T08:58:06+00:00\",\"dateModified\":\"2023-01-10T11:02:12+00:00\",\"breadcrumb\":{\"@id\":\"https:\\\/\\\/www.reseau-entreprendre.org\\\/champagne-ardenne\\\/ils-temoignent\\\/#breadcrumb\"},\"inLanguage\":\"fr-FR\",\"potentialAction\":[{\"@type\":\"ReadAction\",\"target\":[\"https:\\\/\\\/www.reseau-entreprendre.org\\\/champagne-ardenne\\\/ils-temoignent\\\/\"]}]},{\"@type\":\"ImageObject\",\"inLanguage\":\"fr-FR\",\"@id\":\"https:\\\/\\\/www.reseau-entreprendre.org\\\/champagne-ardenne\\\/ils-temoignent\\\/#primaryimage\",\"url\":\"https:\\\/\\\/www.reseau-entreprendre.org\\\/champagne-ardenne\\\/wp-content\\\/uploads\\\/sites\\\/50\\\/2023\\\/01\\\/Cheerz.jpg\",\"contentUrl\":\"https:\\\/\\\/www.reseau-entreprendre.org\\\/champagne-ardenne\\\/wp-content\\\/uploads\\\/sites\\\/50\\\/2023\\\/01\\\/Cheerz.jpg\",\"width\":500,\"height\":280},{\"@type\":\"BreadcrumbList\",\"@id\":\"https:\\\/\\\/www.reseau-entreprendre.org\\\/champagne-ardenne\\\/ils-temoignent\\\/#breadcrumb\",\"itemListElement\":[{\"@type\":\"ListItem\",\"position\":1,\"name\":\"Accueil\",\"item\":\"https:\\\/\\\/www.reseau-entreprendre.org\\\/champagne-ardenne\\\/\"},{\"@type\":\"ListItem\",\"position\":2,\"name\":\"Ils t\u00e9moignent\"}]},{\"@type\":\"WebSite\",\"@id\":\"https:\\\/\\\/www.reseau-entreprendre.org\\\/champagne-ardenne\\\/#website\",\"url\":\"https:\\\/\\\/www.reseau-entreprendre.org\\\/champagne-ardenne\\\/\",\"name\":\"R\u00e9seau Entreprendre Champagne Ardenne\",\"description\":\"Pour cr\u00e9er des emplois, cr\u00e9ons des employeurs!\",\"potentialAction\":[{\"@type\":\"SearchAction\",\"target\":{\"@type\":\"EntryPoint\",\"urlTemplate\":\"https:\\\/\\\/www.reseau-entreprendre.org\\\/champagne-ardenne\\\/?s={search_term_string}\"},\"query-input\":{\"@type\":\"PropertyValueSpecification\",\"valueRequired\":true,\"valueName\":\"search_term_string\"}}],\"inLanguage\":\"fr-FR\"}]}<\/script>\n<!-- \/ Yoast SEO plugin. -->","yoast_head_json":{"title":"Ils t\u00e9moignent - R\u00e9seau Entreprendre Champagne Ardenne","robots":{"index":"index","follow":"follow","max-snippet":"max-snippet:-1","max-image-preview":"max-image-preview:large","max-video-preview":"max-video-preview:-1"},"canonical":"https:\/\/www.reseau-entreprendre.org\/champagne-ardenne\/ils-temoignent\/","og_locale":"fr_FR","og_type":"article","og_title":"Ils t\u00e9moignent - R\u00e9seau Entreprendre Champagne Ardenne","og_description":"Success stories et t\u00e9moignages R\u00e9seau Entreprendre est une v\u00e9ritable fabrique","og_url":"https:\/\/www.reseau-entreprendre.org\/champagne-ardenne\/ils-temoignent\/","og_site_name":"R\u00e9seau Entreprendre Champagne Ardenne","article_modified_time":"2023-01-10T11:02:12+00:00","og_image":[{"url":"https:\/\/www.reseau-entreprendre.org\/champagne-ardenne\/wp-content\/uploads\/sites\/50\/2023\/01\/Cheerz.jpg","type":"","width":"","height":""}],"twitter_card":"summary_large_image","twitter_misc":{"Dur\u00e9e de lecture estim\u00e9e":"2 minutes"},"schema":{"@context":"https:\/\/schema.org","@graph":[{"@type":"WebPage","@id":"https:\/\/www.reseau-entreprendre.org\/champagne-ardenne\/ils-temoignent\/","url":"https:\/\/www.reseau-entreprendre.org\/champagne-ardenne\/ils-temoignent\/","name":"Ils t\u00e9moignent - R\u00e9seau Entreprendre Champagne Ardenne","isPartOf":{"@id":"https:\/\/www.reseau-entreprendre.org\/champagne-ardenne\/#website"},"primaryImageOfPage":{"@id":"https:\/\/www.reseau-entreprendre.org\/champagne-ardenne\/ils-temoignent\/#primaryimage"},"image":{"@id":"https:\/\/www.reseau-entreprendre.org\/champagne-ardenne\/ils-temoignent\/#primaryimage"},"thumbnailUrl":"https:\/\/www.reseau-entreprendre.org\/champagne-ardenne\/wp-content\/uploads\/sites\/50\/2023\/01\/Cheerz.jpg","datePublished":"2021-10-07T08:58:06+00:00","dateModified":"2023-01-10T11:02:12+00:00","breadcrumb":{"@id":"https:\/\/www.reseau-entreprendre.org\/champagne-ardenne\/ils-temoignent\/#breadcrumb"},"inLanguage":"fr-FR","potentialAction":[{"@type":"ReadAction","target":["https:\/\/www.reseau-entreprendre.org\/champagne-ardenne\/ils-temoignent\/"]}]},{"@type":"ImageObject","inLanguage":"fr-FR","@id":"https:\/\/www.reseau-entreprendre.org\/champagne-ardenne\/ils-temoignent\/#primaryimage","url":"https:\/\/www.reseau-entreprendre.org\/champagne-ardenne\/wp-content\/uploads\/sites\/50\/2023\/01\/Cheerz.jpg","contentUrl":"https:\/\/www.reseau-entreprendre.org\/champagne-ardenne\/wp-content\/uploads\/sites\/50\/2023\/01\/Cheerz.jpg","width":500,"height":280},{"@type":"BreadcrumbList","@id":"https:\/\/www.reseau-entreprendre.org\/champagne-ardenne\/ils-temoignent\/#breadcrumb","itemListElement":[{"@type":"ListItem","position":1,"name":"Accueil","item":"https:\/\/www.reseau-entreprendre.org\/champagne-ardenne\/"},{"@type":"ListItem","position":2,"name":"Ils t\u00e9moignent"}]},{"@type":"WebSite","@id":"https:\/\/www.reseau-entreprendre.org\/champagne-ardenne\/#website","url":"https:\/\/www.reseau-entreprendre.org\/champagne-ardenne\/","name":"R\u00e9seau Entreprendre Champagne Ardenne","description":"Pour cr\u00e9er des emplois, cr\u00e9ons des employeurs!","potentialAction":[{"@type":"SearchAction","target":{"@type":"EntryPoint","urlTemplate":"https:\/\/www.reseau-entreprendre.org\/champagne-ardenne\/?s={search_term_string}"},"query-input":{"@type":"PropertyValueSpecification","valueRequired":true,"valueName":"search_term_string"}}],"inLanguage":"fr-FR"}]}},"_links":{"self":[{"href":"https:\/\/www.reseau-entreprendre.org\/champagne-ardenne\/wp-json\/wp\/v2\/pages\/1149","targetHints":{"allow":["GET"]}}],"collection":[{"href":"https:\/\/www.reseau-entreprendre.org\/champagne-ardenne\/wp-json\/wp\/v2\/pages"}],"about":[{"href":"https:\/\/www.reseau-entreprendre.org\/champagne-ardenne\/wp-json\/wp\/v2\/types\/page"}],"author":[{"embeddable":true,"href":"https:\/\/www.reseau-entreprendre.org\/champagne-ardenne\/wp-json\/wp\/v2\/users\/125"}],"replies":[{"embeddable":true,"href":"https:\/\/www.reseau-entreprendre.org\/champagne-ardenne\/wp-json\/wp\/v2\/comments?post=1149"}],"version-history":[{"count":0,"href":"https:\/\/www.reseau-entreprendre.org\/champagne-ardenne\/wp-json\/wp\/v2\/pages\/1149\/revisions"}],"wp:attachment":[{"href":"https:\/\/www.reseau-entreprendre.org\/champagne-ardenne\/wp-json\/wp\/v2\/media?parent=1149"}],"curies":[{"name":"wp","href":"https:\/\/api.w.org\/{rel}","templated":true}]}}