{"id":19,"date":"2017-04-28T12:34:18","date_gmt":"2017-04-28T10:34:18","guid":{"rendered":"http:\/\/re-preprod-entreprendre.fr\/champagne-ardenne\/?page_id=19"},"modified":"2023-08-23T13:16:43","modified_gmt":"2023-08-23T11:16:43","slug":"contact-reseau-entreprendre-champagne-ardenne","status":"publish","type":"page","link":"https:\/\/www.reseau-entreprendre.org\/champagne-ardenne\/contact-reseau-entreprendre-champagne-ardenne\/","title":{"rendered":"Contact"},"content":{"rendered":"\n<h2 class=\"wp-block-heading\" id=\"vous-souhaitez\">Vous souhaitez&#8230;<\/h2>\n\n\n\n<div style=\"height:20px\" aria-hidden=\"true\" class=\"wp-block-spacer\"><\/div>\n\n\n\n<div class=\"wp-block-group is-content-justification-left is-nowrap is-layout-flex wp-container-core-group-is-layout-f56a869c wp-block-group-is-layout-flex\">\n<div class=\"wp-block-buttons is-layout-flex wp-block-buttons-is-layout-flex\">\n<div class=\"wp-block-button is-style-outline is-style-outline--1\"><a class=\"wp-block-button__link has-re-red-color has-text-color wp-element-button\" href=\"https:\/\/www.reseau-entreprendre.org\/champagne-ardenne\/deposer-une-demande\/\" style=\"border-radius:4px\"><strong>ENTREPRENDRE<\/strong><\/a><\/div>\n<\/div>\n\n\n\n<div class=\"wp-block-buttons is-layout-flex wp-block-buttons-is-layout-flex\">\n<div class=\"wp-block-button has-custom-width wp-block-button__width-100 is-style-outline is-style-outline--2\"><a class=\"wp-block-button__link has-re-yellow-color has-text-color wp-element-button\" href=\"https:\/\/www.reseau-entreprendre.org\/champagne-ardenne\/formulaire-benevole\/\" style=\"border-radius:4px\"><strong>S&#8217;ENGAGER<\/strong><\/a><\/div>\n<\/div>\n\n\n\n<div class=\"wp-block-buttons is-layout-flex wp-block-buttons-is-layout-flex\">\n<div class=\"wp-block-button is-style-outline is-style-outline--3\"><a class=\"wp-block-button__link has-re-blue-color has-text-color wp-element-button\" href=\"https:\/\/www.reseau-entreprendre.org\/champagne-ardenne\/formulaire-partenaire\/\" style=\"border-radius:4px\"><strong>SOUTENIR<\/strong><\/a><\/div>\n<\/div>\n<\/div>\n\n\n\n<div style=\"height:34px\" aria-hidden=\"true\" class=\"wp-block-spacer\"><\/div>\n\n\n\n<hr class=\"wp-block-separator has-css-opacity\"\/>\n\n\n\n<div style=\"height:34px\" aria-hidden=\"true\" class=\"wp-block-spacer\"><\/div>\n\n\n\n<h2 class=\"wp-block-heading\" id=\"une-simple-question\">Une simple question ?<\/h2>\n\n\n\n<p>Aucun projet de cr\u00e9ation ou reprise d&#8217;entreprise ne sera \u00e9tudi\u00e9 via ce formulaire de contact, merci d&#8217;utiliser les formulaires de d\u00e9p\u00f4t de candidature ci-dessus.<\/p>\n\n\n\n<div style=\"height:34px\" aria-hidden=\"true\" class=\"wp-block-spacer\"><\/div>\n\n\n<div class=\"wpforms-container wpforms-container-full wpforms-block wpforms-block-eff44490-78d2-4436-884e-ceeb7d5e3baf\" id=\"wpforms-3009\"><form id=\"wpforms-form-3009\" class=\"wpforms-validate wpforms-form wpforms-ajax-form\" data-formid=\"3009\" method=\"post\" enctype=\"multipart\/form-data\" action=\"\/champagne-ardenne\/wp-json\/wp\/v2\/pages\/19\" data-token=\"b7023f7c3cd2de6939d7e9863b991a8c\" data-token-time=\"1777844425\"><noscript class=\"wpforms-error-noscript\">Veuillez activer JavaScript dans votre navigateur pour remplir ce formulaire.<\/noscript><div class=\"wpforms-field-container\"><div id=\"wpforms-3009-field_6-container\" class=\"wpforms-field wpforms-field-select wpforms-field-select-style-modern\" data-field-id=\"6\"><label class=\"wpforms-field-label\" for=\"wpforms-3009-field_6\">Vous \u00eates&#8230; <span class=\"wpforms-required-label\">*<\/span><\/label><select id=\"wpforms-3009-field_6\" class=\"wpforms-field-large wpforms-field-required choicesjs-select\" data-size-class=\"wpforms-field-row wpforms-field-large\" data-search-enabled=\"\" name=\"wpforms[fields][6]\" required=\"required\"><option value=\"\" class=\"placeholder\" disabled  selected='selected'>S\u00e9lectionnez&#8230;<\/option><option value=\"Entrepreneur\"  class=\"choice-1 depth-1\"  >Entrepreneur<\/option><option value=\"Journaliste\"  class=\"choice-2 depth-1\"  >Journaliste<\/option><option value=\"Partenaire\"  class=\"choice-3 depth-1\"  >Partenaire<\/option><option value=\"Autre\"  class=\"choice-4 depth-1\"  >Autre<\/option><\/select><\/div><div id=\"wpforms-3009-field_0-container\" class=\"wpforms-field wpforms-field-name\" data-field-id=\"0\"><label class=\"wpforms-field-label\">Pr\u00e9nom et Nom <span class=\"wpforms-required-label\">*<\/span><\/label><div class=\"wpforms-field-row wpforms-field-large\"><div class=\"wpforms-field-row-block wpforms-first wpforms-one-half\"><input type=\"text\" id=\"wpforms-3009-field_0\" class=\"wpforms-field-name-first wpforms-field-required\" name=\"wpforms[fields][0][first]\" required><label for=\"wpforms-3009-field_0\" class=\"wpforms-field-sublabel after\">Pr\u00e9nom<\/label><\/div><div class=\"wpforms-field-row-block wpforms-one-half\"><input type=\"text\" id=\"wpforms-3009-field_0-last\" class=\"wpforms-field-name-last wpforms-field-required\" name=\"wpforms[fields][0][last]\" required><label for=\"wpforms-3009-field_0-last\" class=\"wpforms-field-sublabel after\">Nom<\/label><\/div><\/div><\/div><div id=\"wpforms-3009-field_3-container\" class=\"wpforms-field wpforms-field-layout\" data-field-id=\"3\"><div class=\"wpforms-field-layout-columns wpforms-field-layout-preset-50-50\"><div class=\"wpforms-layout-column wpforms-layout-column-50\" ><div id=\"wpforms-3009-field_1-container\" class=\"wpforms-field wpforms-field-email\" data-field-id=\"1\"><label class=\"wpforms-field-label\" for=\"wpforms-3009-field_1\">E-mail <span class=\"wpforms-required-label\">*<\/span><\/label><input type=\"email\" id=\"wpforms-3009-field_1\" class=\"wpforms-field-medium wpforms-field-required\" name=\"wpforms[fields][1]\" spellcheck=\"false\" required><\/div><\/div><div class=\"wpforms-layout-column wpforms-layout-column-50\" ><div id=\"wpforms-3009-field_4-container\" class=\"wpforms-field wpforms-field-phone\" data-field-id=\"4\"><label class=\"wpforms-field-label\" for=\"wpforms-3009-field_4\">T\u00e9l\u00e9phone<\/label><input type=\"tel\" id=\"wpforms-3009-field_4\" class=\"wpforms-field-medium wpforms-smart-phone-field\" data-rule-smart-phone-field=\"true\" name=\"wpforms[fields][4]\" aria-label=\"T\u00e9l\u00e9phone\" ><\/div><\/div><\/div><\/div><div id=\"wpforms-3009-field_2-container\" class=\"wpforms-field wpforms-field-textarea\" data-field-id=\"2\"><label class=\"wpforms-field-label\" for=\"wpforms-3009-field_2\">Commentaire ou message <span class=\"wpforms-required-label\">*<\/span><\/label><textarea id=\"wpforms-3009-field_2\" class=\"wpforms-field-medium wpforms-field-required\" name=\"wpforms[fields][2]\" required><\/textarea><\/div><div id=\"wpforms-3009-field_8-container\" class=\"wpforms-field wpforms-field-gdpr-checkbox\" data-field-id=\"8\"><label class=\"wpforms-field-label wpforms-label-hide\">Accord RGPD <span class=\"wpforms-required-label\">*<\/span><\/label><ul id=\"wpforms-3009-field_8\" class=\"wpforms-field-required\"><li class=\"choice-1\"><input type=\"checkbox\" id=\"wpforms-3009-field_8_1\" name=\"wpforms[fields][8][]\" value=\"En cochant cette case, j\u2019accepte le traitement de mes donn\u00e9es par ce site, et autorise R\u00e9seau Entreprendre \u00e0 me contacter.\" required ><label class=\"wpforms-field-label-inline\" for=\"wpforms-3009-field_8_1\">En cochant cette case, j\u2019accepte le traitement de mes donn\u00e9es par ce site, et autorise R\u00e9seau Entreprendre \u00e0 me contacter. <span class=\"wpforms-required-label\">*<\/span><\/label><\/li><\/ul><\/div><div id=\"wpforms-3009-field_7-container\" class=\"wpforms-field wpforms-field-content\" data-field-id=\"7\"><div id=\"wpforms-3009-field_7\" class=\"wpforms-field-large wpforms-field-row\"><p style=\"font-size: 11px\">Les informations recueillies sur ce formulaire sont enregistr\u00e9es par R\u00e9seau Entreprendre et peuvent faire l&#8217;objet d&#8217;une simple r\u00e9ponse par mail. Elles sont conserv\u00e9es pendant 3 mois et ne font l&#8217;objet d&#8217;aucun traitement particulier ou d&#8217;envoi autre. Conform\u00e9ment \u00e0 la loi \u00ab Informatique et libert\u00e9s \u00bb puis \u00ab RGPD \u00bb au 25 mai 2018, vous pouvez exercer votre droit d\u2019acc\u00e8s aux donn\u00e9es vous concernant et les faire rectifier ou supprimer en contactant : rgpd@reseau-entreprendre.org.<\/p>\n<div class=\"wpforms-field-content-display-frontend-clear\"><\/div><\/div><\/div><div id=\"wpforms-3009-field_9-container\" class=\"wpforms-field wpforms-field-content\" data-field-id=\"9\"><div id=\"wpforms-3009-field_9\" class=\"wpforms-field-large wpforms-field-row\"><h1 style=\"font-size: 18px\"><span style=\"color: #f34f63\"><strong>Information de s\u00e9curit\u00e9 et probl\u00e8me d&#8217;envoi :<\/strong><\/span><\/h1>\n<p style=\"font-size: 13px\">Si vous rencontrez des difficult\u00e9s pour envoyer le formulaire, vous devez vous rendre dans les Cookies et accepter le Cookie antispam ReCaptcha. Une fois le formulaire envoy\u00e9, vous pouvez le d\u00e9cocher et continuer votre visite. Merci de votre visite. R\u00e9seau Entreprendre.<\/p>\n<div class=\"wpforms-field-content-display-frontend-clear\"><\/div><\/div><\/div><\/div><!-- .wpforms-field-container --><div class=\"wpforms-recaptcha-container wpforms-is-recaptcha wpforms-is-recaptcha-type-v3\" ><input type=\"hidden\" name=\"wpforms[recaptcha]\" value=\"\"><\/div><div class=\"wpforms-submit-container\" ><input type=\"hidden\" name=\"wpforms[id]\" value=\"3009\"><input type=\"hidden\" name=\"page_title\" value=\"\"><input type=\"hidden\" name=\"page_url\" value=\"https:\/\/www.reseau-entreprendre.org\/champagne-ardenne\/wp-json\/wp\/v2\/pages\/19\"><input type=\"hidden\" name=\"url_referer\" value=\"\"><button type=\"submit\" name=\"wpforms[submit]\" id=\"wpforms-submit-3009\" class=\"wpforms-submit btn btn-lg btn-primary\" data-alt-text=\"Envoi...\" data-submit-text=\"Envoyer\" aria-live=\"assertive\" value=\"wpforms-submit\">Envoyer<\/button><img loading=\"lazy\" decoding=\"async\" src=\"https:\/\/www.reseau-entreprendre.org\/champagne-ardenne\/wp-content\/plugins\/wpforms\/assets\/images\/submit-spin.svg\" class=\"wpforms-submit-spinner\" style=\"display: none;\" width=\"26\" height=\"26\" alt=\"Chargement en cours\"><\/div><\/form><\/div>  <!-- .wpforms-container -->\n\n\n<div style=\"height:34px\" aria-hidden=\"true\" class=\"wp-block-spacer\"><\/div>\n\n\n\n<hr class=\"wp-block-separator has-css-opacity\"\/>\n\n\n\n<div style=\"height:34px\" aria-hidden=\"true\" class=\"wp-block-spacer\"><\/div>\n\n\n\n<h2 class=\"wp-block-heading\" id=\"pour-contacter-votre-association-champagne-ardenne\"><strong>Pour contacter votre association Champagne-Ardenne :<\/strong><\/h2>\n\n\n\n<div style=\"height:30px\" aria-hidden=\"true\" class=\"wp-block-spacer\"><\/div>\n\n\n\n<div class=\"wp-block-columns is-layout-flex wp-container-core-columns-is-layout-9d6595d7 wp-block-columns-is-layout-flex\">\n<div class=\"wp-block-column is-layout-flow wp-block-column-is-layout-flow\">\n<p class=\"has-re-blue-color has-text-color\" style=\"font-size:18px\"><strong><ins>Adresse \u00e0 Reims :<\/ins><\/strong><\/p>\n\n\n\n<p class=\"has-normal-font-size\">UIMM de Reims<br>3 Rue Max Holste <br>51 100 Reims<\/p>\n\n\n\n<p class=\"has-normal-font-size\">03 26 89 65 91<br><a href=\"mailto:champagne-ardenne@reseau-entreprendre.org\">champagne-ardenne@reseau-entreprendre.org<\/a><\/p>\n<\/div>\n\n\n\n<div class=\"wp-block-column is-layout-flow wp-block-column-is-layout-flow\">\n<p class=\"has-re-blue-color has-text-color\" style=\"font-size:18px\"><strong><ins>Adresse \u00e0 Troyes :<\/ins><\/strong><\/p>\n\n\n\n<p class=\"has-normal-font-size\">Technopole de l&#8217;Aube<br>2 rue Gustave Eiffel<br>10000 Troyes<\/p>\n\n\n\n<p class=\"has-normal-font-size\">Clotilde Buti (directrice) : 06 20 05 95 76<br><a href=\"mailto:chenry@reseau-entreprendre.org\">cbuti@reseau-entreprendre.org<\/a><\/p>\n<\/div>\n<\/div>\n\n\n<div data-block_a00793406e3e3dfaa97c2367a65094fe class=\"re-asso-map align position-bottom\">\n  <div id='assos-map-container' class=\"map-container\">\n  \n\t\t<div id=\"assos-map\" class=\"assos-map\"><\/div>\n\n    <div class=\"center-selector\">\n      <div class=\"center-selector-inner\">\n        \n\n<p><\/p>\n\n\n        <div id='map-pin--red' class=\"hidden\"><svg class=\"icon\" xmlns=\"http:\/\/www.w3.org\/2000\/svg\" width=\"19\" height=\"26\"><g fill=\"none\" fill-rule=\"evenodd\"><path fill=\"#F34F63\" d=\"M9.498 0C14.738 0 19 4.295 19 9.574c0 6.211-6.74 13.725-9.272 16.328a.318.318 0 0 1-.46 0C6.739 23.299 0 15.785 0 9.574 0 4.294 4.26 0 9.498 0\"\/><path fill=\"#FFF\" d=\"M6.48 9.574c0-1.677 1.354-3.042 3.018-3.042 1.665 0 3.02 1.365 3.02 3.042 0 1.678-1.355 3.043-3.02 3.043-1.664 0-3.018-1.365-3.018-3.043m3.018-5.159c-2.822 0-5.119 2.314-5.119 5.159 0 2.844 2.297 5.16 5.119 5.16 2.823 0 5.12-2.316 5.12-5.16 0-2.845-2.297-5.159-5.12-5.159Z\"\/><\/g><\/svg><\/div>\n        <div id='map-pin--yellow' class=\"hidden\"><svg class=\"icon\" xmlns=\"http:\/\/www.w3.org\/2000\/svg\" width=\"19\" height=\"26\">\n  <g fill=\"none\" fill-rule=\"evenodd\">\n    <path fill=\"#ffbb61\"\n      d=\"M9.498 0C14.738 0 19 4.295 19 9.574c0 6.211-6.74 13.725-9.272 16.328a.318.318 0 0 1-.46 0C6.739 23.299 0 15.785 0 9.574 0 4.294 4.26 0 9.498 0\" \/>\n    <path fill=\"#FFF\"\n      d=\"M6.48 9.574c0-1.677 1.354-3.042 3.018-3.042 1.665 0 3.02 1.365 3.02 3.042 0 1.678-1.355 3.043-3.02 3.043-1.664 0-3.018-1.365-3.018-3.043m3.018-5.159c-2.822 0-5.119 2.314-5.119 5.159 0 2.844 2.297 5.16 5.119 5.16 2.823 0 5.12-2.316 5.12-5.16 0-2.845-2.297-5.159-5.12-5.159Z\" \/>\n  <\/g>\n<\/svg><\/div>\n        <select class='map-zoom'>\n          <option>S\u00e9lectionnez une zone<\/option>\n                       <option\n                class=\"btn btn-outline-re-red\"\n                data-lat=\"43.681178131536\"\n                data-lng=\"1.439705765053\"\n                data-zoom=\"4\"\n                value='Europe'\n              >\n                Europe\n            <\/option>\n                      <option\n                class=\"btn btn-outline-re-red\"\n                data-lat=\"0\"\n                data-lng=\"0\"\n                data-zoom=\"1\"\n                value='Monde'\n              >\n                Monde\n            <\/option>\n                  <\/select>\n      <\/div>\n    <\/div> \n\t<\/div>\n<\/div>\n","protected":false},"excerpt":{"rendered":"<p>Vous souhaitez&#8230; Une simple question ? Aucun projet de cr\u00e9ation<\/p>\n","protected":false},"author":51,"featured_media":835,"parent":0,"menu_order":0,"comment_status":"closed","ping_status":"closed","template":"","meta":{"_acf_changed":false,"_monsterinsights_skip_tracking":false,"_monsterinsights_sitenote_active":false,"_monsterinsights_sitenote_note":"","_monsterinsights_sitenote_category":0,"footnotes":""},"class_list":["post-19","page","type-page","status-publish","has-post-thumbnail","hentry"],"acf":[],"yoast_head":"<!-- This site is optimized with the Yoast SEO plugin v27.4 - https:\/\/yoast.com\/product\/yoast-seo-wordpress\/ -->\n<title>Contact - R\u00e9seau Entreprendre Champagne Ardenne<\/title>\n<meta name=\"description\" content=\"Contactez nous pour \u00eatre accompagn\u00e9 par un chef d&#039;entreprise de votre r\u00e9gion, devenir membre ou partenaire de notre Association !\" \/>\n<meta name=\"robots\" content=\"index, follow, max-snippet:-1, max-image-preview:large, max-video-preview:-1\" \/>\n<link rel=\"canonical\" href=\"https:\/\/www.reseau-entreprendre.org\/champagne-ardenne\/contact-reseau-entreprendre-champagne-ardenne\/\" \/>\n<meta property=\"og:locale\" content=\"fr_FR\" \/>\n<meta property=\"og:type\" content=\"article\" \/>\n<meta property=\"og:title\" content=\"Contact - R\u00e9seau Entreprendre Champagne Ardenne\" \/>\n<meta property=\"og:description\" content=\"Contactez nous pour \u00eatre accompagn\u00e9 par un chef d&#039;entreprise de votre r\u00e9gion, devenir membre ou partenaire de notre Association !\" \/>\n<meta property=\"og:url\" content=\"https:\/\/www.reseau-entreprendre.org\/champagne-ardenne\/contact-reseau-entreprendre-champagne-ardenne\/\" \/>\n<meta property=\"og:site_name\" content=\"R\u00e9seau Entreprendre Champagne Ardenne\" \/>\n<meta property=\"article:modified_time\" content=\"2023-08-23T11:16:43+00:00\" \/>\n<meta property=\"og:image\" content=\"https:\/\/www.reseau-entreprendre.org\/champagne-ardenne\/wp-content\/uploads\/sites\/50\/2019\/09\/Entreprendre-5-1.jpg\" \/>\n\t<meta property=\"og:image:width\" content=\"4057\" \/>\n\t<meta property=\"og:image:height\" content=\"3180\" \/>\n\t<meta property=\"og:image:type\" content=\"image\/jpeg\" \/>\n<meta name=\"twitter:card\" content=\"summary_large_image\" \/>\n<meta name=\"twitter:label1\" content=\"Dur\u00e9e de lecture estim\u00e9e\" \/>\n\t<meta name=\"twitter:data1\" content=\"1 minute\" \/>\n<script type=\"application\/ld+json\" class=\"yoast-schema-graph\">{\"@context\":\"https:\\\/\\\/schema.org\",\"@graph\":[{\"@type\":\"WebPage\",\"@id\":\"https:\\\/\\\/www.reseau-entreprendre.org\\\/champagne-ardenne\\\/contact-reseau-entreprendre-champagne-ardenne\\\/\",\"url\":\"https:\\\/\\\/www.reseau-entreprendre.org\\\/champagne-ardenne\\\/contact-reseau-entreprendre-champagne-ardenne\\\/\",\"name\":\"Contact - R\u00e9seau Entreprendre Champagne Ardenne\",\"isPartOf\":{\"@id\":\"https:\\\/\\\/www.reseau-entreprendre.org\\\/champagne-ardenne\\\/#website\"},\"primaryImageOfPage\":{\"@id\":\"https:\\\/\\\/www.reseau-entreprendre.org\\\/champagne-ardenne\\\/contact-reseau-entreprendre-champagne-ardenne\\\/#primaryimage\"},\"image\":{\"@id\":\"https:\\\/\\\/www.reseau-entreprendre.org\\\/champagne-ardenne\\\/contact-reseau-entreprendre-champagne-ardenne\\\/#primaryimage\"},\"thumbnailUrl\":\"https:\\\/\\\/www.reseau-entreprendre.org\\\/champagne-ardenne\\\/wp-content\\\/uploads\\\/sites\\\/50\\\/2019\\\/09\\\/Entreprendre-5-1.jpg\",\"datePublished\":\"2017-04-28T10:34:18+00:00\",\"dateModified\":\"2023-08-23T11:16:43+00:00\",\"description\":\"Contactez nous pour \u00eatre accompagn\u00e9 par un chef d'entreprise de votre r\u00e9gion, devenir membre ou partenaire de notre Association !\",\"breadcrumb\":{\"@id\":\"https:\\\/\\\/www.reseau-entreprendre.org\\\/champagne-ardenne\\\/contact-reseau-entreprendre-champagne-ardenne\\\/#breadcrumb\"},\"inLanguage\":\"fr-FR\",\"potentialAction\":[{\"@type\":\"ReadAction\",\"target\":[\"https:\\\/\\\/www.reseau-entreprendre.org\\\/champagne-ardenne\\\/contact-reseau-entreprendre-champagne-ardenne\\\/\"]}]},{\"@type\":\"ImageObject\",\"inLanguage\":\"fr-FR\",\"@id\":\"https:\\\/\\\/www.reseau-entreprendre.org\\\/champagne-ardenne\\\/contact-reseau-entreprendre-champagne-ardenne\\\/#primaryimage\",\"url\":\"https:\\\/\\\/www.reseau-entreprendre.org\\\/champagne-ardenne\\\/wp-content\\\/uploads\\\/sites\\\/50\\\/2019\\\/09\\\/Entreprendre-5-1.jpg\",\"contentUrl\":\"https:\\\/\\\/www.reseau-entreprendre.org\\\/champagne-ardenne\\\/wp-content\\\/uploads\\\/sites\\\/50\\\/2019\\\/09\\\/Entreprendre-5-1.jpg\",\"width\":4057,\"height\":3180,\"caption\":\"\u00e9quipe r\u00e9seau entreprendre Champagne-Ardenne\"},{\"@type\":\"BreadcrumbList\",\"@id\":\"https:\\\/\\\/www.reseau-entreprendre.org\\\/champagne-ardenne\\\/contact-reseau-entreprendre-champagne-ardenne\\\/#breadcrumb\",\"itemListElement\":[{\"@type\":\"ListItem\",\"position\":1,\"name\":\"Accueil\",\"item\":\"https:\\\/\\\/www.reseau-entreprendre.org\\\/champagne-ardenne\\\/\"},{\"@type\":\"ListItem\",\"position\":2,\"name\":\"Contact\"}]},{\"@type\":\"WebSite\",\"@id\":\"https:\\\/\\\/www.reseau-entreprendre.org\\\/champagne-ardenne\\\/#website\",\"url\":\"https:\\\/\\\/www.reseau-entreprendre.org\\\/champagne-ardenne\\\/\",\"name\":\"R\u00e9seau Entreprendre Champagne Ardenne\",\"description\":\"Pour cr\u00e9er des emplois, cr\u00e9ons des employeurs!\",\"potentialAction\":[{\"@type\":\"SearchAction\",\"target\":{\"@type\":\"EntryPoint\",\"urlTemplate\":\"https:\\\/\\\/www.reseau-entreprendre.org\\\/champagne-ardenne\\\/?s={search_term_string}\"},\"query-input\":{\"@type\":\"PropertyValueSpecification\",\"valueRequired\":true,\"valueName\":\"search_term_string\"}}],\"inLanguage\":\"fr-FR\"}]}<\/script>\n<!-- \/ Yoast SEO plugin. -->","yoast_head_json":{"title":"Contact - R\u00e9seau Entreprendre Champagne Ardenne","description":"Contactez nous pour \u00eatre accompagn\u00e9 par un chef d'entreprise de votre r\u00e9gion, devenir membre ou partenaire de notre Association !","robots":{"index":"index","follow":"follow","max-snippet":"max-snippet:-1","max-image-preview":"max-image-preview:large","max-video-preview":"max-video-preview:-1"},"canonical":"https:\/\/www.reseau-entreprendre.org\/champagne-ardenne\/contact-reseau-entreprendre-champagne-ardenne\/","og_locale":"fr_FR","og_type":"article","og_title":"Contact - R\u00e9seau Entreprendre Champagne Ardenne","og_description":"Contactez nous pour \u00eatre accompagn\u00e9 par un chef d'entreprise de votre r\u00e9gion, devenir membre ou partenaire de notre Association !","og_url":"https:\/\/www.reseau-entreprendre.org\/champagne-ardenne\/contact-reseau-entreprendre-champagne-ardenne\/","og_site_name":"R\u00e9seau Entreprendre Champagne Ardenne","article_modified_time":"2023-08-23T11:16:43+00:00","og_image":[{"width":4057,"height":3180,"url":"https:\/\/www.reseau-entreprendre.org\/champagne-ardenne\/wp-content\/uploads\/sites\/50\/2019\/09\/Entreprendre-5-1.jpg","type":"image\/jpeg"}],"twitter_card":"summary_large_image","twitter_misc":{"Dur\u00e9e de lecture estim\u00e9e":"1 minute"},"schema":{"@context":"https:\/\/schema.org","@graph":[{"@type":"WebPage","@id":"https:\/\/www.reseau-entreprendre.org\/champagne-ardenne\/contact-reseau-entreprendre-champagne-ardenne\/","url":"https:\/\/www.reseau-entreprendre.org\/champagne-ardenne\/contact-reseau-entreprendre-champagne-ardenne\/","name":"Contact - R\u00e9seau Entreprendre Champagne Ardenne","isPartOf":{"@id":"https:\/\/www.reseau-entreprendre.org\/champagne-ardenne\/#website"},"primaryImageOfPage":{"@id":"https:\/\/www.reseau-entreprendre.org\/champagne-ardenne\/contact-reseau-entreprendre-champagne-ardenne\/#primaryimage"},"image":{"@id":"https:\/\/www.reseau-entreprendre.org\/champagne-ardenne\/contact-reseau-entreprendre-champagne-ardenne\/#primaryimage"},"thumbnailUrl":"https:\/\/www.reseau-entreprendre.org\/champagne-ardenne\/wp-content\/uploads\/sites\/50\/2019\/09\/Entreprendre-5-1.jpg","datePublished":"2017-04-28T10:34:18+00:00","dateModified":"2023-08-23T11:16:43+00:00","description":"Contactez nous pour \u00eatre accompagn\u00e9 par un chef d'entreprise de votre r\u00e9gion, devenir membre ou partenaire de notre Association !","breadcrumb":{"@id":"https:\/\/www.reseau-entreprendre.org\/champagne-ardenne\/contact-reseau-entreprendre-champagne-ardenne\/#breadcrumb"},"inLanguage":"fr-FR","potentialAction":[{"@type":"ReadAction","target":["https:\/\/www.reseau-entreprendre.org\/champagne-ardenne\/contact-reseau-entreprendre-champagne-ardenne\/"]}]},{"@type":"ImageObject","inLanguage":"fr-FR","@id":"https:\/\/www.reseau-entreprendre.org\/champagne-ardenne\/contact-reseau-entreprendre-champagne-ardenne\/#primaryimage","url":"https:\/\/www.reseau-entreprendre.org\/champagne-ardenne\/wp-content\/uploads\/sites\/50\/2019\/09\/Entreprendre-5-1.jpg","contentUrl":"https:\/\/www.reseau-entreprendre.org\/champagne-ardenne\/wp-content\/uploads\/sites\/50\/2019\/09\/Entreprendre-5-1.jpg","width":4057,"height":3180,"caption":"\u00e9quipe r\u00e9seau entreprendre Champagne-Ardenne"},{"@type":"BreadcrumbList","@id":"https:\/\/www.reseau-entreprendre.org\/champagne-ardenne\/contact-reseau-entreprendre-champagne-ardenne\/#breadcrumb","itemListElement":[{"@type":"ListItem","position":1,"name":"Accueil","item":"https:\/\/www.reseau-entreprendre.org\/champagne-ardenne\/"},{"@type":"ListItem","position":2,"name":"Contact"}]},{"@type":"WebSite","@id":"https:\/\/www.reseau-entreprendre.org\/champagne-ardenne\/#website","url":"https:\/\/www.reseau-entreprendre.org\/champagne-ardenne\/","name":"R\u00e9seau Entreprendre Champagne Ardenne","description":"Pour cr\u00e9er des emplois, cr\u00e9ons des employeurs!","potentialAction":[{"@type":"SearchAction","target":{"@type":"EntryPoint","urlTemplate":"https:\/\/www.reseau-entreprendre.org\/champagne-ardenne\/?s={search_term_string}"},"query-input":{"@type":"PropertyValueSpecification","valueRequired":true,"valueName":"search_term_string"}}],"inLanguage":"fr-FR"}]}},"_links":{"self":[{"href":"https:\/\/www.reseau-entreprendre.org\/champagne-ardenne\/wp-json\/wp\/v2\/pages\/19","targetHints":{"allow":["GET"]}}],"collection":[{"href":"https:\/\/www.reseau-entreprendre.org\/champagne-ardenne\/wp-json\/wp\/v2\/pages"}],"about":[{"href":"https:\/\/www.reseau-entreprendre.org\/champagne-ardenne\/wp-json\/wp\/v2\/types\/page"}],"author":[{"embeddable":true,"href":"https:\/\/www.reseau-entreprendre.org\/champagne-ardenne\/wp-json\/wp\/v2\/users\/51"}],"replies":[{"embeddable":true,"href":"https:\/\/www.reseau-entreprendre.org\/champagne-ardenne\/wp-json\/wp\/v2\/comments?post=19"}],"version-history":[{"count":0,"href":"https:\/\/www.reseau-entreprendre.org\/champagne-ardenne\/wp-json\/wp\/v2\/pages\/19\/revisions"}],"wp:featuredmedia":[{"embeddable":true,"href":"https:\/\/www.reseau-entreprendre.org\/champagne-ardenne\/wp-json\/wp\/v2\/media\/835"}],"wp:attachment":[{"href":"https:\/\/www.reseau-entreprendre.org\/champagne-ardenne\/wp-json\/wp\/v2\/media?parent=19"}],"curies":[{"name":"wp","href":"https:\/\/api.w.org\/{rel}","templated":true}]}}