{"id":211,"date":"2017-06-13T17:35:06","date_gmt":"2017-06-13T15:35:06","guid":{"rendered":"http:\/\/re-preprod-entreprendre.fr\/champagne-ardenne\/?page_id=211"},"modified":"2025-02-20T10:04:34","modified_gmt":"2025-02-20T09:04:34","slug":"ils-nous-soutiennent","status":"publish","type":"page","link":"https:\/\/www.reseau-entreprendre.org\/champagne-ardenne\/ils-nous-soutiennent\/","title":{"rendered":"Ils nous soutiennent"},"content":{"rendered":"\n<h2 class=\"wp-block-heading\" id=\"merci-a-nos-partenaires-pour-leur-soutien\">Merci \u00e0 nos partenaires pour leur soutien !<\/h2>\n\n\n\n<p>R\u00e9seau Entreprendre<span style=\"color: #000000\">\u00ae<\/span> Champagne-Ardenne b\u00e9n\u00e9ficie du soutien fid\u00e8le de partenaires, d\u00e9sireux de promouvoir la cause de l\u2019entrepreneuriat, de faciliter l\u2019acte de cr\u00e9er ou reprendre et de contribuer au d\u00e9veloppement de R\u00e9seau Entreprendre<span style=\"color: #000000\">\u00ae<\/span> Champagne-Ardenne et par extension, aider \u00e0 redensifier le tissu \u00e9conomique de la R\u00e9gion.<\/p>\n\n\n<div data-block_d0dc8b1986d4e547fd916a676fade33a class=\"re-partners alignauto\">\n  <\/div>\n\n\n<div data-block_0811d4afdaf26eadb992f4bc33d67977 class=\"re-partners alignauto\">\n  <\/div>\n\n\n<div data-block_b18875a7a0739ec9127a0c400dd063ce class=\"re-partners alignauto\">\n  <\/div>\n","protected":false},"excerpt":{"rendered":"<p>Merci \u00e0 nos partenaires pour leur soutien ! R\u00e9seau Entreprendre\u00ae<\/p>\n","protected":false},"author":51,"featured_media":0,"parent":0,"menu_order":0,"comment_status":"closed","ping_status":"closed","template":"","meta":{"_acf_changed":false,"_monsterinsights_skip_tracking":false,"_monsterinsights_sitenote_active":false,"_monsterinsights_sitenote_note":"","_monsterinsights_sitenote_category":0,"footnotes":""},"class_list":["post-211","page","type-page","status-publish","hentry"],"acf":[],"yoast_head":"<!-- This site is optimized with the Yoast SEO plugin v27.4 - https:\/\/yoast.com\/product\/yoast-seo-wordpress\/ -->\n<title>Ils nous soutiennent - R\u00e9seau Entreprendre Champagne Ardenne<\/title>\n<meta name=\"description\" content=\"Retrouvez ici nos entreprises partenaires qui nous soutiennent dans notre objectif de cr\u00e9ation d&#039;emplois.\" \/>\n<meta name=\"robots\" content=\"index, follow, max-snippet:-1, max-image-preview:large, max-video-preview:-1\" \/>\n<link rel=\"canonical\" href=\"https:\/\/www.reseau-entreprendre.org\/champagne-ardenne\/ils-nous-soutiennent\/\" \/>\n<meta property=\"og:locale\" content=\"fr_FR\" \/>\n<meta property=\"og:type\" content=\"article\" \/>\n<meta property=\"og:title\" content=\"Ils nous soutiennent - R\u00e9seau Entreprendre Champagne Ardenne\" \/>\n<meta property=\"og:description\" content=\"Retrouvez ici nos entreprises partenaires qui nous soutiennent dans notre objectif de cr\u00e9ation d&#039;emplois.\" \/>\n<meta property=\"og:url\" content=\"https:\/\/www.reseau-entreprendre.org\/champagne-ardenne\/ils-nous-soutiennent\/\" \/>\n<meta property=\"og:site_name\" content=\"R\u00e9seau Entreprendre Champagne Ardenne\" \/>\n<meta property=\"article:modified_time\" content=\"2025-02-20T09:04:34+00:00\" \/>\n<meta name=\"twitter:card\" content=\"summary_large_image\" \/>\n<meta name=\"twitter:label1\" content=\"Dur\u00e9e de lecture estim\u00e9e\" \/>\n\t<meta name=\"twitter:data1\" content=\"1 minute\" \/>\n<script type=\"application\/ld+json\" class=\"yoast-schema-graph\">{\"@context\":\"https:\\\/\\\/schema.org\",\"@graph\":[{\"@type\":\"WebPage\",\"@id\":\"https:\\\/\\\/www.reseau-entreprendre.org\\\/champagne-ardenne\\\/ils-nous-soutiennent\\\/\",\"url\":\"https:\\\/\\\/www.reseau-entreprendre.org\\\/champagne-ardenne\\\/ils-nous-soutiennent\\\/\",\"name\":\"Ils nous soutiennent - R\u00e9seau Entreprendre Champagne Ardenne\",\"isPartOf\":{\"@id\":\"https:\\\/\\\/www.reseau-entreprendre.org\\\/champagne-ardenne\\\/#website\"},\"datePublished\":\"2017-06-13T15:35:06+00:00\",\"dateModified\":\"2025-02-20T09:04:34+00:00\",\"description\":\"Retrouvez ici nos entreprises partenaires qui nous soutiennent dans notre objectif de cr\u00e9ation d'emplois.\",\"breadcrumb\":{\"@id\":\"https:\\\/\\\/www.reseau-entreprendre.org\\\/champagne-ardenne\\\/ils-nous-soutiennent\\\/#breadcrumb\"},\"inLanguage\":\"fr-FR\",\"potentialAction\":[{\"@type\":\"ReadAction\",\"target\":[\"https:\\\/\\\/www.reseau-entreprendre.org\\\/champagne-ardenne\\\/ils-nous-soutiennent\\\/\"]}]},{\"@type\":\"BreadcrumbList\",\"@id\":\"https:\\\/\\\/www.reseau-entreprendre.org\\\/champagne-ardenne\\\/ils-nous-soutiennent\\\/#breadcrumb\",\"itemListElement\":[{\"@type\":\"ListItem\",\"position\":1,\"name\":\"Accueil\",\"item\":\"https:\\\/\\\/www.reseau-entreprendre.org\\\/champagne-ardenne\\\/\"},{\"@type\":\"ListItem\",\"position\":2,\"name\":\"Ils nous soutiennent\"}]},{\"@type\":\"WebSite\",\"@id\":\"https:\\\/\\\/www.reseau-entreprendre.org\\\/champagne-ardenne\\\/#website\",\"url\":\"https:\\\/\\\/www.reseau-entreprendre.org\\\/champagne-ardenne\\\/\",\"name\":\"R\u00e9seau Entreprendre Champagne Ardenne\",\"description\":\"Pour cr\u00e9er des emplois, cr\u00e9ons des employeurs!\",\"potentialAction\":[{\"@type\":\"SearchAction\",\"target\":{\"@type\":\"EntryPoint\",\"urlTemplate\":\"https:\\\/\\\/www.reseau-entreprendre.org\\\/champagne-ardenne\\\/?s={search_term_string}\"},\"query-input\":{\"@type\":\"PropertyValueSpecification\",\"valueRequired\":true,\"valueName\":\"search_term_string\"}}],\"inLanguage\":\"fr-FR\"}]}<\/script>\n<!-- \/ Yoast SEO plugin. -->","yoast_head_json":{"title":"Ils nous soutiennent - R\u00e9seau Entreprendre Champagne Ardenne","description":"Retrouvez ici nos entreprises partenaires qui nous soutiennent dans notre objectif de cr\u00e9ation d'emplois.","robots":{"index":"index","follow":"follow","max-snippet":"max-snippet:-1","max-image-preview":"max-image-preview:large","max-video-preview":"max-video-preview:-1"},"canonical":"https:\/\/www.reseau-entreprendre.org\/champagne-ardenne\/ils-nous-soutiennent\/","og_locale":"fr_FR","og_type":"article","og_title":"Ils nous soutiennent - R\u00e9seau Entreprendre Champagne Ardenne","og_description":"Retrouvez ici nos entreprises partenaires qui nous soutiennent dans notre objectif de cr\u00e9ation d'emplois.","og_url":"https:\/\/www.reseau-entreprendre.org\/champagne-ardenne\/ils-nous-soutiennent\/","og_site_name":"R\u00e9seau Entreprendre Champagne Ardenne","article_modified_time":"2025-02-20T09:04:34+00:00","twitter_card":"summary_large_image","twitter_misc":{"Dur\u00e9e de lecture estim\u00e9e":"1 minute"},"schema":{"@context":"https:\/\/schema.org","@graph":[{"@type":"WebPage","@id":"https:\/\/www.reseau-entreprendre.org\/champagne-ardenne\/ils-nous-soutiennent\/","url":"https:\/\/www.reseau-entreprendre.org\/champagne-ardenne\/ils-nous-soutiennent\/","name":"Ils nous soutiennent - R\u00e9seau Entreprendre Champagne Ardenne","isPartOf":{"@id":"https:\/\/www.reseau-entreprendre.org\/champagne-ardenne\/#website"},"datePublished":"2017-06-13T15:35:06+00:00","dateModified":"2025-02-20T09:04:34+00:00","description":"Retrouvez ici nos entreprises partenaires qui nous soutiennent dans notre objectif de cr\u00e9ation d'emplois.","breadcrumb":{"@id":"https:\/\/www.reseau-entreprendre.org\/champagne-ardenne\/ils-nous-soutiennent\/#breadcrumb"},"inLanguage":"fr-FR","potentialAction":[{"@type":"ReadAction","target":["https:\/\/www.reseau-entreprendre.org\/champagne-ardenne\/ils-nous-soutiennent\/"]}]},{"@type":"BreadcrumbList","@id":"https:\/\/www.reseau-entreprendre.org\/champagne-ardenne\/ils-nous-soutiennent\/#breadcrumb","itemListElement":[{"@type":"ListItem","position":1,"name":"Accueil","item":"https:\/\/www.reseau-entreprendre.org\/champagne-ardenne\/"},{"@type":"ListItem","position":2,"name":"Ils nous soutiennent"}]},{"@type":"WebSite","@id":"https:\/\/www.reseau-entreprendre.org\/champagne-ardenne\/#website","url":"https:\/\/www.reseau-entreprendre.org\/champagne-ardenne\/","name":"R\u00e9seau Entreprendre Champagne Ardenne","description":"Pour cr\u00e9er des emplois, cr\u00e9ons des employeurs!","potentialAction":[{"@type":"SearchAction","target":{"@type":"EntryPoint","urlTemplate":"https:\/\/www.reseau-entreprendre.org\/champagne-ardenne\/?s={search_term_string}"},"query-input":{"@type":"PropertyValueSpecification","valueRequired":true,"valueName":"search_term_string"}}],"inLanguage":"fr-FR"}]}},"_links":{"self":[{"href":"https:\/\/www.reseau-entreprendre.org\/champagne-ardenne\/wp-json\/wp\/v2\/pages\/211","targetHints":{"allow":["GET"]}}],"collection":[{"href":"https:\/\/www.reseau-entreprendre.org\/champagne-ardenne\/wp-json\/wp\/v2\/pages"}],"about":[{"href":"https:\/\/www.reseau-entreprendre.org\/champagne-ardenne\/wp-json\/wp\/v2\/types\/page"}],"author":[{"embeddable":true,"href":"https:\/\/www.reseau-entreprendre.org\/champagne-ardenne\/wp-json\/wp\/v2\/users\/51"}],"replies":[{"embeddable":true,"href":"https:\/\/www.reseau-entreprendre.org\/champagne-ardenne\/wp-json\/wp\/v2\/comments?post=211"}],"version-history":[{"count":0,"href":"https:\/\/www.reseau-entreprendre.org\/champagne-ardenne\/wp-json\/wp\/v2\/pages\/211\/revisions"}],"wp:attachment":[{"href":"https:\/\/www.reseau-entreprendre.org\/champagne-ardenne\/wp-json\/wp\/v2\/media?parent=211"}],"curies":[{"name":"wp","href":"https:\/\/api.w.org\/{rel}","templated":true}]}}