{"id":2425,"date":"2023-01-09T14:26:13","date_gmt":"2023-01-09T13:26:13","guid":{"rendered":"https:\/\/www.reseau-entreprendre.org\/champagne-ardenne\/?page_id=2425"},"modified":"2024-08-28T12:05:27","modified_gmt":"2024-08-28T10:05:27","slug":"start-creation-dentreprise","status":"publish","type":"page","link":"https:\/\/www.reseau-entreprendre.org\/champagne-ardenne\/start-creation-dentreprise\/","title":{"rendered":"Programme START Cr\u00e9ation"},"content":{"rendered":"\n<div class=\"wp-block-group has-background\" style=\"background-color:#f8f8fc\"><div class=\"wp-block-group__inner-container is-layout-flow wp-block-group-is-layout-flow\">\n<div style=\"height:20px\" aria-hidden=\"true\" class=\"wp-block-spacer\"><\/div>\n\n\n\n<h4 class=\"wp-block-heading has-text-align-center has-re-blue-color has-text-color\"><strong>\u2013 START CREATION \u2013<\/strong><\/h4>\n\n\n\n<p>Le Programme&nbsp;<strong>Start cr\u00e9ation<\/strong>&nbsp;est un programme d\u2019aide au d\u00e9veloppement pour les entreprises d\u00e9j\u00e0 existantes.<\/p>\n\n\n\n<div style=\"height:30px\" aria-hidden=\"true\" class=\"wp-block-spacer\"><\/div>\n\n\n\n<div class=\"wp-block-columns is-layout-flex wp-container-core-columns-is-layout-9d6595d7 wp-block-columns-is-layout-flex\">\n<div class=\"wp-block-column is-layout-flow wp-block-column-is-layout-flow\">\n<h6 class=\"wp-block-heading has-re-blue-color has-text-color\">Crit\u00e8res de s\u00e9lection :<\/h6>\n\n\n\n<p><img loading=\"lazy\" decoding=\"async\" width=\"139\" height=\"150\" class=\"wp-image-1174\" style=\"width: 37px;height: 40px\" src=\"https:\/\/www.reseau-entreprendre.org\/wp-content\/uploads\/sites\/50\/2021\/10\/picto-1-5.png\" alt=\"\">&nbsp;Pr\u00e9visions de 5 \u00e0 6 cr\u00e9ations d\u2019emplois sur 3 \u00e0 5 ans<\/p>\n\n\n\n<p><img loading=\"lazy\" decoding=\"async\" width=\"139\" height=\"150\" class=\"wp-image-1179\" style=\"width: 37px;height: 40px\" src=\"https:\/\/www.reseau-entreprendre.org\/wp-content\/uploads\/sites\/50\/2021\/10\/picto-2-1.png\" alt=\"\">\u00a0Si\u00e8ge social situ\u00e9 en Champagne-Ardenne<\/p>\n\n\n\n<p><img loading=\"lazy\" decoding=\"async\" width=\"139\" height=\"150\" class=\"wp-image-1180\" style=\"width: 37px;height: 40px\" src=\"https:\/\/www.reseau-entreprendre.org\/wp-content\/uploads\/sites\/50\/2021\/10\/picto-3-1.png\" alt=\"\"> Cr\u00e9ateur ou repreneur \u00e0 potentiel<\/p>\n\n\n\n<p><img loading=\"lazy\" decoding=\"async\" width=\"139\" height=\"150\" class=\"wp-image-1181\" style=\"width: 37px;height: 40px\" src=\"https:\/\/www.reseau-entreprendre.org\/wp-content\/uploads\/sites\/50\/2021\/10\/picto-4-1.png\" alt=\"\"> Projet de d\u00e9veloppement<\/p>\n\n\n\n<p><img loading=\"lazy\" decoding=\"async\" width=\"139\" height=\"150\" class=\"wp-image-1182\" style=\"width: 37px;height: 40px\" src=\"https:\/\/www.reseau-entreprendre.org\/wp-content\/uploads\/sites\/50\/2021\/10\/picto-5-1.png\" alt=\"\"> Volont\u00e9 d\u2019\u00eatre accompagn\u00e9 et de partager son exp\u00e9rience<\/p>\n<\/div>\n\n\n\n<div class=\"wp-block-column is-layout-flow wp-block-column-is-layout-flow\">\n<h6 class=\"wp-block-heading has-re-blue-color has-text-color\">Offre d\u2019accompagnement :<\/h6>\n\n\n\n<p><strong>Accompagnement individuel :<\/strong><br>\u2013 avec un chef d\u2019entreprise exp\u00e9riment\u00e9<\/p>\n\n\n\n<p><strong>Accompagnement collectif :<\/strong><br>\u2013 \u00e9change entre pairs (clubs d\u2019entrepreneurs, formations, etc)<br>\u2013 mise en r\u00e9seau locale, nationale et internationale (14 000 chefs d\u2019entreprise)<\/p>\n\n\n\n<p><strong>Accompagnement financier :<\/strong><br>\u2013 pr\u00eat d\u2019honneur de 15 \u00e0 45 000 \u20ac, sans int\u00e9r\u00eat ni garantie<br>\u2013 effet de levier aupr\u00e8s de nos partenaires bancaires<\/p>\n<\/div>\n<\/div>\n\n\n\n<div class=\"wp-block-buttons is-horizontal is-content-justification-center is-layout-flex wp-container-core-buttons-is-layout-499968f5 wp-block-buttons-is-layout-flex\">\n<div class=\"wp-block-button is-style-outline is-style-outline--1\"><a class=\"wp-block-button__link has-re-blue-color has-text-color wp-element-button\" href=\"https:\/\/www.reseau-entreprendre.org\/champagne-ardenne\/contact\/\">JE POSTULE<\/a><\/div>\n<\/div>\n<\/div><\/div>\n","protected":false},"excerpt":{"rendered":"<p>\u2013 START CREATION \u2013 Le Programme&nbsp;Start cr\u00e9ation&nbsp;est un programme d\u2019aide<\/p>\n","protected":false},"author":51,"featured_media":2432,"parent":0,"menu_order":0,"comment_status":"closed","ping_status":"closed","template":"","meta":{"_acf_changed":false,"_monsterinsights_skip_tracking":false,"_monsterinsights_sitenote_active":false,"_monsterinsights_sitenote_note":"","_monsterinsights_sitenote_category":0,"footnotes":""},"class_list":["post-2425","page","type-page","status-publish","has-post-thumbnail","hentry"],"acf":[],"yoast_head":"<!-- This site is optimized with the Yoast SEO plugin v27.4 - https:\/\/yoast.com\/product\/yoast-seo-wordpress\/ -->\n<title>Cr\u00e9ation d&#039;entreprise - R\u00e9seau Entreprendre Champagne Ardenne<\/title>\n<meta name=\"robots\" content=\"index, follow, max-snippet:-1, max-image-preview:large, max-video-preview:-1\" \/>\n<link rel=\"canonical\" href=\"https:\/\/www.reseau-entreprendre.org\/champagne-ardenne\/start-creation-dentreprise\/\" \/>\n<meta property=\"og:locale\" content=\"fr_FR\" \/>\n<meta property=\"og:type\" content=\"article\" \/>\n<meta property=\"og:title\" content=\"Cr\u00e9ation d&#039;entreprise - R\u00e9seau Entreprendre Champagne Ardenne\" \/>\n<meta property=\"og:description\" content=\"\u2013 START CREATION \u2013 Le Programme&nbsp;Start cr\u00e9ation&nbsp;est un programme d\u2019aide\" \/>\n<meta property=\"og:url\" content=\"https:\/\/www.reseau-entreprendre.org\/champagne-ardenne\/start-creation-dentreprise\/\" \/>\n<meta property=\"og:site_name\" content=\"R\u00e9seau Entreprendre Champagne Ardenne\" \/>\n<meta property=\"article:modified_time\" content=\"2024-08-28T10:05:27+00:00\" \/>\n<meta property=\"og:image\" content=\"https:\/\/www.reseau-entreprendre.org\/champagne-ardenne\/wp-content\/uploads\/sites\/50\/2023\/01\/START-e1673270960460.png\" \/>\n\t<meta property=\"og:image:width\" content=\"500\" \/>\n\t<meta property=\"og:image:height\" content=\"281\" \/>\n\t<meta property=\"og:image:type\" content=\"image\/png\" \/>\n<meta name=\"twitter:card\" content=\"summary_large_image\" \/>\n<meta name=\"twitter:label1\" content=\"Dur\u00e9e de lecture estim\u00e9e\" \/>\n\t<meta name=\"twitter:data1\" content=\"2 minutes\" \/>\n<script type=\"application\/ld+json\" class=\"yoast-schema-graph\">{\"@context\":\"https:\\\/\\\/schema.org\",\"@graph\":[{\"@type\":\"WebPage\",\"@id\":\"https:\\\/\\\/www.reseau-entreprendre.org\\\/champagne-ardenne\\\/start-creation-dentreprise\\\/\",\"url\":\"https:\\\/\\\/www.reseau-entreprendre.org\\\/champagne-ardenne\\\/start-creation-dentreprise\\\/\",\"name\":\"Cr\u00e9ation d'entreprise - R\u00e9seau Entreprendre Champagne Ardenne\",\"isPartOf\":{\"@id\":\"https:\\\/\\\/www.reseau-entreprendre.org\\\/champagne-ardenne\\\/#website\"},\"primaryImageOfPage\":{\"@id\":\"https:\\\/\\\/www.reseau-entreprendre.org\\\/champagne-ardenne\\\/start-creation-dentreprise\\\/#primaryimage\"},\"image\":{\"@id\":\"https:\\\/\\\/www.reseau-entreprendre.org\\\/champagne-ardenne\\\/start-creation-dentreprise\\\/#primaryimage\"},\"thumbnailUrl\":\"https:\\\/\\\/www.reseau-entreprendre.org\\\/champagne-ardenne\\\/wp-content\\\/uploads\\\/sites\\\/50\\\/2023\\\/01\\\/START-e1673270960460.png\",\"datePublished\":\"2023-01-09T13:26:13+00:00\",\"dateModified\":\"2024-08-28T10:05:27+00:00\",\"breadcrumb\":{\"@id\":\"https:\\\/\\\/www.reseau-entreprendre.org\\\/champagne-ardenne\\\/start-creation-dentreprise\\\/#breadcrumb\"},\"inLanguage\":\"fr-FR\",\"potentialAction\":[{\"@type\":\"ReadAction\",\"target\":[\"https:\\\/\\\/www.reseau-entreprendre.org\\\/champagne-ardenne\\\/start-creation-dentreprise\\\/\"]}]},{\"@type\":\"ImageObject\",\"inLanguage\":\"fr-FR\",\"@id\":\"https:\\\/\\\/www.reseau-entreprendre.org\\\/champagne-ardenne\\\/start-creation-dentreprise\\\/#primaryimage\",\"url\":\"https:\\\/\\\/www.reseau-entreprendre.org\\\/champagne-ardenne\\\/wp-content\\\/uploads\\\/sites\\\/50\\\/2023\\\/01\\\/START-e1673270960460.png\",\"contentUrl\":\"https:\\\/\\\/www.reseau-entreprendre.org\\\/champagne-ardenne\\\/wp-content\\\/uploads\\\/sites\\\/50\\\/2023\\\/01\\\/START-e1673270960460.png\",\"width\":500,\"height\":281},{\"@type\":\"BreadcrumbList\",\"@id\":\"https:\\\/\\\/www.reseau-entreprendre.org\\\/champagne-ardenne\\\/start-creation-dentreprise\\\/#breadcrumb\",\"itemListElement\":[{\"@type\":\"ListItem\",\"position\":1,\"name\":\"Accueil\",\"item\":\"https:\\\/\\\/www.reseau-entreprendre.org\\\/champagne-ardenne\\\/\"},{\"@type\":\"ListItem\",\"position\":2,\"name\":\"Programme START Cr\u00e9ation\"}]},{\"@type\":\"WebSite\",\"@id\":\"https:\\\/\\\/www.reseau-entreprendre.org\\\/champagne-ardenne\\\/#website\",\"url\":\"https:\\\/\\\/www.reseau-entreprendre.org\\\/champagne-ardenne\\\/\",\"name\":\"R\u00e9seau Entreprendre Champagne Ardenne\",\"description\":\"Pour cr\u00e9er des emplois, cr\u00e9ons des employeurs!\",\"potentialAction\":[{\"@type\":\"SearchAction\",\"target\":{\"@type\":\"EntryPoint\",\"urlTemplate\":\"https:\\\/\\\/www.reseau-entreprendre.org\\\/champagne-ardenne\\\/?s={search_term_string}\"},\"query-input\":{\"@type\":\"PropertyValueSpecification\",\"valueRequired\":true,\"valueName\":\"search_term_string\"}}],\"inLanguage\":\"fr-FR\"}]}<\/script>\n<!-- \/ Yoast SEO plugin. -->","yoast_head_json":{"title":"Cr\u00e9ation d'entreprise - R\u00e9seau Entreprendre Champagne Ardenne","robots":{"index":"index","follow":"follow","max-snippet":"max-snippet:-1","max-image-preview":"max-image-preview:large","max-video-preview":"max-video-preview:-1"},"canonical":"https:\/\/www.reseau-entreprendre.org\/champagne-ardenne\/start-creation-dentreprise\/","og_locale":"fr_FR","og_type":"article","og_title":"Cr\u00e9ation d'entreprise - R\u00e9seau Entreprendre Champagne Ardenne","og_description":"\u2013 START CREATION \u2013 Le Programme&nbsp;Start cr\u00e9ation&nbsp;est un programme d\u2019aide","og_url":"https:\/\/www.reseau-entreprendre.org\/champagne-ardenne\/start-creation-dentreprise\/","og_site_name":"R\u00e9seau Entreprendre Champagne Ardenne","article_modified_time":"2024-08-28T10:05:27+00:00","og_image":[{"width":500,"height":281,"url":"https:\/\/www.reseau-entreprendre.org\/champagne-ardenne\/wp-content\/uploads\/sites\/50\/2023\/01\/START-e1673270960460.png","type":"image\/png"}],"twitter_card":"summary_large_image","twitter_misc":{"Dur\u00e9e de lecture estim\u00e9e":"2 minutes"},"schema":{"@context":"https:\/\/schema.org","@graph":[{"@type":"WebPage","@id":"https:\/\/www.reseau-entreprendre.org\/champagne-ardenne\/start-creation-dentreprise\/","url":"https:\/\/www.reseau-entreprendre.org\/champagne-ardenne\/start-creation-dentreprise\/","name":"Cr\u00e9ation d'entreprise - R\u00e9seau Entreprendre Champagne Ardenne","isPartOf":{"@id":"https:\/\/www.reseau-entreprendre.org\/champagne-ardenne\/#website"},"primaryImageOfPage":{"@id":"https:\/\/www.reseau-entreprendre.org\/champagne-ardenne\/start-creation-dentreprise\/#primaryimage"},"image":{"@id":"https:\/\/www.reseau-entreprendre.org\/champagne-ardenne\/start-creation-dentreprise\/#primaryimage"},"thumbnailUrl":"https:\/\/www.reseau-entreprendre.org\/champagne-ardenne\/wp-content\/uploads\/sites\/50\/2023\/01\/START-e1673270960460.png","datePublished":"2023-01-09T13:26:13+00:00","dateModified":"2024-08-28T10:05:27+00:00","breadcrumb":{"@id":"https:\/\/www.reseau-entreprendre.org\/champagne-ardenne\/start-creation-dentreprise\/#breadcrumb"},"inLanguage":"fr-FR","potentialAction":[{"@type":"ReadAction","target":["https:\/\/www.reseau-entreprendre.org\/champagne-ardenne\/start-creation-dentreprise\/"]}]},{"@type":"ImageObject","inLanguage":"fr-FR","@id":"https:\/\/www.reseau-entreprendre.org\/champagne-ardenne\/start-creation-dentreprise\/#primaryimage","url":"https:\/\/www.reseau-entreprendre.org\/champagne-ardenne\/wp-content\/uploads\/sites\/50\/2023\/01\/START-e1673270960460.png","contentUrl":"https:\/\/www.reseau-entreprendre.org\/champagne-ardenne\/wp-content\/uploads\/sites\/50\/2023\/01\/START-e1673270960460.png","width":500,"height":281},{"@type":"BreadcrumbList","@id":"https:\/\/www.reseau-entreprendre.org\/champagne-ardenne\/start-creation-dentreprise\/#breadcrumb","itemListElement":[{"@type":"ListItem","position":1,"name":"Accueil","item":"https:\/\/www.reseau-entreprendre.org\/champagne-ardenne\/"},{"@type":"ListItem","position":2,"name":"Programme START Cr\u00e9ation"}]},{"@type":"WebSite","@id":"https:\/\/www.reseau-entreprendre.org\/champagne-ardenne\/#website","url":"https:\/\/www.reseau-entreprendre.org\/champagne-ardenne\/","name":"R\u00e9seau Entreprendre Champagne Ardenne","description":"Pour cr\u00e9er des emplois, cr\u00e9ons des employeurs!","potentialAction":[{"@type":"SearchAction","target":{"@type":"EntryPoint","urlTemplate":"https:\/\/www.reseau-entreprendre.org\/champagne-ardenne\/?s={search_term_string}"},"query-input":{"@type":"PropertyValueSpecification","valueRequired":true,"valueName":"search_term_string"}}],"inLanguage":"fr-FR"}]}},"_links":{"self":[{"href":"https:\/\/www.reseau-entreprendre.org\/champagne-ardenne\/wp-json\/wp\/v2\/pages\/2425","targetHints":{"allow":["GET"]}}],"collection":[{"href":"https:\/\/www.reseau-entreprendre.org\/champagne-ardenne\/wp-json\/wp\/v2\/pages"}],"about":[{"href":"https:\/\/www.reseau-entreprendre.org\/champagne-ardenne\/wp-json\/wp\/v2\/types\/page"}],"author":[{"embeddable":true,"href":"https:\/\/www.reseau-entreprendre.org\/champagne-ardenne\/wp-json\/wp\/v2\/users\/51"}],"replies":[{"embeddable":true,"href":"https:\/\/www.reseau-entreprendre.org\/champagne-ardenne\/wp-json\/wp\/v2\/comments?post=2425"}],"version-history":[{"count":0,"href":"https:\/\/www.reseau-entreprendre.org\/champagne-ardenne\/wp-json\/wp\/v2\/pages\/2425\/revisions"}],"wp:featuredmedia":[{"embeddable":true,"href":"https:\/\/www.reseau-entreprendre.org\/champagne-ardenne\/wp-json\/wp\/v2\/media\/2432"}],"wp:attachment":[{"href":"https:\/\/www.reseau-entreprendre.org\/champagne-ardenne\/wp-json\/wp\/v2\/media?parent=2425"}],"curies":[{"name":"wp","href":"https:\/\/api.w.org\/{rel}","templated":true}]}}