{"id":11,"date":"2017-04-28T12:33:20","date_gmt":"2017-04-28T10:33:20","guid":{"rendered":"https:\/\/www.reseau-entreprendre.org\/cote-d-azur\/?page_id=11"},"modified":"2024-09-24T15:35:51","modified_gmt":"2024-09-24T13:35:51","slug":"qui-sommes-nous","status":"publish","type":"page","link":"https:\/\/www.reseau-entreprendre.org\/cote-d-azur\/qui-sommes-nous\/","title":{"rendered":"Notre \u00e9quipe"},"content":{"rendered":"\n<h1 class=\"wp-block-heading has-text-align-center\"><span style=\"font-size: 36px;color: #268597\"><strong>Qui sommes-nous ?<\/strong><\/span><\/h1>\n\n\n\n<div style=\"height:28px\" aria-hidden=\"true\" class=\"wp-block-spacer\"><\/div>\n\n\n<div class=\"wp-block-image wp-duotone-unset-1\">\n<figure class=\"aligncenter size-large is-resized\"><img loading=\"lazy\" decoding=\"async\" width=\"2560\" height=\"1440\" src=\"https:\/\/www.reseau-entreprendre.org\/cote-d-azur\/wp-content\/uploads\/sites\/75\/2024\/09\/IMG_5872-edited-scaled.jpeg\" alt=\"\" class=\"wp-image-5824\" style=\"width:778px;height:auto\" srcset=\"https:\/\/www.reseau-entreprendre.org\/cote-d-azur\/wp-content\/uploads\/sites\/75\/2024\/09\/IMG_5872-edited-scaled.jpeg 2560w, https:\/\/www.reseau-entreprendre.org\/cote-d-azur\/wp-content\/uploads\/sites\/75\/2024\/09\/IMG_5872-edited-300x169.jpeg 300w, https:\/\/www.reseau-entreprendre.org\/cote-d-azur\/wp-content\/uploads\/sites\/75\/2024\/09\/IMG_5872-edited-1024x576.jpeg 1024w, https:\/\/www.reseau-entreprendre.org\/cote-d-azur\/wp-content\/uploads\/sites\/75\/2024\/09\/IMG_5872-edited-768x432.jpeg 768w, https:\/\/www.reseau-entreprendre.org\/cote-d-azur\/wp-content\/uploads\/sites\/75\/2024\/09\/IMG_5872-edited-1536x864.jpeg 1536w, https:\/\/www.reseau-entreprendre.org\/cote-d-azur\/wp-content\/uploads\/sites\/75\/2024\/09\/IMG_5872-edited-2048x1152.jpeg 2048w, https:\/\/www.reseau-entreprendre.org\/cote-d-azur\/wp-content\/uploads\/sites\/75\/2024\/09\/IMG_5872-edited-210x118.jpeg 210w, https:\/\/www.reseau-entreprendre.org\/cote-d-azur\/wp-content\/uploads\/sites\/75\/2024\/09\/IMG_5872-edited-100x56.jpeg 100w\" sizes=\"auto, (max-width: 2560px) 100vw, 2560px\" \/><\/figure>\n<\/div>\n\n\n<div style=\"height:33px\" aria-hidden=\"true\" class=\"wp-block-spacer\"><\/div>\n\n\n\n<p class=\"has-text-align-center\"><span style=\"color: #5c5858\">De gauche \u00e0 droite : Pauline Bonnet <span style=\"color: #5c5858\">(charg\u00e9e de communication et \u00e9v\u00e8nementiel)<\/span>, Anabelle Itasse (directrice), Stella Celli (charg\u00e9e d&#8217;accompagnement aval), Fr\u00e9d\u00e9rique Bisserier (charg\u00e9e de <\/span>missions).<\/p>\n\n\n\n<p class=\"has-text-align-center\"><span style=\"font-size: 28px\"><strong><span style=\"color: #268597\">R\u00e9seau Entreprendre :&nbsp;<\/span><\/strong><\/span><\/p>\n\n\n\n<p><span style=\"color: #268597\"><strong>\u00ab Pour cr\u00e9er des emplois, cr\u00e9ons des employeurs \u00bb<\/strong><\/span>. Une phrase pleine de sens, sept mots constamment repris. Un r\u00e9sum\u00e9 parfait de l\u2019essence m\u00eame de R\u00e9seau Entreprendre\u00ae. De ce qui l\u2019anime, au quotidien. Quand elle fut prononc\u00e9e par <span style=\"color: #268597\"><strong>Andr\u00e9 MULLIEZ<\/strong><\/span> au moment de la cr\u00e9ation en <span style=\"color: #268597\"><strong>1986<\/strong><\/span>, le fondateur pouvait-il imaginer le chemin qui serait parcouru lors des trois d\u00e9cennies suivantes. Aujourd\u2019hui, ce r\u00e9seau d\u2019association de chefs d\u2019entreprise unique dans le paysage \u00e9conomique compte <span style=\"color: #268597\"><strong>32 implantations \u00e0 l\u2019international et 83 en France<\/strong><\/span>. Dont une dans les<span style=\"color: #268597\"><strong> Alpes Maritimes<\/strong>\u2026<\/span><\/p>\n\n\n\n<p><strong><span style=\"color: #268597\">Cr\u00e9\u00e9 en 2002, R\u00e9seau Entreprendre\u00ae PACA s&#8217;est divis\u00e9e en 5 associations d\u00e9partementales : C\u00f4te d&#8217;Azur, Provence, R\u00f4ne Durance et Var et Alpes du Sud.<\/span><\/strong><\/p>\n\n\n\n<h2 class=\"wp-block-heading has-re-yellow-color has-text-color\"><span style=\"font-size: 28px\"><strong><span style=\"color: #268597\">R\u00e9seau Entreprendre C\u00f4te d&#8217;Azur :&nbsp;<\/span><\/strong><\/span><\/h2>\n\n\n\n<p>Depuis 6 ans, nos laur\u00e9ats <span style=\"color: #268597\"><strong>R\u00e9seau Entreprendre\u00ae C\u00f4te d&#8217;Azur<\/strong><\/span> ont cr\u00e9\u00e9 plus de 647 emplois ! Leurs activit\u00e9s repr\u00e9sentent en 2016 plus de 44 ME de chiffre d&#8217;affaires ! Ils ont ensemble lev\u00e9 plus de 27 millions d&#8217;euros pour financer leur d\u00e9veloppement.<\/p>\n\n\n\n<h2 class=\"wp-block-heading\"><em><span style=\"color: #268597;font-size: 21px\"><strong>R\u00e9seau Entreprendre\u00ae C\u00f4te d&#8217;Azur s\u2019adresse aux cr\u00e9ateurs et repreneurs du d\u00e9partement qui, par l\u2019ambition qu\u2019ils portent, leur potentiel entrepreneurial, leur m\u00e9tier et le march\u00e9 auquel ils s\u2019adressent, sont susceptibles <\/strong><\/span><\/em><em><span style=\"color: #268597;font-size: 21px\"><strong>de faire de leur entreprise, une PME apte \u00e0 se d\u00e9velopper<\/strong>.<\/span><\/em><\/h2>\n\n\n\n<p>Aujourdh&#8217;ui, plus de<span style=\"color: #268597\"><strong> 97 chefs d\u2019entreprise <\/strong><\/span>r\u00e9partis sur tout le territoire des Alpes Maritimes \u0153uvrent au quotidien au service de la cr\u00e9ation d\u2019emplois et du d\u00e9veloppement des entreprises. Fort d\u2019un savoir-faire unique, d\u2019une envie de transmettre in\u00e9galable et d\u2019une efficacit\u00e9 approuv\u00e9e, R\u00e9seau Entreprendre\u00ae C\u00f4te d&#8217;Azur propose un accompagnement de grande qualit\u00e9. Gr\u00e2ce \u00e0 des membres d\u00e9vou\u00e9s et fins connaisseurs du monde de l\u2019entreprise, l\u2019association a r\u00e9ussi \u00e0 accompagner <span style=\"color: #268597\"><strong>115 Projets<\/strong> <strong>laur\u00e9ats depuis sa cr\u00e9ation<\/strong>.<\/span> Une belle r\u00e9ussite qui ne s\u2019arr\u00eate pas l\u00e0, puisque <span style=\"color: #268597\"><strong>plus de 812 emplois ont aussi \u00e9t\u00e9 cr\u00e9\u00e9s ou sauvegard\u00e9s<\/strong><\/span> jusqu\u2019\u00e0 aujourd\u2019hui\u2026<\/p>\n\n\n\n<p>Son succ\u00e8s, R\u00e9seau Entreprendre\u00ae C\u00f4te d&#8217;Azur le doit \u00e0 des <span style=\"color: #268597\"><strong>principes d\u2019actions fondamentaux et indissociables<\/strong><\/span>. Au-del\u00e0 d\u2019une marque, d\u2019une cible et d\u2019une offre communes, les associations R\u00e9seau Entreprendre\u00ae en partagent trois.<\/p>\n\n\n\n<p class=\"has-text-align-center\"><\/p>\n\n\n\n<div style=\"height:30px\" aria-hidden=\"true\" class=\"wp-block-spacer\"><\/div>\n\n\n\n<div class=\"wp-block-columns is-layout-flex wp-container-core-columns-is-layout-9d6595d7 wp-block-columns-is-layout-flex\">\n<div class=\"wp-block-column is-layout-flow wp-block-column-is-layout-flow\"><div class=\"wp-block-image\">\n<figure class=\"aligncenter size-full\"><img decoding=\"async\" src=\"https:\/\/www.reseau-entreprendre.org\/cote-d-azur\/wp-content\/uploads\/sites\/75\/2021\/10\/123-150x150-1.jpg\" alt=\"\" class=\"wp-image-2863\" \/><\/figure>\n<\/div>\n\n\n<p class=\"has-text-align-center has-re-blue-color has-text-color\"><strong>L\u2019HUMAIN<\/strong><\/p>\n\n\n\n<p class=\"has-text-align-center\">L\u2019important c\u2019est la personne au c\u0153ur du projet<\/p>\n<\/div>\n\n\n\n<div class=\"wp-block-column is-layout-flow wp-block-column-is-layout-flow\"><div class=\"wp-block-image\">\n<figure class=\"aligncenter size-full\"><img decoding=\"async\" src=\"https:\/\/www.reseau-entreprendre.org\/cote-d-azur\/wp-content\/uploads\/sites\/75\/2021\/10\/1232-150x150-1.jpg\" alt=\"\" class=\"wp-image-2864\" \/><\/figure>\n<\/div>\n\n\n<p class=\"has-text-align-center has-re-blue-color has-text-color\"><strong>LA GRATUIT\u00c9<\/strong><\/p>\n\n\n\n<p class=\"has-text-align-center\">Le principe c\u2019est la gratuit\u00e9 du conseil et de l\u2019accompagnement<\/p>\n\n\n\n<p class=\"has-text-align-center\"><\/p>\n<\/div>\n\n\n\n<div class=\"wp-block-column is-layout-flow wp-block-column-is-layout-flow\"><div class=\"wp-block-image\">\n<figure class=\"aligncenter size-full\"><img decoding=\"async\" src=\"https:\/\/www.reseau-entreprendre.org\/cote-d-azur\/wp-content\/uploads\/sites\/75\/2021\/10\/1233-150x150-1.jpg\" alt=\"\" class=\"wp-image-2865\" \/><\/figure>\n<\/div>\n\n\n<p class=\"has-text-align-center has-re-blue-color has-text-color\"><strong>LA R\u00c9CIPROCIT\u00c9<\/strong><\/p>\n\n\n\n<p class=\"has-text-align-center\">L\u2019esprit c\u2019est la r\u00e9ciprocit\u00e9 avec le partage de comp\u00e9tences<\/p>\n\n\n\n<p class=\"has-text-align-center\"><\/p>\n<\/div>\n<\/div>\n\n\n\n<div style=\"height:30px\" aria-hidden=\"true\" class=\"wp-block-spacer\"><\/div>\n\n\n\n<div class=\"wp-block-columns alignfull bordures chiffres-cles is-layout-flex wp-container-core-columns-is-layout-9d6595d7 wp-block-columns-is-layout-flex\">\n<div class=\"wp-block-column is-layout-flow wp-block-column-is-layout-flow\"><div>\n        <span class=\"d-block w-100 text-center\" style=\"color:#1595bf\">\n            <svg class=\"icon\" width=\"89\" height=\"75\" viewBox=\"0 0 89 75\" fill=\"none\" xmlns=\"http:\/\/www.w3.org\/2000\/svg\">\n<g id=\"Ic&#195;&#180;ne Chef d&#39;entreprise\">\n<path id=\"Stroke 1\" d=\"M49.5241 1L39.1261 25.2621\" stroke=\"currentColor\" stroke-width=\"1.93752\" stroke-linecap=\"round\" stroke-linejoin=\"round\"\/>\n<path id=\"Stroke 3\" d=\"M49.5242 25.2621L59.9222 1\" stroke=\"currentColor\" stroke-width=\"1.93752\" stroke-linecap=\"round\" stroke-linejoin=\"round\"\/>\n<path id=\"Stroke 6\" d=\"M52.9901 46.0579H77.2522\" stroke=\"currentColor\" stroke-width=\"1.93752\" stroke-linecap=\"round\" stroke-linejoin=\"round\"\/>\n<path id=\"Stroke 7\" d=\"M52.9901 35.66H77.2522\" stroke=\"currentColor\" stroke-width=\"1.93752\" stroke-linecap=\"round\" stroke-linejoin=\"round\"\/>\n<path id=\"Stroke 8\" d=\"M52.9901 56.4563H77.2522\" stroke=\"currentColor\" stroke-width=\"1.93752\" stroke-linecap=\"round\" stroke-linejoin=\"round\"\/>\n<path id=\"Stroke 9\" fill-rule=\"evenodd\" clip-rule=\"evenodd\" d=\"M35.6601 40.8589C35.6601 45.6472 31.7799 49.5239 26.9951 49.5239C22.2103 49.5239 18.3301 45.6472 18.3301 40.8589C18.3301 36.0706 22.2103 32.1938 26.9951 32.1938C31.7799 32.1938 35.6601 36.0706 35.6601 40.8589Z\" stroke=\"currentColor\" stroke-width=\"1.93752\" stroke-linejoin=\"round\"\/>\n<path id=\"Stroke 11\" d=\"M42.5921 63.3883V61.1492C42.5921 58.314 40.8661 55.7665 38.2336 54.7128L33.9271 52.9902L26.9951 59.9223L20.0631 52.9902L15.7566 54.7128C13.1241 55.7665 11.3981 58.314 11.3981 61.1492V63.3883\" stroke=\"currentColor\" stroke-width=\"1.93752\" stroke-linecap=\"round\" stroke-linejoin=\"round\"\/>\n<path id=\"Stroke 13\" d=\"M60.9122 14.8643H80.7187C84.5469 14.8643 87.6507 17.9681 87.6507 21.7963V66.8544C87.6507 70.6826 84.5469 73.7864 80.7187 73.7864H7.9325C4.1043 73.7864 1.00049 70.6826 1.00049 66.8544V21.7963C1.00049 17.9681 4.1043 14.8643 7.9325 14.8643H43.5821\" stroke=\"currentColor\" stroke-width=\"1.93752\" stroke-linecap=\"round\" stroke-linejoin=\"round\"\/>\n<path id=\"Stroke 15\" d=\"M39.1261 1L44.3251 13.131\" stroke=\"currentColor\" stroke-width=\"1.93752\" stroke-linecap=\"round\" stroke-linejoin=\"round\"\/>\n<path id=\"Stroke 17\" d=\"M34.67 14.864L28.7275 1\" stroke=\"currentColor\" stroke-width=\"1.93752\" stroke-linecap=\"round\" stroke-linejoin=\"round\"\/>\n<path id=\"Stroke 19\" d=\"M51.01 21.7959H51.2578C52.2127 21.7959 52.9908 22.5706 52.9908 23.5289C52.9908 24.4873 52.2127 25.2619 51.2578 25.2619H37.3938C36.4372 25.2619 35.6608 24.4873 35.6608 23.5289C35.6608 22.5706 36.4372 21.7959 37.3938 21.7959H40.612\" stroke=\"currentColor\" stroke-width=\"1.93752\" stroke-linejoin=\"round\"\/>\n<\/g>\n<\/svg>        <\/span>\n    <\/div>\n\n\n\n<div style=\"height:20px\" aria-hidden=\"true\" class=\"wp-block-spacer\"><\/div>\n\n\n\n<h2 class=\"wp-block-heading has-text-align-center has-re-blue-color has-text-color\"><strong>57<\/strong><\/h2>\n\n\n\n<h3 class=\"wp-block-heading has-text-align-center has-re-blue-color has-text-color\"><strong>Laur\u00e9ats<\/strong><\/h3>\n\n\n\n<p class=\"has-text-align-center\">en cours d&#8217;accompagnement<\/p>\n<\/div>\n\n\n\n<div class=\"wp-block-column is-layout-flow wp-block-column-is-layout-flow\"><div>\n        <span class=\"d-block w-100 text-center\" style=\"color:#ffbb61\">\n            <svg class=\"icon\" width=\"96\" height=\"64\" viewBox=\"0 0 96 64\" fill=\"none\" xmlns=\"http:\/\/www.w3.org\/2000\/svg\">\n<g id=\"Ic&#195;&#180;nes S&#39;engager\">\n<path id=\"Stroke 1\" fill-rule=\"evenodd\" clip-rule=\"evenodd\" d=\"M44.4457 61.1944C42.6579 62.9822 39.756 62.9822 37.9683 61.1944C36.1805 59.4067 36.1805 56.5048 37.9683 54.717L40.1431 52.5422C41.9308 50.7545 44.8311 50.7545 46.6205 52.5422C48.4082 54.3316 48.4082 57.2319 46.6205 59.0196L44.4457 61.1944Z\" stroke=\"currentColor\" stroke-width=\"1.42884\" stroke-linejoin=\"round\"\/>\n<path id=\"Stroke 3\" fill-rule=\"evenodd\" clip-rule=\"evenodd\" d=\"M34.7299 57.9556C32.9421 59.7434 30.0402 59.7434 28.2524 57.9556C26.4647 56.1678 26.4647 53.266 28.2524 51.4782L33.6659 46.0647C35.4537 44.2769 38.354 44.2769 40.1433 46.0647C41.9311 47.8541 41.9311 50.7543 40.1433 52.5421L34.7299 57.9556Z\" stroke=\"currentColor\" stroke-width=\"1.42884\" stroke-linejoin=\"round\"\/>\n<path id=\"Stroke 5\" fill-rule=\"evenodd\" clip-rule=\"evenodd\" d=\"M28.2523 51.4783C26.4645 53.2661 23.5627 53.2661 21.7749 51.4783C19.9871 49.6905 19.9871 46.7887 21.7749 45.0009L27.1884 39.5874C28.9762 37.7996 31.8764 37.7996 33.6658 39.5874C35.4536 41.3768 35.4536 44.277 33.6658 46.0648L28.2523 51.4783Z\" stroke=\"currentColor\" stroke-width=\"1.42884\" stroke-linejoin=\"round\"\/>\n<path id=\"Stroke 7\" fill-rule=\"evenodd\" clip-rule=\"evenodd\" d=\"M23.3944 43.3814C21.6066 45.1692 18.7048 45.1692 16.917 43.3814C15.1292 41.5937 15.1292 38.6918 16.917 36.904L20.7111 33.1099C22.4989 31.3221 25.3992 31.3221 27.1885 33.1099C28.9763 34.8993 28.9763 37.7995 27.1885 39.5873L23.3944 43.3814Z\" stroke=\"currentColor\" stroke-width=\"1.42884\" stroke-linejoin=\"round\"\/>\n<path id=\"Stroke 9\" d=\"M52.8193 49.5806L61.193 57.9559C62.9808 59.7436 65.881 59.7436 67.6704 57.9559C69.4582 56.1665 69.4582 53.2662 67.6704 51.4784\" stroke=\"currentColor\" stroke-width=\"1.42884\" stroke-linecap=\"round\" stroke-linejoin=\"round\"\/>\n<path id=\"Stroke 11\" d=\"M59.2969 43.1033L67.6705 51.4786C69.4583 53.2663 72.3586 53.2663 74.148 51.4786C75.9357 49.6892 75.9357 46.7889 74.148 45.0012L72.5286 43.3818\" stroke=\"currentColor\" stroke-width=\"1.42884\" stroke-linecap=\"round\" stroke-linejoin=\"round\"\/>\n<path id=\"Stroke 13\" d=\"M47.6621 57.3799L51.4757 61.1935C53.2651 62.9829 56.1653 62.9829 57.9531 61.1935C59.7425 59.4057 59.7425 56.5054 57.9531 54.7161\" stroke=\"currentColor\" stroke-width=\"1.42884\" stroke-linecap=\"round\" stroke-linejoin=\"round\"\/>\n<path id=\"Stroke 15\" d=\"M65.7739 36.6257L72.5282 43.3817C74.5265 45.3783 77.9126 45.1451 79.5838 42.6773C80.8274 40.8441 80.4501 38.3487 78.8858 36.7828\" stroke=\"currentColor\" stroke-width=\"1.42884\" stroke-linecap=\"round\" stroke-linejoin=\"round\"\/>\n<path id=\"Stroke 17\" fill-rule=\"evenodd\" clip-rule=\"evenodd\" d=\"M94.9223 31.7677L86.8256 36.6257L69.0127 5.77223L77.1095 1L94.9223 31.7677Z\" stroke=\"currentColor\" stroke-width=\"1.42884\" stroke-linecap=\"round\" stroke-linejoin=\"round\"\/>\n<path id=\"Stroke 19\" fill-rule=\"evenodd\" clip-rule=\"evenodd\" d=\"M1 31.7677L9.09676 36.6257L26.9096 5.77223L18.8129 1L1 31.7677Z\" stroke=\"currentColor\" stroke-width=\"1.42884\" stroke-linecap=\"round\" stroke-linejoin=\"round\"\/>\n<path id=\"Stroke 21\" d=\"M69.7957 7.12793C68.471 7.3433 67.1253 7.47771 65.7748 7.47771L48.7473 7.47609C46.1693 7.47609 43.7014 8.4979 41.0133 11.186L38.0499 14.1511C37.1382 15.0611 36.6265 16.2983 36.6265 17.5857V30.1486C36.6265 31.0425 37.3503 31.768 38.2458 31.768H39.8652C43.4423 31.768 46.3426 28.8677 46.3426 25.2906V22.0519L46.3458 22.0486C51.267 17.1339 59.2391 17.1355 64.1571 22.0535L78.8851 36.7831L85.0775 33.5962\" stroke=\"currentColor\" stroke-width=\"1.42884\" stroke-linejoin=\"round\"\/>\n<path id=\"Stroke 23\" d=\"M10.8457 33.5967L17.0365 36.7836\" stroke=\"currentColor\" stroke-width=\"1.42884\" stroke-linejoin=\"round\"\/>\n<path id=\"Stroke 25\" d=\"M47.1515 7.61897C46.6268 7.53153 46.0957 7.47647 45.5564 7.47647L30.1483 7.47809C28.7978 7.47809 27.4521 7.34368 26.1274 7.12831\" stroke=\"currentColor\" stroke-width=\"1.42884\" stroke-linejoin=\"round\"\/>\n<\/g>\n<\/svg>        <\/span>\n    <\/div>\n\n\n\n<div style=\"height:20px\" aria-hidden=\"true\" class=\"wp-block-spacer\"><\/div>\n\n\n\n<h2 class=\"wp-block-heading has-text-align-center has-re-yellow-color has-text-color\"><strong>124<\/strong><\/h2>\n\n\n\n<h3 class=\"wp-block-heading has-text-align-center has-re-yellow-color has-text-color\"><strong><strong>Membres<\/strong><\/strong><\/h3>\n\n\n\n<p class=\"has-text-align-center\">engag\u00e9s.<\/p>\n<\/div>\n<\/div>\n","protected":false},"excerpt":{"rendered":"<p>Qui sommes-nous ? De gauche \u00e0 droite : Pauline Bonnet<\/p>\n","protected":false},"author":13,"featured_media":1791,"parent":0,"menu_order":0,"comment_status":"closed","ping_status":"closed","template":"","meta":{"_acf_changed":false,"_monsterinsights_skip_tracking":false,"_monsterinsights_sitenote_active":false,"_monsterinsights_sitenote_note":"","_monsterinsights_sitenote_category":0,"footnotes":""},"class_list":["post-11","page","type-page","status-publish","has-post-thumbnail","hentry"],"acf":[],"yoast_head":"<!-- This site is optimized with the Yoast SEO plugin v27.4 - https:\/\/yoast.com\/product\/yoast-seo-wordpress\/ -->\n<title>Qui sommes-nous ? | Reseau Entreprendre C\u00f4te d&#039;Azur<\/title>\n<meta name=\"description\" content=\"R\u00e9seau Entreprendre C\u00f4te d&#039;Azur est l&#039;association de chefs d&#039;entreprise de votre r\u00e9gion.\" \/>\n<meta name=\"robots\" content=\"index, follow, max-snippet:-1, max-image-preview:large, max-video-preview:-1\" \/>\n<link rel=\"canonical\" href=\"https:\/\/www.reseau-entreprendre.org\/cote-d-azur\/qui-sommes-nous\/\" \/>\n<meta property=\"og:locale\" content=\"fr_FR\" \/>\n<meta property=\"og:type\" content=\"article\" \/>\n<meta property=\"og:title\" content=\"Qui sommes-nous ? | Reseau Entreprendre C\u00f4te d&#039;Azur\" \/>\n<meta property=\"og:description\" content=\"R\u00e9seau Entreprendre C\u00f4te d&#039;Azur est l&#039;association de chefs d&#039;entreprise de votre r\u00e9gion.\" \/>\n<meta property=\"og:url\" content=\"https:\/\/www.reseau-entreprendre.org\/cote-d-azur\/qui-sommes-nous\/\" \/>\n<meta property=\"og:site_name\" content=\"R\u00e9seau Entreprendre C\u00f4te d&#039;Azur\" \/>\n<meta property=\"article:modified_time\" content=\"2024-09-24T13:35:51+00:00\" \/>\n<meta property=\"og:image\" content=\"https:\/\/www.reseau-entreprendre.org\/cote-d-azur\/wp-content\/uploads\/sites\/75\/2019\/10\/Nouvelle-\u00e9quipe-op\u00e9rationnelle.jpg\" \/>\n\t<meta property=\"og:image:width\" content=\"1140\" \/>\n\t<meta property=\"og:image:height\" content=\"1016\" \/>\n\t<meta property=\"og:image:type\" content=\"image\/jpeg\" \/>\n<meta name=\"twitter:card\" content=\"summary_large_image\" \/>\n<meta name=\"twitter:label1\" content=\"Dur\u00e9e de lecture estim\u00e9e\" \/>\n\t<meta name=\"twitter:data1\" content=\"3 minutes\" \/>\n<script type=\"application\/ld+json\" class=\"yoast-schema-graph\">{\"@context\":\"https:\\\/\\\/schema.org\",\"@graph\":[{\"@type\":\"WebPage\",\"@id\":\"https:\\\/\\\/www.reseau-entreprendre.org\\\/cote-d-azur\\\/qui-sommes-nous\\\/\",\"url\":\"https:\\\/\\\/www.reseau-entreprendre.org\\\/cote-d-azur\\\/qui-sommes-nous\\\/\",\"name\":\"Qui sommes-nous ? | Reseau Entreprendre C\u00f4te d'Azur\",\"isPartOf\":{\"@id\":\"https:\\\/\\\/www.reseau-entreprendre.org\\\/cote-d-azur\\\/#website\"},\"primaryImageOfPage\":{\"@id\":\"https:\\\/\\\/www.reseau-entreprendre.org\\\/cote-d-azur\\\/qui-sommes-nous\\\/#primaryimage\"},\"image\":{\"@id\":\"https:\\\/\\\/www.reseau-entreprendre.org\\\/cote-d-azur\\\/qui-sommes-nous\\\/#primaryimage\"},\"thumbnailUrl\":\"https:\\\/\\\/www.reseau-entreprendre.org\\\/cote-d-azur\\\/wp-content\\\/uploads\\\/sites\\\/75\\\/2019\\\/10\\\/Nouvelle-\u00e9quipe-op\u00e9rationnelle.jpg\",\"datePublished\":\"2017-04-28T10:33:20+00:00\",\"dateModified\":\"2024-09-24T13:35:51+00:00\",\"description\":\"R\u00e9seau Entreprendre C\u00f4te d'Azur est l'association de chefs d'entreprise de votre r\u00e9gion.\",\"breadcrumb\":{\"@id\":\"https:\\\/\\\/www.reseau-entreprendre.org\\\/cote-d-azur\\\/qui-sommes-nous\\\/#breadcrumb\"},\"inLanguage\":\"fr-FR\",\"potentialAction\":[{\"@type\":\"ReadAction\",\"target\":[\"https:\\\/\\\/www.reseau-entreprendre.org\\\/cote-d-azur\\\/qui-sommes-nous\\\/\"]}]},{\"@type\":\"ImageObject\",\"inLanguage\":\"fr-FR\",\"@id\":\"https:\\\/\\\/www.reseau-entreprendre.org\\\/cote-d-azur\\\/qui-sommes-nous\\\/#primaryimage\",\"url\":\"https:\\\/\\\/www.reseau-entreprendre.org\\\/cote-d-azur\\\/wp-content\\\/uploads\\\/sites\\\/75\\\/2019\\\/10\\\/Nouvelle-\u00e9quipe-op\u00e9rationnelle.jpg\",\"contentUrl\":\"https:\\\/\\\/www.reseau-entreprendre.org\\\/cote-d-azur\\\/wp-content\\\/uploads\\\/sites\\\/75\\\/2019\\\/10\\\/Nouvelle-\u00e9quipe-op\u00e9rationnelle.jpg\",\"width\":1140,\"height\":1016,\"caption\":\"De gauche \u00e0 droite: Edith Martin, Anabelle Itasse (directrice), Alain Grandjean (pr\u00e9sident) et Juliette Tourre (charg\u00e9e de communication et de d\u00e9veloppement)\"},{\"@type\":\"BreadcrumbList\",\"@id\":\"https:\\\/\\\/www.reseau-entreprendre.org\\\/cote-d-azur\\\/qui-sommes-nous\\\/#breadcrumb\",\"itemListElement\":[{\"@type\":\"ListItem\",\"position\":1,\"name\":\"Accueil\",\"item\":\"https:\\\/\\\/www.reseau-entreprendre.org\\\/cote-d-azur\\\/\"},{\"@type\":\"ListItem\",\"position\":2,\"name\":\"Notre \u00e9quipe\"}]},{\"@type\":\"WebSite\",\"@id\":\"https:\\\/\\\/www.reseau-entreprendre.org\\\/cote-d-azur\\\/#website\",\"url\":\"https:\\\/\\\/www.reseau-entreprendre.org\\\/cote-d-azur\\\/\",\"name\":\"R\u00e9seau Entreprendre C\u00f4te d&#039;Azur\",\"description\":\"Les sites de R\u00e9seau Entreprendre\",\"potentialAction\":[{\"@type\":\"SearchAction\",\"target\":{\"@type\":\"EntryPoint\",\"urlTemplate\":\"https:\\\/\\\/www.reseau-entreprendre.org\\\/cote-d-azur\\\/?s={search_term_string}\"},\"query-input\":{\"@type\":\"PropertyValueSpecification\",\"valueRequired\":true,\"valueName\":\"search_term_string\"}}],\"inLanguage\":\"fr-FR\"}]}<\/script>\n<!-- \/ Yoast SEO plugin. -->","yoast_head_json":{"title":"Qui sommes-nous ? | Reseau Entreprendre C\u00f4te d'Azur","description":"R\u00e9seau Entreprendre C\u00f4te d'Azur est l'association de chefs d'entreprise de votre r\u00e9gion.","robots":{"index":"index","follow":"follow","max-snippet":"max-snippet:-1","max-image-preview":"max-image-preview:large","max-video-preview":"max-video-preview:-1"},"canonical":"https:\/\/www.reseau-entreprendre.org\/cote-d-azur\/qui-sommes-nous\/","og_locale":"fr_FR","og_type":"article","og_title":"Qui sommes-nous ? | Reseau Entreprendre C\u00f4te d'Azur","og_description":"R\u00e9seau Entreprendre C\u00f4te d'Azur est l'association de chefs d'entreprise de votre r\u00e9gion.","og_url":"https:\/\/www.reseau-entreprendre.org\/cote-d-azur\/qui-sommes-nous\/","og_site_name":"R\u00e9seau Entreprendre C\u00f4te d&#039;Azur","article_modified_time":"2024-09-24T13:35:51+00:00","og_image":[{"width":1140,"height":1016,"url":"https:\/\/www.reseau-entreprendre.org\/cote-d-azur\/wp-content\/uploads\/sites\/75\/2019\/10\/Nouvelle-\u00e9quipe-op\u00e9rationnelle.jpg","type":"image\/jpeg"}],"twitter_card":"summary_large_image","twitter_misc":{"Dur\u00e9e de lecture estim\u00e9e":"3 minutes"},"schema":{"@context":"https:\/\/schema.org","@graph":[{"@type":"WebPage","@id":"https:\/\/www.reseau-entreprendre.org\/cote-d-azur\/qui-sommes-nous\/","url":"https:\/\/www.reseau-entreprendre.org\/cote-d-azur\/qui-sommes-nous\/","name":"Qui sommes-nous ? | Reseau Entreprendre C\u00f4te d'Azur","isPartOf":{"@id":"https:\/\/www.reseau-entreprendre.org\/cote-d-azur\/#website"},"primaryImageOfPage":{"@id":"https:\/\/www.reseau-entreprendre.org\/cote-d-azur\/qui-sommes-nous\/#primaryimage"},"image":{"@id":"https:\/\/www.reseau-entreprendre.org\/cote-d-azur\/qui-sommes-nous\/#primaryimage"},"thumbnailUrl":"https:\/\/www.reseau-entreprendre.org\/cote-d-azur\/wp-content\/uploads\/sites\/75\/2019\/10\/Nouvelle-\u00e9quipe-op\u00e9rationnelle.jpg","datePublished":"2017-04-28T10:33:20+00:00","dateModified":"2024-09-24T13:35:51+00:00","description":"R\u00e9seau Entreprendre C\u00f4te d'Azur est l'association de chefs d'entreprise de votre r\u00e9gion.","breadcrumb":{"@id":"https:\/\/www.reseau-entreprendre.org\/cote-d-azur\/qui-sommes-nous\/#breadcrumb"},"inLanguage":"fr-FR","potentialAction":[{"@type":"ReadAction","target":["https:\/\/www.reseau-entreprendre.org\/cote-d-azur\/qui-sommes-nous\/"]}]},{"@type":"ImageObject","inLanguage":"fr-FR","@id":"https:\/\/www.reseau-entreprendre.org\/cote-d-azur\/qui-sommes-nous\/#primaryimage","url":"https:\/\/www.reseau-entreprendre.org\/cote-d-azur\/wp-content\/uploads\/sites\/75\/2019\/10\/Nouvelle-\u00e9quipe-op\u00e9rationnelle.jpg","contentUrl":"https:\/\/www.reseau-entreprendre.org\/cote-d-azur\/wp-content\/uploads\/sites\/75\/2019\/10\/Nouvelle-\u00e9quipe-op\u00e9rationnelle.jpg","width":1140,"height":1016,"caption":"De gauche \u00e0 droite: Edith Martin, Anabelle Itasse (directrice), Alain Grandjean (pr\u00e9sident) et Juliette Tourre (charg\u00e9e de communication et de d\u00e9veloppement)"},{"@type":"BreadcrumbList","@id":"https:\/\/www.reseau-entreprendre.org\/cote-d-azur\/qui-sommes-nous\/#breadcrumb","itemListElement":[{"@type":"ListItem","position":1,"name":"Accueil","item":"https:\/\/www.reseau-entreprendre.org\/cote-d-azur\/"},{"@type":"ListItem","position":2,"name":"Notre \u00e9quipe"}]},{"@type":"WebSite","@id":"https:\/\/www.reseau-entreprendre.org\/cote-d-azur\/#website","url":"https:\/\/www.reseau-entreprendre.org\/cote-d-azur\/","name":"R\u00e9seau Entreprendre C\u00f4te d&#039;Azur","description":"Les sites de R\u00e9seau Entreprendre","potentialAction":[{"@type":"SearchAction","target":{"@type":"EntryPoint","urlTemplate":"https:\/\/www.reseau-entreprendre.org\/cote-d-azur\/?s={search_term_string}"},"query-input":{"@type":"PropertyValueSpecification","valueRequired":true,"valueName":"search_term_string"}}],"inLanguage":"fr-FR"}]}},"_links":{"self":[{"href":"https:\/\/www.reseau-entreprendre.org\/cote-d-azur\/wp-json\/wp\/v2\/pages\/11","targetHints":{"allow":["GET"]}}],"collection":[{"href":"https:\/\/www.reseau-entreprendre.org\/cote-d-azur\/wp-json\/wp\/v2\/pages"}],"about":[{"href":"https:\/\/www.reseau-entreprendre.org\/cote-d-azur\/wp-json\/wp\/v2\/types\/page"}],"author":[{"embeddable":true,"href":"https:\/\/www.reseau-entreprendre.org\/cote-d-azur\/wp-json\/wp\/v2\/users\/13"}],"replies":[{"embeddable":true,"href":"https:\/\/www.reseau-entreprendre.org\/cote-d-azur\/wp-json\/wp\/v2\/comments?post=11"}],"version-history":[{"count":0,"href":"https:\/\/www.reseau-entreprendre.org\/cote-d-azur\/wp-json\/wp\/v2\/pages\/11\/revisions"}],"wp:featuredmedia":[{"embeddable":true,"href":"https:\/\/www.reseau-entreprendre.org\/cote-d-azur\/wp-json\/wp\/v2\/media\/1791"}],"wp:attachment":[{"href":"https:\/\/www.reseau-entreprendre.org\/cote-d-azur\/wp-json\/wp\/v2\/media?parent=11"}],"curies":[{"name":"wp","href":"https:\/\/api.w.org\/{rel}","templated":true}]}}