{"id":17,"date":"2017-04-28T12:34:01","date_gmt":"2017-04-28T10:34:01","guid":{"rendered":"https:\/\/www.reseau-entreprendre.org\/cote-d-azur\/?page_id=17"},"modified":"2025-03-27T08:02:40","modified_gmt":"2025-03-27T07:02:40","slug":"soutenir","status":"publish","type":"page","link":"https:\/\/www.reseau-entreprendre.org\/cote-d-azur\/soutenir\/","title":{"rendered":"Soutenir"},"content":{"rendered":"\n<h1 class=\"wp-block-heading\"><span style=\"color: #268597\"><strong>Ils nous soutiennent !<\/strong><\/span><\/h1>\n\n\n\n<p>R\u00e9seau Entreprendre\u00ae C\u00f4te &#8216;Azur est <span style=\"color: #268597\"><strong>autonome financi\u00e8rement<\/strong><\/span> dans son fonctionnement, gr\u00e2ce aux cotisations de ses <span style=\"color: #268597\"><strong>membres et partenaires<\/strong><\/span>. Toujours plus nombreux et toujours plus fid\u00e8les, l\u2019association peut compter sur eux, financi\u00e8rement bien s\u00fbr, mais avant tout et surtout, en termes de disponibilit\u00e9 et temps accord\u00e9 aux laur\u00e9ats.<\/p>\n\n\n\n<p class=\"has-text-align-center\"><span style=\"font-size: 24px\"><strong><span style=\"color: #268597\">Un immense MERCI&nbsp;!<\/span><\/strong><\/span><\/p>\n\n\n\n<h2 class=\"wp-block-heading\">NOS PARTENAIRES INSTITUTIONNELS<\/h2>\n\n\n\n<div class=\"wp-block-columns is-layout-flex wp-container-core-columns-is-layout-9d6595d7 wp-block-columns-is-layout-flex\">\n<div class=\"wp-block-column is-layout-flow wp-block-column-is-layout-flow\">\n<figure class=\"wp-block-image size-large is-resized\"><img decoding=\"async\" src=\"https:\/\/www.reseau-entreprendre.org\/cote-d-azur\/wp-content\/uploads\/sites\/75\/2021\/01\/logos-partenaires.jpg\" alt=\"\" style=\"width:261px;height:261px\" \/><\/figure>\n<\/div>\n\n\n\n<div class=\"wp-block-column is-layout-flow wp-block-column-is-layout-flow\">\n<div style=\"height:28px\" aria-hidden=\"true\" class=\"wp-block-spacer\"><\/div>\n<\/div>\n\n\n\n<div class=\"wp-block-column is-layout-flow wp-block-column-is-layout-flow\"><div class=\"wp-block-image\">\n<figure class=\"aligncenter size-large is-resized\"><img decoding=\"async\" src=\"https:\/\/www.reseau-entreprendre.org\/cote-d-azur\/wp-content\/uploads\/sites\/75\/2021\/01\/logos-partenaires3.jpg\" alt=\"\" style=\"width:218px;height:218px\" \/><\/figure>\n<\/div><\/div>\n<\/div>\n\n\n\n<div class=\"wp-block-columns is-layout-flex wp-container-core-columns-is-layout-9d6595d7 wp-block-columns-is-layout-flex\">\n<div class=\"wp-block-column is-layout-flow wp-block-column-is-layout-flow\">\n<figure class=\"wp-block-image size-full is-resized\"><img loading=\"lazy\" decoding=\"async\" width=\"591\" height=\"591\" src=\"https:\/\/www.reseau-entreprendre.org\/cote-d-azur\/wp-content\/uploads\/sites\/75\/2023\/09\/logos-partenaires2-1.jpg\" alt=\"\" class=\"wp-image-5023\" style=\"width:229px;height:229px\" srcset=\"https:\/\/www.reseau-entreprendre.org\/cote-d-azur\/wp-content\/uploads\/sites\/75\/2023\/09\/logos-partenaires2-1.jpg 591w, https:\/\/www.reseau-entreprendre.org\/cote-d-azur\/wp-content\/uploads\/sites\/75\/2023\/09\/logos-partenaires2-1-300x300.jpg 300w, https:\/\/www.reseau-entreprendre.org\/cote-d-azur\/wp-content\/uploads\/sites\/75\/2023\/09\/logos-partenaires2-1-150x150.jpg 150w, https:\/\/www.reseau-entreprendre.org\/cote-d-azur\/wp-content\/uploads\/sites\/75\/2023\/09\/logos-partenaires2-1-130x130.jpg 130w\" sizes=\"auto, (max-width: 591px) 100vw, 591px\" \/><\/figure>\n<\/div>\n\n\n\n<div class=\"wp-block-column is-layout-flow wp-block-column-is-layout-flow\">\n<figure class=\"wp-block-image size-full is-resized\"><img loading=\"lazy\" decoding=\"async\" width=\"200\" height=\"200\" src=\"https:\/\/www.reseau-entreprendre.org\/cote-d-azur\/wp-content\/uploads\/sites\/75\/2023\/09\/Logo_CA_Pays_de_Grasse-2.png\" alt=\"\" class=\"wp-image-5024\" style=\"width:231px;height:231px\" srcset=\"https:\/\/www.reseau-entreprendre.org\/cote-d-azur\/wp-content\/uploads\/sites\/75\/2023\/09\/Logo_CA_Pays_de_Grasse-2.png 200w, https:\/\/www.reseau-entreprendre.org\/cote-d-azur\/wp-content\/uploads\/sites\/75\/2023\/09\/Logo_CA_Pays_de_Grasse-2-150x150.png 150w, https:\/\/www.reseau-entreprendre.org\/cote-d-azur\/wp-content\/uploads\/sites\/75\/2023\/09\/Logo_CA_Pays_de_Grasse-2-130x130.png 130w\" sizes=\"auto, (max-width: 200px) 100vw, 200px\" \/><\/figure>\n<\/div>\n\n\n\n<div class=\"wp-block-column is-layout-flow wp-block-column-is-layout-flow\"><\/div>\n<\/div>\n\n\n\n<p>R\u00e9seau Entreprendre\u00ae C\u00f4te d&#8217;Azur est tourn\u00e9 vers les laur\u00e9ats, leur accompagnement. <strong><span style=\"color: #268597\">Un pr\u00eat d\u2019honneur \u00e0 0%<\/span><\/strong> est rendu possible gr\u00e2ce au fonds de pr\u00eats accord\u00e9 par nos partenaires financiers depuis la cr\u00e9ation de l\u2019association. Nous pouvons ainsi pr\u00eater \u00e0 notre tour \u00e0 0% \u00e0 nos laur\u00e9ats. <span style=\"color: #268597\"><strong>MERCI pour ce soutien.<\/strong><\/span><\/p>\n\n\n\n<h2 class=\"wp-block-heading\">LE COLL\u00c8GE DE FINANCEURS<\/h2>\n\n\n\n<div class=\"wp-block-columns is-layout-flex wp-container-core-columns-is-layout-9d6595d7 wp-block-columns-is-layout-flex\">\n<div class=\"wp-block-column is-layout-flow wp-block-column-is-layout-flow\">\n<figure class=\"wp-block-image size-large is-resized\"><img decoding=\"async\" src=\"https:\/\/www.reseau-entreprendre.org\/cote-d-azur\/wp-content\/uploads\/sites\/75\/2021\/01\/logos-partenaires6.jpg\" alt=\"\" style=\"width:240px;height:240px\" \/><\/figure>\n<\/div>\n\n\n\n<div class=\"wp-block-column is-layout-flow wp-block-column-is-layout-flow\">\n<figure class=\"wp-block-image size-large is-resized\"><img decoding=\"async\" src=\"https:\/\/www.reseau-entreprendre.org\/cote-d-azur\/wp-content\/uploads\/sites\/75\/2021\/04\/Banque-Populaire-Mediterrannee.png\" alt=\"\" style=\"width:257px;height:257px\" \/><\/figure>\n<\/div>\n\n\n\n<div class=\"wp-block-column is-layout-flow wp-block-column-is-layout-flow\">\n<figure class=\"wp-block-image size-full is-resized\"><img loading=\"lazy\" decoding=\"async\" width=\"400\" height=\"225\" src=\"https:\/\/www.reseau-entreprendre.org\/cote-d-azur\/wp-content\/uploads\/sites\/75\/2025\/03\/sg-400x225-1.jpg\" alt=\"\" class=\"wp-image-5974\" style=\"aspect-ratio:1;width:219px;height:auto\" srcset=\"https:\/\/www.reseau-entreprendre.org\/cote-d-azur\/wp-content\/uploads\/sites\/75\/2025\/03\/sg-400x225-1.jpg 400w, https:\/\/www.reseau-entreprendre.org\/cote-d-azur\/wp-content\/uploads\/sites\/75\/2025\/03\/sg-400x225-1-300x169.jpg 300w, https:\/\/www.reseau-entreprendre.org\/cote-d-azur\/wp-content\/uploads\/sites\/75\/2025\/03\/sg-400x225-1-210x118.jpg 210w, https:\/\/www.reseau-entreprendre.org\/cote-d-azur\/wp-content\/uploads\/sites\/75\/2025\/03\/sg-400x225-1-100x56.jpg 100w\" sizes=\"auto, (max-width: 400px) 100vw, 400px\" \/><\/figure>\n<\/div>\n<\/div>\n\n\n\n<div class=\"wp-block-columns is-layout-flex wp-container-core-columns-is-layout-9d6595d7 wp-block-columns-is-layout-flex\">\n<div class=\"wp-block-column is-layout-flow wp-block-column-is-layout-flow\">\n<figure class=\"wp-block-image size-full is-resized\"><img loading=\"lazy\" decoding=\"async\" width=\"1024\" height=\"363\" src=\"https:\/\/www.reseau-entreprendre.org\/cote-d-azur\/wp-content\/uploads\/sites\/75\/2023\/09\/CE_CEPAC_LOGO_2021_POUR-PARTENARIATS-1-1024x363-2.png\" alt=\"\" class=\"wp-image-5031\" style=\"width:283px;height:100px\" srcset=\"https:\/\/www.reseau-entreprendre.org\/cote-d-azur\/wp-content\/uploads\/sites\/75\/2023\/09\/CE_CEPAC_LOGO_2021_POUR-PARTENARIATS-1-1024x363-2.png 1024w, https:\/\/www.reseau-entreprendre.org\/cote-d-azur\/wp-content\/uploads\/sites\/75\/2023\/09\/CE_CEPAC_LOGO_2021_POUR-PARTENARIATS-1-1024x363-2-300x106.png 300w, https:\/\/www.reseau-entreprendre.org\/cote-d-azur\/wp-content\/uploads\/sites\/75\/2023\/09\/CE_CEPAC_LOGO_2021_POUR-PARTENARIATS-1-1024x363-2-768x272.png 768w, https:\/\/www.reseau-entreprendre.org\/cote-d-azur\/wp-content\/uploads\/sites\/75\/2023\/09\/CE_CEPAC_LOGO_2021_POUR-PARTENARIATS-1-1024x363-2-210x74.png 210w\" sizes=\"auto, (max-width: 1024px) 100vw, 1024px\" \/><\/figure>\n<\/div>\n\n\n\n<div class=\"wp-block-column is-layout-flow wp-block-column-is-layout-flow\">\n<figure class=\"wp-block-image size-full is-resized\"><img loading=\"lazy\" decoding=\"async\" width=\"591\" height=\"591\" src=\"https:\/\/www.reseau-entreprendre.org\/cote-d-azur\/wp-content\/uploads\/sites\/75\/2023\/09\/logos-partenaires9.jpg\" alt=\"\" class=\"wp-image-5032\" style=\"width:121px;height:121px\" srcset=\"https:\/\/www.reseau-entreprendre.org\/cote-d-azur\/wp-content\/uploads\/sites\/75\/2023\/09\/logos-partenaires9.jpg 591w, https:\/\/www.reseau-entreprendre.org\/cote-d-azur\/wp-content\/uploads\/sites\/75\/2023\/09\/logos-partenaires9-300x300.jpg 300w, https:\/\/www.reseau-entreprendre.org\/cote-d-azur\/wp-content\/uploads\/sites\/75\/2023\/09\/logos-partenaires9-150x150.jpg 150w, https:\/\/www.reseau-entreprendre.org\/cote-d-azur\/wp-content\/uploads\/sites\/75\/2023\/09\/logos-partenaires9-130x130.jpg 130w\" sizes=\"auto, (max-width: 591px) 100vw, 591px\" \/><\/figure>\n<\/div>\n\n\n\n<div class=\"wp-block-column is-layout-flow wp-block-column-is-layout-flow\"><\/div>\n<\/div>\n\n\n\n<h2 class=\"wp-block-heading\">DES M\u00c9C\u00c8NES ENGAG\u00c9S ET FID\u00c8LES SUR NOTRE TERRITOIRE<\/h2>\n\n\n\n<div class=\"wp-block-columns is-layout-flex wp-container-core-columns-is-layout-9d6595d7 wp-block-columns-is-layout-flex\">\n<div class=\"wp-block-column is-layout-flow wp-block-column-is-layout-flow\">\n<figure class=\"wp-block-image size-large\"><img decoding=\"async\" src=\"https:\/\/www.reseau-entreprendre.org\/cote-d-azur\/wp-content\/uploads\/sites\/75\/2021\/01\/Presentation-Partenaires.jpg\" alt=\"\" \/><\/figure>\n<\/div>\n\n\n\n<div class=\"wp-block-column is-layout-flow wp-block-column-is-layout-flow\">\n<figure class=\"wp-block-image size-large\"><img decoding=\"async\" src=\"https:\/\/www.reseau-entreprendre.org\/cote-d-azur\/wp-content\/uploads\/sites\/75\/2021\/01\/Presentation-Partenaires2.jpg\" alt=\"\" \/><\/figure>\n<\/div>\n\n\n\n<div class=\"wp-block-column is-layout-flow wp-block-column-is-layout-flow\">\n<figure class=\"wp-block-image size-large\"><img decoding=\"async\" src=\"https:\/\/www.reseau-entreprendre.org\/cote-d-azur\/wp-content\/uploads\/sites\/75\/2021\/01\/Presentation-Partenaires3.jpg\" alt=\"\" \/><\/figure>\n<\/div>\n<\/div>\n\n\n\n<div class=\"wp-block-columns is-layout-flex wp-container-core-columns-is-layout-9d6595d7 wp-block-columns-is-layout-flex\">\n<div class=\"wp-block-column is-layout-flow wp-block-column-is-layout-flow\">\n<figure class=\"wp-block-image size-large\"><img loading=\"lazy\" decoding=\"async\" width=\"1024\" height=\"1024\" src=\"https:\/\/www.reseau-entreprendre.org\/cote-d-azur\/wp-content\/uploads\/sites\/75\/2022\/09\/Brice-Tocqueville-1-1024x1024.png\" alt=\"\" class=\"wp-image-3838\" srcset=\"https:\/\/www.reseau-entreprendre.org\/cote-d-azur\/wp-content\/uploads\/sites\/75\/2022\/09\/Brice-Tocqueville-1-1024x1024.png 1024w, https:\/\/www.reseau-entreprendre.org\/cote-d-azur\/wp-content\/uploads\/sites\/75\/2022\/09\/Brice-Tocqueville-1-300x300.png 300w, https:\/\/www.reseau-entreprendre.org\/cote-d-azur\/wp-content\/uploads\/sites\/75\/2022\/09\/Brice-Tocqueville-1-150x150.png 150w, https:\/\/www.reseau-entreprendre.org\/cote-d-azur\/wp-content\/uploads\/sites\/75\/2022\/09\/Brice-Tocqueville-1-768x768.png 768w, https:\/\/www.reseau-entreprendre.org\/cote-d-azur\/wp-content\/uploads\/sites\/75\/2022\/09\/Brice-Tocqueville-1-130x130.png 130w, https:\/\/www.reseau-entreprendre.org\/cote-d-azur\/wp-content\/uploads\/sites\/75\/2022\/09\/Brice-Tocqueville-1.png 1080w\" sizes=\"auto, (max-width: 1024px) 100vw, 1024px\" \/><\/figure>\n<\/div>\n\n\n\n<div class=\"wp-block-column is-layout-flow wp-block-column-is-layout-flow\">\n<figure class=\"wp-block-image size-full\"><img loading=\"lazy\" decoding=\"async\" width=\"1024\" height=\"1024\" src=\"https:\/\/www.reseau-entreprendre.org\/cote-d-azur\/wp-content\/uploads\/sites\/75\/2023\/09\/Brice-Tocqueville-2-1024x1024-1.png\" alt=\"\" class=\"wp-image-4951\" srcset=\"https:\/\/www.reseau-entreprendre.org\/cote-d-azur\/wp-content\/uploads\/sites\/75\/2023\/09\/Brice-Tocqueville-2-1024x1024-1.png 1024w, https:\/\/www.reseau-entreprendre.org\/cote-d-azur\/wp-content\/uploads\/sites\/75\/2023\/09\/Brice-Tocqueville-2-1024x1024-1-300x300.png 300w, https:\/\/www.reseau-entreprendre.org\/cote-d-azur\/wp-content\/uploads\/sites\/75\/2023\/09\/Brice-Tocqueville-2-1024x1024-1-150x150.png 150w, https:\/\/www.reseau-entreprendre.org\/cote-d-azur\/wp-content\/uploads\/sites\/75\/2023\/09\/Brice-Tocqueville-2-1024x1024-1-768x768.png 768w, https:\/\/www.reseau-entreprendre.org\/cote-d-azur\/wp-content\/uploads\/sites\/75\/2023\/09\/Brice-Tocqueville-2-1024x1024-1-130x130.png 130w\" sizes=\"auto, (max-width: 1024px) 100vw, 1024px\" \/><\/figure>\n<\/div>\n\n\n\n<div class=\"wp-block-column is-layout-flow wp-block-column-is-layout-flow\">\n<figure class=\"wp-block-image size-large\"><img loading=\"lazy\" decoding=\"async\" width=\"1024\" height=\"1024\" src=\"https:\/\/www.reseau-entreprendre.org\/cote-d-azur\/wp-content\/uploads\/sites\/75\/2022\/09\/Brice-Tocqueville-4-1024x1024.png\" alt=\"\" class=\"wp-image-3840\" srcset=\"https:\/\/www.reseau-entreprendre.org\/cote-d-azur\/wp-content\/uploads\/sites\/75\/2022\/09\/Brice-Tocqueville-4-1024x1024.png 1024w, https:\/\/www.reseau-entreprendre.org\/cote-d-azur\/wp-content\/uploads\/sites\/75\/2022\/09\/Brice-Tocqueville-4-300x300.png 300w, https:\/\/www.reseau-entreprendre.org\/cote-d-azur\/wp-content\/uploads\/sites\/75\/2022\/09\/Brice-Tocqueville-4-150x150.png 150w, https:\/\/www.reseau-entreprendre.org\/cote-d-azur\/wp-content\/uploads\/sites\/75\/2022\/09\/Brice-Tocqueville-4-768x768.png 768w, https:\/\/www.reseau-entreprendre.org\/cote-d-azur\/wp-content\/uploads\/sites\/75\/2022\/09\/Brice-Tocqueville-4-130x130.png 130w, https:\/\/www.reseau-entreprendre.org\/cote-d-azur\/wp-content\/uploads\/sites\/75\/2022\/09\/Brice-Tocqueville-4.png 1080w\" sizes=\"auto, (max-width: 1024px) 100vw, 1024px\" \/><\/figure>\n<\/div>\n<\/div>\n\n\n\n<div class=\"wp-block-columns is-layout-flex wp-container-core-columns-is-layout-9d6595d7 wp-block-columns-is-layout-flex\">\n<div class=\"wp-block-column is-layout-flow wp-block-column-is-layout-flow\">\n<figure class=\"wp-block-image size-large\"><img loading=\"lazy\" decoding=\"async\" width=\"1024\" height=\"926\" src=\"https:\/\/www.reseau-entreprendre.org\/cote-d-azur\/wp-content\/uploads\/sites\/75\/2023\/09\/1a1efb37-e721-460f-b2ab-09d298a3d69b.pdf-1-1024x926.png\" alt=\"\" class=\"wp-image-5036\" srcset=\"https:\/\/www.reseau-entreprendre.org\/cote-d-azur\/wp-content\/uploads\/sites\/75\/2023\/09\/1a1efb37-e721-460f-b2ab-09d298a3d69b.pdf-1-1024x926.png 1024w, https:\/\/www.reseau-entreprendre.org\/cote-d-azur\/wp-content\/uploads\/sites\/75\/2023\/09\/1a1efb37-e721-460f-b2ab-09d298a3d69b.pdf-1-300x271.png 300w, https:\/\/www.reseau-entreprendre.org\/cote-d-azur\/wp-content\/uploads\/sites\/75\/2023\/09\/1a1efb37-e721-460f-b2ab-09d298a3d69b.pdf-1-768x694.png 768w, https:\/\/www.reseau-entreprendre.org\/cote-d-azur\/wp-content\/uploads\/sites\/75\/2023\/09\/1a1efb37-e721-460f-b2ab-09d298a3d69b.pdf-1-144x130.png 144w, https:\/\/www.reseau-entreprendre.org\/cote-d-azur\/wp-content\/uploads\/sites\/75\/2023\/09\/1a1efb37-e721-460f-b2ab-09d298a3d69b.pdf-1.png 1414w\" sizes=\"auto, (max-width: 1024px) 100vw, 1024px\" \/><\/figure>\n<\/div>\n\n\n\n<div class=\"wp-block-column is-layout-flow wp-block-column-is-layout-flow\"><\/div>\n\n\n\n<div class=\"wp-block-column is-layout-flow wp-block-column-is-layout-flow\"><\/div>\n<\/div>\n\n\n\n<div class=\"wp-block-columns is-layout-flex wp-container-core-columns-is-layout-9d6595d7 wp-block-columns-is-layout-flex\">\n<div class=\"wp-block-column is-layout-flow wp-block-column-is-layout-flow\"><\/div>\n\n\n\n<div class=\"wp-block-column is-layout-flow wp-block-column-is-layout-flow\"><\/div>\n\n\n\n<div class=\"wp-block-column is-layout-flow wp-block-column-is-layout-flow\"><\/div>\n<\/div>\n\n\n\n<div class=\"wp-block-columns is-layout-flex wp-container-core-columns-is-layout-9d6595d7 wp-block-columns-is-layout-flex\">\n<div class=\"wp-block-column is-layout-flow wp-block-column-is-layout-flow\"><\/div>\n\n\n\n<div class=\"wp-block-column is-layout-flow wp-block-column-is-layout-flow\"><\/div>\n\n\n\n<div class=\"wp-block-column is-layout-flow wp-block-column-is-layout-flow\"><\/div>\n<\/div>\n\n\n\n<h2 class=\"wp-block-heading\">MERCI D\u2019AVOIR CONTRIBU\u00c9 \u00c0 NOTRE FOND DE PR\u00caT<\/h2>\n\n\n\n<div class=\"wp-block-columns is-layout-flex wp-container-core-columns-is-layout-9d6595d7 wp-block-columns-is-layout-flex\">\n<div class=\"wp-block-column is-layout-flow wp-block-column-is-layout-flow\">\n<figure class=\"wp-block-image size-large\"><img decoding=\"async\" src=\"https:\/\/www.reseau-entreprendre.org\/cote-d-azur\/wp-content\/uploads\/sites\/75\/2021\/01\/\u00a7.jpg\" alt=\"\" \/><\/figure>\n<\/div>\n\n\n\n<div class=\"wp-block-column is-layout-flow wp-block-column-is-layout-flow\">\n<figure class=\"wp-block-image size-large\"><img decoding=\"async\" src=\"https:\/\/www.reseau-entreprendre.org\/cote-d-azur\/wp-content\/uploads\/sites\/75\/2021\/01\/\u00a72.jpg\" alt=\"\" \/><\/figure>\n<\/div>\n\n\n\n<div class=\"wp-block-column is-layout-flow wp-block-column-is-layout-flow\">\n<figure class=\"wp-block-image size-large\"><img decoding=\"async\" src=\"https:\/\/www.reseau-entreprendre.org\/cote-d-azur\/wp-content\/uploads\/sites\/75\/2021\/01\/\u00a73.jpg\" alt=\"\" \/><\/figure>\n<\/div>\n<\/div>\n\n\n\n<div class=\"wp-block-buttons is-horizontal is-content-justification-center is-layout-flex wp-container-core-buttons-is-layout-499968f5 wp-block-buttons-is-layout-flex\">\n<div class=\"wp-block-button is-style-outline is-style-outline--1\"><a class=\"wp-block-button__link has-re-red-color has-text-color wp-element-button\" href=\"https:\/\/www.reseau-entreprendre.org\/cote-d-azur\/contact\/\" style=\"border-radius:6px\"><strong>SOUTENEZ-NOUS<\/strong><\/a><\/div>\n<\/div>\n\n\n\n<p class=\"has-text-align-center\"><\/p>\n","protected":false},"excerpt":{"rendered":"<p>Ils nous soutiennent ! R\u00e9seau Entreprendre\u00ae C\u00f4te &#8216;Azur est autonome<\/p>\n","protected":false},"author":13,"featured_media":0,"parent":0,"menu_order":0,"comment_status":"closed","ping_status":"closed","template":"","meta":{"_acf_changed":false,"_monsterinsights_skip_tracking":false,"_monsterinsights_sitenote_active":false,"_monsterinsights_sitenote_note":"","_monsterinsights_sitenote_category":0,"footnotes":""},"class_list":["post-17","page","type-page","status-publish","hentry"],"acf":[],"yoast_head":"<!-- This site is optimized with the Yoast SEO plugin v27.4 - https:\/\/yoast.com\/product\/yoast-seo-wordpress\/ -->\n<title>Soutenir | Reseau Entreprendre C\u00f4te d&#039;Azur<\/title>\n<meta name=\"description\" content=\"Partenaire, vous souhaitez soutenir un r\u00e9seau 100% chefs d&#039;entreprise ? Rejoignez R\u00e9seau Entreprendre C\u00f4te d&#039;Azur\" \/>\n<meta name=\"robots\" content=\"index, follow, max-snippet:-1, max-image-preview:large, max-video-preview:-1\" \/>\n<link rel=\"canonical\" href=\"https:\/\/www.reseau-entreprendre.org\/cote-d-azur\/soutenir\/\" \/>\n<meta property=\"og:locale\" content=\"fr_FR\" \/>\n<meta property=\"og:type\" content=\"article\" \/>\n<meta property=\"og:title\" content=\"Soutenir | Reseau Entreprendre C\u00f4te d&#039;Azur\" \/>\n<meta property=\"og:description\" content=\"Partenaire, vous souhaitez soutenir un r\u00e9seau 100% chefs d&#039;entreprise ? Rejoignez R\u00e9seau Entreprendre C\u00f4te d&#039;Azur\" \/>\n<meta property=\"og:url\" content=\"https:\/\/www.reseau-entreprendre.org\/cote-d-azur\/soutenir\/\" \/>\n<meta property=\"og:site_name\" content=\"R\u00e9seau Entreprendre C\u00f4te d&#039;Azur\" \/>\n<meta property=\"article:modified_time\" content=\"2025-03-27T07:02:40+00:00\" \/>\n<meta property=\"og:image\" content=\"https:\/\/www.reseau-entreprendre.org\/cote-d-azur\/wp-content\/uploads\/sites\/75\/2021\/01\/logos-partenaires.jpg\" \/>\n<meta name=\"twitter:card\" content=\"summary_large_image\" \/>\n<meta name=\"twitter:label1\" content=\"Dur\u00e9e de lecture estim\u00e9e\" \/>\n\t<meta name=\"twitter:data1\" content=\"5 minutes\" \/>\n<script type=\"application\/ld+json\" class=\"yoast-schema-graph\">{\"@context\":\"https:\\\/\\\/schema.org\",\"@graph\":[{\"@type\":\"WebPage\",\"@id\":\"https:\\\/\\\/www.reseau-entreprendre.org\\\/cote-d-azur\\\/soutenir\\\/\",\"url\":\"https:\\\/\\\/www.reseau-entreprendre.org\\\/cote-d-azur\\\/soutenir\\\/\",\"name\":\"Soutenir | Reseau Entreprendre C\u00f4te d'Azur\",\"isPartOf\":{\"@id\":\"https:\\\/\\\/www.reseau-entreprendre.org\\\/cote-d-azur\\\/#website\"},\"primaryImageOfPage\":{\"@id\":\"https:\\\/\\\/www.reseau-entreprendre.org\\\/cote-d-azur\\\/soutenir\\\/#primaryimage\"},\"image\":{\"@id\":\"https:\\\/\\\/www.reseau-entreprendre.org\\\/cote-d-azur\\\/soutenir\\\/#primaryimage\"},\"thumbnailUrl\":\"https:\\\/\\\/www.reseau-entreprendre.org\\\/cote-d-azur\\\/wp-content\\\/uploads\\\/sites\\\/75\\\/2021\\\/01\\\/logos-partenaires.jpg\",\"datePublished\":\"2017-04-28T10:34:01+00:00\",\"dateModified\":\"2025-03-27T07:02:40+00:00\",\"description\":\"Partenaire, vous souhaitez soutenir un r\u00e9seau 100% chefs d'entreprise ? Rejoignez R\u00e9seau Entreprendre C\u00f4te d'Azur\",\"breadcrumb\":{\"@id\":\"https:\\\/\\\/www.reseau-entreprendre.org\\\/cote-d-azur\\\/soutenir\\\/#breadcrumb\"},\"inLanguage\":\"fr-FR\",\"potentialAction\":[{\"@type\":\"ReadAction\",\"target\":[\"https:\\\/\\\/www.reseau-entreprendre.org\\\/cote-d-azur\\\/soutenir\\\/\"]}]},{\"@type\":\"ImageObject\",\"inLanguage\":\"fr-FR\",\"@id\":\"https:\\\/\\\/www.reseau-entreprendre.org\\\/cote-d-azur\\\/soutenir\\\/#primaryimage\",\"url\":\"https:\\\/\\\/www.reseau-entreprendre.org\\\/cote-d-azur\\\/wp-content\\\/uploads\\\/sites\\\/75\\\/2021\\\/01\\\/logos-partenaires.jpg\",\"contentUrl\":\"https:\\\/\\\/www.reseau-entreprendre.org\\\/cote-d-azur\\\/wp-content\\\/uploads\\\/sites\\\/75\\\/2021\\\/01\\\/logos-partenaires.jpg\",\"width\":591,\"height\":591},{\"@type\":\"BreadcrumbList\",\"@id\":\"https:\\\/\\\/www.reseau-entreprendre.org\\\/cote-d-azur\\\/soutenir\\\/#breadcrumb\",\"itemListElement\":[{\"@type\":\"ListItem\",\"position\":1,\"name\":\"Accueil\",\"item\":\"https:\\\/\\\/www.reseau-entreprendre.org\\\/cote-d-azur\\\/\"},{\"@type\":\"ListItem\",\"position\":2,\"name\":\"Soutenir\"}]},{\"@type\":\"WebSite\",\"@id\":\"https:\\\/\\\/www.reseau-entreprendre.org\\\/cote-d-azur\\\/#website\",\"url\":\"https:\\\/\\\/www.reseau-entreprendre.org\\\/cote-d-azur\\\/\",\"name\":\"R\u00e9seau Entreprendre C\u00f4te d&#039;Azur\",\"description\":\"Les sites de R\u00e9seau Entreprendre\",\"potentialAction\":[{\"@type\":\"SearchAction\",\"target\":{\"@type\":\"EntryPoint\",\"urlTemplate\":\"https:\\\/\\\/www.reseau-entreprendre.org\\\/cote-d-azur\\\/?s={search_term_string}\"},\"query-input\":{\"@type\":\"PropertyValueSpecification\",\"valueRequired\":true,\"valueName\":\"search_term_string\"}}],\"inLanguage\":\"fr-FR\"}]}<\/script>\n<!-- \/ Yoast SEO plugin. -->","yoast_head_json":{"title":"Soutenir | Reseau Entreprendre C\u00f4te d'Azur","description":"Partenaire, vous souhaitez soutenir un r\u00e9seau 100% chefs d'entreprise ? Rejoignez R\u00e9seau Entreprendre C\u00f4te d'Azur","robots":{"index":"index","follow":"follow","max-snippet":"max-snippet:-1","max-image-preview":"max-image-preview:large","max-video-preview":"max-video-preview:-1"},"canonical":"https:\/\/www.reseau-entreprendre.org\/cote-d-azur\/soutenir\/","og_locale":"fr_FR","og_type":"article","og_title":"Soutenir | Reseau Entreprendre C\u00f4te d'Azur","og_description":"Partenaire, vous souhaitez soutenir un r\u00e9seau 100% chefs d'entreprise ? Rejoignez R\u00e9seau Entreprendre C\u00f4te d'Azur","og_url":"https:\/\/www.reseau-entreprendre.org\/cote-d-azur\/soutenir\/","og_site_name":"R\u00e9seau Entreprendre C\u00f4te d&#039;Azur","article_modified_time":"2025-03-27T07:02:40+00:00","og_image":[{"url":"https:\/\/www.reseau-entreprendre.org\/cote-d-azur\/wp-content\/uploads\/sites\/75\/2021\/01\/logos-partenaires.jpg","type":"","width":"","height":""}],"twitter_card":"summary_large_image","twitter_misc":{"Dur\u00e9e de lecture estim\u00e9e":"5 minutes"},"schema":{"@context":"https:\/\/schema.org","@graph":[{"@type":"WebPage","@id":"https:\/\/www.reseau-entreprendre.org\/cote-d-azur\/soutenir\/","url":"https:\/\/www.reseau-entreprendre.org\/cote-d-azur\/soutenir\/","name":"Soutenir | Reseau Entreprendre C\u00f4te d'Azur","isPartOf":{"@id":"https:\/\/www.reseau-entreprendre.org\/cote-d-azur\/#website"},"primaryImageOfPage":{"@id":"https:\/\/www.reseau-entreprendre.org\/cote-d-azur\/soutenir\/#primaryimage"},"image":{"@id":"https:\/\/www.reseau-entreprendre.org\/cote-d-azur\/soutenir\/#primaryimage"},"thumbnailUrl":"https:\/\/www.reseau-entreprendre.org\/cote-d-azur\/wp-content\/uploads\/sites\/75\/2021\/01\/logos-partenaires.jpg","datePublished":"2017-04-28T10:34:01+00:00","dateModified":"2025-03-27T07:02:40+00:00","description":"Partenaire, vous souhaitez soutenir un r\u00e9seau 100% chefs d'entreprise ? Rejoignez R\u00e9seau Entreprendre C\u00f4te d'Azur","breadcrumb":{"@id":"https:\/\/www.reseau-entreprendre.org\/cote-d-azur\/soutenir\/#breadcrumb"},"inLanguage":"fr-FR","potentialAction":[{"@type":"ReadAction","target":["https:\/\/www.reseau-entreprendre.org\/cote-d-azur\/soutenir\/"]}]},{"@type":"ImageObject","inLanguage":"fr-FR","@id":"https:\/\/www.reseau-entreprendre.org\/cote-d-azur\/soutenir\/#primaryimage","url":"https:\/\/www.reseau-entreprendre.org\/cote-d-azur\/wp-content\/uploads\/sites\/75\/2021\/01\/logos-partenaires.jpg","contentUrl":"https:\/\/www.reseau-entreprendre.org\/cote-d-azur\/wp-content\/uploads\/sites\/75\/2021\/01\/logos-partenaires.jpg","width":591,"height":591},{"@type":"BreadcrumbList","@id":"https:\/\/www.reseau-entreprendre.org\/cote-d-azur\/soutenir\/#breadcrumb","itemListElement":[{"@type":"ListItem","position":1,"name":"Accueil","item":"https:\/\/www.reseau-entreprendre.org\/cote-d-azur\/"},{"@type":"ListItem","position":2,"name":"Soutenir"}]},{"@type":"WebSite","@id":"https:\/\/www.reseau-entreprendre.org\/cote-d-azur\/#website","url":"https:\/\/www.reseau-entreprendre.org\/cote-d-azur\/","name":"R\u00e9seau Entreprendre C\u00f4te d&#039;Azur","description":"Les sites de R\u00e9seau Entreprendre","potentialAction":[{"@type":"SearchAction","target":{"@type":"EntryPoint","urlTemplate":"https:\/\/www.reseau-entreprendre.org\/cote-d-azur\/?s={search_term_string}"},"query-input":{"@type":"PropertyValueSpecification","valueRequired":true,"valueName":"search_term_string"}}],"inLanguage":"fr-FR"}]}},"_links":{"self":[{"href":"https:\/\/www.reseau-entreprendre.org\/cote-d-azur\/wp-json\/wp\/v2\/pages\/17","targetHints":{"allow":["GET"]}}],"collection":[{"href":"https:\/\/www.reseau-entreprendre.org\/cote-d-azur\/wp-json\/wp\/v2\/pages"}],"about":[{"href":"https:\/\/www.reseau-entreprendre.org\/cote-d-azur\/wp-json\/wp\/v2\/types\/page"}],"author":[{"embeddable":true,"href":"https:\/\/www.reseau-entreprendre.org\/cote-d-azur\/wp-json\/wp\/v2\/users\/13"}],"replies":[{"embeddable":true,"href":"https:\/\/www.reseau-entreprendre.org\/cote-d-azur\/wp-json\/wp\/v2\/comments?post=17"}],"version-history":[{"count":0,"href":"https:\/\/www.reseau-entreprendre.org\/cote-d-azur\/wp-json\/wp\/v2\/pages\/17\/revisions"}],"wp:attachment":[{"href":"https:\/\/www.reseau-entreprendre.org\/cote-d-azur\/wp-json\/wp\/v2\/media?parent=17"}],"curies":[{"name":"wp","href":"https:\/\/api.w.org\/{rel}","templated":true}]}}