{"id":19,"date":"2017-04-28T12:34:18","date_gmt":"2017-04-28T10:34:18","guid":{"rendered":"https:\/\/www.reseau-entreprendre.org\/cote-d-azur\/?page_id=19"},"modified":"2025-03-31T14:05:04","modified_gmt":"2025-03-31T12:05:04","slug":"contact","status":"publish","type":"page","link":"https:\/\/www.reseau-entreprendre.org\/cote-d-azur\/contact\/","title":{"rendered":"Contact"},"content":{"rendered":"\n<h2 class=\"wp-block-heading\">Vous souhaitez&#8230;<\/h2>\n\n\n\n<div style=\"height:20px\" aria-hidden=\"true\" class=\"wp-block-spacer\"><\/div>\n\n\n\n<div class=\"wp-block-group is-content-justification-left is-nowrap is-layout-flex wp-container-core-group-is-layout-f56a869c wp-block-group-is-layout-flex\">\n<div class=\"wp-block-buttons is-layout-flex wp-block-buttons-is-layout-flex\">\n<div class=\"wp-block-button is-style-outline is-style-outline--1\"><a class=\"wp-block-button__link has-re-red-color has-text-color wp-element-button\" href=\"https:\/\/www.reseau-entreprendre.org\/cote-d-azur\/deposer-une-demande\/\" style=\"border-radius:4px\"><strong>ENTREPRENDRE<\/strong><\/a><\/div>\n<\/div>\n\n\n\n<div class=\"wp-block-buttons is-layout-flex wp-block-buttons-is-layout-flex\">\n<div class=\"wp-block-button has-custom-width wp-block-button__width-100 is-style-outline is-style-outline--2\"><a class=\"wp-block-button__link has-re-yellow-color has-text-color wp-element-button\" href=\"https:\/\/www.reseau-entreprendre.org\/cote-d-azur\/formulaire-benevole\/\" style=\"border-radius:4px\"><strong>S&#8217;ENGAGER<\/strong><\/a><\/div>\n<\/div>\n\n\n\n<div class=\"wp-block-buttons is-layout-flex wp-block-buttons-is-layout-flex\">\n<div class=\"wp-block-button is-style-outline is-style-outline--3\"><a class=\"wp-block-button__link has-re-blue-color has-text-color wp-element-button\" href=\"https:\/\/www.reseau-entreprendre.org\/cote-d-azur\/formulaire-partenaire\/\" style=\"border-radius:4px\"><strong>SOUTENIR<\/strong><\/a><\/div>\n<\/div>\n<\/div>\n\n\n\n<div style=\"height:34px\" aria-hidden=\"true\" class=\"wp-block-spacer\"><\/div>\n\n\n\n<hr class=\"wp-block-separator has-css-opacity\" \/>\n\n\n\n<div style=\"height:34px\" aria-hidden=\"true\" class=\"wp-block-spacer\"><\/div>\n\n\n\n<h2 class=\"wp-block-heading\">Une simple question ?<\/h2>\n\n\n\n<p>Aucun projet de cr\u00e9ation ou reprise d&#8217;entreprise ne sera \u00e9tudi\u00e9 via ce formulaire de contact, merci d&#8217;utiliser les formulaires de d\u00e9p\u00f4t de candidature ci-dessus.<\/p>\n\n\n\n<div style=\"height:34px\" aria-hidden=\"true\" class=\"wp-block-spacer\"><\/div>\n\n\n<div class=\"wpforms-container wpforms-container-full wpforms-block wpforms-block-4b4044b1-3c7a-489c-88b7-9ecd777a3b6b wpforms-render-modern\" id=\"wpforms-4462\"><form id=\"wpforms-form-4462\" class=\"wpforms-validate wpforms-form wpforms-ajax-form\" data-formid=\"4462\" method=\"post\" enctype=\"multipart\/form-data\" action=\"\/cote-d-azur\/wp-json\/wp\/v2\/pages\/19\" data-token=\"c5ab71c4c690f05eedfe820f319da633\" data-token-time=\"1777855880\"><noscript class=\"wpforms-error-noscript\">Veuillez activer JavaScript dans votre navigateur pour remplir ce formulaire.<\/noscript><div id=\"wpforms-error-noscript\" style=\"display: none;\">Veuillez activer JavaScript dans votre navigateur pour remplir ce formulaire.<\/div><div class=\"wpforms-field-container\"><div id=\"wpforms-4462-field_6-container\" class=\"wpforms-field wpforms-field-select wpforms-field-select-style-modern\" data-field-id=\"6\"><label class=\"wpforms-field-label\" for=\"wpforms-4462-field_6\">Vous \u00eates&#8230; <span class=\"wpforms-required-label\" aria-hidden=\"true\">*<\/span><\/label><select id=\"wpforms-4462-field_6\" class=\"wpforms-field-large wpforms-field-required choicesjs-select\" data-size-class=\"wpforms-field-row wpforms-field-large\" data-search-enabled=\"\" name=\"wpforms[fields][6]\" required=\"required\"><option value=\"\" class=\"placeholder\" disabled  selected='selected'>S\u00e9lectionnez&#8230;<\/option><option value=\"Entrepreneur\"  class=\"choice-1 depth-1\"  >Entrepreneur<\/option><option value=\"Journaliste\"  class=\"choice-2 depth-1\"  >Journaliste<\/option><option value=\"Partenaire\"  class=\"choice-3 depth-1\"  >Partenaire<\/option><option value=\"Autre\"  class=\"choice-4 depth-1\"  >Autre<\/option><\/select><\/div><div id=\"wpforms-4462-field_0-container\" class=\"wpforms-field wpforms-field-name\" data-field-id=\"0\"><fieldset><legend class=\"wpforms-field-label\">Pr\u00e9nom et Nom <span class=\"wpforms-required-label\" aria-hidden=\"true\">*<\/span><\/legend><div class=\"wpforms-field-row wpforms-field-large\"><div class=\"wpforms-field-row-block wpforms-first wpforms-one-half\"><input type=\"text\" id=\"wpforms-4462-field_0\" class=\"wpforms-field-name-first wpforms-field-required\" name=\"wpforms[fields][0][first]\" aria-errormessage=\"wpforms-4462-field_0-error\" required><label for=\"wpforms-4462-field_0\" class=\"wpforms-field-sublabel after\">Pr\u00e9nom<\/label><\/div><div class=\"wpforms-field-row-block wpforms-one-half\"><input type=\"text\" id=\"wpforms-4462-field_0-last\" class=\"wpforms-field-name-last wpforms-field-required\" name=\"wpforms[fields][0][last]\" aria-errormessage=\"wpforms-4462-field_0-last-error\" required><label for=\"wpforms-4462-field_0-last\" class=\"wpforms-field-sublabel after\">Nom<\/label><\/div><\/div><\/fieldset><\/div><div id=\"wpforms-4462-field_3-container\" class=\"wpforms-field wpforms-field-layout\" data-field-id=\"3\"><div class=\"wpforms-field-layout-columns wpforms-field-layout-preset-50-50\"><div class=\"wpforms-layout-column wpforms-layout-column-50\" ><div id=\"wpforms-4462-field_1-container\" class=\"wpforms-field wpforms-field-email\" data-field-id=\"1\"><label class=\"wpforms-field-label\" for=\"wpforms-4462-field_1\">E-mail <span class=\"wpforms-required-label\" aria-hidden=\"true\">*<\/span><\/label><input type=\"email\" id=\"wpforms-4462-field_1\" class=\"wpforms-field-medium wpforms-field-required\" name=\"wpforms[fields][1]\" spellcheck=\"false\" aria-errormessage=\"wpforms-4462-field_1-error\" required><\/div><\/div><div class=\"wpforms-layout-column wpforms-layout-column-50\" ><div id=\"wpforms-4462-field_4-container\" class=\"wpforms-field wpforms-field-phone\" data-field-id=\"4\"><label class=\"wpforms-field-label\" for=\"wpforms-4462-field_4\">T\u00e9l\u00e9phone<\/label><input type=\"tel\" id=\"wpforms-4462-field_4\" class=\"wpforms-field-medium wpforms-smart-phone-field\" data-rule-smart-phone-field=\"true\" name=\"wpforms[fields][4]\" aria-label=\"T\u00e9l\u00e9phone\" aria-errormessage=\"wpforms-4462-field_4-error\" ><\/div><\/div><\/div><\/div><div id=\"wpforms-4462-field_2-container\" class=\"wpforms-field wpforms-field-textarea\" data-field-id=\"2\"><label class=\"wpforms-field-label\" for=\"wpforms-4462-field_2\">Commentaire ou message <span class=\"wpforms-required-label\" aria-hidden=\"true\">*<\/span><\/label><textarea id=\"wpforms-4462-field_2\" class=\"wpforms-field-medium wpforms-field-required\" name=\"wpforms[fields][2]\" aria-errormessage=\"wpforms-4462-field_2-error\" required><\/textarea><\/div><div id=\"wpforms-4462-field_8-container\" class=\"wpforms-field wpforms-field-gdpr-checkbox\" data-field-id=\"8\"><label class=\"wpforms-field-label wpforms-label-hide\" aria-hidden=\"false\">Accord RGPD <span class=\"wpforms-required-label\" aria-hidden=\"true\">*<\/span><\/label><ul id=\"wpforms-4462-field_8\" class=\"wpforms-field-required\"><li class=\"choice-1\"><input type=\"checkbox\" id=\"wpforms-4462-field_8_1\" name=\"wpforms[fields][8][]\" value=\"En cochant cette case, j\u2019accepte le traitement de mes donn\u00e9es par ce site, et autorise R\u00e9seau Entreprendre \u00e0 me contacter.\" aria-errormessage=\"wpforms-4462-field_8_1-error\" required ><label class=\"wpforms-field-label-inline\" for=\"wpforms-4462-field_8_1\">En cochant cette case, j\u2019accepte le traitement de mes donn\u00e9es par ce site, et autorise R\u00e9seau Entreprendre \u00e0 me contacter. <span class=\"wpforms-required-label\" aria-hidden=\"true\">*<\/span><\/label><\/li><\/ul><\/div><div id=\"wpforms-4462-field_7-container\" class=\"wpforms-field wpforms-field-content\" data-field-id=\"7\"><div id=\"wpforms-4462-field_7\" class=\"wpforms-field-large wpforms-field-row\" aria-errormessage=\"wpforms-4462-field_7-error\"><p style=\"font-size: 11px\">Les informations recueillies sur ce formulaire sont enregistr\u00e9es par R\u00e9seau Entreprendre et peuvent faire l&#8217;objet d&#8217;une simple r\u00e9ponse par mail. Elles sont conserv\u00e9es pendant 3 mois et ne font l&#8217;objet d&#8217;aucun traitement particulier ou d&#8217;envoi autre. Conform\u00e9ment \u00e0 la loi \u00ab Informatique et libert\u00e9s \u00bb puis \u00ab RGPD \u00bb au 25 mai 2018, vous pouvez exercer votre droit d\u2019acc\u00e8s aux donn\u00e9es vous concernant et les faire rectifier ou supprimer en contactant : rgpd@reseau-entreprendre.org.<\/p>\n<div class=\"wpforms-field-content-display-frontend-clear\"><\/div><\/div><\/div><\/div><!-- .wpforms-field-container --><div class=\"wpforms-recaptcha-container wpforms-is-recaptcha wpforms-is-recaptcha-type-v3\" ><input type=\"hidden\" name=\"wpforms[recaptcha]\" value=\"\"><\/div><div class=\"wpforms-submit-container\" ><input type=\"hidden\" name=\"wpforms[id]\" value=\"4462\"><input type=\"hidden\" name=\"page_title\" value=\"\"><input type=\"hidden\" name=\"page_url\" value=\"https:\/\/www.reseau-entreprendre.org\/cote-d-azur\/wp-json\/wp\/v2\/pages\/19\"><input type=\"hidden\" name=\"url_referer\" value=\"\"><button type=\"submit\" name=\"wpforms[submit]\" id=\"wpforms-submit-4462\" class=\"wpforms-submit btn btn-lg btn-primary\" data-alt-text=\"Envoi...\" data-submit-text=\"Envoyer\" aria-live=\"assertive\" value=\"wpforms-submit\">Envoyer<\/button><img loading=\"lazy\" decoding=\"async\" src=\"https:\/\/www.reseau-entreprendre.org\/cote-d-azur\/wp-content\/plugins\/wpforms\/assets\/images\/submit-spin.svg\" class=\"wpforms-submit-spinner\" style=\"display: none;\" width=\"26\" height=\"26\" alt=\"Chargement en cours\"><\/div><\/form><\/div>  <!-- .wpforms-container -->\n\n\n<div style=\"height:34px\" aria-hidden=\"true\" class=\"wp-block-spacer\"><\/div>\n\n\n\n<hr class=\"wp-block-separator has-css-opacity\" \/>\n\n\n\n<div style=\"height:34px\" aria-hidden=\"true\" class=\"wp-block-spacer\"><\/div>\n\n\n\n<h2 class=\"wp-block-heading\">Pour contacter votre association C\u00f4te d&#8217;Azur :<\/h2>\n\n\n\n<div style=\"height:34px\" aria-hidden=\"true\" class=\"wp-block-spacer\"><\/div>\n\n\n\n<p class=\"has-text-align-center\">Immeuble Nice Premium Hub de l&#8217;innovation \u2013 61, avenue Simone Veil \u2013 06200 Nice<\/p>\n\n\n\n<p class=\"has-text-align-center\">Permanences au Business P\u00f4le \u00e0 Valbonne Sophia Antipolis&nbsp; <\/p>\n\n\n\n<p class=\"has-text-align-center\">(Service accompagnement des entreprises de la CCI)<\/p>\n\n\n\n<p><\/p>\n","protected":false},"excerpt":{"rendered":"<p>Vous souhaitez&#8230; Une simple question ? Aucun projet de cr\u00e9ation<\/p>\n","protected":false},"author":13,"featured_media":467,"parent":0,"menu_order":0,"comment_status":"closed","ping_status":"closed","template":"","meta":{"_acf_changed":false,"_monsterinsights_skip_tracking":false,"_monsterinsights_sitenote_active":false,"_monsterinsights_sitenote_note":"","_monsterinsights_sitenote_category":0,"footnotes":""},"class_list":["post-19","page","type-page","status-publish","has-post-thumbnail","hentry"],"acf":[],"yoast_head":"<!-- This site is optimized with the Yoast SEO plugin v27.4 - https:\/\/yoast.com\/product\/yoast-seo-wordpress\/ -->\n<title>Contact | Reseau Entreprendre C\u00f4te d&#039;Azur<\/title>\n<meta name=\"description\" content=\"Contactez R\u00e9seau Entreprendre C\u00f4te d&#039;Azur pour \u00eatre accompagn\u00e9 par un chef d&#039;entreprise de votre r\u00e9gion, devenir membre ou partenaire\" \/>\n<meta name=\"robots\" content=\"index, follow, max-snippet:-1, max-image-preview:large, max-video-preview:-1\" \/>\n<link rel=\"canonical\" href=\"https:\/\/www.reseau-entreprendre.org\/cote-d-azur\/contact\/\" \/>\n<meta property=\"og:locale\" content=\"fr_FR\" \/>\n<meta property=\"og:type\" content=\"article\" \/>\n<meta property=\"og:title\" content=\"Contact | Reseau Entreprendre C\u00f4te d&#039;Azur\" \/>\n<meta property=\"og:description\" content=\"Contactez R\u00e9seau Entreprendre C\u00f4te d&#039;Azur pour \u00eatre accompagn\u00e9 par un chef d&#039;entreprise de votre r\u00e9gion, devenir membre ou partenaire\" \/>\n<meta property=\"og:url\" content=\"https:\/\/www.reseau-entreprendre.org\/cote-d-azur\/contact\/\" \/>\n<meta property=\"og:site_name\" content=\"R\u00e9seau Entreprendre C\u00f4te d&#039;Azur\" \/>\n<meta property=\"article:modified_time\" content=\"2025-03-31T12:05:04+00:00\" \/>\n<meta property=\"og:image\" content=\"https:\/\/www.reseau-entreprendre.org\/cote-d-azur\/wp-content\/uploads\/sites\/75\/2017\/08\/457.jpg\" \/>\n\t<meta property=\"og:image:width\" content=\"219\" \/>\n\t<meta property=\"og:image:height\" content=\"329\" \/>\n\t<meta property=\"og:image:type\" content=\"image\/jpeg\" \/>\n<meta name=\"twitter:card\" content=\"summary_large_image\" \/>\n<meta name=\"twitter:label1\" content=\"Dur\u00e9e de lecture estim\u00e9e\" \/>\n\t<meta name=\"twitter:data1\" content=\"1 minute\" \/>\n<script type=\"application\/ld+json\" class=\"yoast-schema-graph\">{\"@context\":\"https:\\\/\\\/schema.org\",\"@graph\":[{\"@type\":\"WebPage\",\"@id\":\"https:\\\/\\\/www.reseau-entreprendre.org\\\/cote-d-azur\\\/contact\\\/\",\"url\":\"https:\\\/\\\/www.reseau-entreprendre.org\\\/cote-d-azur\\\/contact\\\/\",\"name\":\"Contact | Reseau Entreprendre C\u00f4te d'Azur\",\"isPartOf\":{\"@id\":\"https:\\\/\\\/www.reseau-entreprendre.org\\\/cote-d-azur\\\/#website\"},\"primaryImageOfPage\":{\"@id\":\"https:\\\/\\\/www.reseau-entreprendre.org\\\/cote-d-azur\\\/contact\\\/#primaryimage\"},\"image\":{\"@id\":\"https:\\\/\\\/www.reseau-entreprendre.org\\\/cote-d-azur\\\/contact\\\/#primaryimage\"},\"thumbnailUrl\":\"https:\\\/\\\/www.reseau-entreprendre.org\\\/cote-d-azur\\\/wp-content\\\/uploads\\\/sites\\\/75\\\/2017\\\/08\\\/457.jpg\",\"datePublished\":\"2017-04-28T10:34:18+00:00\",\"dateModified\":\"2025-03-31T12:05:04+00:00\",\"description\":\"Contactez R\u00e9seau Entreprendre C\u00f4te d'Azur pour \u00eatre accompagn\u00e9 par un chef d'entreprise de votre r\u00e9gion, devenir membre ou partenaire\",\"breadcrumb\":{\"@id\":\"https:\\\/\\\/www.reseau-entreprendre.org\\\/cote-d-azur\\\/contact\\\/#breadcrumb\"},\"inLanguage\":\"fr-FR\",\"potentialAction\":[{\"@type\":\"ReadAction\",\"target\":[\"https:\\\/\\\/www.reseau-entreprendre.org\\\/cote-d-azur\\\/contact\\\/\"]}]},{\"@type\":\"ImageObject\",\"inLanguage\":\"fr-FR\",\"@id\":\"https:\\\/\\\/www.reseau-entreprendre.org\\\/cote-d-azur\\\/contact\\\/#primaryimage\",\"url\":\"https:\\\/\\\/www.reseau-entreprendre.org\\\/cote-d-azur\\\/wp-content\\\/uploads\\\/sites\\\/75\\\/2017\\\/08\\\/457.jpg\",\"contentUrl\":\"https:\\\/\\\/www.reseau-entreprendre.org\\\/cote-d-azur\\\/wp-content\\\/uploads\\\/sites\\\/75\\\/2017\\\/08\\\/457.jpg\",\"width\":219,\"height\":329},{\"@type\":\"BreadcrumbList\",\"@id\":\"https:\\\/\\\/www.reseau-entreprendre.org\\\/cote-d-azur\\\/contact\\\/#breadcrumb\",\"itemListElement\":[{\"@type\":\"ListItem\",\"position\":1,\"name\":\"Accueil\",\"item\":\"https:\\\/\\\/www.reseau-entreprendre.org\\\/cote-d-azur\\\/\"},{\"@type\":\"ListItem\",\"position\":2,\"name\":\"Contact\"}]},{\"@type\":\"WebSite\",\"@id\":\"https:\\\/\\\/www.reseau-entreprendre.org\\\/cote-d-azur\\\/#website\",\"url\":\"https:\\\/\\\/www.reseau-entreprendre.org\\\/cote-d-azur\\\/\",\"name\":\"R\u00e9seau Entreprendre C\u00f4te d&#039;Azur\",\"description\":\"Les sites de R\u00e9seau Entreprendre\",\"potentialAction\":[{\"@type\":\"SearchAction\",\"target\":{\"@type\":\"EntryPoint\",\"urlTemplate\":\"https:\\\/\\\/www.reseau-entreprendre.org\\\/cote-d-azur\\\/?s={search_term_string}\"},\"query-input\":{\"@type\":\"PropertyValueSpecification\",\"valueRequired\":true,\"valueName\":\"search_term_string\"}}],\"inLanguage\":\"fr-FR\"}]}<\/script>\n<!-- \/ Yoast SEO plugin. -->","yoast_head_json":{"title":"Contact | Reseau Entreprendre C\u00f4te d'Azur","description":"Contactez R\u00e9seau Entreprendre C\u00f4te d'Azur pour \u00eatre accompagn\u00e9 par un chef d'entreprise de votre r\u00e9gion, devenir membre ou partenaire","robots":{"index":"index","follow":"follow","max-snippet":"max-snippet:-1","max-image-preview":"max-image-preview:large","max-video-preview":"max-video-preview:-1"},"canonical":"https:\/\/www.reseau-entreprendre.org\/cote-d-azur\/contact\/","og_locale":"fr_FR","og_type":"article","og_title":"Contact | Reseau Entreprendre C\u00f4te d'Azur","og_description":"Contactez R\u00e9seau Entreprendre C\u00f4te d'Azur pour \u00eatre accompagn\u00e9 par un chef d'entreprise de votre r\u00e9gion, devenir membre ou partenaire","og_url":"https:\/\/www.reseau-entreprendre.org\/cote-d-azur\/contact\/","og_site_name":"R\u00e9seau Entreprendre C\u00f4te d&#039;Azur","article_modified_time":"2025-03-31T12:05:04+00:00","og_image":[{"width":219,"height":329,"url":"https:\/\/www.reseau-entreprendre.org\/cote-d-azur\/wp-content\/uploads\/sites\/75\/2017\/08\/457.jpg","type":"image\/jpeg"}],"twitter_card":"summary_large_image","twitter_misc":{"Dur\u00e9e de lecture estim\u00e9e":"1 minute"},"schema":{"@context":"https:\/\/schema.org","@graph":[{"@type":"WebPage","@id":"https:\/\/www.reseau-entreprendre.org\/cote-d-azur\/contact\/","url":"https:\/\/www.reseau-entreprendre.org\/cote-d-azur\/contact\/","name":"Contact | Reseau Entreprendre C\u00f4te d'Azur","isPartOf":{"@id":"https:\/\/www.reseau-entreprendre.org\/cote-d-azur\/#website"},"primaryImageOfPage":{"@id":"https:\/\/www.reseau-entreprendre.org\/cote-d-azur\/contact\/#primaryimage"},"image":{"@id":"https:\/\/www.reseau-entreprendre.org\/cote-d-azur\/contact\/#primaryimage"},"thumbnailUrl":"https:\/\/www.reseau-entreprendre.org\/cote-d-azur\/wp-content\/uploads\/sites\/75\/2017\/08\/457.jpg","datePublished":"2017-04-28T10:34:18+00:00","dateModified":"2025-03-31T12:05:04+00:00","description":"Contactez R\u00e9seau Entreprendre C\u00f4te d'Azur pour \u00eatre accompagn\u00e9 par un chef d'entreprise de votre r\u00e9gion, devenir membre ou partenaire","breadcrumb":{"@id":"https:\/\/www.reseau-entreprendre.org\/cote-d-azur\/contact\/#breadcrumb"},"inLanguage":"fr-FR","potentialAction":[{"@type":"ReadAction","target":["https:\/\/www.reseau-entreprendre.org\/cote-d-azur\/contact\/"]}]},{"@type":"ImageObject","inLanguage":"fr-FR","@id":"https:\/\/www.reseau-entreprendre.org\/cote-d-azur\/contact\/#primaryimage","url":"https:\/\/www.reseau-entreprendre.org\/cote-d-azur\/wp-content\/uploads\/sites\/75\/2017\/08\/457.jpg","contentUrl":"https:\/\/www.reseau-entreprendre.org\/cote-d-azur\/wp-content\/uploads\/sites\/75\/2017\/08\/457.jpg","width":219,"height":329},{"@type":"BreadcrumbList","@id":"https:\/\/www.reseau-entreprendre.org\/cote-d-azur\/contact\/#breadcrumb","itemListElement":[{"@type":"ListItem","position":1,"name":"Accueil","item":"https:\/\/www.reseau-entreprendre.org\/cote-d-azur\/"},{"@type":"ListItem","position":2,"name":"Contact"}]},{"@type":"WebSite","@id":"https:\/\/www.reseau-entreprendre.org\/cote-d-azur\/#website","url":"https:\/\/www.reseau-entreprendre.org\/cote-d-azur\/","name":"R\u00e9seau Entreprendre C\u00f4te d&#039;Azur","description":"Les sites de R\u00e9seau Entreprendre","potentialAction":[{"@type":"SearchAction","target":{"@type":"EntryPoint","urlTemplate":"https:\/\/www.reseau-entreprendre.org\/cote-d-azur\/?s={search_term_string}"},"query-input":{"@type":"PropertyValueSpecification","valueRequired":true,"valueName":"search_term_string"}}],"inLanguage":"fr-FR"}]}},"_links":{"self":[{"href":"https:\/\/www.reseau-entreprendre.org\/cote-d-azur\/wp-json\/wp\/v2\/pages\/19","targetHints":{"allow":["GET"]}}],"collection":[{"href":"https:\/\/www.reseau-entreprendre.org\/cote-d-azur\/wp-json\/wp\/v2\/pages"}],"about":[{"href":"https:\/\/www.reseau-entreprendre.org\/cote-d-azur\/wp-json\/wp\/v2\/types\/page"}],"author":[{"embeddable":true,"href":"https:\/\/www.reseau-entreprendre.org\/cote-d-azur\/wp-json\/wp\/v2\/users\/13"}],"replies":[{"embeddable":true,"href":"https:\/\/www.reseau-entreprendre.org\/cote-d-azur\/wp-json\/wp\/v2\/comments?post=19"}],"version-history":[{"count":0,"href":"https:\/\/www.reseau-entreprendre.org\/cote-d-azur\/wp-json\/wp\/v2\/pages\/19\/revisions"}],"wp:featuredmedia":[{"embeddable":true,"href":"https:\/\/www.reseau-entreprendre.org\/cote-d-azur\/wp-json\/wp\/v2\/media\/467"}],"wp:attachment":[{"href":"https:\/\/www.reseau-entreprendre.org\/cote-d-azur\/wp-json\/wp\/v2\/media?parent=19"}],"curies":[{"name":"wp","href":"https:\/\/api.w.org\/{rel}","templated":true}]}}