{"id":211,"date":"2017-06-13T17:35:06","date_gmt":"2017-06-13T15:35:06","guid":{"rendered":"https:\/\/www.reseau-entreprendre.org\/cote-d-azur\/?page_id=211"},"modified":"2025-04-11T11:51:35","modified_gmt":"2025-04-11T09:51:35","slug":"ils-nous-soutiennent","status":"publish","type":"page","link":"https:\/\/www.reseau-entreprendre.org\/cote-d-azur\/ils-nous-soutiennent\/","title":{"rendered":"Ils nous soutiennent"},"content":{"rendered":"\n<h1 class=\"wp-block-heading\"><span style=\"color: #268597\"><strong>Merci \u00e0 nos partenaires pour leur soutien !<\/strong><\/span><\/h1>\n\n\n\n<p>R\u00e9seau Entreprendre b\u00e9n\u00e9ficie du <span style=\"color: #268597;font-size: 18px\">soutien fid\u00e8le<\/span> de partenaires,<span style=\"color: #268597;font-size: 18px\"> d\u00e9sireux <\/span>de promouvoir la <span style=\"color: #268597;font-size: 18px\">cause de l\u2019entrepreneuriat<\/span>, de faciliter l\u2019acte de cr\u00e9er ou reprendre et de <span style=\"font-size: 18px;color: #268597\">contribuer au d\u00e9veloppement<\/span> de R\u00e9seau Entreprendre et de ses associations membres dans les r\u00e9gions.<\/p>\n\n\n\n<div style=\"height:30px\" aria-hidden=\"true\" class=\"wp-block-spacer\"><\/div>\n\n\n\n<div class=\"wp-block-columns is-layout-flex wp-container-core-columns-is-layout-9d6595d7 wp-block-columns-is-layout-flex\">\n<div class=\"wp-block-column is-layout-flow wp-block-column-is-layout-flow\"><div class=\"wp-block-image\">\n<figure class=\"aligncenter size-full is-resized\"><img loading=\"lazy\" decoding=\"async\" width=\"591\" height=\"591\" src=\"https:\/\/www.reseau-entreprendre.org\/cote-d-azur\/wp-content\/uploads\/sites\/75\/2023\/09\/logos-partenaires.jpg\" alt=\"\" class=\"wp-image-4922\" style=\"width:247px;height:247px\" srcset=\"https:\/\/www.reseau-entreprendre.org\/cote-d-azur\/wp-content\/uploads\/sites\/75\/2023\/09\/logos-partenaires.jpg 591w, https:\/\/www.reseau-entreprendre.org\/cote-d-azur\/wp-content\/uploads\/sites\/75\/2023\/09\/logos-partenaires-300x300.jpg 300w, https:\/\/www.reseau-entreprendre.org\/cote-d-azur\/wp-content\/uploads\/sites\/75\/2023\/09\/logos-partenaires-150x150.jpg 150w, https:\/\/www.reseau-entreprendre.org\/cote-d-azur\/wp-content\/uploads\/sites\/75\/2023\/09\/logos-partenaires-130x130.jpg 130w\" sizes=\"auto, (max-width: 591px) 100vw, 591px\" \/><\/figure>\n<\/div>\n\n\n<div class=\"wp-block-columns is-layout-flex wp-container-core-columns-is-layout-9d6595d7 wp-block-columns-is-layout-flex\">\n<div class=\"wp-block-column is-layout-flow wp-block-column-is-layout-flow\">\n<figure class=\"wp-block-image size-full is-resized\"><img loading=\"lazy\" decoding=\"async\" width=\"200\" height=\"200\" src=\"https:\/\/www.reseau-entreprendre.org\/cote-d-azur\/wp-content\/uploads\/sites\/75\/2023\/09\/Logo_CA_Pays_de_Grasse-1.png\" alt=\"\" class=\"wp-image-5008\" style=\"width:273px;height:273px\" srcset=\"https:\/\/www.reseau-entreprendre.org\/cote-d-azur\/wp-content\/uploads\/sites\/75\/2023\/09\/Logo_CA_Pays_de_Grasse-1.png 200w, https:\/\/www.reseau-entreprendre.org\/cote-d-azur\/wp-content\/uploads\/sites\/75\/2023\/09\/Logo_CA_Pays_de_Grasse-1-150x150.png 150w, https:\/\/www.reseau-entreprendre.org\/cote-d-azur\/wp-content\/uploads\/sites\/75\/2023\/09\/Logo_CA_Pays_de_Grasse-1-130x130.png 130w\" sizes=\"auto, (max-width: 200px) 100vw, 200px\" \/><\/figure>\n<\/div>\n<\/div>\n<\/div>\n\n\n\n<div class=\"wp-block-column is-layout-flow wp-block-column-is-layout-flow\"><div class=\"wp-block-image\">\n<figure class=\"aligncenter size-full is-resized\"><img loading=\"lazy\" decoding=\"async\" width=\"591\" height=\"591\" src=\"https:\/\/www.reseau-entreprendre.org\/cote-d-azur\/wp-content\/uploads\/sites\/75\/2023\/09\/logos-partenaires2.jpg\" alt=\"\" class=\"wp-image-4923\" style=\"width:163px;height:238px\" srcset=\"https:\/\/www.reseau-entreprendre.org\/cote-d-azur\/wp-content\/uploads\/sites\/75\/2023\/09\/logos-partenaires2.jpg 591w, https:\/\/www.reseau-entreprendre.org\/cote-d-azur\/wp-content\/uploads\/sites\/75\/2023\/09\/logos-partenaires2-300x300.jpg 300w, https:\/\/www.reseau-entreprendre.org\/cote-d-azur\/wp-content\/uploads\/sites\/75\/2023\/09\/logos-partenaires2-150x150.jpg 150w, https:\/\/www.reseau-entreprendre.org\/cote-d-azur\/wp-content\/uploads\/sites\/75\/2023\/09\/logos-partenaires2-130x130.jpg 130w\" sizes=\"auto, (max-width: 591px) 100vw, 591px\" \/><\/figure>\n<\/div><\/div>\n\n\n\n<div class=\"wp-block-column is-layout-flow wp-block-column-is-layout-flow\"><div class=\"wp-block-image\">\n<figure class=\"aligncenter size-full is-resized\"><img loading=\"lazy\" decoding=\"async\" width=\"1024\" height=\"576\" src=\"https:\/\/www.reseau-entreprendre.org\/cote-d-azur\/wp-content\/uploads\/sites\/75\/2023\/09\/bandeau-logo-CASA-1024x576-1.jpg\" alt=\"\" class=\"wp-image-4924\" style=\"width:362px;height:241px\" srcset=\"https:\/\/www.reseau-entreprendre.org\/cote-d-azur\/wp-content\/uploads\/sites\/75\/2023\/09\/bandeau-logo-CASA-1024x576-1.jpg 1024w, https:\/\/www.reseau-entreprendre.org\/cote-d-azur\/wp-content\/uploads\/sites\/75\/2023\/09\/bandeau-logo-CASA-1024x576-1-300x169.jpg 300w, https:\/\/www.reseau-entreprendre.org\/cote-d-azur\/wp-content\/uploads\/sites\/75\/2023\/09\/bandeau-logo-CASA-1024x576-1-768x432.jpg 768w, https:\/\/www.reseau-entreprendre.org\/cote-d-azur\/wp-content\/uploads\/sites\/75\/2023\/09\/bandeau-logo-CASA-1024x576-1-210x118.jpg 210w\" sizes=\"auto, (max-width: 1024px) 100vw, 1024px\" \/><\/figure>\n<\/div><\/div>\n<\/div>\n\n\n\n<div style=\"height:30px\" aria-hidden=\"true\" class=\"wp-block-spacer\"><\/div>\n\n\n\n<h2 class=\"wp-block-heading has-text-align-center\">Le coll\u00e8ge des financeurs<\/h2>\n\n\n\n<div style=\"height:30px\" aria-hidden=\"true\" class=\"wp-block-spacer\"><\/div>\n\n\n\n<div class=\"wp-block-columns is-layout-flex wp-container-core-columns-is-layout-9d6595d7 wp-block-columns-is-layout-flex\">\n<div class=\"wp-block-column is-vertically-aligned-center is-layout-flow wp-block-column-is-layout-flow\"><div class=\"wp-block-image\">\n<figure class=\"aligncenter size-full\"><img loading=\"lazy\" decoding=\"async\" width=\"1024\" height=\"363\" src=\"https:\/\/www.reseau-entreprendre.org\/cote-d-azur\/wp-content\/uploads\/sites\/75\/2023\/09\/CE_CEPAC_LOGO_2021_POUR-PARTENARIATS-1-1024x363-1.png\" alt=\"\" class=\"wp-image-5009\" srcset=\"https:\/\/www.reseau-entreprendre.org\/cote-d-azur\/wp-content\/uploads\/sites\/75\/2023\/09\/CE_CEPAC_LOGO_2021_POUR-PARTENARIATS-1-1024x363-1.png 1024w, https:\/\/www.reseau-entreprendre.org\/cote-d-azur\/wp-content\/uploads\/sites\/75\/2023\/09\/CE_CEPAC_LOGO_2021_POUR-PARTENARIATS-1-1024x363-1-300x106.png 300w, https:\/\/www.reseau-entreprendre.org\/cote-d-azur\/wp-content\/uploads\/sites\/75\/2023\/09\/CE_CEPAC_LOGO_2021_POUR-PARTENARIATS-1-1024x363-1-768x272.png 768w, https:\/\/www.reseau-entreprendre.org\/cote-d-azur\/wp-content\/uploads\/sites\/75\/2023\/09\/CE_CEPAC_LOGO_2021_POUR-PARTENARIATS-1-1024x363-1-210x74.png 210w\" sizes=\"auto, (max-width: 1024px) 100vw, 1024px\" \/><\/figure>\n<\/div><\/div>\n\n\n\n<div class=\"wp-block-column is-layout-flow wp-block-column-is-layout-flow\"><\/div>\n\n\n\n<div class=\"wp-block-column is-layout-flow wp-block-column-is-layout-flow\"><div class=\"wp-block-image\">\n<figure class=\"aligncenter size-full\"><img loading=\"lazy\" decoding=\"async\" width=\"210\" height=\"130\" src=\"https:\/\/www.reseau-entreprendre.org\/cote-d-azur\/wp-content\/uploads\/sites\/75\/2023\/09\/CDD.gif\" alt=\"\" class=\"wp-image-5011\" \/><\/figure>\n<\/div><\/div>\n\n\n\n<div class=\"wp-block-column is-layout-flow wp-block-column-is-layout-flow\"><div class=\"wp-block-image\">\n<figure class=\"aligncenter size-full is-resized\"><img loading=\"lazy\" decoding=\"async\" width=\"900\" height=\"616\" src=\"https:\/\/www.reseau-entreprendre.org\/cote-d-azur\/wp-content\/uploads\/sites\/75\/2021\/01\/CREDIT-AGRIGOLE-ALPES-PROVENCE.png\" alt=\"\" class=\"wp-image-2340\" style=\"width:197px;height:134px\" srcset=\"https:\/\/www.reseau-entreprendre.org\/cote-d-azur\/wp-content\/uploads\/sites\/75\/2021\/01\/CREDIT-AGRIGOLE-ALPES-PROVENCE.png 900w, https:\/\/www.reseau-entreprendre.org\/cote-d-azur\/wp-content\/uploads\/sites\/75\/2021\/01\/CREDIT-AGRIGOLE-ALPES-PROVENCE-300x205.png 300w, https:\/\/www.reseau-entreprendre.org\/cote-d-azur\/wp-content\/uploads\/sites\/75\/2021\/01\/CREDIT-AGRIGOLE-ALPES-PROVENCE-768x526.png 768w, https:\/\/www.reseau-entreprendre.org\/cote-d-azur\/wp-content\/uploads\/sites\/75\/2021\/01\/CREDIT-AGRIGOLE-ALPES-PROVENCE-474x324.png 474w, https:\/\/www.reseau-entreprendre.org\/cote-d-azur\/wp-content\/uploads\/sites\/75\/2021\/01\/CREDIT-AGRIGOLE-ALPES-PROVENCE-190x130.png 190w\" sizes=\"auto, (max-width: 900px) 100vw, 900px\" \/><\/figure>\n<\/div><\/div>\n<\/div>\n\n\n\n<div class=\"wp-block-columns is-layout-flex wp-container-core-columns-is-layout-9d6595d7 wp-block-columns-is-layout-flex\">\n<div class=\"wp-block-column is-layout-flow wp-block-column-is-layout-flow\"><div class=\"wp-block-image\">\n<figure class=\"aligncenter size-full\"><img loading=\"lazy\" decoding=\"async\" width=\"800\" height=\"351\" src=\"https:\/\/www.reseau-entreprendre.org\/cote-d-azur\/wp-content\/uploads\/sites\/75\/2023\/09\/BP-MEDITERRANNEE-800x351-1.png\" alt=\"\" class=\"wp-image-4926\" srcset=\"https:\/\/www.reseau-entreprendre.org\/cote-d-azur\/wp-content\/uploads\/sites\/75\/2023\/09\/BP-MEDITERRANNEE-800x351-1.png 800w, https:\/\/www.reseau-entreprendre.org\/cote-d-azur\/wp-content\/uploads\/sites\/75\/2023\/09\/BP-MEDITERRANNEE-800x351-1-300x132.png 300w, https:\/\/www.reseau-entreprendre.org\/cote-d-azur\/wp-content\/uploads\/sites\/75\/2023\/09\/BP-MEDITERRANNEE-800x351-1-768x337.png 768w, https:\/\/www.reseau-entreprendre.org\/cote-d-azur\/wp-content\/uploads\/sites\/75\/2023\/09\/BP-MEDITERRANNEE-800x351-1-210x92.png 210w\" sizes=\"auto, (max-width: 800px) 100vw, 800px\" \/><\/figure>\n<\/div><\/div>\n\n\n\n<div class=\"wp-block-column is-layout-flow wp-block-column-is-layout-flow\">\n<figure class=\"wp-block-image size-full is-resized\"><img loading=\"lazy\" decoding=\"async\" width=\"400\" height=\"225\" src=\"https:\/\/www.reseau-entreprendre.org\/cote-d-azur\/wp-content\/uploads\/sites\/75\/2025\/03\/sg-400x225-1.jpg\" alt=\"\" class=\"wp-image-5974\" style=\"width:152px;height:152px\" srcset=\"https:\/\/www.reseau-entreprendre.org\/cote-d-azur\/wp-content\/uploads\/sites\/75\/2025\/03\/sg-400x225-1.jpg 400w, https:\/\/www.reseau-entreprendre.org\/cote-d-azur\/wp-content\/uploads\/sites\/75\/2025\/03\/sg-400x225-1-300x169.jpg 300w, https:\/\/www.reseau-entreprendre.org\/cote-d-azur\/wp-content\/uploads\/sites\/75\/2025\/03\/sg-400x225-1-210x118.jpg 210w, https:\/\/www.reseau-entreprendre.org\/cote-d-azur\/wp-content\/uploads\/sites\/75\/2025\/03\/sg-400x225-1-100x56.jpg 100w\" sizes=\"auto, (max-width: 400px) 100vw, 400px\" \/><\/figure>\n<\/div>\n\n\n\n<div class=\"wp-block-column is-layout-flow wp-block-column-is-layout-flow\"><div class=\"wp-block-image\">\n<figure class=\"aligncenter size-large\"><img loading=\"lazy\" decoding=\"async\" width=\"1024\" height=\"280\" src=\"https:\/\/www.reseau-entreprendre.org\/cote-d-azur\/wp-content\/uploads\/sites\/75\/2023\/09\/Bpifrance_VP_SC_FB_RVB-1-1024x280.png\" alt=\"\" class=\"wp-image-5018\" srcset=\"https:\/\/www.reseau-entreprendre.org\/cote-d-azur\/wp-content\/uploads\/sites\/75\/2023\/09\/Bpifrance_VP_SC_FB_RVB-1-1024x280.png 1024w, https:\/\/www.reseau-entreprendre.org\/cote-d-azur\/wp-content\/uploads\/sites\/75\/2023\/09\/Bpifrance_VP_SC_FB_RVB-1-300x82.png 300w, https:\/\/www.reseau-entreprendre.org\/cote-d-azur\/wp-content\/uploads\/sites\/75\/2023\/09\/Bpifrance_VP_SC_FB_RVB-1-768x210.png 768w, https:\/\/www.reseau-entreprendre.org\/cote-d-azur\/wp-content\/uploads\/sites\/75\/2023\/09\/Bpifrance_VP_SC_FB_RVB-1-1536x420.png 1536w, https:\/\/www.reseau-entreprendre.org\/cote-d-azur\/wp-content\/uploads\/sites\/75\/2023\/09\/Bpifrance_VP_SC_FB_RVB-1-2048x561.png 2048w, https:\/\/www.reseau-entreprendre.org\/cote-d-azur\/wp-content\/uploads\/sites\/75\/2023\/09\/Bpifrance_VP_SC_FB_RVB-1-210x57.png 210w\" sizes=\"auto, (max-width: 1024px) 100vw, 1024px\" \/><\/figure>\n<\/div><\/div>\n\n\n\n<div class=\"wp-block-column is-layout-flow wp-block-column-is-layout-flow\"><\/div>\n<\/div>\n\n\n\n<div class=\"wp-block-columns is-layout-flex wp-container-core-columns-is-layout-9d6595d7 wp-block-columns-is-layout-flex\">\n<div class=\"wp-block-column is-layout-flow wp-block-column-is-layout-flow\"><\/div>\n\n\n\n<div class=\"wp-block-column is-layout-flow wp-block-column-is-layout-flow\"><\/div>\n\n\n\n<div class=\"wp-block-column is-layout-flow wp-block-column-is-layout-flow\"><\/div>\n\n\n\n<div class=\"wp-block-column is-layout-flow wp-block-column-is-layout-flow\"><\/div>\n<\/div>\n\n\n\n<div style=\"height:30px\" aria-hidden=\"true\" class=\"wp-block-spacer\"><\/div>\n\n\n\n<p><\/p>\n\n\n\n<p><\/p>\n\n\n\n<h2 class=\"wp-block-heading has-text-align-center\"><\/h2>\n\n\n\n<div style=\"height:30px\" aria-hidden=\"true\" class=\"wp-block-spacer\"><\/div>\n\n\n\n<div class=\"wp-block-columns is-layout-flex wp-container-core-columns-is-layout-9d6595d7 wp-block-columns-is-layout-flex\">\n<div class=\"wp-block-column is-layout-flow wp-block-column-is-layout-flow\">\n<div class=\"wp-block-columns is-layout-flex wp-container-core-columns-is-layout-9d6595d7 wp-block-columns-is-layout-flex\">\n<div class=\"wp-block-column is-layout-flow wp-block-column-is-layout-flow\"><\/div>\n\n\n\n<div class=\"wp-block-column is-layout-flow wp-block-column-is-layout-flow\"><\/div>\n<\/div>\n<\/div>\n<\/div>\n\n\n\n<p>&nbsp;<\/p>\n","protected":false},"excerpt":{"rendered":"<p>Merci \u00e0 nos partenaires pour leur soutien ! R\u00e9seau Entreprendre<\/p>\n","protected":false},"author":13,"featured_media":0,"parent":0,"menu_order":0,"comment_status":"closed","ping_status":"closed","template":"","meta":{"_acf_changed":false,"_monsterinsights_skip_tracking":false,"_monsterinsights_sitenote_active":false,"_monsterinsights_sitenote_note":"","_monsterinsights_sitenote_category":0,"footnotes":""},"class_list":["post-211","page","type-page","status-publish","hentry"],"acf":[],"yoast_head":"<!-- This site is optimized with the Yoast SEO plugin v27.4 - https:\/\/yoast.com\/product\/yoast-seo-wordpress\/ -->\n<title>Ils nous soutiennent - R\u00e9seau Entreprendre C\u00f4te d&#039;Azur<\/title>\n<meta name=\"robots\" content=\"index, follow, max-snippet:-1, max-image-preview:large, max-video-preview:-1\" \/>\n<link rel=\"canonical\" href=\"https:\/\/www.reseau-entreprendre.org\/cote-d-azur\/ils-nous-soutiennent\/\" \/>\n<meta property=\"og:locale\" content=\"fr_FR\" \/>\n<meta property=\"og:type\" content=\"article\" \/>\n<meta property=\"og:title\" content=\"Ils nous soutiennent - R\u00e9seau Entreprendre C\u00f4te d&#039;Azur\" \/>\n<meta property=\"og:description\" content=\"Merci \u00e0 nos partenaires pour leur soutien ! R\u00e9seau Entreprendre\" \/>\n<meta property=\"og:url\" content=\"https:\/\/www.reseau-entreprendre.org\/cote-d-azur\/ils-nous-soutiennent\/\" \/>\n<meta property=\"og:site_name\" content=\"R\u00e9seau Entreprendre C\u00f4te d&#039;Azur\" \/>\n<meta property=\"article:modified_time\" content=\"2025-04-11T09:51:35+00:00\" \/>\n<meta property=\"og:image\" content=\"https:\/\/www.reseau-entreprendre.org\/cote-d-azur\/wp-content\/uploads\/sites\/75\/2023\/09\/logos-partenaires.jpg\" \/>\n\t<meta property=\"og:image:width\" content=\"591\" \/>\n\t<meta property=\"og:image:height\" content=\"591\" \/>\n\t<meta property=\"og:image:type\" content=\"image\/jpeg\" \/>\n<meta name=\"twitter:card\" content=\"summary_large_image\" \/>\n<meta name=\"twitter:label1\" content=\"Dur\u00e9e de lecture estim\u00e9e\" \/>\n\t<meta name=\"twitter:data1\" content=\"3 minutes\" \/>\n<script type=\"application\/ld+json\" class=\"yoast-schema-graph\">{\"@context\":\"https:\\\/\\\/schema.org\",\"@graph\":[{\"@type\":\"WebPage\",\"@id\":\"https:\\\/\\\/www.reseau-entreprendre.org\\\/cote-d-azur\\\/ils-nous-soutiennent\\\/\",\"url\":\"https:\\\/\\\/www.reseau-entreprendre.org\\\/cote-d-azur\\\/ils-nous-soutiennent\\\/\",\"name\":\"Ils nous soutiennent - R\u00e9seau Entreprendre C\u00f4te d&#039;Azur\",\"isPartOf\":{\"@id\":\"https:\\\/\\\/www.reseau-entreprendre.org\\\/cote-d-azur\\\/#website\"},\"primaryImageOfPage\":{\"@id\":\"https:\\\/\\\/www.reseau-entreprendre.org\\\/cote-d-azur\\\/ils-nous-soutiennent\\\/#primaryimage\"},\"image\":{\"@id\":\"https:\\\/\\\/www.reseau-entreprendre.org\\\/cote-d-azur\\\/ils-nous-soutiennent\\\/#primaryimage\"},\"thumbnailUrl\":\"https:\\\/\\\/www.reseau-entreprendre.org\\\/cote-d-azur\\\/wp-content\\\/uploads\\\/sites\\\/75\\\/2023\\\/09\\\/logos-partenaires.jpg\",\"datePublished\":\"2017-06-13T15:35:06+00:00\",\"dateModified\":\"2025-04-11T09:51:35+00:00\",\"breadcrumb\":{\"@id\":\"https:\\\/\\\/www.reseau-entreprendre.org\\\/cote-d-azur\\\/ils-nous-soutiennent\\\/#breadcrumb\"},\"inLanguage\":\"fr-FR\",\"potentialAction\":[{\"@type\":\"ReadAction\",\"target\":[\"https:\\\/\\\/www.reseau-entreprendre.org\\\/cote-d-azur\\\/ils-nous-soutiennent\\\/\"]}]},{\"@type\":\"ImageObject\",\"inLanguage\":\"fr-FR\",\"@id\":\"https:\\\/\\\/www.reseau-entreprendre.org\\\/cote-d-azur\\\/ils-nous-soutiennent\\\/#primaryimage\",\"url\":\"https:\\\/\\\/www.reseau-entreprendre.org\\\/cote-d-azur\\\/wp-content\\\/uploads\\\/sites\\\/75\\\/2023\\\/09\\\/logos-partenaires.jpg\",\"contentUrl\":\"https:\\\/\\\/www.reseau-entreprendre.org\\\/cote-d-azur\\\/wp-content\\\/uploads\\\/sites\\\/75\\\/2023\\\/09\\\/logos-partenaires.jpg\",\"width\":591,\"height\":591},{\"@type\":\"BreadcrumbList\",\"@id\":\"https:\\\/\\\/www.reseau-entreprendre.org\\\/cote-d-azur\\\/ils-nous-soutiennent\\\/#breadcrumb\",\"itemListElement\":[{\"@type\":\"ListItem\",\"position\":1,\"name\":\"Accueil\",\"item\":\"https:\\\/\\\/www.reseau-entreprendre.org\\\/cote-d-azur\\\/\"},{\"@type\":\"ListItem\",\"position\":2,\"name\":\"Ils nous soutiennent\"}]},{\"@type\":\"WebSite\",\"@id\":\"https:\\\/\\\/www.reseau-entreprendre.org\\\/cote-d-azur\\\/#website\",\"url\":\"https:\\\/\\\/www.reseau-entreprendre.org\\\/cote-d-azur\\\/\",\"name\":\"R\u00e9seau Entreprendre C\u00f4te d&#039;Azur\",\"description\":\"Les sites de R\u00e9seau Entreprendre\",\"potentialAction\":[{\"@type\":\"SearchAction\",\"target\":{\"@type\":\"EntryPoint\",\"urlTemplate\":\"https:\\\/\\\/www.reseau-entreprendre.org\\\/cote-d-azur\\\/?s={search_term_string}\"},\"query-input\":{\"@type\":\"PropertyValueSpecification\",\"valueRequired\":true,\"valueName\":\"search_term_string\"}}],\"inLanguage\":\"fr-FR\"}]}<\/script>\n<!-- \/ Yoast SEO plugin. -->","yoast_head_json":{"title":"Ils nous soutiennent - R\u00e9seau Entreprendre C\u00f4te d&#039;Azur","robots":{"index":"index","follow":"follow","max-snippet":"max-snippet:-1","max-image-preview":"max-image-preview:large","max-video-preview":"max-video-preview:-1"},"canonical":"https:\/\/www.reseau-entreprendre.org\/cote-d-azur\/ils-nous-soutiennent\/","og_locale":"fr_FR","og_type":"article","og_title":"Ils nous soutiennent - R\u00e9seau Entreprendre C\u00f4te d&#039;Azur","og_description":"Merci \u00e0 nos partenaires pour leur soutien ! R\u00e9seau Entreprendre","og_url":"https:\/\/www.reseau-entreprendre.org\/cote-d-azur\/ils-nous-soutiennent\/","og_site_name":"R\u00e9seau Entreprendre C\u00f4te d&#039;Azur","article_modified_time":"2025-04-11T09:51:35+00:00","og_image":[{"width":591,"height":591,"url":"https:\/\/www.reseau-entreprendre.org\/cote-d-azur\/wp-content\/uploads\/sites\/75\/2023\/09\/logos-partenaires.jpg","type":"image\/jpeg"}],"twitter_card":"summary_large_image","twitter_misc":{"Dur\u00e9e de lecture estim\u00e9e":"3 minutes"},"schema":{"@context":"https:\/\/schema.org","@graph":[{"@type":"WebPage","@id":"https:\/\/www.reseau-entreprendre.org\/cote-d-azur\/ils-nous-soutiennent\/","url":"https:\/\/www.reseau-entreprendre.org\/cote-d-azur\/ils-nous-soutiennent\/","name":"Ils nous soutiennent - R\u00e9seau Entreprendre C\u00f4te d&#039;Azur","isPartOf":{"@id":"https:\/\/www.reseau-entreprendre.org\/cote-d-azur\/#website"},"primaryImageOfPage":{"@id":"https:\/\/www.reseau-entreprendre.org\/cote-d-azur\/ils-nous-soutiennent\/#primaryimage"},"image":{"@id":"https:\/\/www.reseau-entreprendre.org\/cote-d-azur\/ils-nous-soutiennent\/#primaryimage"},"thumbnailUrl":"https:\/\/www.reseau-entreprendre.org\/cote-d-azur\/wp-content\/uploads\/sites\/75\/2023\/09\/logos-partenaires.jpg","datePublished":"2017-06-13T15:35:06+00:00","dateModified":"2025-04-11T09:51:35+00:00","breadcrumb":{"@id":"https:\/\/www.reseau-entreprendre.org\/cote-d-azur\/ils-nous-soutiennent\/#breadcrumb"},"inLanguage":"fr-FR","potentialAction":[{"@type":"ReadAction","target":["https:\/\/www.reseau-entreprendre.org\/cote-d-azur\/ils-nous-soutiennent\/"]}]},{"@type":"ImageObject","inLanguage":"fr-FR","@id":"https:\/\/www.reseau-entreprendre.org\/cote-d-azur\/ils-nous-soutiennent\/#primaryimage","url":"https:\/\/www.reseau-entreprendre.org\/cote-d-azur\/wp-content\/uploads\/sites\/75\/2023\/09\/logos-partenaires.jpg","contentUrl":"https:\/\/www.reseau-entreprendre.org\/cote-d-azur\/wp-content\/uploads\/sites\/75\/2023\/09\/logos-partenaires.jpg","width":591,"height":591},{"@type":"BreadcrumbList","@id":"https:\/\/www.reseau-entreprendre.org\/cote-d-azur\/ils-nous-soutiennent\/#breadcrumb","itemListElement":[{"@type":"ListItem","position":1,"name":"Accueil","item":"https:\/\/www.reseau-entreprendre.org\/cote-d-azur\/"},{"@type":"ListItem","position":2,"name":"Ils nous soutiennent"}]},{"@type":"WebSite","@id":"https:\/\/www.reseau-entreprendre.org\/cote-d-azur\/#website","url":"https:\/\/www.reseau-entreprendre.org\/cote-d-azur\/","name":"R\u00e9seau Entreprendre C\u00f4te d&#039;Azur","description":"Les sites de R\u00e9seau Entreprendre","potentialAction":[{"@type":"SearchAction","target":{"@type":"EntryPoint","urlTemplate":"https:\/\/www.reseau-entreprendre.org\/cote-d-azur\/?s={search_term_string}"},"query-input":{"@type":"PropertyValueSpecification","valueRequired":true,"valueName":"search_term_string"}}],"inLanguage":"fr-FR"}]}},"_links":{"self":[{"href":"https:\/\/www.reseau-entreprendre.org\/cote-d-azur\/wp-json\/wp\/v2\/pages\/211","targetHints":{"allow":["GET"]}}],"collection":[{"href":"https:\/\/www.reseau-entreprendre.org\/cote-d-azur\/wp-json\/wp\/v2\/pages"}],"about":[{"href":"https:\/\/www.reseau-entreprendre.org\/cote-d-azur\/wp-json\/wp\/v2\/types\/page"}],"author":[{"embeddable":true,"href":"https:\/\/www.reseau-entreprendre.org\/cote-d-azur\/wp-json\/wp\/v2\/users\/13"}],"replies":[{"embeddable":true,"href":"https:\/\/www.reseau-entreprendre.org\/cote-d-azur\/wp-json\/wp\/v2\/comments?post=211"}],"version-history":[{"count":0,"href":"https:\/\/www.reseau-entreprendre.org\/cote-d-azur\/wp-json\/wp\/v2\/pages\/211\/revisions"}],"wp:attachment":[{"href":"https:\/\/www.reseau-entreprendre.org\/cote-d-azur\/wp-json\/wp\/v2\/media?parent=211"}],"curies":[{"name":"wp","href":"https:\/\/api.w.org\/{rel}","templated":true}]}}