{"id":13,"date":"2017-04-28T12:33:34","date_gmt":"2017-04-28T10:33:34","guid":{"rendered":"http:\/\/re-preprod-entreprendre.fr\/cote-d-opale\/?page_id=13"},"modified":"2025-12-09T12:24:05","modified_gmt":"2025-12-09T11:24:05","slug":"entreprendre","status":"publish","type":"page","link":"https:\/\/www.reseau-entreprendre.org\/cote-d-opale\/entreprendre\/","title":{"rendered":"Entreprendre"},"content":{"rendered":"\n<p>Vous avez un projet de cr\u00e9ation, de reprise ou de d\u00e9veloppement d\u2019une entreprise&nbsp;?<\/p>\n\n\n\n<p>R\u00e9seau Entreprendre C\u00f4te d\u2019Opale peut vous aider.<strong> Notre mission est de contribuer \u00e0 votre r\u00e9ussite <\/strong>en vous proposant&nbsp;:<\/p>\n\n\n\n<ul class=\"wp-block-list\">\n<li>un accompagnement gratuit et personnalis\u00e9 pendant 2 ans par des chefs d\u2019entreprises en activit\u00e9,<\/li>\n\n\n\n<li>un financement adapt\u00e9 \u00e0 votre projet.<\/li>\n<\/ul>\n\n\n\n<p><strong>Les crit\u00e8res d\u2019\u00e9ligibilit\u00e9 pour \u00eatre accompagn\u00e9&nbsp;:<\/strong><\/p>\n\n\n\n<ul class=\"wp-block-list\">\n<li>Cr\u00e9ation\u00a0: votre projet doit g\u00e9n\u00e9rer au moins 5 emplois \u00e0 3 ans. Le besoin en financement correspond \u00e0 celui d\u2019une future PME (minimum 70 KE).<\/li>\n\n\n\n<li>Reprise\u00a0: les emplois sont maintenus, vous donnez une nouvelle impulsion \u00e0 l\u2019entreprise acquise<\/li>\n\n\n\n<li>Vous \u00eates majoritaire au capital de la soci\u00e9t\u00e9.<\/li>\n\n\n\n<li>La gestion de l\u2019entreprise constitue votre activit\u00e9 principale.<\/li>\n<\/ul>\n\n\n\n<p>Vous r\u00e9pondez \u00e0 ces crit\u00e8res\u00a0? <a href=\"https:\/\/www.reseau-entreprendre.org\/cote-d-opale\/deposer-une-demande\/\"><u>Contactez-nous<\/u>\u00a0!<\/a><\/p>\n\n\n\n<p><strong>Le parcours du laur\u00e9at R\u00e9seau Entreprendre C\u00f4te d\u2019Opale&nbsp;:<\/strong><\/p>\n\n\n\n<p><strong>Etape&nbsp;1 <\/strong>: pr\u00e9 \u00e9tude de votre projet par R\u00e9seau Entreprendre<\/p>\n\n\n\n<p><strong>Etape&nbsp;2 : <\/strong>rencontre avec des chefs d\u2019entreprise exp\u00e9riment\u00e9s pour structurer votre projet<\/p>\n\n\n\n<p><strong>Etape 3&nbsp;: <\/strong>pr\u00e9sentation de votre projet au comit\u00e9 d\u2019engagement<\/p>\n\n\n\n<p><strong>Etape 4<\/strong>&nbsp;: apr\u00e8s validation du comit\u00e9 d\u2019engagement,<\/p>\n\n\n\n<ul class=\"wp-block-list\">\n<li>Lancement des accompagnements\u00a0:<\/li>\n<\/ul>\n\n\n\n<p>&#8211; individuel<\/p>\n\n\n\n<p>&#8211; collectif<\/p>\n\n\n\n<ul class=\"wp-block-list\">\n<li>Octroi du pr\u00eat d\u2019honneur<\/li>\n\n\n\n<li>Int\u00e9gration dans le r\u00e9seau<\/li>\n<\/ul>\n\n\n\n<p><strong>Les \u00e9tapes de validation de votre projet<\/strong><\/p>\n\n\n\n<p>Vous avez un projet d\u2019entreprise, vous \u00eates pr\u00eat \u00e0 vous lancer&nbsp;? Contactez-nous&nbsp;!<\/p>\n\n\n\n<p>03 21 99 67 29 &#8211; <a href=\"mailto:opale@reseau-entreprendre.org\">opale@reseau-entreprendre.org<\/a><\/p>\n","protected":false},"excerpt":{"rendered":"<p>Vous avez un projet de cr\u00e9ation, de reprise ou de<\/p>\n","protected":false},"author":1,"featured_media":0,"parent":0,"menu_order":0,"comment_status":"closed","ping_status":"closed","template":"","meta":{"_acf_changed":false,"_monsterinsights_skip_tracking":false,"_monsterinsights_sitenote_active":false,"_monsterinsights_sitenote_note":"","_monsterinsights_sitenote_category":0,"footnotes":""},"class_list":["post-13","page","type-page","status-publish","hentry"],"acf":[],"yoast_head":"<!-- This site is optimized with the Yoast SEO plugin v27.4 - https:\/\/yoast.com\/product\/yoast-seo-wordpress\/ -->\n<title>Entreprendre | Reseau Entreprendre C\u00f4te d&#039;Opale<\/title>\n<meta name=\"description\" content=\"Vous avez un projet de cr\u00e9ation d&#039;entreprise ? R\u00e9seau Entreprendre C\u00f4te d&#039;Opale vous accompagne gratuitement et dans la dur\u00e9e\" \/>\n<meta name=\"robots\" content=\"index, follow, max-snippet:-1, max-image-preview:large, max-video-preview:-1\" \/>\n<link rel=\"canonical\" href=\"https:\/\/www.reseau-entreprendre.org\/cote-d-opale\/entreprendre\/\" \/>\n<meta property=\"og:locale\" content=\"fr_FR\" \/>\n<meta property=\"og:type\" content=\"article\" \/>\n<meta property=\"og:title\" content=\"Entreprendre | Reseau Entreprendre C\u00f4te d&#039;Opale\" \/>\n<meta property=\"og:description\" content=\"Vous avez un projet de cr\u00e9ation d&#039;entreprise ? R\u00e9seau Entreprendre C\u00f4te d&#039;Opale vous accompagne gratuitement et dans la dur\u00e9e\" \/>\n<meta property=\"og:url\" content=\"https:\/\/www.reseau-entreprendre.org\/cote-d-opale\/entreprendre\/\" \/>\n<meta property=\"og:site_name\" content=\"R\u00e9seau Entreprendre C\u00f4te d&#039;Opale\" \/>\n<meta property=\"article:modified_time\" content=\"2025-12-09T11:24:05+00:00\" \/>\n<meta name=\"twitter:card\" content=\"summary_large_image\" \/>\n<meta name=\"twitter:label1\" content=\"Dur\u00e9e de lecture estim\u00e9e\" \/>\n\t<meta name=\"twitter:data1\" content=\"2 minutes\" \/>\n<script type=\"application\/ld+json\" class=\"yoast-schema-graph\">{\"@context\":\"https:\\\/\\\/schema.org\",\"@graph\":[{\"@type\":\"WebPage\",\"@id\":\"https:\\\/\\\/www.reseau-entreprendre.org\\\/cote-d-opale\\\/entreprendre\\\/\",\"url\":\"https:\\\/\\\/www.reseau-entreprendre.org\\\/cote-d-opale\\\/entreprendre\\\/\",\"name\":\"Entreprendre | Reseau Entreprendre C\u00f4te d'Opale\",\"isPartOf\":{\"@id\":\"https:\\\/\\\/www.reseau-entreprendre.org\\\/cote-d-opale\\\/#website\"},\"datePublished\":\"2017-04-28T10:33:34+00:00\",\"dateModified\":\"2025-12-09T11:24:05+00:00\",\"description\":\"Vous avez un projet de cr\u00e9ation d'entreprise ? R\u00e9seau Entreprendre C\u00f4te d'Opale vous accompagne gratuitement et dans la dur\u00e9e\",\"breadcrumb\":{\"@id\":\"https:\\\/\\\/www.reseau-entreprendre.org\\\/cote-d-opale\\\/entreprendre\\\/#breadcrumb\"},\"inLanguage\":\"fr-FR\",\"potentialAction\":[{\"@type\":\"ReadAction\",\"target\":[\"https:\\\/\\\/www.reseau-entreprendre.org\\\/cote-d-opale\\\/entreprendre\\\/\"]}]},{\"@type\":\"BreadcrumbList\",\"@id\":\"https:\\\/\\\/www.reseau-entreprendre.org\\\/cote-d-opale\\\/entreprendre\\\/#breadcrumb\",\"itemListElement\":[{\"@type\":\"ListItem\",\"position\":1,\"name\":\"Accueil\",\"item\":\"https:\\\/\\\/www.reseau-entreprendre.org\\\/cote-d-opale\\\/\"},{\"@type\":\"ListItem\",\"position\":2,\"name\":\"Entreprendre\"}]},{\"@type\":\"WebSite\",\"@id\":\"https:\\\/\\\/www.reseau-entreprendre.org\\\/cote-d-opale\\\/#website\",\"url\":\"https:\\\/\\\/www.reseau-entreprendre.org\\\/cote-d-opale\\\/\",\"name\":\"R\u00e9seau Entreprendre C\u00f4te d&#039;Opale\",\"description\":\"Un site utilisant Les sites de R\u00e9seau Entreprendre\",\"potentialAction\":[{\"@type\":\"SearchAction\",\"target\":{\"@type\":\"EntryPoint\",\"urlTemplate\":\"https:\\\/\\\/www.reseau-entreprendre.org\\\/cote-d-opale\\\/?s={search_term_string}\"},\"query-input\":{\"@type\":\"PropertyValueSpecification\",\"valueRequired\":true,\"valueName\":\"search_term_string\"}}],\"inLanguage\":\"fr-FR\"}]}<\/script>\n<!-- \/ Yoast SEO plugin. -->","yoast_head_json":{"title":"Entreprendre | Reseau Entreprendre C\u00f4te d'Opale","description":"Vous avez un projet de cr\u00e9ation d'entreprise ? R\u00e9seau Entreprendre C\u00f4te d'Opale vous accompagne gratuitement et dans la dur\u00e9e","robots":{"index":"index","follow":"follow","max-snippet":"max-snippet:-1","max-image-preview":"max-image-preview:large","max-video-preview":"max-video-preview:-1"},"canonical":"https:\/\/www.reseau-entreprendre.org\/cote-d-opale\/entreprendre\/","og_locale":"fr_FR","og_type":"article","og_title":"Entreprendre | Reseau Entreprendre C\u00f4te d'Opale","og_description":"Vous avez un projet de cr\u00e9ation d'entreprise ? R\u00e9seau Entreprendre C\u00f4te d'Opale vous accompagne gratuitement et dans la dur\u00e9e","og_url":"https:\/\/www.reseau-entreprendre.org\/cote-d-opale\/entreprendre\/","og_site_name":"R\u00e9seau Entreprendre C\u00f4te d&#039;Opale","article_modified_time":"2025-12-09T11:24:05+00:00","twitter_card":"summary_large_image","twitter_misc":{"Dur\u00e9e de lecture estim\u00e9e":"2 minutes"},"schema":{"@context":"https:\/\/schema.org","@graph":[{"@type":"WebPage","@id":"https:\/\/www.reseau-entreprendre.org\/cote-d-opale\/entreprendre\/","url":"https:\/\/www.reseau-entreprendre.org\/cote-d-opale\/entreprendre\/","name":"Entreprendre | Reseau Entreprendre C\u00f4te d'Opale","isPartOf":{"@id":"https:\/\/www.reseau-entreprendre.org\/cote-d-opale\/#website"},"datePublished":"2017-04-28T10:33:34+00:00","dateModified":"2025-12-09T11:24:05+00:00","description":"Vous avez un projet de cr\u00e9ation d'entreprise ? R\u00e9seau Entreprendre C\u00f4te d'Opale vous accompagne gratuitement et dans la dur\u00e9e","breadcrumb":{"@id":"https:\/\/www.reseau-entreprendre.org\/cote-d-opale\/entreprendre\/#breadcrumb"},"inLanguage":"fr-FR","potentialAction":[{"@type":"ReadAction","target":["https:\/\/www.reseau-entreprendre.org\/cote-d-opale\/entreprendre\/"]}]},{"@type":"BreadcrumbList","@id":"https:\/\/www.reseau-entreprendre.org\/cote-d-opale\/entreprendre\/#breadcrumb","itemListElement":[{"@type":"ListItem","position":1,"name":"Accueil","item":"https:\/\/www.reseau-entreprendre.org\/cote-d-opale\/"},{"@type":"ListItem","position":2,"name":"Entreprendre"}]},{"@type":"WebSite","@id":"https:\/\/www.reseau-entreprendre.org\/cote-d-opale\/#website","url":"https:\/\/www.reseau-entreprendre.org\/cote-d-opale\/","name":"R\u00e9seau Entreprendre C\u00f4te d&#039;Opale","description":"Un site utilisant Les sites de R\u00e9seau Entreprendre","potentialAction":[{"@type":"SearchAction","target":{"@type":"EntryPoint","urlTemplate":"https:\/\/www.reseau-entreprendre.org\/cote-d-opale\/?s={search_term_string}"},"query-input":{"@type":"PropertyValueSpecification","valueRequired":true,"valueName":"search_term_string"}}],"inLanguage":"fr-FR"}]}},"_links":{"self":[{"href":"https:\/\/www.reseau-entreprendre.org\/cote-d-opale\/wp-json\/wp\/v2\/pages\/13","targetHints":{"allow":["GET"]}}],"collection":[{"href":"https:\/\/www.reseau-entreprendre.org\/cote-d-opale\/wp-json\/wp\/v2\/pages"}],"about":[{"href":"https:\/\/www.reseau-entreprendre.org\/cote-d-opale\/wp-json\/wp\/v2\/types\/page"}],"author":[{"embeddable":true,"href":"https:\/\/www.reseau-entreprendre.org\/cote-d-opale\/wp-json\/wp\/v2\/users\/1"}],"replies":[{"embeddable":true,"href":"https:\/\/www.reseau-entreprendre.org\/cote-d-opale\/wp-json\/wp\/v2\/comments?post=13"}],"version-history":[{"count":0,"href":"https:\/\/www.reseau-entreprendre.org\/cote-d-opale\/wp-json\/wp\/v2\/pages\/13\/revisions"}],"wp:attachment":[{"href":"https:\/\/www.reseau-entreprendre.org\/cote-d-opale\/wp-json\/wp\/v2\/media?parent=13"}],"curies":[{"name":"wp","href":"https:\/\/api.w.org\/{rel}","templated":true}]}}