{"id":17,"date":"2017-04-28T12:34:01","date_gmt":"2017-04-28T10:34:01","guid":{"rendered":"http:\/\/re-preprod-entreprendre.fr\/cote-d-opale\/?page_id=17"},"modified":"2021-10-15T14:01:34","modified_gmt":"2021-10-15T12:01:34","slug":"soutenir","status":"publish","type":"page","link":"https:\/\/www.reseau-entreprendre.org\/cote-d-opale\/soutenir\/","title":{"rendered":"Soutenir"},"content":{"rendered":"\n<p>Pour assurer sa mission, R\u00e9seau Entreprendre C\u00f4te d\u2019Opale a besoin de partenaires financiers.<\/p>\n\n\n\n<p>Association ind\u00e9pendante de chefs d\u2019entreprises, son budget est majoritairement couvert par les cotisations de ses membres. Leur soutien est donc essentiel&nbsp;!<\/p>\n\n\n\n<p><strong>Vous \u00eates une entreprise ou une institution&nbsp;: soutenez nos actions en devenant partenaire de R\u00e9seau Entreprendre C\u00f4te d\u2019Opale&nbsp;!<\/strong><\/p>\n\n\n\n<p>Votre participation peut prendre plusieurs formes :<\/p>\n\n\n\n<ul class=\"wp-block-list\"><li><strong>Soutien financier<\/strong> en devenant adh\u00e9rent \/ donateur :<\/li><\/ul>\n\n\n\n<p>R\u00e9seau Entreprendre C\u00f4te d\u2019Opale est une association reconnue d\u2019utilit\u00e9 publique. Pour les entreprises, les versements ouvrent droit \u00e0 une <strong>r\u00e9duction de 60% de leur montant<\/strong>.<\/p>\n\n\n\n<p>Les particuliers peuvent \u00e9galement pr\u00e9tendre \u00e0 une r\u00e9duction d\u2019imp\u00f4t sur le revenu \u00e9gale \u00e0 66% des sommes vers\u00e9es dans le cadre de dons.<\/p>\n\n\n\n<ul class=\"wp-block-list\"><li><strong>Sponsoring <\/strong>de nos actions de communication et de nos \u00e9v\u00e8nements.<\/li><li><strong>Mise \u00e0 disposition de moyens<\/strong> : toute aide de la part de nos partenaires est pr\u00e9cieuse et la bienvenue&nbsp;!<\/li><\/ul>\n\n\n\n<p>Pr\u00eats \u00e0 nous soutenir&nbsp;? <a href=\"https:\/\/www.reseau-entreprendre.org\/cote-d-opale\/contact\/\"><u>Contactez-nous<\/u>&nbsp;!<\/a><\/p>\n","protected":false},"excerpt":{"rendered":"<p>Pour assurer sa mission, R\u00e9seau Entreprendre C\u00f4te d\u2019Opale a besoin<\/p>\n","protected":false},"author":1,"featured_media":0,"parent":0,"menu_order":0,"comment_status":"closed","ping_status":"closed","template":"","meta":{"_acf_changed":false,"_monsterinsights_skip_tracking":false,"_monsterinsights_sitenote_active":false,"_monsterinsights_sitenote_note":"","_monsterinsights_sitenote_category":0,"footnotes":""},"class_list":["post-17","page","type-page","status-publish","hentry"],"acf":[],"yoast_head":"<!-- This site is optimized with the Yoast SEO plugin v27.4 - https:\/\/yoast.com\/product\/yoast-seo-wordpress\/ -->\n<title>Soutenir | Reseau Entreprendre C\u00f4te d&#039;Opale<\/title>\n<meta name=\"description\" content=\"Partenaire, vous souhaitez soutenir un r\u00e9seau 100% chefs d&#039;entreprise ? Rejoignez R\u00e9seau Entreprendre C\u00f4te d&#039;Opale\" \/>\n<meta name=\"robots\" content=\"index, follow, max-snippet:-1, max-image-preview:large, max-video-preview:-1\" \/>\n<link rel=\"canonical\" href=\"https:\/\/www.reseau-entreprendre.org\/cote-d-opale\/soutenir\/\" \/>\n<meta property=\"og:locale\" content=\"fr_FR\" \/>\n<meta property=\"og:type\" content=\"article\" \/>\n<meta property=\"og:title\" content=\"Soutenir | Reseau Entreprendre C\u00f4te d&#039;Opale\" \/>\n<meta property=\"og:description\" content=\"Partenaire, vous souhaitez soutenir un r\u00e9seau 100% chefs d&#039;entreprise ? Rejoignez R\u00e9seau Entreprendre C\u00f4te d&#039;Opale\" \/>\n<meta property=\"og:url\" content=\"https:\/\/www.reseau-entreprendre.org\/cote-d-opale\/soutenir\/\" \/>\n<meta property=\"og:site_name\" content=\"R\u00e9seau Entreprendre C\u00f4te d&#039;Opale\" \/>\n<meta property=\"article:modified_time\" content=\"2021-10-15T12:01:34+00:00\" \/>\n<meta name=\"twitter:card\" content=\"summary_large_image\" \/>\n<meta name=\"twitter:label1\" content=\"Dur\u00e9e de lecture estim\u00e9e\" \/>\n\t<meta name=\"twitter:data1\" content=\"1 minute\" \/>\n<script type=\"application\/ld+json\" class=\"yoast-schema-graph\">{\"@context\":\"https:\\\/\\\/schema.org\",\"@graph\":[{\"@type\":\"WebPage\",\"@id\":\"https:\\\/\\\/www.reseau-entreprendre.org\\\/cote-d-opale\\\/soutenir\\\/\",\"url\":\"https:\\\/\\\/www.reseau-entreprendre.org\\\/cote-d-opale\\\/soutenir\\\/\",\"name\":\"Soutenir | Reseau Entreprendre C\u00f4te d'Opale\",\"isPartOf\":{\"@id\":\"https:\\\/\\\/www.reseau-entreprendre.org\\\/cote-d-opale\\\/#website\"},\"datePublished\":\"2017-04-28T10:34:01+00:00\",\"dateModified\":\"2021-10-15T12:01:34+00:00\",\"description\":\"Partenaire, vous souhaitez soutenir un r\u00e9seau 100% chefs d'entreprise ? Rejoignez R\u00e9seau Entreprendre C\u00f4te d'Opale\",\"breadcrumb\":{\"@id\":\"https:\\\/\\\/www.reseau-entreprendre.org\\\/cote-d-opale\\\/soutenir\\\/#breadcrumb\"},\"inLanguage\":\"fr-FR\",\"potentialAction\":[{\"@type\":\"ReadAction\",\"target\":[\"https:\\\/\\\/www.reseau-entreprendre.org\\\/cote-d-opale\\\/soutenir\\\/\"]}]},{\"@type\":\"BreadcrumbList\",\"@id\":\"https:\\\/\\\/www.reseau-entreprendre.org\\\/cote-d-opale\\\/soutenir\\\/#breadcrumb\",\"itemListElement\":[{\"@type\":\"ListItem\",\"position\":1,\"name\":\"Accueil\",\"item\":\"https:\\\/\\\/www.reseau-entreprendre.org\\\/cote-d-opale\\\/\"},{\"@type\":\"ListItem\",\"position\":2,\"name\":\"Soutenir\"}]},{\"@type\":\"WebSite\",\"@id\":\"https:\\\/\\\/www.reseau-entreprendre.org\\\/cote-d-opale\\\/#website\",\"url\":\"https:\\\/\\\/www.reseau-entreprendre.org\\\/cote-d-opale\\\/\",\"name\":\"R\u00e9seau Entreprendre C\u00f4te d&#039;Opale\",\"description\":\"Un site utilisant Les sites de R\u00e9seau Entreprendre\",\"potentialAction\":[{\"@type\":\"SearchAction\",\"target\":{\"@type\":\"EntryPoint\",\"urlTemplate\":\"https:\\\/\\\/www.reseau-entreprendre.org\\\/cote-d-opale\\\/?s={search_term_string}\"},\"query-input\":{\"@type\":\"PropertyValueSpecification\",\"valueRequired\":true,\"valueName\":\"search_term_string\"}}],\"inLanguage\":\"fr-FR\"}]}<\/script>\n<!-- \/ Yoast SEO plugin. -->","yoast_head_json":{"title":"Soutenir | Reseau Entreprendre C\u00f4te d'Opale","description":"Partenaire, vous souhaitez soutenir un r\u00e9seau 100% chefs d'entreprise ? Rejoignez R\u00e9seau Entreprendre C\u00f4te d'Opale","robots":{"index":"index","follow":"follow","max-snippet":"max-snippet:-1","max-image-preview":"max-image-preview:large","max-video-preview":"max-video-preview:-1"},"canonical":"https:\/\/www.reseau-entreprendre.org\/cote-d-opale\/soutenir\/","og_locale":"fr_FR","og_type":"article","og_title":"Soutenir | Reseau Entreprendre C\u00f4te d'Opale","og_description":"Partenaire, vous souhaitez soutenir un r\u00e9seau 100% chefs d'entreprise ? Rejoignez R\u00e9seau Entreprendre C\u00f4te d'Opale","og_url":"https:\/\/www.reseau-entreprendre.org\/cote-d-opale\/soutenir\/","og_site_name":"R\u00e9seau Entreprendre C\u00f4te d&#039;Opale","article_modified_time":"2021-10-15T12:01:34+00:00","twitter_card":"summary_large_image","twitter_misc":{"Dur\u00e9e de lecture estim\u00e9e":"1 minute"},"schema":{"@context":"https:\/\/schema.org","@graph":[{"@type":"WebPage","@id":"https:\/\/www.reseau-entreprendre.org\/cote-d-opale\/soutenir\/","url":"https:\/\/www.reseau-entreprendre.org\/cote-d-opale\/soutenir\/","name":"Soutenir | Reseau Entreprendre C\u00f4te d'Opale","isPartOf":{"@id":"https:\/\/www.reseau-entreprendre.org\/cote-d-opale\/#website"},"datePublished":"2017-04-28T10:34:01+00:00","dateModified":"2021-10-15T12:01:34+00:00","description":"Partenaire, vous souhaitez soutenir un r\u00e9seau 100% chefs d'entreprise ? Rejoignez R\u00e9seau Entreprendre C\u00f4te d'Opale","breadcrumb":{"@id":"https:\/\/www.reseau-entreprendre.org\/cote-d-opale\/soutenir\/#breadcrumb"},"inLanguage":"fr-FR","potentialAction":[{"@type":"ReadAction","target":["https:\/\/www.reseau-entreprendre.org\/cote-d-opale\/soutenir\/"]}]},{"@type":"BreadcrumbList","@id":"https:\/\/www.reseau-entreprendre.org\/cote-d-opale\/soutenir\/#breadcrumb","itemListElement":[{"@type":"ListItem","position":1,"name":"Accueil","item":"https:\/\/www.reseau-entreprendre.org\/cote-d-opale\/"},{"@type":"ListItem","position":2,"name":"Soutenir"}]},{"@type":"WebSite","@id":"https:\/\/www.reseau-entreprendre.org\/cote-d-opale\/#website","url":"https:\/\/www.reseau-entreprendre.org\/cote-d-opale\/","name":"R\u00e9seau Entreprendre C\u00f4te d&#039;Opale","description":"Un site utilisant Les sites de R\u00e9seau Entreprendre","potentialAction":[{"@type":"SearchAction","target":{"@type":"EntryPoint","urlTemplate":"https:\/\/www.reseau-entreprendre.org\/cote-d-opale\/?s={search_term_string}"},"query-input":{"@type":"PropertyValueSpecification","valueRequired":true,"valueName":"search_term_string"}}],"inLanguage":"fr-FR"}]}},"_links":{"self":[{"href":"https:\/\/www.reseau-entreprendre.org\/cote-d-opale\/wp-json\/wp\/v2\/pages\/17","targetHints":{"allow":["GET"]}}],"collection":[{"href":"https:\/\/www.reseau-entreprendre.org\/cote-d-opale\/wp-json\/wp\/v2\/pages"}],"about":[{"href":"https:\/\/www.reseau-entreprendre.org\/cote-d-opale\/wp-json\/wp\/v2\/types\/page"}],"author":[{"embeddable":true,"href":"https:\/\/www.reseau-entreprendre.org\/cote-d-opale\/wp-json\/wp\/v2\/users\/1"}],"replies":[{"embeddable":true,"href":"https:\/\/www.reseau-entreprendre.org\/cote-d-opale\/wp-json\/wp\/v2\/comments?post=17"}],"version-history":[{"count":0,"href":"https:\/\/www.reseau-entreprendre.org\/cote-d-opale\/wp-json\/wp\/v2\/pages\/17\/revisions"}],"wp:attachment":[{"href":"https:\/\/www.reseau-entreprendre.org\/cote-d-opale\/wp-json\/wp\/v2\/media?parent=17"}],"curies":[{"name":"wp","href":"https:\/\/api.w.org\/{rel}","templated":true}]}}