{"id":11,"date":"2017-04-28T12:33:20","date_gmt":"2017-04-28T10:33:20","guid":{"rendered":"http:\/\/re-dev-entreprendre.fr\/dakar\/?page_id=11"},"modified":"2025-09-03T16:29:11","modified_gmt":"2025-09-03T14:29:11","slug":"accueil","status":"publish","type":"page","link":"https:\/\/www.reseau-entreprendre.org\/dakar\/","title":{"rendered":"Accueil"},"content":{"rendered":"\n<div class=\"wp-block-group alignwide pb-0 padded bg-light\"><div class=\"wp-block-group__inner-container is-layout-flow wp-block-group-is-layout-flow\">\n<div class=\"wp-block-columns mb-5 is-layout-flex wp-container-core-columns-is-layout-9d6595d7 wp-block-columns-is-layout-flex\">\n<div class=\"wp-block-column is-layout-flow wp-block-column-is-layout-flow\" style=\"flex-basis:43%\">\n<figure class=\"wp-block-image size-full lifted-bottom\"><img loading=\"lazy\" decoding=\"async\" width=\"1000\" height=\"750\" src=\"https:\/\/www.reseau-entreprendre.org\/dakar\/wp-content\/uploads\/sites\/60\/2023\/03\/WhatsApp-Image-2022-10-15-at-10.39.35.jpeg\" alt=\"\" class=\"wp-image-993\" srcset=\"https:\/\/www.reseau-entreprendre.org\/dakar\/wp-content\/uploads\/sites\/60\/2023\/03\/WhatsApp-Image-2022-10-15-at-10.39.35.jpeg 1000w, https:\/\/www.reseau-entreprendre.org\/dakar\/wp-content\/uploads\/sites\/60\/2023\/03\/WhatsApp-Image-2022-10-15-at-10.39.35-300x225.jpeg 300w, https:\/\/www.reseau-entreprendre.org\/dakar\/wp-content\/uploads\/sites\/60\/2023\/03\/WhatsApp-Image-2022-10-15-at-10.39.35-768x576.jpeg 768w, https:\/\/www.reseau-entreprendre.org\/dakar\/wp-content\/uploads\/sites\/60\/2023\/03\/WhatsApp-Image-2022-10-15-at-10.39.35-173x130.jpeg 173w\" sizes=\"auto, (max-width: 1000px) 100vw, 1000px\" \/><\/figure>\n<\/div>\n\n\n\n<div class=\"wp-block-column is-vertically-aligned-center is-layout-flow wp-block-column-is-layout-flow\">\n<h2 class=\"wp-block-heading\">RENCONTREZ DES CHEFS D&#8217;ENTREPRISE POUR BOOSTER VOTRE PROJET<\/h2>\n\n\n\n<div style=\"height:19px\" aria-hidden=\"true\" class=\"wp-block-spacer\"><\/div>\n\n\n\n<div class=\"wp-block-buttons is-layout-flex wp-block-buttons-is-layout-flex\">\n<div class=\"wp-block-button is-style-fill\"><a class=\"wp-block-button__link has-re-red-background-color has-text-color has-background wp-element-button\" href=\"https:\/\/www.reseau-entreprendre.org\/dakar\/contact\/\" style=\"color:#ffffff\">Contactez-nous !<\/a><\/div>\n<\/div>\n<\/div>\n<\/div>\n<\/div><\/div>\n\n\n\n<hr class=\"wp-block-separator has-css-opacity\"\/>\n\n\n\n<h1 class=\"wp-block-heading\"><strong>Devenir laur\u00e9at R\u00e9seau Entreprendre Dakar <\/strong><\/h1>\n\n\n\n<p>Vous souhaitez d\u00e9velopper votre activit\u00e9 gr\u00e2ce \u00e0 des projets structurants pour votre entreprise ? Vous partez \u00e0 la conqu\u00eate de nouveaux march\u00e9s ? Vous avez d\u00e9tect\u00e9 des opportunit\u00e9s de d\u00e9veloppement importants pour votre entreprise ?<\/p>\n\n\n\n<p>R\u00e9seau Entreprendre Dakar vous propose le parcours&nbsp;<strong>Start<\/strong> et <strong>Booster<\/strong>.<\/p>\n\n\n\n<p>Le parcours Start permet au n\u00e9o-entrepreneurs qui portent un projet de cr\u00e9ation ou de reprise d&#8217;entreprise  de se r\u00e9v\u00e9ler, d&#8217;amplifier et de consolider leurs talents de chefs d&#8217;entreprise de laur\u00e9ats<\/p>\n\n\n\n<p>Le parcours Booster vous permet de d\u00e9velopper votre activit\u00e9, entour\u00e9 et conseill\u00e9 par des chefs d\u2019entreprise b\u00e9n\u00e9voles exp\u00e9riment\u00e9s.<\/p>\n\n\n\n<p>R\u00e9seau Entreprendre Dakar offre un accompagnement complet, gratuit et dans la dur\u00e9e pour \u00eatre \u00e0 vos c\u00f4t\u00e9s dans les phases de forte croissance et de d\u00e9veloppement important de votre activit\u00e9.<\/p>\n\n\n\n<p>A cet effet, vous pouvez postuler \u00e0 nos diff\u00e9rents  programmes en cliquant sur ce lien <a href=\"https:\/\/docs.google.com\/forms\/d\/e\/1FAIpQLScoWeg0VzbmLNpnlzs-tGhnifrNiwQ2HczKCIzZADliTPpYaw\/viewform\" target=\"_blank\" rel=\"noreferrer noopener\"><strong>Devenir Laur\u00e9at RED<\/strong><\/a> tous les entrepreneurs et porteurs de projets ayant un souhait d\u2019accompagnement dans le d\u00e9veloppement de leurs entreprises.<\/p>\n\n\n\n<p>Pour participer, remplissez le&nbsp;de candidature en ligne.<\/p>\n\n\n\n<p>Pour plus d\u2019informations, vous pouvez nous contacter par mail :&nbsp;<a href=\"mailto:avcoulibaly@reseau-entreprendre.org\"><\/a><a href=\"mailto:dakar@reseau-entreprendre.org\"><strong>dakar@reseau-entreprendre.org<\/strong><\/a><\/p>\n\n\n\n<h2 class=\"wp-block-heading\"><strong>Devenir membre R\u00e9seau Entreprendre Dakar <\/strong><\/h2>\n\n\n\n<p>Devenir membre R\u00e9seau Entreprendre<strong><sup>\u00ae<\/sup><\/strong> Dakar, c\u2019est participer \u00e0 la cr\u00e9ation de nouveaux emplois localement, sur son territoire et renforcer l\u2019\u00e9mergence d\u2019un \u00e9cosyst\u00e8me local solide et efficace.<\/p>\n\n\n\n<p>R\u00e9seau Entreprendre Dakar c&#8217;est plus de 50 chefs d\u2019entreprises membre qui <a href=\"https:\/\/www.reseau-entreprendre.org\/fr\/qui-sommes-nous\/\">&nbsp;<\/a>participent chaque ann\u00e9e \u00e0 la cr\u00e9ation de nouvelles entreprises.<\/p>\n\n\n\n<p>Rejoignez nous pour accompagner la r\u00e9ussite de nouveaux chefs d\u2019entreprise, soutenir vos pairs et contribuer \u00e0 la cr\u00e9ation d\u2019emplois sur votre territoire. <\/p>\n\n\n\n<p>Vous voulez vous engager pour faire r\u00e9ussir de nouveaux entrepreneurs ? rejoignez nous en cliquant sur ce lien<strong> <\/strong><a href=\"https:\/\/docs.google.com\/forms\/d\/e\/1FAIpQLSdSYLR3_mr1JnTC0YwSj6JyvjAEgA-Tr0KkbG8j9YT7nK3quw\/viewform\"><strong>Devenir membre RED<\/strong><\/a><\/p>\n\n\n\n<p><\/p>\n\n\n\n<div class=\"wp-block-group\"><div class=\"wp-block-group__inner-container is-layout-flow wp-block-group-is-layout-flow\">\n<figure class=\"wp-block-image size-large\"><img loading=\"lazy\" decoding=\"async\" width=\"1024\" height=\"578\" src=\"https:\/\/www.reseau-entreprendre.org\/dakar\/wp-content\/uploads\/sites\/60\/2022\/11\/Partenaires-techniques-RED-1-1024x578.png\" alt=\"\" class=\"wp-image-968\" srcset=\"https:\/\/www.reseau-entreprendre.org\/dakar\/wp-content\/uploads\/sites\/60\/2022\/11\/Partenaires-techniques-RED-1-1024x578.png 1024w, https:\/\/www.reseau-entreprendre.org\/dakar\/wp-content\/uploads\/sites\/60\/2022\/11\/Partenaires-techniques-RED-1-300x169.png 300w, https:\/\/www.reseau-entreprendre.org\/dakar\/wp-content\/uploads\/sites\/60\/2022\/11\/Partenaires-techniques-RED-1-768x433.png 768w, https:\/\/www.reseau-entreprendre.org\/dakar\/wp-content\/uploads\/sites\/60\/2022\/11\/Partenaires-techniques-RED-1-210x118.png 210w, https:\/\/www.reseau-entreprendre.org\/dakar\/wp-content\/uploads\/sites\/60\/2022\/11\/Partenaires-techniques-RED-1.png 1278w\" sizes=\"auto, (max-width: 1024px) 100vw, 1024px\" \/><\/figure>\n<\/div><\/div>\n\n\n\n<div style=\"height:30px\" aria-hidden=\"true\" class=\"wp-block-spacer\"><\/div>\n\n\n\n<div class=\"wp-block-columns is-layout-flex wp-container-core-columns-is-layout-9d6595d7 wp-block-columns-is-layout-flex\">\n<div class=\"wp-block-column is-layout-flow wp-block-column-is-layout-flow\"><div data-block_bd56d1ec406f7184de3901631677fa68 class=\"re-partners alignauto\">\n  <\/div>\n<\/div>\n<\/div>\n","protected":false},"excerpt":{"rendered":"<p>RENCONTREZ DES CHEFS D&#8217;ENTREPRISE POUR BOOSTER VOTRE PROJET Devenir laur\u00e9at<\/p>\n","protected":false},"author":96,"featured_media":0,"parent":0,"menu_order":0,"comment_status":"closed","ping_status":"closed","template":"views\/page-widescreen.blade.php","meta":{"_acf_changed":false,"_monsterinsights_skip_tracking":false,"_monsterinsights_sitenote_active":false,"_monsterinsights_sitenote_note":"","_monsterinsights_sitenote_category":0,"footnotes":""},"class_list":["post-11","page","type-page","status-publish","hentry"],"acf":[],"yoast_head":"<!-- This site is optimized with the Yoast SEO plugin v27.4 - https:\/\/yoast.com\/product\/yoast-seo-wordpress\/ -->\n<title>Accueil | R\u00e9seau Entreprendre Dakar<\/title>\n<meta name=\"description\" content=\"R\u00e9seau Entreprendre Dakar est une association de chefs d&#039;entreprises exp\u00e9riment\u00e9s et b\u00e9n\u00e9voles au S\u00e9n\u00e9gal. La premi\u00e8re antenne de R\u00e9seau Entreprendre au S\u00e9n\u00e9gal est implant\u00e9e \u00e0 Dakar, capitale du pays. Elle couvre l&#039;ensemble du pays.\" \/>\n<meta name=\"robots\" content=\"index, follow, max-snippet:-1, max-image-preview:large, max-video-preview:-1\" \/>\n<link rel=\"canonical\" href=\"https:\/\/www.reseau-entreprendre.org\/dakar\/\" \/>\n<meta property=\"og:locale\" content=\"fr_FR\" \/>\n<meta property=\"og:type\" content=\"article\" \/>\n<meta property=\"og:title\" content=\"Accueil | R\u00e9seau Entreprendre Dakar\" \/>\n<meta property=\"og:description\" content=\"R\u00e9seau Entreprendre Dakar est une association de chefs d&#039;entreprises exp\u00e9riment\u00e9s et b\u00e9n\u00e9voles au S\u00e9n\u00e9gal. La premi\u00e8re antenne de R\u00e9seau Entreprendre au S\u00e9n\u00e9gal est implant\u00e9e \u00e0 Dakar, capitale du pays. Elle couvre l&#039;ensemble du pays.\" \/>\n<meta property=\"og:url\" content=\"https:\/\/www.reseau-entreprendre.org\/dakar\/\" \/>\n<meta property=\"og:site_name\" content=\"R\u00e9seau Entreprendre Dakar\" \/>\n<meta property=\"article:publisher\" content=\"https:\/\/www.facebook.com\/ReseauEntreprendreDakar\/\" \/>\n<meta property=\"article:modified_time\" content=\"2025-09-03T14:29:11+00:00\" \/>\n<meta property=\"og:image\" content=\"https:\/\/www.reseau-entreprendre.org\/dakar\/wp-content\/uploads\/sites\/60\/2023\/03\/WhatsApp-Image-2022-10-15-at-10.39.35.jpeg\" \/>\n\t<meta property=\"og:image:width\" content=\"1000\" \/>\n\t<meta property=\"og:image:height\" content=\"750\" \/>\n\t<meta property=\"og:image:type\" content=\"image\/jpeg\" \/>\n<meta name=\"twitter:card\" content=\"summary_large_image\" \/>\n<meta name=\"twitter:site\" content=\"@RE_Dakar\" \/>\n<meta name=\"twitter:label1\" content=\"Dur\u00e9e de lecture estim\u00e9e\" \/>\n\t<meta name=\"twitter:data1\" content=\"2 minutes\" \/>\n<script type=\"application\/ld+json\" class=\"yoast-schema-graph\">{\"@context\":\"https:\\\/\\\/schema.org\",\"@graph\":[{\"@type\":\"WebPage\",\"@id\":\"https:\\\/\\\/www.reseau-entreprendre.org\\\/dakar\\\/\",\"url\":\"https:\\\/\\\/www.reseau-entreprendre.org\\\/dakar\\\/\",\"name\":\"Accueil | R\u00e9seau Entreprendre Dakar\",\"isPartOf\":{\"@id\":\"https:\\\/\\\/www.reseau-entreprendre.org\\\/dakar\\\/#website\"},\"primaryImageOfPage\":{\"@id\":\"https:\\\/\\\/www.reseau-entreprendre.org\\\/dakar\\\/#primaryimage\"},\"image\":{\"@id\":\"https:\\\/\\\/www.reseau-entreprendre.org\\\/dakar\\\/#primaryimage\"},\"thumbnailUrl\":\"https:\\\/\\\/www.reseau-entreprendre.org\\\/dakar\\\/wp-content\\\/uploads\\\/sites\\\/60\\\/2023\\\/03\\\/WhatsApp-Image-2022-10-15-at-10.39.35.jpeg\",\"datePublished\":\"2017-04-28T10:33:20+00:00\",\"dateModified\":\"2025-09-03T14:29:11+00:00\",\"description\":\"R\u00e9seau Entreprendre Dakar est une association de chefs d'entreprises exp\u00e9riment\u00e9s et b\u00e9n\u00e9voles au S\u00e9n\u00e9gal. La premi\u00e8re antenne de R\u00e9seau Entreprendre au S\u00e9n\u00e9gal est implant\u00e9e \u00e0 Dakar, capitale du pays. Elle couvre l'ensemble du pays.\",\"breadcrumb\":{\"@id\":\"https:\\\/\\\/www.reseau-entreprendre.org\\\/dakar\\\/#breadcrumb\"},\"inLanguage\":\"fr-FR\",\"potentialAction\":[{\"@type\":\"ReadAction\",\"target\":[\"https:\\\/\\\/www.reseau-entreprendre.org\\\/dakar\\\/\"]}]},{\"@type\":\"ImageObject\",\"inLanguage\":\"fr-FR\",\"@id\":\"https:\\\/\\\/www.reseau-entreprendre.org\\\/dakar\\\/#primaryimage\",\"url\":\"https:\\\/\\\/www.reseau-entreprendre.org\\\/dakar\\\/wp-content\\\/uploads\\\/sites\\\/60\\\/2023\\\/03\\\/WhatsApp-Image-2022-10-15-at-10.39.35.jpeg\",\"contentUrl\":\"https:\\\/\\\/www.reseau-entreprendre.org\\\/dakar\\\/wp-content\\\/uploads\\\/sites\\\/60\\\/2023\\\/03\\\/WhatsApp-Image-2022-10-15-at-10.39.35.jpeg\",\"width\":1000,\"height\":750},{\"@type\":\"BreadcrumbList\",\"@id\":\"https:\\\/\\\/www.reseau-entreprendre.org\\\/dakar\\\/#breadcrumb\",\"itemListElement\":[{\"@type\":\"ListItem\",\"position\":1,\"name\":\"Accueil\",\"item\":\"https:\\\/\\\/www.reseau-entreprendre.org\\\/dakar\\\/\"},{\"@type\":\"ListItem\",\"position\":2,\"name\":\"Accueil\"}]},{\"@type\":\"WebSite\",\"@id\":\"https:\\\/\\\/www.reseau-entreprendre.org\\\/dakar\\\/#website\",\"url\":\"https:\\\/\\\/www.reseau-entreprendre.org\\\/dakar\\\/\",\"name\":\"R\u00e9seau Entreprendre Dakar\",\"description\":\"Pour cr\u00e9er des emplois, cr\u00e9ons des employeurs!\",\"publisher\":{\"@id\":\"https:\\\/\\\/www.reseau-entreprendre.org\\\/dakar\\\/#organization\"},\"potentialAction\":[{\"@type\":\"SearchAction\",\"target\":{\"@type\":\"EntryPoint\",\"urlTemplate\":\"https:\\\/\\\/www.reseau-entreprendre.org\\\/dakar\\\/?s={search_term_string}\"},\"query-input\":{\"@type\":\"PropertyValueSpecification\",\"valueRequired\":true,\"valueName\":\"search_term_string\"}}],\"inLanguage\":\"fr-FR\"},{\"@type\":\"Organization\",\"@id\":\"https:\\\/\\\/www.reseau-entreprendre.org\\\/dakar\\\/#organization\",\"name\":\"R\u00e9seau Entreprendre Dakar\",\"url\":\"https:\\\/\\\/www.reseau-entreprendre.org\\\/dakar\\\/\",\"logo\":{\"@type\":\"ImageObject\",\"inLanguage\":\"fr-FR\",\"@id\":\"https:\\\/\\\/www.reseau-entreprendre.org\\\/dakar\\\/#\\\/schema\\\/logo\\\/image\\\/\",\"url\":\"https:\\\/\\\/www.reseau-entreprendre.org\\\/dakar\\\/wp-content\\\/uploads\\\/sites\\\/60\\\/2021\\\/03\\\/Logo-RED.png\",\"contentUrl\":\"https:\\\/\\\/www.reseau-entreprendre.org\\\/dakar\\\/wp-content\\\/uploads\\\/sites\\\/60\\\/2021\\\/03\\\/Logo-RED.png\",\"width\":178,\"height\":178,\"caption\":\"R\u00e9seau Entreprendre Dakar\"},\"image\":{\"@id\":\"https:\\\/\\\/www.reseau-entreprendre.org\\\/dakar\\\/#\\\/schema\\\/logo\\\/image\\\/\"},\"sameAs\":[\"https:\\\/\\\/www.facebook.com\\\/ReseauEntreprendreDakar\\\/\",\"https:\\\/\\\/x.com\\\/RE_Dakar\",\"https:\\\/\\\/www.linkedin.com\\\/in\\\/reseau-entreprendre-dakar-305aa414b\"]}]}<\/script>\n<!-- \/ Yoast SEO plugin. -->","yoast_head_json":{"title":"Accueil | R\u00e9seau Entreprendre Dakar","description":"R\u00e9seau Entreprendre Dakar est une association de chefs d'entreprises exp\u00e9riment\u00e9s et b\u00e9n\u00e9voles au S\u00e9n\u00e9gal. La premi\u00e8re antenne de R\u00e9seau Entreprendre au S\u00e9n\u00e9gal est implant\u00e9e \u00e0 Dakar, capitale du pays. Elle couvre l'ensemble du pays.","robots":{"index":"index","follow":"follow","max-snippet":"max-snippet:-1","max-image-preview":"max-image-preview:large","max-video-preview":"max-video-preview:-1"},"canonical":"https:\/\/www.reseau-entreprendre.org\/dakar\/","og_locale":"fr_FR","og_type":"article","og_title":"Accueil | R\u00e9seau Entreprendre Dakar","og_description":"R\u00e9seau Entreprendre Dakar est une association de chefs d'entreprises exp\u00e9riment\u00e9s et b\u00e9n\u00e9voles au S\u00e9n\u00e9gal. La premi\u00e8re antenne de R\u00e9seau Entreprendre au S\u00e9n\u00e9gal est implant\u00e9e \u00e0 Dakar, capitale du pays. Elle couvre l'ensemble du pays.","og_url":"https:\/\/www.reseau-entreprendre.org\/dakar\/","og_site_name":"R\u00e9seau Entreprendre Dakar","article_publisher":"https:\/\/www.facebook.com\/ReseauEntreprendreDakar\/","article_modified_time":"2025-09-03T14:29:11+00:00","og_image":[{"width":1000,"height":750,"url":"https:\/\/www.reseau-entreprendre.org\/dakar\/wp-content\/uploads\/sites\/60\/2023\/03\/WhatsApp-Image-2022-10-15-at-10.39.35.jpeg","type":"image\/jpeg"}],"twitter_card":"summary_large_image","twitter_site":"@RE_Dakar","twitter_misc":{"Dur\u00e9e de lecture estim\u00e9e":"2 minutes"},"schema":{"@context":"https:\/\/schema.org","@graph":[{"@type":"WebPage","@id":"https:\/\/www.reseau-entreprendre.org\/dakar\/","url":"https:\/\/www.reseau-entreprendre.org\/dakar\/","name":"Accueil | R\u00e9seau Entreprendre Dakar","isPartOf":{"@id":"https:\/\/www.reseau-entreprendre.org\/dakar\/#website"},"primaryImageOfPage":{"@id":"https:\/\/www.reseau-entreprendre.org\/dakar\/#primaryimage"},"image":{"@id":"https:\/\/www.reseau-entreprendre.org\/dakar\/#primaryimage"},"thumbnailUrl":"https:\/\/www.reseau-entreprendre.org\/dakar\/wp-content\/uploads\/sites\/60\/2023\/03\/WhatsApp-Image-2022-10-15-at-10.39.35.jpeg","datePublished":"2017-04-28T10:33:20+00:00","dateModified":"2025-09-03T14:29:11+00:00","description":"R\u00e9seau Entreprendre Dakar est une association de chefs d'entreprises exp\u00e9riment\u00e9s et b\u00e9n\u00e9voles au S\u00e9n\u00e9gal. La premi\u00e8re antenne de R\u00e9seau Entreprendre au S\u00e9n\u00e9gal est implant\u00e9e \u00e0 Dakar, capitale du pays. Elle couvre l'ensemble du pays.","breadcrumb":{"@id":"https:\/\/www.reseau-entreprendre.org\/dakar\/#breadcrumb"},"inLanguage":"fr-FR","potentialAction":[{"@type":"ReadAction","target":["https:\/\/www.reseau-entreprendre.org\/dakar\/"]}]},{"@type":"ImageObject","inLanguage":"fr-FR","@id":"https:\/\/www.reseau-entreprendre.org\/dakar\/#primaryimage","url":"https:\/\/www.reseau-entreprendre.org\/dakar\/wp-content\/uploads\/sites\/60\/2023\/03\/WhatsApp-Image-2022-10-15-at-10.39.35.jpeg","contentUrl":"https:\/\/www.reseau-entreprendre.org\/dakar\/wp-content\/uploads\/sites\/60\/2023\/03\/WhatsApp-Image-2022-10-15-at-10.39.35.jpeg","width":1000,"height":750},{"@type":"BreadcrumbList","@id":"https:\/\/www.reseau-entreprendre.org\/dakar\/#breadcrumb","itemListElement":[{"@type":"ListItem","position":1,"name":"Accueil","item":"https:\/\/www.reseau-entreprendre.org\/dakar\/"},{"@type":"ListItem","position":2,"name":"Accueil"}]},{"@type":"WebSite","@id":"https:\/\/www.reseau-entreprendre.org\/dakar\/#website","url":"https:\/\/www.reseau-entreprendre.org\/dakar\/","name":"R\u00e9seau Entreprendre Dakar","description":"Pour cr\u00e9er des emplois, cr\u00e9ons des employeurs!","publisher":{"@id":"https:\/\/www.reseau-entreprendre.org\/dakar\/#organization"},"potentialAction":[{"@type":"SearchAction","target":{"@type":"EntryPoint","urlTemplate":"https:\/\/www.reseau-entreprendre.org\/dakar\/?s={search_term_string}"},"query-input":{"@type":"PropertyValueSpecification","valueRequired":true,"valueName":"search_term_string"}}],"inLanguage":"fr-FR"},{"@type":"Organization","@id":"https:\/\/www.reseau-entreprendre.org\/dakar\/#organization","name":"R\u00e9seau Entreprendre Dakar","url":"https:\/\/www.reseau-entreprendre.org\/dakar\/","logo":{"@type":"ImageObject","inLanguage":"fr-FR","@id":"https:\/\/www.reseau-entreprendre.org\/dakar\/#\/schema\/logo\/image\/","url":"https:\/\/www.reseau-entreprendre.org\/dakar\/wp-content\/uploads\/sites\/60\/2021\/03\/Logo-RED.png","contentUrl":"https:\/\/www.reseau-entreprendre.org\/dakar\/wp-content\/uploads\/sites\/60\/2021\/03\/Logo-RED.png","width":178,"height":178,"caption":"R\u00e9seau Entreprendre Dakar"},"image":{"@id":"https:\/\/www.reseau-entreprendre.org\/dakar\/#\/schema\/logo\/image\/"},"sameAs":["https:\/\/www.facebook.com\/ReseauEntreprendreDakar\/","https:\/\/x.com\/RE_Dakar","https:\/\/www.linkedin.com\/in\/reseau-entreprendre-dakar-305aa414b"]}]}},"_links":{"self":[{"href":"https:\/\/www.reseau-entreprendre.org\/dakar\/wp-json\/wp\/v2\/pages\/11","targetHints":{"allow":["GET"]}}],"collection":[{"href":"https:\/\/www.reseau-entreprendre.org\/dakar\/wp-json\/wp\/v2\/pages"}],"about":[{"href":"https:\/\/www.reseau-entreprendre.org\/dakar\/wp-json\/wp\/v2\/types\/page"}],"author":[{"embeddable":true,"href":"https:\/\/www.reseau-entreprendre.org\/dakar\/wp-json\/wp\/v2\/users\/96"}],"replies":[{"embeddable":true,"href":"https:\/\/www.reseau-entreprendre.org\/dakar\/wp-json\/wp\/v2\/comments?post=11"}],"version-history":[{"count":0,"href":"https:\/\/www.reseau-entreprendre.org\/dakar\/wp-json\/wp\/v2\/pages\/11\/revisions"}],"wp:attachment":[{"href":"https:\/\/www.reseau-entreprendre.org\/dakar\/wp-json\/wp\/v2\/media?parent=11"}],"curies":[{"name":"wp","href":"https:\/\/api.w.org\/{rel}","templated":true}]}}